{"id":21001,"date":"2026-05-13T10:43:55","date_gmt":"2026-05-13T10:43:55","guid":{"rendered":"https:\/\/myfitmenu.es\/?post_type=product&#038;p=21001"},"modified":"2026-05-13T10:45:58","modified_gmt":"2026-05-13T10:45:58","slug":"saw-palmetto-550mg-100-caps-haya-labs","status":"publish","type":"product","link":"https:\/\/myfitmenu.es\/en\/suplementacion-online\/saw-palmetto-550mg-100-caps-haya-labs\/","title":{"rendered":"Saw Palmetto 550mg 100 caps Haya Labs"},"content":{"rendered":"<p style=\"font-size: 15px\">Benefits:<\/p>\n<p style=\"font-size: 15px\">Ayuda a mantener la funci\u00f3n normal de la pr\u00f3stata.<\/p>\n<p style=\"font-size: 15px\">Facilita la micci\u00f3n<\/p>\n<p style=\"font-size: 15px\">Reduce el estr\u00e9s prost\u00e1tico.<\/p>\n<p style=\"font-size: 15px\">Ayuda a mantener el equilibrio hormonal en ambos sexos.<\/p>\n<p style=\"font-size: 15px\">Aumenta la libido<\/p>\n<p style=\"font-size: 15px\">Saw Palmetto se usa para tratar la hiperplasia prost\u00e1tica benigna, agrandamiento no canceroso de la gl\u00e1ndula prost\u00e1tica. El extracto de Saw Palmetto contiene sustancias qu\u00edmicas a base de plantas, que pueden afectar el nivel de testosterona en el cuerpo y tambi\u00e9n pueden reducir la cantidad de enzima que promueve el crecimiento de las c\u00e9lulas de la pr\u00f3stata.<\/p>\n<p style=\"font-size: 15px\">Saw Palmetto es una palmera peque\u00f1a, cuyos frutos fueron utilizados siglos atr\u00e1s por la poblaci\u00f3n local en Am\u00e9rica.<\/p>\n<p style=\"font-size: 15px\">A principios del siglo XX, los hombres usaban las bayas para tratar problemas urinarios, para aumentar la producci\u00f3n de esperma y tambi\u00e9n para aumentar su libido.<\/p>\n<p style=\"font-size: 15px\">El extracto de frutas de Saw Palmetto es eficaz para tratar los s\u00edntomas de una pr\u00f3stata agrandada, que incluye micci\u00f3n frecuente y problemas para orinar durante el d\u00eda y la noche. La uretra es el tubo que pasa la orina a trav\u00e9s del cuerpo y pasa a trav\u00e9s de la pr\u00f3stata en los hombres. Cuando la pr\u00f3stata se agranda, los hombres pueden tener problemas para orinar.<\/p>\n<p style=\"font-size: 15px\">One dose: 1 capsule<\/p>\n<p style=\"font-size: 15px\">Uso recomendado: 1 dosis, 2 veces al d\u00eda con comida<\/p>\n<p style=\"font-size: 15px\">Dosis por envase: 100 c\u00e1psulas<\/p>\n<p style=\"font-size: 15px\">Recommendation: Do not exceed the recommended daily dose.<\/p>","protected":false},"excerpt":{"rendered":"<p style=\"font-size: 15px\">El ingrediente activo de HAYA LABS Saw Palmetto incluye \u00e1cidos grasos, fitosteroles, flavonoides.<\/p>\n<p style=\"font-size: 15px\">Las frutas tambi\u00e9n contienen polisac\u00e1ridos de alto peso molecular, que pueden reducir las infecciones y proporcionar una mejor funci\u00f3n del sistema.<\/p>","protected":false},"featured_media":21002,"comment_status":"open","ping_status":"closed","template":"","meta":{"inline_featured_image":false},"product_brand":[],"product_cat":[206,98],"product_tag":[],"class_list":{"0":"post-21001","1":"product","2":"type-product","3":"status-publish","4":"has-post-thumbnail","6":"product_cat-salud-2","7":"product_cat-suplementacion-online","8":"pa_sa_color_unico-color-unico","9":"pa_sa_talla_unica-talla-unica","11":"first","12":"instock","13":"taxable","14":"shipping-taxable","15":"purchasable","16":"product-type-simple"},"acf":[],"yoast_head":"<!-- This site is optimized with the Yoast SEO plugin v27.1.1 - https:\/\/yoast.com\/product\/yoast-seo-wordpress\/ -->\n<title>Saw Palmetto 550mg 100 caps Haya Labs - My Fit Menu<\/title>\n<meta name=\"robots\" content=\"index, follow, max-snippet:-1, max-image-preview:large, max-video-preview:-1\" \/>\n<link rel=\"canonical\" href=\"https:\/\/myfitmenu.es\/en\/suplementacion-online\/saw-palmetto-550mg-100-caps-haya-labs\/\" \/>\n<meta property=\"og:locale\" content=\"en_GB\" \/>\n<meta property=\"og:type\" content=\"article\" \/>\n<meta property=\"og:title\" content=\"Saw Palmetto 550mg 100 caps Haya Labs - My Fit Menu\" \/>\n<meta property=\"og:description\" content=\"El ingrediente activo de HAYA LABS Saw Palmetto incluye \u00e1cidos grasos, fitosteroles, flavonoides.Las frutas tambi\u00e9n contienen polisac\u00e1ridos de alto peso molecular, que pueden reducir las infecciones y proporcionar una mejor funci\u00f3n del sistema.\" \/>\n<meta property=\"og:url\" content=\"https:\/\/myfitmenu.es\/en\/suplementacion-online\/saw-palmetto-550mg-100-caps-haya-labs\/\" \/>\n<meta property=\"og:site_name\" content=\"My Fit Menu\" \/>\n<meta property=\"article:modified_time\" content=\"2026-05-13T10:45:58+00:00\" \/>\n<meta property=\"og:image\" content=\"https:\/\/myfitmenu.es\/wp-content\/uploads\/2026\/05\/saw-palmetto-550-mg-100-caps.jpg\" \/>\n\t<meta property=\"og:image:width\" content=\"800\" \/>\n\t<meta property=\"og:image:height\" content=\"800\" \/>\n\t<meta property=\"og:image:type\" content=\"image\/jpeg\" \/>\n<meta name=\"twitter:card\" content=\"summary_large_image\" \/>\n<meta name=\"twitter:label1\" content=\"Estimated reading time\" \/>\n\t<meta name=\"twitter:data1\" content=\"1 minute\" \/>\n<script type=\"application\/ld+json\" class=\"yoast-schema-graph\">{\"@context\":\"https:\/\/schema.org\",\"@graph\":[{\"@type\":\"WebPage\",\"@id\":\"https:\/\/myfitmenu.es\/suplementacion-online\/saw-palmetto-550mg-100-caps-haya-labs\/\",\"url\":\"https:\/\/myfitmenu.es\/suplementacion-online\/saw-palmetto-550mg-100-caps-haya-labs\/\",\"name\":\"Saw Palmetto 550mg 100 caps Haya Labs - My Fit Menu\",\"isPartOf\":{\"@id\":\"https:\/\/myfitmenu.es\/#website\"},\"primaryImageOfPage\":{\"@id\":\"https:\/\/myfitmenu.es\/suplementacion-online\/saw-palmetto-550mg-100-caps-haya-labs\/#primaryimage\"},\"image\":{\"@id\":\"https:\/\/myfitmenu.es\/suplementacion-online\/saw-palmetto-550mg-100-caps-haya-labs\/#primaryimage\"},\"thumbnailUrl\":\"https:\/\/myfitmenu.es\/wp-content\/uploads\/2026\/05\/saw-palmetto-550-mg-100-caps.jpg\",\"datePublished\":\"2026-05-13T10:43:55+00:00\",\"dateModified\":\"2026-05-13T10:45:58+00:00\",\"breadcrumb\":{\"@id\":\"https:\/\/myfitmenu.es\/suplementacion-online\/saw-palmetto-550mg-100-caps-haya-labs\/#breadcrumb\"},\"inLanguage\":\"en-GB\",\"potentialAction\":[{\"@type\":\"ReadAction\",\"target\":[\"https:\/\/myfitmenu.es\/suplementacion-online\/saw-palmetto-550mg-100-caps-haya-labs\/\"]}]},{\"@type\":\"ImageObject\",\"inLanguage\":\"en-GB\",\"@id\":\"https:\/\/myfitmenu.es\/suplementacion-online\/saw-palmetto-550mg-100-caps-haya-labs\/#primaryimage\",\"url\":\"https:\/\/myfitmenu.es\/wp-content\/uploads\/2026\/05\/saw-palmetto-550-mg-100-caps.jpg\",\"contentUrl\":\"https:\/\/myfitmenu.es\/wp-content\/uploads\/2026\/05\/saw-palmetto-550-mg-100-caps.jpg\",\"width\":800,\"height\":800,\"caption\":\"saw-palmetto-550-mg-100-caps.jpg\"},{\"@type\":\"BreadcrumbList\",\"@id\":\"https:\/\/myfitmenu.es\/suplementacion-online\/saw-palmetto-550mg-100-caps-haya-labs\/#breadcrumb\",\"itemListElement\":[{\"@type\":\"ListItem\",\"position\":1,\"name\":\"Portada\",\"item\":\"https:\/\/myfitmenu.es\/\"},{\"@type\":\"ListItem\",\"position\":2,\"name\":\"Shop\",\"item\":\"http:\/\/myfitmenu.es\/en\/shop\/\"},{\"@type\":\"ListItem\",\"position\":3,\"name\":\"Saw Palmetto 550mg 100 caps Haya Labs\"}]},{\"@type\":\"WebSite\",\"@id\":\"https:\/\/myfitmenu.es\/#website\",\"url\":\"https:\/\/myfitmenu.es\/\",\"name\":\"My Fit Menu\",\"description\":\"\",\"potentialAction\":[{\"@type\":\"SearchAction\",\"target\":{\"@type\":\"EntryPoint\",\"urlTemplate\":\"https:\/\/myfitmenu.es\/?s={search_term_string}\"},\"query-input\":{\"@type\":\"PropertyValueSpecification\",\"valueRequired\":true,\"valueName\":\"search_term_string\"}}],\"inLanguage\":\"en-GB\"}]}<\/script>\n<!-- \/ Yoast SEO plugin. -->","yoast_head_json":{"title":"Saw Palmetto 550mg 100 caps Haya Labs - My Fit Menu","robots":{"index":"index","follow":"follow","max-snippet":"max-snippet:-1","max-image-preview":"max-image-preview:large","max-video-preview":"max-video-preview:-1"},"canonical":"https:\/\/myfitmenu.es\/en\/suplementacion-online\/saw-palmetto-550mg-100-caps-haya-labs\/","og_locale":"en_GB","og_type":"article","og_title":"Saw Palmetto 550mg 100 caps Haya Labs - My Fit Menu","og_description":"El ingrediente activo de HAYA LABS Saw Palmetto incluye \u00e1cidos grasos, fitosteroles, flavonoides.Las frutas tambi\u00e9n contienen polisac\u00e1ridos de alto peso molecular, que pueden reducir las infecciones y proporcionar una mejor funci\u00f3n del sistema.","og_url":"https:\/\/myfitmenu.es\/en\/suplementacion-online\/saw-palmetto-550mg-100-caps-haya-labs\/","og_site_name":"My Fit Menu","article_modified_time":"2026-05-13T10:45:58+00:00","og_image":[{"width":800,"height":800,"url":"https:\/\/myfitmenu.es\/wp-content\/uploads\/2026\/05\/saw-palmetto-550-mg-100-caps.jpg","type":"image\/jpeg"}],"twitter_card":"summary_large_image","twitter_misc":{"Estimated reading time":"1 minute"},"schema":{"@context":"https:\/\/schema.org","@graph":[{"@type":"WebPage","@id":"https:\/\/myfitmenu.es\/suplementacion-online\/saw-palmetto-550mg-100-caps-haya-labs\/","url":"https:\/\/myfitmenu.es\/suplementacion-online\/saw-palmetto-550mg-100-caps-haya-labs\/","name":"Saw Palmetto 550mg 100 caps Haya Labs - My Fit Menu","isPartOf":{"@id":"https:\/\/myfitmenu.es\/#website"},"primaryImageOfPage":{"@id":"https:\/\/myfitmenu.es\/suplementacion-online\/saw-palmetto-550mg-100-caps-haya-labs\/#primaryimage"},"image":{"@id":"https:\/\/myfitmenu.es\/suplementacion-online\/saw-palmetto-550mg-100-caps-haya-labs\/#primaryimage"},"thumbnailUrl":"https:\/\/myfitmenu.es\/wp-content\/uploads\/2026\/05\/saw-palmetto-550-mg-100-caps.jpg","datePublished":"2026-05-13T10:43:55+00:00","dateModified":"2026-05-13T10:45:58+00:00","breadcrumb":{"@id":"https:\/\/myfitmenu.es\/suplementacion-online\/saw-palmetto-550mg-100-caps-haya-labs\/#breadcrumb"},"inLanguage":"en-GB","potentialAction":[{"@type":"ReadAction","target":["https:\/\/myfitmenu.es\/suplementacion-online\/saw-palmetto-550mg-100-caps-haya-labs\/"]}]},{"@type":"ImageObject","inLanguage":"en-GB","@id":"https:\/\/myfitmenu.es\/suplementacion-online\/saw-palmetto-550mg-100-caps-haya-labs\/#primaryimage","url":"https:\/\/myfitmenu.es\/wp-content\/uploads\/2026\/05\/saw-palmetto-550-mg-100-caps.jpg","contentUrl":"https:\/\/myfitmenu.es\/wp-content\/uploads\/2026\/05\/saw-palmetto-550-mg-100-caps.jpg","width":800,"height":800,"caption":"saw-palmetto-550-mg-100-caps.jpg"},{"@type":"BreadcrumbList","@id":"https:\/\/myfitmenu.es\/suplementacion-online\/saw-palmetto-550mg-100-caps-haya-labs\/#breadcrumb","itemListElement":[{"@type":"ListItem","position":1,"name":"Portada","item":"https:\/\/myfitmenu.es\/"},{"@type":"ListItem","position":2,"name":"Shop","item":"http:\/\/myfitmenu.es\/en\/shop\/"},{"@type":"ListItem","position":3,"name":"Saw Palmetto 550mg 100 caps Haya Labs"}]},{"@type":"WebSite","@id":"https:\/\/myfitmenu.es\/#website","url":"https:\/\/myfitmenu.es\/","name":"My Fit Menu","description":"","potentialAction":[{"@type":"SearchAction","target":{"@type":"EntryPoint","urlTemplate":"https:\/\/myfitmenu.es\/?s={search_term_string}"},"query-input":{"@type":"PropertyValueSpecification","valueRequired":true,"valueName":"search_term_string"}}],"inLanguage":"en-GB"}]}},"_links":{"self":[{"href":"https:\/\/myfitmenu.es\/en\/wp-json\/wp\/v2\/product\/21001","targetHints":{"allow":["GET"]}}],"collection":[{"href":"https:\/\/myfitmenu.es\/en\/wp-json\/wp\/v2\/product"}],"about":[{"href":"https:\/\/myfitmenu.es\/en\/wp-json\/wp\/v2\/types\/product"}],"replies":[{"embeddable":true,"href":"https:\/\/myfitmenu.es\/en\/wp-json\/wp\/v2\/comments?post=21001"}],"version-history":[{"count":1,"href":"https:\/\/myfitmenu.es\/en\/wp-json\/wp\/v2\/product\/21001\/revisions"}],"predecessor-version":[{"id":21003,"href":"https:\/\/myfitmenu.es\/en\/wp-json\/wp\/v2\/product\/21001\/revisions\/21003"}],"wp:featuredmedia":[{"embeddable":true,"href":"https:\/\/myfitmenu.es\/en\/wp-json\/wp\/v2\/media\/21002"}],"wp:attachment":[{"href":"https:\/\/myfitmenu.es\/en\/wp-json\/wp\/v2\/media?parent=21001"}],"wp:term":[{"taxonomy":"product_brand","embeddable":true,"href":"https:\/\/myfitmenu.es\/en\/wp-json\/wp\/v2\/product_brand?post=21001"},{"taxonomy":"product_cat","embeddable":true,"href":"https:\/\/myfitmenu.es\/en\/wp-json\/wp\/v2\/product_cat?post=21001"},{"taxonomy":"product_tag","embeddable":true,"href":"https:\/\/myfitmenu.es\/en\/wp-json\/wp\/v2\/product_tag?post=21001"}],"curies":[{"name":"wp","href":"https:\/\/api.w.org\/{rel}","templated":true}]}}