{"id":20997,"date":"2026-05-13T09:39:07","date_gmt":"2026-05-13T09:39:07","guid":{"rendered":"https:\/\/myfitmenu.es\/sin categor\u00eda\/magnesio-glycinat-200mg-200-caps-haya-labs\/"},"modified":"2026-05-13T09:39:10","modified_gmt":"2026-05-13T09:39:10","slug":"magnesio-glycinat-200mg-200-caps-haya-labs","status":"publish","type":"product","link":"https:\/\/myfitmenu.es\/en\/suplementacion-online\/magnesio-glycinat-200mg-200-caps-haya-labs\/","title":{"rendered":"Magnesio Glycinat 200mg 200 caps Haya Labs"},"content":{"rendered":"<p>&#8211; Ayuda a reducir el cansancio y la fatiga<\/p>\n<p>&#8211; Favorece la funci\u00f3n psicol\u00f3gica normal<\/p>\n<p>&#8211; Ideal para quienes buscan un magnesio que no irrite el est\u00f3mago<\/p>\n<p>Ingredients:<\/p>\n<p>Bisglicinato de magnesio \u2192 forma quelatada de alta absorci\u00f3n y m\u00e1xima tolerancia digestiva<\/p>\n<p>Modo de uso recomendado:<\/p>\n<p>Tomar 2 tabletas al d\u00eda con agua, preferiblemente con comida. Cada envase = 100 d\u00edas de suministro.<\/p>\n<p>Diferenciador:<\/p>\n<p>&#8211; 200 mg de magnesio elemental por dosis (48 % VRN)<\/p>\n<p>&#8211; Forma bisglicinato: hasta 5 veces mejor absorbido que el \u00f3xido de magnesio com\u00fan<\/p>\n<p>&#8211; 200 tabletas = el envase m\u00e1s grande y rentable del mercado<\/p>\n<p>&#8211; 100 % vegano y sin efectos secundarios digestivos<\/p>\n<p>Warnings:<\/p>\n<p>&#8211; No superar la dosis diaria recomendada.<\/p>\n<p>&#8211; Los complementos alimenticios no deben utilizarse como sustituto de una dieta variada y equilibrada.<\/p>\n<p>&#8211; Mantener fuera del alcance de los ni\u00f1os.<\/p>\n<p>&#8211; Consulta a tu m\u00e9dico si est\u00e1s embarazada, en per\u00edodo de lactancia o tomas medicaci\u00f3n.<\/p>","protected":false},"excerpt":{"rendered":"<p>Haya Labs Magnesium Glycinate ofrece 200 mg de magnesio elemental por dosis en su forma m\u00e1s biodisponible y suave para el est\u00f3mago: el bisglicinato de magnesio. Perfecto para deportistas, personas activas y cualquiera que quiera mantener sus niveles \u00f3ptimos de este mineral esencial sin molestias digestivas.<\/p>","protected":false},"featured_media":20998,"comment_status":"open","ping_status":"closed","template":"","meta":{"inline_featured_image":false},"product_brand":[],"product_cat":[386,206,325,98],"product_tag":[],"class_list":{"0":"post-20997","1":"product","2":"type-product","3":"status-publish","4":"has-post-thumbnail","6":"product_cat-mejora-del-sueno-2","7":"product_cat-salud-2","8":"product_cat-vitaminas-y-minerales-2","9":"product_cat-suplementacion-online","10":"pa_sa_color_unico-color-unico","11":"pa_sa_talla_unica-talla-unica","13":"first","14":"instock","15":"taxable","16":"shipping-taxable","17":"purchasable","18":"product-type-simple"},"acf":[],"yoast_head":"<!-- This site is optimized with the Yoast SEO plugin v27.1.1 - https:\/\/yoast.com\/product\/yoast-seo-wordpress\/ -->\n<title>Magnesio Glycinat 200mg 200 caps Haya Labs - My Fit Menu<\/title>\n<meta name=\"robots\" content=\"index, follow, max-snippet:-1, max-image-preview:large, max-video-preview:-1\" \/>\n<link rel=\"canonical\" href=\"https:\/\/myfitmenu.es\/en\/sin%20categor\u00eda\/magnesio-glycinat-200mg-200-caps-haya-labs\/\" \/>\n<meta property=\"og:locale\" content=\"en_GB\" \/>\n<meta property=\"og:type\" content=\"article\" \/>\n<meta property=\"og:title\" content=\"Magnesio Glycinat 200mg 200 caps Haya Labs - My Fit Menu\" \/>\n<meta property=\"og:description\" content=\"Haya Labs Magnesium Glycinate ofrece 200 mg de magnesio elemental por dosis en su forma m\u00e1s biodisponible y suave para el est\u00f3mago: el bisglicinato de magnesio. Perfecto para deportistas, personas activas y cualquiera que quiera mantener sus niveles \u00f3ptimos de este mineral esencial sin molestias digestivas.\" \/>\n<meta property=\"og:url\" content=\"https:\/\/myfitmenu.es\/en\/sin categor\u00eda\/magnesio-glycinat-200mg-200-caps-haya-labs\/\" \/>\n<meta property=\"og:site_name\" content=\"My Fit Menu\" \/>\n<meta property=\"article:modified_time\" content=\"2026-05-13T09:39:10+00:00\" \/>\n<meta name=\"twitter:card\" content=\"summary_large_image\" \/>\n<meta name=\"twitter:label1\" content=\"Estimated reading time\" \/>\n\t<meta name=\"twitter:data1\" content=\"1 minute\" \/>\n<script type=\"application\/ld+json\" class=\"yoast-schema-graph\">{\"@context\":\"https:\/\/schema.org\",\"@graph\":[{\"@type\":\"WebPage\",\"@id\":\"https:\/\/myfitmenu.es\/sin categor\u00eda\/magnesio-glycinat-200mg-200-caps-haya-labs\/\",\"url\":\"https:\/\/myfitmenu.es\/sin categor\u00eda\/magnesio-glycinat-200mg-200-caps-haya-labs\/\",\"name\":\"Magnesio Glycinat 200mg 200 caps Haya Labs - My Fit Menu\",\"isPartOf\":{\"@id\":\"https:\/\/myfitmenu.es\/#website\"},\"primaryImageOfPage\":{\"@id\":\"https:\/\/myfitmenu.es\/sin categor\u00eda\/magnesio-glycinat-200mg-200-caps-haya-labs\/#primaryimage\"},\"image\":{\"@id\":\"https:\/\/myfitmenu.es\/sin categor\u00eda\/magnesio-glycinat-200mg-200-caps-haya-labs\/#primaryimage\"},\"thumbnailUrl\":\"https:\/\/myfitmenu.es\/wp-content\/uploads\/2026\/05\/magnesium-glycinate-200-mg-200-tabs.jpg\",\"datePublished\":\"2026-05-13T09:39:07+00:00\",\"dateModified\":\"2026-05-13T09:39:10+00:00\",\"breadcrumb\":{\"@id\":\"https:\/\/myfitmenu.es\/sin categor\u00eda\/magnesio-glycinat-200mg-200-caps-haya-labs\/#breadcrumb\"},\"inLanguage\":\"en-GB\",\"potentialAction\":[{\"@type\":\"ReadAction\",\"target\":[\"https:\/\/myfitmenu.es\/sin categor\u00eda\/magnesio-glycinat-200mg-200-caps-haya-labs\/\"]}]},{\"@type\":\"ImageObject\",\"inLanguage\":\"en-GB\",\"@id\":\"https:\/\/myfitmenu.es\/sin categor\u00eda\/magnesio-glycinat-200mg-200-caps-haya-labs\/#primaryimage\",\"url\":\"https:\/\/myfitmenu.es\/wp-content\/uploads\/2026\/05\/magnesium-glycinate-200-mg-200-tabs.jpg\",\"contentUrl\":\"https:\/\/myfitmenu.es\/wp-content\/uploads\/2026\/05\/magnesium-glycinate-200-mg-200-tabs.jpg\",\"width\":800,\"height\":800,\"caption\":\"magnesium-glycinate-200-mg-200-tabs.jpg\"},{\"@type\":\"BreadcrumbList\",\"@id\":\"https:\/\/myfitmenu.es\/sin categor\u00eda\/magnesio-glycinat-200mg-200-caps-haya-labs\/#breadcrumb\",\"itemListElement\":[{\"@type\":\"ListItem\",\"position\":1,\"name\":\"Portada\",\"item\":\"https:\/\/myfitmenu.es\/\"},{\"@type\":\"ListItem\",\"position\":2,\"name\":\"Shop\",\"item\":\"http:\/\/myfitmenu.es\/en\/shop\/\"},{\"@type\":\"ListItem\",\"position\":3,\"name\":\"Magnesio Glycinat 200mg 200 caps Haya Labs\"}]},{\"@type\":\"WebSite\",\"@id\":\"https:\/\/myfitmenu.es\/#website\",\"url\":\"https:\/\/myfitmenu.es\/\",\"name\":\"My Fit Menu\",\"description\":\"\",\"potentialAction\":[{\"@type\":\"SearchAction\",\"target\":{\"@type\":\"EntryPoint\",\"urlTemplate\":\"https:\/\/myfitmenu.es\/?s={search_term_string}\"},\"query-input\":{\"@type\":\"PropertyValueSpecification\",\"valueRequired\":true,\"valueName\":\"search_term_string\"}}],\"inLanguage\":\"en-GB\"}]}<\/script>\n<!-- \/ Yoast SEO plugin. -->","yoast_head_json":{"title":"Magnesio Glycinat 200mg 200 caps Haya Labs - My Fit Menu","robots":{"index":"index","follow":"follow","max-snippet":"max-snippet:-1","max-image-preview":"max-image-preview:large","max-video-preview":"max-video-preview:-1"},"canonical":"https:\/\/myfitmenu.es\/en\/sin categor\u00eda\/magnesio-glycinat-200mg-200-caps-haya-labs\/","og_locale":"en_GB","og_type":"article","og_title":"Magnesio Glycinat 200mg 200 caps Haya Labs - My Fit Menu","og_description":"Haya Labs Magnesium Glycinate ofrece 200 mg de magnesio elemental por dosis en su forma m\u00e1s biodisponible y suave para el est\u00f3mago: el bisglicinato de magnesio. Perfecto para deportistas, personas activas y cualquiera que quiera mantener sus niveles \u00f3ptimos de este mineral esencial sin molestias digestivas.","og_url":"https:\/\/myfitmenu.es\/en\/sin categor\u00eda\/magnesio-glycinat-200mg-200-caps-haya-labs\/","og_site_name":"My Fit Menu","article_modified_time":"2026-05-13T09:39:10+00:00","twitter_card":"summary_large_image","twitter_misc":{"Estimated reading time":"1 minute"},"schema":{"@context":"https:\/\/schema.org","@graph":[{"@type":"WebPage","@id":"https:\/\/myfitmenu.es\/sin categor\u00eda\/magnesio-glycinat-200mg-200-caps-haya-labs\/","url":"https:\/\/myfitmenu.es\/sin categor\u00eda\/magnesio-glycinat-200mg-200-caps-haya-labs\/","name":"Magnesio Glycinat 200mg 200 caps Haya Labs - My Fit Menu","isPartOf":{"@id":"https:\/\/myfitmenu.es\/#website"},"primaryImageOfPage":{"@id":"https:\/\/myfitmenu.es\/sin categor\u00eda\/magnesio-glycinat-200mg-200-caps-haya-labs\/#primaryimage"},"image":{"@id":"https:\/\/myfitmenu.es\/sin categor\u00eda\/magnesio-glycinat-200mg-200-caps-haya-labs\/#primaryimage"},"thumbnailUrl":"https:\/\/myfitmenu.es\/wp-content\/uploads\/2026\/05\/magnesium-glycinate-200-mg-200-tabs.jpg","datePublished":"2026-05-13T09:39:07+00:00","dateModified":"2026-05-13T09:39:10+00:00","breadcrumb":{"@id":"https:\/\/myfitmenu.es\/sin categor\u00eda\/magnesio-glycinat-200mg-200-caps-haya-labs\/#breadcrumb"},"inLanguage":"en-GB","potentialAction":[{"@type":"ReadAction","target":["https:\/\/myfitmenu.es\/sin categor\u00eda\/magnesio-glycinat-200mg-200-caps-haya-labs\/"]}]},{"@type":"ImageObject","inLanguage":"en-GB","@id":"https:\/\/myfitmenu.es\/sin categor\u00eda\/magnesio-glycinat-200mg-200-caps-haya-labs\/#primaryimage","url":"https:\/\/myfitmenu.es\/wp-content\/uploads\/2026\/05\/magnesium-glycinate-200-mg-200-tabs.jpg","contentUrl":"https:\/\/myfitmenu.es\/wp-content\/uploads\/2026\/05\/magnesium-glycinate-200-mg-200-tabs.jpg","width":800,"height":800,"caption":"magnesium-glycinate-200-mg-200-tabs.jpg"},{"@type":"BreadcrumbList","@id":"https:\/\/myfitmenu.es\/sin categor\u00eda\/magnesio-glycinat-200mg-200-caps-haya-labs\/#breadcrumb","itemListElement":[{"@type":"ListItem","position":1,"name":"Portada","item":"https:\/\/myfitmenu.es\/"},{"@type":"ListItem","position":2,"name":"Shop","item":"http:\/\/myfitmenu.es\/en\/shop\/"},{"@type":"ListItem","position":3,"name":"Magnesio Glycinat 200mg 200 caps Haya Labs"}]},{"@type":"WebSite","@id":"https:\/\/myfitmenu.es\/#website","url":"https:\/\/myfitmenu.es\/","name":"My Fit Menu","description":"","potentialAction":[{"@type":"SearchAction","target":{"@type":"EntryPoint","urlTemplate":"https:\/\/myfitmenu.es\/?s={search_term_string}"},"query-input":{"@type":"PropertyValueSpecification","valueRequired":true,"valueName":"search_term_string"}}],"inLanguage":"en-GB"}]}},"_links":{"self":[{"href":"https:\/\/myfitmenu.es\/en\/wp-json\/wp\/v2\/product\/20997","targetHints":{"allow":["GET"]}}],"collection":[{"href":"https:\/\/myfitmenu.es\/en\/wp-json\/wp\/v2\/product"}],"about":[{"href":"https:\/\/myfitmenu.es\/en\/wp-json\/wp\/v2\/types\/product"}],"replies":[{"embeddable":true,"href":"https:\/\/myfitmenu.es\/en\/wp-json\/wp\/v2\/comments?post=20997"}],"version-history":[{"count":0,"href":"https:\/\/myfitmenu.es\/en\/wp-json\/wp\/v2\/product\/20997\/revisions"}],"wp:featuredmedia":[{"embeddable":true,"href":"https:\/\/myfitmenu.es\/en\/wp-json\/wp\/v2\/media\/20998"}],"wp:attachment":[{"href":"https:\/\/myfitmenu.es\/en\/wp-json\/wp\/v2\/media?parent=20997"}],"wp:term":[{"taxonomy":"product_brand","embeddable":true,"href":"https:\/\/myfitmenu.es\/en\/wp-json\/wp\/v2\/product_brand?post=20997"},{"taxonomy":"product_cat","embeddable":true,"href":"https:\/\/myfitmenu.es\/en\/wp-json\/wp\/v2\/product_cat?post=20997"},{"taxonomy":"product_tag","embeddable":true,"href":"https:\/\/myfitmenu.es\/en\/wp-json\/wp\/v2\/product_tag?post=20997"}],"curies":[{"name":"wp","href":"https:\/\/api.w.org\/{rel}","templated":true}]}}