{"id":20950,"date":"2026-04-16T16:37:42","date_gmt":"2026-04-16T16:37:42","guid":{"rendered":"https:\/\/myfitmenu.es\/sin categor\u00eda\/blackmax-totalchoc-12x100gr-big-supps\/"},"modified":"2026-04-16T16:37:51","modified_gmt":"2026-04-16T16:37:51","slug":"blackmax-totalchoc-12x100gr-big-supps","status":"publish","type":"product","link":"https:\/\/myfitmenu.es\/en\/suplementacion-online\/blackmax-totalchoc-12x100gr-big-supps\/","title":{"rendered":"BlackMax TotalChoc 12x100gr Big Supps"},"content":{"rendered":"<table class=\"table has-text-white\" style=\"font-size: 16px;vertical-align: baseline\">\n<thead style=\"vertical-align: baseline;background-color: transparent\">\n<tr style=\"vertical-align: baseline\">\n<th colspan=\"3\" class=\"has-text-white has-text-centered\" style=\"font-size: inherit;vertical-align: top;text-align: left\">INFORMACI\u00d3N NUTRICIONAL &#8211; BLACK CHOC<\/th>\n<\/tr>\n<\/thead>\n<tbody style=\"vertical-align: baseline;background-color: transparent\">\n<tr style=\"vertical-align: baseline\">\n<td class=\"has-text-white\" style=\"vertical-align: top;text-align: left\"><\/td>\n<td class=\"has-text-white has-text-right\" style=\"vertical-align: top;text-align: left\">100g<\/td>\n<td class=\"has-text-white has-text-right\" style=\"vertical-align: top;text-align: left\">25g<\/td>\n<\/tr>\n<tr style=\"vertical-align: baseline\">\n<td class=\"has-text-white\" style=\"vertical-align: top;text-align: left\">Energy value<\/td>\n<td class=\"has-text-white has-text-right\" style=\"vertical-align: top;text-align: left\">2038.8kJ \/ 487.9kcal<\/td>\n<td class=\"has-text-white has-text-right\" style=\"vertical-align: top;text-align: left\">509.7kJ \/ 121.9kcal<\/td>\n<\/tr>\n<tr style=\"vertical-align: baseline\">\n<td class=\"has-text-white\" style=\"vertical-align: top;text-align: left\">Fats<\/td>\n<td class=\"has-text-white has-text-right\" style=\"vertical-align: top;text-align: left\">26.3g<\/td>\n<td class=\"has-text-white has-text-right\" style=\"vertical-align: top;text-align: left\">6.5g<\/td>\n<\/tr>\n<tr style=\"vertical-align: baseline\">\n<td class=\"has-text-white\" style=\"vertical-align: top;text-align: left\">of which saturated<\/td>\n<td class=\"has-text-white has-text-right\" style=\"vertical-align: top;text-align: left\">14.2g<\/td>\n<td class=\"has-text-white has-text-right\" style=\"vertical-align: top;text-align: left\">3.4g<\/td>\n<\/tr>\n<tr style=\"vertical-align: baseline\">\n<td class=\"has-text-white\" style=\"vertical-align: top;text-align: left\">Carbohydrates<\/td>\n<td class=\"has-text-white has-text-right\" style=\"vertical-align: top;text-align: left\">37.1g<\/td>\n<td class=\"has-text-white has-text-right\" style=\"vertical-align: top;text-align: left\">9.5g<\/td>\n<\/tr>\n<tr style=\"vertical-align: baseline\">\n<td class=\"has-text-white\" style=\"vertical-align: top;text-align: left\">of which sugars<\/td>\n<td class=\"has-text-white has-text-right\" style=\"vertical-align: top;text-align: left\">1.5g<\/td>\n<td class=\"has-text-white has-text-right\" style=\"vertical-align: top;text-align: left\">0.3g<\/td>\n<\/tr>\n<tr style=\"vertical-align: baseline\">\n<td class=\"has-text-white\" style=\"vertical-align: top;text-align: left\">de los cuales polialcoholes<\/td>\n<td class=\"has-text-white has-text-right\" style=\"vertical-align: top;text-align: left\">4.1g<\/td>\n<td class=\"has-text-white has-text-right\" style=\"vertical-align: top;text-align: left\">1.0g<\/td>\n<\/tr>\n<tr style=\"vertical-align: baseline\">\n<td class=\"has-text-white\" style=\"vertical-align: top;text-align: left\">Dietary fibre<\/td>\n<td class=\"has-text-white has-text-right\" style=\"vertical-align: top;text-align: left\">3.8g<\/td>\n<td class=\"has-text-white has-text-right\" style=\"vertical-align: top;text-align: left\">0.9g<\/td>\n<\/tr>\n<tr style=\"vertical-align: baseline\">\n<td class=\"has-text-white\" style=\"vertical-align: top;text-align: left\">Proteins<\/td>\n<td class=\"has-text-white has-text-right\" style=\"vertical-align: top;text-align: left\">23.6g<\/td>\n<td class=\"has-text-white has-text-right\" style=\"vertical-align: top;text-align: left\">5.9g<\/td>\n<\/tr>\n<tr style=\"vertical-align: baseline\">\n<td class=\"has-text-white\" style=\"vertical-align: top;text-align: left\">Salt<\/td>\n<td class=\"has-text-white has-text-right\" style=\"vertical-align: top;text-align: left\">0.01g<\/td>\n<td class=\"has-text-white has-text-right\" style=\"vertical-align: top;text-align: left\">0g<\/td>\n<\/tr>\n<\/tbody>\n<\/table>\n<h4 class=\"has-text-white super max-title\" style=\"font-size: 1.5em;vertical-align: baseline\">Presentation<\/h4>\n<p class=\"is-size-6 has-text-white has-text-justified\" style=\"font-size: 16px;vertical-align: baseline\">Galletas de cacao con relleno de crema blanca y cobertura de chocolate negro con edulcorante [100g].<\/p>\n<h4 class=\"has-text-white super max-title\" style=\"font-size: 1.5em;vertical-align: baseline\">Ingredients<\/h4>\n<p class=\"is-size-6 has-text-white has-text-justified\" style=\"font-size: 16px;vertical-align: baseline\">Harina de\u00a0<strong class=\"has-text-white\" style=\"font-size: inherit;vertical-align: baseline\">TRIGO (GLUTEN)<\/strong>, Aceites y grasas vegetales no hidrogenadas (cacao, girasol), Cobertura de chocolate (15%) [Edulcorante (maltitol),\u00a0<strong class=\"has-text-white\" style=\"font-size: inherit;vertical-align: baseline\">SOYBEAN<\/strong>\u00a0(11%), Cacao desgrasado en polvo (9%), Relleno de crema blanca (9%) [Edulcorante (lactitol), Agente de carga (polidextrosa), Aceite de girasol,\u00a0<strong class=\"has-text-white\" style=\"font-size: inherit;vertical-align: baseline\">CASEINATO C\u00c1LCICO<\/strong>\u00a0(derivado de la\u00a0<strong class=\"has-text-white\" style=\"font-size: inherit;vertical-align: baseline\">MILK<\/strong>), Pasta de\u00a0<strong class=\"has-text-white\" style=\"font-size: inherit;vertical-align: baseline\">ALMENDRA<\/strong>, Emulgente (lecitina de\u00a0<strong class=\"has-text-white\" style=\"font-size: inherit;vertical-align: baseline\">SOYBEAN<\/strong>), Aromas, Vainillina], Salvado de\u00a0<strong class=\"has-text-white\" style=\"font-size: inherit;vertical-align: baseline\">OATS (GLUTEN)<\/strong>, Aroma natural de vainilla, Gasicante (bicarbonato am\u00f3nico).<\/p>\n<h4 class=\"has-text-white super max-title\" style=\"font-size: 1.5em;vertical-align: baseline\">Indications<\/h4>\n<p class=\"is-size-6 has-text-white has-text-justified\" style=\"font-size: 16px;vertical-align: baseline\">Una dieta variada y equilibrada y un estilo de vida saludable son importantes. Un consumo excesivo puede producir efectos laxantes. Puede contener trazas de huevo, otros frutos de c\u00e1scara y s\u00e9samo. Alto contenido en prote\u00ednas. Fuente de fibra. Sin az\u00facares a\u00f1adidos, contiene az\u00facares naturalmente presentes.<\/p>","protected":false},"excerpt":{"rendered":"<p>Las aut\u00e9nticas galletas proteicas de Max Protein\u00ae \u00a1ahora recubiertas de un delicioso chocolate Belga!, sin grasas hidrogenadas, sin aceite de palma y sin az\u00facares a\u00f1adidos, y con un alto contenido en prote\u00ednas.<\/p>","protected":false},"featured_media":20951,"comment_status":"open","ping_status":"closed","template":"","meta":{"inline_featured_image":false},"product_brand":[],"product_cat":[371,98],"product_tag":[],"class_list":{"0":"post-20950","1":"product","2":"type-product","3":"status-publish","4":"has-post-thumbnail","6":"product_cat-barritas-de-proteinas","7":"product_cat-suplementacion-online","8":"pa_sa_color_unico-chocolate","9":"pa_sa_color_unico-doble-chocolate-blanco","10":"pa_sa_talla_unica-talla-unica","12":"first","13":"instock","14":"taxable","15":"shipping-taxable","16":"purchasable","17":"product-type-variable"},"acf":[],"yoast_head":"<!-- This site is optimized with the Yoast SEO plugin v27.1.1 - https:\/\/yoast.com\/product\/yoast-seo-wordpress\/ -->\n<title>BlackMax TotalChoc 12x100gr Big Supps - My Fit Menu<\/title>\n<meta name=\"robots\" content=\"index, follow, max-snippet:-1, max-image-preview:large, max-video-preview:-1\" \/>\n<link rel=\"canonical\" href=\"https:\/\/myfitmenu.es\/en\/sin%20categor\u00eda\/blackmax-totalchoc-12x100gr-big-supps\/\" \/>\n<meta property=\"og:locale\" content=\"en_GB\" \/>\n<meta property=\"og:type\" content=\"article\" \/>\n<meta property=\"og:title\" content=\"BlackMax TotalChoc 12x100gr Big Supps - My Fit Menu\" \/>\n<meta property=\"og:description\" content=\"Las aut\u00e9nticas galletas proteicas de Max Protein\u00ae \u00a1ahora recubiertas de un delicioso chocolate Belga!, sin grasas hidrogenadas, sin aceite de palma y sin az\u00facares a\u00f1adidos, y con un alto contenido en prote\u00ednas.\" \/>\n<meta property=\"og:url\" content=\"https:\/\/myfitmenu.es\/en\/sin categor\u00eda\/blackmax-totalchoc-12x100gr-big-supps\/\" \/>\n<meta property=\"og:site_name\" content=\"My Fit Menu\" \/>\n<meta property=\"article:modified_time\" content=\"2026-04-16T16:37:51+00:00\" \/>\n<meta name=\"twitter:card\" content=\"summary_large_image\" \/>\n<meta name=\"twitter:label1\" content=\"Estimated reading time\" \/>\n\t<meta name=\"twitter:data1\" content=\"1 minute\" \/>\n<script type=\"application\/ld+json\" class=\"yoast-schema-graph\">{\"@context\":\"https:\/\/schema.org\",\"@graph\":[{\"@type\":\"WebPage\",\"@id\":\"https:\/\/myfitmenu.es\/sin categor\u00eda\/blackmax-totalchoc-12x100gr-big-supps\/\",\"url\":\"https:\/\/myfitmenu.es\/sin categor\u00eda\/blackmax-totalchoc-12x100gr-big-supps\/\",\"name\":\"BlackMax TotalChoc 12x100gr Big Supps - My Fit Menu\",\"isPartOf\":{\"@id\":\"https:\/\/myfitmenu.es\/#website\"},\"primaryImageOfPage\":{\"@id\":\"https:\/\/myfitmenu.es\/sin categor\u00eda\/blackmax-totalchoc-12x100gr-big-supps\/#primaryimage\"},\"image\":{\"@id\":\"https:\/\/myfitmenu.es\/sin categor\u00eda\/blackmax-totalchoc-12x100gr-big-supps\/#primaryimage\"},\"thumbnailUrl\":\"https:\/\/myfitmenu.es\/wp-content\/uploads\/2026\/04\/producto_BIG_blackmaxtotalchoc_restyling2023_blackchoc_500x600_577a9152-bc71-4b50-9ebc-83988bedae2c-thumbnail-2000x2000-1.webp\",\"datePublished\":\"2026-04-16T16:37:42+00:00\",\"dateModified\":\"2026-04-16T16:37:51+00:00\",\"breadcrumb\":{\"@id\":\"https:\/\/myfitmenu.es\/sin categor\u00eda\/blackmax-totalchoc-12x100gr-big-supps\/#breadcrumb\"},\"inLanguage\":\"en-GB\",\"potentialAction\":[{\"@type\":\"ReadAction\",\"target\":[\"https:\/\/myfitmenu.es\/sin categor\u00eda\/blackmax-totalchoc-12x100gr-big-supps\/\"]}]},{\"@type\":\"ImageObject\",\"inLanguage\":\"en-GB\",\"@id\":\"https:\/\/myfitmenu.es\/sin categor\u00eda\/blackmax-totalchoc-12x100gr-big-supps\/#primaryimage\",\"url\":\"https:\/\/myfitmenu.es\/wp-content\/uploads\/2026\/04\/producto_BIG_blackmaxtotalchoc_restyling2023_blackchoc_500x600_577a9152-bc71-4b50-9ebc-83988bedae2c-thumbnail-2000x2000-1.webp\",\"contentUrl\":\"https:\/\/myfitmenu.es\/wp-content\/uploads\/2026\/04\/producto_BIG_blackmaxtotalchoc_restyling2023_blackchoc_500x600_577a9152-bc71-4b50-9ebc-83988bedae2c-thumbnail-2000x2000-1.webp\",\"width\":500,\"height\":600},{\"@type\":\"BreadcrumbList\",\"@id\":\"https:\/\/myfitmenu.es\/sin categor\u00eda\/blackmax-totalchoc-12x100gr-big-supps\/#breadcrumb\",\"itemListElement\":[{\"@type\":\"ListItem\",\"position\":1,\"name\":\"Portada\",\"item\":\"https:\/\/myfitmenu.es\/\"},{\"@type\":\"ListItem\",\"position\":2,\"name\":\"Shop\",\"item\":\"http:\/\/myfitmenu.es\/en\/shop\/\"},{\"@type\":\"ListItem\",\"position\":3,\"name\":\"BlackMax TotalChoc 12x100gr Big Supps\"}]},{\"@type\":\"WebSite\",\"@id\":\"https:\/\/myfitmenu.es\/#website\",\"url\":\"https:\/\/myfitmenu.es\/\",\"name\":\"My Fit Menu\",\"description\":\"\",\"potentialAction\":[{\"@type\":\"SearchAction\",\"target\":{\"@type\":\"EntryPoint\",\"urlTemplate\":\"https:\/\/myfitmenu.es\/?s={search_term_string}\"},\"query-input\":{\"@type\":\"PropertyValueSpecification\",\"valueRequired\":true,\"valueName\":\"search_term_string\"}}],\"inLanguage\":\"en-GB\"}]}<\/script>\n<!-- \/ Yoast SEO plugin. -->","yoast_head_json":{"title":"BlackMax TotalChoc 12x100gr Big Supps - My Fit Menu","robots":{"index":"index","follow":"follow","max-snippet":"max-snippet:-1","max-image-preview":"max-image-preview:large","max-video-preview":"max-video-preview:-1"},"canonical":"https:\/\/myfitmenu.es\/en\/sin categor\u00eda\/blackmax-totalchoc-12x100gr-big-supps\/","og_locale":"en_GB","og_type":"article","og_title":"BlackMax TotalChoc 12x100gr Big Supps - My Fit Menu","og_description":"Las aut\u00e9nticas galletas proteicas de Max Protein\u00ae \u00a1ahora recubiertas de un delicioso chocolate Belga!, sin grasas hidrogenadas, sin aceite de palma y sin az\u00facares a\u00f1adidos, y con un alto contenido en prote\u00ednas.","og_url":"https:\/\/myfitmenu.es\/en\/sin categor\u00eda\/blackmax-totalchoc-12x100gr-big-supps\/","og_site_name":"My Fit Menu","article_modified_time":"2026-04-16T16:37:51+00:00","twitter_card":"summary_large_image","twitter_misc":{"Estimated reading time":"1 minute"},"schema":{"@context":"https:\/\/schema.org","@graph":[{"@type":"WebPage","@id":"https:\/\/myfitmenu.es\/sin categor\u00eda\/blackmax-totalchoc-12x100gr-big-supps\/","url":"https:\/\/myfitmenu.es\/sin categor\u00eda\/blackmax-totalchoc-12x100gr-big-supps\/","name":"BlackMax TotalChoc 12x100gr Big Supps - My Fit Menu","isPartOf":{"@id":"https:\/\/myfitmenu.es\/#website"},"primaryImageOfPage":{"@id":"https:\/\/myfitmenu.es\/sin categor\u00eda\/blackmax-totalchoc-12x100gr-big-supps\/#primaryimage"},"image":{"@id":"https:\/\/myfitmenu.es\/sin categor\u00eda\/blackmax-totalchoc-12x100gr-big-supps\/#primaryimage"},"thumbnailUrl":"https:\/\/myfitmenu.es\/wp-content\/uploads\/2026\/04\/producto_BIG_blackmaxtotalchoc_restyling2023_blackchoc_500x600_577a9152-bc71-4b50-9ebc-83988bedae2c-thumbnail-2000x2000-1.webp","datePublished":"2026-04-16T16:37:42+00:00","dateModified":"2026-04-16T16:37:51+00:00","breadcrumb":{"@id":"https:\/\/myfitmenu.es\/sin categor\u00eda\/blackmax-totalchoc-12x100gr-big-supps\/#breadcrumb"},"inLanguage":"en-GB","potentialAction":[{"@type":"ReadAction","target":["https:\/\/myfitmenu.es\/sin categor\u00eda\/blackmax-totalchoc-12x100gr-big-supps\/"]}]},{"@type":"ImageObject","inLanguage":"en-GB","@id":"https:\/\/myfitmenu.es\/sin categor\u00eda\/blackmax-totalchoc-12x100gr-big-supps\/#primaryimage","url":"https:\/\/myfitmenu.es\/wp-content\/uploads\/2026\/04\/producto_BIG_blackmaxtotalchoc_restyling2023_blackchoc_500x600_577a9152-bc71-4b50-9ebc-83988bedae2c-thumbnail-2000x2000-1.webp","contentUrl":"https:\/\/myfitmenu.es\/wp-content\/uploads\/2026\/04\/producto_BIG_blackmaxtotalchoc_restyling2023_blackchoc_500x600_577a9152-bc71-4b50-9ebc-83988bedae2c-thumbnail-2000x2000-1.webp","width":500,"height":600},{"@type":"BreadcrumbList","@id":"https:\/\/myfitmenu.es\/sin categor\u00eda\/blackmax-totalchoc-12x100gr-big-supps\/#breadcrumb","itemListElement":[{"@type":"ListItem","position":1,"name":"Portada","item":"https:\/\/myfitmenu.es\/"},{"@type":"ListItem","position":2,"name":"Shop","item":"http:\/\/myfitmenu.es\/en\/shop\/"},{"@type":"ListItem","position":3,"name":"BlackMax TotalChoc 12x100gr Big Supps"}]},{"@type":"WebSite","@id":"https:\/\/myfitmenu.es\/#website","url":"https:\/\/myfitmenu.es\/","name":"My Fit Menu","description":"","potentialAction":[{"@type":"SearchAction","target":{"@type":"EntryPoint","urlTemplate":"https:\/\/myfitmenu.es\/?s={search_term_string}"},"query-input":{"@type":"PropertyValueSpecification","valueRequired":true,"valueName":"search_term_string"}}],"inLanguage":"en-GB"}]}},"_links":{"self":[{"href":"https:\/\/myfitmenu.es\/en\/wp-json\/wp\/v2\/product\/20950","targetHints":{"allow":["GET"]}}],"collection":[{"href":"https:\/\/myfitmenu.es\/en\/wp-json\/wp\/v2\/product"}],"about":[{"href":"https:\/\/myfitmenu.es\/en\/wp-json\/wp\/v2\/types\/product"}],"replies":[{"embeddable":true,"href":"https:\/\/myfitmenu.es\/en\/wp-json\/wp\/v2\/comments?post=20950"}],"version-history":[{"count":0,"href":"https:\/\/myfitmenu.es\/en\/wp-json\/wp\/v2\/product\/20950\/revisions"}],"wp:featuredmedia":[{"embeddable":true,"href":"https:\/\/myfitmenu.es\/en\/wp-json\/wp\/v2\/media\/20951"}],"wp:attachment":[{"href":"https:\/\/myfitmenu.es\/en\/wp-json\/wp\/v2\/media?parent=20950"}],"wp:term":[{"taxonomy":"product_brand","embeddable":true,"href":"https:\/\/myfitmenu.es\/en\/wp-json\/wp\/v2\/product_brand?post=20950"},{"taxonomy":"product_cat","embeddable":true,"href":"https:\/\/myfitmenu.es\/en\/wp-json\/wp\/v2\/product_cat?post=20950"},{"taxonomy":"product_tag","embeddable":true,"href":"https:\/\/myfitmenu.es\/en\/wp-json\/wp\/v2\/product_tag?post=20950"}],"curies":[{"name":"wp","href":"https:\/\/api.w.org\/{rel}","templated":true}]}}