{"id":20934,"date":"2026-04-13T13:59:04","date_gmt":"2026-04-13T13:59:04","guid":{"rendered":"https:\/\/myfitmenu.es\/sin categor\u00eda\/wispy-protein-bar-55gr\/"},"modified":"2026-04-13T13:59:10","modified_gmt":"2026-04-13T13:59:10","slug":"wispy-protein-bar-55gr","status":"publish","type":"product","link":"https:\/\/myfitmenu.es\/en\/suplementacion-online\/wispy-protein-bar-55gr\/","title":{"rendered":"Wispy Protein Bar 55gr"},"content":{"rendered":"<p><strong>Warnings<\/strong><\/p>\n<p>El uso excesivo puede tener un efecto laxante.<\/p>\n<p>\u00a0<strong>Storage tips<\/strong><\/p>\n<p>Conservar en un lugar seco a temperatura ambiente.<\/p>\n<p>\u00a0<strong>Net content<\/strong><\/p>\n<p>10 x 55 gramos.<\/p>\n<h3>Ingredients<\/h3>\n<p><strong>Banana split<\/strong><\/p>\n<p><strong>Chocolate con leche<\/strong>\u00a0con edulcorante (19%) (maltitol, manteca de cacao,\u00a0<strong>milk<\/strong>\u00a0entera en polvo, pasta de cacao, emulgente \u2013 lecitinas (\u00a0<strong>soya<\/strong>\u00a0), extracto de vainilla), maltitol, prote\u00edna\u00a0<strong>of milk<\/strong>\u00a0, hidrolizado de col\u00e1geno (carne de res), humectante (glicerol),\u00a0<strong>milk<\/strong>\u00a0desnatada en polvo,\u00a0crujientes\u00a0<strong>de soja (prote\u00edna\u00a0<\/strong><strong>de soja<\/strong>\u00a0, cacao, almid\u00f3n de tapioca), manteca de cacao, aislado de prote\u00edna de guisante, almid\u00f3n de patata, cacao en polvo,\u00a0<strong>milk<\/strong>\u00a0entera en polvo, caseinato de sodio, prote\u00edna de arroz, aceite de girasol, emulgente (lecitinas de colza), aroma, colorante (carotenos, c\u00e1rtamo), edulcorantes (sucralosa, acesulfamo-K).<\/p>\n<p><\/p>\n<p><strong>Sue\u00f1o de coco<\/strong><\/p>\n<p><strong>Chocolate con leche<\/strong>\u00a0con edulcorante (20%) (maltitol, manteca de cacao,\u00a0<strong>milk<\/strong>\u00a0entera en polvo, pasta de cacao, emulgente \u2013 lecitinas (\u00a0<strong>soya<\/strong>\u00a0), extracto de vainilla), maltitol, prote\u00edna\u00a0<strong>of milk<\/strong>\u00a0, hidrolizado de col\u00e1geno, humectante (glicerol), manteca de cacao,\u00a0<strong>milk<\/strong>\u00a0desnatada en polvo , aislado de prote\u00edna de guisante, virutas de coco (1,2%), almid\u00f3n de patata,\u00a0<strong>milk<\/strong>\u00a0entera en polvo, almid\u00f3n de ma\u00edz, aceite de girasol, emulgente (lecitinas de colza), aroma, edulcorantes (sucralosa, acesulfamo-K).<\/p>\n<p><\/p>\n<p><strong>Remolino de galletas<\/strong><\/p>\n<p>Chocolate blanco con\u00a0<strong>milk<\/strong>\u00a0con edulcorante (23%) (maltitol, manteca de cacao,\u00a0<strong>milk<\/strong>\u00a0entera en polvo, emulgente \u2013 lecitinas, aroma), prote\u00edna\u00a0<strong>of milk<\/strong>\u00a0, maltitol, humectante (glicerol), hidrolizado de col\u00e1geno, crujientes\u00a0<strong>de soja<\/strong>\u00a0( prote\u00edna\u00a0<strong>de soja<\/strong>\u00a0, cacao, almid\u00f3n de tapioca), aceite de coco, grasas vegetales (aceite de girasol), cacao en polvo, manteca de cacao,\u00a0<strong>milk<\/strong>\u00a0en polvo, aislado de prote\u00edna de guisante, almid\u00f3n (patata, ma\u00edz), aroma, emulgente (lecitinas), extracto de vainilla, edulcorantes (sucralosa).<\/p>\n<p><\/p>\n<p><strong>Caramelo cremoso<\/strong><\/p>\n<p><strong>Chocolate con leche<\/strong>\u00a0con edulcorante (20%) (maltitol, manteca de cacao, prote\u00edna\u00a0<strong>of milk<\/strong>\u00a0, hidrolizado de col\u00e1geno, humectante (glicerol), aislado de prote\u00edna de guisante, manteca de cacao,\u00a0<strong>milk<\/strong>\u00a0desnatada en polvo , almid\u00f3n de patata, cacao en polvo,\u00a0<strong>milk<\/strong>\u00a0entera en polvo, almid\u00f3n de ma\u00edz, aceite de girasol, emulgente (lecitinas de colza y\u00a0<strong>soya<\/strong>\u00a0), aroma, colorante (caramelo de sulfito am\u00f3nico), edulcorantes (sucralosa, acesulfamo-K).<\/p>\n<p><\/p>\n<p><strong>Crujiente de avellana<\/strong><\/p>\n<p><strong>Chocolate con leche<\/strong>\u00a0con edulcorante (20%) (edulcorante: maltitol, manteca de cacao,\u00a0<strong>milk<\/strong>\u00a0entera en polvo, pasta de cacao, emulgente:\u00a0lecitina\u00a0<strong>de soja , extracto de vainilla, aroma), prote\u00edna\u00a0<\/strong><strong>of milk<\/strong>\u00a0, maltitol, humectante (glicerol), hidrolizado de col\u00e1geno,\u00a0trozos\u00a0<strong>de avellana , crujientes\u00a0<\/strong><strong>de soja<\/strong>\u00a0( prote\u00edna\u00a0<strong>de soja<\/strong>\u00a0, cacao, almid\u00f3n de tapioca), aceite de coco, grasas vegetales (aceite de girasol), cacao en polvo, manteca de cacao,\u00a0<strong>milk<\/strong>\u00a0en polvo, aislado de prote\u00edna de guisante, almid\u00f3n (patata, ma\u00edz), harina de trigo, aroma, emulgente (lecitinas), edulcorantes (sucralosa).<\/p>\n<p><\/p>\n<p><strong>Sue\u00f1o lechoso<\/strong><\/p>\n<p><strong>Chocolate con leche<\/strong>\u00a0con edulcorante (19%) (maltitol, manteca de cacao,\u00a0<strong>milk<\/strong>\u00a0entera en polvo, pasta de cacao, emulgente \u2013 lecitinas (\u00a0<strong>soya<\/strong>\u00a0), extracto de vainilla), maltitol, prote\u00edna\u00a0<strong>de la leche<\/strong>\u00a0, hidrolizado de col\u00e1geno, humectante (glicerol),\u00a0<strong>milk<\/strong>\u00a0desnatada en polvo,\u00a0crujientes\u00a0<strong>de soja (prote\u00edna\u00a0<\/strong><strong>de soja<\/strong>\u00a0, cacao, almid\u00f3n de tapioca), manteca de cacao, aislado de prote\u00edna de guisante, almid\u00f3n de patata, cacao en polvo,\u00a0<strong>milk<\/strong>\u00a0entera en polvo, almid\u00f3n de ma\u00edz, aceite de girasol, extracto natural de vainilla, emulgente (lecitina de colza), aroma, colorante (caramelo de sulfito am\u00f3nico), edulcorantes (sucralosa, acesulfamo-K).<\/p>\n<p><\/p>\n<p><strong>Caramelo de nueces<\/strong><\/p>\n<p><strong>Chocolate con leche<\/strong>\u00a0con edulcorante (20%) (maltitol, manteca de cacao,\u00a0<strong>milk<\/strong>\u00a0entera en polvo, pasta de cacao, emulgente \u2013 lecitinas (\u00a0<strong>soya<\/strong>\u00a0), extracto de vainilla), prote\u00edna\u00a0<strong>of milk<\/strong>\u00a0, maltitol, hidrolizado de col\u00e1geno,\u00a0<strong>peanuts<\/strong>\u00a0(10%), humectante (glicerol),\u00a0<strong>milk<\/strong>\u00a0desnatada en polvo , aislado de prote\u00edna de guisante, manteca de cacao, almid\u00f3n de patata, cacao en polvo,\u00a0<strong>milk<\/strong>\u00a0entera en polvo, almid\u00f3n de ma\u00edz, aceite de girasol, emulgente (lecitinas de colza), sal, aroma, colorante (caramelo de sulfito am\u00f3nico), edulcorantes (sucralosa, acesulfamo-K).<\/p>\n<p><\/p>\n<p><strong>Caramelo de toffee<\/strong><\/p>\n<p><strong>Chocolate con leche<\/strong>\u00a0con edulcorante (19%) (maltitol, manteca de cacao,\u00a0<strong>milk<\/strong>\u00a0entera en polvo, pasta de cacao, emulgente \u2013 lecitinas (\u00a0<strong>soya<\/strong>\u00a0), extracto de vainilla), maltitol, prote\u00edna\u00a0<strong>de la leche<\/strong>\u00a0, hidrolizado de col\u00e1geno, humectante (glicerol),\u00a0<strong>milk<\/strong>\u00a0desnatada en polvo,\u00a0crujientes\u00a0<strong>de soja (prote\u00edna\u00a0<\/strong><strong>de soja<\/strong>\u00a0, cacao, almid\u00f3n de tapioca), manteca de cacao, aislado de prote\u00edna de guisante, almid\u00f3n de patata, cacao en polvo,\u00a0<strong>milk<\/strong>\u00a0entera en polvo, almid\u00f3n de ma\u00edz, aceite de girasol, extracto natural de vainilla, emulgente (lecitina de colza), aroma, colorante (caramelo de sulfito am\u00f3nico), edulcorantes (sucralosa, acesulfamo-K).<\/p>\n<p><\/p>\n<p><strong>Informaci\u00f3n sobre al\u00e9rgenos<\/strong>\u00a0: ver ingredientes en negrita.<\/p>","protected":false},"excerpt":{"rendered":"<p><strong>Barra de prote\u00edna<\/strong><\/p>\n<p>\u00a1Adi\u00f3s a los snacks comunes, la Barrita de Prote\u00edna Wispy ya est\u00e1 aqu\u00ed! Repletas de prote\u00edna y sabor, cada bocado de estas sedosas y cremosas barritas es una peque\u00f1a aventura, \u00a1incluso con un impresionante 29 % de prote\u00edna por barrita! Y por si fuera poco, ninguna de las barritas Wispy contiene m\u00e1s de 230 calor\u00edas.<\/p>","protected":false},"featured_media":20935,"comment_status":"open","ping_status":"closed","template":"","meta":{"inline_featured_image":false},"product_brand":[],"product_cat":[371,160,98],"product_tag":[],"class_list":{"0":"post-20934","1":"product","2":"type-product","3":"status-publish","4":"has-post-thumbnail","6":"product_cat-barritas-de-proteinas","7":"product_cat-proteinas-2","8":"product_cat-suplementacion-online","9":"pa_sa_color_unico_pri-coconut-dream","10":"pa_sa_color_unico_pri-cookie-swirl","11":"pa_sa_color_unico_pri-creamy-caramel","12":"pa_sa_color_unico_pri-dark-choco-pistachio","13":"pa_sa_color_unico_pri-hazelnut-chrunch","14":"pa_sa_color_unico_pri-milky-dream","15":"pa_sa_color_unico_pri-nutty-caramel","16":"pa_sa_color_unico_pri-toffee-caramel","17":"pa_sa_talla_unica-talla-unica","19":"first","20":"instock","21":"taxable","22":"shipping-taxable","23":"purchasable","24":"product-type-variable"},"acf":[],"yoast_head":"<!-- This site is optimized with the Yoast SEO plugin v27.1.1 - https:\/\/yoast.com\/product\/yoast-seo-wordpress\/ -->\n<title>Wispy Protein Bar 55gr - My Fit Menu<\/title>\n<meta name=\"robots\" content=\"index, follow, max-snippet:-1, max-image-preview:large, max-video-preview:-1\" \/>\n<link rel=\"canonical\" href=\"https:\/\/myfitmenu.es\/en\/sin%20categor\u00eda\/wispy-protein-bar-55gr\/\" \/>\n<meta property=\"og:locale\" content=\"en_GB\" \/>\n<meta property=\"og:type\" content=\"article\" \/>\n<meta property=\"og:title\" content=\"Wispy Protein Bar 55gr - My Fit Menu\" \/>\n<meta property=\"og:description\" content=\"Barra de prote\u00edna\u00a1Adi\u00f3s a los snacks comunes, la Barrita de Prote\u00edna Wispy ya est\u00e1 aqu\u00ed! Repletas de prote\u00edna y sabor, cada bocado de estas sedosas y cremosas barritas es una peque\u00f1a aventura, \u00a1incluso con un impresionante 29 % de prote\u00edna por barrita! Y por si fuera poco, ninguna de las barritas Wispy contiene m\u00e1s de 230 calor\u00edas.\" \/>\n<meta property=\"og:url\" content=\"https:\/\/myfitmenu.es\/en\/sin categor\u00eda\/wispy-protein-bar-55gr\/\" \/>\n<meta property=\"og:site_name\" content=\"My Fit Menu\" \/>\n<meta property=\"article:modified_time\" content=\"2026-04-13T13:59:10+00:00\" \/>\n<meta name=\"twitter:card\" content=\"summary_large_image\" \/>\n<meta name=\"twitter:label1\" content=\"Estimated reading time\" \/>\n\t<meta name=\"twitter:data1\" content=\"4 minutes\" \/>\n<script type=\"application\/ld+json\" class=\"yoast-schema-graph\">{\"@context\":\"https:\/\/schema.org\",\"@graph\":[{\"@type\":\"WebPage\",\"@id\":\"https:\/\/myfitmenu.es\/sin categor\u00eda\/wispy-protein-bar-55gr\/\",\"url\":\"https:\/\/myfitmenu.es\/sin categor\u00eda\/wispy-protein-bar-55gr\/\",\"name\":\"Wispy Protein Bar 55gr - My Fit Menu\",\"isPartOf\":{\"@id\":\"https:\/\/myfitmenu.es\/#website\"},\"primaryImageOfPage\":{\"@id\":\"https:\/\/myfitmenu.es\/sin categor\u00eda\/wispy-protein-bar-55gr\/#primaryimage\"},\"image\":{\"@id\":\"https:\/\/myfitmenu.es\/sin categor\u00eda\/wispy-protein-bar-55gr\/#primaryimage\"},\"thumbnailUrl\":\"https:\/\/myfitmenu.es\/wp-content\/uploads\/2026\/04\/5066_0-thumbnail-2000x2000-80.jpg\",\"datePublished\":\"2026-04-13T13:59:04+00:00\",\"dateModified\":\"2026-04-13T13:59:10+00:00\",\"breadcrumb\":{\"@id\":\"https:\/\/myfitmenu.es\/sin categor\u00eda\/wispy-protein-bar-55gr\/#breadcrumb\"},\"inLanguage\":\"en-GB\",\"potentialAction\":[{\"@type\":\"ReadAction\",\"target\":[\"https:\/\/myfitmenu.es\/sin categor\u00eda\/wispy-protein-bar-55gr\/\"]}]},{\"@type\":\"ImageObject\",\"inLanguage\":\"en-GB\",\"@id\":\"https:\/\/myfitmenu.es\/sin categor\u00eda\/wispy-protein-bar-55gr\/#primaryimage\",\"url\":\"https:\/\/myfitmenu.es\/wp-content\/uploads\/2026\/04\/5066_0-thumbnail-2000x2000-80.jpg\",\"contentUrl\":\"https:\/\/myfitmenu.es\/wp-content\/uploads\/2026\/04\/5066_0-thumbnail-2000x2000-80.jpg\",\"width\":1200,\"height\":1088},{\"@type\":\"BreadcrumbList\",\"@id\":\"https:\/\/myfitmenu.es\/sin categor\u00eda\/wispy-protein-bar-55gr\/#breadcrumb\",\"itemListElement\":[{\"@type\":\"ListItem\",\"position\":1,\"name\":\"Portada\",\"item\":\"https:\/\/myfitmenu.es\/\"},{\"@type\":\"ListItem\",\"position\":2,\"name\":\"Shop\",\"item\":\"http:\/\/myfitmenu.es\/en\/shop\/\"},{\"@type\":\"ListItem\",\"position\":3,\"name\":\"Wispy Protein Bar 55gr\"}]},{\"@type\":\"WebSite\",\"@id\":\"https:\/\/myfitmenu.es\/#website\",\"url\":\"https:\/\/myfitmenu.es\/\",\"name\":\"My Fit Menu\",\"description\":\"\",\"potentialAction\":[{\"@type\":\"SearchAction\",\"target\":{\"@type\":\"EntryPoint\",\"urlTemplate\":\"https:\/\/myfitmenu.es\/?s={search_term_string}\"},\"query-input\":{\"@type\":\"PropertyValueSpecification\",\"valueRequired\":true,\"valueName\":\"search_term_string\"}}],\"inLanguage\":\"en-GB\"}]}<\/script>\n<!-- \/ Yoast SEO plugin. -->","yoast_head_json":{"title":"Wispy Protein Bar 55gr - My Fit Menu","robots":{"index":"index","follow":"follow","max-snippet":"max-snippet:-1","max-image-preview":"max-image-preview:large","max-video-preview":"max-video-preview:-1"},"canonical":"https:\/\/myfitmenu.es\/en\/sin categor\u00eda\/wispy-protein-bar-55gr\/","og_locale":"en_GB","og_type":"article","og_title":"Wispy Protein Bar 55gr - My Fit Menu","og_description":"Barra de prote\u00edna\u00a1Adi\u00f3s a los snacks comunes, la Barrita de Prote\u00edna Wispy ya est\u00e1 aqu\u00ed! Repletas de prote\u00edna y sabor, cada bocado de estas sedosas y cremosas barritas es una peque\u00f1a aventura, \u00a1incluso con un impresionante 29 % de prote\u00edna por barrita! Y por si fuera poco, ninguna de las barritas Wispy contiene m\u00e1s de 230 calor\u00edas.","og_url":"https:\/\/myfitmenu.es\/en\/sin categor\u00eda\/wispy-protein-bar-55gr\/","og_site_name":"My Fit Menu","article_modified_time":"2026-04-13T13:59:10+00:00","twitter_card":"summary_large_image","twitter_misc":{"Estimated reading time":"4 minutes"},"schema":{"@context":"https:\/\/schema.org","@graph":[{"@type":"WebPage","@id":"https:\/\/myfitmenu.es\/sin categor\u00eda\/wispy-protein-bar-55gr\/","url":"https:\/\/myfitmenu.es\/sin categor\u00eda\/wispy-protein-bar-55gr\/","name":"Wispy Protein Bar 55gr - My Fit Menu","isPartOf":{"@id":"https:\/\/myfitmenu.es\/#website"},"primaryImageOfPage":{"@id":"https:\/\/myfitmenu.es\/sin categor\u00eda\/wispy-protein-bar-55gr\/#primaryimage"},"image":{"@id":"https:\/\/myfitmenu.es\/sin categor\u00eda\/wispy-protein-bar-55gr\/#primaryimage"},"thumbnailUrl":"https:\/\/myfitmenu.es\/wp-content\/uploads\/2026\/04\/5066_0-thumbnail-2000x2000-80.jpg","datePublished":"2026-04-13T13:59:04+00:00","dateModified":"2026-04-13T13:59:10+00:00","breadcrumb":{"@id":"https:\/\/myfitmenu.es\/sin categor\u00eda\/wispy-protein-bar-55gr\/#breadcrumb"},"inLanguage":"en-GB","potentialAction":[{"@type":"ReadAction","target":["https:\/\/myfitmenu.es\/sin categor\u00eda\/wispy-protein-bar-55gr\/"]}]},{"@type":"ImageObject","inLanguage":"en-GB","@id":"https:\/\/myfitmenu.es\/sin categor\u00eda\/wispy-protein-bar-55gr\/#primaryimage","url":"https:\/\/myfitmenu.es\/wp-content\/uploads\/2026\/04\/5066_0-thumbnail-2000x2000-80.jpg","contentUrl":"https:\/\/myfitmenu.es\/wp-content\/uploads\/2026\/04\/5066_0-thumbnail-2000x2000-80.jpg","width":1200,"height":1088},{"@type":"BreadcrumbList","@id":"https:\/\/myfitmenu.es\/sin categor\u00eda\/wispy-protein-bar-55gr\/#breadcrumb","itemListElement":[{"@type":"ListItem","position":1,"name":"Portada","item":"https:\/\/myfitmenu.es\/"},{"@type":"ListItem","position":2,"name":"Shop","item":"http:\/\/myfitmenu.es\/en\/shop\/"},{"@type":"ListItem","position":3,"name":"Wispy Protein Bar 55gr"}]},{"@type":"WebSite","@id":"https:\/\/myfitmenu.es\/#website","url":"https:\/\/myfitmenu.es\/","name":"My Fit Menu","description":"","potentialAction":[{"@type":"SearchAction","target":{"@type":"EntryPoint","urlTemplate":"https:\/\/myfitmenu.es\/?s={search_term_string}"},"query-input":{"@type":"PropertyValueSpecification","valueRequired":true,"valueName":"search_term_string"}}],"inLanguage":"en-GB"}]}},"_links":{"self":[{"href":"https:\/\/myfitmenu.es\/en\/wp-json\/wp\/v2\/product\/20934","targetHints":{"allow":["GET"]}}],"collection":[{"href":"https:\/\/myfitmenu.es\/en\/wp-json\/wp\/v2\/product"}],"about":[{"href":"https:\/\/myfitmenu.es\/en\/wp-json\/wp\/v2\/types\/product"}],"replies":[{"embeddable":true,"href":"https:\/\/myfitmenu.es\/en\/wp-json\/wp\/v2\/comments?post=20934"}],"version-history":[{"count":0,"href":"https:\/\/myfitmenu.es\/en\/wp-json\/wp\/v2\/product\/20934\/revisions"}],"wp:featuredmedia":[{"embeddable":true,"href":"https:\/\/myfitmenu.es\/en\/wp-json\/wp\/v2\/media\/20935"}],"wp:attachment":[{"href":"https:\/\/myfitmenu.es\/en\/wp-json\/wp\/v2\/media?parent=20934"}],"wp:term":[{"taxonomy":"product_brand","embeddable":true,"href":"https:\/\/myfitmenu.es\/en\/wp-json\/wp\/v2\/product_brand?post=20934"},{"taxonomy":"product_cat","embeddable":true,"href":"https:\/\/myfitmenu.es\/en\/wp-json\/wp\/v2\/product_cat?post=20934"},{"taxonomy":"product_tag","embeddable":true,"href":"https:\/\/myfitmenu.es\/en\/wp-json\/wp\/v2\/product_tag?post=20934"}],"curies":[{"name":"wp","href":"https:\/\/api.w.org\/{rel}","templated":true}]}}