{"id":20806,"date":"2026-01-27T12:36:26","date_gmt":"2026-01-27T12:36:26","guid":{"rendered":"https:\/\/myfitmenu.es\/sin categor\u00eda\/aakg-250gr-7nutrition\/"},"modified":"2026-02-11T16:40:59","modified_gmt":"2026-02-11T16:40:59","slug":"aakg-250gr-7nutrition","status":"publish","type":"product","link":"https:\/\/myfitmenu.es\/en\/suplementacion-online\/aakg-250gr-7nutrition\/","title":{"rendered":"AAKG 250g 7nutrition"},"content":{"rendered":"<p><b><span>7Nutrition AAKG 250g<\/span><\/b><span>\u00a0combines\u00a0<b>arginine alpha-ketoglutarate (AAKG)<\/b>\u00a0with\u00a0<b>vitamin B6<\/b>a complex designed to increase nitric oxide (NO) production, improving vasodilation, muscle oxygenation and the transport of essential nutrients.<\/span><\/p>\n<p><span>Pre-workout intake helps to boost muscle engorgement and endurance, while post-workout intake promotes regeneration. Vitamin B6 contributes to normal energy metabolism and the proper functioning of the immune system.<\/span><\/p>\n<p><b><span>\u00a0Main benefits:<\/span><\/b><\/p>\n<ul>\n<li>Stimulates the production of\u00a0<strong>nitric oxide (Nitric Oxide)<\/strong>.<\/li>\n<li><span>Improves the\u00a0<b>oxygenation and muscle performance<\/b>.<\/span>\n<\/p>\n<\/li>\n<li><span>Favours the\u00a0<b>creatine, amino acid and glucose transport<\/b>.<\/span>\n<\/p>\n<\/li>\n<li><span>Contributes to a\u00a0<b>faster recovery<\/b>\u00a0after training.<\/span>\n<\/p>\n<\/li>\n<li><span>Increases the\u00a0<b>insulin sensitivity<\/b>by promoting muscle anabolism.<\/span>\n<\/p>\n<\/li>\n<li><span>It has properties\u00a0<b>antioxidants<\/b>\u00a0and improves the\u00a0<b>general resistance<\/b>\u00a0of the organism.<\/span>\n<\/p>\n<\/li>\n<\/ul>\n<p><b><span>\u00a0Instructions for use<\/span><\/b><\/p>\n<p><span>Mix\u00a0<b>1 portion (5 g)<\/b>\u00a0with\u00a0<b>150 ml water<\/b>.<\/span><\/p>\n<ul>\n<li><b><span>Training days:<\/span><\/b><span>\u00a01 scoop (5 g) pre-workout and \u00bd scoop (2.5 g) post-workout.<\/span>\n<\/p>\n<\/li>\n<li><b><span>Rest days:<\/span><\/b><span>\u00a0\u00bd tablespoon (2.5 g) before bedtime.<\/span>\n<\/p>\n<\/li>\n<\/ul>\n<p><b><span>\u00a0Ingredients<\/span><\/b><\/p>\n<p><span>Arginine alpha-ketoglutarate, pyridoxine hydrochloride (vitamin B6).<\/span><\/p>\n<p><b><span>\u00a0Allergens<\/span><\/b><\/p>\n<p><span>Contains no reportable allergens. May contain traces of gluten, soya, milk, egg and nuts due to cross-contamination.<\/span><\/p>\n<p><b><span>\u00a0Nutritional information<\/span><\/b><\/p>\n<p><b><span>Net quantity:<\/span><\/b><span>\u00a0250 g<br \/><b>Recommended daily dose:<\/b>\u00a02,5 g to 7,5 g<\/span><\/p>","protected":false},"excerpt":{"rendered":"<p>AAKG 250g from 7Nutrition is a powdered food supplement based on arginine alpha-ketoglutarate and vitamin B6. It promotes nitric oxide production, improves muscle oxygenation and enhances recovery and physical performance.<\/p>","protected":false},"featured_media":20807,"comment_status":"open","ping_status":"closed","template":"","meta":{"inline_featured_image":false},"product_brand":[],"product_cat":[175,363,98],"product_tag":[],"class_list":{"0":"post-20806","1":"product","2":"type-product","3":"status-publish","4":"has-post-thumbnail","6":"product_cat-aminoacidos-2","7":"product_cat-arginina","8":"product_cat-suplementacion-online","9":"pa_sa_color_unico-color-unico","10":"pa_sa_talla_unica-talla-unica","12":"first","13":"outofstock","14":"taxable","15":"shipping-taxable","16":"purchasable","17":"product-type-simple"},"acf":[],"yoast_head":"<!-- This site is optimized with the Yoast SEO plugin v27.1.1 - https:\/\/yoast.com\/product\/yoast-seo-wordpress\/ -->\n<title>AAKG 250gr 7nutrition - My Fit Menu<\/title>\n<meta name=\"robots\" content=\"index, follow, max-snippet:-1, max-image-preview:large, max-video-preview:-1\" \/>\n<link rel=\"canonical\" href=\"https:\/\/myfitmenu.es\/en\/sin%20categor\u00eda\/aakg-250gr-7nutrition\/\" \/>\n<meta property=\"og:locale\" content=\"en_GB\" \/>\n<meta property=\"og:type\" content=\"article\" \/>\n<meta property=\"og:title\" content=\"AAKG 250gr 7nutrition - My Fit Menu\" \/>\n<meta property=\"og:description\" content=\"AAKG 250g de 7Nutrition es un complemento alimenticio en polvo a base de arginina alfa-cetoglutarato y vitamina B6. Favorece la producci\u00f3n de \u00f3xido n\u00edtrico, mejora la oxigenaci\u00f3n muscular y potencia la recuperaci\u00f3n y el rendimiento f\u00edsico.\" \/>\n<meta property=\"og:url\" content=\"https:\/\/myfitmenu.es\/en\/sin categor\u00eda\/aakg-250gr-7nutrition\/\" \/>\n<meta property=\"og:site_name\" content=\"My Fit Menu\" \/>\n<meta property=\"article:modified_time\" content=\"2026-02-11T16:40:59+00:00\" \/>\n<meta name=\"twitter:card\" content=\"summary_large_image\" \/>\n<meta name=\"twitter:label1\" content=\"Estimated reading time\" \/>\n\t<meta name=\"twitter:data1\" content=\"1 minute\" \/>\n<script type=\"application\/ld+json\" class=\"yoast-schema-graph\">{\"@context\":\"https:\/\/schema.org\",\"@graph\":[{\"@type\":\"WebPage\",\"@id\":\"https:\/\/myfitmenu.es\/sin categor\u00eda\/aakg-250gr-7nutrition\/\",\"url\":\"https:\/\/myfitmenu.es\/sin categor\u00eda\/aakg-250gr-7nutrition\/\",\"name\":\"AAKG 250gr 7nutrition - My Fit Menu\",\"isPartOf\":{\"@id\":\"https:\/\/myfitmenu.es\/#website\"},\"primaryImageOfPage\":{\"@id\":\"https:\/\/myfitmenu.es\/sin categor\u00eda\/aakg-250gr-7nutrition\/#primaryimage\"},\"image\":{\"@id\":\"https:\/\/myfitmenu.es\/sin categor\u00eda\/aakg-250gr-7nutrition\/#primaryimage\"},\"thumbnailUrl\":\"https:\/\/myfitmenu.es\/wp-content\/uploads\/2026\/01\/aakg-250gr-7nut-thumbnail-2000x2000-1.png\",\"datePublished\":\"2026-01-27T12:36:26+00:00\",\"dateModified\":\"2026-02-11T16:40:59+00:00\",\"breadcrumb\":{\"@id\":\"https:\/\/myfitmenu.es\/sin categor\u00eda\/aakg-250gr-7nutrition\/#breadcrumb\"},\"inLanguage\":\"en-GB\",\"potentialAction\":[{\"@type\":\"ReadAction\",\"target\":[\"https:\/\/myfitmenu.es\/sin categor\u00eda\/aakg-250gr-7nutrition\/\"]}]},{\"@type\":\"ImageObject\",\"inLanguage\":\"en-GB\",\"@id\":\"https:\/\/myfitmenu.es\/sin categor\u00eda\/aakg-250gr-7nutrition\/#primaryimage\",\"url\":\"https:\/\/myfitmenu.es\/wp-content\/uploads\/2026\/01\/aakg-250gr-7nut-thumbnail-2000x2000-1.png\",\"contentUrl\":\"https:\/\/myfitmenu.es\/wp-content\/uploads\/2026\/01\/aakg-250gr-7nut-thumbnail-2000x2000-1.png\",\"width\":1100,\"height\":1422},{\"@type\":\"BreadcrumbList\",\"@id\":\"https:\/\/myfitmenu.es\/sin categor\u00eda\/aakg-250gr-7nutrition\/#breadcrumb\",\"itemListElement\":[{\"@type\":\"ListItem\",\"position\":1,\"name\":\"Portada\",\"item\":\"https:\/\/myfitmenu.es\/\"},{\"@type\":\"ListItem\",\"position\":2,\"name\":\"Shop\",\"item\":\"http:\/\/myfitmenu.es\/en\/shop\/\"},{\"@type\":\"ListItem\",\"position\":3,\"name\":\"AAKG 250gr 7nutrition\"}]},{\"@type\":\"WebSite\",\"@id\":\"https:\/\/myfitmenu.es\/#website\",\"url\":\"https:\/\/myfitmenu.es\/\",\"name\":\"My Fit Menu\",\"description\":\"\",\"potentialAction\":[{\"@type\":\"SearchAction\",\"target\":{\"@type\":\"EntryPoint\",\"urlTemplate\":\"https:\/\/myfitmenu.es\/?s={search_term_string}\"},\"query-input\":{\"@type\":\"PropertyValueSpecification\",\"valueRequired\":true,\"valueName\":\"search_term_string\"}}],\"inLanguage\":\"en-GB\"}]}<\/script>\n<!-- \/ Yoast SEO plugin. -->","yoast_head_json":{"title":"AAKG 250gr 7nutrition - My Fit Menu","robots":{"index":"index","follow":"follow","max-snippet":"max-snippet:-1","max-image-preview":"max-image-preview:large","max-video-preview":"max-video-preview:-1"},"canonical":"https:\/\/myfitmenu.es\/en\/sin categor\u00eda\/aakg-250gr-7nutrition\/","og_locale":"en_GB","og_type":"article","og_title":"AAKG 250gr 7nutrition - My Fit Menu","og_description":"AAKG 250g de 7Nutrition es un complemento alimenticio en polvo a base de arginina alfa-cetoglutarato y vitamina B6. Favorece la producci\u00f3n de \u00f3xido n\u00edtrico, mejora la oxigenaci\u00f3n muscular y potencia la recuperaci\u00f3n y el rendimiento f\u00edsico.","og_url":"https:\/\/myfitmenu.es\/en\/sin categor\u00eda\/aakg-250gr-7nutrition\/","og_site_name":"My Fit Menu","article_modified_time":"2026-02-11T16:40:59+00:00","twitter_card":"summary_large_image","twitter_misc":{"Estimated reading time":"1 minute"},"schema":{"@context":"https:\/\/schema.org","@graph":[{"@type":"WebPage","@id":"https:\/\/myfitmenu.es\/sin categor\u00eda\/aakg-250gr-7nutrition\/","url":"https:\/\/myfitmenu.es\/sin categor\u00eda\/aakg-250gr-7nutrition\/","name":"AAKG 250gr 7nutrition - My Fit Menu","isPartOf":{"@id":"https:\/\/myfitmenu.es\/#website"},"primaryImageOfPage":{"@id":"https:\/\/myfitmenu.es\/sin categor\u00eda\/aakg-250gr-7nutrition\/#primaryimage"},"image":{"@id":"https:\/\/myfitmenu.es\/sin categor\u00eda\/aakg-250gr-7nutrition\/#primaryimage"},"thumbnailUrl":"https:\/\/myfitmenu.es\/wp-content\/uploads\/2026\/01\/aakg-250gr-7nut-thumbnail-2000x2000-1.png","datePublished":"2026-01-27T12:36:26+00:00","dateModified":"2026-02-11T16:40:59+00:00","breadcrumb":{"@id":"https:\/\/myfitmenu.es\/sin categor\u00eda\/aakg-250gr-7nutrition\/#breadcrumb"},"inLanguage":"en-GB","potentialAction":[{"@type":"ReadAction","target":["https:\/\/myfitmenu.es\/sin categor\u00eda\/aakg-250gr-7nutrition\/"]}]},{"@type":"ImageObject","inLanguage":"en-GB","@id":"https:\/\/myfitmenu.es\/sin categor\u00eda\/aakg-250gr-7nutrition\/#primaryimage","url":"https:\/\/myfitmenu.es\/wp-content\/uploads\/2026\/01\/aakg-250gr-7nut-thumbnail-2000x2000-1.png","contentUrl":"https:\/\/myfitmenu.es\/wp-content\/uploads\/2026\/01\/aakg-250gr-7nut-thumbnail-2000x2000-1.png","width":1100,"height":1422},{"@type":"BreadcrumbList","@id":"https:\/\/myfitmenu.es\/sin categor\u00eda\/aakg-250gr-7nutrition\/#breadcrumb","itemListElement":[{"@type":"ListItem","position":1,"name":"Portada","item":"https:\/\/myfitmenu.es\/"},{"@type":"ListItem","position":2,"name":"Shop","item":"http:\/\/myfitmenu.es\/en\/shop\/"},{"@type":"ListItem","position":3,"name":"AAKG 250gr 7nutrition"}]},{"@type":"WebSite","@id":"https:\/\/myfitmenu.es\/#website","url":"https:\/\/myfitmenu.es\/","name":"My Fit Menu","description":"","potentialAction":[{"@type":"SearchAction","target":{"@type":"EntryPoint","urlTemplate":"https:\/\/myfitmenu.es\/?s={search_term_string}"},"query-input":{"@type":"PropertyValueSpecification","valueRequired":true,"valueName":"search_term_string"}}],"inLanguage":"en-GB"}]}},"_links":{"self":[{"href":"https:\/\/myfitmenu.es\/en\/wp-json\/wp\/v2\/product\/20806","targetHints":{"allow":["GET"]}}],"collection":[{"href":"https:\/\/myfitmenu.es\/en\/wp-json\/wp\/v2\/product"}],"about":[{"href":"https:\/\/myfitmenu.es\/en\/wp-json\/wp\/v2\/types\/product"}],"replies":[{"embeddable":true,"href":"https:\/\/myfitmenu.es\/en\/wp-json\/wp\/v2\/comments?post=20806"}],"version-history":[{"count":0,"href":"https:\/\/myfitmenu.es\/en\/wp-json\/wp\/v2\/product\/20806\/revisions"}],"wp:featuredmedia":[{"embeddable":true,"href":"https:\/\/myfitmenu.es\/en\/wp-json\/wp\/v2\/media\/20807"}],"wp:attachment":[{"href":"https:\/\/myfitmenu.es\/en\/wp-json\/wp\/v2\/media?parent=20806"}],"wp:term":[{"taxonomy":"product_brand","embeddable":true,"href":"https:\/\/myfitmenu.es\/en\/wp-json\/wp\/v2\/product_brand?post=20806"},{"taxonomy":"product_cat","embeddable":true,"href":"https:\/\/myfitmenu.es\/en\/wp-json\/wp\/v2\/product_cat?post=20806"},{"taxonomy":"product_tag","embeddable":true,"href":"https:\/\/myfitmenu.es\/en\/wp-json\/wp\/v2\/product_tag?post=20806"}],"curies":[{"name":"wp","href":"https:\/\/api.w.org\/{rel}","templated":true}]}}