{"id":20801,"date":"2026-01-27T12:26:23","date_gmt":"2026-01-27T12:26:23","guid":{"rendered":"https:\/\/myfitmenu.es\/sin categor\u00eda\/maxi-cookies-100gr-big-nutrition\/"},"modified":"2026-03-20T15:53:37","modified_gmt":"2026-03-20T15:53:37","slug":"maxi-cookies-100gr-big-nutrition","status":"publish","type":"product","link":"https:\/\/myfitmenu.es\/en\/desayuno\/maxi-cookies-100gr-big-nutrition\/","title":{"rendered":"Maxi cookies 100g Big Nutrition"},"content":{"rendered":"<p><strong>Con las nuevas MAX COOKIES!!<\/strong><br \/><strong>MAX CRUNCHY!!!<\/strong><br \/><strong>MAX PROTEINAS!!!<\/strong><br \/><strong>MAX SABOR!!!<\/strong><br \/>Con las nuevas MAX COOKIES<strong>Con 36G de prote\u00edna y con todo el incre\u00edble sabor\u00a0 MAX PROTEIN\u00ae<\/strong><br \/><strong>Son una gran fuente de fibra, con aceite MCT y bajas en grasas.<\/strong><br \/><strong>Tambi\u00e9n NO CONTIENE ACEITE DE PALMA, NI POLIALCOHOLES, NI AZ\u00daCARES A\u00d1ADIDOS<\/strong><br \/>Eng\u00e1nchate a MAX con 36 G de prote\u00ednasNuevas &#034;MAX COOKIES&#034;!!!C\u00f3gelas!!Ll\u00e9vatelas!!TAKE IT TO THE MAX!!!<\/p>\n<\/p>\n<table class=\"nutri_info\">\n<tbody>\n<tr>\n<td>INFO. NUTRICIONAL<\/td>\n<td>100G<\/td>\n<\/tr>\n<tr>\n<td>Energy value<\/td>\n<td>1924.9kj\/ 460.5Kcal<\/td>\n<\/tr>\n<tr>\n<td>Fats<\/td>\n<td>17.7g<\/td>\n<\/tr>\n<tr>\n<td>De las cuales saturada<\/td>\n<td>7.2g<\/td>\n<\/tr>\n<tr>\n<td>Carbohydrates<\/td>\n<td>39.3g<\/td>\n<\/tr>\n<tr>\n<td>Of which sugars<\/td>\n<td>9g<\/td>\n<\/tr>\n<tr>\n<td>Dietary fibre<\/td>\n<td>2.8g<\/td>\n<\/tr>\n<tr>\n<td>Proteins<\/td>\n<td>36g<\/td>\n<\/tr>\n<tr>\n<td>Salt<\/td>\n<td>0.45g<\/td>\n<\/tr>\n<\/tbody>\n<\/table>\n<p><strong>Ingredients:\u00a0<\/strong>Harina de trigo\u00a0<strong>(GLUTEN)<\/strong>, grasa vegetal no hidrogenada(cacao,girasol), pepitas de chocolate 15% (az\u00facar, pasta de cacao, manteca de cacao, dextrosa, emulgente: lecitina de\u00a0<strong>SOYBEAN<\/strong>), edulcorante:isomaltosa, Agente de carga: polidextrosa. Claras de HUEVO, aceite de girasol, salvado de avena (GLUTEN), concentrado de prote\u00edna de guisante, aroma natural de vainilla, Gasificante: carbonato am\u00f3nico).<\/p>\n<p><strong>Allergens:\u00a0<\/strong>Contiene gluten, huevo y soja<strong>.\u00a0<\/strong>Puede contener trazas de leche, almendra y s\u00e9samo.<\/p>\n<table class=\"nutri_info\">\n<tbody>\n<tr>\n<td>Net weight<\/td>\n<td>120 gr<\/td>\n<\/tr>\n<tr>\n<td>Dimensiones<\/td>\n<td>17 x 10 x 17 cm<\/td>\n<\/tr>\n<\/tbody>\n<\/table>","protected":false},"excerpt":{"rendered":"<p>Real cookies with 36g of protein, high in fibre and MCT oil and low in fat. Our Max Cookies contain no palm oil, no polyols, no added sugars and are available in 4 super crispy flavours!<\/p>","protected":false},"featured_media":20802,"comment_status":"open","ping_status":"closed","template":"","meta":{"inline_featured_image":false},"product_brand":[],"product_cat":[197,77,98],"product_tag":[],"class_list":{"0":"post-20801","1":"product","2":"type-product","3":"status-publish","4":"has-post-thumbnail","6":"product_cat-alimentacion-2","7":"product_cat-desayuno","8":"product_cat-suplementacion-online","9":"pa_sa_color_unico-chocolate","10":"pa_sa_color_unico-white-chocolate","11":"pa_sa_talla_unica-talla-unica","13":"first","14":"instock","15":"taxable","16":"shipping-taxable","17":"purchasable","18":"product-type-variable"},"acf":[],"yoast_head":"<!-- This site is optimized with the Yoast SEO plugin v27.1.1 - https:\/\/yoast.com\/product\/yoast-seo-wordpress\/ -->\n<title>Maxi cookies 100gr Big Nutrition - My Fit Menu<\/title>\n<meta name=\"robots\" content=\"index, follow, max-snippet:-1, max-image-preview:large, max-video-preview:-1\" \/>\n<link rel=\"canonical\" href=\"https:\/\/myfitmenu.es\/en\/sin%20categor\u00eda\/maxi-cookies-100gr-big-nutrition\/\" \/>\n<meta property=\"og:locale\" content=\"en_GB\" \/>\n<meta property=\"og:type\" content=\"article\" \/>\n<meta property=\"og:title\" content=\"Maxi cookies 100gr Big Nutrition - My Fit Menu\" \/>\n<meta property=\"og:description\" content=\"Las aut\u00e9nticas cookies con 36g de prote\u00edna, altas en fibra y aceite MCT y bajas en grasas. Nuestras Max Cookies no contienen aceite de palma, ni polialcoholes, ni az\u00facares a\u00f1adidos. \u00a1Disponibles en 4 sabores super crujientes!\" \/>\n<meta property=\"og:url\" content=\"https:\/\/myfitmenu.es\/en\/sin categor\u00eda\/maxi-cookies-100gr-big-nutrition\/\" \/>\n<meta property=\"og:site_name\" content=\"My Fit Menu\" \/>\n<meta property=\"article:modified_time\" content=\"2026-03-20T15:53:37+00:00\" \/>\n<meta name=\"twitter:card\" content=\"summary_large_image\" \/>\n<meta name=\"twitter:label1\" content=\"Estimated reading time\" \/>\n\t<meta name=\"twitter:data1\" content=\"1 minute\" \/>\n<script type=\"application\/ld+json\" class=\"yoast-schema-graph\">{\"@context\":\"https:\/\/schema.org\",\"@graph\":[{\"@type\":\"WebPage\",\"@id\":\"https:\/\/myfitmenu.es\/sin categor\u00eda\/maxi-cookies-100gr-big-nutrition\/\",\"url\":\"https:\/\/myfitmenu.es\/sin categor\u00eda\/maxi-cookies-100gr-big-nutrition\/\",\"name\":\"Maxi cookies 100gr Big Nutrition - My Fit Menu\",\"isPartOf\":{\"@id\":\"https:\/\/myfitmenu.es\/#website\"},\"primaryImageOfPage\":{\"@id\":\"https:\/\/myfitmenu.es\/sin categor\u00eda\/maxi-cookies-100gr-big-nutrition\/#primaryimage\"},\"image\":{\"@id\":\"https:\/\/myfitmenu.es\/sin categor\u00eda\/maxi-cookies-100gr-big-nutrition\/#primaryimage\"},\"thumbnailUrl\":\"https:\/\/myfitmenu.es\/wp-content\/uploads\/2026\/01\/27012026122545.producto_MaxCookies_100g_chocochoc_500x600_945fe4e7-a620-44d5-9f7d-25f6ece2e983_540x-thumbnail-2000x2000-1.webp\",\"datePublished\":\"2026-01-27T12:26:23+00:00\",\"dateModified\":\"2026-03-20T15:53:37+00:00\",\"breadcrumb\":{\"@id\":\"https:\/\/myfitmenu.es\/sin categor\u00eda\/maxi-cookies-100gr-big-nutrition\/#breadcrumb\"},\"inLanguage\":\"en-GB\",\"potentialAction\":[{\"@type\":\"ReadAction\",\"target\":[\"https:\/\/myfitmenu.es\/sin categor\u00eda\/maxi-cookies-100gr-big-nutrition\/\"]}]},{\"@type\":\"ImageObject\",\"inLanguage\":\"en-GB\",\"@id\":\"https:\/\/myfitmenu.es\/sin categor\u00eda\/maxi-cookies-100gr-big-nutrition\/#primaryimage\",\"url\":\"https:\/\/myfitmenu.es\/wp-content\/uploads\/2026\/01\/27012026122545.producto_MaxCookies_100g_chocochoc_500x600_945fe4e7-a620-44d5-9f7d-25f6ece2e983_540x-thumbnail-2000x2000-1.webp\",\"contentUrl\":\"https:\/\/myfitmenu.es\/wp-content\/uploads\/2026\/01\/27012026122545.producto_MaxCookies_100g_chocochoc_500x600_945fe4e7-a620-44d5-9f7d-25f6ece2e983_540x-thumbnail-2000x2000-1.webp\",\"width\":500,\"height\":600},{\"@type\":\"BreadcrumbList\",\"@id\":\"https:\/\/myfitmenu.es\/sin categor\u00eda\/maxi-cookies-100gr-big-nutrition\/#breadcrumb\",\"itemListElement\":[{\"@type\":\"ListItem\",\"position\":1,\"name\":\"Portada\",\"item\":\"https:\/\/myfitmenu.es\/\"},{\"@type\":\"ListItem\",\"position\":2,\"name\":\"Shop\",\"item\":\"http:\/\/myfitmenu.es\/en\/shop\/\"},{\"@type\":\"ListItem\",\"position\":3,\"name\":\"Maxi cookies 100gr Big Nutrition\"}]},{\"@type\":\"WebSite\",\"@id\":\"https:\/\/myfitmenu.es\/#website\",\"url\":\"https:\/\/myfitmenu.es\/\",\"name\":\"My Fit Menu\",\"description\":\"\",\"potentialAction\":[{\"@type\":\"SearchAction\",\"target\":{\"@type\":\"EntryPoint\",\"urlTemplate\":\"https:\/\/myfitmenu.es\/?s={search_term_string}\"},\"query-input\":{\"@type\":\"PropertyValueSpecification\",\"valueRequired\":true,\"valueName\":\"search_term_string\"}}],\"inLanguage\":\"en-GB\"}]}<\/script>\n<!-- \/ Yoast SEO plugin. -->","yoast_head_json":{"title":"Maxi cookies 100gr Big Nutrition - My Fit Menu","robots":{"index":"index","follow":"follow","max-snippet":"max-snippet:-1","max-image-preview":"max-image-preview:large","max-video-preview":"max-video-preview:-1"},"canonical":"https:\/\/myfitmenu.es\/en\/sin categor\u00eda\/maxi-cookies-100gr-big-nutrition\/","og_locale":"en_GB","og_type":"article","og_title":"Maxi cookies 100gr Big Nutrition - My Fit Menu","og_description":"Las aut\u00e9nticas cookies con 36g de prote\u00edna, altas en fibra y aceite MCT y bajas en grasas. Nuestras Max Cookies no contienen aceite de palma, ni polialcoholes, ni az\u00facares a\u00f1adidos. \u00a1Disponibles en 4 sabores super crujientes!","og_url":"https:\/\/myfitmenu.es\/en\/sin categor\u00eda\/maxi-cookies-100gr-big-nutrition\/","og_site_name":"My Fit Menu","article_modified_time":"2026-03-20T15:53:37+00:00","twitter_card":"summary_large_image","twitter_misc":{"Estimated reading time":"1 minute"},"schema":{"@context":"https:\/\/schema.org","@graph":[{"@type":"WebPage","@id":"https:\/\/myfitmenu.es\/sin categor\u00eda\/maxi-cookies-100gr-big-nutrition\/","url":"https:\/\/myfitmenu.es\/sin categor\u00eda\/maxi-cookies-100gr-big-nutrition\/","name":"Maxi cookies 100gr Big Nutrition - My Fit Menu","isPartOf":{"@id":"https:\/\/myfitmenu.es\/#website"},"primaryImageOfPage":{"@id":"https:\/\/myfitmenu.es\/sin categor\u00eda\/maxi-cookies-100gr-big-nutrition\/#primaryimage"},"image":{"@id":"https:\/\/myfitmenu.es\/sin categor\u00eda\/maxi-cookies-100gr-big-nutrition\/#primaryimage"},"thumbnailUrl":"https:\/\/myfitmenu.es\/wp-content\/uploads\/2026\/01\/27012026122545.producto_MaxCookies_100g_chocochoc_500x600_945fe4e7-a620-44d5-9f7d-25f6ece2e983_540x-thumbnail-2000x2000-1.webp","datePublished":"2026-01-27T12:26:23+00:00","dateModified":"2026-03-20T15:53:37+00:00","breadcrumb":{"@id":"https:\/\/myfitmenu.es\/sin categor\u00eda\/maxi-cookies-100gr-big-nutrition\/#breadcrumb"},"inLanguage":"en-GB","potentialAction":[{"@type":"ReadAction","target":["https:\/\/myfitmenu.es\/sin categor\u00eda\/maxi-cookies-100gr-big-nutrition\/"]}]},{"@type":"ImageObject","inLanguage":"en-GB","@id":"https:\/\/myfitmenu.es\/sin categor\u00eda\/maxi-cookies-100gr-big-nutrition\/#primaryimage","url":"https:\/\/myfitmenu.es\/wp-content\/uploads\/2026\/01\/27012026122545.producto_MaxCookies_100g_chocochoc_500x600_945fe4e7-a620-44d5-9f7d-25f6ece2e983_540x-thumbnail-2000x2000-1.webp","contentUrl":"https:\/\/myfitmenu.es\/wp-content\/uploads\/2026\/01\/27012026122545.producto_MaxCookies_100g_chocochoc_500x600_945fe4e7-a620-44d5-9f7d-25f6ece2e983_540x-thumbnail-2000x2000-1.webp","width":500,"height":600},{"@type":"BreadcrumbList","@id":"https:\/\/myfitmenu.es\/sin categor\u00eda\/maxi-cookies-100gr-big-nutrition\/#breadcrumb","itemListElement":[{"@type":"ListItem","position":1,"name":"Portada","item":"https:\/\/myfitmenu.es\/"},{"@type":"ListItem","position":2,"name":"Shop","item":"http:\/\/myfitmenu.es\/en\/shop\/"},{"@type":"ListItem","position":3,"name":"Maxi cookies 100gr Big Nutrition"}]},{"@type":"WebSite","@id":"https:\/\/myfitmenu.es\/#website","url":"https:\/\/myfitmenu.es\/","name":"My Fit Menu","description":"","potentialAction":[{"@type":"SearchAction","target":{"@type":"EntryPoint","urlTemplate":"https:\/\/myfitmenu.es\/?s={search_term_string}"},"query-input":{"@type":"PropertyValueSpecification","valueRequired":true,"valueName":"search_term_string"}}],"inLanguage":"en-GB"}]}},"_links":{"self":[{"href":"https:\/\/myfitmenu.es\/en\/wp-json\/wp\/v2\/product\/20801","targetHints":{"allow":["GET"]}}],"collection":[{"href":"https:\/\/myfitmenu.es\/en\/wp-json\/wp\/v2\/product"}],"about":[{"href":"https:\/\/myfitmenu.es\/en\/wp-json\/wp\/v2\/types\/product"}],"replies":[{"embeddable":true,"href":"https:\/\/myfitmenu.es\/en\/wp-json\/wp\/v2\/comments?post=20801"}],"version-history":[{"count":0,"href":"https:\/\/myfitmenu.es\/en\/wp-json\/wp\/v2\/product\/20801\/revisions"}],"wp:featuredmedia":[{"embeddable":true,"href":"https:\/\/myfitmenu.es\/en\/wp-json\/wp\/v2\/media\/20802"}],"wp:attachment":[{"href":"https:\/\/myfitmenu.es\/en\/wp-json\/wp\/v2\/media?parent=20801"}],"wp:term":[{"taxonomy":"product_brand","embeddable":true,"href":"https:\/\/myfitmenu.es\/en\/wp-json\/wp\/v2\/product_brand?post=20801"},{"taxonomy":"product_cat","embeddable":true,"href":"https:\/\/myfitmenu.es\/en\/wp-json\/wp\/v2\/product_cat?post=20801"},{"taxonomy":"product_tag","embeddable":true,"href":"https:\/\/myfitmenu.es\/en\/wp-json\/wp\/v2\/product_tag?post=20801"}],"curies":[{"name":"wp","href":"https:\/\/api.w.org\/{rel}","templated":true}]}}