{"id":20796,"date":"2026-01-27T12:19:12","date_gmt":"2026-01-27T12:19:12","guid":{"rendered":"https:\/\/myfitmenu.es\/sin%20categor\u00eda\/wow-cereals-250-gr-big-nutrition\/"},"modified":"2026-04-13T17:28:25","modified_gmt":"2026-04-13T17:28:25","slug":"wow-cereals-250-gr-big-nutrition","status":"publish","type":"product","link":"https:\/\/myfitmenu.es\/en\/desayuno\/wow-cereals-250-gr-big-nutrition\/","title":{"rendered":"WOW Cereals 250 g Big Nutrition"},"content":{"rendered":"<p>Enjoy these authentic super cereals with a\u00a0<strong>incredible protein content of 34.5g\/36.6g\/36g*.<\/strong>\u00a0y\u00a0<strong>with only 1.4g* of sugar<\/strong>Discover the power of starting your day with a smile and natural energy!<\/p>\n<p>The new\u00a0<strong>WOW cereals<\/strong>\u00a0are the new generation of super protein breakfast cereals, with nutritional values literally light years ahead of traditional cereals, with a high protein content and no added sugars.<\/p>\n<p>Enjoy these authentic super cereals with an incredible protein content of 34.5g* and only 1.4g* of sugar and revolutionise your breakfast and discover the power of starting your day with a smile and natural energy!<\/p>\n<table class=\"nutri_info table is-striped is-hoverable\">\n<tbody>\n<tr>\n<td>per 100g<\/td>\n<td><strong>Caramel<\/strong><\/td>\n<td><strong>Chocolate<\/strong><\/td>\n<td><strong>Straberry<\/strong><\/td>\n<td><strong>Cookies&amp;Cream<\/strong><\/td>\n<td><strong>Minidona<\/strong><\/td>\n<\/tr>\n<tr>\n<td>Energy value<\/td>\n<td>1511kJ \/ 361kcal<\/td>\n<td>1663kJ \/ 398kcal<\/td>\n<td>1393kJ \/ 333kcal<\/td>\n<td>1475kJ \/ 353kcal<\/td>\n<td>1475kJ \/ 353kcal<\/td>\n<\/tr>\n<tr>\n<td>Fats<\/td>\n<td>9.51g<\/td>\n<td>10.3g<\/td>\n<td>9.51g<\/td>\n<td>9g<\/td>\n<td>9g<\/td>\n<\/tr>\n<tr>\n<td>of which saturated<\/td>\n<td>0.6g<\/td>\n<td>0.8g<\/td>\n<td>0.6g<\/td>\n<td>1g<\/td>\n<td>1g<\/td>\n<\/tr>\n<tr>\n<td>Carbohydrates<\/td>\n<td>36g<\/td>\n<td>36g<\/td>\n<td>35g<\/td>\n<td>31g<\/td>\n<td>31g<\/td>\n<\/tr>\n<tr>\n<td>of which sugars<\/td>\n<td>1.4g<\/td>\n<td>1.4g<\/td>\n<td>1.4g<\/td>\n<td>1.4g<\/td>\n<td>1.4g<\/td>\n<\/tr>\n<tr>\n<td>Dietary fibre<\/td>\n<td>10.28g<\/td>\n<td>7.2g<\/td>\n<td>8.5g<\/td>\n<td>11g<\/td>\n<td>11g<\/td>\n<\/tr>\n<tr>\n<td>Proteins<\/td>\n<td>34.5g<\/td>\n<td>36.6g<\/td>\n<td>34.5g<\/td>\n<td>36g<\/td>\n<td>36g<\/td>\n<\/tr>\n<tr>\n<td>Salt<\/td>\n<td>0.03g<\/td>\n<td>0.04g<\/td>\n<td>0.96g<\/td>\n<td>0.04g<\/td>\n<td>0.04g<\/td>\n<\/tr>\n<\/tbody>\n<\/table>\n<p><\/p>\n<p><strong>WOW CEREALS - BREAKFAST CEREALS WITH SWEETENERS<\/strong><\/p>\n<p><strong>Sweet Caramel flavour ingredients<\/strong>: Isolated from\u00a0<b>SOYBEAN<\/b>pea concentrate, sweetener (erythritol), canola oil (<i>Brassica napus L.<\/i>seed), pea starch, emulsifier (pea lecithin, pea protein, peanut oil), emulsifier (peanut lecithin, peanut butter, peanut butter, peanut oil\u00a0<b>SOYBEAN<\/b>), chicory inulin (<i>Cichorium intybus L.<\/i>root), stevia extract (<i>Stevia rebaudiana L.<\/i>(leaf), natural flavouring (caramel).<\/p>\n<p><strong>Crunchy Chocolate flavour ingredients<\/strong>: Isolated from\u00a0<b>SOYBEAN<\/b>pea concentrate, sweetener (erythritol), canola oil (<i>Brassica napus L.<\/i>pea starch, cocoa powder, emulsifier (cocoa lecithin, seed), pea starch, cocoa powder, emulsifier (cocoa powder, seed), emulsifier (cocoa lecithin), cocoa powder, cocoa powder.\u00a0<b>SOYBEAN<\/b>), chicory inulin (<i>Cichorium intybus L.<\/i>root), stevia extract (<i>Stevia rebaudiana L.<\/i>(chocolate, leaf), natural flavouring (chocolate).<\/p>\n<p><strong>Yummy Strawberry flavour ingredients<\/strong>: Isolated from\u00a0<b>SOYBEAN<\/b>pea concentrate, sweetener (erythritol), canola oil (<i>Brassica napus L.<\/i>seed), pea starch, emulsifier (pea lecithin, pea protein, peanut oil), emulsifier (peanut lecithin, peanut butter, peanut butter, peanut oil\u00a0<b>SOYBEAN<\/b>), chicory inulin (<i>Cichorium intybus L.<\/i>root), stevia extract (<i>Stevia rebaudiana L.<\/i>(strawberry, leaf), natural flavouring (strawberry), colouring (beetroot red).<\/p>\n<p><strong>Cookies&amp;Cream flavour ingredients:<\/strong>\u00a0Isolated from\u00a0<strong>SOYBEAN<\/strong>pea concentrate, sweetener (erythritol), canola oil (<i><i>Brassica napus L.<\/i><\/i>(8%, seed), pea starch, cocoa powder (8%), emulsifier (cocoa lecithin, cocoa butter), cocoa powder (8%, seed), emulsifier (cocoa butter lecithin\u00a0<strong>SOYBEAN<\/strong>), chicory inulin (<i><i>Cichorium intybus L.<\/i><\/i>root), stevia extract (<i><i>Stevia rebaudiana L.<\/i><\/i>leaf), natural flavouring.<\/p>\n<p><strong>Delicious Minidona flavour ingredients:<\/strong>\u00a0Isolated from\u00a0<strong>SOYBEAN<\/strong>pea concentrate, sweetener (erythritol), canola oil (<i><i>Brassica napus L.<\/i><\/i>(8%, seed), pea starch, cocoa powder (8%), emulsifier (cocoa lecithin, cocoa butter), cocoa powder (8%, seed), emulsifier (cocoa butter lecithin\u00a0<strong>SOYBEAN<\/strong>), chicory inulin (<i><i>Cichorium intybus L.<\/i><\/i>root), minidone flavouring, stevia extract (<i><i>Stevia rebaudiana L.<\/i><\/i>, leaf).<\/p>\n<p><b>NO ADDED SUGARS<\/b>. Contains naturally occurring sugars.<\/p>\n<p><strong>Presentation:<\/strong>\u00a0cereals in 250g container.<\/p>\n<p><strong>Instructions for use:<\/strong>\u00a0ready to eat.<\/p>\n<p><strong>Warnings:<\/strong>\u00a0Excessive consumption may cause laxative effects. Store in a cool, dry place.<\/p>\n<p><\/p>","protected":false},"excerpt":{"rendered":"<p>New\u00a0<strong style=\"font-size: 16px;vertical-align: baseline;text-align: left\">cereals<\/strong>\u00a0<strong style=\"font-size: 16px;vertical-align: baseline;text-align: left\">100% all-natural breakfast bars in caramel, chocolate, strawberry, cookies&amp;cream and minidough flavours, high in protein and with no added sugars.\u00a0<\/strong><\/p>","protected":false},"featured_media":20797,"comment_status":"open","ping_status":"closed","template":"","meta":{"inline_featured_image":false},"product_brand":[],"product_cat":[197,77,98],"product_tag":[],"class_list":{"0":"post-20796","1":"product","2":"type-product","3":"status-publish","4":"has-post-thumbnail","6":"product_cat-alimentacion-2","7":"product_cat-desayuno","8":"product_cat-suplementacion-online","9":"pa_sa_color_unico-chocolate","10":"pa_sa_color_unico-cookies-and-cream","11":"pa_sa_color_unico-minidona","12":"pa_sa_color_unico-sweet-caramel-rings","13":"pa_sa_talla_unica-talla-unica","15":"first","16":"instock","17":"taxable","18":"shipping-taxable","19":"purchasable","20":"product-type-variable"},"acf":[],"yoast_head":"<!-- This site is optimized with the Yoast SEO plugin v27.1.1 - https:\/\/yoast.com\/product\/yoast-seo-wordpress\/ -->\n<title>WOW Cereals 250 gr Big Nutrition - My Fit Menu<\/title>\n<meta name=\"robots\" content=\"index, follow, max-snippet:-1, max-image-preview:large, max-video-preview:-1\" \/>\n<link rel=\"canonical\" href=\"https:\/\/myfitmenu.es\/en\/desayuno\/wow-cereals-250-gr-big-nutrition\/\" \/>\n<meta property=\"og:locale\" content=\"en_GB\" \/>\n<meta property=\"og:type\" content=\"article\" \/>\n<meta property=\"og:title\" content=\"WOW Cereals 250 gr Big Nutrition - My Fit Menu\" \/>\n<meta property=\"og:description\" content=\"Nuevos\u00a0cereales\u00a0de desayuno 100% naturales con sabor a caramelo, chocolate, fresa, cookies&amp;cream y minidona, altos en prote\u00edna y sin az\u00facares a\u00f1adidos.\u00a0\" \/>\n<meta property=\"og:url\" content=\"https:\/\/myfitmenu.es\/en\/desayuno\/wow-cereals-250-gr-big-nutrition\/\" \/>\n<meta property=\"og:site_name\" content=\"My Fit Menu\" \/>\n<meta property=\"article:modified_time\" content=\"2026-04-13T17:28:25+00:00\" \/>\n<meta property=\"og:image\" content=\"https:\/\/myfitmenu.es\/wp-content\/uploads\/2026\/01\/producto_BIG_WOWcereals_chocolate_500x600a_540x-thumbnail-2000x2000-1.webp\" \/>\n\t<meta property=\"og:image:width\" content=\"500\" \/>\n\t<meta property=\"og:image:height\" content=\"600\" \/>\n\t<meta property=\"og:image:type\" content=\"image\/webp\" \/>\n<meta name=\"twitter:card\" content=\"summary_large_image\" \/>\n<meta name=\"twitter:label1\" content=\"Estimated reading time\" \/>\n\t<meta name=\"twitter:data1\" content=\"2 minutes\" \/>\n<script type=\"application\/ld+json\" class=\"yoast-schema-graph\">{\"@context\":\"https:\/\/schema.org\",\"@graph\":[{\"@type\":\"WebPage\",\"@id\":\"https:\/\/myfitmenu.es\/desayuno\/wow-cereals-250-gr-big-nutrition\/\",\"url\":\"https:\/\/myfitmenu.es\/desayuno\/wow-cereals-250-gr-big-nutrition\/\",\"name\":\"WOW Cereals 250 gr Big Nutrition - My Fit Menu\",\"isPartOf\":{\"@id\":\"https:\/\/myfitmenu.es\/#website\"},\"primaryImageOfPage\":{\"@id\":\"https:\/\/myfitmenu.es\/desayuno\/wow-cereals-250-gr-big-nutrition\/#primaryimage\"},\"image\":{\"@id\":\"https:\/\/myfitmenu.es\/desayuno\/wow-cereals-250-gr-big-nutrition\/#primaryimage\"},\"thumbnailUrl\":\"https:\/\/myfitmenu.es\/wp-content\/uploads\/2026\/01\/producto_BIG_WOWcereals_chocolate_500x600a_540x-thumbnail-2000x2000-1.webp\",\"datePublished\":\"2026-01-27T12:19:12+00:00\",\"dateModified\":\"2026-04-13T17:28:25+00:00\",\"breadcrumb\":{\"@id\":\"https:\/\/myfitmenu.es\/desayuno\/wow-cereals-250-gr-big-nutrition\/#breadcrumb\"},\"inLanguage\":\"en-GB\",\"potentialAction\":[{\"@type\":\"ReadAction\",\"target\":[\"https:\/\/myfitmenu.es\/desayuno\/wow-cereals-250-gr-big-nutrition\/\"]}]},{\"@type\":\"ImageObject\",\"inLanguage\":\"en-GB\",\"@id\":\"https:\/\/myfitmenu.es\/desayuno\/wow-cereals-250-gr-big-nutrition\/#primaryimage\",\"url\":\"https:\/\/myfitmenu.es\/wp-content\/uploads\/2026\/01\/producto_BIG_WOWcereals_chocolate_500x600a_540x-thumbnail-2000x2000-1.webp\",\"contentUrl\":\"https:\/\/myfitmenu.es\/wp-content\/uploads\/2026\/01\/producto_BIG_WOWcereals_chocolate_500x600a_540x-thumbnail-2000x2000-1.webp\",\"width\":500,\"height\":600},{\"@type\":\"BreadcrumbList\",\"@id\":\"https:\/\/myfitmenu.es\/desayuno\/wow-cereals-250-gr-big-nutrition\/#breadcrumb\",\"itemListElement\":[{\"@type\":\"ListItem\",\"position\":1,\"name\":\"Portada\",\"item\":\"https:\/\/myfitmenu.es\/\"},{\"@type\":\"ListItem\",\"position\":2,\"name\":\"Shop\",\"item\":\"http:\/\/myfitmenu.es\/en\/shop\/\"},{\"@type\":\"ListItem\",\"position\":3,\"name\":\"WOW Cereals 250 gr Big Nutrition\"}]},{\"@type\":\"WebSite\",\"@id\":\"https:\/\/myfitmenu.es\/#website\",\"url\":\"https:\/\/myfitmenu.es\/\",\"name\":\"My Fit Menu\",\"description\":\"\",\"potentialAction\":[{\"@type\":\"SearchAction\",\"target\":{\"@type\":\"EntryPoint\",\"urlTemplate\":\"https:\/\/myfitmenu.es\/?s={search_term_string}\"},\"query-input\":{\"@type\":\"PropertyValueSpecification\",\"valueRequired\":true,\"valueName\":\"search_term_string\"}}],\"inLanguage\":\"en-GB\"}]}<\/script>\n<!-- \/ Yoast SEO plugin. -->","yoast_head_json":{"title":"WOW Cereals 250 gr Big Nutrition - My Fit Menu","robots":{"index":"index","follow":"follow","max-snippet":"max-snippet:-1","max-image-preview":"max-image-preview:large","max-video-preview":"max-video-preview:-1"},"canonical":"https:\/\/myfitmenu.es\/en\/desayuno\/wow-cereals-250-gr-big-nutrition\/","og_locale":"en_GB","og_type":"article","og_title":"WOW Cereals 250 gr Big Nutrition - My Fit Menu","og_description":"Nuevos\u00a0cereales\u00a0de desayuno 100% naturales con sabor a caramelo, chocolate, fresa, cookies&amp;cream y minidona, altos en prote\u00edna y sin az\u00facares a\u00f1adidos.\u00a0","og_url":"https:\/\/myfitmenu.es\/en\/desayuno\/wow-cereals-250-gr-big-nutrition\/","og_site_name":"My Fit Menu","article_modified_time":"2026-04-13T17:28:25+00:00","og_image":[{"width":500,"height":600,"url":"https:\/\/myfitmenu.es\/wp-content\/uploads\/2026\/01\/producto_BIG_WOWcereals_chocolate_500x600a_540x-thumbnail-2000x2000-1.webp","type":"image\/webp"}],"twitter_card":"summary_large_image","twitter_misc":{"Estimated reading time":"2 minutes"},"schema":{"@context":"https:\/\/schema.org","@graph":[{"@type":"WebPage","@id":"https:\/\/myfitmenu.es\/desayuno\/wow-cereals-250-gr-big-nutrition\/","url":"https:\/\/myfitmenu.es\/desayuno\/wow-cereals-250-gr-big-nutrition\/","name":"WOW Cereals 250 gr Big Nutrition - My Fit Menu","isPartOf":{"@id":"https:\/\/myfitmenu.es\/#website"},"primaryImageOfPage":{"@id":"https:\/\/myfitmenu.es\/desayuno\/wow-cereals-250-gr-big-nutrition\/#primaryimage"},"image":{"@id":"https:\/\/myfitmenu.es\/desayuno\/wow-cereals-250-gr-big-nutrition\/#primaryimage"},"thumbnailUrl":"https:\/\/myfitmenu.es\/wp-content\/uploads\/2026\/01\/producto_BIG_WOWcereals_chocolate_500x600a_540x-thumbnail-2000x2000-1.webp","datePublished":"2026-01-27T12:19:12+00:00","dateModified":"2026-04-13T17:28:25+00:00","breadcrumb":{"@id":"https:\/\/myfitmenu.es\/desayuno\/wow-cereals-250-gr-big-nutrition\/#breadcrumb"},"inLanguage":"en-GB","potentialAction":[{"@type":"ReadAction","target":["https:\/\/myfitmenu.es\/desayuno\/wow-cereals-250-gr-big-nutrition\/"]}]},{"@type":"ImageObject","inLanguage":"en-GB","@id":"https:\/\/myfitmenu.es\/desayuno\/wow-cereals-250-gr-big-nutrition\/#primaryimage","url":"https:\/\/myfitmenu.es\/wp-content\/uploads\/2026\/01\/producto_BIG_WOWcereals_chocolate_500x600a_540x-thumbnail-2000x2000-1.webp","contentUrl":"https:\/\/myfitmenu.es\/wp-content\/uploads\/2026\/01\/producto_BIG_WOWcereals_chocolate_500x600a_540x-thumbnail-2000x2000-1.webp","width":500,"height":600},{"@type":"BreadcrumbList","@id":"https:\/\/myfitmenu.es\/desayuno\/wow-cereals-250-gr-big-nutrition\/#breadcrumb","itemListElement":[{"@type":"ListItem","position":1,"name":"Portada","item":"https:\/\/myfitmenu.es\/"},{"@type":"ListItem","position":2,"name":"Shop","item":"http:\/\/myfitmenu.es\/en\/shop\/"},{"@type":"ListItem","position":3,"name":"WOW Cereals 250 gr Big Nutrition"}]},{"@type":"WebSite","@id":"https:\/\/myfitmenu.es\/#website","url":"https:\/\/myfitmenu.es\/","name":"My Fit Menu","description":"","potentialAction":[{"@type":"SearchAction","target":{"@type":"EntryPoint","urlTemplate":"https:\/\/myfitmenu.es\/?s={search_term_string}"},"query-input":{"@type":"PropertyValueSpecification","valueRequired":true,"valueName":"search_term_string"}}],"inLanguage":"en-GB"}]}},"_links":{"self":[{"href":"https:\/\/myfitmenu.es\/en\/wp-json\/wp\/v2\/product\/20796","targetHints":{"allow":["GET"]}}],"collection":[{"href":"https:\/\/myfitmenu.es\/en\/wp-json\/wp\/v2\/product"}],"about":[{"href":"https:\/\/myfitmenu.es\/en\/wp-json\/wp\/v2\/types\/product"}],"replies":[{"embeddable":true,"href":"https:\/\/myfitmenu.es\/en\/wp-json\/wp\/v2\/comments?post=20796"}],"version-history":[{"count":1,"href":"https:\/\/myfitmenu.es\/en\/wp-json\/wp\/v2\/product\/20796\/revisions"}],"predecessor-version":[{"id":20839,"href":"https:\/\/myfitmenu.es\/en\/wp-json\/wp\/v2\/product\/20796\/revisions\/20839"}],"wp:featuredmedia":[{"embeddable":true,"href":"https:\/\/myfitmenu.es\/en\/wp-json\/wp\/v2\/media\/20797"}],"wp:attachment":[{"href":"https:\/\/myfitmenu.es\/en\/wp-json\/wp\/v2\/media?parent=20796"}],"wp:term":[{"taxonomy":"product_brand","embeddable":true,"href":"https:\/\/myfitmenu.es\/en\/wp-json\/wp\/v2\/product_brand?post=20796"},{"taxonomy":"product_cat","embeddable":true,"href":"https:\/\/myfitmenu.es\/en\/wp-json\/wp\/v2\/product_cat?post=20796"},{"taxonomy":"product_tag","embeddable":true,"href":"https:\/\/myfitmenu.es\/en\/wp-json\/wp\/v2\/product_tag?post=20796"}],"curies":[{"name":"wp","href":"https:\/\/api.w.org\/{rel}","templated":true}]}}