{"id":20741,"date":"2026-01-05T16:13:55","date_gmt":"2026-01-05T16:13:55","guid":{"rendered":"https:\/\/myfitmenu.es\/sin categor\u00eda\/hydro-beef-isolate-18kg-nxt-nutrition\/"},"modified":"2026-04-04T11:41:52","modified_gmt":"2026-04-04T11:41:52","slug":"hydro-beef-isolate-18kg-nxt-nutrition","status":"publish","type":"product","link":"https:\/\/myfitmenu.es\/en\/suplementacion-online\/hydro-beef-isolate-18kg-nxt-nutrition\/","title":{"rendered":"Hydro Beef Isolate 1,8.kg NXT Nutrition"},"content":{"rendered":"<p><strong>The next generation of beef protein has arrived.<\/strong><\/p>\n<p>In a world where the quality of protein sources has been called into question, NXT Nutrition offers an innovative solution: its <strong>beef protein isolate<\/strong>a real alternative to whey, perfect for people with intolerances or who are simply looking for the best.<\/p>\n<p>\u2714 <strong>90 g protein per 100 g of product<\/strong><br \/>Lactose, sugar and fat free<br \/>\u2714 Dairy allergen free<br \/>\u2714 Suitable for dieting <strong>paleo<\/strong><br \/>\u2714 Perfect dissolution and refreshing taste<\/p>\n<p>With a contribution of <strong>27 g protein per serving<\/strong>This supplement is designed to optimise recovery, muscle growth and overall wellbeing, thanks to its richness in <strong>leucine, glutamine and essential amino acids<\/strong>.<\/p>\n<p>Available in a <strong>wide variety of fruit flavours<\/strong>is ideal to drink at any time of the day, especially at night. <strong>after training<\/strong>.<\/p>\n<h3 style=\"font-size: 1.125rem;text-align: left\"><strong>Ingredients per flavour<\/strong><\/h3>\n<p style=\"font-size: 14px;text-align: left\"><span style=\"font-size: 10pt\">-<span style=\"font-size: 7pt\">\u00a0\u00a0\u00a0\u00a0\u00a0\u00a0\u00a0\u00a0 <\/span><\/span><strong>Blue raspberry:<\/strong> Beef protein, citric acid, blue raspberry flavouring, steviol glycosides, sucralose, brilliant blue colouring.<\/p>\n<p style=\"font-size: 14px;text-align: left\"><span style=\"font-size: 10pt\">-<span style=\"font-size: 7pt\">\u00a0\u00a0\u00a0\u00a0\u00a0\u00a0\u00a0\u00a0 <\/span><\/span><strong>Kiwi and lime:<\/strong> Beef protein, citric acid, kiwi and lime flavours, steviol glycosides, sucralose, green colouring Idicol.<\/p>\n<p style=\"font-size: 14px;text-align: left\"><span style=\"font-size: 10pt\">-<span style=\"font-size: 7pt\">\u00a0\u00a0\u00a0\u00a0\u00a0\u00a0\u00a0\u00a0 <\/span><\/span><strong>Juicy orange:<\/strong> Beef protein, citric acid, orange flavouring, steviol glycosides, sucralose, colours beta-carotene and beetroot red.<\/p>\n<p style=\"font-size: 14px;text-align: left\"><span style=\"font-size: 10pt\">-<span style=\"font-size: 7pt\">\u00a0\u00a0\u00a0\u00a0\u00a0\u00a0\u00a0\u00a0 <\/span><\/span><strong>Green apple:<\/strong> Beef protein, citric acid, apple flavouring, steviol glycosides, sucralose, quinoline yellow and beta-carotene. (<em>Quinoline yellow may affect attention in children.<\/em>)<\/p>\n<p style=\"font-size: 14px;text-align: left\"><span style=\"font-size: 10pt\">-<span style=\"font-size: 7pt\">\u00a0\u00a0\u00a0\u00a0\u00a0\u00a0\u00a0\u00a0 <\/span><\/span><strong>Tail:<\/strong> Beef protein, citric acid, cola flavouring, steviol glycosides, sucralose, caramel colouring.<\/p>\n<p style=\"font-size: 14px;text-align: left\"><span style=\"font-size: 10pt\">-<span style=\"font-size: 7pt\">\u00a0\u00a0\u00a0\u00a0\u00a0\u00a0\u00a0\u00a0 <\/span><\/span><strong>Pineapple soda:<\/strong> Beef protein, citric acid, pineapple flavouring, steviol glycosides, sucralose, quinoline yellow colouring (<em>May affect attention in children.<\/em>)<\/p>\n<p style=\"font-size: 14px;text-align: left\"><span style=\"font-size: 10pt\">-<span style=\"font-size: 7pt\">\u00a0\u00a0\u00a0\u00a0\u00a0\u00a0\u00a0\u00a0 <\/span><\/span><strong>Strawberry and lime:<\/strong> Beef protein, citric acid, strawberry and lime flavourings, steviol glycosides, sucralose, Allura red colouring (<em>May affect attention in children.<\/em>)<\/p>\n<p style=\"font-size: 14px;text-align: left\"><span style=\"font-size: 10pt\">-<span style=\"font-size: 7pt\">\u00a0\u00a0\u00a0\u00a0\u00a0\u00a0\u00a0\u00a0 <\/span><\/span><strong>Apple and blackcurrant:<\/strong> Beef protein, citric acid, apple and blackcurrant flavourings, steviol glycosides, sucralose, grape skin extract colouring.<\/p>","protected":false},"excerpt":{"rendered":"<p><span>NXT Nutrition beef protein isolate. 90% of protein, <\/span><strong>lactose-free, sugar-free, fat-free<\/strong><span>. Ideal for paleo diets. Up to 60 servings per container - available in refreshing flavours!<\/span><\/p>","protected":false},"featured_media":20742,"comment_status":"open","ping_status":"closed","template":"","meta":{"inline_featured_image":false},"product_brand":[],"product_cat":[350,344,160,98],"product_tag":[],"class_list":{"0":"post-20741","1":"product","2":"type-product","3":"status-publish","4":"has-post-thumbnail","6":"product_cat-proteina-de-carne","7":"product_cat-proteina-hidrolizada","8":"product_cat-proteinas-2","9":"product_cat-suplementacion-online","10":"pa_sa_color_unico-apple-blackcurrant","11":"pa_sa_color_unico-black-grape","12":"pa_sa_color_unico-cherry","13":"pa_sa_color_unico-cola","14":"pa_sa_color_unico-fresa-lima","15":"pa_sa_color_unico-fresa-sandia","16":"pa_sa_color_unico-kiwi-lima","17":"pa_sa_color_unico-lemon-lime","18":"pa_sa_color_unico-mmmto","19":"pa_sa_color_unico-orange","20":"pa_sa_color_unico-pina-colada","21":"pa_sa_talla_unica-talla-unica","23":"first","24":"instock","25":"taxable","26":"shipping-taxable","27":"purchasable","28":"product-type-variable"},"acf":[],"yoast_head":"<!-- This site is optimized with the Yoast SEO plugin v27.1.1 - https:\/\/yoast.com\/product\/yoast-seo-wordpress\/ -->\n<title>Hydro Beef Isolate 1,8.kg NXT Nutrition - My Fit Menu<\/title>\n<meta name=\"robots\" content=\"index, follow, max-snippet:-1, max-image-preview:large, max-video-preview:-1\" \/>\n<link rel=\"canonical\" href=\"https:\/\/myfitmenu.es\/en\/sin%20categor\u00eda\/hydro-beef-isolate-18kg-nxt-nutrition\/\" \/>\n<meta property=\"og:locale\" content=\"en_GB\" \/>\n<meta property=\"og:type\" content=\"article\" \/>\n<meta property=\"og:title\" content=\"Hydro Beef Isolate 1,8.kg NXT Nutrition - My Fit Menu\" \/>\n<meta property=\"og:description\" content=\"Aislado de prote\u00edna de carne de res NXT Nutrition. 90% de prote\u00edna, sin lactosa, sin az\u00facar, sin grasa. Ideal para dietas paleo. Hasta 60 raciones por envase. \u00a1Disponible en sabores refrescantes!\" \/>\n<meta property=\"og:url\" content=\"https:\/\/myfitmenu.es\/en\/sin categor\u00eda\/hydro-beef-isolate-18kg-nxt-nutrition\/\" \/>\n<meta property=\"og:site_name\" content=\"My Fit Menu\" \/>\n<meta property=\"article:modified_time\" content=\"2026-04-04T11:41:52+00:00\" \/>\n<meta name=\"twitter:card\" content=\"summary_large_image\" \/>\n<meta name=\"twitter:label1\" content=\"Estimated reading time\" \/>\n\t<meta name=\"twitter:data1\" content=\"2 minutes\" \/>\n<script type=\"application\/ld+json\" class=\"yoast-schema-graph\">{\"@context\":\"https:\/\/schema.org\",\"@graph\":[{\"@type\":\"WebPage\",\"@id\":\"https:\/\/myfitmenu.es\/sin categor\u00eda\/hydro-beef-isolate-18kg-nxt-nutrition\/\",\"url\":\"https:\/\/myfitmenu.es\/sin categor\u00eda\/hydro-beef-isolate-18kg-nxt-nutrition\/\",\"name\":\"Hydro Beef Isolate 1,8.kg NXT Nutrition - My Fit Menu\",\"isPartOf\":{\"@id\":\"https:\/\/myfitmenu.es\/#website\"},\"primaryImageOfPage\":{\"@id\":\"https:\/\/myfitmenu.es\/sin categor\u00eda\/hydro-beef-isolate-18kg-nxt-nutrition\/#primaryimage\"},\"image\":{\"@id\":\"https:\/\/myfitmenu.es\/sin categor\u00eda\/hydro-beef-isolate-18kg-nxt-nutrition\/#primaryimage\"},\"thumbnailUrl\":\"https:\/\/myfitmenu.es\/wp-content\/uploads\/2026\/01\/65be6b02e7a7d653a579d3c6-nxt-nutrition-beef-protein-isolate-1-8kg.jpg-thumbnail-2000x2000-1.webp\",\"datePublished\":\"2026-01-05T16:13:55+00:00\",\"dateModified\":\"2026-04-04T11:41:52+00:00\",\"breadcrumb\":{\"@id\":\"https:\/\/myfitmenu.es\/sin categor\u00eda\/hydro-beef-isolate-18kg-nxt-nutrition\/#breadcrumb\"},\"inLanguage\":\"en-GB\",\"potentialAction\":[{\"@type\":\"ReadAction\",\"target\":[\"https:\/\/myfitmenu.es\/sin categor\u00eda\/hydro-beef-isolate-18kg-nxt-nutrition\/\"]}]},{\"@type\":\"ImageObject\",\"inLanguage\":\"en-GB\",\"@id\":\"https:\/\/myfitmenu.es\/sin categor\u00eda\/hydro-beef-isolate-18kg-nxt-nutrition\/#primaryimage\",\"url\":\"https:\/\/myfitmenu.es\/wp-content\/uploads\/2026\/01\/65be6b02e7a7d653a579d3c6-nxt-nutrition-beef-protein-isolate-1-8kg.jpg-thumbnail-2000x2000-1.webp\",\"contentUrl\":\"https:\/\/myfitmenu.es\/wp-content\/uploads\/2026\/01\/65be6b02e7a7d653a579d3c6-nxt-nutrition-beef-protein-isolate-1-8kg.jpg-thumbnail-2000x2000-1.webp\",\"width\":569,\"height\":569},{\"@type\":\"BreadcrumbList\",\"@id\":\"https:\/\/myfitmenu.es\/sin categor\u00eda\/hydro-beef-isolate-18kg-nxt-nutrition\/#breadcrumb\",\"itemListElement\":[{\"@type\":\"ListItem\",\"position\":1,\"name\":\"Portada\",\"item\":\"https:\/\/myfitmenu.es\/\"},{\"@type\":\"ListItem\",\"position\":2,\"name\":\"Shop\",\"item\":\"http:\/\/myfitmenu.es\/en\/shop\/\"},{\"@type\":\"ListItem\",\"position\":3,\"name\":\"Hydro Beef Isolate 1,8.kg NXT Nutrition\"}]},{\"@type\":\"WebSite\",\"@id\":\"https:\/\/myfitmenu.es\/#website\",\"url\":\"https:\/\/myfitmenu.es\/\",\"name\":\"My Fit Menu\",\"description\":\"\",\"potentialAction\":[{\"@type\":\"SearchAction\",\"target\":{\"@type\":\"EntryPoint\",\"urlTemplate\":\"https:\/\/myfitmenu.es\/?s={search_term_string}\"},\"query-input\":{\"@type\":\"PropertyValueSpecification\",\"valueRequired\":true,\"valueName\":\"search_term_string\"}}],\"inLanguage\":\"en-GB\"}]}<\/script>\n<!-- \/ Yoast SEO plugin. -->","yoast_head_json":{"title":"Hydro Beef Isolate 1,8.kg NXT Nutrition - My Fit Menu","robots":{"index":"index","follow":"follow","max-snippet":"max-snippet:-1","max-image-preview":"max-image-preview:large","max-video-preview":"max-video-preview:-1"},"canonical":"https:\/\/myfitmenu.es\/en\/sin categor\u00eda\/hydro-beef-isolate-18kg-nxt-nutrition\/","og_locale":"en_GB","og_type":"article","og_title":"Hydro Beef Isolate 1,8.kg NXT Nutrition - My Fit Menu","og_description":"Aislado de prote\u00edna de carne de res NXT Nutrition. 90% de prote\u00edna, sin lactosa, sin az\u00facar, sin grasa. Ideal para dietas paleo. Hasta 60 raciones por envase. \u00a1Disponible en sabores refrescantes!","og_url":"https:\/\/myfitmenu.es\/en\/sin categor\u00eda\/hydro-beef-isolate-18kg-nxt-nutrition\/","og_site_name":"My Fit Menu","article_modified_time":"2026-04-04T11:41:52+00:00","twitter_card":"summary_large_image","twitter_misc":{"Estimated reading time":"2 minutes"},"schema":{"@context":"https:\/\/schema.org","@graph":[{"@type":"WebPage","@id":"https:\/\/myfitmenu.es\/sin categor\u00eda\/hydro-beef-isolate-18kg-nxt-nutrition\/","url":"https:\/\/myfitmenu.es\/sin categor\u00eda\/hydro-beef-isolate-18kg-nxt-nutrition\/","name":"Hydro Beef Isolate 1,8.kg NXT Nutrition - My Fit Menu","isPartOf":{"@id":"https:\/\/myfitmenu.es\/#website"},"primaryImageOfPage":{"@id":"https:\/\/myfitmenu.es\/sin categor\u00eda\/hydro-beef-isolate-18kg-nxt-nutrition\/#primaryimage"},"image":{"@id":"https:\/\/myfitmenu.es\/sin categor\u00eda\/hydro-beef-isolate-18kg-nxt-nutrition\/#primaryimage"},"thumbnailUrl":"https:\/\/myfitmenu.es\/wp-content\/uploads\/2026\/01\/65be6b02e7a7d653a579d3c6-nxt-nutrition-beef-protein-isolate-1-8kg.jpg-thumbnail-2000x2000-1.webp","datePublished":"2026-01-05T16:13:55+00:00","dateModified":"2026-04-04T11:41:52+00:00","breadcrumb":{"@id":"https:\/\/myfitmenu.es\/sin categor\u00eda\/hydro-beef-isolate-18kg-nxt-nutrition\/#breadcrumb"},"inLanguage":"en-GB","potentialAction":[{"@type":"ReadAction","target":["https:\/\/myfitmenu.es\/sin categor\u00eda\/hydro-beef-isolate-18kg-nxt-nutrition\/"]}]},{"@type":"ImageObject","inLanguage":"en-GB","@id":"https:\/\/myfitmenu.es\/sin categor\u00eda\/hydro-beef-isolate-18kg-nxt-nutrition\/#primaryimage","url":"https:\/\/myfitmenu.es\/wp-content\/uploads\/2026\/01\/65be6b02e7a7d653a579d3c6-nxt-nutrition-beef-protein-isolate-1-8kg.jpg-thumbnail-2000x2000-1.webp","contentUrl":"https:\/\/myfitmenu.es\/wp-content\/uploads\/2026\/01\/65be6b02e7a7d653a579d3c6-nxt-nutrition-beef-protein-isolate-1-8kg.jpg-thumbnail-2000x2000-1.webp","width":569,"height":569},{"@type":"BreadcrumbList","@id":"https:\/\/myfitmenu.es\/sin categor\u00eda\/hydro-beef-isolate-18kg-nxt-nutrition\/#breadcrumb","itemListElement":[{"@type":"ListItem","position":1,"name":"Portada","item":"https:\/\/myfitmenu.es\/"},{"@type":"ListItem","position":2,"name":"Shop","item":"http:\/\/myfitmenu.es\/en\/shop\/"},{"@type":"ListItem","position":3,"name":"Hydro Beef Isolate 1,8.kg NXT Nutrition"}]},{"@type":"WebSite","@id":"https:\/\/myfitmenu.es\/#website","url":"https:\/\/myfitmenu.es\/","name":"My Fit Menu","description":"","potentialAction":[{"@type":"SearchAction","target":{"@type":"EntryPoint","urlTemplate":"https:\/\/myfitmenu.es\/?s={search_term_string}"},"query-input":{"@type":"PropertyValueSpecification","valueRequired":true,"valueName":"search_term_string"}}],"inLanguage":"en-GB"}]}},"_links":{"self":[{"href":"https:\/\/myfitmenu.es\/en\/wp-json\/wp\/v2\/product\/20741","targetHints":{"allow":["GET"]}}],"collection":[{"href":"https:\/\/myfitmenu.es\/en\/wp-json\/wp\/v2\/product"}],"about":[{"href":"https:\/\/myfitmenu.es\/en\/wp-json\/wp\/v2\/types\/product"}],"replies":[{"embeddable":true,"href":"https:\/\/myfitmenu.es\/en\/wp-json\/wp\/v2\/comments?post=20741"}],"version-history":[{"count":0,"href":"https:\/\/myfitmenu.es\/en\/wp-json\/wp\/v2\/product\/20741\/revisions"}],"wp:featuredmedia":[{"embeddable":true,"href":"https:\/\/myfitmenu.es\/en\/wp-json\/wp\/v2\/media\/20742"}],"wp:attachment":[{"href":"https:\/\/myfitmenu.es\/en\/wp-json\/wp\/v2\/media?parent=20741"}],"wp:term":[{"taxonomy":"product_brand","embeddable":true,"href":"https:\/\/myfitmenu.es\/en\/wp-json\/wp\/v2\/product_brand?post=20741"},{"taxonomy":"product_cat","embeddable":true,"href":"https:\/\/myfitmenu.es\/en\/wp-json\/wp\/v2\/product_cat?post=20741"},{"taxonomy":"product_tag","embeddable":true,"href":"https:\/\/myfitmenu.es\/en\/wp-json\/wp\/v2\/product_tag?post=20741"}],"curies":[{"name":"wp","href":"https:\/\/api.w.org\/{rel}","templated":true}]}}