{"id":20621,"date":"2025-10-28T16:45:28","date_gmt":"2025-10-28T16:45:28","guid":{"rendered":"https:\/\/myfitmenu.es\/sin categor\u00eda\/glicinato-de-magnesio-90-capsulas-ostrovit\/"},"modified":"2025-11-24T16:55:20","modified_gmt":"2025-11-24T16:55:20","slug":"glicinato-de-magnesio-90-capsulas-ostrovit","status":"publish","type":"product","link":"https:\/\/myfitmenu.es\/en\/suplementacion-online\/glicinato-de-magnesio-90-capsulas-ostrovit\/","title":{"rendered":"Magnesium glycinate 90 capsules Ostrovit"},"content":{"rendered":"<ul>\n<li><strong>Source of magnesium<\/strong> - one serving of the food supplement provides the body with 400 mg of the element in the form of magnesium diglycinate.<\/li>\n<li><strong>1 serving = 3 capsules<\/strong>.<\/li>\n<li><strong>Performance<\/strong> - The product package contains 30 servings, enough for one month of regular supplementation.<\/li>\n<li><strong>Practical<\/strong> - the product is available in easy-to-swallow capsule form for trouble-free delivery of the dietary supplement.<\/li>\n<\/ul>\n<h2>OstroVit Magnesium Glycinate - source of a valuable macronutrient<\/h2>\n<p><strong>Magnesium<\/strong> - the chemical element with the symbol Mg. This mineral is classified as a macronutrient because it is found in the human body in significant amounts. In the human system magnesium is mainly stored in the bones and muscles, and only 1% of the element is found in the blood. It is a widespread compound in food and is found in both animal and plant products. Nutritional sources of magnesium are considered m.en. whole grains, dried pulses, as well as nuts and green leafy vegetables. OstroVit uses magnesium diglycinate, a magnesium chelate, a compound that combines magnesium with two molecules of the protein amino acid glycine. Magnesium diglycinate is a highly bioavailable substance that does not contribute to gastrointestinal discomfort, which has a positive impact on the quality of the product and the effectiveness of supplementation. <\/p>\n<h2>Properties of the ingredients contained in OstroVit Magnesium Glycinate<\/h2>\n<p><strong>Magnesium<\/strong> helps to reduce the feeling of fatigue and tiredness and helps to maintain electrolyte balance. It also supports the proper functioning of the nervous system and helps maintain normal energy metabolism. Magnesium also contributes to the proper functioning of muscles and the maintenance of healthy bones and teeth. It is also involved in cell division and contributes to the maintenance of optimal psychological functions.<\/p>\n<p>Laboratory-confirmed quality<\/p>\n<p>Concerned about the health of our customers and to guarantee and maintain the highest quality, all our products are regularly tested in an independent accredited laboratory.<\/p>\n<p>Take 1 dose (3 capsules) per day.<\/p>\n<p>Do not exceed the recommended daily dose. Food supplements should not be used as a substitute for a varied diet. A balanced diet and a healthy lifestyle are recommended. Do not consume this product if you are allergic to any of the ingredients. The product should not be used by children, pregnant women or nursing mothers. Keep out of the reach of young children.<\/p>\n<p>Store at 15-25 \u00b0C, in a sealed container, in a dry place. Protect from direct sunlight.<\/p>\n<h3><strong>Ingredients<\/strong><\/h3>\n<p>Magnesium diglycinate (magnesium), bulking agent: hydroxypropyl methylcellulose; inulin.<\/p>\n<p>Manufactured in a plant that uses ingredients derived from milk (including lactose), soya, peanuts, other nuts, cereals containing gluten, eggs, crustaceans and fish.<\/p>\n<h3><strong>Nutritional value<\/strong><\/h3>\n<p>Net product weight: 89 gNumber of servings per container: 30Serving size: 3 capsules<\/p>\n<table>\n<tbody>\n<tr>\n<th>Active ingredients<\/th>\n<th>Per portion<\/th>\n<th>% IDR* % IDR* % IDR* % IDR<\/th>\n<\/tr>\n<tr>\n<td>Magnesium<\/td>\n<td>400 mg<\/td>\n<td>107%<\/td>\n<\/tr>\n<\/tbody>\n<\/table>\n<p>*Dietary Reference Intakes (DRIs)<\/p>\n<h3>OstroVit Sp. z o.o.<\/h3>\n<p>Sitarska 16, 18-300 Zambr\u00f3w<\/p>","protected":false},"excerpt":{"rendered":"<p><span style=\"font-size: 14px;text-align: left;float: none\">OstroVit Magnesium Glycinate is a high-quality dietary supplement that provides a source of magnesium in the form of magnesium diglycinate. It is available in easy-to-swallow capsule form, designed for people who wish to supplement their daily diet with the valuable ingredient.<\/span><\/p>","protected":false},"featured_media":20622,"comment_status":"open","ping_status":"closed","template":"","meta":{"inline_featured_image":false},"product_brand":[],"product_cat":[207,206,98],"product_tag":[],"class_list":{"0":"post-20621","1":"product","2":"type-product","3":"status-publish","4":"has-post-thumbnail","6":"product_cat-descanso-2","7":"product_cat-salud-2","8":"product_cat-suplementacion-online","9":"pa_sa_color_unico-color-unico","10":"pa_sa_talla_unica-talla-unica","12":"first","13":"outofstock","14":"taxable","15":"shipping-taxable","16":"purchasable","17":"product-type-simple"},"acf":[],"yoast_head":"<!-- This site is optimized with the Yoast SEO plugin v27.1.1 - https:\/\/yoast.com\/product\/yoast-seo-wordpress\/ -->\n<title>Glicinato de magnesio 90 c\u00e1psulas Ostrovit - My Fit Menu<\/title>\n<meta name=\"robots\" content=\"index, follow, max-snippet:-1, max-image-preview:large, max-video-preview:-1\" \/>\n<link rel=\"canonical\" href=\"https:\/\/myfitmenu.es\/en\/sin%20categor\u00eda\/glicinato-de-magnesio-90-capsulas-ostrovit\/\" \/>\n<meta property=\"og:locale\" content=\"en_GB\" \/>\n<meta property=\"og:type\" content=\"article\" \/>\n<meta property=\"og:title\" content=\"Glicinato de magnesio 90 c\u00e1psulas Ostrovit - My Fit Menu\" \/>\n<meta property=\"og:description\" content=\"OstroVit Glicinato de magnesio es un suplemento diet\u00e9tico de alta calidad que proporciona una fuente de magnesio en forma de diglicinato de magnesio. Est\u00e1 disponible en forma de c\u00e1psulas f\u00e1ciles de tragar, dise\u00f1adas para las personas que desean complementar su dieta diaria con el valioso ingrediente.\" \/>\n<meta property=\"og:url\" content=\"https:\/\/myfitmenu.es\/en\/sin categor\u00eda\/glicinato-de-magnesio-90-capsulas-ostrovit\/\" \/>\n<meta property=\"og:site_name\" content=\"My Fit Menu\" \/>\n<meta property=\"article:modified_time\" content=\"2025-11-24T16:55:20+00:00\" \/>\n<meta name=\"twitter:card\" content=\"summary_large_image\" \/>\n<meta name=\"twitter:label1\" content=\"Estimated reading time\" \/>\n\t<meta name=\"twitter:data1\" content=\"3 minutes\" \/>\n<script type=\"application\/ld+json\" class=\"yoast-schema-graph\">{\"@context\":\"https:\/\/schema.org\",\"@graph\":[{\"@type\":\"WebPage\",\"@id\":\"https:\/\/myfitmenu.es\/sin categor\u00eda\/glicinato-de-magnesio-90-capsulas-ostrovit\/\",\"url\":\"https:\/\/myfitmenu.es\/sin categor\u00eda\/glicinato-de-magnesio-90-capsulas-ostrovit\/\",\"name\":\"Glicinato de magnesio 90 c\u00e1psulas Ostrovit - My Fit Menu\",\"isPartOf\":{\"@id\":\"https:\/\/myfitmenu.es\/#website\"},\"primaryImageOfPage\":{\"@id\":\"https:\/\/myfitmenu.es\/sin categor\u00eda\/glicinato-de-magnesio-90-capsulas-ostrovit\/#primaryimage\"},\"image\":{\"@id\":\"https:\/\/myfitmenu.es\/sin categor\u00eda\/glicinato-de-magnesio-90-capsulas-ostrovit\/#primaryimage\"},\"thumbnailUrl\":\"https:\/\/myfitmenu.es\/wp-content\/uploads\/2025\/10\/spa_pm_OstroVit-Glicinato-de-magnesio-90-capsulas-26641_2-thumbnail-2000x2000-1.png\",\"datePublished\":\"2025-10-28T16:45:28+00:00\",\"dateModified\":\"2025-11-24T16:55:20+00:00\",\"breadcrumb\":{\"@id\":\"https:\/\/myfitmenu.es\/sin categor\u00eda\/glicinato-de-magnesio-90-capsulas-ostrovit\/#breadcrumb\"},\"inLanguage\":\"en-GB\",\"potentialAction\":[{\"@type\":\"ReadAction\",\"target\":[\"https:\/\/myfitmenu.es\/sin categor\u00eda\/glicinato-de-magnesio-90-capsulas-ostrovit\/\"]}]},{\"@type\":\"ImageObject\",\"inLanguage\":\"en-GB\",\"@id\":\"https:\/\/myfitmenu.es\/sin categor\u00eda\/glicinato-de-magnesio-90-capsulas-ostrovit\/#primaryimage\",\"url\":\"https:\/\/myfitmenu.es\/wp-content\/uploads\/2025\/10\/spa_pm_OstroVit-Glicinato-de-magnesio-90-capsulas-26641_2-thumbnail-2000x2000-1.png\",\"contentUrl\":\"https:\/\/myfitmenu.es\/wp-content\/uploads\/2025\/10\/spa_pm_OstroVit-Glicinato-de-magnesio-90-capsulas-26641_2-thumbnail-2000x2000-1.png\",\"width\":450,\"height\":450},{\"@type\":\"BreadcrumbList\",\"@id\":\"https:\/\/myfitmenu.es\/sin categor\u00eda\/glicinato-de-magnesio-90-capsulas-ostrovit\/#breadcrumb\",\"itemListElement\":[{\"@type\":\"ListItem\",\"position\":1,\"name\":\"Portada\",\"item\":\"https:\/\/myfitmenu.es\/\"},{\"@type\":\"ListItem\",\"position\":2,\"name\":\"Shop\",\"item\":\"http:\/\/myfitmenu.es\/en\/shop\/\"},{\"@type\":\"ListItem\",\"position\":3,\"name\":\"Glicinato de magnesio 90 c\u00e1psulas Ostrovit\"}]},{\"@type\":\"WebSite\",\"@id\":\"https:\/\/myfitmenu.es\/#website\",\"url\":\"https:\/\/myfitmenu.es\/\",\"name\":\"My Fit Menu\",\"description\":\"\",\"potentialAction\":[{\"@type\":\"SearchAction\",\"target\":{\"@type\":\"EntryPoint\",\"urlTemplate\":\"https:\/\/myfitmenu.es\/?s={search_term_string}\"},\"query-input\":{\"@type\":\"PropertyValueSpecification\",\"valueRequired\":true,\"valueName\":\"search_term_string\"}}],\"inLanguage\":\"en-GB\"}]}<\/script>\n<!-- \/ Yoast SEO plugin. -->","yoast_head_json":{"title":"Glicinato de magnesio 90 c\u00e1psulas Ostrovit - My Fit Menu","robots":{"index":"index","follow":"follow","max-snippet":"max-snippet:-1","max-image-preview":"max-image-preview:large","max-video-preview":"max-video-preview:-1"},"canonical":"https:\/\/myfitmenu.es\/en\/sin categor\u00eda\/glicinato-de-magnesio-90-capsulas-ostrovit\/","og_locale":"en_GB","og_type":"article","og_title":"Glicinato de magnesio 90 c\u00e1psulas Ostrovit - My Fit Menu","og_description":"OstroVit Glicinato de magnesio es un suplemento diet\u00e9tico de alta calidad que proporciona una fuente de magnesio en forma de diglicinato de magnesio. Est\u00e1 disponible en forma de c\u00e1psulas f\u00e1ciles de tragar, dise\u00f1adas para las personas que desean complementar su dieta diaria con el valioso ingrediente.","og_url":"https:\/\/myfitmenu.es\/en\/sin categor\u00eda\/glicinato-de-magnesio-90-capsulas-ostrovit\/","og_site_name":"My Fit Menu","article_modified_time":"2025-11-24T16:55:20+00:00","twitter_card":"summary_large_image","twitter_misc":{"Estimated reading time":"3 minutes"},"schema":{"@context":"https:\/\/schema.org","@graph":[{"@type":"WebPage","@id":"https:\/\/myfitmenu.es\/sin categor\u00eda\/glicinato-de-magnesio-90-capsulas-ostrovit\/","url":"https:\/\/myfitmenu.es\/sin categor\u00eda\/glicinato-de-magnesio-90-capsulas-ostrovit\/","name":"Glicinato de magnesio 90 c\u00e1psulas Ostrovit - My Fit Menu","isPartOf":{"@id":"https:\/\/myfitmenu.es\/#website"},"primaryImageOfPage":{"@id":"https:\/\/myfitmenu.es\/sin categor\u00eda\/glicinato-de-magnesio-90-capsulas-ostrovit\/#primaryimage"},"image":{"@id":"https:\/\/myfitmenu.es\/sin categor\u00eda\/glicinato-de-magnesio-90-capsulas-ostrovit\/#primaryimage"},"thumbnailUrl":"https:\/\/myfitmenu.es\/wp-content\/uploads\/2025\/10\/spa_pm_OstroVit-Glicinato-de-magnesio-90-capsulas-26641_2-thumbnail-2000x2000-1.png","datePublished":"2025-10-28T16:45:28+00:00","dateModified":"2025-11-24T16:55:20+00:00","breadcrumb":{"@id":"https:\/\/myfitmenu.es\/sin categor\u00eda\/glicinato-de-magnesio-90-capsulas-ostrovit\/#breadcrumb"},"inLanguage":"en-GB","potentialAction":[{"@type":"ReadAction","target":["https:\/\/myfitmenu.es\/sin categor\u00eda\/glicinato-de-magnesio-90-capsulas-ostrovit\/"]}]},{"@type":"ImageObject","inLanguage":"en-GB","@id":"https:\/\/myfitmenu.es\/sin categor\u00eda\/glicinato-de-magnesio-90-capsulas-ostrovit\/#primaryimage","url":"https:\/\/myfitmenu.es\/wp-content\/uploads\/2025\/10\/spa_pm_OstroVit-Glicinato-de-magnesio-90-capsulas-26641_2-thumbnail-2000x2000-1.png","contentUrl":"https:\/\/myfitmenu.es\/wp-content\/uploads\/2025\/10\/spa_pm_OstroVit-Glicinato-de-magnesio-90-capsulas-26641_2-thumbnail-2000x2000-1.png","width":450,"height":450},{"@type":"BreadcrumbList","@id":"https:\/\/myfitmenu.es\/sin categor\u00eda\/glicinato-de-magnesio-90-capsulas-ostrovit\/#breadcrumb","itemListElement":[{"@type":"ListItem","position":1,"name":"Portada","item":"https:\/\/myfitmenu.es\/"},{"@type":"ListItem","position":2,"name":"Shop","item":"http:\/\/myfitmenu.es\/en\/shop\/"},{"@type":"ListItem","position":3,"name":"Glicinato de magnesio 90 c\u00e1psulas Ostrovit"}]},{"@type":"WebSite","@id":"https:\/\/myfitmenu.es\/#website","url":"https:\/\/myfitmenu.es\/","name":"My Fit Menu","description":"","potentialAction":[{"@type":"SearchAction","target":{"@type":"EntryPoint","urlTemplate":"https:\/\/myfitmenu.es\/?s={search_term_string}"},"query-input":{"@type":"PropertyValueSpecification","valueRequired":true,"valueName":"search_term_string"}}],"inLanguage":"en-GB"}]}},"_links":{"self":[{"href":"https:\/\/myfitmenu.es\/en\/wp-json\/wp\/v2\/product\/20621","targetHints":{"allow":["GET"]}}],"collection":[{"href":"https:\/\/myfitmenu.es\/en\/wp-json\/wp\/v2\/product"}],"about":[{"href":"https:\/\/myfitmenu.es\/en\/wp-json\/wp\/v2\/types\/product"}],"replies":[{"embeddable":true,"href":"https:\/\/myfitmenu.es\/en\/wp-json\/wp\/v2\/comments?post=20621"}],"version-history":[{"count":0,"href":"https:\/\/myfitmenu.es\/en\/wp-json\/wp\/v2\/product\/20621\/revisions"}],"wp:featuredmedia":[{"embeddable":true,"href":"https:\/\/myfitmenu.es\/en\/wp-json\/wp\/v2\/media\/20622"}],"wp:attachment":[{"href":"https:\/\/myfitmenu.es\/en\/wp-json\/wp\/v2\/media?parent=20621"}],"wp:term":[{"taxonomy":"product_brand","embeddable":true,"href":"https:\/\/myfitmenu.es\/en\/wp-json\/wp\/v2\/product_brand?post=20621"},{"taxonomy":"product_cat","embeddable":true,"href":"https:\/\/myfitmenu.es\/en\/wp-json\/wp\/v2\/product_cat?post=20621"},{"taxonomy":"product_tag","embeddable":true,"href":"https:\/\/myfitmenu.es\/en\/wp-json\/wp\/v2\/product_tag?post=20621"}],"curies":[{"name":"wp","href":"https:\/\/api.w.org\/{rel}","templated":true}]}}