{"id":20619,"date":"2025-10-28T12:52:29","date_gmt":"2025-10-28T12:52:29","guid":{"rendered":"https:\/\/myfitmenu.es\/sin categor\u00eda\/citrato-de-magnesio-60-capsulas\/"},"modified":"2026-02-27T13:17:05","modified_gmt":"2026-02-27T13:17:05","slug":"citrato-de-magnesio-60-capsulas","status":"publish","type":"product","link":"https:\/\/myfitmenu.es\/en\/suplementacion-online\/citrato-de-magnesio-60-capsulas\/","title":{"rendered":"Magnesium Citrate 60 capsules"},"content":{"rendered":"<ul>\n<li><strong>Source of magnesium<\/strong> - one serving of the food supplement provides the body with 240 mg of magnesium.<\/li>\n<li><strong>1 serving = 2 capsules.<\/strong><\/li>\n<li><strong>Performance<\/strong> - The product package contains 30 servings, enough for one month of regular supplementation.<\/li>\n<li><strong>Practical <\/strong>- the product is available in easy-to-swallow capsule form for trouble-free delivery of the dietary supplement.<\/li>\n<\/ul>\n<h2>OstroVit Pharma Magnesium Citrate - a valuable supplement to your daily diet<\/h2>\n<p><strong>Magnesium<\/strong> - the chemical element with the symbol Mg. This mineral is found in the body in significant quantities and is therefore classified as a macronutrient. In the human body, the compound is mainly stored in bones and muscles. In contrast, whole grains, seeds and nuts are considered to be dietary sources of magnesium.<\/p>\n<h2>Properties of the ingredients in OstroVit Pharma Magnesium Citrate<\/h2>\n<p><strong>Magnesium<\/strong> helps to reduce the feeling of fatigue and tiredness and helps to maintain electrolyte balance. It also supports the proper functioning of the nervous system and helps maintain normal energy metabolism. Magnesium also contributes to the proper functioning of muscles and the maintenance of healthy bones and teeth. It is also involved in cell division and helps maintain optimal psychological functions.<\/p>\n<p>Take 1 dose (2 capsules) per day, after meals. The product is intended for adults.<\/p>\n<p>Do not exceed the recommended daily dose. The food supplement should not be used as a substitute (replacement) for a varied diet. A balanced diet and a healthy lifestyle are recommended. Do not use if allergic to any of the ingredients of the product. The product should not be administered to children or to pregnant or breastfeeding women. Keep out of the reach of young children.<\/p>\n<h3><strong>Ingredients<\/strong><\/h3>\n<p>Magnesium salts of citric acid (magnesium), capsule shell (bulking agent: hydroxypropyl methylcellulose).<\/p>\n<p>The product may contain milk (including lactose), soya, peanuts, other nuts, sesame seeds, cereals containing gluten, eggs, crustaceans and fish.<\/p>\n<h3><strong>Nutritional value<\/strong><\/h3>\n<p>Net product weight: 64 gNumber of servings per container: 30Serving size: 2 capsules<\/p>\n<table>\n<tbody>\n<tr>\n<th>Active ingredients<\/th>\n<th>Per portion<\/th>\n<th>% IDR* % IDR* % IDR* % IDR<\/th>\n<\/tr>\n<tr>\n<td>Magnesium<\/td>\n<td>240 mg<\/td>\n<td>64%<\/td>\n<\/tr>\n<\/tbody>\n<\/table>\n<p>*Dietary Reference Intakes (DRIs)<\/p>\n<h3>OstroVit Sp. z o.o.<\/h3>\n<p>Sitarska 16, 18-300 Zambr\u00f3w<\/p>","protected":false},"excerpt":{"rendered":"<p><span style=\"font-size: 14px;text-align: left;float: none\">OstroVit Pharma Magnesium Citrate is a high quality dietary supplement that provides a source of magnesium, in the highly bioavailable form of magnesium citrate. It is a product from OstroVit Pharma's elite line, available in easy-to-swallow capsule form, created for conscious consumers who wish to supplement their daily diet with the valuable micronutrient.<\/span><\/p>","protected":false},"featured_media":20620,"comment_status":"open","ping_status":"closed","template":"","meta":{"inline_featured_image":false},"product_brand":[],"product_cat":[206,98],"product_tag":[],"class_list":{"0":"post-20619","1":"product","2":"type-product","3":"status-publish","4":"has-post-thumbnail","6":"product_cat-salud-2","7":"product_cat-suplementacion-online","8":"pa_sa_color_unico-color-unico","9":"pa_sa_talla_unica-talla-unica","11":"first","12":"outofstock","13":"taxable","14":"shipping-taxable","15":"purchasable","16":"product-type-simple"},"acf":[],"yoast_head":"<!-- This site is optimized with the Yoast SEO plugin v27.1.1 - https:\/\/yoast.com\/product\/yoast-seo-wordpress\/ -->\n<title>Citrato de Magnesio 60 c\u00e1psulas - My Fit Menu<\/title>\n<meta name=\"robots\" content=\"index, follow, max-snippet:-1, max-image-preview:large, max-video-preview:-1\" \/>\n<link rel=\"canonical\" href=\"https:\/\/myfitmenu.es\/en\/sin%20categor\u00eda\/citrato-de-magnesio-60-capsulas\/\" \/>\n<meta property=\"og:locale\" content=\"en_GB\" \/>\n<meta property=\"og:type\" content=\"article\" \/>\n<meta property=\"og:title\" content=\"Citrato de Magnesio 60 c\u00e1psulas - My Fit Menu\" \/>\n<meta property=\"og:description\" content=\"OstroVit Pharma Citrato de Magnesio es un suplemento diet\u00e9tico de alta calidad que proporciona una fuente de magnesio, en la forma altamente biodisponible de citrato de magnesio. Se trata de un producto de la l\u00ednea de \u00e9lite de OstroVit Pharma, disponible en forma de c\u00e1psulas f\u00e1ciles de tragar, creado para consumidores conscientes que desean complementar su dieta diaria con el valioso micronutriente.\" \/>\n<meta property=\"og:url\" content=\"https:\/\/myfitmenu.es\/en\/sin categor\u00eda\/citrato-de-magnesio-60-capsulas\/\" \/>\n<meta property=\"og:site_name\" content=\"My Fit Menu\" \/>\n<meta property=\"article:modified_time\" content=\"2026-02-27T13:17:05+00:00\" \/>\n<meta name=\"twitter:card\" content=\"summary_large_image\" \/>\n<meta name=\"twitter:label1\" content=\"Estimated reading time\" \/>\n\t<meta name=\"twitter:data1\" content=\"2 minutes\" \/>\n<script type=\"application\/ld+json\" class=\"yoast-schema-graph\">{\"@context\":\"https:\/\/schema.org\",\"@graph\":[{\"@type\":\"WebPage\",\"@id\":\"https:\/\/myfitmenu.es\/sin categor\u00eda\/citrato-de-magnesio-60-capsulas\/\",\"url\":\"https:\/\/myfitmenu.es\/sin categor\u00eda\/citrato-de-magnesio-60-capsulas\/\",\"name\":\"Citrato de Magnesio 60 c\u00e1psulas - My Fit Menu\",\"isPartOf\":{\"@id\":\"https:\/\/myfitmenu.es\/#website\"},\"primaryImageOfPage\":{\"@id\":\"https:\/\/myfitmenu.es\/sin categor\u00eda\/citrato-de-magnesio-60-capsulas\/#primaryimage\"},\"image\":{\"@id\":\"https:\/\/myfitmenu.es\/sin categor\u00eda\/citrato-de-magnesio-60-capsulas\/#primaryimage\"},\"thumbnailUrl\":\"https:\/\/myfitmenu.es\/wp-content\/uploads\/2025\/10\/spa_pm_OstroVit-Pharma-Citrato-de-Magnesio-60-capsulas-26408_1-thumbnail-2000x2000-1.png\",\"datePublished\":\"2025-10-28T12:52:29+00:00\",\"dateModified\":\"2026-02-27T13:17:05+00:00\",\"breadcrumb\":{\"@id\":\"https:\/\/myfitmenu.es\/sin categor\u00eda\/citrato-de-magnesio-60-capsulas\/#breadcrumb\"},\"inLanguage\":\"en-GB\",\"potentialAction\":[{\"@type\":\"ReadAction\",\"target\":[\"https:\/\/myfitmenu.es\/sin categor\u00eda\/citrato-de-magnesio-60-capsulas\/\"]}]},{\"@type\":\"ImageObject\",\"inLanguage\":\"en-GB\",\"@id\":\"https:\/\/myfitmenu.es\/sin categor\u00eda\/citrato-de-magnesio-60-capsulas\/#primaryimage\",\"url\":\"https:\/\/myfitmenu.es\/wp-content\/uploads\/2025\/10\/spa_pm_OstroVit-Pharma-Citrato-de-Magnesio-60-capsulas-26408_1-thumbnail-2000x2000-1.png\",\"contentUrl\":\"https:\/\/myfitmenu.es\/wp-content\/uploads\/2025\/10\/spa_pm_OstroVit-Pharma-Citrato-de-Magnesio-60-capsulas-26408_1-thumbnail-2000x2000-1.png\",\"width\":450,\"height\":450},{\"@type\":\"BreadcrumbList\",\"@id\":\"https:\/\/myfitmenu.es\/sin categor\u00eda\/citrato-de-magnesio-60-capsulas\/#breadcrumb\",\"itemListElement\":[{\"@type\":\"ListItem\",\"position\":1,\"name\":\"Portada\",\"item\":\"https:\/\/myfitmenu.es\/\"},{\"@type\":\"ListItem\",\"position\":2,\"name\":\"Shop\",\"item\":\"http:\/\/myfitmenu.es\/en\/shop\/\"},{\"@type\":\"ListItem\",\"position\":3,\"name\":\"Citrato de Magnesio 60 c\u00e1psulas\"}]},{\"@type\":\"WebSite\",\"@id\":\"https:\/\/myfitmenu.es\/#website\",\"url\":\"https:\/\/myfitmenu.es\/\",\"name\":\"My Fit Menu\",\"description\":\"\",\"potentialAction\":[{\"@type\":\"SearchAction\",\"target\":{\"@type\":\"EntryPoint\",\"urlTemplate\":\"https:\/\/myfitmenu.es\/?s={search_term_string}\"},\"query-input\":{\"@type\":\"PropertyValueSpecification\",\"valueRequired\":true,\"valueName\":\"search_term_string\"}}],\"inLanguage\":\"en-GB\"}]}<\/script>\n<!-- \/ Yoast SEO plugin. -->","yoast_head_json":{"title":"Citrato de Magnesio 60 c\u00e1psulas - My Fit Menu","robots":{"index":"index","follow":"follow","max-snippet":"max-snippet:-1","max-image-preview":"max-image-preview:large","max-video-preview":"max-video-preview:-1"},"canonical":"https:\/\/myfitmenu.es\/en\/sin categor\u00eda\/citrato-de-magnesio-60-capsulas\/","og_locale":"en_GB","og_type":"article","og_title":"Citrato de Magnesio 60 c\u00e1psulas - My Fit Menu","og_description":"OstroVit Pharma Citrato de Magnesio es un suplemento diet\u00e9tico de alta calidad que proporciona una fuente de magnesio, en la forma altamente biodisponible de citrato de magnesio. Se trata de un producto de la l\u00ednea de \u00e9lite de OstroVit Pharma, disponible en forma de c\u00e1psulas f\u00e1ciles de tragar, creado para consumidores conscientes que desean complementar su dieta diaria con el valioso micronutriente.","og_url":"https:\/\/myfitmenu.es\/en\/sin categor\u00eda\/citrato-de-magnesio-60-capsulas\/","og_site_name":"My Fit Menu","article_modified_time":"2026-02-27T13:17:05+00:00","twitter_card":"summary_large_image","twitter_misc":{"Estimated reading time":"2 minutes"},"schema":{"@context":"https:\/\/schema.org","@graph":[{"@type":"WebPage","@id":"https:\/\/myfitmenu.es\/sin categor\u00eda\/citrato-de-magnesio-60-capsulas\/","url":"https:\/\/myfitmenu.es\/sin categor\u00eda\/citrato-de-magnesio-60-capsulas\/","name":"Citrato de Magnesio 60 c\u00e1psulas - My Fit Menu","isPartOf":{"@id":"https:\/\/myfitmenu.es\/#website"},"primaryImageOfPage":{"@id":"https:\/\/myfitmenu.es\/sin categor\u00eda\/citrato-de-magnesio-60-capsulas\/#primaryimage"},"image":{"@id":"https:\/\/myfitmenu.es\/sin categor\u00eda\/citrato-de-magnesio-60-capsulas\/#primaryimage"},"thumbnailUrl":"https:\/\/myfitmenu.es\/wp-content\/uploads\/2025\/10\/spa_pm_OstroVit-Pharma-Citrato-de-Magnesio-60-capsulas-26408_1-thumbnail-2000x2000-1.png","datePublished":"2025-10-28T12:52:29+00:00","dateModified":"2026-02-27T13:17:05+00:00","breadcrumb":{"@id":"https:\/\/myfitmenu.es\/sin categor\u00eda\/citrato-de-magnesio-60-capsulas\/#breadcrumb"},"inLanguage":"en-GB","potentialAction":[{"@type":"ReadAction","target":["https:\/\/myfitmenu.es\/sin categor\u00eda\/citrato-de-magnesio-60-capsulas\/"]}]},{"@type":"ImageObject","inLanguage":"en-GB","@id":"https:\/\/myfitmenu.es\/sin categor\u00eda\/citrato-de-magnesio-60-capsulas\/#primaryimage","url":"https:\/\/myfitmenu.es\/wp-content\/uploads\/2025\/10\/spa_pm_OstroVit-Pharma-Citrato-de-Magnesio-60-capsulas-26408_1-thumbnail-2000x2000-1.png","contentUrl":"https:\/\/myfitmenu.es\/wp-content\/uploads\/2025\/10\/spa_pm_OstroVit-Pharma-Citrato-de-Magnesio-60-capsulas-26408_1-thumbnail-2000x2000-1.png","width":450,"height":450},{"@type":"BreadcrumbList","@id":"https:\/\/myfitmenu.es\/sin categor\u00eda\/citrato-de-magnesio-60-capsulas\/#breadcrumb","itemListElement":[{"@type":"ListItem","position":1,"name":"Portada","item":"https:\/\/myfitmenu.es\/"},{"@type":"ListItem","position":2,"name":"Shop","item":"http:\/\/myfitmenu.es\/en\/shop\/"},{"@type":"ListItem","position":3,"name":"Citrato de Magnesio 60 c\u00e1psulas"}]},{"@type":"WebSite","@id":"https:\/\/myfitmenu.es\/#website","url":"https:\/\/myfitmenu.es\/","name":"My Fit Menu","description":"","potentialAction":[{"@type":"SearchAction","target":{"@type":"EntryPoint","urlTemplate":"https:\/\/myfitmenu.es\/?s={search_term_string}"},"query-input":{"@type":"PropertyValueSpecification","valueRequired":true,"valueName":"search_term_string"}}],"inLanguage":"en-GB"}]}},"_links":{"self":[{"href":"https:\/\/myfitmenu.es\/en\/wp-json\/wp\/v2\/product\/20619","targetHints":{"allow":["GET"]}}],"collection":[{"href":"https:\/\/myfitmenu.es\/en\/wp-json\/wp\/v2\/product"}],"about":[{"href":"https:\/\/myfitmenu.es\/en\/wp-json\/wp\/v2\/types\/product"}],"replies":[{"embeddable":true,"href":"https:\/\/myfitmenu.es\/en\/wp-json\/wp\/v2\/comments?post=20619"}],"version-history":[{"count":0,"href":"https:\/\/myfitmenu.es\/en\/wp-json\/wp\/v2\/product\/20619\/revisions"}],"wp:featuredmedia":[{"embeddable":true,"href":"https:\/\/myfitmenu.es\/en\/wp-json\/wp\/v2\/media\/20620"}],"wp:attachment":[{"href":"https:\/\/myfitmenu.es\/en\/wp-json\/wp\/v2\/media?parent=20619"}],"wp:term":[{"taxonomy":"product_brand","embeddable":true,"href":"https:\/\/myfitmenu.es\/en\/wp-json\/wp\/v2\/product_brand?post=20619"},{"taxonomy":"product_cat","embeddable":true,"href":"https:\/\/myfitmenu.es\/en\/wp-json\/wp\/v2\/product_cat?post=20619"},{"taxonomy":"product_tag","embeddable":true,"href":"https:\/\/myfitmenu.es\/en\/wp-json\/wp\/v2\/product_tag?post=20619"}],"curies":[{"name":"wp","href":"https:\/\/api.w.org\/{rel}","templated":true}]}}