{"id":20585,"date":"2025-10-18T08:25:50","date_gmt":"2025-10-18T08:25:50","guid":{"rendered":"https:\/\/myfitmenu.es\/sin%20categor\u00eda\/nitric-125-caps-amix\/"},"modified":"2026-04-07T11:48:45","modified_gmt":"2026-04-07T11:48:45","slug":"nitric-125-caps-amix","status":"publish","type":"product","link":"https:\/\/myfitmenu.es\/en\/suplementacion-online\/nitric-125-caps-amix\/","title":{"rendered":"Nitric 125 Caps Amix"},"content":{"rendered":"<p><strong>Amix\u2122 Nitric<\/strong>\u00a0contains a special triple nitric strength complex, combining three unique and advanced forms of amino acid: L-arginine alpha-ketoglutarate (A-AKG), ethyl ester HCL, alpha-ketoisocaproate (A-AKIC).\u00a0<\/p>\n<p>L-Arginine is a basic amino acid in the human body and is also a precursor of Nitric Oxide (NO).<\/p>\n<p><strong>Amix\u2122 Nitric<\/strong>\u00a0is also enriched with L-Citrulline Malate and Betaine HCL.<\/p>\n<p><strong>Nitric Extreme Formula contains\u00a0\u00a0<span>CRT-<\/span><\/strong><span><strong>ss<\/strong>,\u00a0<\/span>a long-lasting support system that increases the assimilation of the product's components, their metabolisation in the body and facilitates the correct digestion of the product.\u00a0<\/p>\n<p><strong>Recommended daily dose:<\/strong>\u00a010 capsules<\/p>\n<p><strong>Instructions for use:\u00a0<\/strong>Take 5 capsules after breakfast with 200 ml of water and 5 capsules before physical activity with 200 ml of water.<br \/>On days without physical activity: take 5 capsules at lunch with 200 ml of water and 5 capsules at dinner with 200 ml of water.\u00a0<\/p>\n<table>\n<tbody>\n<tr>\n<td><strong>Nutritional Information<\/strong><\/td>\n<td><\/td>\n<\/tr>\n<tr>\n<td>Dosage: 5 capsules<\/td>\n<td><\/td>\n<\/tr>\n<tr>\n<td><strong>CellEx\u2122 Triple Strength Matrix<\/strong><\/td>\n<td>2 000 mg<\/td>\n<\/tr>\n<tr>\n<td>\u00a0Arginine Alpha ketoglutarate<\/td>\n<td><\/td>\n<\/tr>\n<tr>\n<td>\u00a0L-Arginine Ethyl Ester<\/td>\n<td><\/td>\n<\/tr>\n<tr>\n<td>\u00a0L-Arginine Alpha-Ketoisocaproate (A-AKIC)<\/td>\n<td><\/td>\n<\/tr>\n<tr>\n<td>L-Citrulline<\/td>\n<td>1 000 mg<\/td>\n<\/tr>\n<tr>\n<td>Betaine HCL<\/td>\n<td>125 mg<\/td>\n<\/tr>\n<\/tbody>\n<\/table>\n<p>Food Supplement. Net weight\u00a0<span>101,9 g\u00a0<\/span><\/p>\n<p><strong>Ingredients :\u00a0<\/strong>L-Arginine alpha-ketoglutarate 1000 mg, L-Citrulline Malate 1000 mg, L-Arginine ethyl ester hydrochloride 500 mg, L-Arginine alpha-ketoisocaproate 500 mg, gelatin capsules (pure gelatin-based, water), anti-caking agents: magnesium stearate and silicon dioxide.<\/p>\n<p><strong>Warning:<\/strong><span>\u00a0This product is only intended for healthy adults between 18 and 50 years of age. Consult your doctor before taking Amix \u2122 Nitric in order to know your health status. Do not use this product if you have high or low blood pressure, arrhythmia, or if you have had a stroke, heart, liver or thyroid problems; anxiety, depression, epilepsy, psychiatric problems, diabetes, anaemia, difficulty urinating due to an enlarged prostate, or if you are taking an MAO inhibitor or any other medication.<\/span><\/p>\n<p><span>Do not use this product if you are pregnant or breastfeeding. The product is not suitable for children of any age or for the elderly. Keep away from young children. Do not exceed the recommended daily dose. Store at a temperature not exceeding 25\u00b0C in a cool, dry place away from sunlight. Food supplements should not be used as a substitute for a balanced diet.<\/span><\/p>\n<p><strong>Allergen warning:<\/strong>\u00a0may contain traces of l<strong>Egg, egg, soya, gluten, crustaceans, nuts and peanuts.<\/strong><\/p>\n<p>Batch and Consume preferably before the end of: See top of pack.<\/p>\n<p>Distributed in Spain and Portugal by: Amix Levante SL, C \/ Holanda n \u00ba 23, Almorad\u00ed 03160 \/Alicante\/ Manufactured in the EU.<\/p>\n<p>Formulated and Manufactured Exclusively for: LargeLife Ltd, Enterprise House, 2 Pass Street, Oldham, Manchester, OL9 6HZ, United Kingdom.<\/p>","protected":false},"excerpt":{"rendered":"<p><strong style=\"font-size: 16px\">Nitric Oxide NITRIC<\/strong><span style=\"font-size: 16px;float: none\">\u00a0is a food supplement that combines three unique and advanced forms of amino acid L-arginine alpha-ketoglutarate (A-AKG), ethyl ester HCL, alpha-ketoisocaproate (A-AKIC) with citrulline malate<\/span><\/p>","protected":false},"featured_media":20586,"comment_status":"open","ping_status":"closed","template":"","meta":{"inline_featured_image":false},"product_brand":[],"product_cat":[194,98],"product_tag":[],"class_list":{"0":"post-20585","1":"product","2":"type-product","3":"status-publish","4":"has-post-thumbnail","6":"product_cat-pre-entreno-2","7":"product_cat-suplementacion-online","8":"pa_sa_color_unico-120-caps","9":"pa_sa_color_unico-350-caps","10":"pa_sa_talla_unica-talla-unica","12":"first","13":"instock","14":"taxable","15":"shipping-taxable","16":"purchasable","17":"product-type-variable"},"acf":[],"yoast_head":"<!-- This site is optimized with the Yoast SEO plugin v27.1.1 - https:\/\/yoast.com\/product\/yoast-seo-wordpress\/ -->\n<title>Nitric 125 Caps Amix - My Fit Menu<\/title>\n<meta name=\"robots\" content=\"index, follow, max-snippet:-1, max-image-preview:large, max-video-preview:-1\" \/>\n<link rel=\"canonical\" href=\"https:\/\/myfitmenu.es\/en\/pre-entreno-2\/nitric-125-caps-amix\/\" \/>\n<meta property=\"og:locale\" content=\"en_GB\" \/>\n<meta property=\"og:type\" content=\"article\" \/>\n<meta property=\"og:title\" content=\"Nitric 125 Caps Amix - My Fit Menu\" \/>\n<meta property=\"og:description\" content=\"El \u00d3xido N\u00edtrico NITRIC\u00a0es un complemento alimenticio que combina tres formas \u00fanicas y avanzadas de amino\u00e1cido L-arginina alfa-cetoglutarato (A-AKG), etil \u00e9ster HCL, alfa-cetoisocaproato (A-AKIC) con citrulina malato\" \/>\n<meta property=\"og:url\" content=\"https:\/\/myfitmenu.es\/en\/pre-entreno-2\/nitric-125-caps-amix\/\" \/>\n<meta property=\"og:site_name\" content=\"My Fit Menu\" \/>\n<meta property=\"article:modified_time\" content=\"2026-04-07T11:48:45+00:00\" \/>\n<meta property=\"og:image\" content=\"https:\/\/myfitmenu.es\/wp-content\/uploads\/2025\/10\/nitric-125-caps-thumbnail-2000x2000-1.webp\" \/>\n\t<meta property=\"og:image:width\" content=\"1100\" \/>\n\t<meta property=\"og:image:height\" content=\"1422\" \/>\n\t<meta property=\"og:image:type\" content=\"image\/webp\" \/>\n<meta name=\"twitter:card\" content=\"summary_large_image\" \/>\n<meta name=\"twitter:label1\" content=\"Estimated reading time\" \/>\n\t<meta name=\"twitter:data1\" content=\"2 minutes\" \/>\n<script type=\"application\/ld+json\" class=\"yoast-schema-graph\">{\"@context\":\"https:\/\/schema.org\",\"@graph\":[{\"@type\":\"WebPage\",\"@id\":\"https:\/\/myfitmenu.es\/pre-entreno-2\/nitric-125-caps-amix\/\",\"url\":\"https:\/\/myfitmenu.es\/pre-entreno-2\/nitric-125-caps-amix\/\",\"name\":\"Nitric 125 Caps Amix - My Fit Menu\",\"isPartOf\":{\"@id\":\"https:\/\/myfitmenu.es\/#website\"},\"primaryImageOfPage\":{\"@id\":\"https:\/\/myfitmenu.es\/pre-entreno-2\/nitric-125-caps-amix\/#primaryimage\"},\"image\":{\"@id\":\"https:\/\/myfitmenu.es\/pre-entreno-2\/nitric-125-caps-amix\/#primaryimage\"},\"thumbnailUrl\":\"https:\/\/myfitmenu.es\/wp-content\/uploads\/2025\/10\/nitric-125-caps-thumbnail-2000x2000-1.webp\",\"datePublished\":\"2025-10-18T08:25:50+00:00\",\"dateModified\":\"2026-04-07T11:48:45+00:00\",\"breadcrumb\":{\"@id\":\"https:\/\/myfitmenu.es\/pre-entreno-2\/nitric-125-caps-amix\/#breadcrumb\"},\"inLanguage\":\"en-GB\",\"potentialAction\":[{\"@type\":\"ReadAction\",\"target\":[\"https:\/\/myfitmenu.es\/pre-entreno-2\/nitric-125-caps-amix\/\"]}]},{\"@type\":\"ImageObject\",\"inLanguage\":\"en-GB\",\"@id\":\"https:\/\/myfitmenu.es\/pre-entreno-2\/nitric-125-caps-amix\/#primaryimage\",\"url\":\"https:\/\/myfitmenu.es\/wp-content\/uploads\/2025\/10\/nitric-125-caps-thumbnail-2000x2000-1.webp\",\"contentUrl\":\"https:\/\/myfitmenu.es\/wp-content\/uploads\/2025\/10\/nitric-125-caps-thumbnail-2000x2000-1.webp\",\"width\":1100,\"height\":1422},{\"@type\":\"BreadcrumbList\",\"@id\":\"https:\/\/myfitmenu.es\/pre-entreno-2\/nitric-125-caps-amix\/#breadcrumb\",\"itemListElement\":[{\"@type\":\"ListItem\",\"position\":1,\"name\":\"Portada\",\"item\":\"https:\/\/myfitmenu.es\/\"},{\"@type\":\"ListItem\",\"position\":2,\"name\":\"Shop\",\"item\":\"http:\/\/myfitmenu.es\/en\/shop\/\"},{\"@type\":\"ListItem\",\"position\":3,\"name\":\"Nitric 125 Caps Amix\"}]},{\"@type\":\"WebSite\",\"@id\":\"https:\/\/myfitmenu.es\/#website\",\"url\":\"https:\/\/myfitmenu.es\/\",\"name\":\"My Fit Menu\",\"description\":\"\",\"potentialAction\":[{\"@type\":\"SearchAction\",\"target\":{\"@type\":\"EntryPoint\",\"urlTemplate\":\"https:\/\/myfitmenu.es\/?s={search_term_string}\"},\"query-input\":{\"@type\":\"PropertyValueSpecification\",\"valueRequired\":true,\"valueName\":\"search_term_string\"}}],\"inLanguage\":\"en-GB\"}]}<\/script>\n<!-- \/ Yoast SEO plugin. -->","yoast_head_json":{"title":"Nitric 125 Caps Amix - My Fit Menu","robots":{"index":"index","follow":"follow","max-snippet":"max-snippet:-1","max-image-preview":"max-image-preview:large","max-video-preview":"max-video-preview:-1"},"canonical":"https:\/\/myfitmenu.es\/en\/pre-entreno-2\/nitric-125-caps-amix\/","og_locale":"en_GB","og_type":"article","og_title":"Nitric 125 Caps Amix - My Fit Menu","og_description":"El \u00d3xido N\u00edtrico NITRIC\u00a0es un complemento alimenticio que combina tres formas \u00fanicas y avanzadas de amino\u00e1cido L-arginina alfa-cetoglutarato (A-AKG), etil \u00e9ster HCL, alfa-cetoisocaproato (A-AKIC) con citrulina malato","og_url":"https:\/\/myfitmenu.es\/en\/pre-entreno-2\/nitric-125-caps-amix\/","og_site_name":"My Fit Menu","article_modified_time":"2026-04-07T11:48:45+00:00","og_image":[{"width":1100,"height":1422,"url":"https:\/\/myfitmenu.es\/wp-content\/uploads\/2025\/10\/nitric-125-caps-thumbnail-2000x2000-1.webp","type":"image\/webp"}],"twitter_card":"summary_large_image","twitter_misc":{"Estimated reading time":"2 minutes"},"schema":{"@context":"https:\/\/schema.org","@graph":[{"@type":"WebPage","@id":"https:\/\/myfitmenu.es\/pre-entreno-2\/nitric-125-caps-amix\/","url":"https:\/\/myfitmenu.es\/pre-entreno-2\/nitric-125-caps-amix\/","name":"Nitric 125 Caps Amix - My Fit Menu","isPartOf":{"@id":"https:\/\/myfitmenu.es\/#website"},"primaryImageOfPage":{"@id":"https:\/\/myfitmenu.es\/pre-entreno-2\/nitric-125-caps-amix\/#primaryimage"},"image":{"@id":"https:\/\/myfitmenu.es\/pre-entreno-2\/nitric-125-caps-amix\/#primaryimage"},"thumbnailUrl":"https:\/\/myfitmenu.es\/wp-content\/uploads\/2025\/10\/nitric-125-caps-thumbnail-2000x2000-1.webp","datePublished":"2025-10-18T08:25:50+00:00","dateModified":"2026-04-07T11:48:45+00:00","breadcrumb":{"@id":"https:\/\/myfitmenu.es\/pre-entreno-2\/nitric-125-caps-amix\/#breadcrumb"},"inLanguage":"en-GB","potentialAction":[{"@type":"ReadAction","target":["https:\/\/myfitmenu.es\/pre-entreno-2\/nitric-125-caps-amix\/"]}]},{"@type":"ImageObject","inLanguage":"en-GB","@id":"https:\/\/myfitmenu.es\/pre-entreno-2\/nitric-125-caps-amix\/#primaryimage","url":"https:\/\/myfitmenu.es\/wp-content\/uploads\/2025\/10\/nitric-125-caps-thumbnail-2000x2000-1.webp","contentUrl":"https:\/\/myfitmenu.es\/wp-content\/uploads\/2025\/10\/nitric-125-caps-thumbnail-2000x2000-1.webp","width":1100,"height":1422},{"@type":"BreadcrumbList","@id":"https:\/\/myfitmenu.es\/pre-entreno-2\/nitric-125-caps-amix\/#breadcrumb","itemListElement":[{"@type":"ListItem","position":1,"name":"Portada","item":"https:\/\/myfitmenu.es\/"},{"@type":"ListItem","position":2,"name":"Shop","item":"http:\/\/myfitmenu.es\/en\/shop\/"},{"@type":"ListItem","position":3,"name":"Nitric 125 Caps Amix"}]},{"@type":"WebSite","@id":"https:\/\/myfitmenu.es\/#website","url":"https:\/\/myfitmenu.es\/","name":"My Fit Menu","description":"","potentialAction":[{"@type":"SearchAction","target":{"@type":"EntryPoint","urlTemplate":"https:\/\/myfitmenu.es\/?s={search_term_string}"},"query-input":{"@type":"PropertyValueSpecification","valueRequired":true,"valueName":"search_term_string"}}],"inLanguage":"en-GB"}]}},"_links":{"self":[{"href":"https:\/\/myfitmenu.es\/en\/wp-json\/wp\/v2\/product\/20585","targetHints":{"allow":["GET"]}}],"collection":[{"href":"https:\/\/myfitmenu.es\/en\/wp-json\/wp\/v2\/product"}],"about":[{"href":"https:\/\/myfitmenu.es\/en\/wp-json\/wp\/v2\/types\/product"}],"replies":[{"embeddable":true,"href":"https:\/\/myfitmenu.es\/en\/wp-json\/wp\/v2\/comments?post=20585"}],"version-history":[{"count":1,"href":"https:\/\/myfitmenu.es\/en\/wp-json\/wp\/v2\/product\/20585\/revisions"}],"predecessor-version":[{"id":20812,"href":"https:\/\/myfitmenu.es\/en\/wp-json\/wp\/v2\/product\/20585\/revisions\/20812"}],"wp:featuredmedia":[{"embeddable":true,"href":"https:\/\/myfitmenu.es\/en\/wp-json\/wp\/v2\/media\/20586"}],"wp:attachment":[{"href":"https:\/\/myfitmenu.es\/en\/wp-json\/wp\/v2\/media?parent=20585"}],"wp:term":[{"taxonomy":"product_brand","embeddable":true,"href":"https:\/\/myfitmenu.es\/en\/wp-json\/wp\/v2\/product_brand?post=20585"},{"taxonomy":"product_cat","embeddable":true,"href":"https:\/\/myfitmenu.es\/en\/wp-json\/wp\/v2\/product_cat?post=20585"},{"taxonomy":"product_tag","embeddable":true,"href":"https:\/\/myfitmenu.es\/en\/wp-json\/wp\/v2\/product_tag?post=20585"}],"curies":[{"name":"wp","href":"https:\/\/api.w.org\/{rel}","templated":true}]}}