{"id":20577,"date":"2025-10-17T15:26:43","date_gmt":"2025-10-17T15:26:43","guid":{"rendered":"https:\/\/myfitmenu.es\/sin categor\u00eda\/tudca-200mg-100-caps\/"},"modified":"2026-03-04T11:16:36","modified_gmt":"2026-03-04T11:16:36","slug":"tudca-200mg-100-caps","status":"publish","type":"product","link":"https:\/\/myfitmenu.es\/en\/suplementacion-online\/tudca-200mg-100-caps\/","title":{"rendered":"Tudca 200mg 100 caps"},"content":{"rendered":"<p style=\"font-size: 15px\">Tauroursodeoxycholic acid, or TUDCA, is a derivative of bile acid that occurs naturally in the body. It has been used therapeutically in traditional Chinese medicine for thousands of years for liver and biliary disorders. The human body only produces small amounts of this healthy compound in your body, but this bile salt actually affects many bodily functions, from the brain to the kidneys, eye health and more.<\/p>\n<p style=\"font-size: 15px\">Traditional Chinese doctors have known about the benefits of TUDCA for centuries, prescribing it to help detoxify the liver, treat \"heat illnesses\" such as fever, spasms and vision problems, and improve many other conditions. But it has only recently become the focus of scientific attention, becoming the subject of recent clinical trials as scientists explore its many potential health benefits.<\/p>\n<p style=\"font-size: 15px\">What is the role of TUDCA in the corps?<\/p>\n<p style=\"font-size: 15px\">Like many compounds in our body, TUDCA is produced by a microbial process.<\/p>\n<p style=\"font-size: 15px\">First, bile salts are released into the intestine via the bile duct from the liver. Microbes in the colon then metabolise the bile salts into ursodeoxycholic acid (UDCA). This is then conjugated with a taurine molecule to create TUDCA. This whole process occurs naturally in our body and is maintained when we have a healthy amount of bile salts.<\/p>\n<p style=\"font-size: 15px\">A healthy person produces very small amounts of TUDCA, recycling about 95 % of its bile salts through the enterohepatic circulation, when bile is absorbed through the intestine and returns to the liver via the hepatic portal vein. However, poor diet, reduced liver function and certain medications can disrupt this process.<\/p>\n<p style=\"font-size: 15px\">The benefits of TUDCA<\/p>\n<p style=\"font-size: 15px\">Bile plays many roles in the body. From aiding digestion to maximising vitamin absorption to eliminating waste, bile acids support a wide range of functions.<\/p>\n<p style=\"font-size: 15px\">TUDCA is a bile acid that does its job extremely well. Although humans only produce a small amount, TUDCA has several advantages and benefits for overall health, including:<\/p>\n<p style=\"font-size: 15px\">- Brain function<\/p>\n<p style=\"font-size: 15px\">- Liver health<\/p>\n<p style=\"font-size: 15px\">- Renal health<\/p>\n<p style=\"font-size: 15px\">- Eye health<\/p>\n<p style=\"font-size: 15px\">- Cellular health<\/p>\n<p style=\"font-size: 15px\">- The gut microbiome<\/p>\n<p style=\"font-size: 15px\">- Bile flow<\/p>\n<p style=\"font-size: 15px\">- Powerful antiviral properties<\/p>\n<p style=\"font-size: 15px\">TUDCA supplements<\/p>\n<p style=\"font-size: 15px\">Since our bodies produce extremely small amounts of TUDCA, it is recommended to take it in the form of a dietary supplement, especially when you want to make the most of its potential.<\/p>\n<p style=\"font-size: 15px\">You may want to consider adding TUDCA to your diet when you have digestive problems, especially fat. In addition, this powerful nutritional supplement can help with liver problems and is especially good before drinking alcohol. Last but not least, TUDCA can have an extraordinary effect on eye, nervous system and brain health.<\/p>\n<p style=\"font-size: 15px\">One serving: 1 capsule<\/p>\n<p style=\"font-size: 15px\">Servings per pack: 100<\/p>\n<p style=\"font-size: 15px\">Suggested use: Take 1 capsule per day.<\/p>\n<p style=\"font-size: 15px\">Recommendations:<\/p>\n<p style=\"font-size: 15px\">Do not exceed the recommended daily use!<\/p>\n<p style=\"font-size: 15px\">Do not use as a substitute for a balanced diet!<\/p>\n<p style=\"font-size: 15px\">Store in a cool, dry place, below 25\u02daC away from direct sunlight!<\/p>","protected":false},"excerpt":{"rendered":"<p><span>TUDCA is the new star in the world of functional medicine and is fast advancing as a leader among supplements due to its many benefits, which include brain health, liver health, mitochondria and cellular support.<\/span><\/p>","protected":false},"featured_media":20578,"comment_status":"open","ping_status":"closed","template":"","meta":{"inline_featured_image":false},"product_brand":[],"product_cat":[206,98],"product_tag":[],"class_list":{"0":"post-20577","1":"product","2":"type-product","3":"status-publish","4":"has-post-thumbnail","6":"product_cat-salud-2","7":"product_cat-suplementacion-online","8":"pa_sa_color_unico-color-unico","9":"pa_sa_talla_unica-talla-unica","11":"first","12":"instock","13":"taxable","14":"shipping-taxable","15":"purchasable","16":"product-type-simple"},"acf":[],"yoast_head":"<!-- This site is optimized with the Yoast SEO plugin v27.1.1 - https:\/\/yoast.com\/product\/yoast-seo-wordpress\/ -->\n<title>Tudca 200mg 100 caps - My Fit Menu<\/title>\n<meta name=\"robots\" content=\"index, follow, max-snippet:-1, max-image-preview:large, max-video-preview:-1\" \/>\n<link rel=\"canonical\" href=\"https:\/\/myfitmenu.es\/en\/sin%20categor\u00eda\/tudca-200mg-100-caps\/\" \/>\n<meta property=\"og:locale\" content=\"en_GB\" \/>\n<meta property=\"og:type\" content=\"article\" \/>\n<meta property=\"og:title\" content=\"Tudca 200mg 100 caps - My Fit Menu\" \/>\n<meta property=\"og:description\" content=\"TUDCA es la nueva estrella en el mundo de la medicina funcional y est\u00e1 avanzando r\u00e1pidamente como l\u00edder entre los suplementos debido a sus muchos beneficios, que incluyen la salud del cerebro, la salud del h\u00edgado, las mitocondrias y el apoyo celular.\" \/>\n<meta property=\"og:url\" content=\"https:\/\/myfitmenu.es\/en\/sin categor\u00eda\/tudca-200mg-100-caps\/\" \/>\n<meta property=\"og:site_name\" content=\"My Fit Menu\" \/>\n<meta property=\"article:modified_time\" content=\"2026-03-04T11:16:36+00:00\" \/>\n<meta name=\"twitter:card\" content=\"summary_large_image\" \/>\n<meta name=\"twitter:label1\" content=\"Estimated reading time\" \/>\n\t<meta name=\"twitter:data1\" content=\"3 minutes\" \/>\n<script type=\"application\/ld+json\" class=\"yoast-schema-graph\">{\"@context\":\"https:\/\/schema.org\",\"@graph\":[{\"@type\":\"WebPage\",\"@id\":\"https:\/\/myfitmenu.es\/sin categor\u00eda\/tudca-200mg-100-caps\/\",\"url\":\"https:\/\/myfitmenu.es\/sin categor\u00eda\/tudca-200mg-100-caps\/\",\"name\":\"Tudca 200mg 100 caps - My Fit Menu\",\"isPartOf\":{\"@id\":\"https:\/\/myfitmenu.es\/#website\"},\"primaryImageOfPage\":{\"@id\":\"https:\/\/myfitmenu.es\/sin categor\u00eda\/tudca-200mg-100-caps\/#primaryimage\"},\"image\":{\"@id\":\"https:\/\/myfitmenu.es\/sin categor\u00eda\/tudca-200mg-100-caps\/#primaryimage\"},\"thumbnailUrl\":\"https:\/\/myfitmenu.es\/wp-content\/uploads\/2025\/10\/tudca-200-mg-100-vcaps-thumbnail-2000x2000-80.jpg\",\"datePublished\":\"2025-10-17T15:26:43+00:00\",\"dateModified\":\"2026-03-04T11:16:36+00:00\",\"breadcrumb\":{\"@id\":\"https:\/\/myfitmenu.es\/sin categor\u00eda\/tudca-200mg-100-caps\/#breadcrumb\"},\"inLanguage\":\"en-GB\",\"potentialAction\":[{\"@type\":\"ReadAction\",\"target\":[\"https:\/\/myfitmenu.es\/sin categor\u00eda\/tudca-200mg-100-caps\/\"]}]},{\"@type\":\"ImageObject\",\"inLanguage\":\"en-GB\",\"@id\":\"https:\/\/myfitmenu.es\/sin categor\u00eda\/tudca-200mg-100-caps\/#primaryimage\",\"url\":\"https:\/\/myfitmenu.es\/wp-content\/uploads\/2025\/10\/tudca-200-mg-100-vcaps-thumbnail-2000x2000-80.jpg\",\"contentUrl\":\"https:\/\/myfitmenu.es\/wp-content\/uploads\/2025\/10\/tudca-200-mg-100-vcaps-thumbnail-2000x2000-80.jpg\",\"width\":800,\"height\":800},{\"@type\":\"BreadcrumbList\",\"@id\":\"https:\/\/myfitmenu.es\/sin categor\u00eda\/tudca-200mg-100-caps\/#breadcrumb\",\"itemListElement\":[{\"@type\":\"ListItem\",\"position\":1,\"name\":\"Portada\",\"item\":\"https:\/\/myfitmenu.es\/\"},{\"@type\":\"ListItem\",\"position\":2,\"name\":\"Shop\",\"item\":\"http:\/\/myfitmenu.es\/en\/shop\/\"},{\"@type\":\"ListItem\",\"position\":3,\"name\":\"Tudca 200mg 100 caps\"}]},{\"@type\":\"WebSite\",\"@id\":\"https:\/\/myfitmenu.es\/#website\",\"url\":\"https:\/\/myfitmenu.es\/\",\"name\":\"My Fit Menu\",\"description\":\"\",\"potentialAction\":[{\"@type\":\"SearchAction\",\"target\":{\"@type\":\"EntryPoint\",\"urlTemplate\":\"https:\/\/myfitmenu.es\/?s={search_term_string}\"},\"query-input\":{\"@type\":\"PropertyValueSpecification\",\"valueRequired\":true,\"valueName\":\"search_term_string\"}}],\"inLanguage\":\"en-GB\"}]}<\/script>\n<!-- \/ Yoast SEO plugin. -->","yoast_head_json":{"title":"Tudca 200mg 100 caps - My Fit Menu","robots":{"index":"index","follow":"follow","max-snippet":"max-snippet:-1","max-image-preview":"max-image-preview:large","max-video-preview":"max-video-preview:-1"},"canonical":"https:\/\/myfitmenu.es\/en\/sin categor\u00eda\/tudca-200mg-100-caps\/","og_locale":"en_GB","og_type":"article","og_title":"Tudca 200mg 100 caps - My Fit Menu","og_description":"TUDCA es la nueva estrella en el mundo de la medicina funcional y est\u00e1 avanzando r\u00e1pidamente como l\u00edder entre los suplementos debido a sus muchos beneficios, que incluyen la salud del cerebro, la salud del h\u00edgado, las mitocondrias y el apoyo celular.","og_url":"https:\/\/myfitmenu.es\/en\/sin categor\u00eda\/tudca-200mg-100-caps\/","og_site_name":"My Fit Menu","article_modified_time":"2026-03-04T11:16:36+00:00","twitter_card":"summary_large_image","twitter_misc":{"Estimated reading time":"3 minutes"},"schema":{"@context":"https:\/\/schema.org","@graph":[{"@type":"WebPage","@id":"https:\/\/myfitmenu.es\/sin categor\u00eda\/tudca-200mg-100-caps\/","url":"https:\/\/myfitmenu.es\/sin categor\u00eda\/tudca-200mg-100-caps\/","name":"Tudca 200mg 100 caps - My Fit Menu","isPartOf":{"@id":"https:\/\/myfitmenu.es\/#website"},"primaryImageOfPage":{"@id":"https:\/\/myfitmenu.es\/sin categor\u00eda\/tudca-200mg-100-caps\/#primaryimage"},"image":{"@id":"https:\/\/myfitmenu.es\/sin categor\u00eda\/tudca-200mg-100-caps\/#primaryimage"},"thumbnailUrl":"https:\/\/myfitmenu.es\/wp-content\/uploads\/2025\/10\/tudca-200-mg-100-vcaps-thumbnail-2000x2000-80.jpg","datePublished":"2025-10-17T15:26:43+00:00","dateModified":"2026-03-04T11:16:36+00:00","breadcrumb":{"@id":"https:\/\/myfitmenu.es\/sin categor\u00eda\/tudca-200mg-100-caps\/#breadcrumb"},"inLanguage":"en-GB","potentialAction":[{"@type":"ReadAction","target":["https:\/\/myfitmenu.es\/sin categor\u00eda\/tudca-200mg-100-caps\/"]}]},{"@type":"ImageObject","inLanguage":"en-GB","@id":"https:\/\/myfitmenu.es\/sin categor\u00eda\/tudca-200mg-100-caps\/#primaryimage","url":"https:\/\/myfitmenu.es\/wp-content\/uploads\/2025\/10\/tudca-200-mg-100-vcaps-thumbnail-2000x2000-80.jpg","contentUrl":"https:\/\/myfitmenu.es\/wp-content\/uploads\/2025\/10\/tudca-200-mg-100-vcaps-thumbnail-2000x2000-80.jpg","width":800,"height":800},{"@type":"BreadcrumbList","@id":"https:\/\/myfitmenu.es\/sin categor\u00eda\/tudca-200mg-100-caps\/#breadcrumb","itemListElement":[{"@type":"ListItem","position":1,"name":"Portada","item":"https:\/\/myfitmenu.es\/"},{"@type":"ListItem","position":2,"name":"Shop","item":"http:\/\/myfitmenu.es\/en\/shop\/"},{"@type":"ListItem","position":3,"name":"Tudca 200mg 100 caps"}]},{"@type":"WebSite","@id":"https:\/\/myfitmenu.es\/#website","url":"https:\/\/myfitmenu.es\/","name":"My Fit Menu","description":"","potentialAction":[{"@type":"SearchAction","target":{"@type":"EntryPoint","urlTemplate":"https:\/\/myfitmenu.es\/?s={search_term_string}"},"query-input":{"@type":"PropertyValueSpecification","valueRequired":true,"valueName":"search_term_string"}}],"inLanguage":"en-GB"}]}},"_links":{"self":[{"href":"https:\/\/myfitmenu.es\/en\/wp-json\/wp\/v2\/product\/20577","targetHints":{"allow":["GET"]}}],"collection":[{"href":"https:\/\/myfitmenu.es\/en\/wp-json\/wp\/v2\/product"}],"about":[{"href":"https:\/\/myfitmenu.es\/en\/wp-json\/wp\/v2\/types\/product"}],"replies":[{"embeddable":true,"href":"https:\/\/myfitmenu.es\/en\/wp-json\/wp\/v2\/comments?post=20577"}],"version-history":[{"count":0,"href":"https:\/\/myfitmenu.es\/en\/wp-json\/wp\/v2\/product\/20577\/revisions"}],"wp:featuredmedia":[{"embeddable":true,"href":"https:\/\/myfitmenu.es\/en\/wp-json\/wp\/v2\/media\/20578"}],"wp:attachment":[{"href":"https:\/\/myfitmenu.es\/en\/wp-json\/wp\/v2\/media?parent=20577"}],"wp:term":[{"taxonomy":"product_brand","embeddable":true,"href":"https:\/\/myfitmenu.es\/en\/wp-json\/wp\/v2\/product_brand?post=20577"},{"taxonomy":"product_cat","embeddable":true,"href":"https:\/\/myfitmenu.es\/en\/wp-json\/wp\/v2\/product_cat?post=20577"},{"taxonomy":"product_tag","embeddable":true,"href":"https:\/\/myfitmenu.es\/en\/wp-json\/wp\/v2\/product_tag?post=20577"}],"curies":[{"name":"wp","href":"https:\/\/api.w.org\/{rel}","templated":true}]}}