{"id":20534,"date":"2025-09-04T11:24:01","date_gmt":"2025-09-04T11:24:01","guid":{"rendered":"https:\/\/myfitmenu.es\/sin categor\u00eda\/multivitamin-60-softgels-quamtrax\/"},"modified":"2026-04-08T17:57:59","modified_gmt":"2026-04-08T17:57:59","slug":"multivitamin-60-softgels-quamtrax","status":"publish","type":"product","link":"https:\/\/myfitmenu.es\/en\/suplementacion-online\/multivitamin-60-softgels-quamtrax\/","title":{"rendered":"Multivitamin 60 softgels Quamtrax"},"content":{"rendered":"<h3 style=\"font-size: calc(((var(--font-h3-desktop)) \/ (var(--font-base-size))) * 1rem)\"><strong>Main features<\/strong><\/h3>\n<ul style=\"font-size: 16px\">\n<li><strong>High in essential vitamins and minerals<\/strong>Includes vitamin C, D, E, B complex, iron, zinc, magnesium, selenium and more.<\/li>\n<li><strong>Optimum doses<\/strong>Provides up to 300% of the Nutrient Reference Value (NRV) for various vitamins and minerals.<\/li>\n<li><strong>Practical format<\/strong>In easy-to-take gel capsules.<\/li>\n<li><strong>20 services per pack<\/strong>Each pack contains 60 capsules.<\/li>\n<li><strong>100% natural ingredients<\/strong>No artificial additives.<\/li>\n<\/ul>\n<hr style=\"font-size: 16px;height: 0px;color: inherit\" \/>\n<h3 style=\"font-size: calc(((var(--font-h3-desktop)) \/ (var(--font-base-size))) * 1rem)\"><strong>Key Benefits<\/strong><\/h3>\n<ol style=\"font-size: 16px\">\n<li><strong>Strengthens the immune system<\/strong>Thanks to vitamins C, D and E, which also have antioxidant effects.<\/li>\n<li><strong>Metabolic and energy support<\/strong>B complex and minerals contribute to normal metabolism and reduce fatigue.<\/li>\n<li><strong>Bone and muscle health<\/strong>Calcium, magnesium and phosphorus support bone and muscle health.<\/li>\n<li><strong>Prevention of deficiencies<\/strong>Ideal for people with unbalanced diets or high levels of physical activity.<\/li>\n<li><strong>Antioxidants and cell protection<\/strong>Protects against oxidative stress and supports healthy ageing.<\/li>\n<\/ol>\n<hr style=\"font-size: 16px;height: 0px;color: inherit\" \/>\n<h3 style=\"font-size: calc(((var(--font-h3-desktop)) \/ (var(--font-base-size))) * 1rem)\"><strong>Active Ingredients<\/strong><\/h3>\n<ul style=\"font-size: 16px\">\n<li><strong>Vitamins<\/strong>Includes vitamins A, C, D3, E, and all the B complex (B1, B2, B3, B5, B6, B8, B9 and B12).<\/li>\n<li><strong>Minerals<\/strong>Contains iron, zinc, selenium, magnesium, calcium, phosphorus, iodine, manganese, potassium, and molybdenum.<\/li>\n<li><strong>Other components<\/strong>Soy lecithin, inositol, and stabilising oils such as sunflower oil.<\/li>\n<\/ul>\n<p style=\"font-size: 16px\">See the full list of ingredients in the \"Nutrition Facts\" section.<\/p>\n<hr style=\"font-size: 16px;height: 0px;color: inherit\" \/>\n<h3 style=\"font-size: calc(((var(--font-h3-desktop)) \/ (var(--font-base-size))) * 1rem)\"><strong>How to use<\/strong><\/h3>\n<p style=\"font-size: 16px\">Take <strong>3 capsules per day<\/strong>preferably after main meals, to ensure optimal nutrient absorption.<\/p>\n<hr style=\"font-size: 16px;height: 0px;color: inherit\" \/>\n<h3 style=\"font-size: calc(((var(--font-h3-desktop)) \/ (var(--font-base-size))) * 1rem)\"><strong>Specifications<\/strong><\/h3>\n<ul style=\"font-size: 16px\">\n<li><strong>Format<\/strong>Pack of 60 gel capsules.<\/li>\n<li><strong>Servings per pack<\/strong>: 20.<\/li>\n<li><strong>Recommended daily dose<\/strong>: 3 capsules.<\/li>\n<li><strong>Nutritional Information per Serving (3 capsules)<\/strong>:\n<ul>\n<li><strong>Vitamin C<\/strong>246 mg (307.5% VRN).<\/li>\n<li><strong>Vitamin D<\/strong>: 15 mcg (300% VRN).<\/li>\n<li><strong>Iron<\/strong>42.1 mg (300.7% VRN).<\/li>\n<li><strong>Magnesium<\/strong>300.3 mg (80.1% VRN).<\/li>\n<li><strong>Selenium<\/strong>: 165 mcg (300% VRN).<\/li>\n<li>See the rest in the nutritional information section.<\/li>\n<\/ul>\n<\/li>\n<\/ul>\n<hr style=\"font-size: 16px;height: 0px;color: inherit\" \/>\n<h3 style=\"font-size: calc(((var(--font-h3-desktop)) \/ (var(--font-base-size))) * 1rem)\"><strong>Who is it aimed at?<\/strong><\/h3>\n<ul style=\"font-size: 16px\">\n<li><strong>Athletes and active people<\/strong>Those seeking to reinforce their diet due to high physical wear and tear.<\/li>\n<li><strong>Individuals with unbalanced diets<\/strong>Ideal for those who want to prevent vitamin and mineral deficiencies.<\/li>\n<li><strong>Older people<\/strong>Who need to maintain bone, muscle and cognitive health.<\/li>\n<li><strong>General population<\/strong>Who seeks complete nutritional support for a healthy lifestyle.<\/li>\n<\/ul>\n<hr style=\"font-size: 16px;height: 0px;color: inherit\" \/>\n<h3 style=\"font-size: calc(((var(--font-h3-desktop)) \/ (var(--font-base-size))) * 1rem)\"><strong>Certifications and Quality<\/strong><\/h3>\n<ul style=\"font-size: 16px\">\n<li>Made of <strong>100% natural ingredients<\/strong>.<\/li>\n<li>Raw materials from <strong>high quality and purity<\/strong>.<\/li>\n<li>Formula developed by sports nutrition professionals.<\/li>\n<\/ul>\n<hr style=\"font-size: 16px;height: 0px;color: inherit\" \/>\n<p style=\"font-size: 16px\"><strong>Multi Vitamineral<\/strong> from <strong>Quamtrax Nutrition<\/strong> helps you achieve your health and performance goals. <strong>Order today and experience the benefits of a complete supplement for your daily well-being!<\/strong><\/p>","protected":false},"excerpt":{"rendered":"<p><strong style=\"font-size: 16px\">Multi Vitamineral<\/strong><span style=\"font-size: 16px;float: none\"> from <\/span><strong style=\"font-size: 16px\">Quamtrax Nutrition<\/strong><span style=\"font-size: 16px;float: none\"> is a complete multivitamin and multimineral supplement designed to meet daily needs for essential micronutrients. Made with a balanced combination of vitamins and minerals, this supplement is ideal for maintaining optimal body function, preventing nutritional deficiencies and enhancing physical and mental performance.<\/span><\/p>","protected":false},"featured_media":20535,"comment_status":"open","ping_status":"closed","template":"","meta":{"inline_featured_image":false},"product_brand":[],"product_cat":[206,325,98],"product_tag":[],"class_list":{"0":"post-20534","1":"product","2":"type-product","3":"status-publish","4":"has-post-thumbnail","6":"product_cat-salud-2","7":"product_cat-vitaminas-y-minerales-2","8":"product_cat-suplementacion-online","9":"pa_sa_color_unico-color-unico","10":"pa_sa_talla_unica-talla-unica","12":"first","13":"instock","14":"taxable","15":"shipping-taxable","16":"purchasable","17":"product-type-simple"},"acf":[],"yoast_head":"<!-- This site is optimized with the Yoast SEO plugin v27.1.1 - https:\/\/yoast.com\/product\/yoast-seo-wordpress\/ -->\n<title>Multivitamin 60 softgels Quamtrax - My Fit Menu<\/title>\n<meta name=\"robots\" content=\"index, follow, max-snippet:-1, max-image-preview:large, max-video-preview:-1\" \/>\n<link rel=\"canonical\" href=\"https:\/\/myfitmenu.es\/en\/sin%20categor\u00eda\/multivitamin-60-softgels-quamtrax\/\" \/>\n<meta property=\"og:locale\" content=\"en_GB\" \/>\n<meta property=\"og:type\" content=\"article\" \/>\n<meta property=\"og:title\" content=\"Multivitamin 60 softgels Quamtrax - My Fit Menu\" \/>\n<meta property=\"og:description\" content=\"Multi Vitamineral de Quamtrax Nutrition es un completo suplemento multivitam\u00ednico y multimineral dise\u00f1ado para satisfacer las necesidades diarias de micronutrientes esenciales. Elaborado con una combinaci\u00f3n equilibrada de vitaminas y minerales, este complemento es ideal para mantener un \u00f3ptimo funcionamiento del organismo, prevenir deficiencias nutricionales y potenciar el rendimiento f\u00edsico y mental.\" \/>\n<meta property=\"og:url\" content=\"https:\/\/myfitmenu.es\/en\/sin categor\u00eda\/multivitamin-60-softgels-quamtrax\/\" \/>\n<meta property=\"og:site_name\" content=\"My Fit Menu\" \/>\n<meta property=\"article:modified_time\" content=\"2026-04-08T17:57:59+00:00\" \/>\n<meta name=\"twitter:card\" content=\"summary_large_image\" \/>\n<meta name=\"twitter:label1\" content=\"Estimated reading time\" \/>\n\t<meta name=\"twitter:data1\" content=\"2 minutes\" \/>\n<script type=\"application\/ld+json\" class=\"yoast-schema-graph\">{\"@context\":\"https:\/\/schema.org\",\"@graph\":[{\"@type\":\"WebPage\",\"@id\":\"https:\/\/myfitmenu.es\/sin categor\u00eda\/multivitamin-60-softgels-quamtrax\/\",\"url\":\"https:\/\/myfitmenu.es\/sin categor\u00eda\/multivitamin-60-softgels-quamtrax\/\",\"name\":\"Multivitamin 60 softgels Quamtrax - My Fit Menu\",\"isPartOf\":{\"@id\":\"https:\/\/myfitmenu.es\/#website\"},\"primaryImageOfPage\":{\"@id\":\"https:\/\/myfitmenu.es\/sin categor\u00eda\/multivitamin-60-softgels-quamtrax\/#primaryimage\"},\"image\":{\"@id\":\"https:\/\/myfitmenu.es\/sin categor\u00eda\/multivitamin-60-softgels-quamtrax\/#primaryimage\"},\"thumbnailUrl\":\"https:\/\/myfitmenu.es\/wp-content\/uploads\/2025\/09\/multi-vitamineral-60-softgels-thumbnail-2000x2000-80.jpg\",\"datePublished\":\"2025-09-04T11:24:01+00:00\",\"dateModified\":\"2026-04-08T17:57:59+00:00\",\"breadcrumb\":{\"@id\":\"https:\/\/myfitmenu.es\/sin categor\u00eda\/multivitamin-60-softgels-quamtrax\/#breadcrumb\"},\"inLanguage\":\"en-GB\",\"potentialAction\":[{\"@type\":\"ReadAction\",\"target\":[\"https:\/\/myfitmenu.es\/sin categor\u00eda\/multivitamin-60-softgels-quamtrax\/\"]}]},{\"@type\":\"ImageObject\",\"inLanguage\":\"en-GB\",\"@id\":\"https:\/\/myfitmenu.es\/sin categor\u00eda\/multivitamin-60-softgels-quamtrax\/#primaryimage\",\"url\":\"https:\/\/myfitmenu.es\/wp-content\/uploads\/2025\/09\/multi-vitamineral-60-softgels-thumbnail-2000x2000-80.jpg\",\"contentUrl\":\"https:\/\/myfitmenu.es\/wp-content\/uploads\/2025\/09\/multi-vitamineral-60-softgels-thumbnail-2000x2000-80.jpg\",\"width\":600,\"height\":600},{\"@type\":\"BreadcrumbList\",\"@id\":\"https:\/\/myfitmenu.es\/sin categor\u00eda\/multivitamin-60-softgels-quamtrax\/#breadcrumb\",\"itemListElement\":[{\"@type\":\"ListItem\",\"position\":1,\"name\":\"Portada\",\"item\":\"https:\/\/myfitmenu.es\/\"},{\"@type\":\"ListItem\",\"position\":2,\"name\":\"Shop\",\"item\":\"http:\/\/myfitmenu.es\/en\/shop\/\"},{\"@type\":\"ListItem\",\"position\":3,\"name\":\"Multivitamin 60 softgels Quamtrax\"}]},{\"@type\":\"WebSite\",\"@id\":\"https:\/\/myfitmenu.es\/#website\",\"url\":\"https:\/\/myfitmenu.es\/\",\"name\":\"My Fit Menu\",\"description\":\"\",\"potentialAction\":[{\"@type\":\"SearchAction\",\"target\":{\"@type\":\"EntryPoint\",\"urlTemplate\":\"https:\/\/myfitmenu.es\/?s={search_term_string}\"},\"query-input\":{\"@type\":\"PropertyValueSpecification\",\"valueRequired\":true,\"valueName\":\"search_term_string\"}}],\"inLanguage\":\"en-GB\"}]}<\/script>\n<!-- \/ Yoast SEO plugin. -->","yoast_head_json":{"title":"Multivitamin 60 softgels Quamtrax - My Fit Menu","robots":{"index":"index","follow":"follow","max-snippet":"max-snippet:-1","max-image-preview":"max-image-preview:large","max-video-preview":"max-video-preview:-1"},"canonical":"https:\/\/myfitmenu.es\/en\/sin categor\u00eda\/multivitamin-60-softgels-quamtrax\/","og_locale":"en_GB","og_type":"article","og_title":"Multivitamin 60 softgels Quamtrax - My Fit Menu","og_description":"Multi Vitamineral de Quamtrax Nutrition es un completo suplemento multivitam\u00ednico y multimineral dise\u00f1ado para satisfacer las necesidades diarias de micronutrientes esenciales. Elaborado con una combinaci\u00f3n equilibrada de vitaminas y minerales, este complemento es ideal para mantener un \u00f3ptimo funcionamiento del organismo, prevenir deficiencias nutricionales y potenciar el rendimiento f\u00edsico y mental.","og_url":"https:\/\/myfitmenu.es\/en\/sin categor\u00eda\/multivitamin-60-softgels-quamtrax\/","og_site_name":"My Fit Menu","article_modified_time":"2026-04-08T17:57:59+00:00","twitter_card":"summary_large_image","twitter_misc":{"Estimated reading time":"2 minutes"},"schema":{"@context":"https:\/\/schema.org","@graph":[{"@type":"WebPage","@id":"https:\/\/myfitmenu.es\/sin categor\u00eda\/multivitamin-60-softgels-quamtrax\/","url":"https:\/\/myfitmenu.es\/sin categor\u00eda\/multivitamin-60-softgels-quamtrax\/","name":"Multivitamin 60 softgels Quamtrax - My Fit Menu","isPartOf":{"@id":"https:\/\/myfitmenu.es\/#website"},"primaryImageOfPage":{"@id":"https:\/\/myfitmenu.es\/sin categor\u00eda\/multivitamin-60-softgels-quamtrax\/#primaryimage"},"image":{"@id":"https:\/\/myfitmenu.es\/sin categor\u00eda\/multivitamin-60-softgels-quamtrax\/#primaryimage"},"thumbnailUrl":"https:\/\/myfitmenu.es\/wp-content\/uploads\/2025\/09\/multi-vitamineral-60-softgels-thumbnail-2000x2000-80.jpg","datePublished":"2025-09-04T11:24:01+00:00","dateModified":"2026-04-08T17:57:59+00:00","breadcrumb":{"@id":"https:\/\/myfitmenu.es\/sin categor\u00eda\/multivitamin-60-softgels-quamtrax\/#breadcrumb"},"inLanguage":"en-GB","potentialAction":[{"@type":"ReadAction","target":["https:\/\/myfitmenu.es\/sin categor\u00eda\/multivitamin-60-softgels-quamtrax\/"]}]},{"@type":"ImageObject","inLanguage":"en-GB","@id":"https:\/\/myfitmenu.es\/sin categor\u00eda\/multivitamin-60-softgels-quamtrax\/#primaryimage","url":"https:\/\/myfitmenu.es\/wp-content\/uploads\/2025\/09\/multi-vitamineral-60-softgels-thumbnail-2000x2000-80.jpg","contentUrl":"https:\/\/myfitmenu.es\/wp-content\/uploads\/2025\/09\/multi-vitamineral-60-softgels-thumbnail-2000x2000-80.jpg","width":600,"height":600},{"@type":"BreadcrumbList","@id":"https:\/\/myfitmenu.es\/sin categor\u00eda\/multivitamin-60-softgels-quamtrax\/#breadcrumb","itemListElement":[{"@type":"ListItem","position":1,"name":"Portada","item":"https:\/\/myfitmenu.es\/"},{"@type":"ListItem","position":2,"name":"Shop","item":"http:\/\/myfitmenu.es\/en\/shop\/"},{"@type":"ListItem","position":3,"name":"Multivitamin 60 softgels Quamtrax"}]},{"@type":"WebSite","@id":"https:\/\/myfitmenu.es\/#website","url":"https:\/\/myfitmenu.es\/","name":"My Fit Menu","description":"","potentialAction":[{"@type":"SearchAction","target":{"@type":"EntryPoint","urlTemplate":"https:\/\/myfitmenu.es\/?s={search_term_string}"},"query-input":{"@type":"PropertyValueSpecification","valueRequired":true,"valueName":"search_term_string"}}],"inLanguage":"en-GB"}]}},"_links":{"self":[{"href":"https:\/\/myfitmenu.es\/en\/wp-json\/wp\/v2\/product\/20534","targetHints":{"allow":["GET"]}}],"collection":[{"href":"https:\/\/myfitmenu.es\/en\/wp-json\/wp\/v2\/product"}],"about":[{"href":"https:\/\/myfitmenu.es\/en\/wp-json\/wp\/v2\/types\/product"}],"replies":[{"embeddable":true,"href":"https:\/\/myfitmenu.es\/en\/wp-json\/wp\/v2\/comments?post=20534"}],"version-history":[{"count":0,"href":"https:\/\/myfitmenu.es\/en\/wp-json\/wp\/v2\/product\/20534\/revisions"}],"wp:featuredmedia":[{"embeddable":true,"href":"https:\/\/myfitmenu.es\/en\/wp-json\/wp\/v2\/media\/20535"}],"wp:attachment":[{"href":"https:\/\/myfitmenu.es\/en\/wp-json\/wp\/v2\/media?parent=20534"}],"wp:term":[{"taxonomy":"product_brand","embeddable":true,"href":"https:\/\/myfitmenu.es\/en\/wp-json\/wp\/v2\/product_brand?post=20534"},{"taxonomy":"product_cat","embeddable":true,"href":"https:\/\/myfitmenu.es\/en\/wp-json\/wp\/v2\/product_cat?post=20534"},{"taxonomy":"product_tag","embeddable":true,"href":"https:\/\/myfitmenu.es\/en\/wp-json\/wp\/v2\/product_tag?post=20534"}],"curies":[{"name":"wp","href":"https:\/\/api.w.org\/{rel}","templated":true}]}}