{"id":20490,"date":"2025-08-26T11:37:27","date_gmt":"2025-08-26T11:37:27","guid":{"rendered":"https:\/\/myfitmenu.es\/sin%20categor\u00eda\/eaa-map-374gr-quamtrax\/"},"modified":"2026-04-21T10:36:53","modified_gmt":"2026-04-21T10:36:53","slug":"eaa-map-374gr-quamtrax","status":"publish","type":"product","link":"https:\/\/myfitmenu.es\/en\/suplementacion-online\/eaa-map-374gr-quamtrax\/","title":{"rendered":"EAA MAP 374g Quamtrax"},"content":{"rendered":"<p>Enriched with <strong>Kyowa Quality\u00ae L-Glutamine<\/strong>This supplement also protects the immune system and intestinal mucosa, helping to replenish the L-glutamine lost during intense workouts. In addition, its content of <strong>HydroSalt Complex<\/strong>provides essential electrolytes, while the patent <strong>AminoVegan\u00ae AminoVegan<\/strong> guarantees the use of fermented amino acids of plant origin, making it suitable for vegans and improving the quality of the product.<\/p>\n<h3>Main features<\/h3>\n<ul>\n<li><strong>9.8g of EAA's per dose (17g)<\/strong>Optimal ratio of essential amino acids for protein synthesis and muscle maintenance.<\/li>\n<li><strong>4g of Kyowa Quality\u00ae L-Glutamine<\/strong>Strengthens recovery, the immune system and protects the intestinal mucosa.<\/li>\n<li><strong>HydroSalt Complex\u00ae Patent<\/strong>Electrolyte complex that supports hydration and physical performance.<\/li>\n<li><strong>AminoVegan\u00ae Patent<\/strong>Guarantees the use of fermented amino acids of vegetable origin, suitable for vegans.<\/li>\n<li><strong>0% sugar<\/strong>Ideal for those looking for a clean formula free of added sugars.<\/li>\n<\/ul>\n<h3>Key Benefits<\/h3>\n<ul>\n<li><strong>Full muscle support<\/strong>EAA's are essential for muscle building and repair, while L-glutamine supports optimal recovery after exercise.<\/li>\n<li><strong>Hydration and electrolyte balance<\/strong>: Thanks to the <strong>HydroSalt Complex<\/strong>This supplement helps to maintain adequate electrolyte levels during exercise.<\/li>\n<li><strong>Vegan formula<\/strong>: Patent <strong>AminoVegan\u00ae AminoVegan<\/strong> which uses fermented amino acids of plant origin, improving the absorption and efficacy of the product.<\/li>\n<li><strong>Sugar-free<\/strong>Perfect for those who want a supplement with no added sugars, while maintaining a clean formula.<\/li>\n<\/ul>\n<h3>Ingredients (Example of \"Fruit Punch\" flavour)<\/h3>\n<p>MAP EAA's AminoVegan\u00ae Complex (L-Leucine, L-Lysine, L-Isoleucine, L-Valine, L-Threonine, L-Phenylalanine, L-Methionine, L-Histidine, L-Tryptophan), L-Glutamine (Kyowa Quality\u00ae), Flavourings, Calcium Salt of Citric Acid (Calcium Citrate), Potassium Chloride, Acidulant (Citric Acid), Magnesium Carbonate, Anti-caking Agent (Silicon Dioxide), Sodium Chloride, Panax notoginseng Root Extract and Astragalus membranaceus (AstraGin\u00ae), Beetroot Powder Concentrate (Beta vulgaris L.), Unicellular Seaweed Extract (Spirulina platensis), Magnesium Salt of Citric Acid (Magnesium Citrate) and Pyridoxine Hydrochloride (Vitamin B6).<br \/><strong>Allergens<\/strong>May contain traces of gluten-containing cereals, crustaceans, eggs, fish, peanuts, soya, milk, nuts, lupins and derivatives thereof.<\/p>\n<p><strong>See ingredients in the \"Nutritional Information\" section.<\/strong><\/p>\n<h3>How to use<\/h3>\n<p>Take 17g per day (2 pumps), mixed with approximately 250ml of your favourite drink. Shake well before use. Ideal to take before, during or after exercise.<\/p>\n<h3>Specifications<\/h3>\n<ul>\n<li><strong>Format<\/strong>Available in packs of <strong>374g<\/strong>.<\/li>\n<li><strong>Portion size<\/strong>: 17g per shot.<\/li>\n<li><strong>Servings per pack<\/strong>: 22 servings.<\/li>\n<li><strong>Available flavours<\/strong>Fruit Punch, Watermelon, Caribbean Cooler, Cherry, Pi\u00f1a Colada.<\/li>\n<li><strong>Nutritional value (per 17g serving - Fruit Punch flavour)<\/strong>:\n<ul>\n<li><strong>Proteins<\/strong>: 13.62g<\/li>\n<li><strong>L-glutamine (Kyowa Quality\u00ae)<\/strong>: 4g<\/li>\n<li><strong>AminoVegan\u00ae EAA's<\/strong>: 9.8g<\/li>\n<li><strong>Potassium<\/strong>: 300mg<\/li>\n<li><strong>Chloride<\/strong>: 354.18mg<\/li>\n<li><strong>Calcium<\/strong>: 120mg<\/li>\n<li><strong>Magnesium<\/strong>: 63.25mg<\/li>\n<li><strong>Vitamin B6<\/strong>: 1.80mg<\/li>\n<\/ul>\n<\/li>\n<\/ul>\n<p><strong>See the nutritional information in the \"Nutritional Information\" section.<\/strong><\/p>\n<h3>Who is it aimed at?<\/h3>\n<p><strong>EAA M.A.P.<\/strong> is ideal for:<\/p>\n<ul>\n<li>Athletes looking for an advanced formula of essential amino acids and L-glutamine to optimise recovery and performance.<\/li>\n<li>Those who wish to meet their daily requirement of essential amino acids according to the WHO.<\/li>\n<li>Vegans and vegetarians who need a plant-based fermented amino acid supplement to protect and build muscle mass.<\/li>\n<li>People who need to maintain electrolyte balance during intense exercise.<\/li>\n<\/ul>\n<h3>Certifications and Patents<\/h3>\n<ul>\n<li><strong>AminoVegan\u00ae AminoVegan<\/strong>Patent guaranteeing the use of fermented amino acids of plant origin.<\/li>\n<li><strong>Kyowa Quality\u00ae Kyowa Quality\u00ae Kyowa Quality\u00ae Kyowa Quality\u00ae Kyowa Quality\u00ae Kyowa Quality\u00ae Kyowa Quality<\/strong>Certification guaranteeing the purity and quality of L-glutamine.<\/li>\n<li><strong>AstraGin\u00ae AstraGin<\/strong>Patent that improves the absorption of nutrients and amino acids.<\/li>\n<\/ul>\n<h3>Try it now!<\/h3>\n<p>Improve your performance and recovery with <strong>EAA M.A.P.<\/strong>Order today and experience the benefits of this high quality supplement!<\/p>","protected":false},"excerpt":{"rendered":"<p><strong>EAA M.A.P.<\/strong><span> is a unique and highly purified formula that combines the 9 essential amino acids (EAA's) that the body needs for building muscle mass.<\/span><\/p>","protected":false},"featured_media":20491,"comment_status":"open","ping_status":"closed","template":"","meta":{"inline_featured_image":false},"product_brand":[],"product_cat":[175,360,98],"product_tag":[],"class_list":{"0":"post-20490","1":"product","2":"type-product","3":"status-publish","4":"has-post-thumbnail","6":"product_cat-aminoacidos-2","7":"product_cat-map","8":"product_cat-suplementacion-online","9":"pa_sa_color_unico-caribbean-cooler","10":"pa_sa_color_unico-cherry","11":"pa_sa_color_unico-watermelon","12":"pa_sa_talla_unica-talla-unica","14":"first","15":"outofstock","16":"taxable","17":"shipping-taxable","18":"purchasable","19":"product-type-variable"},"acf":[],"yoast_head":"<!-- This site is optimized with the Yoast SEO plugin v27.1.1 - https:\/\/yoast.com\/product\/yoast-seo-wordpress\/ -->\n<title>EAA MAP 374gr Quamtrax - My Fit Menu<\/title>\n<meta name=\"robots\" content=\"index, follow, max-snippet:-1, max-image-preview:large, max-video-preview:-1\" \/>\n<link rel=\"canonical\" href=\"https:\/\/myfitmenu.es\/en\/suplementacion-online\/eaa-map-374gr-quamtrax\/\" \/>\n<meta property=\"og:locale\" content=\"en_GB\" \/>\n<meta property=\"og:type\" content=\"article\" \/>\n<meta property=\"og:title\" content=\"EAA MAP 374gr Quamtrax - My Fit Menu\" \/>\n<meta property=\"og:description\" content=\"EAA M.A.P. es una f\u00f3rmula \u00fanica y altamente purificada que combina los 9 amino\u00e1cidos esenciales (EAA\u2019s) que el cuerpo necesita para la construcci\u00f3n de masa muscular.\" \/>\n<meta property=\"og:url\" content=\"https:\/\/myfitmenu.es\/en\/suplementacion-online\/eaa-map-374gr-quamtrax\/\" \/>\n<meta property=\"og:site_name\" content=\"My Fit Menu\" \/>\n<meta property=\"article:modified_time\" content=\"2026-04-21T10:36:53+00:00\" \/>\n<meta property=\"og:image\" content=\"https:\/\/myfitmenu.es\/wp-content\/uploads\/2025\/08\/26082025112834.eaa-map-116968.png-thumbnail-2000x2000-1.webp\" \/>\n\t<meta property=\"og:image:width\" content=\"1500\" \/>\n\t<meta property=\"og:image:height\" content=\"1500\" \/>\n\t<meta property=\"og:image:type\" content=\"image\/webp\" \/>\n<meta name=\"twitter:card\" content=\"summary_large_image\" \/>\n<meta name=\"twitter:label1\" content=\"Estimated reading time\" \/>\n\t<meta name=\"twitter:data1\" content=\"3 minutes\" \/>\n<script type=\"application\/ld+json\" class=\"yoast-schema-graph\">{\"@context\":\"https:\/\/schema.org\",\"@graph\":[{\"@type\":\"WebPage\",\"@id\":\"https:\/\/myfitmenu.es\/suplementacion-online\/eaa-map-374gr-quamtrax\/\",\"url\":\"https:\/\/myfitmenu.es\/suplementacion-online\/eaa-map-374gr-quamtrax\/\",\"name\":\"EAA MAP 374gr Quamtrax - My Fit Menu\",\"isPartOf\":{\"@id\":\"https:\/\/myfitmenu.es\/#website\"},\"primaryImageOfPage\":{\"@id\":\"https:\/\/myfitmenu.es\/suplementacion-online\/eaa-map-374gr-quamtrax\/#primaryimage\"},\"image\":{\"@id\":\"https:\/\/myfitmenu.es\/suplementacion-online\/eaa-map-374gr-quamtrax\/#primaryimage\"},\"thumbnailUrl\":\"https:\/\/myfitmenu.es\/wp-content\/uploads\/2025\/08\/26082025112834.eaa-map-116968.png-thumbnail-2000x2000-1.webp\",\"datePublished\":\"2025-08-26T11:37:27+00:00\",\"dateModified\":\"2026-04-21T10:36:53+00:00\",\"breadcrumb\":{\"@id\":\"https:\/\/myfitmenu.es\/suplementacion-online\/eaa-map-374gr-quamtrax\/#breadcrumb\"},\"inLanguage\":\"en-GB\",\"potentialAction\":[{\"@type\":\"ReadAction\",\"target\":[\"https:\/\/myfitmenu.es\/suplementacion-online\/eaa-map-374gr-quamtrax\/\"]}]},{\"@type\":\"ImageObject\",\"inLanguage\":\"en-GB\",\"@id\":\"https:\/\/myfitmenu.es\/suplementacion-online\/eaa-map-374gr-quamtrax\/#primaryimage\",\"url\":\"https:\/\/myfitmenu.es\/wp-content\/uploads\/2025\/08\/26082025112834.eaa-map-116968.png-thumbnail-2000x2000-1.webp\",\"contentUrl\":\"https:\/\/myfitmenu.es\/wp-content\/uploads\/2025\/08\/26082025112834.eaa-map-116968.png-thumbnail-2000x2000-1.webp\",\"width\":1500,\"height\":1500},{\"@type\":\"BreadcrumbList\",\"@id\":\"https:\/\/myfitmenu.es\/suplementacion-online\/eaa-map-374gr-quamtrax\/#breadcrumb\",\"itemListElement\":[{\"@type\":\"ListItem\",\"position\":1,\"name\":\"Portada\",\"item\":\"https:\/\/myfitmenu.es\/\"},{\"@type\":\"ListItem\",\"position\":2,\"name\":\"Shop\",\"item\":\"http:\/\/myfitmenu.es\/en\/shop\/\"},{\"@type\":\"ListItem\",\"position\":3,\"name\":\"EAA MAP 374gr Quamtrax\"}]},{\"@type\":\"WebSite\",\"@id\":\"https:\/\/myfitmenu.es\/#website\",\"url\":\"https:\/\/myfitmenu.es\/\",\"name\":\"My Fit Menu\",\"description\":\"\",\"potentialAction\":[{\"@type\":\"SearchAction\",\"target\":{\"@type\":\"EntryPoint\",\"urlTemplate\":\"https:\/\/myfitmenu.es\/?s={search_term_string}\"},\"query-input\":{\"@type\":\"PropertyValueSpecification\",\"valueRequired\":true,\"valueName\":\"search_term_string\"}}],\"inLanguage\":\"en-GB\"}]}<\/script>\n<!-- \/ Yoast SEO plugin. -->","yoast_head_json":{"title":"EAA MAP 374gr Quamtrax - My Fit Menu","robots":{"index":"index","follow":"follow","max-snippet":"max-snippet:-1","max-image-preview":"max-image-preview:large","max-video-preview":"max-video-preview:-1"},"canonical":"https:\/\/myfitmenu.es\/en\/suplementacion-online\/eaa-map-374gr-quamtrax\/","og_locale":"en_GB","og_type":"article","og_title":"EAA MAP 374gr Quamtrax - My Fit Menu","og_description":"EAA M.A.P. es una f\u00f3rmula \u00fanica y altamente purificada que combina los 9 amino\u00e1cidos esenciales (EAA\u2019s) que el cuerpo necesita para la construcci\u00f3n de masa muscular.","og_url":"https:\/\/myfitmenu.es\/en\/suplementacion-online\/eaa-map-374gr-quamtrax\/","og_site_name":"My Fit Menu","article_modified_time":"2026-04-21T10:36:53+00:00","og_image":[{"width":1500,"height":1500,"url":"https:\/\/myfitmenu.es\/wp-content\/uploads\/2025\/08\/26082025112834.eaa-map-116968.png-thumbnail-2000x2000-1.webp","type":"image\/webp"}],"twitter_card":"summary_large_image","twitter_misc":{"Estimated reading time":"3 minutes"},"schema":{"@context":"https:\/\/schema.org","@graph":[{"@type":"WebPage","@id":"https:\/\/myfitmenu.es\/suplementacion-online\/eaa-map-374gr-quamtrax\/","url":"https:\/\/myfitmenu.es\/suplementacion-online\/eaa-map-374gr-quamtrax\/","name":"EAA MAP 374gr Quamtrax - My Fit Menu","isPartOf":{"@id":"https:\/\/myfitmenu.es\/#website"},"primaryImageOfPage":{"@id":"https:\/\/myfitmenu.es\/suplementacion-online\/eaa-map-374gr-quamtrax\/#primaryimage"},"image":{"@id":"https:\/\/myfitmenu.es\/suplementacion-online\/eaa-map-374gr-quamtrax\/#primaryimage"},"thumbnailUrl":"https:\/\/myfitmenu.es\/wp-content\/uploads\/2025\/08\/26082025112834.eaa-map-116968.png-thumbnail-2000x2000-1.webp","datePublished":"2025-08-26T11:37:27+00:00","dateModified":"2026-04-21T10:36:53+00:00","breadcrumb":{"@id":"https:\/\/myfitmenu.es\/suplementacion-online\/eaa-map-374gr-quamtrax\/#breadcrumb"},"inLanguage":"en-GB","potentialAction":[{"@type":"ReadAction","target":["https:\/\/myfitmenu.es\/suplementacion-online\/eaa-map-374gr-quamtrax\/"]}]},{"@type":"ImageObject","inLanguage":"en-GB","@id":"https:\/\/myfitmenu.es\/suplementacion-online\/eaa-map-374gr-quamtrax\/#primaryimage","url":"https:\/\/myfitmenu.es\/wp-content\/uploads\/2025\/08\/26082025112834.eaa-map-116968.png-thumbnail-2000x2000-1.webp","contentUrl":"https:\/\/myfitmenu.es\/wp-content\/uploads\/2025\/08\/26082025112834.eaa-map-116968.png-thumbnail-2000x2000-1.webp","width":1500,"height":1500},{"@type":"BreadcrumbList","@id":"https:\/\/myfitmenu.es\/suplementacion-online\/eaa-map-374gr-quamtrax\/#breadcrumb","itemListElement":[{"@type":"ListItem","position":1,"name":"Portada","item":"https:\/\/myfitmenu.es\/"},{"@type":"ListItem","position":2,"name":"Shop","item":"http:\/\/myfitmenu.es\/en\/shop\/"},{"@type":"ListItem","position":3,"name":"EAA MAP 374gr Quamtrax"}]},{"@type":"WebSite","@id":"https:\/\/myfitmenu.es\/#website","url":"https:\/\/myfitmenu.es\/","name":"My Fit Menu","description":"","potentialAction":[{"@type":"SearchAction","target":{"@type":"EntryPoint","urlTemplate":"https:\/\/myfitmenu.es\/?s={search_term_string}"},"query-input":{"@type":"PropertyValueSpecification","valueRequired":true,"valueName":"search_term_string"}}],"inLanguage":"en-GB"}]}},"_links":{"self":[{"href":"https:\/\/myfitmenu.es\/en\/wp-json\/wp\/v2\/product\/20490","targetHints":{"allow":["GET"]}}],"collection":[{"href":"https:\/\/myfitmenu.es\/en\/wp-json\/wp\/v2\/product"}],"about":[{"href":"https:\/\/myfitmenu.es\/en\/wp-json\/wp\/v2\/types\/product"}],"replies":[{"embeddable":true,"href":"https:\/\/myfitmenu.es\/en\/wp-json\/wp\/v2\/comments?post=20490"}],"version-history":[{"count":1,"href":"https:\/\/myfitmenu.es\/en\/wp-json\/wp\/v2\/product\/20490\/revisions"}],"predecessor-version":[{"id":20957,"href":"https:\/\/myfitmenu.es\/en\/wp-json\/wp\/v2\/product\/20490\/revisions\/20957"}],"wp:featuredmedia":[{"embeddable":true,"href":"https:\/\/myfitmenu.es\/en\/wp-json\/wp\/v2\/media\/20491"}],"wp:attachment":[{"href":"https:\/\/myfitmenu.es\/en\/wp-json\/wp\/v2\/media?parent=20490"}],"wp:term":[{"taxonomy":"product_brand","embeddable":true,"href":"https:\/\/myfitmenu.es\/en\/wp-json\/wp\/v2\/product_brand?post=20490"},{"taxonomy":"product_cat","embeddable":true,"href":"https:\/\/myfitmenu.es\/en\/wp-json\/wp\/v2\/product_cat?post=20490"},{"taxonomy":"product_tag","embeddable":true,"href":"https:\/\/myfitmenu.es\/en\/wp-json\/wp\/v2\/product_tag?post=20490"}],"curies":[{"name":"wp","href":"https:\/\/api.w.org\/{rel}","templated":true}]}}