{"id":20442,"date":"2025-08-18T16:33:58","date_gmt":"2025-08-18T16:33:58","guid":{"rendered":"https:\/\/myfitmenu.es\/sin categor\u00eda\/vitamina-c-1000-mg-20-comprimidos-efervescentes\/"},"modified":"2025-11-18T15:54:25","modified_gmt":"2025-11-18T15:54:25","slug":"vitamina-c-1000-mg-20-comprimidos-efervescentes","status":"publish","type":"product","link":"https:\/\/myfitmenu.es\/en\/suplementacion-online\/vitamina-c-1000-mg-20-comprimidos-efervescentes\/","title":{"rendered":"Vitamin C 1000 mg 20 effervescent tablets"},"content":{"rendered":"<ul>\n<li><strong>Source of vitamin C<\/strong> - one serving of the food supplement contains 1000 mg of L-ascorbic acid.<\/li>\n<li><strong>Refreshing lemon flavour.<\/strong><\/li>\n<li><strong>1 serving = 1 tablet.<\/strong><\/li>\n<li><strong>Practical<\/strong> - the preparation in the form of effervescent tablets is an easy and trouble-free form of supplementation: simply dissolve the tablet in water and drink the finished liquid.<\/li>\n<li><strong>Performance<\/strong> - one package contains 20 servings.<\/li>\n<\/ul>\n<h2>OstroVit Vitamin C 1000 mg - rich source of L-ascorbic acid<\/h2>\n<p><strong>Vitamin C<\/strong> is an organic chemical compound belonging to the group of polyhydroxylated alcohols. It is a water-soluble substance, the excess of which is excreted from the body in urine and sweat. The human body is not able to synthesise vitamin C on its own, so vitamin C is considered an exogenous compound that must be supplied to the body through the daily diet or in the form of supplements. Natural vitamin C is found in food, mainly in fresh fruit and vegetables. Ascorbic acid can be found m.en. in acerola, blackcurrants, oranges and strawberries, as well as in kale, Brussels sprouts, peppers and kohlrabi.<\/p>\n<h2>Properties of the ingredients contained in OstroVit Vitamin C 1000 mg effervescent tablets<\/h2>\n<p><strong>Vitamin C<\/strong> is to support physically active people, as the compound helps maintain a well-functioning immune system during and after intense exercise. In addition, L-ascorbic acid contributes to the normal production of collagen for the optimal functioning of blood vessels, bones, cartilage and gums, as well as teeth and skin. It also contributes to the maintenance of normal energy metabolism and the proper functioning of the nervous system. Vitamin C also helps to reduce feelings of fatigue and tiredness and, in addition, supports the maintenance of normal psychological functions and helps protect cells from oxidative stress.<\/p>\n<p>Laboratory-confirmed quality<\/p>\n<p>Concerned about the health of our customers and to guarantee and maintain the highest quality, all our products are regularly tested in an independent accredited laboratory.<\/p>","protected":false},"excerpt":{"rendered":"<p><span style=\"font-size: 14px;text-align: left;float: none\">OstroVit Vitamin C 1000 mg is a food supplement that is a valuable source of L-ascorbic acid. The product comes in easy-to-take, lemon-flavoured effervescent tablets. It is a great solution for people who have difficulty swallowing tablets, as well as an interesting alternative for athletes and people with an increased vitamin C requirement.<\/span><\/p>","protected":false},"featured_media":20443,"comment_status":"open","ping_status":"closed","template":"","meta":{"inline_featured_image":false},"product_brand":[],"product_cat":[206,325,98],"product_tag":[],"class_list":{"0":"post-20442","1":"product","2":"type-product","3":"status-publish","4":"has-post-thumbnail","6":"product_cat-salud-2","7":"product_cat-vitaminas-y-minerales-2","8":"product_cat-suplementacion-online","9":"pa_sa_color_unico-color-unico","10":"pa_sa_talla_unica-talla-unica","12":"first","13":"instock","14":"taxable","15":"shipping-taxable","16":"purchasable","17":"product-type-simple"},"acf":[],"yoast_head":"<!-- This site is optimized with the Yoast SEO plugin v27.1.1 - https:\/\/yoast.com\/product\/yoast-seo-wordpress\/ -->\n<title>Vitamina C 1000 mg 20 comprimidos efervescentes - My Fit Menu<\/title>\n<meta name=\"robots\" content=\"index, follow, max-snippet:-1, max-image-preview:large, max-video-preview:-1\" \/>\n<link rel=\"canonical\" href=\"https:\/\/myfitmenu.es\/en\/sin%20categor\u00eda\/vitamina-c-1000-mg-20-comprimidos-efervescentes\/\" \/>\n<meta property=\"og:locale\" content=\"en_GB\" \/>\n<meta property=\"og:type\" content=\"article\" \/>\n<meta property=\"og:title\" content=\"Vitamina C 1000 mg 20 comprimidos efervescentes - My Fit Menu\" \/>\n<meta property=\"og:description\" content=\"OstroVit Vitamina C 1000 mg es un complemento alimenticio que constituye una valiosa fuente de \u00e1cido L-asc\u00f3rbico. El producto se presenta en comprimidos efervescentes con sabor a lim\u00f3n, f\u00e1ciles de tomar. Es una gran soluci\u00f3n para las personas que tienen dificultades para tragar comprimidos, as\u00ed como una alternativa interesante para los deportistas y las personas con una mayor necesidad de vitamina C.\" \/>\n<meta property=\"og:url\" content=\"https:\/\/myfitmenu.es\/en\/sin categor\u00eda\/vitamina-c-1000-mg-20-comprimidos-efervescentes\/\" \/>\n<meta property=\"og:site_name\" content=\"My Fit Menu\" \/>\n<meta property=\"article:modified_time\" content=\"2025-11-18T15:54:25+00:00\" \/>\n<meta name=\"twitter:card\" content=\"summary_large_image\" \/>\n<meta name=\"twitter:label1\" content=\"Estimated reading time\" \/>\n\t<meta name=\"twitter:data1\" content=\"2 minutes\" \/>\n<script type=\"application\/ld+json\" class=\"yoast-schema-graph\">{\"@context\":\"https:\/\/schema.org\",\"@graph\":[{\"@type\":\"WebPage\",\"@id\":\"https:\/\/myfitmenu.es\/sin categor\u00eda\/vitamina-c-1000-mg-20-comprimidos-efervescentes\/\",\"url\":\"https:\/\/myfitmenu.es\/sin categor\u00eda\/vitamina-c-1000-mg-20-comprimidos-efervescentes\/\",\"name\":\"Vitamina C 1000 mg 20 comprimidos efervescentes - My Fit Menu\",\"isPartOf\":{\"@id\":\"https:\/\/myfitmenu.es\/#website\"},\"primaryImageOfPage\":{\"@id\":\"https:\/\/myfitmenu.es\/sin categor\u00eda\/vitamina-c-1000-mg-20-comprimidos-efervescentes\/#primaryimage\"},\"image\":{\"@id\":\"https:\/\/myfitmenu.es\/sin categor\u00eda\/vitamina-c-1000-mg-20-comprimidos-efervescentes\/#primaryimage\"},\"thumbnailUrl\":\"https:\/\/myfitmenu.es\/wp-content\/uploads\/2025\/08\/spa_pl_OstroVit-Vitamina-C-1000-mg-20-comprimidos-efervescentes-19661_1-thumbnail-2000x2000-1.png\",\"datePublished\":\"2025-08-18T16:33:58+00:00\",\"dateModified\":\"2025-11-18T15:54:25+00:00\",\"breadcrumb\":{\"@id\":\"https:\/\/myfitmenu.es\/sin categor\u00eda\/vitamina-c-1000-mg-20-comprimidos-efervescentes\/#breadcrumb\"},\"inLanguage\":\"en-GB\",\"potentialAction\":[{\"@type\":\"ReadAction\",\"target\":[\"https:\/\/myfitmenu.es\/sin categor\u00eda\/vitamina-c-1000-mg-20-comprimidos-efervescentes\/\"]}]},{\"@type\":\"ImageObject\",\"inLanguage\":\"en-GB\",\"@id\":\"https:\/\/myfitmenu.es\/sin categor\u00eda\/vitamina-c-1000-mg-20-comprimidos-efervescentes\/#primaryimage\",\"url\":\"https:\/\/myfitmenu.es\/wp-content\/uploads\/2025\/08\/spa_pl_OstroVit-Vitamina-C-1000-mg-20-comprimidos-efervescentes-19661_1-thumbnail-2000x2000-1.png\",\"contentUrl\":\"https:\/\/myfitmenu.es\/wp-content\/uploads\/2025\/08\/spa_pl_OstroVit-Vitamina-C-1000-mg-20-comprimidos-efervescentes-19661_1-thumbnail-2000x2000-1.png\",\"width\":1000,\"height\":1000},{\"@type\":\"BreadcrumbList\",\"@id\":\"https:\/\/myfitmenu.es\/sin categor\u00eda\/vitamina-c-1000-mg-20-comprimidos-efervescentes\/#breadcrumb\",\"itemListElement\":[{\"@type\":\"ListItem\",\"position\":1,\"name\":\"Portada\",\"item\":\"https:\/\/myfitmenu.es\/\"},{\"@type\":\"ListItem\",\"position\":2,\"name\":\"Shop\",\"item\":\"http:\/\/myfitmenu.es\/en\/shop\/\"},{\"@type\":\"ListItem\",\"position\":3,\"name\":\"Vitamina C 1000 mg 20 comprimidos efervescentes\"}]},{\"@type\":\"WebSite\",\"@id\":\"https:\/\/myfitmenu.es\/#website\",\"url\":\"https:\/\/myfitmenu.es\/\",\"name\":\"My Fit Menu\",\"description\":\"\",\"potentialAction\":[{\"@type\":\"SearchAction\",\"target\":{\"@type\":\"EntryPoint\",\"urlTemplate\":\"https:\/\/myfitmenu.es\/?s={search_term_string}\"},\"query-input\":{\"@type\":\"PropertyValueSpecification\",\"valueRequired\":true,\"valueName\":\"search_term_string\"}}],\"inLanguage\":\"en-GB\"}]}<\/script>\n<!-- \/ Yoast SEO plugin. -->","yoast_head_json":{"title":"Vitamina C 1000 mg 20 comprimidos efervescentes - My Fit Menu","robots":{"index":"index","follow":"follow","max-snippet":"max-snippet:-1","max-image-preview":"max-image-preview:large","max-video-preview":"max-video-preview:-1"},"canonical":"https:\/\/myfitmenu.es\/en\/sin categor\u00eda\/vitamina-c-1000-mg-20-comprimidos-efervescentes\/","og_locale":"en_GB","og_type":"article","og_title":"Vitamina C 1000 mg 20 comprimidos efervescentes - My Fit Menu","og_description":"OstroVit Vitamina C 1000 mg es un complemento alimenticio que constituye una valiosa fuente de \u00e1cido L-asc\u00f3rbico. El producto se presenta en comprimidos efervescentes con sabor a lim\u00f3n, f\u00e1ciles de tomar. Es una gran soluci\u00f3n para las personas que tienen dificultades para tragar comprimidos, as\u00ed como una alternativa interesante para los deportistas y las personas con una mayor necesidad de vitamina C.","og_url":"https:\/\/myfitmenu.es\/en\/sin categor\u00eda\/vitamina-c-1000-mg-20-comprimidos-efervescentes\/","og_site_name":"My Fit Menu","article_modified_time":"2025-11-18T15:54:25+00:00","twitter_card":"summary_large_image","twitter_misc":{"Estimated reading time":"2 minutes"},"schema":{"@context":"https:\/\/schema.org","@graph":[{"@type":"WebPage","@id":"https:\/\/myfitmenu.es\/sin categor\u00eda\/vitamina-c-1000-mg-20-comprimidos-efervescentes\/","url":"https:\/\/myfitmenu.es\/sin categor\u00eda\/vitamina-c-1000-mg-20-comprimidos-efervescentes\/","name":"Vitamina C 1000 mg 20 comprimidos efervescentes - My Fit Menu","isPartOf":{"@id":"https:\/\/myfitmenu.es\/#website"},"primaryImageOfPage":{"@id":"https:\/\/myfitmenu.es\/sin categor\u00eda\/vitamina-c-1000-mg-20-comprimidos-efervescentes\/#primaryimage"},"image":{"@id":"https:\/\/myfitmenu.es\/sin categor\u00eda\/vitamina-c-1000-mg-20-comprimidos-efervescentes\/#primaryimage"},"thumbnailUrl":"https:\/\/myfitmenu.es\/wp-content\/uploads\/2025\/08\/spa_pl_OstroVit-Vitamina-C-1000-mg-20-comprimidos-efervescentes-19661_1-thumbnail-2000x2000-1.png","datePublished":"2025-08-18T16:33:58+00:00","dateModified":"2025-11-18T15:54:25+00:00","breadcrumb":{"@id":"https:\/\/myfitmenu.es\/sin categor\u00eda\/vitamina-c-1000-mg-20-comprimidos-efervescentes\/#breadcrumb"},"inLanguage":"en-GB","potentialAction":[{"@type":"ReadAction","target":["https:\/\/myfitmenu.es\/sin categor\u00eda\/vitamina-c-1000-mg-20-comprimidos-efervescentes\/"]}]},{"@type":"ImageObject","inLanguage":"en-GB","@id":"https:\/\/myfitmenu.es\/sin categor\u00eda\/vitamina-c-1000-mg-20-comprimidos-efervescentes\/#primaryimage","url":"https:\/\/myfitmenu.es\/wp-content\/uploads\/2025\/08\/spa_pl_OstroVit-Vitamina-C-1000-mg-20-comprimidos-efervescentes-19661_1-thumbnail-2000x2000-1.png","contentUrl":"https:\/\/myfitmenu.es\/wp-content\/uploads\/2025\/08\/spa_pl_OstroVit-Vitamina-C-1000-mg-20-comprimidos-efervescentes-19661_1-thumbnail-2000x2000-1.png","width":1000,"height":1000},{"@type":"BreadcrumbList","@id":"https:\/\/myfitmenu.es\/sin categor\u00eda\/vitamina-c-1000-mg-20-comprimidos-efervescentes\/#breadcrumb","itemListElement":[{"@type":"ListItem","position":1,"name":"Portada","item":"https:\/\/myfitmenu.es\/"},{"@type":"ListItem","position":2,"name":"Shop","item":"http:\/\/myfitmenu.es\/en\/shop\/"},{"@type":"ListItem","position":3,"name":"Vitamina C 1000 mg 20 comprimidos efervescentes"}]},{"@type":"WebSite","@id":"https:\/\/myfitmenu.es\/#website","url":"https:\/\/myfitmenu.es\/","name":"My Fit Menu","description":"","potentialAction":[{"@type":"SearchAction","target":{"@type":"EntryPoint","urlTemplate":"https:\/\/myfitmenu.es\/?s={search_term_string}"},"query-input":{"@type":"PropertyValueSpecification","valueRequired":true,"valueName":"search_term_string"}}],"inLanguage":"en-GB"}]}},"_links":{"self":[{"href":"https:\/\/myfitmenu.es\/en\/wp-json\/wp\/v2\/product\/20442","targetHints":{"allow":["GET"]}}],"collection":[{"href":"https:\/\/myfitmenu.es\/en\/wp-json\/wp\/v2\/product"}],"about":[{"href":"https:\/\/myfitmenu.es\/en\/wp-json\/wp\/v2\/types\/product"}],"replies":[{"embeddable":true,"href":"https:\/\/myfitmenu.es\/en\/wp-json\/wp\/v2\/comments?post=20442"}],"version-history":[{"count":0,"href":"https:\/\/myfitmenu.es\/en\/wp-json\/wp\/v2\/product\/20442\/revisions"}],"wp:featuredmedia":[{"embeddable":true,"href":"https:\/\/myfitmenu.es\/en\/wp-json\/wp\/v2\/media\/20443"}],"wp:attachment":[{"href":"https:\/\/myfitmenu.es\/en\/wp-json\/wp\/v2\/media?parent=20442"}],"wp:term":[{"taxonomy":"product_brand","embeddable":true,"href":"https:\/\/myfitmenu.es\/en\/wp-json\/wp\/v2\/product_brand?post=20442"},{"taxonomy":"product_cat","embeddable":true,"href":"https:\/\/myfitmenu.es\/en\/wp-json\/wp\/v2\/product_cat?post=20442"},{"taxonomy":"product_tag","embeddable":true,"href":"https:\/\/myfitmenu.es\/en\/wp-json\/wp\/v2\/product_tag?post=20442"}],"curies":[{"name":"wp","href":"https:\/\/api.w.org\/{rel}","templated":true}]}}