{"id":20440,"date":"2025-08-18T11:38:31","date_gmt":"2025-08-18T11:38:31","guid":{"rendered":"https:\/\/myfitmenu.es\/sin categor\u00eda\/ostrovit-iodine-potassium-250-tabs\/"},"modified":"2026-04-18T11:46:37","modified_gmt":"2026-04-18T11:46:37","slug":"ostrovit-iodine-potassium-250-tabs","status":"publish","type":"product","link":"https:\/\/myfitmenu.es\/en\/suplementacion-online\/ostrovit-iodine-potassium-250-tabs\/","title":{"rendered":"OstroVit IODINE Potassium 250 tabs"},"content":{"rendered":"<ul>\n<li>Up to 250 tablets in a pack<\/li>\n<li>1 serving = 1\/2 tablet<\/li>\n<li>200 mcg iodine per serving<\/li>\n<li>Also dedicated to women during pregnancy and breastfeeding.<\/li>\n<\/ul>\n<h2>IODINE<\/h2>\n<p>Iodine is an essential micronutrient for human beings, which must be provided by food, but due to its frequent deficiency, supplementation is recommended. The daily requirement of this element for an adult is between 150 and 300 micrograms. Iodine plays a special role in the proper functioning of our thyroid gland and is directly involved in the production of thyroid hormones such as thyroxine known as T4 and triiodothyronine, or T3. These are essential hormones that regulate the proper functioning of our entire body, which is what makes iodine such an important element in the human diet.<\/p>\n<h2>Properties of the ingredients contained in OstroVit Potassium iodide iodine:<\/h2>\n<ul>\n<li>Iodine contributes to the maintenance of normal energy metabolism.<\/li>\n<li>Iodine helps the nervous system to function normally.<\/li>\n<li>Iodine helps maintain healthy skin<\/li>\n<li>Iodine helps in the normal production of thyroid hormones and in the normal functioning of the thyroid gland.<\/li>\n<\/ul>\n<h2>Laboratory confirmed quality<\/h2>\n<p>Concerned about the health of our customers, our products are regularly tested in an independent accredited laboratory to ensure and maintain the highest quality.<\/p>\n<h2>Suggested use<\/h2>\n<p>Take 1 serving (1\/2 tablet) per day. The product is intended for adults.<\/p>\n<p>Do not exceed the recommended daily dose. Do not use the product as a substitute for a varied diet. A balanced diet and a healthy lifestyle are recommended. Do not take if allergic to any of the ingredients. The product should not be taken by children. The product is also intended for pregnant and breastfeeding women. Keep out of the reach of children.<\/p>\n<h2>Ingredients<\/h2>\n<p>Bulking agent: microcrystalline cellulose; starch, anticaking agents: silicon dioxide, magnesium salts of fatty acids; potassium iodide (iodine).<\/p>\n<p>Product may contain milk (including lactose), soy, peanuts, peanuts, other nuts, sesame seeds, cereals containing gluten, eggs, crustaceans, fish.<\/p>\n<h2>Nutritional information<\/h2>\n<p><strong>Net weight: 71 grams<\/strong><br \/><strong>Servings per pack: 500<\/strong><br \/><strong>1 serving: 1\/2 tablet<\/strong><\/p>\n<p>\u00a0<\/p>\n<table>\n<tbody>\n<tr>\n<th>Active ingredients<\/th>\n<th>Per portion<\/th>\n<th>1 tablet<\/th>\n<\/tr>\n<tr>\n<td>Iodine<\/td>\n<td>200 \u00b5g (133%)* 200 \u00b5g (133%)* 200 \u00b5g (133%)<\/td>\n<td>400 \u00b5g (266%)*<\/td>\n<\/tr>\n<\/tbody>\n<\/table>\n<h2><a href=\"https:\/\/masscle.comwp-content\/uploads\/2023\/10\/Iconos-laboratorio-1.png\"><\/a><\/h2>","protected":false},"excerpt":{"rendered":"<p><strong style=\"font-size: 14px\">OstroVit IODINE Potassium iodide<\/strong><span style=\"font-size: 14px;float: none\">\u00a0250 tablets is a food supplement in tablet form containing iodine in the form of potassium iodide. Iodine is an essential trace element that plays an important role in our bodies: among other things, it helps to ensure the proper production of thyroid hormones and the proper functioning of the thyroid gland, contributes to the maintenance of proper energy metabolism and helps the nervous system to function properly.<\/span><\/p>","protected":false},"featured_media":20441,"comment_status":"open","ping_status":"closed","template":"","meta":{"inline_featured_image":false},"product_brand":[],"product_cat":[206,325,98],"product_tag":[],"class_list":{"0":"post-20440","1":"product","2":"type-product","3":"status-publish","4":"has-post-thumbnail","6":"product_cat-salud-2","7":"product_cat-vitaminas-y-minerales-2","8":"product_cat-suplementacion-online","9":"pa_sa_color_unico-color-unico","10":"pa_sa_talla_unica-talla-unica","12":"first","13":"instock","14":"taxable","15":"shipping-taxable","16":"purchasable","17":"product-type-simple"},"acf":[],"yoast_head":"<!-- This site is optimized with the Yoast SEO plugin v27.1.1 - https:\/\/yoast.com\/product\/yoast-seo-wordpress\/ -->\n<title>OstroVit IODINE Potassium 250 tabs - My Fit Menu<\/title>\n<meta name=\"robots\" content=\"index, follow, max-snippet:-1, max-image-preview:large, max-video-preview:-1\" \/>\n<link rel=\"canonical\" href=\"https:\/\/myfitmenu.es\/en\/sin%20categor\u00eda\/ostrovit-iodine-potassium-250-tabs\/\" \/>\n<meta property=\"og:locale\" content=\"en_GB\" \/>\n<meta property=\"og:type\" content=\"article\" \/>\n<meta property=\"og:title\" content=\"OstroVit IODINE Potassium 250 tabs - My Fit Menu\" \/>\n<meta property=\"og:description\" content=\"OstroVit IODINE Yoduro de potasio\u00a0250 comprimidos es un complemento alimenticio en comprimidos que contiene yodo en forma de yoduro de potasio. El yodo es un oligoelemento esencial que desempe\u00f1a un papel importante en nuestro organismo: entre otras cosas, ayuda a la correcta producci\u00f3n de hormonas tiroideas y al correcto funcionamiento de la gl\u00e1ndula tiroides, contribuye al mantenimiento del correcto metabolismo energ\u00e9tico y ayuda en la correcto funcionamiento del sistema nervioso.\" \/>\n<meta property=\"og:url\" content=\"https:\/\/myfitmenu.es\/en\/sin categor\u00eda\/ostrovit-iodine-potassium-250-tabs\/\" \/>\n<meta property=\"og:site_name\" content=\"My Fit Menu\" \/>\n<meta property=\"article:modified_time\" content=\"2026-04-18T11:46:37+00:00\" \/>\n<meta name=\"twitter:card\" content=\"summary_large_image\" \/>\n<meta name=\"twitter:label1\" content=\"Estimated reading time\" \/>\n\t<meta name=\"twitter:data1\" content=\"2 minutes\" \/>\n<script type=\"application\/ld+json\" class=\"yoast-schema-graph\">{\"@context\":\"https:\/\/schema.org\",\"@graph\":[{\"@type\":\"WebPage\",\"@id\":\"https:\/\/myfitmenu.es\/sin categor\u00eda\/ostrovit-iodine-potassium-250-tabs\/\",\"url\":\"https:\/\/myfitmenu.es\/sin categor\u00eda\/ostrovit-iodine-potassium-250-tabs\/\",\"name\":\"OstroVit IODINE Potassium 250 tabs - My Fit Menu\",\"isPartOf\":{\"@id\":\"https:\/\/myfitmenu.es\/#website\"},\"primaryImageOfPage\":{\"@id\":\"https:\/\/myfitmenu.es\/sin categor\u00eda\/ostrovit-iodine-potassium-250-tabs\/#primaryimage\"},\"image\":{\"@id\":\"https:\/\/myfitmenu.es\/sin categor\u00eda\/ostrovit-iodine-potassium-250-tabs\/#primaryimage\"},\"thumbnailUrl\":\"https:\/\/myfitmenu.es\/wp-content\/uploads\/2025\/08\/eng_pl_OstroVit-IODINE-Potassium-iodide-250-tablets-26318_1-thumbnail-2000x2000-1.webp\",\"datePublished\":\"2025-08-18T11:38:31+00:00\",\"dateModified\":\"2026-04-18T11:46:37+00:00\",\"breadcrumb\":{\"@id\":\"https:\/\/myfitmenu.es\/sin categor\u00eda\/ostrovit-iodine-potassium-250-tabs\/#breadcrumb\"},\"inLanguage\":\"en-GB\",\"potentialAction\":[{\"@type\":\"ReadAction\",\"target\":[\"https:\/\/myfitmenu.es\/sin categor\u00eda\/ostrovit-iodine-potassium-250-tabs\/\"]}]},{\"@type\":\"ImageObject\",\"inLanguage\":\"en-GB\",\"@id\":\"https:\/\/myfitmenu.es\/sin categor\u00eda\/ostrovit-iodine-potassium-250-tabs\/#primaryimage\",\"url\":\"https:\/\/myfitmenu.es\/wp-content\/uploads\/2025\/08\/eng_pl_OstroVit-IODINE-Potassium-iodide-250-tablets-26318_1-thumbnail-2000x2000-1.webp\",\"contentUrl\":\"https:\/\/myfitmenu.es\/wp-content\/uploads\/2025\/08\/eng_pl_OstroVit-IODINE-Potassium-iodide-250-tablets-26318_1-thumbnail-2000x2000-1.webp\",\"width\":1000,\"height\":1000},{\"@type\":\"BreadcrumbList\",\"@id\":\"https:\/\/myfitmenu.es\/sin categor\u00eda\/ostrovit-iodine-potassium-250-tabs\/#breadcrumb\",\"itemListElement\":[{\"@type\":\"ListItem\",\"position\":1,\"name\":\"Portada\",\"item\":\"https:\/\/myfitmenu.es\/\"},{\"@type\":\"ListItem\",\"position\":2,\"name\":\"Shop\",\"item\":\"http:\/\/myfitmenu.es\/en\/shop\/\"},{\"@type\":\"ListItem\",\"position\":3,\"name\":\"OstroVit IODINE Potassium 250 tabs\"}]},{\"@type\":\"WebSite\",\"@id\":\"https:\/\/myfitmenu.es\/#website\",\"url\":\"https:\/\/myfitmenu.es\/\",\"name\":\"My Fit Menu\",\"description\":\"\",\"potentialAction\":[{\"@type\":\"SearchAction\",\"target\":{\"@type\":\"EntryPoint\",\"urlTemplate\":\"https:\/\/myfitmenu.es\/?s={search_term_string}\"},\"query-input\":{\"@type\":\"PropertyValueSpecification\",\"valueRequired\":true,\"valueName\":\"search_term_string\"}}],\"inLanguage\":\"en-GB\"}]}<\/script>\n<!-- \/ Yoast SEO plugin. -->","yoast_head_json":{"title":"OstroVit IODINE Potassium 250 tabs - My Fit Menu","robots":{"index":"index","follow":"follow","max-snippet":"max-snippet:-1","max-image-preview":"max-image-preview:large","max-video-preview":"max-video-preview:-1"},"canonical":"https:\/\/myfitmenu.es\/en\/sin categor\u00eda\/ostrovit-iodine-potassium-250-tabs\/","og_locale":"en_GB","og_type":"article","og_title":"OstroVit IODINE Potassium 250 tabs - My Fit Menu","og_description":"OstroVit IODINE Yoduro de potasio\u00a0250 comprimidos es un complemento alimenticio en comprimidos que contiene yodo en forma de yoduro de potasio. El yodo es un oligoelemento esencial que desempe\u00f1a un papel importante en nuestro organismo: entre otras cosas, ayuda a la correcta producci\u00f3n de hormonas tiroideas y al correcto funcionamiento de la gl\u00e1ndula tiroides, contribuye al mantenimiento del correcto metabolismo energ\u00e9tico y ayuda en la correcto funcionamiento del sistema nervioso.","og_url":"https:\/\/myfitmenu.es\/en\/sin categor\u00eda\/ostrovit-iodine-potassium-250-tabs\/","og_site_name":"My Fit Menu","article_modified_time":"2026-04-18T11:46:37+00:00","twitter_card":"summary_large_image","twitter_misc":{"Estimated reading time":"2 minutes"},"schema":{"@context":"https:\/\/schema.org","@graph":[{"@type":"WebPage","@id":"https:\/\/myfitmenu.es\/sin categor\u00eda\/ostrovit-iodine-potassium-250-tabs\/","url":"https:\/\/myfitmenu.es\/sin categor\u00eda\/ostrovit-iodine-potassium-250-tabs\/","name":"OstroVit IODINE Potassium 250 tabs - My Fit Menu","isPartOf":{"@id":"https:\/\/myfitmenu.es\/#website"},"primaryImageOfPage":{"@id":"https:\/\/myfitmenu.es\/sin categor\u00eda\/ostrovit-iodine-potassium-250-tabs\/#primaryimage"},"image":{"@id":"https:\/\/myfitmenu.es\/sin categor\u00eda\/ostrovit-iodine-potassium-250-tabs\/#primaryimage"},"thumbnailUrl":"https:\/\/myfitmenu.es\/wp-content\/uploads\/2025\/08\/eng_pl_OstroVit-IODINE-Potassium-iodide-250-tablets-26318_1-thumbnail-2000x2000-1.webp","datePublished":"2025-08-18T11:38:31+00:00","dateModified":"2026-04-18T11:46:37+00:00","breadcrumb":{"@id":"https:\/\/myfitmenu.es\/sin categor\u00eda\/ostrovit-iodine-potassium-250-tabs\/#breadcrumb"},"inLanguage":"en-GB","potentialAction":[{"@type":"ReadAction","target":["https:\/\/myfitmenu.es\/sin categor\u00eda\/ostrovit-iodine-potassium-250-tabs\/"]}]},{"@type":"ImageObject","inLanguage":"en-GB","@id":"https:\/\/myfitmenu.es\/sin categor\u00eda\/ostrovit-iodine-potassium-250-tabs\/#primaryimage","url":"https:\/\/myfitmenu.es\/wp-content\/uploads\/2025\/08\/eng_pl_OstroVit-IODINE-Potassium-iodide-250-tablets-26318_1-thumbnail-2000x2000-1.webp","contentUrl":"https:\/\/myfitmenu.es\/wp-content\/uploads\/2025\/08\/eng_pl_OstroVit-IODINE-Potassium-iodide-250-tablets-26318_1-thumbnail-2000x2000-1.webp","width":1000,"height":1000},{"@type":"BreadcrumbList","@id":"https:\/\/myfitmenu.es\/sin categor\u00eda\/ostrovit-iodine-potassium-250-tabs\/#breadcrumb","itemListElement":[{"@type":"ListItem","position":1,"name":"Portada","item":"https:\/\/myfitmenu.es\/"},{"@type":"ListItem","position":2,"name":"Shop","item":"http:\/\/myfitmenu.es\/en\/shop\/"},{"@type":"ListItem","position":3,"name":"OstroVit IODINE Potassium 250 tabs"}]},{"@type":"WebSite","@id":"https:\/\/myfitmenu.es\/#website","url":"https:\/\/myfitmenu.es\/","name":"My Fit Menu","description":"","potentialAction":[{"@type":"SearchAction","target":{"@type":"EntryPoint","urlTemplate":"https:\/\/myfitmenu.es\/?s={search_term_string}"},"query-input":{"@type":"PropertyValueSpecification","valueRequired":true,"valueName":"search_term_string"}}],"inLanguage":"en-GB"}]}},"_links":{"self":[{"href":"https:\/\/myfitmenu.es\/en\/wp-json\/wp\/v2\/product\/20440","targetHints":{"allow":["GET"]}}],"collection":[{"href":"https:\/\/myfitmenu.es\/en\/wp-json\/wp\/v2\/product"}],"about":[{"href":"https:\/\/myfitmenu.es\/en\/wp-json\/wp\/v2\/types\/product"}],"replies":[{"embeddable":true,"href":"https:\/\/myfitmenu.es\/en\/wp-json\/wp\/v2\/comments?post=20440"}],"version-history":[{"count":0,"href":"https:\/\/myfitmenu.es\/en\/wp-json\/wp\/v2\/product\/20440\/revisions"}],"wp:featuredmedia":[{"embeddable":true,"href":"https:\/\/myfitmenu.es\/en\/wp-json\/wp\/v2\/media\/20441"}],"wp:attachment":[{"href":"https:\/\/myfitmenu.es\/en\/wp-json\/wp\/v2\/media?parent=20440"}],"wp:term":[{"taxonomy":"product_brand","embeddable":true,"href":"https:\/\/myfitmenu.es\/en\/wp-json\/wp\/v2\/product_brand?post=20440"},{"taxonomy":"product_cat","embeddable":true,"href":"https:\/\/myfitmenu.es\/en\/wp-json\/wp\/v2\/product_cat?post=20440"},{"taxonomy":"product_tag","embeddable":true,"href":"https:\/\/myfitmenu.es\/en\/wp-json\/wp\/v2\/product_tag?post=20440"}],"curies":[{"name":"wp","href":"https:\/\/api.w.org\/{rel}","templated":true}]}}