{"id":20433,"date":"2025-08-09T09:47:54","date_gmt":"2025-08-09T09:47:54","guid":{"rendered":"https:\/\/myfitmenu.es\/sin categor\u00eda\/hmb-1500-90-caps-amix-perfomance\/"},"modified":"2025-09-10T12:27:42","modified_gmt":"2025-09-10T12:27:42","slug":"hmb-1500-90-caps-amix-perfomance","status":"publish","type":"product","link":"https:\/\/myfitmenu.es\/en\/suplementacion-online\/hmb-1500-90-caps-amix-perfomance\/","title":{"rendered":"HMB 1500 90 caps Amix Perfomance"},"content":{"rendered":"<p style=\"font-size: 15px;vertical-align: baseline\"><strong style=\"font-size: 15px;vertical-align: baseline\"><b>HMB 1500 by Amix Performance<\/b><\/strong>\u00a0is an advanced supplement based on Beta-Hydroxy-Beta-Methylbutyrate (HMB), a metabolite of the amino acid leucine, designed to protect muscle mass, improve recovery and enhance physical performance.<\/p>\n<p style=\"font-size: 15px;vertical-align: baseline\">Each capsule provides\u00a0<strong style=\"font-size: 15px;vertical-align: baseline\"><b>1500 mg pure HMB<\/b><\/strong>ideal for athletes who train at high intensity, are in the definition phase or wish to avoid muscle catabolism.<\/p>\n<h4 style=\"font-size: 17px;vertical-align: baseline\"><\/h4>\n<h4 style=\"font-size: 17px;vertical-align: baseline\"><strong style=\"font-size: 17px;vertical-align: baseline\"><b>What is HMB and why is it useful?<\/b><\/strong><\/h4>\n<p style=\"font-size: 15px;vertical-align: baseline\">HMB acts as a potent\u00a0<strong style=\"font-size: 15px;vertical-align: baseline\"><b>natural anti-catabolic<\/b><\/strong>by reducing muscle protein degradation and promoting protein synthesis. It is especially useful for athletes seeking to preserve muscle during periods of fat loss, for beginners starting demanding training sessions or for endurance athletes with high muscle wasting.<\/p>\n<h4 style=\"font-size: 17px;vertical-align: baseline\"><strong style=\"font-size: 17px;vertical-align: baseline\"><b>Who is it recommended for?<\/b><\/strong><\/h4>\n<p style=\"font-size: 15px;vertical-align: baseline\">Ideal for:<\/p>\n<ul style=\"font-size: 16px;vertical-align: baseline\">\n<li style=\"font-size: 16px;vertical-align: baseline\">\n<p style=\"font-size: 15px;vertical-align: baseline\">Athletes in definition or fat loss phase<\/p>\n<\/li>\n<li style=\"font-size: 16px;vertical-align: baseline\">\n<p style=\"font-size: 15px;vertical-align: baseline\">Athletes training at high intensity<\/p>\n<\/li>\n<li style=\"font-size: 16px;vertical-align: baseline\">\n<p style=\"font-size: 15px;vertical-align: baseline\">People who want to avoid muscle catabolism<\/p>\n<\/li>\n<li style=\"font-size: 16px;vertical-align: baseline\">\n<p style=\"font-size: 15px;vertical-align: baseline\">Users with strength or endurance training<\/p>\n<\/li>\n<li style=\"font-size: 16px;vertical-align: baseline\">\n<p style=\"font-size: 15px;vertical-align: baseline\">Beginners in the gym looking for optimal recovery<\/p>\n<\/li>\n<\/ul>\n<p style=\"font-size: 15px;vertical-align: baseline\"><strong style=\"font-size: 15px;vertical-align: baseline\"><b>Recommended daily dose:<\/b><\/strong>\u00a03 capsules<\/p>\n<p style=\"font-size: 15px;vertical-align: baseline\"><strong style=\"font-size: 15px;vertical-align: baseline\"><b>Instructions for use:\u00a0<\/b><\/strong>Take 1 capsule 3 times a day with main meals.\u00a0<\/p>\n<table width=\"609\" style=\"font-size: 16px;vertical-align: baseline\">\n<tbody style=\"font-size: 16px;vertical-align: baseline\">\n<tr style=\"font-size: 16px;vertical-align: baseline\">\n<td style=\"font-size: 16px;vertical-align: middle;text-align: left\"><strong style=\"font-size: 16px;vertical-align: baseline\"><b>Information:<\/b><\/strong><\/td>\n<td style=\"font-size: 16px;vertical-align: middle;text-align: left\"><\/td>\n<\/tr>\n<tr style=\"font-size: 16px;vertical-align: baseline\">\n<td style=\"font-size: 16px;vertical-align: middle;text-align: left\">Serving Size: 3 capsules<\/td>\n<td style=\"font-size: 16px;vertical-align: middle;text-align: right\">Servings per pack: 30<\/td>\n<\/tr>\n<tr style=\"font-size: 16px;vertical-align: baseline\">\n<td style=\"font-size: 16px;vertical-align: middle;text-align: left\">Quantity per dose<\/td>\n<td style=\"font-size: 16px;vertical-align: middle;text-align: right\"><\/td>\n<\/tr>\n<tr style=\"font-size: 16px;vertical-align: baseline\">\n<td style=\"font-size: 16px;vertical-align: middle;text-align: left\"><strong style=\"font-size: 16px;vertical-align: baseline\"><b>HMB \/ Beta-Hydroxy Beta-Methylbutyrate<\/b><\/strong><\/td>\n<td style=\"font-size: 16px;vertical-align: middle;text-align: right\">1 500 mg<\/td>\n<\/tr>\n<\/tbody>\n<\/table>\n<p style=\"font-size: 15px;vertical-align: baseline\">Food supplement. Net weight: 64 g<\/p>\n<p style=\"font-size: 15px;vertical-align: baseline\"><span style=\"font-size: 15px;vertical-align: baseline\"><strong style=\"font-size: 15px;vertical-align: baseline\"><b>Ingredients:<\/b><\/strong>\u00a0<span style=\"font-size: 15px;vertical-align: baseline\">Beta-Hydroxy Beta-Methylbutyrate, vegetable-based capsule (hydroxypropyl methylcellulose, purified water, colouring agent: calcium carbonate), anti-caking agents: magnesium stearate and silicon dioxide.<\/span><\/span><\/p>\n<p style=\"font-size: 15px;vertical-align: baseline\"><span style=\"font-size: 15px;vertical-align: baseline\"><strong style=\"font-size: 15px;vertical-align: baseline\"><b>Allergen Warning:<\/b><\/strong>\u00a0<\/span>this product may contain traces of<strong style=\"font-size: 15px;vertical-align: baseline\"><b>\u00a0milk, egg, soya, gluten, crustaceans, molluscs and shellfish.<\/b><\/strong><\/p>\n<p style=\"font-size: 15px;vertical-align: baseline\"><strong style=\"font-size: 15px;vertical-align: baseline\"><b>Warnings:\u00a0<\/b><\/strong>Do not use this product if you are pregnant or breastfeeding. Keep away from young children. Do not exceed the recommended daily dose. Follow professional advice before taking this food supplement. Store at a temperature above 25\u00b0C in a cool, dry place. Food supplements should not be used as a substitute for a balanced diet. The manufacturer is not responsible for damage caused by improper use, storage or conservation by the consumer.<\/p>","protected":false},"excerpt":{"rendered":"<p><span><strong><b>HMB or Beta-Hydroxy Beta-Methylbutyrate from Amix Performance<\/b><\/strong>\u00a0is an important metabolite within the essential branched amino acid L-Leucine, one of the essential amino acids of the BCAAs (branched chain amino acids).<\/span><\/p>\n<p>HMB is a supplement that prevents the development of<strong><b>\u00a0<\/b><\/strong>muscle catabolism, helps to reduce muscle breakdown, especially in situations of intense training or prolonged fasting.<\/p>\n<ul>\n<li>Reduces muscle catabolism<\/li>\n<li>Improves post-workout recovery<\/li>\n<li>Helps maintain lean mass during periods of calorie deficit<\/li>\n<li>Ideal for definition phases or injuries where training is reduced.<\/li>\n<li>Increases strength and endurance under prolonged exertion<\/li>\n<\/ul>","protected":false},"featured_media":20434,"comment_status":"open","ping_status":"closed","template":"","meta":{"inline_featured_image":false},"product_brand":[],"product_cat":[175,98],"product_tag":[],"class_list":{"0":"post-20433","1":"product","2":"type-product","3":"status-publish","4":"has-post-thumbnail","6":"product_cat-aminoacidos-2","7":"product_cat-suplementacion-online","8":"pa_sa_color_unico-color-unico","9":"pa_sa_talla_unica-talla-unica","11":"first","12":"outofstock","13":"taxable","14":"shipping-taxable","15":"purchasable","16":"product-type-simple"},"acf":[],"yoast_head":"<!-- This site is optimized with the Yoast SEO plugin v27.1.1 - https:\/\/yoast.com\/product\/yoast-seo-wordpress\/ -->\n<title>HMB 1500 90 caps Amix Perfomance - My Fit Menu<\/title>\n<meta name=\"robots\" content=\"index, follow, max-snippet:-1, max-image-preview:large, max-video-preview:-1\" \/>\n<link rel=\"canonical\" href=\"https:\/\/myfitmenu.es\/en\/sin%20categor\u00eda\/hmb-1500-90-caps-amix-perfomance\/\" \/>\n<meta property=\"og:locale\" content=\"en_GB\" \/>\n<meta property=\"og:type\" content=\"article\" \/>\n<meta property=\"og:title\" content=\"HMB 1500 90 caps Amix Perfomance - My Fit Menu\" \/>\n<meta property=\"og:description\" content=\"HMB o Beta-Hidroxy Beta-Metilbutirato\u00a0de Amix Performance\u00a0es un metabolito importante dentro del amino\u00e1cido esencial ramificado L-Leucina,\u00a0uno de los amino\u00e1cidos esenciales de los BCAA (amino\u00e1cidos de cadena ramificada)El HMB es un suplemento que previene el\u00a0catabolismo muscular, ayuda a reducir la degradaci\u00f3n muscular, especialmente en situaciones de entrenamiento intenso o ayuno prolongado.Reduce el catabolismo muscularMejora la recuperaci\u00f3n post-entrenoAyuda a mantener la masa magra durante per\u00edodos de d\u00e9ficit cal\u00f3ricoIdeal en fases de definici\u00f3n o lesiones donde se reduce el entrenamientoAumenta la fuerza y la resistencia en esfuerzos prolongado\" \/>\n<meta property=\"og:url\" content=\"https:\/\/myfitmenu.es\/en\/sin categor\u00eda\/hmb-1500-90-caps-amix-perfomance\/\" \/>\n<meta property=\"og:site_name\" content=\"My Fit Menu\" \/>\n<meta property=\"article:modified_time\" content=\"2025-09-10T12:27:42+00:00\" \/>\n<meta name=\"twitter:card\" content=\"summary_large_image\" \/>\n<meta name=\"twitter:label1\" content=\"Estimated reading time\" \/>\n\t<meta name=\"twitter:data1\" content=\"2 minutes\" \/>\n<script type=\"application\/ld+json\" class=\"yoast-schema-graph\">{\"@context\":\"https:\/\/schema.org\",\"@graph\":[{\"@type\":\"WebPage\",\"@id\":\"https:\/\/myfitmenu.es\/sin categor\u00eda\/hmb-1500-90-caps-amix-perfomance\/\",\"url\":\"https:\/\/myfitmenu.es\/sin categor\u00eda\/hmb-1500-90-caps-amix-perfomance\/\",\"name\":\"HMB 1500 90 caps Amix Perfomance - My Fit Menu\",\"isPartOf\":{\"@id\":\"https:\/\/myfitmenu.es\/#website\"},\"primaryImageOfPage\":{\"@id\":\"https:\/\/myfitmenu.es\/sin categor\u00eda\/hmb-1500-90-caps-amix-perfomance\/#primaryimage\"},\"image\":{\"@id\":\"https:\/\/myfitmenu.es\/sin categor\u00eda\/hmb-1500-90-caps-amix-perfomance\/#primaryimage\"},\"thumbnailUrl\":\"https:\/\/myfitmenu.es\/wp-content\/uploads\/2025\/08\/hmb-1500-90-caps-amix-perfomance-thumbnail-2000x2000-80.jpg\",\"datePublished\":\"2025-08-09T09:47:54+00:00\",\"dateModified\":\"2025-09-10T12:27:42+00:00\",\"breadcrumb\":{\"@id\":\"https:\/\/myfitmenu.es\/sin categor\u00eda\/hmb-1500-90-caps-amix-perfomance\/#breadcrumb\"},\"inLanguage\":\"en-GB\",\"potentialAction\":[{\"@type\":\"ReadAction\",\"target\":[\"https:\/\/myfitmenu.es\/sin categor\u00eda\/hmb-1500-90-caps-amix-perfomance\/\"]}]},{\"@type\":\"ImageObject\",\"inLanguage\":\"en-GB\",\"@id\":\"https:\/\/myfitmenu.es\/sin categor\u00eda\/hmb-1500-90-caps-amix-perfomance\/#primaryimage\",\"url\":\"https:\/\/myfitmenu.es\/wp-content\/uploads\/2025\/08\/hmb-1500-90-caps-amix-perfomance-thumbnail-2000x2000-80.jpg\",\"contentUrl\":\"https:\/\/myfitmenu.es\/wp-content\/uploads\/2025\/08\/hmb-1500-90-caps-amix-perfomance-thumbnail-2000x2000-80.jpg\",\"width\":1000,\"height\":1000},{\"@type\":\"BreadcrumbList\",\"@id\":\"https:\/\/myfitmenu.es\/sin categor\u00eda\/hmb-1500-90-caps-amix-perfomance\/#breadcrumb\",\"itemListElement\":[{\"@type\":\"ListItem\",\"position\":1,\"name\":\"Portada\",\"item\":\"https:\/\/myfitmenu.es\/\"},{\"@type\":\"ListItem\",\"position\":2,\"name\":\"Shop\",\"item\":\"http:\/\/myfitmenu.es\/en\/shop\/\"},{\"@type\":\"ListItem\",\"position\":3,\"name\":\"HMB 1500 90 caps Amix Perfomance\"}]},{\"@type\":\"WebSite\",\"@id\":\"https:\/\/myfitmenu.es\/#website\",\"url\":\"https:\/\/myfitmenu.es\/\",\"name\":\"My Fit Menu\",\"description\":\"\",\"potentialAction\":[{\"@type\":\"SearchAction\",\"target\":{\"@type\":\"EntryPoint\",\"urlTemplate\":\"https:\/\/myfitmenu.es\/?s={search_term_string}\"},\"query-input\":{\"@type\":\"PropertyValueSpecification\",\"valueRequired\":true,\"valueName\":\"search_term_string\"}}],\"inLanguage\":\"en-GB\"}]}<\/script>\n<!-- \/ Yoast SEO plugin. -->","yoast_head_json":{"title":"HMB 1500 90 caps Amix Perfomance - My Fit Menu","robots":{"index":"index","follow":"follow","max-snippet":"max-snippet:-1","max-image-preview":"max-image-preview:large","max-video-preview":"max-video-preview:-1"},"canonical":"https:\/\/myfitmenu.es\/en\/sin categor\u00eda\/hmb-1500-90-caps-amix-perfomance\/","og_locale":"en_GB","og_type":"article","og_title":"HMB 1500 90 caps Amix Perfomance - My Fit Menu","og_description":"HMB o Beta-Hidroxy Beta-Metilbutirato\u00a0de Amix Performance\u00a0es un metabolito importante dentro del amino\u00e1cido esencial ramificado L-Leucina,\u00a0uno de los amino\u00e1cidos esenciales de los BCAA (amino\u00e1cidos de cadena ramificada)El HMB es un suplemento que previene el\u00a0catabolismo muscular, ayuda a reducir la degradaci\u00f3n muscular, especialmente en situaciones de entrenamiento intenso o ayuno prolongado.Reduce el catabolismo muscularMejora la recuperaci\u00f3n post-entrenoAyuda a mantener la masa magra durante per\u00edodos de d\u00e9ficit cal\u00f3ricoIdeal en fases de definici\u00f3n o lesiones donde se reduce el entrenamientoAumenta la fuerza y la resistencia en esfuerzos prolongado","og_url":"https:\/\/myfitmenu.es\/en\/sin categor\u00eda\/hmb-1500-90-caps-amix-perfomance\/","og_site_name":"My Fit Menu","article_modified_time":"2025-09-10T12:27:42+00:00","twitter_card":"summary_large_image","twitter_misc":{"Estimated reading time":"2 minutes"},"schema":{"@context":"https:\/\/schema.org","@graph":[{"@type":"WebPage","@id":"https:\/\/myfitmenu.es\/sin categor\u00eda\/hmb-1500-90-caps-amix-perfomance\/","url":"https:\/\/myfitmenu.es\/sin categor\u00eda\/hmb-1500-90-caps-amix-perfomance\/","name":"HMB 1500 90 caps Amix Perfomance - My Fit Menu","isPartOf":{"@id":"https:\/\/myfitmenu.es\/#website"},"primaryImageOfPage":{"@id":"https:\/\/myfitmenu.es\/sin categor\u00eda\/hmb-1500-90-caps-amix-perfomance\/#primaryimage"},"image":{"@id":"https:\/\/myfitmenu.es\/sin categor\u00eda\/hmb-1500-90-caps-amix-perfomance\/#primaryimage"},"thumbnailUrl":"https:\/\/myfitmenu.es\/wp-content\/uploads\/2025\/08\/hmb-1500-90-caps-amix-perfomance-thumbnail-2000x2000-80.jpg","datePublished":"2025-08-09T09:47:54+00:00","dateModified":"2025-09-10T12:27:42+00:00","breadcrumb":{"@id":"https:\/\/myfitmenu.es\/sin categor\u00eda\/hmb-1500-90-caps-amix-perfomance\/#breadcrumb"},"inLanguage":"en-GB","potentialAction":[{"@type":"ReadAction","target":["https:\/\/myfitmenu.es\/sin categor\u00eda\/hmb-1500-90-caps-amix-perfomance\/"]}]},{"@type":"ImageObject","inLanguage":"en-GB","@id":"https:\/\/myfitmenu.es\/sin categor\u00eda\/hmb-1500-90-caps-amix-perfomance\/#primaryimage","url":"https:\/\/myfitmenu.es\/wp-content\/uploads\/2025\/08\/hmb-1500-90-caps-amix-perfomance-thumbnail-2000x2000-80.jpg","contentUrl":"https:\/\/myfitmenu.es\/wp-content\/uploads\/2025\/08\/hmb-1500-90-caps-amix-perfomance-thumbnail-2000x2000-80.jpg","width":1000,"height":1000},{"@type":"BreadcrumbList","@id":"https:\/\/myfitmenu.es\/sin categor\u00eda\/hmb-1500-90-caps-amix-perfomance\/#breadcrumb","itemListElement":[{"@type":"ListItem","position":1,"name":"Portada","item":"https:\/\/myfitmenu.es\/"},{"@type":"ListItem","position":2,"name":"Shop","item":"http:\/\/myfitmenu.es\/en\/shop\/"},{"@type":"ListItem","position":3,"name":"HMB 1500 90 caps Amix Perfomance"}]},{"@type":"WebSite","@id":"https:\/\/myfitmenu.es\/#website","url":"https:\/\/myfitmenu.es\/","name":"My Fit Menu","description":"","potentialAction":[{"@type":"SearchAction","target":{"@type":"EntryPoint","urlTemplate":"https:\/\/myfitmenu.es\/?s={search_term_string}"},"query-input":{"@type":"PropertyValueSpecification","valueRequired":true,"valueName":"search_term_string"}}],"inLanguage":"en-GB"}]}},"_links":{"self":[{"href":"https:\/\/myfitmenu.es\/en\/wp-json\/wp\/v2\/product\/20433","targetHints":{"allow":["GET"]}}],"collection":[{"href":"https:\/\/myfitmenu.es\/en\/wp-json\/wp\/v2\/product"}],"about":[{"href":"https:\/\/myfitmenu.es\/en\/wp-json\/wp\/v2\/types\/product"}],"replies":[{"embeddable":true,"href":"https:\/\/myfitmenu.es\/en\/wp-json\/wp\/v2\/comments?post=20433"}],"version-history":[{"count":0,"href":"https:\/\/myfitmenu.es\/en\/wp-json\/wp\/v2\/product\/20433\/revisions"}],"wp:featuredmedia":[{"embeddable":true,"href":"https:\/\/myfitmenu.es\/en\/wp-json\/wp\/v2\/media\/20434"}],"wp:attachment":[{"href":"https:\/\/myfitmenu.es\/en\/wp-json\/wp\/v2\/media?parent=20433"}],"wp:term":[{"taxonomy":"product_brand","embeddable":true,"href":"https:\/\/myfitmenu.es\/en\/wp-json\/wp\/v2\/product_brand?post=20433"},{"taxonomy":"product_cat","embeddable":true,"href":"https:\/\/myfitmenu.es\/en\/wp-json\/wp\/v2\/product_cat?post=20433"},{"taxonomy":"product_tag","embeddable":true,"href":"https:\/\/myfitmenu.es\/en\/wp-json\/wp\/v2\/product_tag?post=20433"}],"curies":[{"name":"wp","href":"https:\/\/api.w.org\/{rel}","templated":true}]}}