{"id":20187,"date":"2025-05-16T15:29:14","date_gmt":"2025-05-16T15:29:14","guid":{"rendered":"https:\/\/myfitmenu.es\/sin%20categor\u00eda\/collagen-90-tabs-ostrovit\/"},"modified":"2026-04-27T08:46:43","modified_gmt":"2026-04-27T08:46:43","slug":"collagen-90-tabs-ostrovit","status":"publish","type":"product","link":"https:\/\/myfitmenu.es\/en\/suplementacion-online\/collagen-90-tabs-ostrovit\/","title":{"rendered":"Collagen 90 tabs Ostrovit"},"content":{"rendered":"<p><span>Ingredients:\u00a0<\/span>Collagen hydrolysate, Fillers (Calcium phosphate, microcrystalline cellulose)<span>\u00a0\u00a0<\/span>Anti-caking agent (<span>\u00a0Magnesium salt of fatty acids<span>\u00a0<\/span>)\u00a0<\/span>Silicon dioxide\u00a0<span>Instructions for use:\u00a0<\/span>Take one serving (3 tablets) twice daily between meals.<span>Conservation:\u00a0<\/span>Keep in a cool, dry place.<span>Warnings:\u00a0<\/span>Food supplements should not be used as a substitute for a varied and balanced diet and a healthy lifestyle. Keep out of the reach of young children. Do not exceed the expressly recommended daily dose. This product is not intended to diagnose, treat, cure or prevent any disease.<span>Net quantity:\u00a0<\/span>94 g<\/p>","protected":false},"excerpt":{"rendered":"<ul>\n<li>Maintains skin firmness and elasticity.<\/li>\n<li>Reinforces the synthesis of collagen fibres.<\/li>\n<li>Ideal after intense physical exertion.<\/li>\n<\/ul>","protected":false},"featured_media":20188,"comment_status":"open","ping_status":"closed","template":"","meta":{"inline_featured_image":false},"product_brand":[],"product_cat":[333,206,98],"product_tag":[],"class_list":{"0":"post-20187","1":"product","2":"type-product","3":"status-publish","4":"has-post-thumbnail","6":"product_cat-articulaciones-2","7":"product_cat-salud-2","8":"product_cat-suplementacion-online","9":"pa_sa_color_unico-color-unico","10":"pa_sa_talla_unica-talla-unica","12":"first","13":"instock","14":"purchasable","15":"product-type-simple"},"acf":[],"yoast_head":"<!-- This site is optimized with the Yoast SEO plugin v27.1.1 - https:\/\/yoast.com\/product\/yoast-seo-wordpress\/ -->\n<title>Collagen 90 tabs Ostrovit - My Fit Menu<\/title>\n<meta name=\"robots\" content=\"index, follow, max-snippet:-1, max-image-preview:large, max-video-preview:-1\" \/>\n<link rel=\"canonical\" href=\"https:\/\/myfitmenu.es\/en\/articulaciones-2\/collagen-90-tabs-ostrovit\/\" \/>\n<meta property=\"og:locale\" content=\"en_GB\" \/>\n<meta property=\"og:type\" content=\"article\" \/>\n<meta property=\"og:title\" content=\"Collagen 90 tabs Ostrovit - My Fit Menu\" \/>\n<meta property=\"og:description\" content=\"Mantiene la firmeza y elasticidad de la piel.Refuerza la s\u00edntesis de fibras de col\u00e1geno.Ideal despu\u00e9s del esfuerzo f\u00edsico intenso.\" \/>\n<meta property=\"og:url\" content=\"https:\/\/myfitmenu.es\/en\/articulaciones-2\/collagen-90-tabs-ostrovit\/\" \/>\n<meta property=\"og:site_name\" content=\"My Fit Menu\" \/>\n<meta property=\"article:modified_time\" content=\"2026-04-27T08:46:43+00:00\" \/>\n<meta property=\"og:image\" content=\"https:\/\/myfitmenu.es\/wp-content\/uploads\/2025\/05\/eng_pm_OstroVit-Collagen-90-tablets-16709_1-thumbnail-2000x2000-1.png\" \/>\n\t<meta property=\"og:image:width\" content=\"450\" \/>\n\t<meta property=\"og:image:height\" content=\"450\" \/>\n\t<meta property=\"og:image:type\" content=\"image\/png\" \/>\n<meta name=\"twitter:card\" content=\"summary_large_image\" \/>\n<script type=\"application\/ld+json\" class=\"yoast-schema-graph\">{\"@context\":\"https:\/\/schema.org\",\"@graph\":[{\"@type\":\"WebPage\",\"@id\":\"https:\/\/myfitmenu.es\/articulaciones-2\/collagen-90-tabs-ostrovit\/\",\"url\":\"https:\/\/myfitmenu.es\/articulaciones-2\/collagen-90-tabs-ostrovit\/\",\"name\":\"Collagen 90 tabs Ostrovit - My Fit Menu\",\"isPartOf\":{\"@id\":\"https:\/\/myfitmenu.es\/#website\"},\"primaryImageOfPage\":{\"@id\":\"https:\/\/myfitmenu.es\/articulaciones-2\/collagen-90-tabs-ostrovit\/#primaryimage\"},\"image\":{\"@id\":\"https:\/\/myfitmenu.es\/articulaciones-2\/collagen-90-tabs-ostrovit\/#primaryimage\"},\"thumbnailUrl\":\"https:\/\/myfitmenu.es\/wp-content\/uploads\/2025\/05\/eng_pm_OstroVit-Collagen-90-tablets-16709_1-thumbnail-2000x2000-1.png\",\"datePublished\":\"2025-05-16T15:29:14+00:00\",\"dateModified\":\"2026-04-27T08:46:43+00:00\",\"breadcrumb\":{\"@id\":\"https:\/\/myfitmenu.es\/articulaciones-2\/collagen-90-tabs-ostrovit\/#breadcrumb\"},\"inLanguage\":\"en-GB\",\"potentialAction\":[{\"@type\":\"ReadAction\",\"target\":[\"https:\/\/myfitmenu.es\/articulaciones-2\/collagen-90-tabs-ostrovit\/\"]}]},{\"@type\":\"ImageObject\",\"inLanguage\":\"en-GB\",\"@id\":\"https:\/\/myfitmenu.es\/articulaciones-2\/collagen-90-tabs-ostrovit\/#primaryimage\",\"url\":\"https:\/\/myfitmenu.es\/wp-content\/uploads\/2025\/05\/eng_pm_OstroVit-Collagen-90-tablets-16709_1-thumbnail-2000x2000-1.png\",\"contentUrl\":\"https:\/\/myfitmenu.es\/wp-content\/uploads\/2025\/05\/eng_pm_OstroVit-Collagen-90-tablets-16709_1-thumbnail-2000x2000-1.png\",\"width\":450,\"height\":450},{\"@type\":\"BreadcrumbList\",\"@id\":\"https:\/\/myfitmenu.es\/articulaciones-2\/collagen-90-tabs-ostrovit\/#breadcrumb\",\"itemListElement\":[{\"@type\":\"ListItem\",\"position\":1,\"name\":\"Portada\",\"item\":\"https:\/\/myfitmenu.es\/\"},{\"@type\":\"ListItem\",\"position\":2,\"name\":\"Shop\",\"item\":\"http:\/\/myfitmenu.es\/en\/shop\/\"},{\"@type\":\"ListItem\",\"position\":3,\"name\":\"Collagen 90 tabs Ostrovit\"}]},{\"@type\":\"WebSite\",\"@id\":\"https:\/\/myfitmenu.es\/#website\",\"url\":\"https:\/\/myfitmenu.es\/\",\"name\":\"My Fit Menu\",\"description\":\"\",\"potentialAction\":[{\"@type\":\"SearchAction\",\"target\":{\"@type\":\"EntryPoint\",\"urlTemplate\":\"https:\/\/myfitmenu.es\/?s={search_term_string}\"},\"query-input\":{\"@type\":\"PropertyValueSpecification\",\"valueRequired\":true,\"valueName\":\"search_term_string\"}}],\"inLanguage\":\"en-GB\"}]}<\/script>\n<!-- \/ Yoast SEO plugin. -->","yoast_head_json":{"title":"Collagen 90 tabs Ostrovit - My Fit Menu","robots":{"index":"index","follow":"follow","max-snippet":"max-snippet:-1","max-image-preview":"max-image-preview:large","max-video-preview":"max-video-preview:-1"},"canonical":"https:\/\/myfitmenu.es\/en\/articulaciones-2\/collagen-90-tabs-ostrovit\/","og_locale":"en_GB","og_type":"article","og_title":"Collagen 90 tabs Ostrovit - My Fit Menu","og_description":"Mantiene la firmeza y elasticidad de la piel.Refuerza la s\u00edntesis de fibras de col\u00e1geno.Ideal despu\u00e9s del esfuerzo f\u00edsico intenso.","og_url":"https:\/\/myfitmenu.es\/en\/articulaciones-2\/collagen-90-tabs-ostrovit\/","og_site_name":"My Fit Menu","article_modified_time":"2026-04-27T08:46:43+00:00","og_image":[{"width":450,"height":450,"url":"https:\/\/myfitmenu.es\/wp-content\/uploads\/2025\/05\/eng_pm_OstroVit-Collagen-90-tablets-16709_1-thumbnail-2000x2000-1.png","type":"image\/png"}],"twitter_card":"summary_large_image","schema":{"@context":"https:\/\/schema.org","@graph":[{"@type":"WebPage","@id":"https:\/\/myfitmenu.es\/articulaciones-2\/collagen-90-tabs-ostrovit\/","url":"https:\/\/myfitmenu.es\/articulaciones-2\/collagen-90-tabs-ostrovit\/","name":"Collagen 90 tabs Ostrovit - My Fit Menu","isPartOf":{"@id":"https:\/\/myfitmenu.es\/#website"},"primaryImageOfPage":{"@id":"https:\/\/myfitmenu.es\/articulaciones-2\/collagen-90-tabs-ostrovit\/#primaryimage"},"image":{"@id":"https:\/\/myfitmenu.es\/articulaciones-2\/collagen-90-tabs-ostrovit\/#primaryimage"},"thumbnailUrl":"https:\/\/myfitmenu.es\/wp-content\/uploads\/2025\/05\/eng_pm_OstroVit-Collagen-90-tablets-16709_1-thumbnail-2000x2000-1.png","datePublished":"2025-05-16T15:29:14+00:00","dateModified":"2026-04-27T08:46:43+00:00","breadcrumb":{"@id":"https:\/\/myfitmenu.es\/articulaciones-2\/collagen-90-tabs-ostrovit\/#breadcrumb"},"inLanguage":"en-GB","potentialAction":[{"@type":"ReadAction","target":["https:\/\/myfitmenu.es\/articulaciones-2\/collagen-90-tabs-ostrovit\/"]}]},{"@type":"ImageObject","inLanguage":"en-GB","@id":"https:\/\/myfitmenu.es\/articulaciones-2\/collagen-90-tabs-ostrovit\/#primaryimage","url":"https:\/\/myfitmenu.es\/wp-content\/uploads\/2025\/05\/eng_pm_OstroVit-Collagen-90-tablets-16709_1-thumbnail-2000x2000-1.png","contentUrl":"https:\/\/myfitmenu.es\/wp-content\/uploads\/2025\/05\/eng_pm_OstroVit-Collagen-90-tablets-16709_1-thumbnail-2000x2000-1.png","width":450,"height":450},{"@type":"BreadcrumbList","@id":"https:\/\/myfitmenu.es\/articulaciones-2\/collagen-90-tabs-ostrovit\/#breadcrumb","itemListElement":[{"@type":"ListItem","position":1,"name":"Portada","item":"https:\/\/myfitmenu.es\/"},{"@type":"ListItem","position":2,"name":"Shop","item":"http:\/\/myfitmenu.es\/en\/shop\/"},{"@type":"ListItem","position":3,"name":"Collagen 90 tabs Ostrovit"}]},{"@type":"WebSite","@id":"https:\/\/myfitmenu.es\/#website","url":"https:\/\/myfitmenu.es\/","name":"My Fit Menu","description":"","potentialAction":[{"@type":"SearchAction","target":{"@type":"EntryPoint","urlTemplate":"https:\/\/myfitmenu.es\/?s={search_term_string}"},"query-input":{"@type":"PropertyValueSpecification","valueRequired":true,"valueName":"search_term_string"}}],"inLanguage":"en-GB"}]}},"_links":{"self":[{"href":"https:\/\/myfitmenu.es\/en\/wp-json\/wp\/v2\/product\/20187","targetHints":{"allow":["GET"]}}],"collection":[{"href":"https:\/\/myfitmenu.es\/en\/wp-json\/wp\/v2\/product"}],"about":[{"href":"https:\/\/myfitmenu.es\/en\/wp-json\/wp\/v2\/types\/product"}],"replies":[{"embeddable":true,"href":"https:\/\/myfitmenu.es\/en\/wp-json\/wp\/v2\/comments?post=20187"}],"version-history":[{"count":1,"href":"https:\/\/myfitmenu.es\/en\/wp-json\/wp\/v2\/product\/20187\/revisions"}],"predecessor-version":[{"id":20196,"href":"https:\/\/myfitmenu.es\/en\/wp-json\/wp\/v2\/product\/20187\/revisions\/20196"}],"wp:featuredmedia":[{"embeddable":true,"href":"https:\/\/myfitmenu.es\/en\/wp-json\/wp\/v2\/media\/20188"}],"wp:attachment":[{"href":"https:\/\/myfitmenu.es\/en\/wp-json\/wp\/v2\/media?parent=20187"}],"wp:term":[{"taxonomy":"product_brand","embeddable":true,"href":"https:\/\/myfitmenu.es\/en\/wp-json\/wp\/v2\/product_brand?post=20187"},{"taxonomy":"product_cat","embeddable":true,"href":"https:\/\/myfitmenu.es\/en\/wp-json\/wp\/v2\/product_cat?post=20187"},{"taxonomy":"product_tag","embeddable":true,"href":"https:\/\/myfitmenu.es\/en\/wp-json\/wp\/v2\/product_tag?post=20187"}],"curies":[{"name":"wp","href":"https:\/\/api.w.org\/{rel}","templated":true}]}}