{"id":20173,"date":"2025-05-14T15:23:18","date_gmt":"2025-05-14T15:23:18","guid":{"rendered":"https:\/\/myfitmenu.es\/sin%20categor\u00eda\/chlorella-250gr-ostrovit\/"},"modified":"2026-04-07T11:31:57","modified_gmt":"2026-04-07T11:31:57","slug":"chlorella-250gr-ostrovit","status":"publish","type":"product","link":"https:\/\/myfitmenu.es\/en\/suplementacion-online\/chlorella-250gr-ostrovit\/","title":{"rendered":"Chlorella 250g Ostrovit"},"content":{"rendered":"<p>Source of chlorella: one serving of the dietary supplement provides the body with 2000 mg of chlorella powder.<\/p>\n<p>Simple composition: the product contains only chlorella without unnecessary additives.<\/p>\n<p>Suitable for vegetarians and vegans: the product contains no ingredients of animal origin.<\/p>\n<p>1 portion = 2 g = 4 scoops.<\/p>\n<p>Efficacy: the pack contains 125 portions.<\/p>\n<p>Practical presentation: the supplement, available in powder form, ensures uncomplicated delivery and is perfect for people who have difficulty swallowing tablets.<\/p>\n<p><\/p>\n<p><\/p>\n<p><\/p>","protected":false},"excerpt":{"rendered":"<p>OstroVit Chlorella is a high-quality dietary supplement based on powdered algae, such as chlorella. It is a vegan preparation, available in an easy-to-use powder. It is a product created for those who wish to supplement their daily diet with valuable ingredients.<\/p>\n<p><\/p>\n<p><\/p>\n<p><\/p>","protected":false},"featured_media":20174,"comment_status":"open","ping_status":"closed","template":"","meta":{"inline_featured_image":false},"product_brand":[],"product_cat":[206,98],"product_tag":[],"class_list":{"0":"post-20173","1":"product","2":"type-product","3":"status-publish","4":"has-post-thumbnail","6":"product_cat-salud-2","7":"product_cat-suplementacion-online","8":"pa_sa_color_unico-color-unico","9":"pa_sa_talla_unica-talla-unica","11":"first","12":"instock","13":"purchasable","14":"product-type-simple"},"acf":[],"yoast_head":"<!-- This site is optimized with the Yoast SEO plugin v27.1.1 - https:\/\/yoast.com\/product\/yoast-seo-wordpress\/ -->\n<title>Chlorella 250gr Ostrovit - My Fit Menu<\/title>\n<meta name=\"robots\" content=\"index, follow, max-snippet:-1, max-image-preview:large, max-video-preview:-1\" \/>\n<link rel=\"canonical\" href=\"https:\/\/myfitmenu.es\/en\/salud-2\/chlorella-250gr-ostrovit\/\" \/>\n<meta property=\"og:locale\" content=\"en_GB\" \/>\n<meta property=\"og:type\" content=\"article\" \/>\n<meta property=\"og:title\" content=\"Chlorella 250gr Ostrovit - My Fit Menu\" \/>\n<meta property=\"og:description\" content=\"OstroVit Chlorella es un suplemento diet\u00e9tico de alta calidad a base de algas en polvo, como la clorella. Es una preparaci\u00f3n vegana, disponible en un polvo f\u00e1cil de usar. Es un producto creado para quienes desean complementar su dieta diaria con ingredientes valiosos.\" \/>\n<meta property=\"og:url\" content=\"https:\/\/myfitmenu.es\/en\/salud-2\/chlorella-250gr-ostrovit\/\" \/>\n<meta property=\"og:site_name\" content=\"My Fit Menu\" \/>\n<meta property=\"article:modified_time\" content=\"2026-04-07T11:31:57+00:00\" \/>\n<meta property=\"og:image\" content=\"https:\/\/myfitmenu.es\/wp-content\/uploads\/2025\/05\/eng_pl_OstroVit-Chlorella-250-g-26011_1-thumbnail-2000x2000-1.png\" \/>\n\t<meta property=\"og:image:width\" content=\"1000\" \/>\n\t<meta property=\"og:image:height\" content=\"1000\" \/>\n\t<meta property=\"og:image:type\" content=\"image\/png\" \/>\n<meta name=\"twitter:card\" content=\"summary_large_image\" \/>\n<script type=\"application\/ld+json\" class=\"yoast-schema-graph\">{\"@context\":\"https:\/\/schema.org\",\"@graph\":[{\"@type\":\"WebPage\",\"@id\":\"https:\/\/myfitmenu.es\/salud-2\/chlorella-250gr-ostrovit\/\",\"url\":\"https:\/\/myfitmenu.es\/salud-2\/chlorella-250gr-ostrovit\/\",\"name\":\"Chlorella 250gr Ostrovit - My Fit Menu\",\"isPartOf\":{\"@id\":\"https:\/\/myfitmenu.es\/#website\"},\"primaryImageOfPage\":{\"@id\":\"https:\/\/myfitmenu.es\/salud-2\/chlorella-250gr-ostrovit\/#primaryimage\"},\"image\":{\"@id\":\"https:\/\/myfitmenu.es\/salud-2\/chlorella-250gr-ostrovit\/#primaryimage\"},\"thumbnailUrl\":\"https:\/\/myfitmenu.es\/wp-content\/uploads\/2025\/05\/eng_pl_OstroVit-Chlorella-250-g-26011_1-thumbnail-2000x2000-1.png\",\"datePublished\":\"2025-05-14T15:23:18+00:00\",\"dateModified\":\"2026-04-07T11:31:57+00:00\",\"breadcrumb\":{\"@id\":\"https:\/\/myfitmenu.es\/salud-2\/chlorella-250gr-ostrovit\/#breadcrumb\"},\"inLanguage\":\"en-GB\",\"potentialAction\":[{\"@type\":\"ReadAction\",\"target\":[\"https:\/\/myfitmenu.es\/salud-2\/chlorella-250gr-ostrovit\/\"]}]},{\"@type\":\"ImageObject\",\"inLanguage\":\"en-GB\",\"@id\":\"https:\/\/myfitmenu.es\/salud-2\/chlorella-250gr-ostrovit\/#primaryimage\",\"url\":\"https:\/\/myfitmenu.es\/wp-content\/uploads\/2025\/05\/eng_pl_OstroVit-Chlorella-250-g-26011_1-thumbnail-2000x2000-1.png\",\"contentUrl\":\"https:\/\/myfitmenu.es\/wp-content\/uploads\/2025\/05\/eng_pl_OstroVit-Chlorella-250-g-26011_1-thumbnail-2000x2000-1.png\",\"width\":1000,\"height\":1000},{\"@type\":\"BreadcrumbList\",\"@id\":\"https:\/\/myfitmenu.es\/salud-2\/chlorella-250gr-ostrovit\/#breadcrumb\",\"itemListElement\":[{\"@type\":\"ListItem\",\"position\":1,\"name\":\"Portada\",\"item\":\"https:\/\/myfitmenu.es\/\"},{\"@type\":\"ListItem\",\"position\":2,\"name\":\"Shop\",\"item\":\"http:\/\/myfitmenu.es\/en\/shop\/\"},{\"@type\":\"ListItem\",\"position\":3,\"name\":\"Chlorella 250gr Ostrovit\"}]},{\"@type\":\"WebSite\",\"@id\":\"https:\/\/myfitmenu.es\/#website\",\"url\":\"https:\/\/myfitmenu.es\/\",\"name\":\"My Fit Menu\",\"description\":\"\",\"potentialAction\":[{\"@type\":\"SearchAction\",\"target\":{\"@type\":\"EntryPoint\",\"urlTemplate\":\"https:\/\/myfitmenu.es\/?s={search_term_string}\"},\"query-input\":{\"@type\":\"PropertyValueSpecification\",\"valueRequired\":true,\"valueName\":\"search_term_string\"}}],\"inLanguage\":\"en-GB\"}]}<\/script>\n<!-- \/ Yoast SEO plugin. -->","yoast_head_json":{"title":"Chlorella 250gr Ostrovit - My Fit Menu","robots":{"index":"index","follow":"follow","max-snippet":"max-snippet:-1","max-image-preview":"max-image-preview:large","max-video-preview":"max-video-preview:-1"},"canonical":"https:\/\/myfitmenu.es\/en\/salud-2\/chlorella-250gr-ostrovit\/","og_locale":"en_GB","og_type":"article","og_title":"Chlorella 250gr Ostrovit - My Fit Menu","og_description":"OstroVit Chlorella es un suplemento diet\u00e9tico de alta calidad a base de algas en polvo, como la clorella. Es una preparaci\u00f3n vegana, disponible en un polvo f\u00e1cil de usar. Es un producto creado para quienes desean complementar su dieta diaria con ingredientes valiosos.","og_url":"https:\/\/myfitmenu.es\/en\/salud-2\/chlorella-250gr-ostrovit\/","og_site_name":"My Fit Menu","article_modified_time":"2026-04-07T11:31:57+00:00","og_image":[{"width":1000,"height":1000,"url":"https:\/\/myfitmenu.es\/wp-content\/uploads\/2025\/05\/eng_pl_OstroVit-Chlorella-250-g-26011_1-thumbnail-2000x2000-1.png","type":"image\/png"}],"twitter_card":"summary_large_image","schema":{"@context":"https:\/\/schema.org","@graph":[{"@type":"WebPage","@id":"https:\/\/myfitmenu.es\/salud-2\/chlorella-250gr-ostrovit\/","url":"https:\/\/myfitmenu.es\/salud-2\/chlorella-250gr-ostrovit\/","name":"Chlorella 250gr Ostrovit - My Fit Menu","isPartOf":{"@id":"https:\/\/myfitmenu.es\/#website"},"primaryImageOfPage":{"@id":"https:\/\/myfitmenu.es\/salud-2\/chlorella-250gr-ostrovit\/#primaryimage"},"image":{"@id":"https:\/\/myfitmenu.es\/salud-2\/chlorella-250gr-ostrovit\/#primaryimage"},"thumbnailUrl":"https:\/\/myfitmenu.es\/wp-content\/uploads\/2025\/05\/eng_pl_OstroVit-Chlorella-250-g-26011_1-thumbnail-2000x2000-1.png","datePublished":"2025-05-14T15:23:18+00:00","dateModified":"2026-04-07T11:31:57+00:00","breadcrumb":{"@id":"https:\/\/myfitmenu.es\/salud-2\/chlorella-250gr-ostrovit\/#breadcrumb"},"inLanguage":"en-GB","potentialAction":[{"@type":"ReadAction","target":["https:\/\/myfitmenu.es\/salud-2\/chlorella-250gr-ostrovit\/"]}]},{"@type":"ImageObject","inLanguage":"en-GB","@id":"https:\/\/myfitmenu.es\/salud-2\/chlorella-250gr-ostrovit\/#primaryimage","url":"https:\/\/myfitmenu.es\/wp-content\/uploads\/2025\/05\/eng_pl_OstroVit-Chlorella-250-g-26011_1-thumbnail-2000x2000-1.png","contentUrl":"https:\/\/myfitmenu.es\/wp-content\/uploads\/2025\/05\/eng_pl_OstroVit-Chlorella-250-g-26011_1-thumbnail-2000x2000-1.png","width":1000,"height":1000},{"@type":"BreadcrumbList","@id":"https:\/\/myfitmenu.es\/salud-2\/chlorella-250gr-ostrovit\/#breadcrumb","itemListElement":[{"@type":"ListItem","position":1,"name":"Portada","item":"https:\/\/myfitmenu.es\/"},{"@type":"ListItem","position":2,"name":"Shop","item":"http:\/\/myfitmenu.es\/en\/shop\/"},{"@type":"ListItem","position":3,"name":"Chlorella 250gr Ostrovit"}]},{"@type":"WebSite","@id":"https:\/\/myfitmenu.es\/#website","url":"https:\/\/myfitmenu.es\/","name":"My Fit Menu","description":"","potentialAction":[{"@type":"SearchAction","target":{"@type":"EntryPoint","urlTemplate":"https:\/\/myfitmenu.es\/?s={search_term_string}"},"query-input":{"@type":"PropertyValueSpecification","valueRequired":true,"valueName":"search_term_string"}}],"inLanguage":"en-GB"}]}},"_links":{"self":[{"href":"https:\/\/myfitmenu.es\/en\/wp-json\/wp\/v2\/product\/20173","targetHints":{"allow":["GET"]}}],"collection":[{"href":"https:\/\/myfitmenu.es\/en\/wp-json\/wp\/v2\/product"}],"about":[{"href":"https:\/\/myfitmenu.es\/en\/wp-json\/wp\/v2\/types\/product"}],"replies":[{"embeddable":true,"href":"https:\/\/myfitmenu.es\/en\/wp-json\/wp\/v2\/comments?post=20173"}],"version-history":[{"count":1,"href":"https:\/\/myfitmenu.es\/en\/wp-json\/wp\/v2\/product\/20173\/revisions"}],"predecessor-version":[{"id":20199,"href":"https:\/\/myfitmenu.es\/en\/wp-json\/wp\/v2\/product\/20173\/revisions\/20199"}],"wp:featuredmedia":[{"embeddable":true,"href":"https:\/\/myfitmenu.es\/en\/wp-json\/wp\/v2\/media\/20174"}],"wp:attachment":[{"href":"https:\/\/myfitmenu.es\/en\/wp-json\/wp\/v2\/media?parent=20173"}],"wp:term":[{"taxonomy":"product_brand","embeddable":true,"href":"https:\/\/myfitmenu.es\/en\/wp-json\/wp\/v2\/product_brand?post=20173"},{"taxonomy":"product_cat","embeddable":true,"href":"https:\/\/myfitmenu.es\/en\/wp-json\/wp\/v2\/product_cat?post=20173"},{"taxonomy":"product_tag","embeddable":true,"href":"https:\/\/myfitmenu.es\/en\/wp-json\/wp\/v2\/product_tag?post=20173"}],"curies":[{"name":"wp","href":"https:\/\/api.w.org\/{rel}","templated":true}]}}