{"id":20169,"date":"2025-05-14T15:00:58","date_gmt":"2025-05-14T15:00:58","guid":{"rendered":"https:\/\/myfitmenu.es\/sin%20categor\u00eda\/creatine-monohydrate-120-tablets-ostrovit\/"},"modified":"2025-09-11T16:41:14","modified_gmt":"2025-09-11T16:41:14","slug":"creatine-monohydrate-120-tablets-ostrovit","status":"publish","type":"product","link":"https:\/\/myfitmenu.es\/en\/suplementacion-online\/creatine-monohydrate-120-tablets-ostrovit\/","title":{"rendered":"Creatine Monohydrate 120 tablets Ostrovit"},"content":{"rendered":"<p>Creatine source: one serving of the dietary supplement provides the body with 3000 mg of creatine monohydrate.<br \/>1 serving = 3 tablets.<br \/>Efficacy: the pack contains 40 portions.<br \/>Practical presentation: the supplement, available in easy-to-swallow tablets, ensures hassle-free delivery.<br \/>OstroVit Creatine Monohydrate 3000 mg: concentrated source of creatine.<br \/>Creatine is a chemical compound that occurs naturally in the human body. This substance is also included in the daily diet. Creatine is found in animal products, such as meat, fish or eggs, as well as in dietary supplements.<\/p>\n<p>OstroVit uses creatine monohydrate, which is a combination of one molecule of creatine and one molecule of water. Being a hydrophilic compound, it combines easily with water and is therefore a substance with excellent digestibility. Creatine monohydrate is the simplest form of creatine in terms of its structure and, at the same time, the most popular compound among athletes. It is ideal for beginners with an active lifestyle as well as for professionals. This is because creatine increases physical performance with short, intense exercise, and the beneficial effect occurs with a daily intake of 3 g of creatine.<\/p>\n<p>Laboratory-tested quality<br \/>For the health of our customers, the products we manufacture are regularly tested in an independent and accredited laboratory to ensure and maintain the highest quality.<\/p>","protected":false},"excerpt":{"rendered":"<p><span>OstroVit Creatine Monohydrate is a high quality dietary supplement containing creatine monohydrate. It comes in easy-to-swallow tablets, designed for athletes and physically active people who wish to supplement their diet with a valuable compound.<\/span><\/p>\n<p><\/p>\n<p><\/p>\n<p><\/p>","protected":false},"featured_media":20170,"comment_status":"open","ping_status":"closed","template":"","meta":{"inline_featured_image":false},"product_brand":[],"product_cat":[205,98],"product_tag":[],"class_list":{"0":"post-20169","1":"product","2":"type-product","3":"status-publish","4":"has-post-thumbnail","6":"product_cat-creatina-2","7":"product_cat-suplementacion-online","8":"pa_sa_color_unico-color-unico","9":"pa_sa_talla_unica-talla-unica","11":"first","12":"outofstock","13":"purchasable","14":"product-type-simple"},"acf":[],"yoast_head":"<!-- This site is optimized with the Yoast SEO plugin v27.1.1 - https:\/\/yoast.com\/product\/yoast-seo-wordpress\/ -->\n<title>Creatine Monohydrate 120 tablets Ostrovit - My Fit Menu<\/title>\n<meta name=\"robots\" content=\"index, follow, max-snippet:-1, max-image-preview:large, max-video-preview:-1\" \/>\n<link rel=\"canonical\" href=\"https:\/\/myfitmenu.es\/en\/creatina-2\/creatine-monohydrate-120-tablets-ostrovit\/\" \/>\n<meta property=\"og:locale\" content=\"en_GB\" \/>\n<meta property=\"og:type\" content=\"article\" \/>\n<meta property=\"og:title\" content=\"Creatine Monohydrate 120 tablets Ostrovit - My Fit Menu\" \/>\n<meta property=\"og:description\" content=\"OstroVit Creatina Monohidrato es un suplemento diet\u00e9tico de alta calidad que contiene creatina en forma de monohidrato. Se presenta en comprimidos f\u00e1ciles de tragar, dise\u00f1ados para deportistas y personas f\u00edsicamente activas que desean complementar su dieta con un compuesto valioso.\" \/>\n<meta property=\"og:url\" content=\"https:\/\/myfitmenu.es\/en\/creatina-2\/creatine-monohydrate-120-tablets-ostrovit\/\" \/>\n<meta property=\"og:site_name\" content=\"My Fit Menu\" \/>\n<meta property=\"article:modified_time\" content=\"2025-09-11T16:41:14+00:00\" \/>\n<meta property=\"og:image\" content=\"https:\/\/myfitmenu.es\/wp-content\/uploads\/2025\/05\/eng_pl_OstroVit-Creatine-Monohydrate-3000-mg-120-tablets-26572_1-thumbnail-2000x2000-1.png\" \/>\n\t<meta property=\"og:image:width\" content=\"1000\" \/>\n\t<meta property=\"og:image:height\" content=\"1000\" \/>\n\t<meta property=\"og:image:type\" content=\"image\/png\" \/>\n<meta name=\"twitter:card\" content=\"summary_large_image\" \/>\n<meta name=\"twitter:label1\" content=\"Estimated reading time\" \/>\n\t<meta name=\"twitter:data1\" content=\"1 minute\" \/>\n<script type=\"application\/ld+json\" class=\"yoast-schema-graph\">{\"@context\":\"https:\/\/schema.org\",\"@graph\":[{\"@type\":\"WebPage\",\"@id\":\"https:\/\/myfitmenu.es\/creatina-2\/creatine-monohydrate-120-tablets-ostrovit\/\",\"url\":\"https:\/\/myfitmenu.es\/creatina-2\/creatine-monohydrate-120-tablets-ostrovit\/\",\"name\":\"Creatine Monohydrate 120 tablets Ostrovit - My Fit Menu\",\"isPartOf\":{\"@id\":\"https:\/\/myfitmenu.es\/#website\"},\"primaryImageOfPage\":{\"@id\":\"https:\/\/myfitmenu.es\/creatina-2\/creatine-monohydrate-120-tablets-ostrovit\/#primaryimage\"},\"image\":{\"@id\":\"https:\/\/myfitmenu.es\/creatina-2\/creatine-monohydrate-120-tablets-ostrovit\/#primaryimage\"},\"thumbnailUrl\":\"https:\/\/myfitmenu.es\/wp-content\/uploads\/2025\/05\/eng_pl_OstroVit-Creatine-Monohydrate-3000-mg-120-tablets-26572_1-thumbnail-2000x2000-1.png\",\"datePublished\":\"2025-05-14T15:00:58+00:00\",\"dateModified\":\"2025-09-11T16:41:14+00:00\",\"breadcrumb\":{\"@id\":\"https:\/\/myfitmenu.es\/creatina-2\/creatine-monohydrate-120-tablets-ostrovit\/#breadcrumb\"},\"inLanguage\":\"en-GB\",\"potentialAction\":[{\"@type\":\"ReadAction\",\"target\":[\"https:\/\/myfitmenu.es\/creatina-2\/creatine-monohydrate-120-tablets-ostrovit\/\"]}]},{\"@type\":\"ImageObject\",\"inLanguage\":\"en-GB\",\"@id\":\"https:\/\/myfitmenu.es\/creatina-2\/creatine-monohydrate-120-tablets-ostrovit\/#primaryimage\",\"url\":\"https:\/\/myfitmenu.es\/wp-content\/uploads\/2025\/05\/eng_pl_OstroVit-Creatine-Monohydrate-3000-mg-120-tablets-26572_1-thumbnail-2000x2000-1.png\",\"contentUrl\":\"https:\/\/myfitmenu.es\/wp-content\/uploads\/2025\/05\/eng_pl_OstroVit-Creatine-Monohydrate-3000-mg-120-tablets-26572_1-thumbnail-2000x2000-1.png\",\"width\":1000,\"height\":1000},{\"@type\":\"BreadcrumbList\",\"@id\":\"https:\/\/myfitmenu.es\/creatina-2\/creatine-monohydrate-120-tablets-ostrovit\/#breadcrumb\",\"itemListElement\":[{\"@type\":\"ListItem\",\"position\":1,\"name\":\"Portada\",\"item\":\"https:\/\/myfitmenu.es\/\"},{\"@type\":\"ListItem\",\"position\":2,\"name\":\"Shop\",\"item\":\"http:\/\/myfitmenu.es\/en\/shop\/\"},{\"@type\":\"ListItem\",\"position\":3,\"name\":\"Creatine Monohydrate 120 tablets Ostrovit\"}]},{\"@type\":\"WebSite\",\"@id\":\"https:\/\/myfitmenu.es\/#website\",\"url\":\"https:\/\/myfitmenu.es\/\",\"name\":\"My Fit Menu\",\"description\":\"\",\"potentialAction\":[{\"@type\":\"SearchAction\",\"target\":{\"@type\":\"EntryPoint\",\"urlTemplate\":\"https:\/\/myfitmenu.es\/?s={search_term_string}\"},\"query-input\":{\"@type\":\"PropertyValueSpecification\",\"valueRequired\":true,\"valueName\":\"search_term_string\"}}],\"inLanguage\":\"en-GB\"}]}<\/script>\n<!-- \/ Yoast SEO plugin. -->","yoast_head_json":{"title":"Creatine Monohydrate 120 tablets Ostrovit - My Fit Menu","robots":{"index":"index","follow":"follow","max-snippet":"max-snippet:-1","max-image-preview":"max-image-preview:large","max-video-preview":"max-video-preview:-1"},"canonical":"https:\/\/myfitmenu.es\/en\/creatina-2\/creatine-monohydrate-120-tablets-ostrovit\/","og_locale":"en_GB","og_type":"article","og_title":"Creatine Monohydrate 120 tablets Ostrovit - My Fit Menu","og_description":"OstroVit Creatina Monohidrato es un suplemento diet\u00e9tico de alta calidad que contiene creatina en forma de monohidrato. Se presenta en comprimidos f\u00e1ciles de tragar, dise\u00f1ados para deportistas y personas f\u00edsicamente activas que desean complementar su dieta con un compuesto valioso.","og_url":"https:\/\/myfitmenu.es\/en\/creatina-2\/creatine-monohydrate-120-tablets-ostrovit\/","og_site_name":"My Fit Menu","article_modified_time":"2025-09-11T16:41:14+00:00","og_image":[{"width":1000,"height":1000,"url":"https:\/\/myfitmenu.es\/wp-content\/uploads\/2025\/05\/eng_pl_OstroVit-Creatine-Monohydrate-3000-mg-120-tablets-26572_1-thumbnail-2000x2000-1.png","type":"image\/png"}],"twitter_card":"summary_large_image","twitter_misc":{"Estimated reading time":"1 minute"},"schema":{"@context":"https:\/\/schema.org","@graph":[{"@type":"WebPage","@id":"https:\/\/myfitmenu.es\/creatina-2\/creatine-monohydrate-120-tablets-ostrovit\/","url":"https:\/\/myfitmenu.es\/creatina-2\/creatine-monohydrate-120-tablets-ostrovit\/","name":"Creatine Monohydrate 120 tablets Ostrovit - My Fit Menu","isPartOf":{"@id":"https:\/\/myfitmenu.es\/#website"},"primaryImageOfPage":{"@id":"https:\/\/myfitmenu.es\/creatina-2\/creatine-monohydrate-120-tablets-ostrovit\/#primaryimage"},"image":{"@id":"https:\/\/myfitmenu.es\/creatina-2\/creatine-monohydrate-120-tablets-ostrovit\/#primaryimage"},"thumbnailUrl":"https:\/\/myfitmenu.es\/wp-content\/uploads\/2025\/05\/eng_pl_OstroVit-Creatine-Monohydrate-3000-mg-120-tablets-26572_1-thumbnail-2000x2000-1.png","datePublished":"2025-05-14T15:00:58+00:00","dateModified":"2025-09-11T16:41:14+00:00","breadcrumb":{"@id":"https:\/\/myfitmenu.es\/creatina-2\/creatine-monohydrate-120-tablets-ostrovit\/#breadcrumb"},"inLanguage":"en-GB","potentialAction":[{"@type":"ReadAction","target":["https:\/\/myfitmenu.es\/creatina-2\/creatine-monohydrate-120-tablets-ostrovit\/"]}]},{"@type":"ImageObject","inLanguage":"en-GB","@id":"https:\/\/myfitmenu.es\/creatina-2\/creatine-monohydrate-120-tablets-ostrovit\/#primaryimage","url":"https:\/\/myfitmenu.es\/wp-content\/uploads\/2025\/05\/eng_pl_OstroVit-Creatine-Monohydrate-3000-mg-120-tablets-26572_1-thumbnail-2000x2000-1.png","contentUrl":"https:\/\/myfitmenu.es\/wp-content\/uploads\/2025\/05\/eng_pl_OstroVit-Creatine-Monohydrate-3000-mg-120-tablets-26572_1-thumbnail-2000x2000-1.png","width":1000,"height":1000},{"@type":"BreadcrumbList","@id":"https:\/\/myfitmenu.es\/creatina-2\/creatine-monohydrate-120-tablets-ostrovit\/#breadcrumb","itemListElement":[{"@type":"ListItem","position":1,"name":"Portada","item":"https:\/\/myfitmenu.es\/"},{"@type":"ListItem","position":2,"name":"Shop","item":"http:\/\/myfitmenu.es\/en\/shop\/"},{"@type":"ListItem","position":3,"name":"Creatine Monohydrate 120 tablets Ostrovit"}]},{"@type":"WebSite","@id":"https:\/\/myfitmenu.es\/#website","url":"https:\/\/myfitmenu.es\/","name":"My Fit Menu","description":"","potentialAction":[{"@type":"SearchAction","target":{"@type":"EntryPoint","urlTemplate":"https:\/\/myfitmenu.es\/?s={search_term_string}"},"query-input":{"@type":"PropertyValueSpecification","valueRequired":true,"valueName":"search_term_string"}}],"inLanguage":"en-GB"}]}},"_links":{"self":[{"href":"https:\/\/myfitmenu.es\/en\/wp-json\/wp\/v2\/product\/20169","targetHints":{"allow":["GET"]}}],"collection":[{"href":"https:\/\/myfitmenu.es\/en\/wp-json\/wp\/v2\/product"}],"about":[{"href":"https:\/\/myfitmenu.es\/en\/wp-json\/wp\/v2\/types\/product"}],"replies":[{"embeddable":true,"href":"https:\/\/myfitmenu.es\/en\/wp-json\/wp\/v2\/comments?post=20169"}],"version-history":[{"count":1,"href":"https:\/\/myfitmenu.es\/en\/wp-json\/wp\/v2\/product\/20169\/revisions"}],"predecessor-version":[{"id":20201,"href":"https:\/\/myfitmenu.es\/en\/wp-json\/wp\/v2\/product\/20169\/revisions\/20201"}],"wp:featuredmedia":[{"embeddable":true,"href":"https:\/\/myfitmenu.es\/en\/wp-json\/wp\/v2\/media\/20170"}],"wp:attachment":[{"href":"https:\/\/myfitmenu.es\/en\/wp-json\/wp\/v2\/media?parent=20169"}],"wp:term":[{"taxonomy":"product_brand","embeddable":true,"href":"https:\/\/myfitmenu.es\/en\/wp-json\/wp\/v2\/product_brand?post=20169"},{"taxonomy":"product_cat","embeddable":true,"href":"https:\/\/myfitmenu.es\/en\/wp-json\/wp\/v2\/product_cat?post=20169"},{"taxonomy":"product_tag","embeddable":true,"href":"https:\/\/myfitmenu.es\/en\/wp-json\/wp\/v2\/product_tag?post=20169"}],"curies":[{"name":"wp","href":"https:\/\/api.w.org\/{rel}","templated":true}]}}