{"id":20084,"date":"2025-04-15T16:05:07","date_gmt":"2025-04-15T16:05:07","guid":{"rendered":"https:\/\/myfitmenu.es\/sin%20categor\u00eda\/multivit-weider-80-gummies\/"},"modified":"2026-04-04T11:41:44","modified_gmt":"2026-04-04T11:41:44","slug":"multivit-weider-80-gummies","status":"publish","type":"product","link":"https:\/\/myfitmenu.es\/en\/suplementacion-online\/multivit-weider-80-gummies\/","title":{"rendered":"Multivit Weider 80 Gummies"},"content":{"rendered":"<p>Vitamins and minerals are essential nutrients that the body can only obtain through diet. But sometimes, due to our busy lifestyles, meals alone are not enough, so it is appropriate to add extra vitamin and mineral supplementation to meet the minimum recommended intake of these nutrients.<\/p>\n<p>Many of them have antioxidant functions, which consist of preventing damage caused by free radicals formed by physical activity, stress, environmental pollution and other related factors. The accumulation of these free radicals is harmful as it accelerates ageing, increases the risk of circulatory and nervous system diseases and even some types of cancer.<\/p>\n<p>Minerals have regulatory functions and are part of the structure of many of the body's tissues, such as the formation and maintenance of bones and teeth, the regulation of body fluids, the formation of hormones and enzymes involved in metabolism and antioxidant properties.<\/p>\n<p>Vitamins, on the other hand, are important for maintaining a healthy state of our organism, as a deficiency increases the risk of disease and worsens the functioning of our body. They are involved in energy metabolism and some of them also act as powerful antioxidants.<\/p>\n<p>In addition,\u00a0<strong><b>Multivit Gummies\u00a0<\/b><\/strong>is not cariogenic, i.e. it does not increase the formation of caries, as it does not contain sugar.<\/p>\n<p>\u00a0<\/p>\n<h3>Instructions for use:<\/h3>\n<p>As a dietary supplement, take 2 gummies in the morning or at any other time of the day.<\/p>","protected":false},"excerpt":{"rendered":"<p><strong style=\"font-size: 14px;vertical-align: baseline;text-align: justify\"><b>Multivit Gummies\u00a0<\/b><\/strong><span style=\"font-size: 14px;text-align: justify;float: none\">from\u00a0<\/span><strong style=\"font-size: 14px;vertical-align: baseline;text-align: justify\"><b>Weider<\/b><\/strong><span style=\"font-size: 14px;text-align: justify;float: none\">\u00a0are delicious sugar-free gummies for adults designed to meet our daily needs and provide us with vitamins and minerals in the easiest and most practical way.\u00a0<\/span><strong style=\"font-size: 14px;vertical-align: baseline;text-align: justify\"><b>Multivit Gummies\u00a0<\/b><\/strong><span style=\"font-size: 14px;text-align: justify;float: none\">provide us with 65% of the recommended daily amounts, which will help us to face each day better prepared.<\/span><\/p>","protected":false},"featured_media":20085,"comment_status":"open","ping_status":"closed","template":"","meta":{"inline_featured_image":false},"product_brand":[],"product_cat":[206,325,98],"product_tag":[],"class_list":{"0":"post-20084","1":"product","2":"type-product","3":"status-publish","4":"has-post-thumbnail","6":"product_cat-salud-2","7":"product_cat-vitaminas-y-minerales-2","8":"product_cat-suplementacion-online","9":"pa_sa_color_unico-color-unico","10":"pa_sa_talla_unica-talla-unica","12":"first","13":"instock","14":"purchasable","15":"product-type-simple"},"acf":[],"yoast_head":"<!-- This site is optimized with the Yoast SEO plugin v27.1.1 - https:\/\/yoast.com\/product\/yoast-seo-wordpress\/ -->\n<title>Multivit Weider 80 Gummies - My Fit Menu<\/title>\n<meta name=\"robots\" content=\"index, follow, max-snippet:-1, max-image-preview:large, max-video-preview:-1\" \/>\n<link rel=\"canonical\" href=\"https:\/\/myfitmenu.es\/en\/vitaminas-y-minerales-2\/multivit-weider-80-gummies\/\" \/>\n<meta property=\"og:locale\" content=\"en_GB\" \/>\n<meta property=\"og:type\" content=\"article\" \/>\n<meta property=\"og:title\" content=\"Multivit Weider 80 Gummies - My Fit Menu\" \/>\n<meta property=\"og:description\" content=\"Multivit Gummies\u00a0de\u00a0Weider\u00a0son unas deliciosas gominolas sin az\u00facar para adultos dise\u00f1adas para cubrir nuestras necesidades diarias y aportarnos vitaminas y minerales de la forma m\u00e1s f\u00e1cil y pr\u00e1ctica.\u00a0Multivit Gummies\u00a0nos aportan el 65% de las cantidades diarias recomendadas, lo que nos ayudar\u00e1 a afrontar mejor preparados cada d\u00eda.\" \/>\n<meta property=\"og:url\" content=\"https:\/\/myfitmenu.es\/en\/vitaminas-y-minerales-2\/multivit-weider-80-gummies\/\" \/>\n<meta property=\"og:site_name\" content=\"My Fit Menu\" \/>\n<meta property=\"article:modified_time\" content=\"2026-04-04T11:41:44+00:00\" \/>\n<meta property=\"og:image\" content=\"https:\/\/myfitmenu.es\/wp-content\/uploads\/2025\/04\/multivit-up-1697814605-thumbnail-2000x2000-1.webp\" \/>\n\t<meta property=\"og:image:width\" content=\"300\" \/>\n\t<meta property=\"og:image:height\" content=\"300\" \/>\n\t<meta property=\"og:image:type\" content=\"image\/webp\" \/>\n<meta name=\"twitter:card\" content=\"summary_large_image\" \/>\n<meta name=\"twitter:label1\" content=\"Estimated reading time\" \/>\n\t<meta name=\"twitter:data1\" content=\"1 minute\" \/>\n<script type=\"application\/ld+json\" class=\"yoast-schema-graph\">{\"@context\":\"https:\/\/schema.org\",\"@graph\":[{\"@type\":\"WebPage\",\"@id\":\"https:\/\/myfitmenu.es\/vitaminas-y-minerales-2\/multivit-weider-80-gummies\/\",\"url\":\"https:\/\/myfitmenu.es\/vitaminas-y-minerales-2\/multivit-weider-80-gummies\/\",\"name\":\"Multivit Weider 80 Gummies - My Fit Menu\",\"isPartOf\":{\"@id\":\"https:\/\/myfitmenu.es\/#website\"},\"primaryImageOfPage\":{\"@id\":\"https:\/\/myfitmenu.es\/vitaminas-y-minerales-2\/multivit-weider-80-gummies\/#primaryimage\"},\"image\":{\"@id\":\"https:\/\/myfitmenu.es\/vitaminas-y-minerales-2\/multivit-weider-80-gummies\/#primaryimage\"},\"thumbnailUrl\":\"https:\/\/myfitmenu.es\/wp-content\/uploads\/2025\/04\/multivit-up-1697814605-thumbnail-2000x2000-1.webp\",\"datePublished\":\"2025-04-15T16:05:07+00:00\",\"dateModified\":\"2026-04-04T11:41:44+00:00\",\"breadcrumb\":{\"@id\":\"https:\/\/myfitmenu.es\/vitaminas-y-minerales-2\/multivit-weider-80-gummies\/#breadcrumb\"},\"inLanguage\":\"en-GB\",\"potentialAction\":[{\"@type\":\"ReadAction\",\"target\":[\"https:\/\/myfitmenu.es\/vitaminas-y-minerales-2\/multivit-weider-80-gummies\/\"]}]},{\"@type\":\"ImageObject\",\"inLanguage\":\"en-GB\",\"@id\":\"https:\/\/myfitmenu.es\/vitaminas-y-minerales-2\/multivit-weider-80-gummies\/#primaryimage\",\"url\":\"https:\/\/myfitmenu.es\/wp-content\/uploads\/2025\/04\/multivit-up-1697814605-thumbnail-2000x2000-1.webp\",\"contentUrl\":\"https:\/\/myfitmenu.es\/wp-content\/uploads\/2025\/04\/multivit-up-1697814605-thumbnail-2000x2000-1.webp\",\"width\":300,\"height\":300},{\"@type\":\"BreadcrumbList\",\"@id\":\"https:\/\/myfitmenu.es\/vitaminas-y-minerales-2\/multivit-weider-80-gummies\/#breadcrumb\",\"itemListElement\":[{\"@type\":\"ListItem\",\"position\":1,\"name\":\"Portada\",\"item\":\"https:\/\/myfitmenu.es\/\"},{\"@type\":\"ListItem\",\"position\":2,\"name\":\"Shop\",\"item\":\"http:\/\/myfitmenu.es\/en\/shop\/\"},{\"@type\":\"ListItem\",\"position\":3,\"name\":\"Multivit Weider 80 Gummies\"}]},{\"@type\":\"WebSite\",\"@id\":\"https:\/\/myfitmenu.es\/#website\",\"url\":\"https:\/\/myfitmenu.es\/\",\"name\":\"My Fit Menu\",\"description\":\"\",\"potentialAction\":[{\"@type\":\"SearchAction\",\"target\":{\"@type\":\"EntryPoint\",\"urlTemplate\":\"https:\/\/myfitmenu.es\/?s={search_term_string}\"},\"query-input\":{\"@type\":\"PropertyValueSpecification\",\"valueRequired\":true,\"valueName\":\"search_term_string\"}}],\"inLanguage\":\"en-GB\"}]}<\/script>\n<!-- \/ Yoast SEO plugin. -->","yoast_head_json":{"title":"Multivit Weider 80 Gummies - My Fit Menu","robots":{"index":"index","follow":"follow","max-snippet":"max-snippet:-1","max-image-preview":"max-image-preview:large","max-video-preview":"max-video-preview:-1"},"canonical":"https:\/\/myfitmenu.es\/en\/vitaminas-y-minerales-2\/multivit-weider-80-gummies\/","og_locale":"en_GB","og_type":"article","og_title":"Multivit Weider 80 Gummies - My Fit Menu","og_description":"Multivit Gummies\u00a0de\u00a0Weider\u00a0son unas deliciosas gominolas sin az\u00facar para adultos dise\u00f1adas para cubrir nuestras necesidades diarias y aportarnos vitaminas y minerales de la forma m\u00e1s f\u00e1cil y pr\u00e1ctica.\u00a0Multivit Gummies\u00a0nos aportan el 65% de las cantidades diarias recomendadas, lo que nos ayudar\u00e1 a afrontar mejor preparados cada d\u00eda.","og_url":"https:\/\/myfitmenu.es\/en\/vitaminas-y-minerales-2\/multivit-weider-80-gummies\/","og_site_name":"My Fit Menu","article_modified_time":"2026-04-04T11:41:44+00:00","og_image":[{"width":300,"height":300,"url":"https:\/\/myfitmenu.es\/wp-content\/uploads\/2025\/04\/multivit-up-1697814605-thumbnail-2000x2000-1.webp","type":"image\/webp"}],"twitter_card":"summary_large_image","twitter_misc":{"Estimated reading time":"1 minute"},"schema":{"@context":"https:\/\/schema.org","@graph":[{"@type":"WebPage","@id":"https:\/\/myfitmenu.es\/vitaminas-y-minerales-2\/multivit-weider-80-gummies\/","url":"https:\/\/myfitmenu.es\/vitaminas-y-minerales-2\/multivit-weider-80-gummies\/","name":"Multivit Weider 80 Gummies - My Fit Menu","isPartOf":{"@id":"https:\/\/myfitmenu.es\/#website"},"primaryImageOfPage":{"@id":"https:\/\/myfitmenu.es\/vitaminas-y-minerales-2\/multivit-weider-80-gummies\/#primaryimage"},"image":{"@id":"https:\/\/myfitmenu.es\/vitaminas-y-minerales-2\/multivit-weider-80-gummies\/#primaryimage"},"thumbnailUrl":"https:\/\/myfitmenu.es\/wp-content\/uploads\/2025\/04\/multivit-up-1697814605-thumbnail-2000x2000-1.webp","datePublished":"2025-04-15T16:05:07+00:00","dateModified":"2026-04-04T11:41:44+00:00","breadcrumb":{"@id":"https:\/\/myfitmenu.es\/vitaminas-y-minerales-2\/multivit-weider-80-gummies\/#breadcrumb"},"inLanguage":"en-GB","potentialAction":[{"@type":"ReadAction","target":["https:\/\/myfitmenu.es\/vitaminas-y-minerales-2\/multivit-weider-80-gummies\/"]}]},{"@type":"ImageObject","inLanguage":"en-GB","@id":"https:\/\/myfitmenu.es\/vitaminas-y-minerales-2\/multivit-weider-80-gummies\/#primaryimage","url":"https:\/\/myfitmenu.es\/wp-content\/uploads\/2025\/04\/multivit-up-1697814605-thumbnail-2000x2000-1.webp","contentUrl":"https:\/\/myfitmenu.es\/wp-content\/uploads\/2025\/04\/multivit-up-1697814605-thumbnail-2000x2000-1.webp","width":300,"height":300},{"@type":"BreadcrumbList","@id":"https:\/\/myfitmenu.es\/vitaminas-y-minerales-2\/multivit-weider-80-gummies\/#breadcrumb","itemListElement":[{"@type":"ListItem","position":1,"name":"Portada","item":"https:\/\/myfitmenu.es\/"},{"@type":"ListItem","position":2,"name":"Shop","item":"http:\/\/myfitmenu.es\/en\/shop\/"},{"@type":"ListItem","position":3,"name":"Multivit Weider 80 Gummies"}]},{"@type":"WebSite","@id":"https:\/\/myfitmenu.es\/#website","url":"https:\/\/myfitmenu.es\/","name":"My Fit Menu","description":"","potentialAction":[{"@type":"SearchAction","target":{"@type":"EntryPoint","urlTemplate":"https:\/\/myfitmenu.es\/?s={search_term_string}"},"query-input":{"@type":"PropertyValueSpecification","valueRequired":true,"valueName":"search_term_string"}}],"inLanguage":"en-GB"}]}},"_links":{"self":[{"href":"https:\/\/myfitmenu.es\/en\/wp-json\/wp\/v2\/product\/20084","targetHints":{"allow":["GET"]}}],"collection":[{"href":"https:\/\/myfitmenu.es\/en\/wp-json\/wp\/v2\/product"}],"about":[{"href":"https:\/\/myfitmenu.es\/en\/wp-json\/wp\/v2\/types\/product"}],"replies":[{"embeddable":true,"href":"https:\/\/myfitmenu.es\/en\/wp-json\/wp\/v2\/comments?post=20084"}],"version-history":[{"count":1,"href":"https:\/\/myfitmenu.es\/en\/wp-json\/wp\/v2\/product\/20084\/revisions"}],"predecessor-version":[{"id":20130,"href":"https:\/\/myfitmenu.es\/en\/wp-json\/wp\/v2\/product\/20084\/revisions\/20130"}],"wp:featuredmedia":[{"embeddable":true,"href":"https:\/\/myfitmenu.es\/en\/wp-json\/wp\/v2\/media\/20085"}],"wp:attachment":[{"href":"https:\/\/myfitmenu.es\/en\/wp-json\/wp\/v2\/media?parent=20084"}],"wp:term":[{"taxonomy":"product_brand","embeddable":true,"href":"https:\/\/myfitmenu.es\/en\/wp-json\/wp\/v2\/product_brand?post=20084"},{"taxonomy":"product_cat","embeddable":true,"href":"https:\/\/myfitmenu.es\/en\/wp-json\/wp\/v2\/product_cat?post=20084"},{"taxonomy":"product_tag","embeddable":true,"href":"https:\/\/myfitmenu.es\/en\/wp-json\/wp\/v2\/product_tag?post=20084"}],"curies":[{"name":"wp","href":"https:\/\/api.w.org\/{rel}","templated":true}]}}