{"id":20082,"date":"2025-04-14T16:07:24","date_gmt":"2025-04-14T16:07:24","guid":{"rendered":"https:\/\/myfitmenu.es\/sin%20categor\u00eda\/l-carnitine-1250-60-caps-ostrovit\/"},"modified":"2026-02-03T09:45:56","modified_gmt":"2026-02-03T09:45:56","slug":"l-carnitine-1250-60-caps-ostrovit","status":"publish","type":"product","link":"https:\/\/myfitmenu.es\/en\/suplementacion-online\/l-carnitine-1250-60-caps-ostrovit\/","title":{"rendered":"L-carnitine 1250 60 caps Ostrovit"},"content":{"rendered":"<p>Source of L-carnitine: one serving of the dietary supplement provides the body with 1250 mg of L-carnitine tartrate.<br \/>1 serving = 1 capsule.<br \/>Efficacy: the pack contains 60 servings of the product, enough for two months of regular supplementation.<br \/>Convenient presentation: the preparation is available in easy-to-swallow capsules, ensuring a smooth delivery of the dietary supplement.<\/p>\n<p>L-carnitine is an organic chemical compound classified as a vitamin-like substance. It is a dipeptide consisting of amino acids such as methionine and lysine. This compound occurs naturally in the human body: intracorporeal production of L-carnitine takes place in the liver and kidneys, and the substance accumulates mainly in cardiac and skeletal muscle. L-carnitine can also be supplied to the body through food, and this food-derived compound is characterised by high bioavailability; it is considered to come from animal products: meat, fish, milk and dairy products. Dietary supplements containing this substance may be useful for athletes and people with an increased demand for L-carnitine.<\/p>\n<p>L-carnitine comes in several different forms. OstroVit uses L-carnitine tartrate, a form that shows a faster absorption rate than other available forms of the compound, which may be especially valuable for physically active people.<\/p>","protected":false},"excerpt":{"rendered":"<p>OstroVit L-Carnitine 1250 mg is a dietary supplement containing high-quality L-carnitine tartrate. It comes in easy-to-swallow capsules, designed for athletes and people with an increased demand for this valuable compound.<\/p>","protected":false},"featured_media":20083,"comment_status":"open","ping_status":"closed","template":"","meta":{"inline_featured_image":false},"product_brand":[],"product_cat":[175,352,98],"product_tag":[],"class_list":{"0":"post-20082","1":"product","2":"type-product","3":"status-publish","4":"has-post-thumbnail","6":"product_cat-aminoacidos-2","7":"product_cat-l-carnitina","8":"product_cat-suplementacion-online","9":"pa_sa_color_unico-color-unico","10":"pa_sa_talla_unica-talla-unica","12":"first","13":"outofstock","14":"purchasable","15":"product-type-simple"},"acf":[],"yoast_head":"<!-- This site is optimized with the Yoast SEO plugin v27.1.1 - https:\/\/yoast.com\/product\/yoast-seo-wordpress\/ -->\n<title>L-carnitine 1250 60 caps Ostrovit - My Fit Menu<\/title>\n<meta name=\"robots\" content=\"index, follow, max-snippet:-1, max-image-preview:large, max-video-preview:-1\" \/>\n<link rel=\"canonical\" href=\"https:\/\/myfitmenu.es\/en\/l-carnitina\/l-carnitine-1250-60-caps-ostrovit\/\" \/>\n<meta property=\"og:locale\" content=\"en_GB\" \/>\n<meta property=\"og:type\" content=\"article\" \/>\n<meta property=\"og:title\" content=\"L-carnitine 1250 60 caps Ostrovit - My Fit Menu\" \/>\n<meta property=\"og:description\" content=\"OstroVit L-Carnitina 1250 mg es un suplemento diet\u00e9tico que contiene tartrato de L-carnitina de alta calidad. Se presenta en c\u00e1psulas f\u00e1ciles de tragar, dise\u00f1adas para deportistas y personas con una mayor demanda de este valioso compuesto.\" \/>\n<meta property=\"og:url\" content=\"https:\/\/myfitmenu.es\/en\/l-carnitina\/l-carnitine-1250-60-caps-ostrovit\/\" \/>\n<meta property=\"og:site_name\" content=\"My Fit Menu\" \/>\n<meta property=\"article:modified_time\" content=\"2026-02-03T09:45:56+00:00\" \/>\n<meta property=\"og:image\" content=\"https:\/\/myfitmenu.es\/wp-content\/uploads\/2025\/04\/eng_pl_OstroVit-L-Carnitine-1250-60-capsules-24042_1-thumbnail-2000x2000-1.png\" \/>\n\t<meta property=\"og:image:width\" content=\"1000\" \/>\n\t<meta property=\"og:image:height\" content=\"1000\" \/>\n\t<meta property=\"og:image:type\" content=\"image\/png\" \/>\n<meta name=\"twitter:card\" content=\"summary_large_image\" \/>\n<meta name=\"twitter:label1\" content=\"Estimated reading time\" \/>\n\t<meta name=\"twitter:data1\" content=\"1 minute\" \/>\n<script type=\"application\/ld+json\" class=\"yoast-schema-graph\">{\"@context\":\"https:\/\/schema.org\",\"@graph\":[{\"@type\":\"WebPage\",\"@id\":\"https:\/\/myfitmenu.es\/l-carnitina\/l-carnitine-1250-60-caps-ostrovit\/\",\"url\":\"https:\/\/myfitmenu.es\/l-carnitina\/l-carnitine-1250-60-caps-ostrovit\/\",\"name\":\"L-carnitine 1250 60 caps Ostrovit - My Fit Menu\",\"isPartOf\":{\"@id\":\"https:\/\/myfitmenu.es\/#website\"},\"primaryImageOfPage\":{\"@id\":\"https:\/\/myfitmenu.es\/l-carnitina\/l-carnitine-1250-60-caps-ostrovit\/#primaryimage\"},\"image\":{\"@id\":\"https:\/\/myfitmenu.es\/l-carnitina\/l-carnitine-1250-60-caps-ostrovit\/#primaryimage\"},\"thumbnailUrl\":\"https:\/\/myfitmenu.es\/wp-content\/uploads\/2025\/04\/eng_pl_OstroVit-L-Carnitine-1250-60-capsules-24042_1-thumbnail-2000x2000-1.png\",\"datePublished\":\"2025-04-14T16:07:24+00:00\",\"dateModified\":\"2026-02-03T09:45:56+00:00\",\"breadcrumb\":{\"@id\":\"https:\/\/myfitmenu.es\/l-carnitina\/l-carnitine-1250-60-caps-ostrovit\/#breadcrumb\"},\"inLanguage\":\"en-GB\",\"potentialAction\":[{\"@type\":\"ReadAction\",\"target\":[\"https:\/\/myfitmenu.es\/l-carnitina\/l-carnitine-1250-60-caps-ostrovit\/\"]}]},{\"@type\":\"ImageObject\",\"inLanguage\":\"en-GB\",\"@id\":\"https:\/\/myfitmenu.es\/l-carnitina\/l-carnitine-1250-60-caps-ostrovit\/#primaryimage\",\"url\":\"https:\/\/myfitmenu.es\/wp-content\/uploads\/2025\/04\/eng_pl_OstroVit-L-Carnitine-1250-60-capsules-24042_1-thumbnail-2000x2000-1.png\",\"contentUrl\":\"https:\/\/myfitmenu.es\/wp-content\/uploads\/2025\/04\/eng_pl_OstroVit-L-Carnitine-1250-60-capsules-24042_1-thumbnail-2000x2000-1.png\",\"width\":1000,\"height\":1000},{\"@type\":\"BreadcrumbList\",\"@id\":\"https:\/\/myfitmenu.es\/l-carnitina\/l-carnitine-1250-60-caps-ostrovit\/#breadcrumb\",\"itemListElement\":[{\"@type\":\"ListItem\",\"position\":1,\"name\":\"Portada\",\"item\":\"https:\/\/myfitmenu.es\/\"},{\"@type\":\"ListItem\",\"position\":2,\"name\":\"Shop\",\"item\":\"http:\/\/myfitmenu.es\/en\/shop\/\"},{\"@type\":\"ListItem\",\"position\":3,\"name\":\"L-carnitine 1250 60 caps Ostrovit\"}]},{\"@type\":\"WebSite\",\"@id\":\"https:\/\/myfitmenu.es\/#website\",\"url\":\"https:\/\/myfitmenu.es\/\",\"name\":\"My Fit Menu\",\"description\":\"\",\"potentialAction\":[{\"@type\":\"SearchAction\",\"target\":{\"@type\":\"EntryPoint\",\"urlTemplate\":\"https:\/\/myfitmenu.es\/?s={search_term_string}\"},\"query-input\":{\"@type\":\"PropertyValueSpecification\",\"valueRequired\":true,\"valueName\":\"search_term_string\"}}],\"inLanguage\":\"en-GB\"}]}<\/script>\n<!-- \/ Yoast SEO plugin. -->","yoast_head_json":{"title":"L-carnitine 1250 60 caps Ostrovit - My Fit Menu","robots":{"index":"index","follow":"follow","max-snippet":"max-snippet:-1","max-image-preview":"max-image-preview:large","max-video-preview":"max-video-preview:-1"},"canonical":"https:\/\/myfitmenu.es\/en\/l-carnitina\/l-carnitine-1250-60-caps-ostrovit\/","og_locale":"en_GB","og_type":"article","og_title":"L-carnitine 1250 60 caps Ostrovit - My Fit Menu","og_description":"OstroVit L-Carnitina 1250 mg es un suplemento diet\u00e9tico que contiene tartrato de L-carnitina de alta calidad. Se presenta en c\u00e1psulas f\u00e1ciles de tragar, dise\u00f1adas para deportistas y personas con una mayor demanda de este valioso compuesto.","og_url":"https:\/\/myfitmenu.es\/en\/l-carnitina\/l-carnitine-1250-60-caps-ostrovit\/","og_site_name":"My Fit Menu","article_modified_time":"2026-02-03T09:45:56+00:00","og_image":[{"width":1000,"height":1000,"url":"https:\/\/myfitmenu.es\/wp-content\/uploads\/2025\/04\/eng_pl_OstroVit-L-Carnitine-1250-60-capsules-24042_1-thumbnail-2000x2000-1.png","type":"image\/png"}],"twitter_card":"summary_large_image","twitter_misc":{"Estimated reading time":"1 minute"},"schema":{"@context":"https:\/\/schema.org","@graph":[{"@type":"WebPage","@id":"https:\/\/myfitmenu.es\/l-carnitina\/l-carnitine-1250-60-caps-ostrovit\/","url":"https:\/\/myfitmenu.es\/l-carnitina\/l-carnitine-1250-60-caps-ostrovit\/","name":"L-carnitine 1250 60 caps Ostrovit - My Fit Menu","isPartOf":{"@id":"https:\/\/myfitmenu.es\/#website"},"primaryImageOfPage":{"@id":"https:\/\/myfitmenu.es\/l-carnitina\/l-carnitine-1250-60-caps-ostrovit\/#primaryimage"},"image":{"@id":"https:\/\/myfitmenu.es\/l-carnitina\/l-carnitine-1250-60-caps-ostrovit\/#primaryimage"},"thumbnailUrl":"https:\/\/myfitmenu.es\/wp-content\/uploads\/2025\/04\/eng_pl_OstroVit-L-Carnitine-1250-60-capsules-24042_1-thumbnail-2000x2000-1.png","datePublished":"2025-04-14T16:07:24+00:00","dateModified":"2026-02-03T09:45:56+00:00","breadcrumb":{"@id":"https:\/\/myfitmenu.es\/l-carnitina\/l-carnitine-1250-60-caps-ostrovit\/#breadcrumb"},"inLanguage":"en-GB","potentialAction":[{"@type":"ReadAction","target":["https:\/\/myfitmenu.es\/l-carnitina\/l-carnitine-1250-60-caps-ostrovit\/"]}]},{"@type":"ImageObject","inLanguage":"en-GB","@id":"https:\/\/myfitmenu.es\/l-carnitina\/l-carnitine-1250-60-caps-ostrovit\/#primaryimage","url":"https:\/\/myfitmenu.es\/wp-content\/uploads\/2025\/04\/eng_pl_OstroVit-L-Carnitine-1250-60-capsules-24042_1-thumbnail-2000x2000-1.png","contentUrl":"https:\/\/myfitmenu.es\/wp-content\/uploads\/2025\/04\/eng_pl_OstroVit-L-Carnitine-1250-60-capsules-24042_1-thumbnail-2000x2000-1.png","width":1000,"height":1000},{"@type":"BreadcrumbList","@id":"https:\/\/myfitmenu.es\/l-carnitina\/l-carnitine-1250-60-caps-ostrovit\/#breadcrumb","itemListElement":[{"@type":"ListItem","position":1,"name":"Portada","item":"https:\/\/myfitmenu.es\/"},{"@type":"ListItem","position":2,"name":"Shop","item":"http:\/\/myfitmenu.es\/en\/shop\/"},{"@type":"ListItem","position":3,"name":"L-carnitine 1250 60 caps Ostrovit"}]},{"@type":"WebSite","@id":"https:\/\/myfitmenu.es\/#website","url":"https:\/\/myfitmenu.es\/","name":"My Fit Menu","description":"","potentialAction":[{"@type":"SearchAction","target":{"@type":"EntryPoint","urlTemplate":"https:\/\/myfitmenu.es\/?s={search_term_string}"},"query-input":{"@type":"PropertyValueSpecification","valueRequired":true,"valueName":"search_term_string"}}],"inLanguage":"en-GB"}]}},"_links":{"self":[{"href":"https:\/\/myfitmenu.es\/en\/wp-json\/wp\/v2\/product\/20082","targetHints":{"allow":["GET"]}}],"collection":[{"href":"https:\/\/myfitmenu.es\/en\/wp-json\/wp\/v2\/product"}],"about":[{"href":"https:\/\/myfitmenu.es\/en\/wp-json\/wp\/v2\/types\/product"}],"replies":[{"embeddable":true,"href":"https:\/\/myfitmenu.es\/en\/wp-json\/wp\/v2\/comments?post=20082"}],"version-history":[{"count":1,"href":"https:\/\/myfitmenu.es\/en\/wp-json\/wp\/v2\/product\/20082\/revisions"}],"predecessor-version":[{"id":20205,"href":"https:\/\/myfitmenu.es\/en\/wp-json\/wp\/v2\/product\/20082\/revisions\/20205"}],"wp:featuredmedia":[{"embeddable":true,"href":"https:\/\/myfitmenu.es\/en\/wp-json\/wp\/v2\/media\/20083"}],"wp:attachment":[{"href":"https:\/\/myfitmenu.es\/en\/wp-json\/wp\/v2\/media?parent=20082"}],"wp:term":[{"taxonomy":"product_brand","embeddable":true,"href":"https:\/\/myfitmenu.es\/en\/wp-json\/wp\/v2\/product_brand?post=20082"},{"taxonomy":"product_cat","embeddable":true,"href":"https:\/\/myfitmenu.es\/en\/wp-json\/wp\/v2\/product_cat?post=20082"},{"taxonomy":"product_tag","embeddable":true,"href":"https:\/\/myfitmenu.es\/en\/wp-json\/wp\/v2\/product_tag?post=20082"}],"curies":[{"name":"wp","href":"https:\/\/api.w.org\/{rel}","templated":true}]}}