{"id":20080,"date":"2025-04-14T15:59:35","date_gmt":"2025-04-14T15:59:35","guid":{"rendered":"https:\/\/myfitmenu.es\/sin%20categor\u00eda\/nac-vege-120-tabs-ostrovit\/"},"modified":"2025-08-19T08:00:47","modified_gmt":"2025-08-19T08:00:47","slug":"nac-vege-120-tabs-ostrovit","status":"publish","type":"product","link":"https:\/\/myfitmenu.es\/en\/suplementacion-online\/nac-vege-120-tabs-ostrovit\/","title":{"rendered":"NAC Vege 120 tabs Ostrovit"},"content":{"rendered":"<p>Source of N-acetyl-L-cysteine: one serving of the dietary supplement provides the body with 150 mg of NAC.<br \/>1 serving = 1 tablet.<br \/>Efficacy: the pack contains 120 portions.<br \/>Convenient packaging: the supplement is available in easy-to-swallow tablets for hassle-free consumption.<\/p>\n<p>N-acetyl-L-cysteine (NAC) is a derivative of cysteine, a naturally occurring sulphur-containing amino acid in the human body. N-acetyl-L-cysteine is a substrate for the production of glutathione, an endogenous tripeptide composed of glycine, L-glutamic acid and L-cysteine, with high antioxidant potential. Since glutathione supplementation is ineffective and the L-cysteine supplied to the body is an unstable compound, the best solution seems to be the use of N-acetyl-L-cysteine, a precursor of glutathione, which has a positive effect on the availability of glutathione in the body. As NAC does not occur naturally in food, it is beneficial, especially for physically active people, to include a dietary supplement containing this valuable compound in the diet.<\/p>\n<p>The product has a specific natural fragrance.<\/p>","protected":false},"excerpt":{"rendered":"<p>OstroVit NAC VEGE is a high-quality dietary supplement that provides a source of N-acetyl-L-cysteine. It comes in easy-to-swallow tablets, designed for athletes and conscientious consumers who wish to supplement their daily diet with a valuable compound.<\/p>","protected":false},"featured_media":20081,"comment_status":"open","ping_status":"closed","template":"","meta":{"inline_featured_image":false},"product_brand":[],"product_cat":[206,98],"product_tag":[],"class_list":{"0":"post-20080","1":"product","2":"type-product","3":"status-publish","4":"has-post-thumbnail","6":"product_cat-salud-2","7":"product_cat-suplementacion-online","8":"pa_sa_color_unico-color-unico","9":"pa_sa_talla_unica-talla-unica","11":"first","12":"outofstock","13":"purchasable","14":"product-type-simple"},"acf":[],"yoast_head":"<!-- This site is optimized with the Yoast SEO plugin v27.1.1 - https:\/\/yoast.com\/product\/yoast-seo-wordpress\/ -->\n<title>NAC Vege 120 tabs Ostrovit - My Fit Menu<\/title>\n<meta name=\"robots\" content=\"index, follow, max-snippet:-1, max-image-preview:large, max-video-preview:-1\" \/>\n<link rel=\"canonical\" href=\"https:\/\/myfitmenu.es\/en\/salud-2\/nac-vege-120-tabs-ostrovit\/\" \/>\n<meta property=\"og:locale\" content=\"en_GB\" \/>\n<meta property=\"og:type\" content=\"article\" \/>\n<meta property=\"og:title\" content=\"NAC Vege 120 tabs Ostrovit - My Fit Menu\" \/>\n<meta property=\"og:description\" content=\"OstroVit NAC VEGE es un suplemento diet\u00e9tico de alta calidad que proporciona una fuente de N-acetil-L-ciste\u00edna. Se presenta en comprimidos f\u00e1ciles de tragar, dise\u00f1ado para deportistas y consumidores conscientes que desean complementar su dieta diaria con un compuesto valioso.\" \/>\n<meta property=\"og:url\" content=\"https:\/\/myfitmenu.es\/en\/salud-2\/nac-vege-120-tabs-ostrovit\/\" \/>\n<meta property=\"og:site_name\" content=\"My Fit Menu\" \/>\n<meta property=\"article:modified_time\" content=\"2025-08-19T08:00:47+00:00\" \/>\n<meta property=\"og:image\" content=\"https:\/\/myfitmenu.es\/wp-content\/uploads\/2025\/04\/eng_pl_OstroVit-NAC-VEGE-120-tablets-27109_1-thumbnail-2000x2000-1.png\" \/>\n\t<meta property=\"og:image:width\" content=\"1000\" \/>\n\t<meta property=\"og:image:height\" content=\"1000\" \/>\n\t<meta property=\"og:image:type\" content=\"image\/png\" \/>\n<meta name=\"twitter:card\" content=\"summary_large_image\" \/>\n<meta name=\"twitter:label1\" content=\"Estimated reading time\" \/>\n\t<meta name=\"twitter:data1\" content=\"1 minute\" \/>\n<script type=\"application\/ld+json\" class=\"yoast-schema-graph\">{\"@context\":\"https:\/\/schema.org\",\"@graph\":[{\"@type\":\"WebPage\",\"@id\":\"https:\/\/myfitmenu.es\/salud-2\/nac-vege-120-tabs-ostrovit\/\",\"url\":\"https:\/\/myfitmenu.es\/salud-2\/nac-vege-120-tabs-ostrovit\/\",\"name\":\"NAC Vege 120 tabs Ostrovit - My Fit Menu\",\"isPartOf\":{\"@id\":\"https:\/\/myfitmenu.es\/#website\"},\"primaryImageOfPage\":{\"@id\":\"https:\/\/myfitmenu.es\/salud-2\/nac-vege-120-tabs-ostrovit\/#primaryimage\"},\"image\":{\"@id\":\"https:\/\/myfitmenu.es\/salud-2\/nac-vege-120-tabs-ostrovit\/#primaryimage\"},\"thumbnailUrl\":\"https:\/\/myfitmenu.es\/wp-content\/uploads\/2025\/04\/eng_pl_OstroVit-NAC-VEGE-120-tablets-27109_1-thumbnail-2000x2000-1.png\",\"datePublished\":\"2025-04-14T15:59:35+00:00\",\"dateModified\":\"2025-08-19T08:00:47+00:00\",\"breadcrumb\":{\"@id\":\"https:\/\/myfitmenu.es\/salud-2\/nac-vege-120-tabs-ostrovit\/#breadcrumb\"},\"inLanguage\":\"en-GB\",\"potentialAction\":[{\"@type\":\"ReadAction\",\"target\":[\"https:\/\/myfitmenu.es\/salud-2\/nac-vege-120-tabs-ostrovit\/\"]}]},{\"@type\":\"ImageObject\",\"inLanguage\":\"en-GB\",\"@id\":\"https:\/\/myfitmenu.es\/salud-2\/nac-vege-120-tabs-ostrovit\/#primaryimage\",\"url\":\"https:\/\/myfitmenu.es\/wp-content\/uploads\/2025\/04\/eng_pl_OstroVit-NAC-VEGE-120-tablets-27109_1-thumbnail-2000x2000-1.png\",\"contentUrl\":\"https:\/\/myfitmenu.es\/wp-content\/uploads\/2025\/04\/eng_pl_OstroVit-NAC-VEGE-120-tablets-27109_1-thumbnail-2000x2000-1.png\",\"width\":1000,\"height\":1000},{\"@type\":\"BreadcrumbList\",\"@id\":\"https:\/\/myfitmenu.es\/salud-2\/nac-vege-120-tabs-ostrovit\/#breadcrumb\",\"itemListElement\":[{\"@type\":\"ListItem\",\"position\":1,\"name\":\"Portada\",\"item\":\"https:\/\/myfitmenu.es\/\"},{\"@type\":\"ListItem\",\"position\":2,\"name\":\"Shop\",\"item\":\"http:\/\/myfitmenu.es\/en\/shop\/\"},{\"@type\":\"ListItem\",\"position\":3,\"name\":\"NAC Vege 120 tabs Ostrovit\"}]},{\"@type\":\"WebSite\",\"@id\":\"https:\/\/myfitmenu.es\/#website\",\"url\":\"https:\/\/myfitmenu.es\/\",\"name\":\"My Fit Menu\",\"description\":\"\",\"potentialAction\":[{\"@type\":\"SearchAction\",\"target\":{\"@type\":\"EntryPoint\",\"urlTemplate\":\"https:\/\/myfitmenu.es\/?s={search_term_string}\"},\"query-input\":{\"@type\":\"PropertyValueSpecification\",\"valueRequired\":true,\"valueName\":\"search_term_string\"}}],\"inLanguage\":\"en-GB\"}]}<\/script>\n<!-- \/ Yoast SEO plugin. -->","yoast_head_json":{"title":"NAC Vege 120 tabs Ostrovit - My Fit Menu","robots":{"index":"index","follow":"follow","max-snippet":"max-snippet:-1","max-image-preview":"max-image-preview:large","max-video-preview":"max-video-preview:-1"},"canonical":"https:\/\/myfitmenu.es\/en\/salud-2\/nac-vege-120-tabs-ostrovit\/","og_locale":"en_GB","og_type":"article","og_title":"NAC Vege 120 tabs Ostrovit - My Fit Menu","og_description":"OstroVit NAC VEGE es un suplemento diet\u00e9tico de alta calidad que proporciona una fuente de N-acetil-L-ciste\u00edna. Se presenta en comprimidos f\u00e1ciles de tragar, dise\u00f1ado para deportistas y consumidores conscientes que desean complementar su dieta diaria con un compuesto valioso.","og_url":"https:\/\/myfitmenu.es\/en\/salud-2\/nac-vege-120-tabs-ostrovit\/","og_site_name":"My Fit Menu","article_modified_time":"2025-08-19T08:00:47+00:00","og_image":[{"width":1000,"height":1000,"url":"https:\/\/myfitmenu.es\/wp-content\/uploads\/2025\/04\/eng_pl_OstroVit-NAC-VEGE-120-tablets-27109_1-thumbnail-2000x2000-1.png","type":"image\/png"}],"twitter_card":"summary_large_image","twitter_misc":{"Estimated reading time":"1 minute"},"schema":{"@context":"https:\/\/schema.org","@graph":[{"@type":"WebPage","@id":"https:\/\/myfitmenu.es\/salud-2\/nac-vege-120-tabs-ostrovit\/","url":"https:\/\/myfitmenu.es\/salud-2\/nac-vege-120-tabs-ostrovit\/","name":"NAC Vege 120 tabs Ostrovit - My Fit Menu","isPartOf":{"@id":"https:\/\/myfitmenu.es\/#website"},"primaryImageOfPage":{"@id":"https:\/\/myfitmenu.es\/salud-2\/nac-vege-120-tabs-ostrovit\/#primaryimage"},"image":{"@id":"https:\/\/myfitmenu.es\/salud-2\/nac-vege-120-tabs-ostrovit\/#primaryimage"},"thumbnailUrl":"https:\/\/myfitmenu.es\/wp-content\/uploads\/2025\/04\/eng_pl_OstroVit-NAC-VEGE-120-tablets-27109_1-thumbnail-2000x2000-1.png","datePublished":"2025-04-14T15:59:35+00:00","dateModified":"2025-08-19T08:00:47+00:00","breadcrumb":{"@id":"https:\/\/myfitmenu.es\/salud-2\/nac-vege-120-tabs-ostrovit\/#breadcrumb"},"inLanguage":"en-GB","potentialAction":[{"@type":"ReadAction","target":["https:\/\/myfitmenu.es\/salud-2\/nac-vege-120-tabs-ostrovit\/"]}]},{"@type":"ImageObject","inLanguage":"en-GB","@id":"https:\/\/myfitmenu.es\/salud-2\/nac-vege-120-tabs-ostrovit\/#primaryimage","url":"https:\/\/myfitmenu.es\/wp-content\/uploads\/2025\/04\/eng_pl_OstroVit-NAC-VEGE-120-tablets-27109_1-thumbnail-2000x2000-1.png","contentUrl":"https:\/\/myfitmenu.es\/wp-content\/uploads\/2025\/04\/eng_pl_OstroVit-NAC-VEGE-120-tablets-27109_1-thumbnail-2000x2000-1.png","width":1000,"height":1000},{"@type":"BreadcrumbList","@id":"https:\/\/myfitmenu.es\/salud-2\/nac-vege-120-tabs-ostrovit\/#breadcrumb","itemListElement":[{"@type":"ListItem","position":1,"name":"Portada","item":"https:\/\/myfitmenu.es\/"},{"@type":"ListItem","position":2,"name":"Shop","item":"http:\/\/myfitmenu.es\/en\/shop\/"},{"@type":"ListItem","position":3,"name":"NAC Vege 120 tabs Ostrovit"}]},{"@type":"WebSite","@id":"https:\/\/myfitmenu.es\/#website","url":"https:\/\/myfitmenu.es\/","name":"My Fit Menu","description":"","potentialAction":[{"@type":"SearchAction","target":{"@type":"EntryPoint","urlTemplate":"https:\/\/myfitmenu.es\/?s={search_term_string}"},"query-input":{"@type":"PropertyValueSpecification","valueRequired":true,"valueName":"search_term_string"}}],"inLanguage":"en-GB"}]}},"_links":{"self":[{"href":"https:\/\/myfitmenu.es\/en\/wp-json\/wp\/v2\/product\/20080","targetHints":{"allow":["GET"]}}],"collection":[{"href":"https:\/\/myfitmenu.es\/en\/wp-json\/wp\/v2\/product"}],"about":[{"href":"https:\/\/myfitmenu.es\/en\/wp-json\/wp\/v2\/types\/product"}],"replies":[{"embeddable":true,"href":"https:\/\/myfitmenu.es\/en\/wp-json\/wp\/v2\/comments?post=20080"}],"version-history":[{"count":1,"href":"https:\/\/myfitmenu.es\/en\/wp-json\/wp\/v2\/product\/20080\/revisions"}],"predecessor-version":[{"id":20206,"href":"https:\/\/myfitmenu.es\/en\/wp-json\/wp\/v2\/product\/20080\/revisions\/20206"}],"wp:featuredmedia":[{"embeddable":true,"href":"https:\/\/myfitmenu.es\/en\/wp-json\/wp\/v2\/media\/20081"}],"wp:attachment":[{"href":"https:\/\/myfitmenu.es\/en\/wp-json\/wp\/v2\/media?parent=20080"}],"wp:term":[{"taxonomy":"product_brand","embeddable":true,"href":"https:\/\/myfitmenu.es\/en\/wp-json\/wp\/v2\/product_brand?post=20080"},{"taxonomy":"product_cat","embeddable":true,"href":"https:\/\/myfitmenu.es\/en\/wp-json\/wp\/v2\/product_cat?post=20080"},{"taxonomy":"product_tag","embeddable":true,"href":"https:\/\/myfitmenu.es\/en\/wp-json\/wp\/v2\/product_tag?post=20080"}],"curies":[{"name":"wp","href":"https:\/\/api.w.org\/{rel}","templated":true}]}}