{"id":20046,"date":"2025-04-12T15:33:01","date_gmt":"2025-04-12T15:33:01","guid":{"rendered":"https:\/\/myfitmenu.es\/sin%20categor\u00eda\/chlorella-90-tabs-ostrovit\/"},"modified":"2025-08-14T16:09:11","modified_gmt":"2025-08-14T16:09:11","slug":"chlorella-90-tabs-ostrovit","status":"publish","type":"product","link":"https:\/\/myfitmenu.es\/en\/suplementacion-online\/chlorella-90-tabs-ostrovit\/","title":{"rendered":"Chlorella 90 tabs Ostrovit"},"content":{"rendered":"<p>Chlorella can be a vegan source of iron, which is normally found in meat, and vitamin B12, which people following a vegan diet should supplement. It has been documented that people who consumed microalgae had higher levels of vitamin B12 than vegans who eliminated it from their diet. Chlorella is an ideal source of chlorophyll, which in its composition contains about 5%, which is a really high result among other plants, not only aquatic, but also terrestrial. Why is chlorella called a superfood? The main reason is the completeness of its components and its pleiotropic (multidirectional) action. It provides us with the necessary vitamins, namely Vitamins A, C, E and B. It should be added that it contains no less than 19 essential amino acids, and that its protein content is around 60%. Chlorella, in addition to one of the most important minerals, iron, also contains folic acid, lutein or beta-carotene, which is a vitamin A provitamin. <\/p>\n<h2>Properties of the ingredients contained in OstroVit Chlorella:<\/h2>\n<p>\u00a0<\/p>\n<ul>\n<li>Superhealthy<\/li>\n<li>Rich in phytochemicals, proteins, minerals and vitamins<\/li>\n<li>Can contribute to improving the body's lipid profile<\/li>\n<li>Displays antioxidant activity by acting as radical acceptor<\/li>\n<li>May aid in proper glucose regulation<\/li>\n<li>Can support our body's immune functions<\/li>\n<\/ul>\n<p>\u00a0<\/p>\n<p><strong>USO<\/strong> (1 portion = 2 tablets)<\/p>\n<p>Take 1 dose (2 tablets) twice daily.<\/p>\n<p><strong>STORAGE<\/strong><\/p>\n<p>Store in a cool, dry place.<\/p>\n<p><strong>WARNING<\/strong><\/p>\n<p>Do not exceed the recommended daily dose. Do not use the product as a substitute (replacement) for a varied diet. A balanced diet and a healthy lifestyle are recommended. Do not take if allergic to any of the ingredients. Children and pregnant or breastfeeding women should not take the product. Keep out of the reach of children.<\/p>","protected":false},"excerpt":{"rendered":"<p>Chlorella is an organism classified as a single-celled freshwater algae. We owe it all its richness, minerals, vitamins, phytochemicals and macronutrients because it can also be a source of protein.<\/p>\n<\/p>\n<p><\/p><\/p>","protected":false},"featured_media":20047,"comment_status":"open","ping_status":"closed","template":"","meta":{"inline_featured_image":false},"product_brand":[],"product_cat":[325,98],"product_tag":[],"class_list":{"0":"post-20046","1":"product","2":"type-product","3":"status-publish","4":"has-post-thumbnail","6":"product_cat-vitaminas-y-minerales-2","7":"product_cat-suplementacion-online","8":"pa_sa_color_unico-color-unico","9":"pa_sa_talla_unica-talla-unica","11":"first","12":"outofstock","13":"purchasable","14":"product-type-simple"},"acf":[],"yoast_head":"<!-- This site is optimized with the Yoast SEO plugin v27.1.1 - https:\/\/yoast.com\/product\/yoast-seo-wordpress\/ -->\n<title>Chlorella 90 tabs Ostrovit - My Fit Menu<\/title>\n<meta name=\"robots\" content=\"index, follow, max-snippet:-1, max-image-preview:large, max-video-preview:-1\" \/>\n<link rel=\"canonical\" href=\"https:\/\/myfitmenu.es\/en\/vitaminas-y-minerales-2\/chlorella-90-tabs-ostrovit\/\" \/>\n<meta property=\"og:locale\" content=\"en_GB\" \/>\n<meta property=\"og:type\" content=\"article\" \/>\n<meta property=\"og:title\" content=\"Chlorella 90 tabs Ostrovit - My Fit Menu\" \/>\n<meta property=\"og:description\" content=\"Chlorella es un organismo clasificado como alga unicelular de agua dulce. Le debemos toda su riqueza, minerales, vitaminas, fitoqu\u00edmicos y macronutrientes porque tambi\u00e9n puede ser fuente de prote\u00ednas.\" \/>\n<meta property=\"og:url\" content=\"https:\/\/myfitmenu.es\/en\/vitaminas-y-minerales-2\/chlorella-90-tabs-ostrovit\/\" \/>\n<meta property=\"og:site_name\" content=\"My Fit Menu\" \/>\n<meta property=\"article:modified_time\" content=\"2025-08-14T16:09:11+00:00\" \/>\n<meta property=\"og:image\" content=\"https:\/\/myfitmenu.es\/wp-content\/uploads\/2025\/04\/2016471-thumbnail-2000x2000-1.png\" \/>\n\t<meta property=\"og:image:width\" content=\"840\" \/>\n\t<meta property=\"og:image:height\" content=\"600\" \/>\n\t<meta property=\"og:image:type\" content=\"image\/png\" \/>\n<meta name=\"twitter:card\" content=\"summary_large_image\" \/>\n<meta name=\"twitter:label1\" content=\"Estimated reading time\" \/>\n\t<meta name=\"twitter:data1\" content=\"2 minutes\" \/>\n<script type=\"application\/ld+json\" class=\"yoast-schema-graph\">{\"@context\":\"https:\/\/schema.org\",\"@graph\":[{\"@type\":\"WebPage\",\"@id\":\"https:\/\/myfitmenu.es\/vitaminas-y-minerales-2\/chlorella-90-tabs-ostrovit\/\",\"url\":\"https:\/\/myfitmenu.es\/vitaminas-y-minerales-2\/chlorella-90-tabs-ostrovit\/\",\"name\":\"Chlorella 90 tabs Ostrovit - My Fit Menu\",\"isPartOf\":{\"@id\":\"https:\/\/myfitmenu.es\/#website\"},\"primaryImageOfPage\":{\"@id\":\"https:\/\/myfitmenu.es\/vitaminas-y-minerales-2\/chlorella-90-tabs-ostrovit\/#primaryimage\"},\"image\":{\"@id\":\"https:\/\/myfitmenu.es\/vitaminas-y-minerales-2\/chlorella-90-tabs-ostrovit\/#primaryimage\"},\"thumbnailUrl\":\"https:\/\/myfitmenu.es\/wp-content\/uploads\/2025\/04\/2016471-thumbnail-2000x2000-1.png\",\"datePublished\":\"2025-04-12T15:33:01+00:00\",\"dateModified\":\"2025-08-14T16:09:11+00:00\",\"breadcrumb\":{\"@id\":\"https:\/\/myfitmenu.es\/vitaminas-y-minerales-2\/chlorella-90-tabs-ostrovit\/#breadcrumb\"},\"inLanguage\":\"en-GB\",\"potentialAction\":[{\"@type\":\"ReadAction\",\"target\":[\"https:\/\/myfitmenu.es\/vitaminas-y-minerales-2\/chlorella-90-tabs-ostrovit\/\"]}]},{\"@type\":\"ImageObject\",\"inLanguage\":\"en-GB\",\"@id\":\"https:\/\/myfitmenu.es\/vitaminas-y-minerales-2\/chlorella-90-tabs-ostrovit\/#primaryimage\",\"url\":\"https:\/\/myfitmenu.es\/wp-content\/uploads\/2025\/04\/2016471-thumbnail-2000x2000-1.png\",\"contentUrl\":\"https:\/\/myfitmenu.es\/wp-content\/uploads\/2025\/04\/2016471-thumbnail-2000x2000-1.png\",\"width\":840,\"height\":600},{\"@type\":\"BreadcrumbList\",\"@id\":\"https:\/\/myfitmenu.es\/vitaminas-y-minerales-2\/chlorella-90-tabs-ostrovit\/#breadcrumb\",\"itemListElement\":[{\"@type\":\"ListItem\",\"position\":1,\"name\":\"Portada\",\"item\":\"https:\/\/myfitmenu.es\/\"},{\"@type\":\"ListItem\",\"position\":2,\"name\":\"Shop\",\"item\":\"http:\/\/myfitmenu.es\/en\/shop\/\"},{\"@type\":\"ListItem\",\"position\":3,\"name\":\"Chlorella 90 tabs Ostrovit\"}]},{\"@type\":\"WebSite\",\"@id\":\"https:\/\/myfitmenu.es\/#website\",\"url\":\"https:\/\/myfitmenu.es\/\",\"name\":\"My Fit Menu\",\"description\":\"\",\"potentialAction\":[{\"@type\":\"SearchAction\",\"target\":{\"@type\":\"EntryPoint\",\"urlTemplate\":\"https:\/\/myfitmenu.es\/?s={search_term_string}\"},\"query-input\":{\"@type\":\"PropertyValueSpecification\",\"valueRequired\":true,\"valueName\":\"search_term_string\"}}],\"inLanguage\":\"en-GB\"}]}<\/script>\n<!-- \/ Yoast SEO plugin. -->","yoast_head_json":{"title":"Chlorella 90 tabs Ostrovit - My Fit Menu","robots":{"index":"index","follow":"follow","max-snippet":"max-snippet:-1","max-image-preview":"max-image-preview:large","max-video-preview":"max-video-preview:-1"},"canonical":"https:\/\/myfitmenu.es\/en\/vitaminas-y-minerales-2\/chlorella-90-tabs-ostrovit\/","og_locale":"en_GB","og_type":"article","og_title":"Chlorella 90 tabs Ostrovit - My Fit Menu","og_description":"Chlorella es un organismo clasificado como alga unicelular de agua dulce. Le debemos toda su riqueza, minerales, vitaminas, fitoqu\u00edmicos y macronutrientes porque tambi\u00e9n puede ser fuente de prote\u00ednas.","og_url":"https:\/\/myfitmenu.es\/en\/vitaminas-y-minerales-2\/chlorella-90-tabs-ostrovit\/","og_site_name":"My Fit Menu","article_modified_time":"2025-08-14T16:09:11+00:00","og_image":[{"width":840,"height":600,"url":"https:\/\/myfitmenu.es\/wp-content\/uploads\/2025\/04\/2016471-thumbnail-2000x2000-1.png","type":"image\/png"}],"twitter_card":"summary_large_image","twitter_misc":{"Estimated reading time":"2 minutes"},"schema":{"@context":"https:\/\/schema.org","@graph":[{"@type":"WebPage","@id":"https:\/\/myfitmenu.es\/vitaminas-y-minerales-2\/chlorella-90-tabs-ostrovit\/","url":"https:\/\/myfitmenu.es\/vitaminas-y-minerales-2\/chlorella-90-tabs-ostrovit\/","name":"Chlorella 90 tabs Ostrovit - My Fit Menu","isPartOf":{"@id":"https:\/\/myfitmenu.es\/#website"},"primaryImageOfPage":{"@id":"https:\/\/myfitmenu.es\/vitaminas-y-minerales-2\/chlorella-90-tabs-ostrovit\/#primaryimage"},"image":{"@id":"https:\/\/myfitmenu.es\/vitaminas-y-minerales-2\/chlorella-90-tabs-ostrovit\/#primaryimage"},"thumbnailUrl":"https:\/\/myfitmenu.es\/wp-content\/uploads\/2025\/04\/2016471-thumbnail-2000x2000-1.png","datePublished":"2025-04-12T15:33:01+00:00","dateModified":"2025-08-14T16:09:11+00:00","breadcrumb":{"@id":"https:\/\/myfitmenu.es\/vitaminas-y-minerales-2\/chlorella-90-tabs-ostrovit\/#breadcrumb"},"inLanguage":"en-GB","potentialAction":[{"@type":"ReadAction","target":["https:\/\/myfitmenu.es\/vitaminas-y-minerales-2\/chlorella-90-tabs-ostrovit\/"]}]},{"@type":"ImageObject","inLanguage":"en-GB","@id":"https:\/\/myfitmenu.es\/vitaminas-y-minerales-2\/chlorella-90-tabs-ostrovit\/#primaryimage","url":"https:\/\/myfitmenu.es\/wp-content\/uploads\/2025\/04\/2016471-thumbnail-2000x2000-1.png","contentUrl":"https:\/\/myfitmenu.es\/wp-content\/uploads\/2025\/04\/2016471-thumbnail-2000x2000-1.png","width":840,"height":600},{"@type":"BreadcrumbList","@id":"https:\/\/myfitmenu.es\/vitaminas-y-minerales-2\/chlorella-90-tabs-ostrovit\/#breadcrumb","itemListElement":[{"@type":"ListItem","position":1,"name":"Portada","item":"https:\/\/myfitmenu.es\/"},{"@type":"ListItem","position":2,"name":"Shop","item":"http:\/\/myfitmenu.es\/en\/shop\/"},{"@type":"ListItem","position":3,"name":"Chlorella 90 tabs Ostrovit"}]},{"@type":"WebSite","@id":"https:\/\/myfitmenu.es\/#website","url":"https:\/\/myfitmenu.es\/","name":"My Fit Menu","description":"","potentialAction":[{"@type":"SearchAction","target":{"@type":"EntryPoint","urlTemplate":"https:\/\/myfitmenu.es\/?s={search_term_string}"},"query-input":{"@type":"PropertyValueSpecification","valueRequired":true,"valueName":"search_term_string"}}],"inLanguage":"en-GB"}]}},"_links":{"self":[{"href":"https:\/\/myfitmenu.es\/en\/wp-json\/wp\/v2\/product\/20046","targetHints":{"allow":["GET"]}}],"collection":[{"href":"https:\/\/myfitmenu.es\/en\/wp-json\/wp\/v2\/product"}],"about":[{"href":"https:\/\/myfitmenu.es\/en\/wp-json\/wp\/v2\/types\/product"}],"replies":[{"embeddable":true,"href":"https:\/\/myfitmenu.es\/en\/wp-json\/wp\/v2\/comments?post=20046"}],"version-history":[{"count":1,"href":"https:\/\/myfitmenu.es\/en\/wp-json\/wp\/v2\/product\/20046\/revisions"}],"predecessor-version":[{"id":20211,"href":"https:\/\/myfitmenu.es\/en\/wp-json\/wp\/v2\/product\/20046\/revisions\/20211"}],"wp:featuredmedia":[{"embeddable":true,"href":"https:\/\/myfitmenu.es\/en\/wp-json\/wp\/v2\/media\/20047"}],"wp:attachment":[{"href":"https:\/\/myfitmenu.es\/en\/wp-json\/wp\/v2\/media?parent=20046"}],"wp:term":[{"taxonomy":"product_brand","embeddable":true,"href":"https:\/\/myfitmenu.es\/en\/wp-json\/wp\/v2\/product_brand?post=20046"},{"taxonomy":"product_cat","embeddable":true,"href":"https:\/\/myfitmenu.es\/en\/wp-json\/wp\/v2\/product_cat?post=20046"},{"taxonomy":"product_tag","embeddable":true,"href":"https:\/\/myfitmenu.es\/en\/wp-json\/wp\/v2\/product_tag?post=20046"}],"curies":[{"name":"wp","href":"https:\/\/api.w.org\/{rel}","templated":true}]}}