{"id":20039,"date":"2025-04-10T16:30:11","date_gmt":"2025-04-10T16:30:11","guid":{"rendered":"https:\/\/myfitmenu.es\/sin%20categor\u00eda\/acido-borico-vege-120-caps-ostrovit\/"},"modified":"2026-04-02T11:17:47","modified_gmt":"2026-04-02T11:17:47","slug":"boron-vege-120-caps-ostrovit","status":"publish","type":"product","link":"https:\/\/myfitmenu.es\/en\/suplementacion-online\/boron-vege-120-caps-ostrovit\/","title":{"rendered":"Boron VEGE 120 caps Ostrovit"},"content":{"rendered":"<p>Source of boric acid: One serving of the dietary supplement provides the body with 3 mg of boron.<\/p>\n<p>Suitable for vegetarians and vegans: The product contains no ingredients of animal origin.<\/p>\n<p>1 serving = 1 capsule.<\/p>\n<p>Efficacy: The pack contains 120 servings, enough for four months of regular supplementation.<\/p>\n<p>Practical presentation: The product, available in easy-to-swallow capsules, ensures hassle-free delivery of the dietary supplement.<\/p>\n<p>OstroVit Boric Acid VEGE: valuable source of boron.<\/p>\n<p>Boric acid, also known as boric acid, is an inorganic chemical compound, a weak acid, commonly used in cosmetics and medicine, as well as in the food and agricultural industries. Under laboratory conditions, boric acid was first isolated from borax, a mineral that forms the sodium salt of boric acid. Boric acid is a naturally occurring substance. The compound can be found in some fruits and vegetables, as well as in sea salt, beer and wine.<\/p>\n<p><\/p>\n<p><\/p>\n<p><\/p>","protected":false},"excerpt":{"rendered":"<\/p>\n<p>OstroVit Boric Acid VEGE is a high quality dietary supplement, source of boron. It comes in easy-to-swallow capsules, ideal for those who wish to supplement their daily diet with a valuable compound.<\/p>\n<p><\/p>\n<p><\/p>\n<p><\/p>\n<p><\/p>\n<p><\/p>\n<p><\/p>\n<p><\/p>","protected":false},"featured_media":20040,"comment_status":"open","ping_status":"closed","template":"","meta":{"inline_featured_image":false},"product_brand":[],"product_cat":[206,98],"product_tag":[],"class_list":{"0":"post-20039","1":"product","2":"type-product","3":"status-publish","4":"has-post-thumbnail","6":"product_cat-salud-2","7":"product_cat-suplementacion-online","8":"pa_sa_color_unico-color-unico","9":"pa_sa_talla_unica-talla-unica","11":"first","12":"outofstock","13":"purchasable","14":"product-type-simple"},"acf":[],"yoast_head":"<!-- This site is optimized with the Yoast SEO plugin v27.1.1 - https:\/\/yoast.com\/product\/yoast-seo-wordpress\/ -->\n<title>Boron VEGE 120 caps Ostrovit - My Fit Menu<\/title>\n<meta name=\"robots\" content=\"index, follow, max-snippet:-1, max-image-preview:large, max-video-preview:-1\" \/>\n<link rel=\"canonical\" href=\"https:\/\/myfitmenu.es\/en\/salud-2\/boron-vege-120-caps-ostrovit\/\" \/>\n<meta property=\"og:locale\" content=\"en_GB\" \/>\n<meta property=\"og:type\" content=\"article\" \/>\n<meta property=\"og:title\" content=\"Boron VEGE 120 caps Ostrovit - My Fit Menu\" \/>\n<meta property=\"og:description\" content=\"OstroVit \u00c1cido B\u00f3rico VEGE es un suplemento diet\u00e9tico de alta calidad, fuente de boro. Se presenta en c\u00e1psulas f\u00e1ciles de tragar, ideal para quienes desean complementar su dieta diaria con un compuesto valioso.\" \/>\n<meta property=\"og:url\" content=\"https:\/\/myfitmenu.es\/en\/salud-2\/boron-vege-120-caps-ostrovit\/\" \/>\n<meta property=\"og:site_name\" content=\"My Fit Menu\" \/>\n<meta property=\"article:modified_time\" content=\"2026-04-02T11:17:47+00:00\" \/>\n<meta property=\"og:image\" content=\"https:\/\/myfitmenu.es\/wp-content\/uploads\/2025\/04\/eng_pl_OstroVit-Boric-Acid-VEGE-120-capsules-26671_1-thumbnail-2000x2000-1.png\" \/>\n\t<meta property=\"og:image:width\" content=\"1000\" \/>\n\t<meta property=\"og:image:height\" content=\"1000\" \/>\n\t<meta property=\"og:image:type\" content=\"image\/png\" \/>\n<meta name=\"twitter:card\" content=\"summary_large_image\" \/>\n<meta name=\"twitter:label1\" content=\"Estimated reading time\" \/>\n\t<meta name=\"twitter:data1\" content=\"1 minute\" \/>\n<script type=\"application\/ld+json\" class=\"yoast-schema-graph\">{\"@context\":\"https:\/\/schema.org\",\"@graph\":[{\"@type\":\"WebPage\",\"@id\":\"https:\/\/myfitmenu.es\/salud-2\/boron-vege-120-caps-ostrovit\/\",\"url\":\"https:\/\/myfitmenu.es\/salud-2\/boron-vege-120-caps-ostrovit\/\",\"name\":\"Boron VEGE 120 caps Ostrovit - My Fit Menu\",\"isPartOf\":{\"@id\":\"https:\/\/myfitmenu.es\/#website\"},\"primaryImageOfPage\":{\"@id\":\"https:\/\/myfitmenu.es\/salud-2\/boron-vege-120-caps-ostrovit\/#primaryimage\"},\"image\":{\"@id\":\"https:\/\/myfitmenu.es\/salud-2\/boron-vege-120-caps-ostrovit\/#primaryimage\"},\"thumbnailUrl\":\"https:\/\/myfitmenu.es\/wp-content\/uploads\/2025\/04\/eng_pl_OstroVit-Boric-Acid-VEGE-120-capsules-26671_1-thumbnail-2000x2000-1.png\",\"datePublished\":\"2025-04-10T16:30:11+00:00\",\"dateModified\":\"2026-04-02T11:17:47+00:00\",\"breadcrumb\":{\"@id\":\"https:\/\/myfitmenu.es\/salud-2\/boron-vege-120-caps-ostrovit\/#breadcrumb\"},\"inLanguage\":\"en-GB\",\"potentialAction\":[{\"@type\":\"ReadAction\",\"target\":[\"https:\/\/myfitmenu.es\/salud-2\/boron-vege-120-caps-ostrovit\/\"]}]},{\"@type\":\"ImageObject\",\"inLanguage\":\"en-GB\",\"@id\":\"https:\/\/myfitmenu.es\/salud-2\/boron-vege-120-caps-ostrovit\/#primaryimage\",\"url\":\"https:\/\/myfitmenu.es\/wp-content\/uploads\/2025\/04\/eng_pl_OstroVit-Boric-Acid-VEGE-120-capsules-26671_1-thumbnail-2000x2000-1.png\",\"contentUrl\":\"https:\/\/myfitmenu.es\/wp-content\/uploads\/2025\/04\/eng_pl_OstroVit-Boric-Acid-VEGE-120-capsules-26671_1-thumbnail-2000x2000-1.png\",\"width\":1000,\"height\":1000},{\"@type\":\"BreadcrumbList\",\"@id\":\"https:\/\/myfitmenu.es\/salud-2\/boron-vege-120-caps-ostrovit\/#breadcrumb\",\"itemListElement\":[{\"@type\":\"ListItem\",\"position\":1,\"name\":\"Portada\",\"item\":\"https:\/\/myfitmenu.es\/\"},{\"@type\":\"ListItem\",\"position\":2,\"name\":\"Shop\",\"item\":\"http:\/\/myfitmenu.es\/en\/shop\/\"},{\"@type\":\"ListItem\",\"position\":3,\"name\":\"Boron VEGE 120 caps Ostrovit\"}]},{\"@type\":\"WebSite\",\"@id\":\"https:\/\/myfitmenu.es\/#website\",\"url\":\"https:\/\/myfitmenu.es\/\",\"name\":\"My Fit Menu\",\"description\":\"\",\"potentialAction\":[{\"@type\":\"SearchAction\",\"target\":{\"@type\":\"EntryPoint\",\"urlTemplate\":\"https:\/\/myfitmenu.es\/?s={search_term_string}\"},\"query-input\":{\"@type\":\"PropertyValueSpecification\",\"valueRequired\":true,\"valueName\":\"search_term_string\"}}],\"inLanguage\":\"en-GB\"}]}<\/script>\n<!-- \/ Yoast SEO plugin. -->","yoast_head_json":{"title":"Boron VEGE 120 caps Ostrovit - My Fit Menu","robots":{"index":"index","follow":"follow","max-snippet":"max-snippet:-1","max-image-preview":"max-image-preview:large","max-video-preview":"max-video-preview:-1"},"canonical":"https:\/\/myfitmenu.es\/en\/salud-2\/boron-vege-120-caps-ostrovit\/","og_locale":"en_GB","og_type":"article","og_title":"Boron VEGE 120 caps Ostrovit - My Fit Menu","og_description":"OstroVit \u00c1cido B\u00f3rico VEGE es un suplemento diet\u00e9tico de alta calidad, fuente de boro. Se presenta en c\u00e1psulas f\u00e1ciles de tragar, ideal para quienes desean complementar su dieta diaria con un compuesto valioso.","og_url":"https:\/\/myfitmenu.es\/en\/salud-2\/boron-vege-120-caps-ostrovit\/","og_site_name":"My Fit Menu","article_modified_time":"2026-04-02T11:17:47+00:00","og_image":[{"width":1000,"height":1000,"url":"https:\/\/myfitmenu.es\/wp-content\/uploads\/2025\/04\/eng_pl_OstroVit-Boric-Acid-VEGE-120-capsules-26671_1-thumbnail-2000x2000-1.png","type":"image\/png"}],"twitter_card":"summary_large_image","twitter_misc":{"Estimated reading time":"1 minute"},"schema":{"@context":"https:\/\/schema.org","@graph":[{"@type":"WebPage","@id":"https:\/\/myfitmenu.es\/salud-2\/boron-vege-120-caps-ostrovit\/","url":"https:\/\/myfitmenu.es\/salud-2\/boron-vege-120-caps-ostrovit\/","name":"Boron VEGE 120 caps Ostrovit - My Fit Menu","isPartOf":{"@id":"https:\/\/myfitmenu.es\/#website"},"primaryImageOfPage":{"@id":"https:\/\/myfitmenu.es\/salud-2\/boron-vege-120-caps-ostrovit\/#primaryimage"},"image":{"@id":"https:\/\/myfitmenu.es\/salud-2\/boron-vege-120-caps-ostrovit\/#primaryimage"},"thumbnailUrl":"https:\/\/myfitmenu.es\/wp-content\/uploads\/2025\/04\/eng_pl_OstroVit-Boric-Acid-VEGE-120-capsules-26671_1-thumbnail-2000x2000-1.png","datePublished":"2025-04-10T16:30:11+00:00","dateModified":"2026-04-02T11:17:47+00:00","breadcrumb":{"@id":"https:\/\/myfitmenu.es\/salud-2\/boron-vege-120-caps-ostrovit\/#breadcrumb"},"inLanguage":"en-GB","potentialAction":[{"@type":"ReadAction","target":["https:\/\/myfitmenu.es\/salud-2\/boron-vege-120-caps-ostrovit\/"]}]},{"@type":"ImageObject","inLanguage":"en-GB","@id":"https:\/\/myfitmenu.es\/salud-2\/boron-vege-120-caps-ostrovit\/#primaryimage","url":"https:\/\/myfitmenu.es\/wp-content\/uploads\/2025\/04\/eng_pl_OstroVit-Boric-Acid-VEGE-120-capsules-26671_1-thumbnail-2000x2000-1.png","contentUrl":"https:\/\/myfitmenu.es\/wp-content\/uploads\/2025\/04\/eng_pl_OstroVit-Boric-Acid-VEGE-120-capsules-26671_1-thumbnail-2000x2000-1.png","width":1000,"height":1000},{"@type":"BreadcrumbList","@id":"https:\/\/myfitmenu.es\/salud-2\/boron-vege-120-caps-ostrovit\/#breadcrumb","itemListElement":[{"@type":"ListItem","position":1,"name":"Portada","item":"https:\/\/myfitmenu.es\/"},{"@type":"ListItem","position":2,"name":"Shop","item":"http:\/\/myfitmenu.es\/en\/shop\/"},{"@type":"ListItem","position":3,"name":"Boron VEGE 120 caps Ostrovit"}]},{"@type":"WebSite","@id":"https:\/\/myfitmenu.es\/#website","url":"https:\/\/myfitmenu.es\/","name":"My Fit Menu","description":"","potentialAction":[{"@type":"SearchAction","target":{"@type":"EntryPoint","urlTemplate":"https:\/\/myfitmenu.es\/?s={search_term_string}"},"query-input":{"@type":"PropertyValueSpecification","valueRequired":true,"valueName":"search_term_string"}}],"inLanguage":"en-GB"}]}},"_links":{"self":[{"href":"https:\/\/myfitmenu.es\/en\/wp-json\/wp\/v2\/product\/20039","targetHints":{"allow":["GET"]}}],"collection":[{"href":"https:\/\/myfitmenu.es\/en\/wp-json\/wp\/v2\/product"}],"about":[{"href":"https:\/\/myfitmenu.es\/en\/wp-json\/wp\/v2\/types\/product"}],"replies":[{"embeddable":true,"href":"https:\/\/myfitmenu.es\/en\/wp-json\/wp\/v2\/comments?post=20039"}],"version-history":[{"count":2,"href":"https:\/\/myfitmenu.es\/en\/wp-json\/wp\/v2\/product\/20039\/revisions"}],"predecessor-version":[{"id":20489,"href":"https:\/\/myfitmenu.es\/en\/wp-json\/wp\/v2\/product\/20039\/revisions\/20489"}],"wp:featuredmedia":[{"embeddable":true,"href":"https:\/\/myfitmenu.es\/en\/wp-json\/wp\/v2\/media\/20040"}],"wp:attachment":[{"href":"https:\/\/myfitmenu.es\/en\/wp-json\/wp\/v2\/media?parent=20039"}],"wp:term":[{"taxonomy":"product_brand","embeddable":true,"href":"https:\/\/myfitmenu.es\/en\/wp-json\/wp\/v2\/product_brand?post=20039"},{"taxonomy":"product_cat","embeddable":true,"href":"https:\/\/myfitmenu.es\/en\/wp-json\/wp\/v2\/product_cat?post=20039"},{"taxonomy":"product_tag","embeddable":true,"href":"https:\/\/myfitmenu.es\/en\/wp-json\/wp\/v2\/product_tag?post=20039"}],"curies":[{"name":"wp","href":"https:\/\/api.w.org\/{rel}","templated":true}]}}