{"id":19894,"date":"2025-03-10T12:43:18","date_gmt":"2025-03-10T12:43:18","guid":{"rendered":"https:\/\/myfitmenu.es\/sin%20categor\u00eda\/coconut-oil-virgin-400gr-ostrovit\/"},"modified":"2026-02-25T17:20:43","modified_gmt":"2026-02-25T17:20:43","slug":"coconut-oil-virgin-ostrovit","status":"publish","type":"product","link":"https:\/\/myfitmenu.es\/en\/alimentacion-2\/coconut-oil-virgin-ostrovit\/","title":{"rendered":"Coconut Oil Virgin Ostrovit"},"content":{"rendered":"<h2>What are the qualities of unrefined coconut oil?<\/h2>\n<p>.<\/p>\n<p>\u00a0 \u00a0 - Coconut oil 100% natural .<\/p>\n<p>\u00a0 \u00a0 - Unrefined product: the preparation has not been subjected to filtration, purification and refinement processes and is therefore distinguished by its richness in nutrients.<\/p>\n<p>\u00a0 \u00a0 - No added sugar, salt or unnecessary ingredients.<\/p>\n<p>\u00a0 \u00a0 - Yield : 400 g product package contains 28 portions of the product.<\/p>\n<p>\u00a0 \u00a0 - Versatility : coconut oil will work well as a cosmetic and culinary ingredient.<\/p>\n<p>\u00a0 \u00a0 - Neutral taste and odour that does not contribute to discomfort during consumption.<\/p>\n<h2>Virgin coconut oil: characteristics.<\/h2>\n<p>.<\/p>\n<p>You have two types of <strong>coconut oil<\/strong>Refined and unrefined. Unrefined oil is richer in nutrients, but is distinguished by its characteristic taste and smell, which does not always go well with food, but works very well in cosmetics. Refined oil, in turn, is subjected to high temperatures, which negatively affects the content of bioactive components, but favours the elimination of all kinds of impurities and bacteria, as well as prolonging the shelf life. In addition, refined oil lacks its characteristic taste and smell, which makes it perfect for all kinds of dishes.<\/p>\n<p><strong>OstroVit Coconut Oil Virgin is 100% natural coconut oil.<\/strong> and unrefined, free of salt, sugar and other unnecessary fillers, making it a valuable addition to the daily diet.<\/p>\n<p>.<\/p>\n<h2>Coconut oil source of fatty acids<\/h2>\n<p>.<\/p>\n<p>Coconut oil is a vegetable fat extracted from the endosperm of mature coconuts, which grow on the coconut palm, also known as the coconut palm. It is a high-energy product distinguished by a low glycaemic index. It is a source of fat that mainly provides the body with saturated fatty acids, which contributes to its high stability during heat treatment. Coconut oil is also distinguished by its high smoke point, thanks to which it is used to prepare various types of dishes and desserts. Coconut oil is also distinguished by its high smoke point, thanks to which it is used to prepare various types of dishes and desserts.<\/p>\n<p><strong>Allergens:<\/strong><\/p>\n<p>May contain traces of cereals containing gluten, milk, soya, fish and\/or crustaceans and fish.<\/p>\n<p>.<\/p>\n<p><strong>Warnings:\u00a0<\/strong><\/p>\n<p>Food supplements should not be used as a substitute for a varied and balanced diet and a healthy lifestyle. Do not exceed the expressly recommended daily dose. Keep out of the reach of young children. Product for use in adults. Not recommended for use in pregnant and breastfeeding women and in case of antidepressant treatment. A varied and balanced diet and a healthy lifestyle are important.\u00a0<\/p>","protected":false},"excerpt":{"rendered":"<h2><strong>OstroVit Virgin Coconut Oil<\/strong><span> is a 100% natural product extracted from coconut pulp that has not been refined. It is a preparation with no added sugar or salt, created for conscious consumers and physically active people.\u00a0<\/span>\u00a0<\/h2>\n<ul>\n<li>UNREFINED<\/li>\n<li>COLD PRESSED<\/li>\n<li>NO ADDITIVES<\/li>\n<\/ul>","protected":false},"featured_media":19895,"comment_status":"open","ping_status":"closed","template":"","meta":{"inline_featured_image":false},"product_brand":[],"product_cat":[370,197,206],"product_tag":[],"class_list":{"0":"post-19894","1":"product","2":"type-product","3":"status-publish","4":"has-post-thumbnail","6":"product_cat-acidos-grasos","7":"product_cat-alimentacion-2","8":"product_cat-salud-2","9":"pa_sa_color_unico-400gr","10":"pa_sa_color_unico-900gr","11":"pa_sa_talla_unica-talla-unica","13":"first","14":"instock","15":"purchasable","16":"product-type-variable"},"acf":[],"yoast_head":"<!-- This site is optimized with the Yoast SEO plugin v27.1.1 - https:\/\/yoast.com\/product\/yoast-seo-wordpress\/ -->\n<title>Coconut Oil Virgin Ostrovit - My Fit Menu<\/title>\n<meta name=\"robots\" content=\"index, follow, max-snippet:-1, max-image-preview:large, max-video-preview:-1\" \/>\n<link rel=\"canonical\" href=\"https:\/\/myfitmenu.es\/en\/acidos-grasos\/coconut-oil-virgin-ostrovit\/\" \/>\n<meta property=\"og:locale\" content=\"en_GB\" \/>\n<meta property=\"og:type\" content=\"article\" \/>\n<meta property=\"og:title\" content=\"Coconut Oil Virgin Ostrovit - My Fit Menu\" \/>\n<meta property=\"og:description\" content=\"OstroVit Aceite de Coco Virgen es un producto 100% natural extra\u00eddo de la pulpa del coco que no ha sido refinado. Es una preparaci\u00f3n sin az\u00facar ni sal a\u00f1adida, creada para consumidores conscientes y personas f\u00edsicamente activas.\u00a0\u00a0SIN REFINARPRENSADO EN FR\u00cdOSIN ADITIVOS\" \/>\n<meta property=\"og:url\" content=\"https:\/\/myfitmenu.es\/en\/acidos-grasos\/coconut-oil-virgin-ostrovit\/\" \/>\n<meta property=\"og:site_name\" content=\"My Fit Menu\" \/>\n<meta property=\"article:modified_time\" content=\"2026-02-25T17:20:43+00:00\" \/>\n<meta property=\"og:image\" content=\"https:\/\/myfitmenu.es\/wp-content\/uploads\/2025\/03\/71eChjiqu7L-thumbnail-2000x2000-80.jpg\" \/>\n\t<meta property=\"og:image:width\" content=\"1600\" \/>\n\t<meta property=\"og:image:height\" content=\"1600\" \/>\n\t<meta property=\"og:image:type\" content=\"image\/jpeg\" \/>\n<meta name=\"twitter:card\" content=\"summary_large_image\" \/>\n<meta name=\"twitter:label1\" content=\"Estimated reading time\" \/>\n\t<meta name=\"twitter:data1\" content=\"2 minutes\" \/>\n<script type=\"application\/ld+json\" class=\"yoast-schema-graph\">{\"@context\":\"https:\/\/schema.org\",\"@graph\":[{\"@type\":\"WebPage\",\"@id\":\"https:\/\/myfitmenu.es\/acidos-grasos\/coconut-oil-virgin-ostrovit\/\",\"url\":\"https:\/\/myfitmenu.es\/acidos-grasos\/coconut-oil-virgin-ostrovit\/\",\"name\":\"Coconut Oil Virgin Ostrovit - My Fit Menu\",\"isPartOf\":{\"@id\":\"https:\/\/myfitmenu.es\/#website\"},\"primaryImageOfPage\":{\"@id\":\"https:\/\/myfitmenu.es\/acidos-grasos\/coconut-oil-virgin-ostrovit\/#primaryimage\"},\"image\":{\"@id\":\"https:\/\/myfitmenu.es\/acidos-grasos\/coconut-oil-virgin-ostrovit\/#primaryimage\"},\"thumbnailUrl\":\"https:\/\/myfitmenu.es\/wp-content\/uploads\/2025\/03\/71eChjiqu7L-thumbnail-2000x2000-80.jpg\",\"datePublished\":\"2025-03-10T12:43:18+00:00\",\"dateModified\":\"2026-02-25T17:20:43+00:00\",\"breadcrumb\":{\"@id\":\"https:\/\/myfitmenu.es\/acidos-grasos\/coconut-oil-virgin-ostrovit\/#breadcrumb\"},\"inLanguage\":\"en-GB\",\"potentialAction\":[{\"@type\":\"ReadAction\",\"target\":[\"https:\/\/myfitmenu.es\/acidos-grasos\/coconut-oil-virgin-ostrovit\/\"]}]},{\"@type\":\"ImageObject\",\"inLanguage\":\"en-GB\",\"@id\":\"https:\/\/myfitmenu.es\/acidos-grasos\/coconut-oil-virgin-ostrovit\/#primaryimage\",\"url\":\"https:\/\/myfitmenu.es\/wp-content\/uploads\/2025\/03\/71eChjiqu7L-thumbnail-2000x2000-80.jpg\",\"contentUrl\":\"https:\/\/myfitmenu.es\/wp-content\/uploads\/2025\/03\/71eChjiqu7L-thumbnail-2000x2000-80.jpg\",\"width\":1600,\"height\":1600},{\"@type\":\"BreadcrumbList\",\"@id\":\"https:\/\/myfitmenu.es\/acidos-grasos\/coconut-oil-virgin-ostrovit\/#breadcrumb\",\"itemListElement\":[{\"@type\":\"ListItem\",\"position\":1,\"name\":\"Portada\",\"item\":\"https:\/\/myfitmenu.es\/\"},{\"@type\":\"ListItem\",\"position\":2,\"name\":\"Shop\",\"item\":\"http:\/\/myfitmenu.es\/en\/shop\/\"},{\"@type\":\"ListItem\",\"position\":3,\"name\":\"Coconut Oil Virgin Ostrovit\"}]},{\"@type\":\"WebSite\",\"@id\":\"https:\/\/myfitmenu.es\/#website\",\"url\":\"https:\/\/myfitmenu.es\/\",\"name\":\"My Fit Menu\",\"description\":\"\",\"potentialAction\":[{\"@type\":\"SearchAction\",\"target\":{\"@type\":\"EntryPoint\",\"urlTemplate\":\"https:\/\/myfitmenu.es\/?s={search_term_string}\"},\"query-input\":{\"@type\":\"PropertyValueSpecification\",\"valueRequired\":true,\"valueName\":\"search_term_string\"}}],\"inLanguage\":\"en-GB\"}]}<\/script>\n<!-- \/ Yoast SEO plugin. -->","yoast_head_json":{"title":"Coconut Oil Virgin Ostrovit - My Fit Menu","robots":{"index":"index","follow":"follow","max-snippet":"max-snippet:-1","max-image-preview":"max-image-preview:large","max-video-preview":"max-video-preview:-1"},"canonical":"https:\/\/myfitmenu.es\/en\/acidos-grasos\/coconut-oil-virgin-ostrovit\/","og_locale":"en_GB","og_type":"article","og_title":"Coconut Oil Virgin Ostrovit - My Fit Menu","og_description":"OstroVit Aceite de Coco Virgen es un producto 100% natural extra\u00eddo de la pulpa del coco que no ha sido refinado. Es una preparaci\u00f3n sin az\u00facar ni sal a\u00f1adida, creada para consumidores conscientes y personas f\u00edsicamente activas.\u00a0\u00a0SIN REFINARPRENSADO EN FR\u00cdOSIN ADITIVOS","og_url":"https:\/\/myfitmenu.es\/en\/acidos-grasos\/coconut-oil-virgin-ostrovit\/","og_site_name":"My Fit Menu","article_modified_time":"2026-02-25T17:20:43+00:00","og_image":[{"width":1600,"height":1600,"url":"https:\/\/myfitmenu.es\/wp-content\/uploads\/2025\/03\/71eChjiqu7L-thumbnail-2000x2000-80.jpg","type":"image\/jpeg"}],"twitter_card":"summary_large_image","twitter_misc":{"Estimated reading time":"2 minutes"},"schema":{"@context":"https:\/\/schema.org","@graph":[{"@type":"WebPage","@id":"https:\/\/myfitmenu.es\/acidos-grasos\/coconut-oil-virgin-ostrovit\/","url":"https:\/\/myfitmenu.es\/acidos-grasos\/coconut-oil-virgin-ostrovit\/","name":"Coconut Oil Virgin Ostrovit - My Fit Menu","isPartOf":{"@id":"https:\/\/myfitmenu.es\/#website"},"primaryImageOfPage":{"@id":"https:\/\/myfitmenu.es\/acidos-grasos\/coconut-oil-virgin-ostrovit\/#primaryimage"},"image":{"@id":"https:\/\/myfitmenu.es\/acidos-grasos\/coconut-oil-virgin-ostrovit\/#primaryimage"},"thumbnailUrl":"https:\/\/myfitmenu.es\/wp-content\/uploads\/2025\/03\/71eChjiqu7L-thumbnail-2000x2000-80.jpg","datePublished":"2025-03-10T12:43:18+00:00","dateModified":"2026-02-25T17:20:43+00:00","breadcrumb":{"@id":"https:\/\/myfitmenu.es\/acidos-grasos\/coconut-oil-virgin-ostrovit\/#breadcrumb"},"inLanguage":"en-GB","potentialAction":[{"@type":"ReadAction","target":["https:\/\/myfitmenu.es\/acidos-grasos\/coconut-oil-virgin-ostrovit\/"]}]},{"@type":"ImageObject","inLanguage":"en-GB","@id":"https:\/\/myfitmenu.es\/acidos-grasos\/coconut-oil-virgin-ostrovit\/#primaryimage","url":"https:\/\/myfitmenu.es\/wp-content\/uploads\/2025\/03\/71eChjiqu7L-thumbnail-2000x2000-80.jpg","contentUrl":"https:\/\/myfitmenu.es\/wp-content\/uploads\/2025\/03\/71eChjiqu7L-thumbnail-2000x2000-80.jpg","width":1600,"height":1600},{"@type":"BreadcrumbList","@id":"https:\/\/myfitmenu.es\/acidos-grasos\/coconut-oil-virgin-ostrovit\/#breadcrumb","itemListElement":[{"@type":"ListItem","position":1,"name":"Portada","item":"https:\/\/myfitmenu.es\/"},{"@type":"ListItem","position":2,"name":"Shop","item":"http:\/\/myfitmenu.es\/en\/shop\/"},{"@type":"ListItem","position":3,"name":"Coconut Oil Virgin Ostrovit"}]},{"@type":"WebSite","@id":"https:\/\/myfitmenu.es\/#website","url":"https:\/\/myfitmenu.es\/","name":"My Fit Menu","description":"","potentialAction":[{"@type":"SearchAction","target":{"@type":"EntryPoint","urlTemplate":"https:\/\/myfitmenu.es\/?s={search_term_string}"},"query-input":{"@type":"PropertyValueSpecification","valueRequired":true,"valueName":"search_term_string"}}],"inLanguage":"en-GB"}]}},"_links":{"self":[{"href":"https:\/\/myfitmenu.es\/en\/wp-json\/wp\/v2\/product\/19894","targetHints":{"allow":["GET"]}}],"collection":[{"href":"https:\/\/myfitmenu.es\/en\/wp-json\/wp\/v2\/product"}],"about":[{"href":"https:\/\/myfitmenu.es\/en\/wp-json\/wp\/v2\/types\/product"}],"replies":[{"embeddable":true,"href":"https:\/\/myfitmenu.es\/en\/wp-json\/wp\/v2\/comments?post=19894"}],"version-history":[{"count":1,"href":"https:\/\/myfitmenu.es\/en\/wp-json\/wp\/v2\/product\/19894\/revisions"}],"predecessor-version":[{"id":20175,"href":"https:\/\/myfitmenu.es\/en\/wp-json\/wp\/v2\/product\/19894\/revisions\/20175"}],"wp:featuredmedia":[{"embeddable":true,"href":"https:\/\/myfitmenu.es\/en\/wp-json\/wp\/v2\/media\/19895"}],"wp:attachment":[{"href":"https:\/\/myfitmenu.es\/en\/wp-json\/wp\/v2\/media?parent=19894"}],"wp:term":[{"taxonomy":"product_brand","embeddable":true,"href":"https:\/\/myfitmenu.es\/en\/wp-json\/wp\/v2\/product_brand?post=19894"},{"taxonomy":"product_cat","embeddable":true,"href":"https:\/\/myfitmenu.es\/en\/wp-json\/wp\/v2\/product_cat?post=19894"},{"taxonomy":"product_tag","embeddable":true,"href":"https:\/\/myfitmenu.es\/en\/wp-json\/wp\/v2\/product_tag?post=19894"}],"curies":[{"name":"wp","href":"https:\/\/api.w.org\/{rel}","templated":true}]}}