{"id":19875,"date":"2025-03-06T19:25:39","date_gmt":"2025-03-06T19:25:39","guid":{"rendered":"https:\/\/myfitmenu.es\/sin%20categor\u00eda\/isolate-700gr-ostrovit\/"},"modified":"2025-07-15T17:03:31","modified_gmt":"2025-07-15T17:03:31","slug":"isolate-700gr-ostrovit","status":"publish","type":"product","link":"https:\/\/myfitmenu.es\/en\/suplementacion-online\/isolate-700gr-ostrovit\/","title":{"rendered":"Isolate 700g Ostrovit"},"content":{"rendered":"<p>It is the highest quality whey protein isolate, which is considered the most valuable source of protein used in sport. The supplement is obtained by cross-flow microfiltration, which works at low temperature. Ideal both for the period of muscle mass development and for the reduction of body fat. OstroVit 100% Whey Isolate is a supplement containing an easily digestible 90% animal protein and a model profile of amino acids that are necessary for building muscle mass. It is characterised by a small amount of fat, lactose and carbohydrates.<\/p>\n<h3>Benefits:<\/h3>\n<ul>\n<li>\n<ul>\n<li>High protein content<\/li>\n<li>Low in carbohydrates and fats<\/li>\n<li>Works anabolically: helps build pure muscle mass<\/li>\n<li>Works anti-catabolic: prevents muscle breakdown<\/li>\n<li>Accelerates post-workout muscle recovery<\/li>\n<\/ul>\n<\/li>\n<\/ul>","protected":false},"excerpt":{"rendered":"<ul>\n<li>25 grams of protein per serving<\/li>\n<li>23 portions<\/li>\n<li>104 calories per serving<\/li>\n<li>Contains 0.3 grams of sucralose per serving<\/li>\n<li>0.3 grams of carbohydrates per serving<\/li>\n<\/ul>","protected":false},"featured_media":20051,"comment_status":"open","ping_status":"closed","template":"","meta":{"inline_featured_image":false},"product_brand":[],"product_cat":[342,160,98],"product_tag":[],"class_list":{"0":"post-19875","1":"product","2":"type-product","3":"status-publish","4":"has-post-thumbnail","6":"product_cat-proteina-iso","7":"product_cat-proteinas-2","8":"product_cat-suplementacion-online","9":"pa_sa_color_unico-chocolate","10":"pa_sa_color_unico-chocolate-wafers","11":"pa_sa_color_unico-frambuesa","12":"pa_sa_color_unico-vainilla","13":"pa_sa_talla_unica-talla-unica","15":"first","16":"outofstock","17":"purchasable","18":"product-type-variable"},"acf":[],"yoast_head":"<!-- This site is optimized with the Yoast SEO plugin v27.1.1 - https:\/\/yoast.com\/product\/yoast-seo-wordpress\/ -->\n<title>Isolate 700gr Ostrovit - My Fit Menu<\/title>\n<meta name=\"robots\" content=\"index, follow, max-snippet:-1, max-image-preview:large, max-video-preview:-1\" \/>\n<link rel=\"canonical\" href=\"https:\/\/myfitmenu.es\/en\/proteina-iso\/isolate-700gr-ostrovit\/\" \/>\n<meta property=\"og:locale\" content=\"en_GB\" \/>\n<meta property=\"og:type\" content=\"article\" \/>\n<meta property=\"og:title\" content=\"Isolate 700gr Ostrovit - My Fit Menu\" \/>\n<meta property=\"og:description\" content=\"25 gramos de prote\u00edna por porci\u00f3n23 porciones104 calorias por porci\u00f3nContiene 0,3 gramos de sucralosa por porci\u00f3nContiene 0,3 gramos de carbohidratos por porci\u00f3n\" \/>\n<meta property=\"og:url\" content=\"https:\/\/myfitmenu.es\/en\/proteina-iso\/isolate-700gr-ostrovit\/\" \/>\n<meta property=\"og:site_name\" content=\"My Fit Menu\" \/>\n<meta property=\"article:modified_time\" content=\"2025-07-15T17:03:31+00:00\" \/>\n<meta property=\"og:image\" content=\"https:\/\/myfitmenu.es\/wp-content\/uploads\/2025\/04\/ostrovit-100-whey-isolate-700-g-vanilla-wafers.jpg-thumbnail-2000x2000-1.png\" \/>\n\t<meta property=\"og:image:width\" content=\"900\" \/>\n\t<meta property=\"og:image:height\" content=\"1050\" \/>\n\t<meta property=\"og:image:type\" content=\"image\/png\" \/>\n<meta name=\"twitter:card\" content=\"summary_large_image\" \/>\n<meta name=\"twitter:label1\" content=\"Estimated reading time\" \/>\n\t<meta name=\"twitter:data1\" content=\"1 minute\" \/>\n<script type=\"application\/ld+json\" class=\"yoast-schema-graph\">{\"@context\":\"https:\/\/schema.org\",\"@graph\":[{\"@type\":\"WebPage\",\"@id\":\"https:\/\/myfitmenu.es\/proteina-iso\/isolate-700gr-ostrovit\/\",\"url\":\"https:\/\/myfitmenu.es\/proteina-iso\/isolate-700gr-ostrovit\/\",\"name\":\"Isolate 700gr Ostrovit - My Fit Menu\",\"isPartOf\":{\"@id\":\"https:\/\/myfitmenu.es\/#website\"},\"primaryImageOfPage\":{\"@id\":\"https:\/\/myfitmenu.es\/proteina-iso\/isolate-700gr-ostrovit\/#primaryimage\"},\"image\":{\"@id\":\"https:\/\/myfitmenu.es\/proteina-iso\/isolate-700gr-ostrovit\/#primaryimage\"},\"thumbnailUrl\":\"https:\/\/myfitmenu.es\/wp-content\/uploads\/2025\/04\/ostrovit-100-whey-isolate-700-g-vanilla-wafers.jpg-thumbnail-2000x2000-1.png\",\"datePublished\":\"2025-03-06T19:25:39+00:00\",\"dateModified\":\"2025-07-15T17:03:31+00:00\",\"breadcrumb\":{\"@id\":\"https:\/\/myfitmenu.es\/proteina-iso\/isolate-700gr-ostrovit\/#breadcrumb\"},\"inLanguage\":\"en-GB\",\"potentialAction\":[{\"@type\":\"ReadAction\",\"target\":[\"https:\/\/myfitmenu.es\/proteina-iso\/isolate-700gr-ostrovit\/\"]}]},{\"@type\":\"ImageObject\",\"inLanguage\":\"en-GB\",\"@id\":\"https:\/\/myfitmenu.es\/proteina-iso\/isolate-700gr-ostrovit\/#primaryimage\",\"url\":\"https:\/\/myfitmenu.es\/wp-content\/uploads\/2025\/04\/ostrovit-100-whey-isolate-700-g-vanilla-wafers.jpg-thumbnail-2000x2000-1.png\",\"contentUrl\":\"https:\/\/myfitmenu.es\/wp-content\/uploads\/2025\/04\/ostrovit-100-whey-isolate-700-g-vanilla-wafers.jpg-thumbnail-2000x2000-1.png\",\"width\":900,\"height\":1050},{\"@type\":\"BreadcrumbList\",\"@id\":\"https:\/\/myfitmenu.es\/proteina-iso\/isolate-700gr-ostrovit\/#breadcrumb\",\"itemListElement\":[{\"@type\":\"ListItem\",\"position\":1,\"name\":\"Portada\",\"item\":\"https:\/\/myfitmenu.es\/\"},{\"@type\":\"ListItem\",\"position\":2,\"name\":\"Shop\",\"item\":\"http:\/\/myfitmenu.es\/en\/shop\/\"},{\"@type\":\"ListItem\",\"position\":3,\"name\":\"Isolate 700gr Ostrovit\"}]},{\"@type\":\"WebSite\",\"@id\":\"https:\/\/myfitmenu.es\/#website\",\"url\":\"https:\/\/myfitmenu.es\/\",\"name\":\"My Fit Menu\",\"description\":\"\",\"potentialAction\":[{\"@type\":\"SearchAction\",\"target\":{\"@type\":\"EntryPoint\",\"urlTemplate\":\"https:\/\/myfitmenu.es\/?s={search_term_string}\"},\"query-input\":{\"@type\":\"PropertyValueSpecification\",\"valueRequired\":true,\"valueName\":\"search_term_string\"}}],\"inLanguage\":\"en-GB\"}]}<\/script>\n<!-- \/ Yoast SEO plugin. -->","yoast_head_json":{"title":"Isolate 700gr Ostrovit - My Fit Menu","robots":{"index":"index","follow":"follow","max-snippet":"max-snippet:-1","max-image-preview":"max-image-preview:large","max-video-preview":"max-video-preview:-1"},"canonical":"https:\/\/myfitmenu.es\/en\/proteina-iso\/isolate-700gr-ostrovit\/","og_locale":"en_GB","og_type":"article","og_title":"Isolate 700gr Ostrovit - My Fit Menu","og_description":"25 gramos de prote\u00edna por porci\u00f3n23 porciones104 calorias por porci\u00f3nContiene 0,3 gramos de sucralosa por porci\u00f3nContiene 0,3 gramos de carbohidratos por porci\u00f3n","og_url":"https:\/\/myfitmenu.es\/en\/proteina-iso\/isolate-700gr-ostrovit\/","og_site_name":"My Fit Menu","article_modified_time":"2025-07-15T17:03:31+00:00","og_image":[{"width":900,"height":1050,"url":"https:\/\/myfitmenu.es\/wp-content\/uploads\/2025\/04\/ostrovit-100-whey-isolate-700-g-vanilla-wafers.jpg-thumbnail-2000x2000-1.png","type":"image\/png"}],"twitter_card":"summary_large_image","twitter_misc":{"Estimated reading time":"1 minute"},"schema":{"@context":"https:\/\/schema.org","@graph":[{"@type":"WebPage","@id":"https:\/\/myfitmenu.es\/proteina-iso\/isolate-700gr-ostrovit\/","url":"https:\/\/myfitmenu.es\/proteina-iso\/isolate-700gr-ostrovit\/","name":"Isolate 700gr Ostrovit - My Fit Menu","isPartOf":{"@id":"https:\/\/myfitmenu.es\/#website"},"primaryImageOfPage":{"@id":"https:\/\/myfitmenu.es\/proteina-iso\/isolate-700gr-ostrovit\/#primaryimage"},"image":{"@id":"https:\/\/myfitmenu.es\/proteina-iso\/isolate-700gr-ostrovit\/#primaryimage"},"thumbnailUrl":"https:\/\/myfitmenu.es\/wp-content\/uploads\/2025\/04\/ostrovit-100-whey-isolate-700-g-vanilla-wafers.jpg-thumbnail-2000x2000-1.png","datePublished":"2025-03-06T19:25:39+00:00","dateModified":"2025-07-15T17:03:31+00:00","breadcrumb":{"@id":"https:\/\/myfitmenu.es\/proteina-iso\/isolate-700gr-ostrovit\/#breadcrumb"},"inLanguage":"en-GB","potentialAction":[{"@type":"ReadAction","target":["https:\/\/myfitmenu.es\/proteina-iso\/isolate-700gr-ostrovit\/"]}]},{"@type":"ImageObject","inLanguage":"en-GB","@id":"https:\/\/myfitmenu.es\/proteina-iso\/isolate-700gr-ostrovit\/#primaryimage","url":"https:\/\/myfitmenu.es\/wp-content\/uploads\/2025\/04\/ostrovit-100-whey-isolate-700-g-vanilla-wafers.jpg-thumbnail-2000x2000-1.png","contentUrl":"https:\/\/myfitmenu.es\/wp-content\/uploads\/2025\/04\/ostrovit-100-whey-isolate-700-g-vanilla-wafers.jpg-thumbnail-2000x2000-1.png","width":900,"height":1050},{"@type":"BreadcrumbList","@id":"https:\/\/myfitmenu.es\/proteina-iso\/isolate-700gr-ostrovit\/#breadcrumb","itemListElement":[{"@type":"ListItem","position":1,"name":"Portada","item":"https:\/\/myfitmenu.es\/"},{"@type":"ListItem","position":2,"name":"Shop","item":"http:\/\/myfitmenu.es\/en\/shop\/"},{"@type":"ListItem","position":3,"name":"Isolate 700gr Ostrovit"}]},{"@type":"WebSite","@id":"https:\/\/myfitmenu.es\/#website","url":"https:\/\/myfitmenu.es\/","name":"My Fit Menu","description":"","potentialAction":[{"@type":"SearchAction","target":{"@type":"EntryPoint","urlTemplate":"https:\/\/myfitmenu.es\/?s={search_term_string}"},"query-input":{"@type":"PropertyValueSpecification","valueRequired":true,"valueName":"search_term_string"}}],"inLanguage":"en-GB"}]}},"_links":{"self":[{"href":"https:\/\/myfitmenu.es\/en\/wp-json\/wp\/v2\/product\/19875","targetHints":{"allow":["GET"]}}],"collection":[{"href":"https:\/\/myfitmenu.es\/en\/wp-json\/wp\/v2\/product"}],"about":[{"href":"https:\/\/myfitmenu.es\/en\/wp-json\/wp\/v2\/types\/product"}],"replies":[{"embeddable":true,"href":"https:\/\/myfitmenu.es\/en\/wp-json\/wp\/v2\/comments?post=19875"}],"version-history":[{"count":1,"href":"https:\/\/myfitmenu.es\/en\/wp-json\/wp\/v2\/product\/19875\/revisions"}],"predecessor-version":[{"id":20226,"href":"https:\/\/myfitmenu.es\/en\/wp-json\/wp\/v2\/product\/19875\/revisions\/20226"}],"wp:featuredmedia":[{"embeddable":true,"href":"https:\/\/myfitmenu.es\/en\/wp-json\/wp\/v2\/media\/20051"}],"wp:attachment":[{"href":"https:\/\/myfitmenu.es\/en\/wp-json\/wp\/v2\/media?parent=19875"}],"wp:term":[{"taxonomy":"product_brand","embeddable":true,"href":"https:\/\/myfitmenu.es\/en\/wp-json\/wp\/v2\/product_brand?post=19875"},{"taxonomy":"product_cat","embeddable":true,"href":"https:\/\/myfitmenu.es\/en\/wp-json\/wp\/v2\/product_cat?post=19875"},{"taxonomy":"product_tag","embeddable":true,"href":"https:\/\/myfitmenu.es\/en\/wp-json\/wp\/v2\/product_tag?post=19875"}],"curies":[{"name":"wp","href":"https:\/\/api.w.org\/{rel}","templated":true}]}}