{"id":19863,"date":"2025-03-06T19:12:38","date_gmt":"2025-03-06T19:12:38","guid":{"rendered":"https:\/\/myfitmenu.es\/sin%20categor\u00eda\/life-pro-eaas-aminoacidos-300g\/"},"modified":"2025-06-10T10:09:05","modified_gmt":"2025-06-10T10:09:05","slug":"life-pro-eaas-aminoacidos-300g","status":"publish","type":"product","link":"https:\/\/myfitmenu.es\/en\/suplementacion-online\/life-pro-eaas-aminoacidos-300g\/","title":{"rendered":"Life Pro Eaas Amino Acids 300g"},"content":{"rendered":"<h2>What is Life Pro EAA?<\/h2>\n<p><strong>EAA <\/strong>is a supplement made from <strong>essential amino acids<\/strong> in the most optimal proportions for muscle mass gain and performance enhancement.<\/p>\n<p>The formulation of EAA has been <strong>supplemented with 2 more amino acids<\/strong>; <strong>cysteine and tyrosine, such as<\/strong> The result of scientific evidence due to its proven efficacy.<\/p>\n<p>Amino acids are the structures that make up proteins. They are classified into two different groups depending on whether or not they can be synthesised naturally by the body.<\/p>\n<p>Those that cannot be synthesised by our body are called the <strong>essential amino acids<\/strong>also known as essential amino acids (EAAs). The essential amino acids are: histidine, isoleucine, leucine, lysine, methionine, phenylalanine, threonine, tryptophan and valine.<\/p>\n<h2>The properties of EAA.<\/h2>\n<p>The combination of all essential amino acids has been shown to have the ability to increase muscle protein synthesis. The <strong>The result is to promote the process of gaining muscle mass and strength.<\/strong><\/p>\n<p>In addition, they can help or <strong>postpone the onset of fatigue<\/strong> as they can be used as a source of energy by muscle tissue and improve recovery.<\/p>\n<p>The <strong>EAA<\/strong> are a convenient and versatile way of ingesting essential amino acids, which can be suitable for those times when we want to take them, for example, during training. They do not need to be digested; they do not cause heaviness or stomach discomfort.<\/p>\n<h2>The flavours of EAA.<\/h2>\n<p>EEAA is available in 3 different flavours:<\/p>\n<ul>\n<li><strong>Lemon<\/strong>refreshing lemon flavour.<\/li>\n<li><strong>Fruit Blast<\/strong>: delicious redcurrant flavour.<\/li>\n<li><strong>Tropical<\/strong>: combination of fruits.<\/li>\n<\/ul>\n<h2>What are the benefits of EAA Life Pro?<\/h2>\n<ul>\n<li><strong>They increase protein synthesis. <\/strong><\/li>\n<li>Contributes to the gain of <strong>muscle mass<\/strong>.<\/li>\n<li>They favour the <strong>strength gain. <\/strong><\/li>\n<li>They help maintain muscle tissue, preventing its loss.<\/li>\n<li><strong>They do not require digestion. <\/strong><\/li>\n<li>They contribute to the improvement of fatigue tolerance as a consequence of intensity training.<\/li>\n<li>Improve the <strong>recovery process<\/strong>.<\/li>\n<\/ul>\n<h2>Instructions for use.<\/h2>\n<p>Each dose of this product will consist of 14 g of the product (or about 0.15-0.20 g per kg of body weight) dissolved in 250ml or your preferred amount of liquid such as water or juice.<\/p>\n<p>They can be taken at any time of the day, such as with a low-protein meal, on an empty stomach, or before, during or after training.<\/p>\n<h2>Composition.<\/h2>\n<p>This product is composed of all essential amino acids, cysteine and tyrosine added.<\/p>","protected":false},"excerpt":{"rendered":"<p><strong>Life Pro EAAs Evidenced Formula 300g<\/strong><span>. Supplement based on <\/span><strong>essential amino acids<\/strong><span>with added tyrosine and cysteine. It promotes protein synthesis, optimises recovery and promotes muscle mass gain.<\/span><\/p>","protected":false},"featured_media":19864,"comment_status":"open","ping_status":"closed","template":"","meta":{"inline_featured_image":false},"product_brand":[],"product_cat":[175,360,98],"product_tag":[],"class_list":{"0":"post-19863","1":"product","2":"type-product","3":"status-publish","4":"has-post-thumbnail","6":"product_cat-aminoacidos-2","7":"product_cat-map","8":"product_cat-suplementacion-online","9":"pa_sa_color_unico-acid-lemon","10":"pa_sa_color_unico-fruit-blast","11":"pa_sa_color_unico-tropical","12":"pa_sa_talla_unica-talla-unica","14":"first","15":"instock","16":"purchasable","17":"product-type-variable"},"acf":[],"yoast_head":"<!-- This site is optimized with the Yoast SEO plugin v27.1.1 - https:\/\/yoast.com\/product\/yoast-seo-wordpress\/ -->\n<title>Life Pro Eaas Aminoacidos 300g - My Fit Menu<\/title>\n<meta name=\"robots\" content=\"index, follow, max-snippet:-1, max-image-preview:large, max-video-preview:-1\" \/>\n<link rel=\"canonical\" href=\"https:\/\/myfitmenu.es\/en\/map\/life-pro-eaas-aminoacidos-300g\/\" \/>\n<meta property=\"og:locale\" content=\"en_GB\" \/>\n<meta property=\"og:type\" content=\"article\" \/>\n<meta property=\"og:title\" content=\"Life Pro Eaas Aminoacidos 300g - My Fit Menu\" \/>\n<meta property=\"og:description\" content=\"Life Pro EAAs Evidenced Formula 300g. Complemento a base de amino\u00e1cidos esenciales, con tirosina y ciste\u00edna a\u00f1adidos. Favorece la s\u00edntesis de prote\u00ednas, optimiza la recuperaci\u00f3n y favorece la ganancia de masa muscular.\" \/>\n<meta property=\"og:url\" content=\"https:\/\/myfitmenu.es\/en\/map\/life-pro-eaas-aminoacidos-300g\/\" \/>\n<meta property=\"og:site_name\" content=\"My Fit Menu\" \/>\n<meta property=\"article:modified_time\" content=\"2025-06-10T10:09:05+00:00\" \/>\n<meta property=\"og:image\" content=\"https:\/\/myfitmenu.es\/wp-content\/uploads\/2025\/03\/06032025191008.life-pro-eaas-evidenced-formula-300g-2-thumbnail-2000x2000-80.jpg\" \/>\n\t<meta property=\"og:image:width\" content=\"800\" \/>\n\t<meta property=\"og:image:height\" content=\"800\" \/>\n\t<meta property=\"og:image:type\" content=\"image\/jpeg\" \/>\n<meta name=\"twitter:card\" content=\"summary_large_image\" \/>\n<meta name=\"twitter:label1\" content=\"Estimated reading time\" \/>\n\t<meta name=\"twitter:data1\" content=\"2 minutes\" \/>\n<script type=\"application\/ld+json\" class=\"yoast-schema-graph\">{\"@context\":\"https:\/\/schema.org\",\"@graph\":[{\"@type\":\"WebPage\",\"@id\":\"https:\/\/myfitmenu.es\/map\/life-pro-eaas-aminoacidos-300g\/\",\"url\":\"https:\/\/myfitmenu.es\/map\/life-pro-eaas-aminoacidos-300g\/\",\"name\":\"Life Pro Eaas Aminoacidos 300g - My Fit Menu\",\"isPartOf\":{\"@id\":\"https:\/\/myfitmenu.es\/#website\"},\"primaryImageOfPage\":{\"@id\":\"https:\/\/myfitmenu.es\/map\/life-pro-eaas-aminoacidos-300g\/#primaryimage\"},\"image\":{\"@id\":\"https:\/\/myfitmenu.es\/map\/life-pro-eaas-aminoacidos-300g\/#primaryimage\"},\"thumbnailUrl\":\"https:\/\/myfitmenu.es\/wp-content\/uploads\/2025\/03\/06032025191008.life-pro-eaas-evidenced-formula-300g-2-thumbnail-2000x2000-80.jpg\",\"datePublished\":\"2025-03-06T19:12:38+00:00\",\"dateModified\":\"2025-06-10T10:09:05+00:00\",\"breadcrumb\":{\"@id\":\"https:\/\/myfitmenu.es\/map\/life-pro-eaas-aminoacidos-300g\/#breadcrumb\"},\"inLanguage\":\"en-GB\",\"potentialAction\":[{\"@type\":\"ReadAction\",\"target\":[\"https:\/\/myfitmenu.es\/map\/life-pro-eaas-aminoacidos-300g\/\"]}]},{\"@type\":\"ImageObject\",\"inLanguage\":\"en-GB\",\"@id\":\"https:\/\/myfitmenu.es\/map\/life-pro-eaas-aminoacidos-300g\/#primaryimage\",\"url\":\"https:\/\/myfitmenu.es\/wp-content\/uploads\/2025\/03\/06032025191008.life-pro-eaas-evidenced-formula-300g-2-thumbnail-2000x2000-80.jpg\",\"contentUrl\":\"https:\/\/myfitmenu.es\/wp-content\/uploads\/2025\/03\/06032025191008.life-pro-eaas-evidenced-formula-300g-2-thumbnail-2000x2000-80.jpg\",\"width\":800,\"height\":800},{\"@type\":\"BreadcrumbList\",\"@id\":\"https:\/\/myfitmenu.es\/map\/life-pro-eaas-aminoacidos-300g\/#breadcrumb\",\"itemListElement\":[{\"@type\":\"ListItem\",\"position\":1,\"name\":\"Portada\",\"item\":\"https:\/\/myfitmenu.es\/\"},{\"@type\":\"ListItem\",\"position\":2,\"name\":\"Shop\",\"item\":\"http:\/\/myfitmenu.es\/en\/shop\/\"},{\"@type\":\"ListItem\",\"position\":3,\"name\":\"Life Pro Eaas Aminoacidos 300g\"}]},{\"@type\":\"WebSite\",\"@id\":\"https:\/\/myfitmenu.es\/#website\",\"url\":\"https:\/\/myfitmenu.es\/\",\"name\":\"My Fit Menu\",\"description\":\"\",\"potentialAction\":[{\"@type\":\"SearchAction\",\"target\":{\"@type\":\"EntryPoint\",\"urlTemplate\":\"https:\/\/myfitmenu.es\/?s={search_term_string}\"},\"query-input\":{\"@type\":\"PropertyValueSpecification\",\"valueRequired\":true,\"valueName\":\"search_term_string\"}}],\"inLanguage\":\"en-GB\"}]}<\/script>\n<!-- \/ Yoast SEO plugin. -->","yoast_head_json":{"title":"Life Pro Eaas Aminoacidos 300g - My Fit Menu","robots":{"index":"index","follow":"follow","max-snippet":"max-snippet:-1","max-image-preview":"max-image-preview:large","max-video-preview":"max-video-preview:-1"},"canonical":"https:\/\/myfitmenu.es\/en\/map\/life-pro-eaas-aminoacidos-300g\/","og_locale":"en_GB","og_type":"article","og_title":"Life Pro Eaas Aminoacidos 300g - My Fit Menu","og_description":"Life Pro EAAs Evidenced Formula 300g. Complemento a base de amino\u00e1cidos esenciales, con tirosina y ciste\u00edna a\u00f1adidos. Favorece la s\u00edntesis de prote\u00ednas, optimiza la recuperaci\u00f3n y favorece la ganancia de masa muscular.","og_url":"https:\/\/myfitmenu.es\/en\/map\/life-pro-eaas-aminoacidos-300g\/","og_site_name":"My Fit Menu","article_modified_time":"2025-06-10T10:09:05+00:00","og_image":[{"width":800,"height":800,"url":"https:\/\/myfitmenu.es\/wp-content\/uploads\/2025\/03\/06032025191008.life-pro-eaas-evidenced-formula-300g-2-thumbnail-2000x2000-80.jpg","type":"image\/jpeg"}],"twitter_card":"summary_large_image","twitter_misc":{"Estimated reading time":"2 minutes"},"schema":{"@context":"https:\/\/schema.org","@graph":[{"@type":"WebPage","@id":"https:\/\/myfitmenu.es\/map\/life-pro-eaas-aminoacidos-300g\/","url":"https:\/\/myfitmenu.es\/map\/life-pro-eaas-aminoacidos-300g\/","name":"Life Pro Eaas Aminoacidos 300g - My Fit Menu","isPartOf":{"@id":"https:\/\/myfitmenu.es\/#website"},"primaryImageOfPage":{"@id":"https:\/\/myfitmenu.es\/map\/life-pro-eaas-aminoacidos-300g\/#primaryimage"},"image":{"@id":"https:\/\/myfitmenu.es\/map\/life-pro-eaas-aminoacidos-300g\/#primaryimage"},"thumbnailUrl":"https:\/\/myfitmenu.es\/wp-content\/uploads\/2025\/03\/06032025191008.life-pro-eaas-evidenced-formula-300g-2-thumbnail-2000x2000-80.jpg","datePublished":"2025-03-06T19:12:38+00:00","dateModified":"2025-06-10T10:09:05+00:00","breadcrumb":{"@id":"https:\/\/myfitmenu.es\/map\/life-pro-eaas-aminoacidos-300g\/#breadcrumb"},"inLanguage":"en-GB","potentialAction":[{"@type":"ReadAction","target":["https:\/\/myfitmenu.es\/map\/life-pro-eaas-aminoacidos-300g\/"]}]},{"@type":"ImageObject","inLanguage":"en-GB","@id":"https:\/\/myfitmenu.es\/map\/life-pro-eaas-aminoacidos-300g\/#primaryimage","url":"https:\/\/myfitmenu.es\/wp-content\/uploads\/2025\/03\/06032025191008.life-pro-eaas-evidenced-formula-300g-2-thumbnail-2000x2000-80.jpg","contentUrl":"https:\/\/myfitmenu.es\/wp-content\/uploads\/2025\/03\/06032025191008.life-pro-eaas-evidenced-formula-300g-2-thumbnail-2000x2000-80.jpg","width":800,"height":800},{"@type":"BreadcrumbList","@id":"https:\/\/myfitmenu.es\/map\/life-pro-eaas-aminoacidos-300g\/#breadcrumb","itemListElement":[{"@type":"ListItem","position":1,"name":"Portada","item":"https:\/\/myfitmenu.es\/"},{"@type":"ListItem","position":2,"name":"Shop","item":"http:\/\/myfitmenu.es\/en\/shop\/"},{"@type":"ListItem","position":3,"name":"Life Pro Eaas Aminoacidos 300g"}]},{"@type":"WebSite","@id":"https:\/\/myfitmenu.es\/#website","url":"https:\/\/myfitmenu.es\/","name":"My Fit Menu","description":"","potentialAction":[{"@type":"SearchAction","target":{"@type":"EntryPoint","urlTemplate":"https:\/\/myfitmenu.es\/?s={search_term_string}"},"query-input":{"@type":"PropertyValueSpecification","valueRequired":true,"valueName":"search_term_string"}}],"inLanguage":"en-GB"}]}},"_links":{"self":[{"href":"https:\/\/myfitmenu.es\/en\/wp-json\/wp\/v2\/product\/19863","targetHints":{"allow":["GET"]}}],"collection":[{"href":"https:\/\/myfitmenu.es\/en\/wp-json\/wp\/v2\/product"}],"about":[{"href":"https:\/\/myfitmenu.es\/en\/wp-json\/wp\/v2\/types\/product"}],"replies":[{"embeddable":true,"href":"https:\/\/myfitmenu.es\/en\/wp-json\/wp\/v2\/comments?post=19863"}],"version-history":[{"count":1,"href":"https:\/\/myfitmenu.es\/en\/wp-json\/wp\/v2\/product\/19863\/revisions"}],"predecessor-version":[{"id":20095,"href":"https:\/\/myfitmenu.es\/en\/wp-json\/wp\/v2\/product\/19863\/revisions\/20095"}],"wp:featuredmedia":[{"embeddable":true,"href":"https:\/\/myfitmenu.es\/en\/wp-json\/wp\/v2\/media\/19864"}],"wp:attachment":[{"href":"https:\/\/myfitmenu.es\/en\/wp-json\/wp\/v2\/media?parent=19863"}],"wp:term":[{"taxonomy":"product_brand","embeddable":true,"href":"https:\/\/myfitmenu.es\/en\/wp-json\/wp\/v2\/product_brand?post=19863"},{"taxonomy":"product_cat","embeddable":true,"href":"https:\/\/myfitmenu.es\/en\/wp-json\/wp\/v2\/product_cat?post=19863"},{"taxonomy":"product_tag","embeddable":true,"href":"https:\/\/myfitmenu.es\/en\/wp-json\/wp\/v2\/product_tag?post=19863"}],"curies":[{"name":"wp","href":"https:\/\/api.w.org\/{rel}","templated":true}]}}