{"id":19781,"date":"2025-02-10T10:29:57","date_gmt":"2025-02-10T10:29:57","guid":{"rendered":"https:\/\/myfitmenu.es\/sin%20categor\u00eda\/vitamin-d3-1000-k2-ostrovit-90-tabs\/"},"modified":"2026-04-07T09:05:59","modified_gmt":"2026-04-07T09:05:59","slug":"vitamin-d3-1000-k2-ostrovit-90-tabs","status":"publish","type":"product","link":"https:\/\/myfitmenu.es\/en\/suplementacion-online\/vitamin-d3-1000-k2-ostrovit-90-tabs\/","title":{"rendered":"Vitamin D3 1000 + K2 Ostrovit 90 tabs"},"content":{"rendered":"<h2>Product Information Ostrovit Vitaminic D3-1000 +k2 90 Comp<\/h2>\n<p><span>The supplement Vitamin D3 + K2 is a vitamin composition derived from natural raw materials.<\/span><\/p>\n<p><span>Vitamin K2 MK-7 is a form of vitamin K2 maximally assimilated by our body, which is obtained from a traditional Japanese fermented soy product, due to the fermentation of Bacillus subtilis natto.<\/span><\/p>\n<p><span><br \/>Vitamin D3 is called the vitamin of life because it affects the proper functioning of almost every system and organ in the body.<\/span><\/p>\n<p><span>In combination with vitamin K2, it intensifies the strengthening of the skeletal system.<\/span><\/p>\n<p><span>It stimulates the absorption of calcium and phosphorus in the intestines, which further affects the proper mineralisation of bones and teeth.<\/span><\/p>\n<p><span>It has the effect of increasing muscle strength and prevents muscle tissue loss, accelerates fat burning and supports the slimming process.<\/span><\/p>\n<p><span>It also has the effect of increasing the body's resistance to infection, protects against the onset of depression and apathy.<\/span><\/p>\n<p><span><br \/>Vitamin K2 is essential for the proper functioning of the body, regulates the blood clotting process and also affects the maintenance of normal bone mineral density.<\/span><\/p>\n<p><span>It is responsible for the proper transport of calcium from the blood to the bone tissue, which allows the maintenance of healthy and strong bones and increases their resistance to fractures.<\/span><\/p>","protected":false},"excerpt":{"rendered":"<p style=\"font-size: 13px\">Vitamin D3 is called the vitamin of life because it affects the proper functioning of almost every system and organ in the body.<\/p>\n<p style=\"font-size: 13px\">In combination with vitamin K2, it intensifies the strengthening of the skeletal system.<\/p>\n<p style=\"font-size: 13px\">It stimulates the absorption of calcium and phosphorus in the intestines, which further affects the proper mineralisation of bones and teeth.<\/p>","protected":false},"featured_media":19782,"comment_status":"open","ping_status":"closed","template":"","meta":{"inline_featured_image":false},"product_brand":[],"product_cat":[333,325,98],"product_tag":[],"class_list":{"0":"post-19781","1":"product","2":"type-product","3":"status-publish","4":"has-post-thumbnail","6":"product_cat-articulaciones-2","7":"product_cat-vitaminas-y-minerales-2","8":"product_cat-suplementacion-online","9":"pa_sa_color_unico-color-unico","10":"pa_sa_talla_unica-talla-unica","12":"first","13":"instock","14":"purchasable","15":"product-type-simple"},"acf":[],"yoast_head":"<!-- This site is optimized with the Yoast SEO plugin v27.1.1 - https:\/\/yoast.com\/product\/yoast-seo-wordpress\/ -->\n<title>Vitamin D3 1000 + K2 Ostrovit 90 tabs - My Fit Menu<\/title>\n<meta name=\"robots\" content=\"index, follow, max-snippet:-1, max-image-preview:large, max-video-preview:-1\" \/>\n<link rel=\"canonical\" href=\"https:\/\/myfitmenu.es\/en\/articulaciones-2\/vitamin-d3-1000-k2-ostrovit-90-tabs\/\" \/>\n<meta property=\"og:locale\" content=\"en_GB\" \/>\n<meta property=\"og:type\" content=\"article\" \/>\n<meta property=\"og:title\" content=\"Vitamin D3 1000 + K2 Ostrovit 90 tabs - My Fit Menu\" \/>\n<meta property=\"og:description\" content=\"La vitamina D3 se llama la vitamina de la vida porque afecta el funcionamiento adecuado de casi todos los sistemas y \u00f3rganos del cuerpo.En combinaci\u00f3n con la vitamina K2, intensifica el fortalecimiento del sistema esquel\u00e9tico.Estimula la absorci\u00f3n de calcio y f\u00f3sforo en los intestinos, lo que afecta a\u00fan m\u00e1s la mineralizaci\u00f3n adecuada de huesos y dientes.\" \/>\n<meta property=\"og:url\" content=\"https:\/\/myfitmenu.es\/en\/articulaciones-2\/vitamin-d3-1000-k2-ostrovit-90-tabs\/\" \/>\n<meta property=\"og:site_name\" content=\"My Fit Menu\" \/>\n<meta property=\"article:modified_time\" content=\"2026-04-07T09:05:59+00:00\" \/>\n<meta property=\"og:image\" content=\"https:\/\/myfitmenu.es\/wp-content\/uploads\/2025\/02\/eng_pl_OstroVit-Vitamin-D3-1000-IU-K2-90-tablets-26677_1-thumbnail-2000x2000-1.png\" \/>\n\t<meta property=\"og:image:width\" content=\"1000\" \/>\n\t<meta property=\"og:image:height\" content=\"1000\" \/>\n\t<meta property=\"og:image:type\" content=\"image\/png\" \/>\n<meta name=\"twitter:card\" content=\"summary_large_image\" \/>\n<meta name=\"twitter:label1\" content=\"Estimated reading time\" \/>\n\t<meta name=\"twitter:data1\" content=\"1 minute\" \/>\n<script type=\"application\/ld+json\" class=\"yoast-schema-graph\">{\"@context\":\"https:\/\/schema.org\",\"@graph\":[{\"@type\":\"WebPage\",\"@id\":\"https:\/\/myfitmenu.es\/articulaciones-2\/vitamin-d3-1000-k2-ostrovit-90-tabs\/\",\"url\":\"https:\/\/myfitmenu.es\/articulaciones-2\/vitamin-d3-1000-k2-ostrovit-90-tabs\/\",\"name\":\"Vitamin D3 1000 + K2 Ostrovit 90 tabs - My Fit Menu\",\"isPartOf\":{\"@id\":\"https:\/\/myfitmenu.es\/#website\"},\"primaryImageOfPage\":{\"@id\":\"https:\/\/myfitmenu.es\/articulaciones-2\/vitamin-d3-1000-k2-ostrovit-90-tabs\/#primaryimage\"},\"image\":{\"@id\":\"https:\/\/myfitmenu.es\/articulaciones-2\/vitamin-d3-1000-k2-ostrovit-90-tabs\/#primaryimage\"},\"thumbnailUrl\":\"https:\/\/myfitmenu.es\/wp-content\/uploads\/2025\/02\/eng_pl_OstroVit-Vitamin-D3-1000-IU-K2-90-tablets-26677_1-thumbnail-2000x2000-1.png\",\"datePublished\":\"2025-02-10T10:29:57+00:00\",\"dateModified\":\"2026-04-07T09:05:59+00:00\",\"breadcrumb\":{\"@id\":\"https:\/\/myfitmenu.es\/articulaciones-2\/vitamin-d3-1000-k2-ostrovit-90-tabs\/#breadcrumb\"},\"inLanguage\":\"en-GB\",\"potentialAction\":[{\"@type\":\"ReadAction\",\"target\":[\"https:\/\/myfitmenu.es\/articulaciones-2\/vitamin-d3-1000-k2-ostrovit-90-tabs\/\"]}]},{\"@type\":\"ImageObject\",\"inLanguage\":\"en-GB\",\"@id\":\"https:\/\/myfitmenu.es\/articulaciones-2\/vitamin-d3-1000-k2-ostrovit-90-tabs\/#primaryimage\",\"url\":\"https:\/\/myfitmenu.es\/wp-content\/uploads\/2025\/02\/eng_pl_OstroVit-Vitamin-D3-1000-IU-K2-90-tablets-26677_1-thumbnail-2000x2000-1.png\",\"contentUrl\":\"https:\/\/myfitmenu.es\/wp-content\/uploads\/2025\/02\/eng_pl_OstroVit-Vitamin-D3-1000-IU-K2-90-tablets-26677_1-thumbnail-2000x2000-1.png\",\"width\":1000,\"height\":1000},{\"@type\":\"BreadcrumbList\",\"@id\":\"https:\/\/myfitmenu.es\/articulaciones-2\/vitamin-d3-1000-k2-ostrovit-90-tabs\/#breadcrumb\",\"itemListElement\":[{\"@type\":\"ListItem\",\"position\":1,\"name\":\"Portada\",\"item\":\"https:\/\/myfitmenu.es\/\"},{\"@type\":\"ListItem\",\"position\":2,\"name\":\"Shop\",\"item\":\"http:\/\/myfitmenu.es\/en\/shop\/\"},{\"@type\":\"ListItem\",\"position\":3,\"name\":\"Vitamin D3 1000 + K2 Ostrovit 90 tabs\"}]},{\"@type\":\"WebSite\",\"@id\":\"https:\/\/myfitmenu.es\/#website\",\"url\":\"https:\/\/myfitmenu.es\/\",\"name\":\"My Fit Menu\",\"description\":\"\",\"potentialAction\":[{\"@type\":\"SearchAction\",\"target\":{\"@type\":\"EntryPoint\",\"urlTemplate\":\"https:\/\/myfitmenu.es\/?s={search_term_string}\"},\"query-input\":{\"@type\":\"PropertyValueSpecification\",\"valueRequired\":true,\"valueName\":\"search_term_string\"}}],\"inLanguage\":\"en-GB\"}]}<\/script>\n<!-- \/ Yoast SEO plugin. -->","yoast_head_json":{"title":"Vitamin D3 1000 + K2 Ostrovit 90 tabs - My Fit Menu","robots":{"index":"index","follow":"follow","max-snippet":"max-snippet:-1","max-image-preview":"max-image-preview:large","max-video-preview":"max-video-preview:-1"},"canonical":"https:\/\/myfitmenu.es\/en\/articulaciones-2\/vitamin-d3-1000-k2-ostrovit-90-tabs\/","og_locale":"en_GB","og_type":"article","og_title":"Vitamin D3 1000 + K2 Ostrovit 90 tabs - My Fit Menu","og_description":"La vitamina D3 se llama la vitamina de la vida porque afecta el funcionamiento adecuado de casi todos los sistemas y \u00f3rganos del cuerpo.En combinaci\u00f3n con la vitamina K2, intensifica el fortalecimiento del sistema esquel\u00e9tico.Estimula la absorci\u00f3n de calcio y f\u00f3sforo en los intestinos, lo que afecta a\u00fan m\u00e1s la mineralizaci\u00f3n adecuada de huesos y dientes.","og_url":"https:\/\/myfitmenu.es\/en\/articulaciones-2\/vitamin-d3-1000-k2-ostrovit-90-tabs\/","og_site_name":"My Fit Menu","article_modified_time":"2026-04-07T09:05:59+00:00","og_image":[{"width":1000,"height":1000,"url":"https:\/\/myfitmenu.es\/wp-content\/uploads\/2025\/02\/eng_pl_OstroVit-Vitamin-D3-1000-IU-K2-90-tablets-26677_1-thumbnail-2000x2000-1.png","type":"image\/png"}],"twitter_card":"summary_large_image","twitter_misc":{"Estimated reading time":"1 minute"},"schema":{"@context":"https:\/\/schema.org","@graph":[{"@type":"WebPage","@id":"https:\/\/myfitmenu.es\/articulaciones-2\/vitamin-d3-1000-k2-ostrovit-90-tabs\/","url":"https:\/\/myfitmenu.es\/articulaciones-2\/vitamin-d3-1000-k2-ostrovit-90-tabs\/","name":"Vitamin D3 1000 + K2 Ostrovit 90 tabs - My Fit Menu","isPartOf":{"@id":"https:\/\/myfitmenu.es\/#website"},"primaryImageOfPage":{"@id":"https:\/\/myfitmenu.es\/articulaciones-2\/vitamin-d3-1000-k2-ostrovit-90-tabs\/#primaryimage"},"image":{"@id":"https:\/\/myfitmenu.es\/articulaciones-2\/vitamin-d3-1000-k2-ostrovit-90-tabs\/#primaryimage"},"thumbnailUrl":"https:\/\/myfitmenu.es\/wp-content\/uploads\/2025\/02\/eng_pl_OstroVit-Vitamin-D3-1000-IU-K2-90-tablets-26677_1-thumbnail-2000x2000-1.png","datePublished":"2025-02-10T10:29:57+00:00","dateModified":"2026-04-07T09:05:59+00:00","breadcrumb":{"@id":"https:\/\/myfitmenu.es\/articulaciones-2\/vitamin-d3-1000-k2-ostrovit-90-tabs\/#breadcrumb"},"inLanguage":"en-GB","potentialAction":[{"@type":"ReadAction","target":["https:\/\/myfitmenu.es\/articulaciones-2\/vitamin-d3-1000-k2-ostrovit-90-tabs\/"]}]},{"@type":"ImageObject","inLanguage":"en-GB","@id":"https:\/\/myfitmenu.es\/articulaciones-2\/vitamin-d3-1000-k2-ostrovit-90-tabs\/#primaryimage","url":"https:\/\/myfitmenu.es\/wp-content\/uploads\/2025\/02\/eng_pl_OstroVit-Vitamin-D3-1000-IU-K2-90-tablets-26677_1-thumbnail-2000x2000-1.png","contentUrl":"https:\/\/myfitmenu.es\/wp-content\/uploads\/2025\/02\/eng_pl_OstroVit-Vitamin-D3-1000-IU-K2-90-tablets-26677_1-thumbnail-2000x2000-1.png","width":1000,"height":1000},{"@type":"BreadcrumbList","@id":"https:\/\/myfitmenu.es\/articulaciones-2\/vitamin-d3-1000-k2-ostrovit-90-tabs\/#breadcrumb","itemListElement":[{"@type":"ListItem","position":1,"name":"Portada","item":"https:\/\/myfitmenu.es\/"},{"@type":"ListItem","position":2,"name":"Shop","item":"http:\/\/myfitmenu.es\/en\/shop\/"},{"@type":"ListItem","position":3,"name":"Vitamin D3 1000 + K2 Ostrovit 90 tabs"}]},{"@type":"WebSite","@id":"https:\/\/myfitmenu.es\/#website","url":"https:\/\/myfitmenu.es\/","name":"My Fit Menu","description":"","potentialAction":[{"@type":"SearchAction","target":{"@type":"EntryPoint","urlTemplate":"https:\/\/myfitmenu.es\/?s={search_term_string}"},"query-input":{"@type":"PropertyValueSpecification","valueRequired":true,"valueName":"search_term_string"}}],"inLanguage":"en-GB"}]}},"_links":{"self":[{"href":"https:\/\/myfitmenu.es\/en\/wp-json\/wp\/v2\/product\/19781","targetHints":{"allow":["GET"]}}],"collection":[{"href":"https:\/\/myfitmenu.es\/en\/wp-json\/wp\/v2\/product"}],"about":[{"href":"https:\/\/myfitmenu.es\/en\/wp-json\/wp\/v2\/types\/product"}],"replies":[{"embeddable":true,"href":"https:\/\/myfitmenu.es\/en\/wp-json\/wp\/v2\/comments?post=19781"}],"version-history":[{"count":1,"href":"https:\/\/myfitmenu.es\/en\/wp-json\/wp\/v2\/product\/19781\/revisions"}],"predecessor-version":[{"id":20062,"href":"https:\/\/myfitmenu.es\/en\/wp-json\/wp\/v2\/product\/19781\/revisions\/20062"}],"wp:featuredmedia":[{"embeddable":true,"href":"https:\/\/myfitmenu.es\/en\/wp-json\/wp\/v2\/media\/19782"}],"wp:attachment":[{"href":"https:\/\/myfitmenu.es\/en\/wp-json\/wp\/v2\/media?parent=19781"}],"wp:term":[{"taxonomy":"product_brand","embeddable":true,"href":"https:\/\/myfitmenu.es\/en\/wp-json\/wp\/v2\/product_brand?post=19781"},{"taxonomy":"product_cat","embeddable":true,"href":"https:\/\/myfitmenu.es\/en\/wp-json\/wp\/v2\/product_cat?post=19781"},{"taxonomy":"product_tag","embeddable":true,"href":"https:\/\/myfitmenu.es\/en\/wp-json\/wp\/v2\/product_tag?post=19781"}],"curies":[{"name":"wp","href":"https:\/\/api.w.org\/{rel}","templated":true}]}}