{"id":19777,"date":"2025-02-10T10:11:02","date_gmt":"2025-02-10T10:11:02","guid":{"rendered":"https:\/\/myfitmenu.es\/sin%20categor\u00eda\/multivitamin-30-tabs-ostrovit\/"},"modified":"2026-03-09T10:59:51","modified_gmt":"2026-03-09T10:59:51","slug":"multivitamin-30-tabs-ostrovit","status":"publish","type":"product","link":"https:\/\/myfitmenu.es\/en\/suplementacion-online\/multivitamin-30-tabs-ostrovit\/","title":{"rendered":"Multivitamin 30 tabs Ostrovit"},"content":{"rendered":"<p>OstroVit 100% Vit&amp;Min is a highly digestible vitamin and mineral composition. The formula of the preparation contains a complex that meets the needs of an adult. The product is especially recommended for people who live an active life, especially those who practise sports. Vit&amp;Min is a combined preparation based on vitamins and minerals, they have a high biological content, which makes them perfectly absorbed by the body and provides a high level of energy throughout the day. The OstroVit food supplement is the perfect solution during intense physical and mental exertion. The complex of vitamins and minerals contained in the preparation will also enable a rapid return to fitness during convalescence after illness and injury.<\/p>\n<ul>\n<li>1 serving = 2 tablets<\/li>\n<li>Number of servings in pack: 15<\/li>\n<li>Package contents: 30 tablets<\/li>\n<li>Highly absorbable complex of minerals and vitamins.<\/li>\n<\/ul>\n<h2>Vitamins and minerals<\/h2>\n<p>The composition of the supplement was selected in such a way that the vitamins and minerals it contains would affect almost all biochemical processes occurring in the human body. Their supplementation and adequate supply is necessary to maintain proper physical and mental fitness, well-being and balance in the organism. Just one dose of the preparation fully covers the daily requirements of the most necessary vitamins and minerals of the adult human body, and effectively replenishes any deficiencies resulting from increased physical activity or an incorrectly balanced diet.<\/p>\n<h2>The effect of vitamins and minerals on the body<\/h2>\n<p><strong>Vitamins<\/strong> and minerals control all vital processes in the human body. The human body cannot produce them on its own, so it is necessary to provide them with food or additionally with dietary supplements. This is because nowadays we often come into contact with processed and modified foods, which promote unfavourable conditions for the organism, such as stress or increased emotional tension, but also contribute to the deterioration of the psychophysical form, deteriorating health and well-being. The human body needs vitamin and mineral ingredients to function properly. Although apparently only microscopic particles, they have a significant impact on the quality of our health.<\/p>\n<h2>Properties:<\/h2>\n<ul>\n<li>Provides the necessary micronutrients for every athlete<\/li>\n<li>Helps with skin care.<\/li>\n<li>Facilitates the proper functioning of muscles<\/li>\n<li>Helps reduce tiredness and fatigue.<\/li>\n<\/ul>\n<h2>Suggested use<\/h2>\n<p>Training days: 1 portion (2 tablets) before the first meal Non-training days: 1 portion before the first meal<\/p>\n<p>Do not exceed the recommended daily intake. The dietary supplement cannot be used as a substitute (replacement) for a varied diet. A balanced diet and a healthy lifestyle are recommended. Do not eat if you are allergic to any of the ingredients of the product. The product should not be used by children, pregnant women and nursing mothers. Keep out of the reach of children.<\/p>\n<h3><strong>Ingredients<\/strong><\/h3>\n<p>Food supplement in tablet form based on vitamins and minerals. Calcium carbonate, magnesium citrate, L-ascorbic acid, nicotinic acid amide, ferric lactate, D-alpha tocopherol, zinc sulphate, calcium D-pantothenate, manganese sulphate, riboflavin, pyridoxine hydrochloride, thiamine mononitrate, copper sulphate, retinyl acetate, pteroylmonoglutamic acid, potassium iodide, sodium selenate, D-biotin, cholecalciferol, cyanocobalamin, bulking agent - microcrystalline cellulose, anti-caking agents: calcium phosphate, magnesium salts of fatty acids, silicon dioxide, binder - polyvinylpyrrolidone.<\/p>\n<p>The product may contain milk (including lactose), soya, cereals containing gluten, eggs, celery, mustard, crustaceans.<\/p>\n<h3><strong>Nutritional information<\/strong><\/h3>\n<p><span>Net weight of product: 46 g<\/span>Servings per container: 15<span>Serving size: 2 tablets<\/span><\/p>\n<table>\n<tbody>\n<tr>\n<th>Active ingredients<\/th>\n<th>For a portion<\/th>\n<th>% RI* % RI* % RI* % RI* % RI<\/th>\n<\/tr>\n<tr>\n<td>Calcium<\/td>\n<td>\u00a0264 mg<\/td>\n<td>33<\/td>\n<\/tr>\n<tr>\n<td>Magnesium<\/td>\n<td>\u00a0185 mg<\/td>\n<td>49<\/td>\n<\/tr>\n<tr>\n<td>Vitamin C<\/td>\n<td>\u00a080 mg<\/td>\n<td>100<\/td>\n<\/tr>\n<tr>\n<td>Niacin<\/td>\n<td>\u00a016 mg<\/td>\n<td>100<\/td>\n<\/tr>\n<tr>\n<td>Iron<\/td>\n<td>\u00a014 mg<\/td>\n<td>100<\/td>\n<\/tr>\n<tr>\n<td>Vitamin E<\/td>\n<td>\u00a012 mg<\/td>\n<td>100<\/td>\n<\/tr>\n<tr>\n<td>Zinc<\/td>\n<td>\u00a010 mg<\/td>\n<td>100<\/td>\n<\/tr>\n<tr>\n<td>Pantothenic acid<\/td>\n<td>\u00a06 mg<\/td>\n<td>100<\/td>\n<\/tr>\n<tr>\n<td>Manganese<\/td>\n<td>\u00a01.8 mg<\/td>\n<td>90<\/td>\n<\/tr>\n<tr>\n<td>Riboflavin<\/td>\n<td>\u00a01.4 mg<\/td>\n<td>100<\/td>\n<\/tr>\n<tr>\n<td>Vitamin B6<\/td>\n<td>\u00a01.4 mg<\/td>\n<td>100<\/td>\n<\/tr>\n<tr>\n<td>Thiamine<\/td>\n<td>\u00a01.1 mg<\/td>\n<td>100<\/td>\n<\/tr>\n<tr>\n<td>Copper<\/td>\n<td>\u00a01 mg<\/td>\n<td>100<\/td>\n<\/tr>\n<tr>\n<td>Vitamin A<\/td>\n<td>\u00a0800 \u00b5g<\/td>\n<td>100<\/td>\n<\/tr>\n<tr>\n<td>Folic acid<\/td>\n<td>\u00a0200 \u00b5g<\/td>\n<td>100<\/td>\n<\/tr>\n<tr>\n<td>Iodine<\/td>\n<td>\u00a0150 \u00b5g<\/td>\n<td>100<\/td>\n<\/tr>\n<tr>\n<td>Selenium<\/td>\n<td>\u00a055 \u00b5g<\/td>\n<td>100<\/td>\n<\/tr>\n<tr>\n<td>Biotin<\/td>\n<td>\u00a050 \u00b5g<\/td>\n<td>100<\/td>\n<\/tr>\n<tr>\n<td>Vitamin D<\/td>\n<td>\u00a05 \u00b5g<\/td>\n<td>100<\/td>\n<\/tr>\n<tr>\n<td>Vitamin B12<\/td>\n<td>\u00a02.5 \u00b5g<\/td>\n<td>100<\/td>\n<\/tr>\n<\/tbody>\n<\/table>\n<p>\u00a0<\/p>\n<p>*RI - Reference intake<\/p>","protected":false},"excerpt":{"rendered":"<p><span><b>OstroVit 100% Vit&amp;Min<\/b> is a highly digestible vitamin and mineral composition. The formula of the preparation contains a complex that meets the needs of an adult.\u00a0<\/span><\/p>\n<p><span>The product is especially recommended for people who live an active life, especially those who practise sport. Vit&amp;Min is a combined preparation based on vitamins and minerals, which have a high biological content, making them perfectly absorbed by the body and providing a high level of energy throughout the day.\u00a0<\/span><\/p>\n<p><span>The OstroVit food supplement is the perfect solution during intense physical and mental exertion. The complex of vitamins and minerals contained in the preparation will also allow a quick return to fitness during convalescence after illness and injury.<\/span><\/p>","protected":false},"featured_media":19778,"comment_status":"open","ping_status":"closed","template":"","meta":{"inline_featured_image":false},"product_brand":[],"product_cat":[206,325,98],"product_tag":[],"class_list":{"0":"post-19777","1":"product","2":"type-product","3":"status-publish","4":"has-post-thumbnail","6":"product_cat-salud-2","7":"product_cat-vitaminas-y-minerales-2","8":"product_cat-suplementacion-online","9":"pa_sa_color_unico-30-tabs","10":"pa_sa_color_unico-90-tabs","11":"pa_sa_talla_unica-talla-unica","13":"first","14":"instock","15":"purchasable","16":"product-type-variable"},"acf":[],"yoast_head":"<!-- This site is optimized with the Yoast SEO plugin v27.1.1 - https:\/\/yoast.com\/product\/yoast-seo-wordpress\/ -->\n<title>Multivitamin 30 tabs Ostrovit - My Fit Menu<\/title>\n<meta name=\"robots\" content=\"index, follow, max-snippet:-1, max-image-preview:large, max-video-preview:-1\" \/>\n<link rel=\"canonical\" href=\"https:\/\/myfitmenu.es\/en\/vitaminas-y-minerales-2\/multivitamin-30-tabs-ostrovit\/\" \/>\n<meta property=\"og:locale\" content=\"en_GB\" \/>\n<meta property=\"og:type\" content=\"article\" \/>\n<meta property=\"og:title\" content=\"Multivitamin 30 tabs Ostrovit - My Fit Menu\" \/>\n<meta property=\"og:description\" content=\"OstroVit 100% Vit&amp;Min es una composici\u00f3n de vitaminas y minerales de alta digestibilidad. La f\u00f3rmula de la preparaci\u00f3n contiene un complejo que satisface las necesidades de un adulto.\u00a0El producto est\u00e1 especialmente recomendado para personas que viven activamente, especialmente aquellas que practican deporte. Vit&amp;Min es un preparado combinado a base de vitaminas y minerales, tienen un alto contenido biol\u00f3gico, lo que hace que el organismo las absorba perfectamente y proporciona un alto nivel de energ\u00eda durante todo el d\u00eda.\u00a0El complemento alimenticio OstroVit es la soluci\u00f3n perfecta durante un intenso esfuerzo f\u00edsico y mental. El complejo de vitaminas y minerales que contiene la preparaci\u00f3n tambi\u00e9n permitir\u00e1 un r\u00e1pido retorno a la forma f\u00edsica durante la convalecencia despu\u00e9s de enfermedades y lesiones.\" \/>\n<meta property=\"og:url\" content=\"https:\/\/myfitmenu.es\/en\/vitaminas-y-minerales-2\/multivitamin-30-tabs-ostrovit\/\" \/>\n<meta property=\"og:site_name\" content=\"My Fit Menu\" \/>\n<meta property=\"article:modified_time\" content=\"2026-03-09T10:59:51+00:00\" \/>\n<meta property=\"og:image\" content=\"https:\/\/myfitmenu.es\/wp-content\/uploads\/2025\/02\/eng_pm_OstroVit-100-Vit-Min-30-tabs-20071_1-thumbnail-2000x2000-1.png\" \/>\n\t<meta property=\"og:image:width\" content=\"450\" \/>\n\t<meta property=\"og:image:height\" content=\"450\" \/>\n\t<meta property=\"og:image:type\" content=\"image\/png\" \/>\n<meta name=\"twitter:card\" content=\"summary_large_image\" \/>\n<meta name=\"twitter:label1\" content=\"Estimated reading time\" \/>\n\t<meta name=\"twitter:data1\" content=\"3 minutes\" \/>\n<script type=\"application\/ld+json\" class=\"yoast-schema-graph\">{\"@context\":\"https:\/\/schema.org\",\"@graph\":[{\"@type\":\"WebPage\",\"@id\":\"https:\/\/myfitmenu.es\/vitaminas-y-minerales-2\/multivitamin-30-tabs-ostrovit\/\",\"url\":\"https:\/\/myfitmenu.es\/vitaminas-y-minerales-2\/multivitamin-30-tabs-ostrovit\/\",\"name\":\"Multivitamin 30 tabs Ostrovit - My Fit Menu\",\"isPartOf\":{\"@id\":\"https:\/\/myfitmenu.es\/#website\"},\"primaryImageOfPage\":{\"@id\":\"https:\/\/myfitmenu.es\/vitaminas-y-minerales-2\/multivitamin-30-tabs-ostrovit\/#primaryimage\"},\"image\":{\"@id\":\"https:\/\/myfitmenu.es\/vitaminas-y-minerales-2\/multivitamin-30-tabs-ostrovit\/#primaryimage\"},\"thumbnailUrl\":\"https:\/\/myfitmenu.es\/wp-content\/uploads\/2025\/02\/eng_pm_OstroVit-100-Vit-Min-30-tabs-20071_1-thumbnail-2000x2000-1.png\",\"datePublished\":\"2025-02-10T10:11:02+00:00\",\"dateModified\":\"2026-03-09T10:59:51+00:00\",\"breadcrumb\":{\"@id\":\"https:\/\/myfitmenu.es\/vitaminas-y-minerales-2\/multivitamin-30-tabs-ostrovit\/#breadcrumb\"},\"inLanguage\":\"en-GB\",\"potentialAction\":[{\"@type\":\"ReadAction\",\"target\":[\"https:\/\/myfitmenu.es\/vitaminas-y-minerales-2\/multivitamin-30-tabs-ostrovit\/\"]}]},{\"@type\":\"ImageObject\",\"inLanguage\":\"en-GB\",\"@id\":\"https:\/\/myfitmenu.es\/vitaminas-y-minerales-2\/multivitamin-30-tabs-ostrovit\/#primaryimage\",\"url\":\"https:\/\/myfitmenu.es\/wp-content\/uploads\/2025\/02\/eng_pm_OstroVit-100-Vit-Min-30-tabs-20071_1-thumbnail-2000x2000-1.png\",\"contentUrl\":\"https:\/\/myfitmenu.es\/wp-content\/uploads\/2025\/02\/eng_pm_OstroVit-100-Vit-Min-30-tabs-20071_1-thumbnail-2000x2000-1.png\",\"width\":450,\"height\":450},{\"@type\":\"BreadcrumbList\",\"@id\":\"https:\/\/myfitmenu.es\/vitaminas-y-minerales-2\/multivitamin-30-tabs-ostrovit\/#breadcrumb\",\"itemListElement\":[{\"@type\":\"ListItem\",\"position\":1,\"name\":\"Portada\",\"item\":\"https:\/\/myfitmenu.es\/\"},{\"@type\":\"ListItem\",\"position\":2,\"name\":\"Shop\",\"item\":\"http:\/\/myfitmenu.es\/en\/shop\/\"},{\"@type\":\"ListItem\",\"position\":3,\"name\":\"Multivitamin 30 tabs Ostrovit\"}]},{\"@type\":\"WebSite\",\"@id\":\"https:\/\/myfitmenu.es\/#website\",\"url\":\"https:\/\/myfitmenu.es\/\",\"name\":\"My Fit Menu\",\"description\":\"\",\"potentialAction\":[{\"@type\":\"SearchAction\",\"target\":{\"@type\":\"EntryPoint\",\"urlTemplate\":\"https:\/\/myfitmenu.es\/?s={search_term_string}\"},\"query-input\":{\"@type\":\"PropertyValueSpecification\",\"valueRequired\":true,\"valueName\":\"search_term_string\"}}],\"inLanguage\":\"en-GB\"}]}<\/script>\n<!-- \/ Yoast SEO plugin. -->","yoast_head_json":{"title":"Multivitamin 30 tabs Ostrovit - My Fit Menu","robots":{"index":"index","follow":"follow","max-snippet":"max-snippet:-1","max-image-preview":"max-image-preview:large","max-video-preview":"max-video-preview:-1"},"canonical":"https:\/\/myfitmenu.es\/en\/vitaminas-y-minerales-2\/multivitamin-30-tabs-ostrovit\/","og_locale":"en_GB","og_type":"article","og_title":"Multivitamin 30 tabs Ostrovit - My Fit Menu","og_description":"OstroVit 100% Vit&amp;Min es una composici\u00f3n de vitaminas y minerales de alta digestibilidad. La f\u00f3rmula de la preparaci\u00f3n contiene un complejo que satisface las necesidades de un adulto.\u00a0El producto est\u00e1 especialmente recomendado para personas que viven activamente, especialmente aquellas que practican deporte. Vit&amp;Min es un preparado combinado a base de vitaminas y minerales, tienen un alto contenido biol\u00f3gico, lo que hace que el organismo las absorba perfectamente y proporciona un alto nivel de energ\u00eda durante todo el d\u00eda.\u00a0El complemento alimenticio OstroVit es la soluci\u00f3n perfecta durante un intenso esfuerzo f\u00edsico y mental. El complejo de vitaminas y minerales que contiene la preparaci\u00f3n tambi\u00e9n permitir\u00e1 un r\u00e1pido retorno a la forma f\u00edsica durante la convalecencia despu\u00e9s de enfermedades y lesiones.","og_url":"https:\/\/myfitmenu.es\/en\/vitaminas-y-minerales-2\/multivitamin-30-tabs-ostrovit\/","og_site_name":"My Fit Menu","article_modified_time":"2026-03-09T10:59:51+00:00","og_image":[{"width":450,"height":450,"url":"https:\/\/myfitmenu.es\/wp-content\/uploads\/2025\/02\/eng_pm_OstroVit-100-Vit-Min-30-tabs-20071_1-thumbnail-2000x2000-1.png","type":"image\/png"}],"twitter_card":"summary_large_image","twitter_misc":{"Estimated reading time":"3 minutes"},"schema":{"@context":"https:\/\/schema.org","@graph":[{"@type":"WebPage","@id":"https:\/\/myfitmenu.es\/vitaminas-y-minerales-2\/multivitamin-30-tabs-ostrovit\/","url":"https:\/\/myfitmenu.es\/vitaminas-y-minerales-2\/multivitamin-30-tabs-ostrovit\/","name":"Multivitamin 30 tabs Ostrovit - My Fit Menu","isPartOf":{"@id":"https:\/\/myfitmenu.es\/#website"},"primaryImageOfPage":{"@id":"https:\/\/myfitmenu.es\/vitaminas-y-minerales-2\/multivitamin-30-tabs-ostrovit\/#primaryimage"},"image":{"@id":"https:\/\/myfitmenu.es\/vitaminas-y-minerales-2\/multivitamin-30-tabs-ostrovit\/#primaryimage"},"thumbnailUrl":"https:\/\/myfitmenu.es\/wp-content\/uploads\/2025\/02\/eng_pm_OstroVit-100-Vit-Min-30-tabs-20071_1-thumbnail-2000x2000-1.png","datePublished":"2025-02-10T10:11:02+00:00","dateModified":"2026-03-09T10:59:51+00:00","breadcrumb":{"@id":"https:\/\/myfitmenu.es\/vitaminas-y-minerales-2\/multivitamin-30-tabs-ostrovit\/#breadcrumb"},"inLanguage":"en-GB","potentialAction":[{"@type":"ReadAction","target":["https:\/\/myfitmenu.es\/vitaminas-y-minerales-2\/multivitamin-30-tabs-ostrovit\/"]}]},{"@type":"ImageObject","inLanguage":"en-GB","@id":"https:\/\/myfitmenu.es\/vitaminas-y-minerales-2\/multivitamin-30-tabs-ostrovit\/#primaryimage","url":"https:\/\/myfitmenu.es\/wp-content\/uploads\/2025\/02\/eng_pm_OstroVit-100-Vit-Min-30-tabs-20071_1-thumbnail-2000x2000-1.png","contentUrl":"https:\/\/myfitmenu.es\/wp-content\/uploads\/2025\/02\/eng_pm_OstroVit-100-Vit-Min-30-tabs-20071_1-thumbnail-2000x2000-1.png","width":450,"height":450},{"@type":"BreadcrumbList","@id":"https:\/\/myfitmenu.es\/vitaminas-y-minerales-2\/multivitamin-30-tabs-ostrovit\/#breadcrumb","itemListElement":[{"@type":"ListItem","position":1,"name":"Portada","item":"https:\/\/myfitmenu.es\/"},{"@type":"ListItem","position":2,"name":"Shop","item":"http:\/\/myfitmenu.es\/en\/shop\/"},{"@type":"ListItem","position":3,"name":"Multivitamin 30 tabs Ostrovit"}]},{"@type":"WebSite","@id":"https:\/\/myfitmenu.es\/#website","url":"https:\/\/myfitmenu.es\/","name":"My Fit Menu","description":"","potentialAction":[{"@type":"SearchAction","target":{"@type":"EntryPoint","urlTemplate":"https:\/\/myfitmenu.es\/?s={search_term_string}"},"query-input":{"@type":"PropertyValueSpecification","valueRequired":true,"valueName":"search_term_string"}}],"inLanguage":"en-GB"}]}},"_links":{"self":[{"href":"https:\/\/myfitmenu.es\/en\/wp-json\/wp\/v2\/product\/19777","targetHints":{"allow":["GET"]}}],"collection":[{"href":"https:\/\/myfitmenu.es\/en\/wp-json\/wp\/v2\/product"}],"about":[{"href":"https:\/\/myfitmenu.es\/en\/wp-json\/wp\/v2\/types\/product"}],"replies":[{"embeddable":true,"href":"https:\/\/myfitmenu.es\/en\/wp-json\/wp\/v2\/comments?post=19777"}],"version-history":[{"count":1,"href":"https:\/\/myfitmenu.es\/en\/wp-json\/wp\/v2\/product\/19777\/revisions"}],"predecessor-version":[{"id":20240,"href":"https:\/\/myfitmenu.es\/en\/wp-json\/wp\/v2\/product\/19777\/revisions\/20240"}],"wp:featuredmedia":[{"embeddable":true,"href":"https:\/\/myfitmenu.es\/en\/wp-json\/wp\/v2\/media\/19778"}],"wp:attachment":[{"href":"https:\/\/myfitmenu.es\/en\/wp-json\/wp\/v2\/media?parent=19777"}],"wp:term":[{"taxonomy":"product_brand","embeddable":true,"href":"https:\/\/myfitmenu.es\/en\/wp-json\/wp\/v2\/product_brand?post=19777"},{"taxonomy":"product_cat","embeddable":true,"href":"https:\/\/myfitmenu.es\/en\/wp-json\/wp\/v2\/product_cat?post=19777"},{"taxonomy":"product_tag","embeddable":true,"href":"https:\/\/myfitmenu.es\/en\/wp-json\/wp\/v2\/product_tag?post=19777"}],"curies":[{"name":"wp","href":"https:\/\/api.w.org\/{rel}","templated":true}]}}