{"id":18794,"date":"2024-08-09T15:49:38","date_gmt":"2024-08-09T15:49:38","guid":{"rendered":"https:\/\/myfitmenu.es\/producto\/iso-hd-90-cfm-800-gr\/"},"modified":"2026-04-13T17:28:21","modified_gmt":"2026-04-13T17:28:21","slug":"iso-hd-90-cfm-800-gr","status":"publish","type":"product","link":"https:\/\/myfitmenu.es\/en\/proteinas-2\/iso-hd-90-cfm-800-gr\/","title":{"rendered":"Iso hd 90 cfm 800 g"},"content":{"rendered":"<h2><strong><b>Iso HD\u00ae 90 CFM Protein<\/b><\/strong>\u00a0800 gr\u00a0<strong><b>Amix\u2122 Nutrition<\/b><\/strong><\/h2>\n<p><strong><b>IsoHD\u00ae 90 CFM Protein<\/b><\/strong>\u00a0is an excellent new dietary supplement composed of whey protein isolate designed and developed by Amix\u2122.<\/p>\n<p><strong><b>IsoHD\u00ae 90 CFM Protein\u00a0<\/b><\/strong>is a high quality pure whey protein isolate containing 90 % of rapidly absorbed protein.<strong><b>\u00a0<\/b><\/strong>\u00a0along with high levels of branched chain amino acids (BCAA'S) and L-Glutamine.<\/p>\n<p>IsoHD 90 CFM Protein isolate is indicated for muscle definition moments, it contains high amounts of BCCA and L-Glutamine which will help muscle recovery.<\/p>\n<p><strong><b><\/b>CFM\u00a0<strong><b>\u00ae<\/b><\/strong><\/strong>\u00a0is the purest whey protein, selectively enriched with peptides, manufactured by Glanbia. This protein is ideal for building muscle mass without added fats and carbohydrates, stimulates nitric oxide production to induce sustained energy and promotes muscle recovery.<\/p>\n<p><strong><b>PepForm<\/b><\/strong>\u00a0\u2122\u00a0<strong><b>Triple-Matrix<\/b><\/strong>\u00a0is a revolutionary peptide development technology designed to improve the solubility and absorption of bioactives, including BCAAs. PepForm also significantly increases the bioavailability of amino acids, with improved efficiency and absorption, such as leucine.<\/p>\n<p><strong><b><\/b>Aminogen<strong><b>\u00ae<\/b><\/strong><\/strong>\u00a0is naturally derived patented plant enzyme ingredient and a perfect ratio for all those who need to support their digestion, especially sportsmen and women using special diet.\u00a0<\/p>\n<p>Aminogen helps break down proteins into amino acids, reduces inflammation caused by incomplete protein digestion and promotes muscle mass gain.<\/p>\n<p><strong><b>LactoSpore<\/b><\/strong>\u00a0\u2122\u00a0<strong><b>(Lactobacillus sporogenes, Bacillus coagulans)<\/b><\/strong>\u00a0is a versatile probiotic, providing beneficial bacteria that help maintain digestive health and support the immune system.\u00a0<\/p>\n<p>Contains\u00a0<span><b><b>BCAA amino acids<\/b><\/b><\/span><span>\u00a0which are the building blocks for protein building, thus supporting the growth and maintenance of muscle mass. The combination of these essential amino acids (L-Leucine, L-Isoleucine, L-Valine) build approximately 33% of total muscle protein.\u00a0<\/span><span>\u00a0<\/span>\u00a0<\/p>\n<p><span><b><b>L-Glutamine\u00a0<\/b><\/b>is the most abundant amino acid in the body, comprising more than 60% of the amino acid pool in muscle tissue and more than 20% of the total amino acid pool.<\/span><\/p>\n<p><span>As usual in the development of our products,\u00a0<strong><b>Amix\u2122<\/b><\/strong>\u00a0uses the best patented raw materials on the market in order to offer quality and functional products that meet the expectations of the sportsmen and women who place their trust in us.<\/span><\/p>\n<p><strong><b>Recommended daily dose:<\/b><\/strong> 30 g<\/p>\n<p><strong><b>Instructions for use:<\/b><\/strong>\u00a0Mix 30g with 200-300ml water or skimmed milk.<\/p>","protected":false},"excerpt":{"rendered":"<p><strong><b>Iso HD Protein 90 CFM Protein<\/b><\/strong><span>\u00a0<strong><b>from<\/b><\/strong>\u00a0<strong><b>Amix\u00a0<\/b><\/strong>is a compound of\u00a0<span>high quality pure whey isolate containing 90 % of proteins<\/span> fast absorption together with high levels of branched-chain amino acids (BCAA'S) and L-Glutamine amino acid<\/span><\/p>\n<p><span><span><span><strong><b>Iso HD 90 CFM Protein contains <span><span>C<\/span><\/span><span><span>FM<\/span><span>\u00ae\u00a0<\/span><\/span>instant<\/b><\/strong>a whey protein with high solubility protein fractions<\/span><\/span><\/span><\/p>\n<ul>\n<li>Protein contributes to the growth of muscle mass<\/li>\n<li>Contains\u00a0<strong><b>AminoGen\u00ae, Lactospore\u2122 and PepForm\u2122.<\/b><\/strong> <strong><b>Triple-Matrix<\/b><\/strong><\/li>\n<li>Instant high protein<\/li>\n<li>Very creamy and tasty<\/li>\n<li>Aspartame-free<\/li>\n<\/ul>","protected":false},"featured_media":18795,"comment_status":"open","ping_status":"closed","template":"","meta":{"inline_featured_image":false},"product_brand":[],"product_cat":[342,160],"product_tag":[],"class_list":{"0":"post-18794","1":"product","2":"type-product","3":"status-publish","4":"has-post-thumbnail","6":"product_cat-proteina-iso","7":"product_cat-proteinas-2","8":"pa_sa_color_unico-chocolate-blanco-cookies","9":"pa_sa_color_unico-doble-chocolate","10":"pa_sa_color_unico-doble-chocolate-blanco","11":"pa_sa_color_unico-lemon-yogurt","12":"pa_sa_color_unico-milk-vanilla","13":"pa_sa_color_unico-moca-chocolate-cafe","14":"pa_sa_color_unico-nuttamix","15":"pa_sa_talla_unica-talla-unica","17":"first","18":"outofstock","19":"purchasable","20":"product-type-variable"},"acf":[],"yoast_head":"<!-- This site is optimized with the Yoast SEO plugin v27.1.1 - https:\/\/yoast.com\/product\/yoast-seo-wordpress\/ -->\n<title>Iso hd 90 cfm 800 gr - My Fit Menu<\/title>\n<meta name=\"robots\" content=\"index, follow, max-snippet:-1, max-image-preview:large, max-video-preview:-1\" \/>\n<link rel=\"canonical\" href=\"https:\/\/myfitmenu.es\/en\/proteina-iso\/iso-hd-90-cfm-800-gr\/\" \/>\n<meta property=\"og:locale\" content=\"en_GB\" \/>\n<meta property=\"og:type\" content=\"article\" \/>\n<meta property=\"og:title\" content=\"Iso hd 90 cfm 800 gr - My Fit Menu\" \/>\n<meta property=\"og:description\" content=\"La Prote\u00edna Iso HD 90 CFM Protein\u00a0de\u00a0Amix\u00a0es un compuesto de\u00a0aislado puro de suero\u00a0de alta calidad que contiene un 90 % de prote\u00ednas de r\u00e1pida absorci\u00f3n junto con altos niveles de amino\u00e1cidos ramificados (BCAA\u00b4S) y amino\u00e1cido L-GlutaminaIso HD 90 CFM Protein\u00a0contiene CFM\u00ae\u00a0instant\u00e1neo, una prote\u00edna de suero de leche con fracciones de prote\u00ednas de alta solubilidadLa prote\u00edna contribuye al crecimiento de la masa muscularContiene\u00a0AminoGen\u00ae,\u00a0Lactospore\u2122 y\u00a0PepForm\u2122 Triple-MatrixAlta prote\u00edna instant\u00e1neaMuy cremosa y sabrosaSin Aspartamo\" \/>\n<meta property=\"og:url\" content=\"https:\/\/myfitmenu.es\/en\/proteina-iso\/iso-hd-90-cfm-800-gr\/\" \/>\n<meta property=\"og:site_name\" content=\"My Fit Menu\" \/>\n<meta property=\"article:modified_time\" content=\"2026-04-13T17:28:21+00:00\" \/>\n<meta property=\"og:image\" content=\"https:\/\/myfitmenu.es\/wp-content\/uploads\/2024\/08\/isohd-90-cfm-protein-800g-thumbnail-2000x2000-1.webp\" \/>\n\t<meta property=\"og:image:width\" content=\"600\" \/>\n\t<meta property=\"og:image:height\" content=\"600\" \/>\n\t<meta property=\"og:image:type\" content=\"image\/webp\" \/>\n<meta name=\"twitter:card\" content=\"summary_large_image\" \/>\n<meta name=\"twitter:label1\" content=\"Estimated reading time\" \/>\n\t<meta name=\"twitter:data1\" content=\"2 minutes\" \/>\n<script type=\"application\/ld+json\" class=\"yoast-schema-graph\">{\"@context\":\"https:\/\/schema.org\",\"@graph\":[{\"@type\":\"WebPage\",\"@id\":\"https:\/\/myfitmenu.es\/proteina-iso\/iso-hd-90-cfm-800-gr\/\",\"url\":\"https:\/\/myfitmenu.es\/proteina-iso\/iso-hd-90-cfm-800-gr\/\",\"name\":\"Iso hd 90 cfm 800 gr - My Fit Menu\",\"isPartOf\":{\"@id\":\"https:\/\/myfitmenu.es\/#website\"},\"primaryImageOfPage\":{\"@id\":\"https:\/\/myfitmenu.es\/proteina-iso\/iso-hd-90-cfm-800-gr\/#primaryimage\"},\"image\":{\"@id\":\"https:\/\/myfitmenu.es\/proteina-iso\/iso-hd-90-cfm-800-gr\/#primaryimage\"},\"thumbnailUrl\":\"https:\/\/myfitmenu.es\/wp-content\/uploads\/2024\/08\/isohd-90-cfm-protein-800g-thumbnail-2000x2000-1.webp\",\"datePublished\":\"2024-08-09T15:49:38+00:00\",\"dateModified\":\"2026-04-13T17:28:21+00:00\",\"breadcrumb\":{\"@id\":\"https:\/\/myfitmenu.es\/proteina-iso\/iso-hd-90-cfm-800-gr\/#breadcrumb\"},\"inLanguage\":\"en-GB\",\"potentialAction\":[{\"@type\":\"ReadAction\",\"target\":[\"https:\/\/myfitmenu.es\/proteina-iso\/iso-hd-90-cfm-800-gr\/\"]}]},{\"@type\":\"ImageObject\",\"inLanguage\":\"en-GB\",\"@id\":\"https:\/\/myfitmenu.es\/proteina-iso\/iso-hd-90-cfm-800-gr\/#primaryimage\",\"url\":\"https:\/\/myfitmenu.es\/wp-content\/uploads\/2024\/08\/isohd-90-cfm-protein-800g-thumbnail-2000x2000-1.webp\",\"contentUrl\":\"https:\/\/myfitmenu.es\/wp-content\/uploads\/2024\/08\/isohd-90-cfm-protein-800g-thumbnail-2000x2000-1.webp\",\"width\":600,\"height\":600},{\"@type\":\"BreadcrumbList\",\"@id\":\"https:\/\/myfitmenu.es\/proteina-iso\/iso-hd-90-cfm-800-gr\/#breadcrumb\",\"itemListElement\":[{\"@type\":\"ListItem\",\"position\":1,\"name\":\"Portada\",\"item\":\"https:\/\/myfitmenu.es\/\"},{\"@type\":\"ListItem\",\"position\":2,\"name\":\"Shop\",\"item\":\"http:\/\/myfitmenu.es\/en\/shop\/\"},{\"@type\":\"ListItem\",\"position\":3,\"name\":\"Iso hd 90 cfm 800 gr\"}]},{\"@type\":\"WebSite\",\"@id\":\"https:\/\/myfitmenu.es\/#website\",\"url\":\"https:\/\/myfitmenu.es\/\",\"name\":\"My Fit Menu\",\"description\":\"\",\"potentialAction\":[{\"@type\":\"SearchAction\",\"target\":{\"@type\":\"EntryPoint\",\"urlTemplate\":\"https:\/\/myfitmenu.es\/?s={search_term_string}\"},\"query-input\":{\"@type\":\"PropertyValueSpecification\",\"valueRequired\":true,\"valueName\":\"search_term_string\"}}],\"inLanguage\":\"en-GB\"}]}<\/script>\n<!-- \/ Yoast SEO plugin. -->","yoast_head_json":{"title":"Iso hd 90 cfm 800 gr - My Fit Menu","robots":{"index":"index","follow":"follow","max-snippet":"max-snippet:-1","max-image-preview":"max-image-preview:large","max-video-preview":"max-video-preview:-1"},"canonical":"https:\/\/myfitmenu.es\/en\/proteina-iso\/iso-hd-90-cfm-800-gr\/","og_locale":"en_GB","og_type":"article","og_title":"Iso hd 90 cfm 800 gr - My Fit Menu","og_description":"La Prote\u00edna Iso HD 90 CFM Protein\u00a0de\u00a0Amix\u00a0es un compuesto de\u00a0aislado puro de suero\u00a0de alta calidad que contiene un 90 % de prote\u00ednas de r\u00e1pida absorci\u00f3n junto con altos niveles de amino\u00e1cidos ramificados (BCAA\u00b4S) y amino\u00e1cido L-GlutaminaIso HD 90 CFM Protein\u00a0contiene CFM\u00ae\u00a0instant\u00e1neo, una prote\u00edna de suero de leche con fracciones de prote\u00ednas de alta solubilidadLa prote\u00edna contribuye al crecimiento de la masa muscularContiene\u00a0AminoGen\u00ae,\u00a0Lactospore\u2122 y\u00a0PepForm\u2122 Triple-MatrixAlta prote\u00edna instant\u00e1neaMuy cremosa y sabrosaSin Aspartamo","og_url":"https:\/\/myfitmenu.es\/en\/proteina-iso\/iso-hd-90-cfm-800-gr\/","og_site_name":"My Fit Menu","article_modified_time":"2026-04-13T17:28:21+00:00","og_image":[{"width":600,"height":600,"url":"https:\/\/myfitmenu.es\/wp-content\/uploads\/2024\/08\/isohd-90-cfm-protein-800g-thumbnail-2000x2000-1.webp","type":"image\/webp"}],"twitter_card":"summary_large_image","twitter_misc":{"Estimated reading time":"2 minutes"},"schema":{"@context":"https:\/\/schema.org","@graph":[{"@type":"WebPage","@id":"https:\/\/myfitmenu.es\/proteina-iso\/iso-hd-90-cfm-800-gr\/","url":"https:\/\/myfitmenu.es\/proteina-iso\/iso-hd-90-cfm-800-gr\/","name":"Iso hd 90 cfm 800 gr - My Fit Menu","isPartOf":{"@id":"https:\/\/myfitmenu.es\/#website"},"primaryImageOfPage":{"@id":"https:\/\/myfitmenu.es\/proteina-iso\/iso-hd-90-cfm-800-gr\/#primaryimage"},"image":{"@id":"https:\/\/myfitmenu.es\/proteina-iso\/iso-hd-90-cfm-800-gr\/#primaryimage"},"thumbnailUrl":"https:\/\/myfitmenu.es\/wp-content\/uploads\/2024\/08\/isohd-90-cfm-protein-800g-thumbnail-2000x2000-1.webp","datePublished":"2024-08-09T15:49:38+00:00","dateModified":"2026-04-13T17:28:21+00:00","breadcrumb":{"@id":"https:\/\/myfitmenu.es\/proteina-iso\/iso-hd-90-cfm-800-gr\/#breadcrumb"},"inLanguage":"en-GB","potentialAction":[{"@type":"ReadAction","target":["https:\/\/myfitmenu.es\/proteina-iso\/iso-hd-90-cfm-800-gr\/"]}]},{"@type":"ImageObject","inLanguage":"en-GB","@id":"https:\/\/myfitmenu.es\/proteina-iso\/iso-hd-90-cfm-800-gr\/#primaryimage","url":"https:\/\/myfitmenu.es\/wp-content\/uploads\/2024\/08\/isohd-90-cfm-protein-800g-thumbnail-2000x2000-1.webp","contentUrl":"https:\/\/myfitmenu.es\/wp-content\/uploads\/2024\/08\/isohd-90-cfm-protein-800g-thumbnail-2000x2000-1.webp","width":600,"height":600},{"@type":"BreadcrumbList","@id":"https:\/\/myfitmenu.es\/proteina-iso\/iso-hd-90-cfm-800-gr\/#breadcrumb","itemListElement":[{"@type":"ListItem","position":1,"name":"Portada","item":"https:\/\/myfitmenu.es\/"},{"@type":"ListItem","position":2,"name":"Shop","item":"http:\/\/myfitmenu.es\/en\/shop\/"},{"@type":"ListItem","position":3,"name":"Iso hd 90 cfm 800 gr"}]},{"@type":"WebSite","@id":"https:\/\/myfitmenu.es\/#website","url":"https:\/\/myfitmenu.es\/","name":"My Fit Menu","description":"","potentialAction":[{"@type":"SearchAction","target":{"@type":"EntryPoint","urlTemplate":"https:\/\/myfitmenu.es\/?s={search_term_string}"},"query-input":{"@type":"PropertyValueSpecification","valueRequired":true,"valueName":"search_term_string"}}],"inLanguage":"en-GB"}]}},"_links":{"self":[{"href":"https:\/\/myfitmenu.es\/en\/wp-json\/wp\/v2\/product\/18794","targetHints":{"allow":["GET"]}}],"collection":[{"href":"https:\/\/myfitmenu.es\/en\/wp-json\/wp\/v2\/product"}],"about":[{"href":"https:\/\/myfitmenu.es\/en\/wp-json\/wp\/v2\/types\/product"}],"replies":[{"embeddable":true,"href":"https:\/\/myfitmenu.es\/en\/wp-json\/wp\/v2\/comments?post=18794"}],"version-history":[{"count":1,"href":"https:\/\/myfitmenu.es\/en\/wp-json\/wp\/v2\/product\/18794\/revisions"}],"predecessor-version":[{"id":19077,"href":"https:\/\/myfitmenu.es\/en\/wp-json\/wp\/v2\/product\/18794\/revisions\/19077"}],"wp:featuredmedia":[{"embeddable":true,"href":"https:\/\/myfitmenu.es\/en\/wp-json\/wp\/v2\/media\/18795"}],"wp:attachment":[{"href":"https:\/\/myfitmenu.es\/en\/wp-json\/wp\/v2\/media?parent=18794"}],"wp:term":[{"taxonomy":"product_brand","embeddable":true,"href":"https:\/\/myfitmenu.es\/en\/wp-json\/wp\/v2\/product_brand?post=18794"},{"taxonomy":"product_cat","embeddable":true,"href":"https:\/\/myfitmenu.es\/en\/wp-json\/wp\/v2\/product_cat?post=18794"},{"taxonomy":"product_tag","embeddable":true,"href":"https:\/\/myfitmenu.es\/en\/wp-json\/wp\/v2\/product_tag?post=18794"}],"curies":[{"name":"wp","href":"https:\/\/api.w.org\/{rel}","templated":true}]}}