{"id":18701,"date":"2024-07-27T11:21:48","date_gmt":"2024-07-27T11:21:48","guid":{"rendered":"https:\/\/myfitmenu.es\/producto\/vitamina-e-haya-labs-400-iu-100-softgels\/"},"modified":"2025-07-17T18:11:34","modified_gmt":"2025-07-17T18:11:34","slug":"vitamina-e-haya-labs-400-iu-100-softgels","status":"publish","type":"product","link":"https:\/\/myfitmenu.es\/en\/suplementacion-online\/vitamina-e-haya-labs-400-iu-100-softgels\/","title":{"rendered":"Vitamin E Haya Labs 400 IU 100 softgels"},"content":{"rendered":"<h2><strong><span>&#65279;<\/span>What is Vitamin E 400 IU from Haya Labs?<\/strong><br \/><\/h2>\n<p>Vitamin E 400 IU by Haya Labs is a natural 100% supplement that includes all four tocopherol components, offering a complete and balanced formula.<\/p>\n<p>Vitamin E in its natural form is the most potent and active variant of this antioxidant, as it is more efficiently absorbed by the body. In this formula, vitamin E is derived from soybean oil, making it significantly more effective than its synthetic version.<\/p>\n<h2><strong>What are the characteristics of Vitamin E 400 IU by Haya Labs?<\/strong><\/h2>\n<p>Vitamin E was discovered in 1922 in green leafy vegetables, although it has only recently been recognised as a powerful antioxidant. It is fat-soluble, making it difficult to absorb, and is stored in fatty tissues and the liver.<\/p>\n<p>This compound offers numerous health benefits, especially in disease prevention, thanks to its powerful antioxidant properties. Vitamin E is an umbrella term for related compounds called \"tocopherols\" and \"tocotrienols\", which come in four basic forms: alpha, beta, delta and gamma.<\/p>\n<p>Alpha-tocopherol is the most common and biologically active. Recent research suggests that different components of vitamin E may have different effects. For example, scientists believe that alpha-tocopherol prevents the production of free radicals, while gamma-tocopherol neutralises them. Since vitamin E includes several nutrients, it is beneficial to find a product that contains all types of tocopherols, for the greatest number of benefits.<\/p>\n<h2><strong>How should this Haya Labs formula be taken?<\/strong><\/h2>\n<p>It is recommended to take 1 capsule 1-2 times a day with meals.<\/p>\n<h3><strong>Ingredients:<\/strong><\/h3>\n<ul>\n<li>Vitamin E<\/li>\n<li>Gelatine<\/li>\n<li>Glycerine<\/li>\n<li>Water<\/li>\n<\/ul>\n<h3><strong>Presentation:<\/strong><\/h3>\n<p>Plastic container with 100 capsules.<\/p>\n<h3><strong>Warnings:<\/strong><\/h3>\n<p>Food supplements should not be used as a substitute for a varied and balanced diet and a healthy lifestyle. Keep out of the reach of young children. Do not exceed the recommended daily dose. This product is not intended to diagnose, treat, cure or prevent any disease.<\/p>\n<p><\/p>\n<p><\/p>","protected":false},"excerpt":{"rendered":"<p>Haya Labs Vitamin E 400 IU is a natural 100% product that includes all four tocopherol components, forming a complete supplement formula.<\/p>\n<p>Vitamin E in its natural form is the most potent and active version of this antioxidant, as it is more efficiently absorbed by the body. In this formula, vitamin E is extracted from soybean oil, making it considerably more potent than its synthetic version.<\/p>","protected":false},"featured_media":18702,"comment_status":"open","ping_status":"closed","template":"","meta":{"inline_featured_image":false},"product_brand":[],"product_cat":[325,98],"product_tag":[],"class_list":{"0":"post-18701","1":"product","2":"type-product","3":"status-publish","4":"has-post-thumbnail","6":"product_cat-vitaminas-y-minerales-2","7":"product_cat-suplementacion-online","8":"pa_sa_color_unico-color-unico","9":"pa_sa_talla_unica-talla-unica","11":"first","12":"instock","13":"purchasable","14":"product-type-simple"},"acf":[],"yoast_head":"<!-- This site is optimized with the Yoast SEO plugin v27.1.1 - https:\/\/yoast.com\/product\/yoast-seo-wordpress\/ -->\n<title>Vitamina E Haya Labs 400 IU 100 softgels - My Fit Menu<\/title>\n<meta name=\"robots\" content=\"index, follow, max-snippet:-1, max-image-preview:large, max-video-preview:-1\" \/>\n<link rel=\"canonical\" href=\"https:\/\/myfitmenu.es\/en\/vitaminas-y-minerales-2\/vitamina-e-haya-labs-400-iu-100-softgels\/\" \/>\n<meta property=\"og:locale\" content=\"en_GB\" \/>\n<meta property=\"og:type\" content=\"article\" \/>\n<meta property=\"og:title\" content=\"Vitamina E Haya Labs 400 IU 100 softgels - My Fit Menu\" \/>\n<meta property=\"og:description\" content=\"La Vitamina E 400 UI de Haya Labs es un producto 100% natural que incluye los cuatro componentes de los tocoferoles, formando una f\u00f3rmula de suplemento completa.La vitamina E en su forma natural es la versi\u00f3n m\u00e1s potente y activa de este antioxidante, ya que el cuerpo la absorbe de manera m\u00e1s eficiente. En esta f\u00f3rmula, la vitamina E se extrae del aceite de soja, lo que la hace considerablemente m\u00e1s potente que su versi\u00f3n sint\u00e9tica.\" \/>\n<meta property=\"og:url\" content=\"https:\/\/myfitmenu.es\/en\/vitaminas-y-minerales-2\/vitamina-e-haya-labs-400-iu-100-softgels\/\" \/>\n<meta property=\"og:site_name\" content=\"My Fit Menu\" \/>\n<meta property=\"article:modified_time\" content=\"2025-07-17T18:11:34+00:00\" \/>\n<meta property=\"og:image\" content=\"https:\/\/myfitmenu.es\/wp-content\/uploads\/2024\/07\/vitamina-e-400-ui-100-caps-1-thumbnail-2000x2000-80.jpg\" \/>\n\t<meta property=\"og:image:width\" content=\"458\" \/>\n\t<meta property=\"og:image:height\" content=\"458\" \/>\n\t<meta property=\"og:image:type\" content=\"image\/jpeg\" \/>\n<meta name=\"twitter:card\" content=\"summary_large_image\" \/>\n<meta name=\"twitter:label1\" content=\"Estimated reading time\" \/>\n\t<meta name=\"twitter:data1\" content=\"2 minutes\" \/>\n<script type=\"application\/ld+json\" class=\"yoast-schema-graph\">{\"@context\":\"https:\/\/schema.org\",\"@graph\":[{\"@type\":\"WebPage\",\"@id\":\"https:\/\/myfitmenu.es\/vitaminas-y-minerales-2\/vitamina-e-haya-labs-400-iu-100-softgels\/\",\"url\":\"https:\/\/myfitmenu.es\/vitaminas-y-minerales-2\/vitamina-e-haya-labs-400-iu-100-softgels\/\",\"name\":\"Vitamina E Haya Labs 400 IU 100 softgels - My Fit Menu\",\"isPartOf\":{\"@id\":\"https:\/\/myfitmenu.es\/#website\"},\"primaryImageOfPage\":{\"@id\":\"https:\/\/myfitmenu.es\/vitaminas-y-minerales-2\/vitamina-e-haya-labs-400-iu-100-softgels\/#primaryimage\"},\"image\":{\"@id\":\"https:\/\/myfitmenu.es\/vitaminas-y-minerales-2\/vitamina-e-haya-labs-400-iu-100-softgels\/#primaryimage\"},\"thumbnailUrl\":\"https:\/\/myfitmenu.es\/wp-content\/uploads\/2024\/07\/vitamina-e-400-ui-100-caps-1-thumbnail-2000x2000-80.jpg\",\"datePublished\":\"2024-07-27T11:21:48+00:00\",\"dateModified\":\"2025-07-17T18:11:34+00:00\",\"breadcrumb\":{\"@id\":\"https:\/\/myfitmenu.es\/vitaminas-y-minerales-2\/vitamina-e-haya-labs-400-iu-100-softgels\/#breadcrumb\"},\"inLanguage\":\"en-GB\",\"potentialAction\":[{\"@type\":\"ReadAction\",\"target\":[\"https:\/\/myfitmenu.es\/vitaminas-y-minerales-2\/vitamina-e-haya-labs-400-iu-100-softgels\/\"]}]},{\"@type\":\"ImageObject\",\"inLanguage\":\"en-GB\",\"@id\":\"https:\/\/myfitmenu.es\/vitaminas-y-minerales-2\/vitamina-e-haya-labs-400-iu-100-softgels\/#primaryimage\",\"url\":\"https:\/\/myfitmenu.es\/wp-content\/uploads\/2024\/07\/vitamina-e-400-ui-100-caps-1-thumbnail-2000x2000-80.jpg\",\"contentUrl\":\"https:\/\/myfitmenu.es\/wp-content\/uploads\/2024\/07\/vitamina-e-400-ui-100-caps-1-thumbnail-2000x2000-80.jpg\",\"width\":458,\"height\":458},{\"@type\":\"BreadcrumbList\",\"@id\":\"https:\/\/myfitmenu.es\/vitaminas-y-minerales-2\/vitamina-e-haya-labs-400-iu-100-softgels\/#breadcrumb\",\"itemListElement\":[{\"@type\":\"ListItem\",\"position\":1,\"name\":\"Portada\",\"item\":\"https:\/\/myfitmenu.es\/\"},{\"@type\":\"ListItem\",\"position\":2,\"name\":\"Shop\",\"item\":\"http:\/\/myfitmenu.es\/en\/shop\/\"},{\"@type\":\"ListItem\",\"position\":3,\"name\":\"Vitamina E Haya Labs 400 IU 100 softgels\"}]},{\"@type\":\"WebSite\",\"@id\":\"https:\/\/myfitmenu.es\/#website\",\"url\":\"https:\/\/myfitmenu.es\/\",\"name\":\"My Fit Menu\",\"description\":\"\",\"potentialAction\":[{\"@type\":\"SearchAction\",\"target\":{\"@type\":\"EntryPoint\",\"urlTemplate\":\"https:\/\/myfitmenu.es\/?s={search_term_string}\"},\"query-input\":{\"@type\":\"PropertyValueSpecification\",\"valueRequired\":true,\"valueName\":\"search_term_string\"}}],\"inLanguage\":\"en-GB\"}]}<\/script>\n<!-- \/ Yoast SEO plugin. -->","yoast_head_json":{"title":"Vitamina E Haya Labs 400 IU 100 softgels - My Fit Menu","robots":{"index":"index","follow":"follow","max-snippet":"max-snippet:-1","max-image-preview":"max-image-preview:large","max-video-preview":"max-video-preview:-1"},"canonical":"https:\/\/myfitmenu.es\/en\/vitaminas-y-minerales-2\/vitamina-e-haya-labs-400-iu-100-softgels\/","og_locale":"en_GB","og_type":"article","og_title":"Vitamina E Haya Labs 400 IU 100 softgels - My Fit Menu","og_description":"La Vitamina E 400 UI de Haya Labs es un producto 100% natural que incluye los cuatro componentes de los tocoferoles, formando una f\u00f3rmula de suplemento completa.La vitamina E en su forma natural es la versi\u00f3n m\u00e1s potente y activa de este antioxidante, ya que el cuerpo la absorbe de manera m\u00e1s eficiente. En esta f\u00f3rmula, la vitamina E se extrae del aceite de soja, lo que la hace considerablemente m\u00e1s potente que su versi\u00f3n sint\u00e9tica.","og_url":"https:\/\/myfitmenu.es\/en\/vitaminas-y-minerales-2\/vitamina-e-haya-labs-400-iu-100-softgels\/","og_site_name":"My Fit Menu","article_modified_time":"2025-07-17T18:11:34+00:00","og_image":[{"width":458,"height":458,"url":"https:\/\/myfitmenu.es\/wp-content\/uploads\/2024\/07\/vitamina-e-400-ui-100-caps-1-thumbnail-2000x2000-80.jpg","type":"image\/jpeg"}],"twitter_card":"summary_large_image","twitter_misc":{"Estimated reading time":"2 minutes"},"schema":{"@context":"https:\/\/schema.org","@graph":[{"@type":"WebPage","@id":"https:\/\/myfitmenu.es\/vitaminas-y-minerales-2\/vitamina-e-haya-labs-400-iu-100-softgels\/","url":"https:\/\/myfitmenu.es\/vitaminas-y-minerales-2\/vitamina-e-haya-labs-400-iu-100-softgels\/","name":"Vitamina E Haya Labs 400 IU 100 softgels - My Fit Menu","isPartOf":{"@id":"https:\/\/myfitmenu.es\/#website"},"primaryImageOfPage":{"@id":"https:\/\/myfitmenu.es\/vitaminas-y-minerales-2\/vitamina-e-haya-labs-400-iu-100-softgels\/#primaryimage"},"image":{"@id":"https:\/\/myfitmenu.es\/vitaminas-y-minerales-2\/vitamina-e-haya-labs-400-iu-100-softgels\/#primaryimage"},"thumbnailUrl":"https:\/\/myfitmenu.es\/wp-content\/uploads\/2024\/07\/vitamina-e-400-ui-100-caps-1-thumbnail-2000x2000-80.jpg","datePublished":"2024-07-27T11:21:48+00:00","dateModified":"2025-07-17T18:11:34+00:00","breadcrumb":{"@id":"https:\/\/myfitmenu.es\/vitaminas-y-minerales-2\/vitamina-e-haya-labs-400-iu-100-softgels\/#breadcrumb"},"inLanguage":"en-GB","potentialAction":[{"@type":"ReadAction","target":["https:\/\/myfitmenu.es\/vitaminas-y-minerales-2\/vitamina-e-haya-labs-400-iu-100-softgels\/"]}]},{"@type":"ImageObject","inLanguage":"en-GB","@id":"https:\/\/myfitmenu.es\/vitaminas-y-minerales-2\/vitamina-e-haya-labs-400-iu-100-softgels\/#primaryimage","url":"https:\/\/myfitmenu.es\/wp-content\/uploads\/2024\/07\/vitamina-e-400-ui-100-caps-1-thumbnail-2000x2000-80.jpg","contentUrl":"https:\/\/myfitmenu.es\/wp-content\/uploads\/2024\/07\/vitamina-e-400-ui-100-caps-1-thumbnail-2000x2000-80.jpg","width":458,"height":458},{"@type":"BreadcrumbList","@id":"https:\/\/myfitmenu.es\/vitaminas-y-minerales-2\/vitamina-e-haya-labs-400-iu-100-softgels\/#breadcrumb","itemListElement":[{"@type":"ListItem","position":1,"name":"Portada","item":"https:\/\/myfitmenu.es\/"},{"@type":"ListItem","position":2,"name":"Shop","item":"http:\/\/myfitmenu.es\/en\/shop\/"},{"@type":"ListItem","position":3,"name":"Vitamina E Haya Labs 400 IU 100 softgels"}]},{"@type":"WebSite","@id":"https:\/\/myfitmenu.es\/#website","url":"https:\/\/myfitmenu.es\/","name":"My Fit Menu","description":"","potentialAction":[{"@type":"SearchAction","target":{"@type":"EntryPoint","urlTemplate":"https:\/\/myfitmenu.es\/?s={search_term_string}"},"query-input":{"@type":"PropertyValueSpecification","valueRequired":true,"valueName":"search_term_string"}}],"inLanguage":"en-GB"}]}},"_links":{"self":[{"href":"https:\/\/myfitmenu.es\/en\/wp-json\/wp\/v2\/product\/18701","targetHints":{"allow":["GET"]}}],"collection":[{"href":"https:\/\/myfitmenu.es\/en\/wp-json\/wp\/v2\/product"}],"about":[{"href":"https:\/\/myfitmenu.es\/en\/wp-json\/wp\/v2\/types\/product"}],"replies":[{"embeddable":true,"href":"https:\/\/myfitmenu.es\/en\/wp-json\/wp\/v2\/comments?post=18701"}],"version-history":[{"count":1,"href":"https:\/\/myfitmenu.es\/en\/wp-json\/wp\/v2\/product\/18701\/revisions"}],"predecessor-version":[{"id":18818,"href":"https:\/\/myfitmenu.es\/en\/wp-json\/wp\/v2\/product\/18701\/revisions\/18818"}],"wp:featuredmedia":[{"embeddable":true,"href":"https:\/\/myfitmenu.es\/en\/wp-json\/wp\/v2\/media\/18702"}],"wp:attachment":[{"href":"https:\/\/myfitmenu.es\/en\/wp-json\/wp\/v2\/media?parent=18701"}],"wp:term":[{"taxonomy":"product_brand","embeddable":true,"href":"https:\/\/myfitmenu.es\/en\/wp-json\/wp\/v2\/product_brand?post=18701"},{"taxonomy":"product_cat","embeddable":true,"href":"https:\/\/myfitmenu.es\/en\/wp-json\/wp\/v2\/product_cat?post=18701"},{"taxonomy":"product_tag","embeddable":true,"href":"https:\/\/myfitmenu.es\/en\/wp-json\/wp\/v2\/product_tag?post=18701"}],"curies":[{"name":"wp","href":"https:\/\/api.w.org\/{rel}","templated":true}]}}