{"id":18621,"date":"2024-07-25T10:56:53","date_gmt":"2024-07-25T10:56:53","guid":{"rendered":"https:\/\/myfitmenu.es\/producto\/isolate-zero-golden-choco-monky-900gr\/"},"modified":"2026-01-07T12:15:00","modified_gmt":"2026-01-07T12:15:00","slug":"isolate-zero-golden-choco-monky-900gr","status":"publish","type":"product","link":"https:\/\/myfitmenu.es\/en\/proteinas-2\/isolate-zero-golden-choco-monky-900gr\/","title":{"rendered":"Isolate Zero Golden choco monky 900g"},"content":{"rendered":"<p><\/p>\n<h2><strong>What is Isolate Gourmet Choco Monky Life Pro?<\/strong><\/h2>\n<p>Isolate Gourmet Choco Monky is a protein isolate designed with the delicious taste of a chocolate bar, offering over 83% of protein. This supplement is of high quality and purity, helping to meet your daily protein requirements.<\/p>\n<p>The protein used in Isolate Gourmet Choco Monky is of high biological value, containing all the essential amino acids needed by the body. This product uses Lacprodan SP-Instant whey protein isolate, a patented formula that is free of sugars and fats. In addition, Digezyme digestive enzyme complex has been incorporated to improve digestion.<\/p>\n<h2><strong>The flavour of Isolate Gourmet Choco Monky<\/strong><\/h2>\n<p>The exquisite chocolate taste has been achieved by combining the following ingredients:<\/p>\n<ul>\n<li>\n<p><strong>Alkalised cocoa<\/strong>This type of cocoa is less bitter and retains all its natural properties, including its antioxidant capacity and its positive effect on mood.<\/p>\n<\/li>\n<li>\n<p><strong>Caramelised speculoos biscuits<\/strong>These biscuits provide a unique and characteristic taste that makes this protein a pleasure for the palate, while maintaining healthy habits.<\/p>\n<\/li>\n<li>\n<p><strong>Sucralose<\/strong>A zero-calorie sweetener that does not cause insulin spikes and enhances sweetness without adding extra calories.<\/p>\n<\/li>\n<\/ul>\n<h2><strong>Benefits of Isolate Gourmet Choco Monky Life Pro<\/strong><\/h2>\n<ul>\n<li>Promotes the maintenance and gain of muscle mass.<\/li>\n<li>Improves performance and recovery of damaged muscle fibres.<\/li>\n<li>It is a source of high quality, high purity protein isolate.<\/li>\n<li>It provides the 9 essential amino acids needed by the body.<\/li>\n<li>Enriched with Digezyme, a digestive enzyme complex that prevents stomach upset and aids digestion.<\/li>\n<li>Low in fat and carbohydrates.<\/li>\n<li>Sweetened with sucralose, making it suitable for people looking to avoid extra calories.<\/li>\n<li>Suitable for lactose intolerant people.<\/li>\n<\/ul>\n<h2><strong>Properties of Isolate Gourmet Choco Monky<\/strong><\/h2>\n<ul>\n<li><strong>Source of high quality, high purity protein<\/strong>Formulated with Lacprodan\u00ae SP-Instant whey protein isolate, which is rapidly absorbed, aiding in the gain and maintenance of muscle mass, as well as the repair of damaged muscle fibres.<\/li>\n<li><strong>Low in lactose, fat and carbohydrates<\/strong>Ideal for those looking for a pure protein without any additional components.<\/li>\n<li><strong>Enriched with Digezyme<\/strong>This enzyme complex facilitates the digestion of fats, proteins and carbohydrates, improving nutrient absorption and helping those with reduced enzyme levels.<\/li>\n<\/ul>\n<h3><strong>Instructions for use<\/strong><\/h3>\n<p>Dissolve 30 g (1 scoop) in water, milk or vegetable drink of choice (200 ml - 250 ml). It is recommended to take 1-2 times a day, preferably at breakfast and after training, depending on individual requirements.<\/p>\n<p><\/p>\n<p><\/p>","protected":false},"excerpt":{"rendered":"<p><strong>Life Pro Isolate Gourmet Choco Monky.<\/strong><span> Protein isolate designed by Life Pro. New flavour to your favourite chocolate bar. Made with protein from\u00a0<\/span><strong>buttermilk Lacprodan\u00a0<\/strong><span>SP-Instant.<\/span><\/p>","protected":false},"featured_media":18622,"comment_status":"open","ping_status":"closed","template":"","meta":{"inline_featured_image":false},"product_brand":[],"product_cat":[342,160],"product_tag":[],"class_list":{"0":"post-18621","1":"product","2":"type-product","3":"status-publish","4":"has-post-thumbnail","6":"product_cat-proteina-iso","7":"product_cat-proteinas-2","8":"pa_sa_textura-talla-unica","10":"first","11":"outofstock","12":"purchasable","13":"product-type-simple"},"acf":[],"yoast_head":"<!-- This site is optimized with the Yoast SEO plugin v27.1.1 - https:\/\/yoast.com\/product\/yoast-seo-wordpress\/ -->\n<title>Isolate Zero Golden choco monky 900gr - My Fit Menu<\/title>\n<meta name=\"robots\" content=\"index, follow, max-snippet:-1, max-image-preview:large, max-video-preview:-1\" \/>\n<link rel=\"canonical\" href=\"https:\/\/myfitmenu.es\/en\/proteina-iso\/isolate-zero-golden-choco-monky-900gr\/\" \/>\n<meta property=\"og:locale\" content=\"en_GB\" \/>\n<meta property=\"og:type\" content=\"article\" \/>\n<meta property=\"og:title\" content=\"Isolate Zero Golden choco monky 900gr - My Fit Menu\" \/>\n<meta property=\"og:description\" content=\"Life Pro Isolate Gourmet Choco Monky. Prote\u00edna aislada dise\u00f1ada por Life Pro. Nuevo sabor a tu tableta de chocolate preferida. Elaborada con prote\u00edna de\u00a0suero de leche Lacprodan\u00a0SP-Instant.\" \/>\n<meta property=\"og:url\" content=\"https:\/\/myfitmenu.es\/en\/proteina-iso\/isolate-zero-golden-choco-monky-900gr\/\" \/>\n<meta property=\"og:site_name\" content=\"My Fit Menu\" \/>\n<meta property=\"article:modified_time\" content=\"2026-01-07T12:15:00+00:00\" \/>\n<meta property=\"og:image\" content=\"https:\/\/myfitmenu.es\/wp-content\/uploads\/2024\/07\/25072024105201.regalo_25.png-thumbnail-2000x2000-1.webp\" \/>\n\t<meta property=\"og:image:width\" content=\"1080\" \/>\n\t<meta property=\"og:image:height\" content=\"1080\" \/>\n\t<meta property=\"og:image:type\" content=\"image\/webp\" \/>\n<meta name=\"twitter:card\" content=\"summary_large_image\" \/>\n<meta name=\"twitter:label1\" content=\"Estimated reading time\" \/>\n\t<meta name=\"twitter:data1\" content=\"2 minutes\" \/>\n<script type=\"application\/ld+json\" class=\"yoast-schema-graph\">{\"@context\":\"https:\/\/schema.org\",\"@graph\":[{\"@type\":\"WebPage\",\"@id\":\"https:\/\/myfitmenu.es\/proteina-iso\/isolate-zero-golden-choco-monky-900gr\/\",\"url\":\"https:\/\/myfitmenu.es\/proteina-iso\/isolate-zero-golden-choco-monky-900gr\/\",\"name\":\"Isolate Zero Golden choco monky 900gr - My Fit Menu\",\"isPartOf\":{\"@id\":\"https:\/\/myfitmenu.es\/#website\"},\"primaryImageOfPage\":{\"@id\":\"https:\/\/myfitmenu.es\/proteina-iso\/isolate-zero-golden-choco-monky-900gr\/#primaryimage\"},\"image\":{\"@id\":\"https:\/\/myfitmenu.es\/proteina-iso\/isolate-zero-golden-choco-monky-900gr\/#primaryimage\"},\"thumbnailUrl\":\"https:\/\/myfitmenu.es\/wp-content\/uploads\/2024\/07\/25072024105201.regalo_25.png-thumbnail-2000x2000-1.webp\",\"datePublished\":\"2024-07-25T10:56:53+00:00\",\"dateModified\":\"2026-01-07T12:15:00+00:00\",\"breadcrumb\":{\"@id\":\"https:\/\/myfitmenu.es\/proteina-iso\/isolate-zero-golden-choco-monky-900gr\/#breadcrumb\"},\"inLanguage\":\"en-GB\",\"potentialAction\":[{\"@type\":\"ReadAction\",\"target\":[\"https:\/\/myfitmenu.es\/proteina-iso\/isolate-zero-golden-choco-monky-900gr\/\"]}]},{\"@type\":\"ImageObject\",\"inLanguage\":\"en-GB\",\"@id\":\"https:\/\/myfitmenu.es\/proteina-iso\/isolate-zero-golden-choco-monky-900gr\/#primaryimage\",\"url\":\"https:\/\/myfitmenu.es\/wp-content\/uploads\/2024\/07\/25072024105201.regalo_25.png-thumbnail-2000x2000-1.webp\",\"contentUrl\":\"https:\/\/myfitmenu.es\/wp-content\/uploads\/2024\/07\/25072024105201.regalo_25.png-thumbnail-2000x2000-1.webp\",\"width\":1080,\"height\":1080},{\"@type\":\"BreadcrumbList\",\"@id\":\"https:\/\/myfitmenu.es\/proteina-iso\/isolate-zero-golden-choco-monky-900gr\/#breadcrumb\",\"itemListElement\":[{\"@type\":\"ListItem\",\"position\":1,\"name\":\"Portada\",\"item\":\"https:\/\/myfitmenu.es\/\"},{\"@type\":\"ListItem\",\"position\":2,\"name\":\"Shop\",\"item\":\"http:\/\/myfitmenu.es\/en\/shop\/\"},{\"@type\":\"ListItem\",\"position\":3,\"name\":\"Isolate Zero Golden choco monky 900gr\"}]},{\"@type\":\"WebSite\",\"@id\":\"https:\/\/myfitmenu.es\/#website\",\"url\":\"https:\/\/myfitmenu.es\/\",\"name\":\"My Fit Menu\",\"description\":\"\",\"potentialAction\":[{\"@type\":\"SearchAction\",\"target\":{\"@type\":\"EntryPoint\",\"urlTemplate\":\"https:\/\/myfitmenu.es\/?s={search_term_string}\"},\"query-input\":{\"@type\":\"PropertyValueSpecification\",\"valueRequired\":true,\"valueName\":\"search_term_string\"}}],\"inLanguage\":\"en-GB\"}]}<\/script>\n<!-- \/ Yoast SEO plugin. -->","yoast_head_json":{"title":"Isolate Zero Golden choco monky 900gr - My Fit Menu","robots":{"index":"index","follow":"follow","max-snippet":"max-snippet:-1","max-image-preview":"max-image-preview:large","max-video-preview":"max-video-preview:-1"},"canonical":"https:\/\/myfitmenu.es\/en\/proteina-iso\/isolate-zero-golden-choco-monky-900gr\/","og_locale":"en_GB","og_type":"article","og_title":"Isolate Zero Golden choco monky 900gr - My Fit Menu","og_description":"Life Pro Isolate Gourmet Choco Monky. Prote\u00edna aislada dise\u00f1ada por Life Pro. Nuevo sabor a tu tableta de chocolate preferida. Elaborada con prote\u00edna de\u00a0suero de leche Lacprodan\u00a0SP-Instant.","og_url":"https:\/\/myfitmenu.es\/en\/proteina-iso\/isolate-zero-golden-choco-monky-900gr\/","og_site_name":"My Fit Menu","article_modified_time":"2026-01-07T12:15:00+00:00","og_image":[{"width":1080,"height":1080,"url":"https:\/\/myfitmenu.es\/wp-content\/uploads\/2024\/07\/25072024105201.regalo_25.png-thumbnail-2000x2000-1.webp","type":"image\/webp"}],"twitter_card":"summary_large_image","twitter_misc":{"Estimated reading time":"2 minutes"},"schema":{"@context":"https:\/\/schema.org","@graph":[{"@type":"WebPage","@id":"https:\/\/myfitmenu.es\/proteina-iso\/isolate-zero-golden-choco-monky-900gr\/","url":"https:\/\/myfitmenu.es\/proteina-iso\/isolate-zero-golden-choco-monky-900gr\/","name":"Isolate Zero Golden choco monky 900gr - My Fit Menu","isPartOf":{"@id":"https:\/\/myfitmenu.es\/#website"},"primaryImageOfPage":{"@id":"https:\/\/myfitmenu.es\/proteina-iso\/isolate-zero-golden-choco-monky-900gr\/#primaryimage"},"image":{"@id":"https:\/\/myfitmenu.es\/proteina-iso\/isolate-zero-golden-choco-monky-900gr\/#primaryimage"},"thumbnailUrl":"https:\/\/myfitmenu.es\/wp-content\/uploads\/2024\/07\/25072024105201.regalo_25.png-thumbnail-2000x2000-1.webp","datePublished":"2024-07-25T10:56:53+00:00","dateModified":"2026-01-07T12:15:00+00:00","breadcrumb":{"@id":"https:\/\/myfitmenu.es\/proteina-iso\/isolate-zero-golden-choco-monky-900gr\/#breadcrumb"},"inLanguage":"en-GB","potentialAction":[{"@type":"ReadAction","target":["https:\/\/myfitmenu.es\/proteina-iso\/isolate-zero-golden-choco-monky-900gr\/"]}]},{"@type":"ImageObject","inLanguage":"en-GB","@id":"https:\/\/myfitmenu.es\/proteina-iso\/isolate-zero-golden-choco-monky-900gr\/#primaryimage","url":"https:\/\/myfitmenu.es\/wp-content\/uploads\/2024\/07\/25072024105201.regalo_25.png-thumbnail-2000x2000-1.webp","contentUrl":"https:\/\/myfitmenu.es\/wp-content\/uploads\/2024\/07\/25072024105201.regalo_25.png-thumbnail-2000x2000-1.webp","width":1080,"height":1080},{"@type":"BreadcrumbList","@id":"https:\/\/myfitmenu.es\/proteina-iso\/isolate-zero-golden-choco-monky-900gr\/#breadcrumb","itemListElement":[{"@type":"ListItem","position":1,"name":"Portada","item":"https:\/\/myfitmenu.es\/"},{"@type":"ListItem","position":2,"name":"Shop","item":"http:\/\/myfitmenu.es\/en\/shop\/"},{"@type":"ListItem","position":3,"name":"Isolate Zero Golden choco monky 900gr"}]},{"@type":"WebSite","@id":"https:\/\/myfitmenu.es\/#website","url":"https:\/\/myfitmenu.es\/","name":"My Fit Menu","description":"","potentialAction":[{"@type":"SearchAction","target":{"@type":"EntryPoint","urlTemplate":"https:\/\/myfitmenu.es\/?s={search_term_string}"},"query-input":{"@type":"PropertyValueSpecification","valueRequired":true,"valueName":"search_term_string"}}],"inLanguage":"en-GB"}]}},"_links":{"self":[{"href":"https:\/\/myfitmenu.es\/en\/wp-json\/wp\/v2\/product\/18621","targetHints":{"allow":["GET"]}}],"collection":[{"href":"https:\/\/myfitmenu.es\/en\/wp-json\/wp\/v2\/product"}],"about":[{"href":"https:\/\/myfitmenu.es\/en\/wp-json\/wp\/v2\/types\/product"}],"replies":[{"embeddable":true,"href":"https:\/\/myfitmenu.es\/en\/wp-json\/wp\/v2\/comments?post=18621"}],"version-history":[{"count":1,"href":"https:\/\/myfitmenu.es\/en\/wp-json\/wp\/v2\/product\/18621\/revisions"}],"predecessor-version":[{"id":18826,"href":"https:\/\/myfitmenu.es\/en\/wp-json\/wp\/v2\/product\/18621\/revisions\/18826"}],"wp:featuredmedia":[{"embeddable":true,"href":"https:\/\/myfitmenu.es\/en\/wp-json\/wp\/v2\/media\/18622"}],"wp:attachment":[{"href":"https:\/\/myfitmenu.es\/en\/wp-json\/wp\/v2\/media?parent=18621"}],"wp:term":[{"taxonomy":"product_brand","embeddable":true,"href":"https:\/\/myfitmenu.es\/en\/wp-json\/wp\/v2\/product_brand?post=18621"},{"taxonomy":"product_cat","embeddable":true,"href":"https:\/\/myfitmenu.es\/en\/wp-json\/wp\/v2\/product_cat?post=18621"},{"taxonomy":"product_tag","embeddable":true,"href":"https:\/\/myfitmenu.es\/en\/wp-json\/wp\/v2\/product_tag?post=18621"}],"curies":[{"name":"wp","href":"https:\/\/api.w.org\/{rel}","templated":true}]}}