{"id":18546,"date":"2024-07-22T19:47:48","date_gmt":"2024-07-22T19:47:48","guid":{"rendered":"https:\/\/myfitmenu.es\/producto\/creatine-monohydrate-applied-nutrition-250gr\/"},"modified":"2026-04-30T09:53:09","modified_gmt":"2026-04-30T09:53:09","slug":"creatina-monohidrato-applied-nutrition-250gr","status":"publish","type":"product","link":"https:\/\/myfitmenu.es\/en\/linea-saludable\/creatina-monohidrato-applied-nutrition-250gr\/","title":{"rendered":"Creatina monohidrato Applied Nutrition 250gr"},"content":{"rendered":"<p><span><b>Micronised creatine monohydrate Applied Nutrition<\/b><\/span><\/p>\n<p>Applied Nutrition Creatine Monohydrate maximises physical performance and increases muscle mass gain in athletes. A pure and easily absorbed supplement made up of 100% micronised Creatine Monohydrate.<\/p>\n<\/p>\n<p>Creatine is a natural substance that the human body itself is capable of synthesising, however, the body's capacity to synthesise creatine is limited to approximately 1 gram per day, so the rest of the creatine our body needs must be consumed through diet.<\/p>\n<\/p>\n<p>High quality powdered supplement featuring one of the most popular elements to support intense workouts, whether long or short sessions.<\/p>\n<\/p>\n<p>It has no taste, mixes easily with water or shakes.<\/p>\n<\/p>\n<p>Pack of 500 g.<\/p>\n<\/p>\n<p>Contains no additives.<\/p>\n<\/p>\n<p>Halal certified product.<\/p>\n<\/p>\n<p>Applied Nutrition's Creatine Monohydrate Micronized is tested for athletes. Each ingredient within the batch undergoes rigorous screening and testing for banned substances prior to production under a monitored programme. The final products are then produced and packaged in an ISO 22000, BRC, GMP and Halal accredited laboratory to provide the highest level of assurance for athletes to use.<\/p>\n<\/p>\n<p><b>What is Applied Nutrition Creatine Monohydrate used for?<\/b><\/p>\n<p>It provides our body with energy quickly. When training intensely, creatine supplementation will help you to perform more efforts (more repetitions, for example), which will consequently increase performance and muscle mass. Studies report that increased creatine levels delay fatigue, increase energy metabolism in muscle cells and will improve training capacity.<\/p>\n<\/p>\n<p>Ideal for anyone who performs prolonged or high intensity exercise and is looking to improve physical performance.<\/p>\n<\/p>\n<p><b>How and when to take it?<\/b><\/p>\n<p>It is recommended to add 1 serving (5g) to water or shake, shake and consume. Take 1 or 2 times a day preferably directly before and after exercise, depending on the intensity and duration of the workout. After 8 weeks of continuous use, take 1 week off and start the cycle again.<\/p>\n<\/p>\n<p>Full Nutritional Information for Applied Creatine<\/p>\n<p>Ingredients: 100 % Micronised Creatine Monohydrate<\/p>\n<\/p>\n<p>5 g per serving<\/p>\n<\/p>\n<p>Warnings: Consult a qualified healthcare professional before using this product if you are under 18 years of age, pregnant or nursing a baby, or if you have any known or suspected medical condition or are taking prescription or over-the-counter medications. Not to be used as a substitute for a varied diet and healthy lifestyle. Store this product in a cool, dry place away from children. Do not exceed the suggested use.<\/p>","protected":false},"excerpt":{"rendered":"<p><span>Applied Nutrition Creatine Monohydrate maximises physical performance and increases muscle mass gain in athletes. A pure and easily absorbed supplement made up of 100% micronised Creatine Monohydrate.<\/span><\/p>","protected":false},"featured_media":18547,"comment_status":"open","ping_status":"closed","template":"","meta":{"inline_featured_image":false},"product_brand":[],"product_cat":[42],"product_tag":[],"class_list":{"0":"post-18546","1":"product","2":"type-product","3":"status-publish","4":"has-post-thumbnail","6":"product_cat-linea-saludable","7":"pa_sa_color_unico-color-unico","8":"pa_sa_talla_unica-talla-unica","10":"first","11":"instock","12":"purchasable","13":"product-type-simple"},"acf":[],"yoast_head":"<!-- This site is optimized with the Yoast SEO plugin v27.1.1 - https:\/\/yoast.com\/product\/yoast-seo-wordpress\/ -->\n<title>Creatina monohidrato Applied Nutrition 250gr - My Fit Menu<\/title>\n<meta name=\"robots\" content=\"index, follow, max-snippet:-1, max-image-preview:large, max-video-preview:-1\" \/>\n<link rel=\"canonical\" href=\"https:\/\/myfitmenu.es\/en\/suplementacion-online\/creatina-monohidrato-applied-nutrition-250gr\/\" \/>\n<meta property=\"og:locale\" content=\"en_GB\" \/>\n<meta property=\"og:type\" content=\"article\" \/>\n<meta property=\"og:title\" content=\"Creatina monohidrato Applied Nutrition 250gr - My Fit Menu\" \/>\n<meta property=\"og:description\" content=\"Applied Nutrition Creatina Monohidratada maximiza el rendimiento f\u00edsico y aumenta la ganancia de masa muscular en deportistas. Un suplemento puro y de f\u00e1cil absorci\u00f3n compuesto 100% por Creatina de monohidrato micronizada.\" \/>\n<meta property=\"og:url\" content=\"https:\/\/myfitmenu.es\/en\/suplementacion-online\/creatina-monohidrato-applied-nutrition-250gr\/\" \/>\n<meta property=\"og:site_name\" content=\"My Fit Menu\" \/>\n<meta property=\"article:modified_time\" content=\"2026-04-30T09:53:09+00:00\" \/>\n<meta property=\"og:image\" content=\"https:\/\/myfitmenu.es\/wp-content\/uploads\/2024\/07\/creatina-monohidrato-250g-apllied-nutrition.jpg-thumbnail-2000x2000-1.png\" \/>\n\t<meta property=\"og:image:width\" content=\"490\" \/>\n\t<meta property=\"og:image:height\" content=\"490\" \/>\n\t<meta property=\"og:image:type\" content=\"image\/png\" \/>\n<meta name=\"twitter:card\" content=\"summary_large_image\" \/>\n<meta name=\"twitter:label1\" content=\"Estimated reading time\" \/>\n\t<meta name=\"twitter:data1\" content=\"2 minutes\" \/>\n<script type=\"application\/ld+json\" class=\"yoast-schema-graph\">{\"@context\":\"https:\/\/schema.org\",\"@graph\":[{\"@type\":\"WebPage\",\"@id\":\"https:\/\/myfitmenu.es\/suplementacion-online\/creatina-monohidrato-applied-nutrition-250gr\/\",\"url\":\"https:\/\/myfitmenu.es\/suplementacion-online\/creatina-monohidrato-applied-nutrition-250gr\/\",\"name\":\"Creatina monohidrato Applied Nutrition 250gr - My Fit Menu\",\"isPartOf\":{\"@id\":\"https:\/\/myfitmenu.es\/#website\"},\"primaryImageOfPage\":{\"@id\":\"https:\/\/myfitmenu.es\/suplementacion-online\/creatina-monohidrato-applied-nutrition-250gr\/#primaryimage\"},\"image\":{\"@id\":\"https:\/\/myfitmenu.es\/suplementacion-online\/creatina-monohidrato-applied-nutrition-250gr\/#primaryimage\"},\"thumbnailUrl\":\"https:\/\/myfitmenu.es\/wp-content\/uploads\/2024\/07\/creatina-monohidrato-250g-apllied-nutrition.jpg-thumbnail-2000x2000-1.png\",\"datePublished\":\"2024-07-22T19:47:48+00:00\",\"dateModified\":\"2026-04-30T09:53:09+00:00\",\"breadcrumb\":{\"@id\":\"https:\/\/myfitmenu.es\/suplementacion-online\/creatina-monohidrato-applied-nutrition-250gr\/#breadcrumb\"},\"inLanguage\":\"en-GB\",\"potentialAction\":[{\"@type\":\"ReadAction\",\"target\":[\"https:\/\/myfitmenu.es\/suplementacion-online\/creatina-monohidrato-applied-nutrition-250gr\/\"]}]},{\"@type\":\"ImageObject\",\"inLanguage\":\"en-GB\",\"@id\":\"https:\/\/myfitmenu.es\/suplementacion-online\/creatina-monohidrato-applied-nutrition-250gr\/#primaryimage\",\"url\":\"https:\/\/myfitmenu.es\/wp-content\/uploads\/2024\/07\/creatina-monohidrato-250g-apllied-nutrition.jpg-thumbnail-2000x2000-1.png\",\"contentUrl\":\"https:\/\/myfitmenu.es\/wp-content\/uploads\/2024\/07\/creatina-monohidrato-250g-apllied-nutrition.jpg-thumbnail-2000x2000-1.png\",\"width\":490,\"height\":490},{\"@type\":\"BreadcrumbList\",\"@id\":\"https:\/\/myfitmenu.es\/suplementacion-online\/creatina-monohidrato-applied-nutrition-250gr\/#breadcrumb\",\"itemListElement\":[{\"@type\":\"ListItem\",\"position\":1,\"name\":\"Portada\",\"item\":\"https:\/\/myfitmenu.es\/\"},{\"@type\":\"ListItem\",\"position\":2,\"name\":\"Shop\",\"item\":\"http:\/\/myfitmenu.es\/en\/shop\/\"},{\"@type\":\"ListItem\",\"position\":3,\"name\":\"Creatina monohidrato Applied Nutrition 250gr\"}]},{\"@type\":\"WebSite\",\"@id\":\"https:\/\/myfitmenu.es\/#website\",\"url\":\"https:\/\/myfitmenu.es\/\",\"name\":\"My Fit Menu\",\"description\":\"\",\"potentialAction\":[{\"@type\":\"SearchAction\",\"target\":{\"@type\":\"EntryPoint\",\"urlTemplate\":\"https:\/\/myfitmenu.es\/?s={search_term_string}\"},\"query-input\":{\"@type\":\"PropertyValueSpecification\",\"valueRequired\":true,\"valueName\":\"search_term_string\"}}],\"inLanguage\":\"en-GB\"}]}<\/script>\n<!-- \/ Yoast SEO plugin. -->","yoast_head_json":{"title":"Creatina monohidrato Applied Nutrition 250gr - My Fit Menu","robots":{"index":"index","follow":"follow","max-snippet":"max-snippet:-1","max-image-preview":"max-image-preview:large","max-video-preview":"max-video-preview:-1"},"canonical":"https:\/\/myfitmenu.es\/en\/suplementacion-online\/creatina-monohidrato-applied-nutrition-250gr\/","og_locale":"en_GB","og_type":"article","og_title":"Creatina monohidrato Applied Nutrition 250gr - My Fit Menu","og_description":"Applied Nutrition Creatina Monohidratada maximiza el rendimiento f\u00edsico y aumenta la ganancia de masa muscular en deportistas. Un suplemento puro y de f\u00e1cil absorci\u00f3n compuesto 100% por Creatina de monohidrato micronizada.","og_url":"https:\/\/myfitmenu.es\/en\/suplementacion-online\/creatina-monohidrato-applied-nutrition-250gr\/","og_site_name":"My Fit Menu","article_modified_time":"2026-04-30T09:53:09+00:00","og_image":[{"width":490,"height":490,"url":"https:\/\/myfitmenu.es\/wp-content\/uploads\/2024\/07\/creatina-monohidrato-250g-apllied-nutrition.jpg-thumbnail-2000x2000-1.png","type":"image\/png"}],"twitter_card":"summary_large_image","twitter_misc":{"Estimated reading time":"2 minutes"},"schema":{"@context":"https:\/\/schema.org","@graph":[{"@type":"WebPage","@id":"https:\/\/myfitmenu.es\/suplementacion-online\/creatina-monohidrato-applied-nutrition-250gr\/","url":"https:\/\/myfitmenu.es\/suplementacion-online\/creatina-monohidrato-applied-nutrition-250gr\/","name":"Creatina monohidrato Applied Nutrition 250gr - My Fit Menu","isPartOf":{"@id":"https:\/\/myfitmenu.es\/#website"},"primaryImageOfPage":{"@id":"https:\/\/myfitmenu.es\/suplementacion-online\/creatina-monohidrato-applied-nutrition-250gr\/#primaryimage"},"image":{"@id":"https:\/\/myfitmenu.es\/suplementacion-online\/creatina-monohidrato-applied-nutrition-250gr\/#primaryimage"},"thumbnailUrl":"https:\/\/myfitmenu.es\/wp-content\/uploads\/2024\/07\/creatina-monohidrato-250g-apllied-nutrition.jpg-thumbnail-2000x2000-1.png","datePublished":"2024-07-22T19:47:48+00:00","dateModified":"2026-04-30T09:53:09+00:00","breadcrumb":{"@id":"https:\/\/myfitmenu.es\/suplementacion-online\/creatina-monohidrato-applied-nutrition-250gr\/#breadcrumb"},"inLanguage":"en-GB","potentialAction":[{"@type":"ReadAction","target":["https:\/\/myfitmenu.es\/suplementacion-online\/creatina-monohidrato-applied-nutrition-250gr\/"]}]},{"@type":"ImageObject","inLanguage":"en-GB","@id":"https:\/\/myfitmenu.es\/suplementacion-online\/creatina-monohidrato-applied-nutrition-250gr\/#primaryimage","url":"https:\/\/myfitmenu.es\/wp-content\/uploads\/2024\/07\/creatina-monohidrato-250g-apllied-nutrition.jpg-thumbnail-2000x2000-1.png","contentUrl":"https:\/\/myfitmenu.es\/wp-content\/uploads\/2024\/07\/creatina-monohidrato-250g-apllied-nutrition.jpg-thumbnail-2000x2000-1.png","width":490,"height":490},{"@type":"BreadcrumbList","@id":"https:\/\/myfitmenu.es\/suplementacion-online\/creatina-monohidrato-applied-nutrition-250gr\/#breadcrumb","itemListElement":[{"@type":"ListItem","position":1,"name":"Portada","item":"https:\/\/myfitmenu.es\/"},{"@type":"ListItem","position":2,"name":"Shop","item":"http:\/\/myfitmenu.es\/en\/shop\/"},{"@type":"ListItem","position":3,"name":"Creatina monohidrato Applied Nutrition 250gr"}]},{"@type":"WebSite","@id":"https:\/\/myfitmenu.es\/#website","url":"https:\/\/myfitmenu.es\/","name":"My Fit Menu","description":"","potentialAction":[{"@type":"SearchAction","target":{"@type":"EntryPoint","urlTemplate":"https:\/\/myfitmenu.es\/?s={search_term_string}"},"query-input":{"@type":"PropertyValueSpecification","valueRequired":true,"valueName":"search_term_string"}}],"inLanguage":"en-GB"}]}},"_links":{"self":[{"href":"https:\/\/myfitmenu.es\/en\/wp-json\/wp\/v2\/product\/18546","targetHints":{"allow":["GET"]}}],"collection":[{"href":"https:\/\/myfitmenu.es\/en\/wp-json\/wp\/v2\/product"}],"about":[{"href":"https:\/\/myfitmenu.es\/en\/wp-json\/wp\/v2\/types\/product"}],"replies":[{"embeddable":true,"href":"https:\/\/myfitmenu.es\/en\/wp-json\/wp\/v2\/comments?post=18546"}],"version-history":[{"count":2,"href":"https:\/\/myfitmenu.es\/en\/wp-json\/wp\/v2\/product\/18546\/revisions"}],"predecessor-version":[{"id":20961,"href":"https:\/\/myfitmenu.es\/en\/wp-json\/wp\/v2\/product\/18546\/revisions\/20961"}],"wp:featuredmedia":[{"embeddable":true,"href":"https:\/\/myfitmenu.es\/en\/wp-json\/wp\/v2\/media\/18547"}],"wp:attachment":[{"href":"https:\/\/myfitmenu.es\/en\/wp-json\/wp\/v2\/media?parent=18546"}],"wp:term":[{"taxonomy":"product_brand","embeddable":true,"href":"https:\/\/myfitmenu.es\/en\/wp-json\/wp\/v2\/product_brand?post=18546"},{"taxonomy":"product_cat","embeddable":true,"href":"https:\/\/myfitmenu.es\/en\/wp-json\/wp\/v2\/product_cat?post=18546"},{"taxonomy":"product_tag","embeddable":true,"href":"https:\/\/myfitmenu.es\/en\/wp-json\/wp\/v2\/product_tag?post=18546"}],"curies":[{"name":"wp","href":"https:\/\/api.w.org\/{rel}","templated":true}]}}