{"id":17538,"date":"2024-03-11T17:07:42","date_gmt":"2024-03-11T17:07:42","guid":{"rendered":"https:\/\/myfitmenu.es\/?post_type=product&#038;p=17538"},"modified":"2025-05-22T19:04:09","modified_gmt":"2025-05-22T19:04:09","slug":"life-pro-taurine-1000mg-90-caps","status":"publish","type":"product","link":"https:\/\/myfitmenu.es\/en\/suplementacion-online\/life-pro-taurine-1000mg-90-caps\/","title":{"rendered":"Life Pro Taurine 1000mg 90 caps"},"content":{"rendered":"<p><a id=\"nav-link-iqit-reviews-tab\" class=\"nav-link\" href=\"https:\/\/www.lifepronutrition.com\/es\/aminoacidos\/life-pro-taurine-1000mg-90-vcaps.html#extra-0\" data-toggle=\"tab\" data-iqitextra=\"nav-link-iqit-reviews-tab\">\u00a0<\/a><a id=\"nav-link-\" class=\"nav-link\" href=\"https:\/\/www.lifepronutrition.com\/es\/aminoacidos\/life-pro-taurine-1000mg-90-vcaps.html#extra-2\" data-toggle=\"tab\"><\/a><\/p>\n<div id=\"product-infos-tabs-content\" class=\"tab-content\">\n<div id=\"description\" class=\"tab-pane in active\">\n<div id=\"fichaproducto\" class=\"tabs product-tabs product-sections\">\n<div class=\"contenidofichas  col-md-8 float-left nopadding\">\n<div class=\"product-description\">\n<div id=\"deslargaprod\" class=\"rte-content\">\n<p><img fetchpriority=\"high\" decoding=\"async\" class=\"img-responsive mijloc\" title=\"Life Pro Healthy Taurine\" src=\"https:\/\/www.tiendaculturista.com\/img\/cms\/productos\/taurine-cabecera.png\" alt=\"Life Pro Healthy Taurine\" width=\"450\" height=\"206\" \/><\/p>\n<h2 id=\"Qu__es_la_Taurine_de_Life_Pro\" class=\"fixmargensuperior\">What is the <strong>Taurine from Life Pro<\/strong><\/h2>\n<p><strong>Taurine from Life Pro<\/strong> is a supplement based on taurine, a non-essential amino acid, which is part of our body, and is the second most abundant in free form in muscle tissue after glutamine.<\/p>\n<p>The <strong>non-essential amino acids<\/strong> are those that our organism produces naturally, without the need to be ingested through diet or food. However, over the years, the quantities produced diminish.<\/p>\n<p>Adequate supplementation with <strong>taurine<\/strong> can bring multiple benefits, as well as contribute to maintaining adequate levels.<\/p>\n<p>They intervene in a <strong>a large number of physiological processes<\/strong> such as the production of bile salts, immune system and anti-oxidation, regulation of liquids and allows the supply of energy during the <strong>physical activity.<\/strong><\/p>\n<p>Taurine is found <strong>present<\/strong> in all those <strong>organs in which there is high nervous activity, <\/strong>such as in the brain, muscles, heart, etc.<\/p>\n<p>Although it is an amino acid often found together with caffeine in stimulant drinks, it has no stimulant effects, although it does contribute to improved energy levels and performance.<\/p>\n<h2 id=\"_De_d_nde_procede_la_taurina_\" class=\"fixmargensuperior\">Where does taurine come from?<\/h2>\n<p>The <strong>taurine<\/strong> is a <strong>amino acid<\/strong> which is synthesised from two other amino acids, methionine and cysteine, together with vitamin B6. It is found freely within the cellular fluid.<\/p>\n<p>Taurine can be obtained from food. It is found in abundance in <strong>foods high in protein<\/strong>especially of animal origin, such as meat: chicken, lamb, beef, etc. and fish such as mackerel.<\/p>\n<p>Of vegetable origin, taurine can be found in legumes and nuts, such as chickpeas, lentils, hazelnuts...<\/p>\n<h2 id=\"Efectos_de_la_taurina\" class=\"fixmargensuperior\">Effects of taurine<\/h2>\n<ul>\n<li>Bullfighting <strong>stimulates the immune system, as it<\/strong>\u00a0contributes to the production of antibodies due to immunomodulatory properties. It exerts functions <strong>antioxidants<\/strong>.<\/li>\n<li>It favours a <strong>proper digestion,<\/strong>\u00a0is involved in the secretion of bile salts.<\/li>\n<li>It has antidepressant-associated and anxiolytic properties in relation to the production of <strong>Gaba<\/strong>.<\/li>\n<li>Favours the <strong>absorption<\/strong> from <strong>micronutrients<\/strong>. It maintains fluid balance and the regulation of certain minerals and aids the absorption of fats and fat-soluble vitamins.<\/li>\n<li>Exercises a <strong>cardioprotective effect and contributes to the performance of the system.\u00a0<\/strong><strong>nervous<\/strong>.<\/li>\n<\/ul>\n<p>In sports performance and physical activity:<\/p>\n<ul>\n<li>It contributes to <strong>to introduce nutrients into the cells<\/strong> so that it helps to increase and replenish glycogen levels and thus reduce insulin in the blood.<\/li>\n<li>The <strong>taurine<\/strong> increases the contractile capacity of the muscles, resulting in prolonged work for longer periods of time and maintaining the level of strength.<\/li>\n<li>It has a positive effect on reducing stiffness, muscle aches and fatigue.<\/li>\n<li>It facilitates nerve impulses and acts as a muscle protector.<\/li>\n<\/ul>\n<h2 id=\"Contraindicaciones_de_la_taurina\" class=\"fixmargensuperior\">Contraindications of taurine<\/h2>\n<p>At present, research has not demonstrated any side-effects from taking Taurine in adequate amounts.<\/p>\n<p>The <strong>level<\/strong> from <strong>toxicity is very low<\/strong>no side-effects have been found even when taking this amino acid in excess of the recommended dosage in free form.<\/p>\n<p>It is recommended to pay attention in case it is found with other components such as caffeine.<\/p>\n<h2 id=\"Modo_de_empleo_\" class=\"fixmargensuperior\">Instructions for use:<\/h2>\n<p>Take one capsule twice a day.<\/p>\n<\/div>\n<\/div>\n<\/div>\n<\/div>\n<\/div>\n<\/div>","protected":false},"excerpt":{"rendered":"<p><strong>Life Pro Healthy Series Taurine\u00a0<\/strong>\u00a0is a potent energiser, perfect for states of decay, which helps to increase strength and endurance:<\/p>\n<ul>\n<li><strong>Increases protein synthesis<\/strong>.<\/li>\n<li>Decreases protein catabolism.<\/li>\n<li><strong>Improves muscle growth<\/strong>\u00a0rapid contraction.<\/li>\n<li>Regulates blood pressure and\u00a0<strong>strengthens the heart muscle<\/strong>.<\/li>\n<\/ul>","protected":false},"featured_media":18436,"comment_status":"open","ping_status":"closed","template":"","meta":{"inline_featured_image":false},"product_brand":[],"product_cat":[206,98],"product_tag":[],"class_list":{"0":"post-17538","1":"product","2":"type-product","3":"status-publish","4":"has-post-thumbnail","6":"product_cat-salud-2","7":"product_cat-suplementacion-online","8":"pa_sa_color_unico-color-unico","9":"pa_sa_talla_unica-talla-unica","11":"first","12":"outofstock","13":"purchasable","14":"product-type-simple"},"acf":[],"yoast_head":"<!-- This site is optimized with the Yoast SEO plugin v27.1.1 - https:\/\/yoast.com\/product\/yoast-seo-wordpress\/ -->\n<title>Life Pro Taurine 1000mg 90 caps - My Fit Menu<\/title>\n<meta name=\"robots\" content=\"index, follow, max-snippet:-1, max-image-preview:large, max-video-preview:-1\" \/>\n<link rel=\"canonical\" href=\"https:\/\/myfitmenu.es\/en\/salud-2\/life-pro-taurine-1000mg-90-caps\/\" \/>\n<meta property=\"og:locale\" content=\"en_GB\" \/>\n<meta property=\"og:type\" content=\"article\" \/>\n<meta property=\"og:title\" content=\"Life Pro Taurine 1000mg 90 caps - My Fit Menu\" \/>\n<meta property=\"og:description\" content=\"Taurina de Life Pro Serie Healthy\u00a0\u00a0es un energ\u00e9tico\u00a0potente, perfecto\u00a0para estados de decaimiento, que ayuda aumentar la fuerza y la resistencia: Aumenta la s\u00edntesis de las prote\u00ednas. Disminuye el catabolismo de las prote\u00ednas. Mejora el crecimiento de los m\u00fasculos\u00a0de contracci\u00f3n r\u00e1pida. Regula la presi\u00f3n arterial\u00a0y\u00a0fortalece el m\u00fasculo card\u00edaco.\" \/>\n<meta property=\"og:url\" content=\"https:\/\/myfitmenu.es\/en\/salud-2\/life-pro-taurine-1000mg-90-caps\/\" \/>\n<meta property=\"og:site_name\" content=\"My Fit Menu\" \/>\n<meta property=\"article:modified_time\" content=\"2025-05-22T19:04:09+00:00\" \/>\n<meta property=\"og:image\" content=\"https:\/\/myfitmenu.es\/wp-content\/uploads\/2024\/07\/life-pro-taurine-1000mg-90-vcaps_ff5c636ed95cc1dd38dfa73f7a576ea1-thumbnail-2000x2000-80.jpg\" \/>\n\t<meta property=\"og:image:width\" content=\"800\" \/>\n\t<meta property=\"og:image:height\" content=\"800\" \/>\n\t<meta property=\"og:image:type\" content=\"image\/jpeg\" \/>\n<meta name=\"twitter:card\" content=\"summary_large_image\" \/>\n<meta name=\"twitter:label1\" content=\"Estimated reading time\" \/>\n\t<meta name=\"twitter:data1\" content=\"3 minutes\" \/>\n<script type=\"application\/ld+json\" class=\"yoast-schema-graph\">{\"@context\":\"https:\/\/schema.org\",\"@graph\":[{\"@type\":\"WebPage\",\"@id\":\"https:\/\/myfitmenu.es\/salud-2\/life-pro-taurine-1000mg-90-caps\/\",\"url\":\"https:\/\/myfitmenu.es\/salud-2\/life-pro-taurine-1000mg-90-caps\/\",\"name\":\"Life Pro Taurine 1000mg 90 caps - My Fit Menu\",\"isPartOf\":{\"@id\":\"https:\/\/myfitmenu.es\/#website\"},\"primaryImageOfPage\":{\"@id\":\"https:\/\/myfitmenu.es\/salud-2\/life-pro-taurine-1000mg-90-caps\/#primaryimage\"},\"image\":{\"@id\":\"https:\/\/myfitmenu.es\/salud-2\/life-pro-taurine-1000mg-90-caps\/#primaryimage\"},\"thumbnailUrl\":\"https:\/\/myfitmenu.es\/wp-content\/uploads\/2024\/07\/life-pro-taurine-1000mg-90-vcaps_ff5c636ed95cc1dd38dfa73f7a576ea1-thumbnail-2000x2000-80.jpg\",\"datePublished\":\"2024-03-11T17:07:42+00:00\",\"dateModified\":\"2025-05-22T19:04:09+00:00\",\"breadcrumb\":{\"@id\":\"https:\/\/myfitmenu.es\/salud-2\/life-pro-taurine-1000mg-90-caps\/#breadcrumb\"},\"inLanguage\":\"en-GB\",\"potentialAction\":[{\"@type\":\"ReadAction\",\"target\":[\"https:\/\/myfitmenu.es\/salud-2\/life-pro-taurine-1000mg-90-caps\/\"]}]},{\"@type\":\"ImageObject\",\"inLanguage\":\"en-GB\",\"@id\":\"https:\/\/myfitmenu.es\/salud-2\/life-pro-taurine-1000mg-90-caps\/#primaryimage\",\"url\":\"https:\/\/myfitmenu.es\/wp-content\/uploads\/2024\/07\/life-pro-taurine-1000mg-90-vcaps_ff5c636ed95cc1dd38dfa73f7a576ea1-thumbnail-2000x2000-80.jpg\",\"contentUrl\":\"https:\/\/myfitmenu.es\/wp-content\/uploads\/2024\/07\/life-pro-taurine-1000mg-90-vcaps_ff5c636ed95cc1dd38dfa73f7a576ea1-thumbnail-2000x2000-80.jpg\",\"width\":800,\"height\":800},{\"@type\":\"BreadcrumbList\",\"@id\":\"https:\/\/myfitmenu.es\/salud-2\/life-pro-taurine-1000mg-90-caps\/#breadcrumb\",\"itemListElement\":[{\"@type\":\"ListItem\",\"position\":1,\"name\":\"Portada\",\"item\":\"https:\/\/myfitmenu.es\/\"},{\"@type\":\"ListItem\",\"position\":2,\"name\":\"Shop\",\"item\":\"http:\/\/myfitmenu.es\/en\/shop\/\"},{\"@type\":\"ListItem\",\"position\":3,\"name\":\"Life Pro Taurine 1000mg 90 caps\"}]},{\"@type\":\"WebSite\",\"@id\":\"https:\/\/myfitmenu.es\/#website\",\"url\":\"https:\/\/myfitmenu.es\/\",\"name\":\"My Fit Menu\",\"description\":\"\",\"potentialAction\":[{\"@type\":\"SearchAction\",\"target\":{\"@type\":\"EntryPoint\",\"urlTemplate\":\"https:\/\/myfitmenu.es\/?s={search_term_string}\"},\"query-input\":{\"@type\":\"PropertyValueSpecification\",\"valueRequired\":true,\"valueName\":\"search_term_string\"}}],\"inLanguage\":\"en-GB\"}]}<\/script>\n<!-- \/ Yoast SEO plugin. -->","yoast_head_json":{"title":"Life Pro Taurine 1000mg 90 caps - My Fit Menu","robots":{"index":"index","follow":"follow","max-snippet":"max-snippet:-1","max-image-preview":"max-image-preview:large","max-video-preview":"max-video-preview:-1"},"canonical":"https:\/\/myfitmenu.es\/en\/salud-2\/life-pro-taurine-1000mg-90-caps\/","og_locale":"en_GB","og_type":"article","og_title":"Life Pro Taurine 1000mg 90 caps - My Fit Menu","og_description":"Taurina de Life Pro Serie Healthy\u00a0\u00a0es un energ\u00e9tico\u00a0potente, perfecto\u00a0para estados de decaimiento, que ayuda aumentar la fuerza y la resistencia: Aumenta la s\u00edntesis de las prote\u00ednas. Disminuye el catabolismo de las prote\u00ednas. Mejora el crecimiento de los m\u00fasculos\u00a0de contracci\u00f3n r\u00e1pida. Regula la presi\u00f3n arterial\u00a0y\u00a0fortalece el m\u00fasculo card\u00edaco.","og_url":"https:\/\/myfitmenu.es\/en\/salud-2\/life-pro-taurine-1000mg-90-caps\/","og_site_name":"My Fit Menu","article_modified_time":"2025-05-22T19:04:09+00:00","og_image":[{"width":800,"height":800,"url":"https:\/\/myfitmenu.es\/wp-content\/uploads\/2024\/07\/life-pro-taurine-1000mg-90-vcaps_ff5c636ed95cc1dd38dfa73f7a576ea1-thumbnail-2000x2000-80.jpg","type":"image\/jpeg"}],"twitter_card":"summary_large_image","twitter_misc":{"Estimated reading time":"3 minutes"},"schema":{"@context":"https:\/\/schema.org","@graph":[{"@type":"WebPage","@id":"https:\/\/myfitmenu.es\/salud-2\/life-pro-taurine-1000mg-90-caps\/","url":"https:\/\/myfitmenu.es\/salud-2\/life-pro-taurine-1000mg-90-caps\/","name":"Life Pro Taurine 1000mg 90 caps - My Fit Menu","isPartOf":{"@id":"https:\/\/myfitmenu.es\/#website"},"primaryImageOfPage":{"@id":"https:\/\/myfitmenu.es\/salud-2\/life-pro-taurine-1000mg-90-caps\/#primaryimage"},"image":{"@id":"https:\/\/myfitmenu.es\/salud-2\/life-pro-taurine-1000mg-90-caps\/#primaryimage"},"thumbnailUrl":"https:\/\/myfitmenu.es\/wp-content\/uploads\/2024\/07\/life-pro-taurine-1000mg-90-vcaps_ff5c636ed95cc1dd38dfa73f7a576ea1-thumbnail-2000x2000-80.jpg","datePublished":"2024-03-11T17:07:42+00:00","dateModified":"2025-05-22T19:04:09+00:00","breadcrumb":{"@id":"https:\/\/myfitmenu.es\/salud-2\/life-pro-taurine-1000mg-90-caps\/#breadcrumb"},"inLanguage":"en-GB","potentialAction":[{"@type":"ReadAction","target":["https:\/\/myfitmenu.es\/salud-2\/life-pro-taurine-1000mg-90-caps\/"]}]},{"@type":"ImageObject","inLanguage":"en-GB","@id":"https:\/\/myfitmenu.es\/salud-2\/life-pro-taurine-1000mg-90-caps\/#primaryimage","url":"https:\/\/myfitmenu.es\/wp-content\/uploads\/2024\/07\/life-pro-taurine-1000mg-90-vcaps_ff5c636ed95cc1dd38dfa73f7a576ea1-thumbnail-2000x2000-80.jpg","contentUrl":"https:\/\/myfitmenu.es\/wp-content\/uploads\/2024\/07\/life-pro-taurine-1000mg-90-vcaps_ff5c636ed95cc1dd38dfa73f7a576ea1-thumbnail-2000x2000-80.jpg","width":800,"height":800},{"@type":"BreadcrumbList","@id":"https:\/\/myfitmenu.es\/salud-2\/life-pro-taurine-1000mg-90-caps\/#breadcrumb","itemListElement":[{"@type":"ListItem","position":1,"name":"Portada","item":"https:\/\/myfitmenu.es\/"},{"@type":"ListItem","position":2,"name":"Shop","item":"http:\/\/myfitmenu.es\/en\/shop\/"},{"@type":"ListItem","position":3,"name":"Life Pro Taurine 1000mg 90 caps"}]},{"@type":"WebSite","@id":"https:\/\/myfitmenu.es\/#website","url":"https:\/\/myfitmenu.es\/","name":"My Fit Menu","description":"","potentialAction":[{"@type":"SearchAction","target":{"@type":"EntryPoint","urlTemplate":"https:\/\/myfitmenu.es\/?s={search_term_string}"},"query-input":{"@type":"PropertyValueSpecification","valueRequired":true,"valueName":"search_term_string"}}],"inLanguage":"en-GB"}]}},"_links":{"self":[{"href":"https:\/\/myfitmenu.es\/en\/wp-json\/wp\/v2\/product\/17538","targetHints":{"allow":["GET"]}}],"collection":[{"href":"https:\/\/myfitmenu.es\/en\/wp-json\/wp\/v2\/product"}],"about":[{"href":"https:\/\/myfitmenu.es\/en\/wp-json\/wp\/v2\/types\/product"}],"replies":[{"embeddable":true,"href":"https:\/\/myfitmenu.es\/en\/wp-json\/wp\/v2\/comments?post=17538"}],"version-history":[{"count":3,"href":"https:\/\/myfitmenu.es\/en\/wp-json\/wp\/v2\/product\/17538\/revisions"}],"predecessor-version":[{"id":18435,"href":"https:\/\/myfitmenu.es\/en\/wp-json\/wp\/v2\/product\/17538\/revisions\/18435"}],"wp:featuredmedia":[{"embeddable":true,"href":"https:\/\/myfitmenu.es\/en\/wp-json\/wp\/v2\/media\/18436"}],"wp:attachment":[{"href":"https:\/\/myfitmenu.es\/en\/wp-json\/wp\/v2\/media?parent=17538"}],"wp:term":[{"taxonomy":"product_brand","embeddable":true,"href":"https:\/\/myfitmenu.es\/en\/wp-json\/wp\/v2\/product_brand?post=17538"},{"taxonomy":"product_cat","embeddable":true,"href":"https:\/\/myfitmenu.es\/en\/wp-json\/wp\/v2\/product_cat?post=17538"},{"taxonomy":"product_tag","embeddable":true,"href":"https:\/\/myfitmenu.es\/en\/wp-json\/wp\/v2\/product_tag?post=17538"}],"curies":[{"name":"wp","href":"https:\/\/api.w.org\/{rel}","templated":true}]}}