{"id":17510,"date":"2024-03-11T15:56:28","date_gmt":"2024-03-11T15:56:28","guid":{"rendered":"https:\/\/myfitmenu.es\/?post_type=product&#038;p=17510"},"modified":"2025-05-22T19:04:09","modified_gmt":"2025-05-22T19:04:09","slug":"life-pro-isolate-zero-1kg","status":"publish","type":"product","link":"https:\/\/myfitmenu.es\/en\/suplementacion-online\/life-pro-isolate-zero-1kg\/","title":{"rendered":"Life Pro Isolate Zero 1kg"},"content":{"rendered":"<h3 id=\"Composici_n_de_Life_Pro_Isolate_Zero_2Kg_\" class=\"fixmargensuperior\">Composition of Life Pro Isolate Zero 2Kg.<\/h3>\n<p>This product consists of <strong>whey protein isolate<\/strong>.<\/p>\n<h3 id=\"_Por_qu__tomar_Life_Pro_Isolate_Zero_2Kg__\" class=\"fixmargensuperior\">Why take Life Pro Isolate Zero 2kg?<\/h3>\n<p>The <strong>protein isolate<\/strong> Whey protein is one of the most popular protein supplements in the world. <strong>powerful<\/strong> available on the market. The protein concentration achieved by Life Pro Isolate Zero amounts to an astounding <strong>87%<\/strong>This is a figure that is difficult to match with any other product. In addition, the <strong>variety of flavours<\/strong> that it offers is perfect for everybody to find their favourite, as they are based on <strong>ice cream<\/strong><strong>Italians<\/strong>.<\/p>\n<p>Such a high protein content would be reason enough for many sportsmen and women to choose\u00a0<strong>Life Pro Isolate Zero<\/strong>However, it has more strengths that need to be highlighted. On the one hand, the <strong>high protein purity<\/strong> The presence of the other compounds is therefore reduced to negligible amounts, so that the presence of <strong>fats and carbohydrates<\/strong> is practically <strong>nil<\/strong>. In this way, the properties of the proteins are not hindered by any other substance.<\/p>\n<p>The other most notable benefit is the <strong>high bioavailability<\/strong> of the protein offered by this isolate of <strong>Life Pro<\/strong> and which, together with its <strong>ease of digestion<\/strong>The high quality of this product is of the highest standard.<\/p>\n<p><strong>Life Pro Isolate\u00a0<\/strong><strong>Zero<\/strong> is, in short, the perfect supplement for the most demanding sportsmen and women. Its <strong>87% protein<\/strong> can make a vital difference in taking your physical performance a step further. You'll get a <strong>muscle protection<\/strong>key to avoiding the degradation caused by catabolism, while maintaining your muscles. <strong>well nourished<\/strong> to facilitate anabolism, thereby promoting the <strong>volume growth<\/strong> of lean mass.<\/p>\n<p>The amino acids it contains\u00a0<strong>Life Pro Isolate Zero<\/strong> will help you to <strong>get well<\/strong> quickly and effectively after high-intensity training or competition.<\/p>\n<h3 id=\"Beneficios_de_Life_Pro_Isolate_Zero_2Kg_\" class=\"fixmargensuperior\">Benefits of Life Pro Isolate Zero 2Kg.<\/h3>\n<ul>\n<li>87% of very high quality protein.<\/li>\n<li>Easy to digest.<\/li>\n<li>Protect your muscles.<\/li>\n<li>Facilitates anabolism and volume growth.<\/li>\n<li>Improves recovery.<\/li>\n<li>Highly bioavailable protein.<\/li>\n<\/ul>","protected":false},"excerpt":{"rendered":"<p><strong>Life Pro Isolate Zero is one of the most powerful protein supplements on the market.<\/strong>. With a protein concentration of 87% and virtually no carbohydrates or fats, it is the perfect ally for any athlete.<\/p>","protected":false},"featured_media":19487,"comment_status":"open","ping_status":"closed","template":"","meta":{"inline_featured_image":false},"product_brand":[],"product_cat":[342,351,160,98],"product_tag":[],"class_list":{"0":"post-17510","1":"product","2":"type-product","3":"status-publish","4":"has-post-thumbnail","6":"product_cat-proteina-iso","7":"product_cat-proteina-sin-gluten","8":"product_cat-proteinas-2","9":"product_cat-suplementacion-online","10":"pa_sa_talla_unica-talla-unica","12":"first","13":"outofstock","14":"purchasable","15":"product-type-variable"},"acf":[],"yoast_head":"<!-- This site is optimized with the Yoast SEO plugin v27.1.1 - https:\/\/yoast.com\/product\/yoast-seo-wordpress\/ -->\n<title>Life Pro Isolate Zero 1kg - My Fit Menu<\/title>\n<meta name=\"robots\" content=\"index, follow, max-snippet:-1, max-image-preview:large, max-video-preview:-1\" \/>\n<link rel=\"canonical\" href=\"https:\/\/myfitmenu.es\/en\/proteina-sin-gluten\/life-pro-isolate-zero-1kg\/\" \/>\n<meta property=\"og:locale\" content=\"en_GB\" \/>\n<meta property=\"og:type\" content=\"article\" \/>\n<meta property=\"og:title\" content=\"Life Pro Isolate Zero 1kg - My Fit Menu\" \/>\n<meta property=\"og:description\" content=\"Life Pro Isolate Zero es uno de los suplementos proteicos m\u00e1s potentes del mercado. Con una concentraci\u00f3n de prote\u00edna de un 87% y sin apenas carbohidratos ni grasas, se trata del aliado perfecto para cualquier deportista.\" \/>\n<meta property=\"og:url\" content=\"https:\/\/myfitmenu.es\/en\/proteina-sin-gluten\/life-pro-isolate-zero-1kg\/\" \/>\n<meta property=\"og:site_name\" content=\"My Fit Menu\" \/>\n<meta property=\"article:modified_time\" content=\"2025-05-22T19:04:09+00:00\" \/>\n<meta property=\"og:image\" content=\"https:\/\/myfitmenu.es\/wp-content\/uploads\/2024\/11\/25072024171939.isolate-zero-cfm-3-thumbnail-2000x2000-1.webp\" \/>\n\t<meta property=\"og:image:width\" content=\"600\" \/>\n\t<meta property=\"og:image:height\" content=\"600\" \/>\n\t<meta property=\"og:image:type\" content=\"image\/webp\" \/>\n<meta name=\"twitter:card\" content=\"summary_large_image\" \/>\n<meta name=\"twitter:label1\" content=\"Estimated reading time\" \/>\n\t<meta name=\"twitter:data1\" content=\"2 minutes\" \/>\n<script type=\"application\/ld+json\" class=\"yoast-schema-graph\">{\"@context\":\"https:\/\/schema.org\",\"@graph\":[{\"@type\":\"WebPage\",\"@id\":\"https:\/\/myfitmenu.es\/proteina-sin-gluten\/life-pro-isolate-zero-1kg\/\",\"url\":\"https:\/\/myfitmenu.es\/proteina-sin-gluten\/life-pro-isolate-zero-1kg\/\",\"name\":\"Life Pro Isolate Zero 1kg - My Fit Menu\",\"isPartOf\":{\"@id\":\"https:\/\/myfitmenu.es\/#website\"},\"primaryImageOfPage\":{\"@id\":\"https:\/\/myfitmenu.es\/proteina-sin-gluten\/life-pro-isolate-zero-1kg\/#primaryimage\"},\"image\":{\"@id\":\"https:\/\/myfitmenu.es\/proteina-sin-gluten\/life-pro-isolate-zero-1kg\/#primaryimage\"},\"thumbnailUrl\":\"https:\/\/myfitmenu.es\/wp-content\/uploads\/2024\/11\/25072024171939.isolate-zero-cfm-3-thumbnail-2000x2000-1.webp\",\"datePublished\":\"2024-03-11T15:56:28+00:00\",\"dateModified\":\"2025-05-22T19:04:09+00:00\",\"breadcrumb\":{\"@id\":\"https:\/\/myfitmenu.es\/proteina-sin-gluten\/life-pro-isolate-zero-1kg\/#breadcrumb\"},\"inLanguage\":\"en-GB\",\"potentialAction\":[{\"@type\":\"ReadAction\",\"target\":[\"https:\/\/myfitmenu.es\/proteina-sin-gluten\/life-pro-isolate-zero-1kg\/\"]}]},{\"@type\":\"ImageObject\",\"inLanguage\":\"en-GB\",\"@id\":\"https:\/\/myfitmenu.es\/proteina-sin-gluten\/life-pro-isolate-zero-1kg\/#primaryimage\",\"url\":\"https:\/\/myfitmenu.es\/wp-content\/uploads\/2024\/11\/25072024171939.isolate-zero-cfm-3-thumbnail-2000x2000-1.webp\",\"contentUrl\":\"https:\/\/myfitmenu.es\/wp-content\/uploads\/2024\/11\/25072024171939.isolate-zero-cfm-3-thumbnail-2000x2000-1.webp\",\"width\":600,\"height\":600},{\"@type\":\"BreadcrumbList\",\"@id\":\"https:\/\/myfitmenu.es\/proteina-sin-gluten\/life-pro-isolate-zero-1kg\/#breadcrumb\",\"itemListElement\":[{\"@type\":\"ListItem\",\"position\":1,\"name\":\"Portada\",\"item\":\"https:\/\/myfitmenu.es\/\"},{\"@type\":\"ListItem\",\"position\":2,\"name\":\"Shop\",\"item\":\"http:\/\/myfitmenu.es\/en\/shop\/\"},{\"@type\":\"ListItem\",\"position\":3,\"name\":\"Life Pro Isolate Zero 1kg\"}]},{\"@type\":\"WebSite\",\"@id\":\"https:\/\/myfitmenu.es\/#website\",\"url\":\"https:\/\/myfitmenu.es\/\",\"name\":\"My Fit Menu\",\"description\":\"\",\"potentialAction\":[{\"@type\":\"SearchAction\",\"target\":{\"@type\":\"EntryPoint\",\"urlTemplate\":\"https:\/\/myfitmenu.es\/?s={search_term_string}\"},\"query-input\":{\"@type\":\"PropertyValueSpecification\",\"valueRequired\":true,\"valueName\":\"search_term_string\"}}],\"inLanguage\":\"en-GB\"}]}<\/script>\n<!-- \/ Yoast SEO plugin. -->","yoast_head_json":{"title":"Life Pro Isolate Zero 1kg - My Fit Menu","robots":{"index":"index","follow":"follow","max-snippet":"max-snippet:-1","max-image-preview":"max-image-preview:large","max-video-preview":"max-video-preview:-1"},"canonical":"https:\/\/myfitmenu.es\/en\/proteina-sin-gluten\/life-pro-isolate-zero-1kg\/","og_locale":"en_GB","og_type":"article","og_title":"Life Pro Isolate Zero 1kg - My Fit Menu","og_description":"Life Pro Isolate Zero es uno de los suplementos proteicos m\u00e1s potentes del mercado. Con una concentraci\u00f3n de prote\u00edna de un 87% y sin apenas carbohidratos ni grasas, se trata del aliado perfecto para cualquier deportista.","og_url":"https:\/\/myfitmenu.es\/en\/proteina-sin-gluten\/life-pro-isolate-zero-1kg\/","og_site_name":"My Fit Menu","article_modified_time":"2025-05-22T19:04:09+00:00","og_image":[{"width":600,"height":600,"url":"https:\/\/myfitmenu.es\/wp-content\/uploads\/2024\/11\/25072024171939.isolate-zero-cfm-3-thumbnail-2000x2000-1.webp","type":"image\/webp"}],"twitter_card":"summary_large_image","twitter_misc":{"Estimated reading time":"2 minutes"},"schema":{"@context":"https:\/\/schema.org","@graph":[{"@type":"WebPage","@id":"https:\/\/myfitmenu.es\/proteina-sin-gluten\/life-pro-isolate-zero-1kg\/","url":"https:\/\/myfitmenu.es\/proteina-sin-gluten\/life-pro-isolate-zero-1kg\/","name":"Life Pro Isolate Zero 1kg - My Fit Menu","isPartOf":{"@id":"https:\/\/myfitmenu.es\/#website"},"primaryImageOfPage":{"@id":"https:\/\/myfitmenu.es\/proteina-sin-gluten\/life-pro-isolate-zero-1kg\/#primaryimage"},"image":{"@id":"https:\/\/myfitmenu.es\/proteina-sin-gluten\/life-pro-isolate-zero-1kg\/#primaryimage"},"thumbnailUrl":"https:\/\/myfitmenu.es\/wp-content\/uploads\/2024\/11\/25072024171939.isolate-zero-cfm-3-thumbnail-2000x2000-1.webp","datePublished":"2024-03-11T15:56:28+00:00","dateModified":"2025-05-22T19:04:09+00:00","breadcrumb":{"@id":"https:\/\/myfitmenu.es\/proteina-sin-gluten\/life-pro-isolate-zero-1kg\/#breadcrumb"},"inLanguage":"en-GB","potentialAction":[{"@type":"ReadAction","target":["https:\/\/myfitmenu.es\/proteina-sin-gluten\/life-pro-isolate-zero-1kg\/"]}]},{"@type":"ImageObject","inLanguage":"en-GB","@id":"https:\/\/myfitmenu.es\/proteina-sin-gluten\/life-pro-isolate-zero-1kg\/#primaryimage","url":"https:\/\/myfitmenu.es\/wp-content\/uploads\/2024\/11\/25072024171939.isolate-zero-cfm-3-thumbnail-2000x2000-1.webp","contentUrl":"https:\/\/myfitmenu.es\/wp-content\/uploads\/2024\/11\/25072024171939.isolate-zero-cfm-3-thumbnail-2000x2000-1.webp","width":600,"height":600},{"@type":"BreadcrumbList","@id":"https:\/\/myfitmenu.es\/proteina-sin-gluten\/life-pro-isolate-zero-1kg\/#breadcrumb","itemListElement":[{"@type":"ListItem","position":1,"name":"Portada","item":"https:\/\/myfitmenu.es\/"},{"@type":"ListItem","position":2,"name":"Shop","item":"http:\/\/myfitmenu.es\/en\/shop\/"},{"@type":"ListItem","position":3,"name":"Life Pro Isolate Zero 1kg"}]},{"@type":"WebSite","@id":"https:\/\/myfitmenu.es\/#website","url":"https:\/\/myfitmenu.es\/","name":"My Fit Menu","description":"","potentialAction":[{"@type":"SearchAction","target":{"@type":"EntryPoint","urlTemplate":"https:\/\/myfitmenu.es\/?s={search_term_string}"},"query-input":{"@type":"PropertyValueSpecification","valueRequired":true,"valueName":"search_term_string"}}],"inLanguage":"en-GB"}]}},"_links":{"self":[{"href":"https:\/\/myfitmenu.es\/en\/wp-json\/wp\/v2\/product\/17510","targetHints":{"allow":["GET"]}}],"collection":[{"href":"https:\/\/myfitmenu.es\/en\/wp-json\/wp\/v2\/product"}],"about":[{"href":"https:\/\/myfitmenu.es\/en\/wp-json\/wp\/v2\/types\/product"}],"replies":[{"embeddable":true,"href":"https:\/\/myfitmenu.es\/en\/wp-json\/wp\/v2\/comments?post=17510"}],"version-history":[{"count":5,"href":"https:\/\/myfitmenu.es\/en\/wp-json\/wp\/v2\/product\/17510\/revisions"}],"predecessor-version":[{"id":18378,"href":"https:\/\/myfitmenu.es\/en\/wp-json\/wp\/v2\/product\/17510\/revisions\/18378"}],"wp:featuredmedia":[{"embeddable":true,"href":"https:\/\/myfitmenu.es\/en\/wp-json\/wp\/v2\/media\/19487"}],"wp:attachment":[{"href":"https:\/\/myfitmenu.es\/en\/wp-json\/wp\/v2\/media?parent=17510"}],"wp:term":[{"taxonomy":"product_brand","embeddable":true,"href":"https:\/\/myfitmenu.es\/en\/wp-json\/wp\/v2\/product_brand?post=17510"},{"taxonomy":"product_cat","embeddable":true,"href":"https:\/\/myfitmenu.es\/en\/wp-json\/wp\/v2\/product_cat?post=17510"},{"taxonomy":"product_tag","embeddable":true,"href":"https:\/\/myfitmenu.es\/en\/wp-json\/wp\/v2\/product_tag?post=17510"}],"curies":[{"name":"wp","href":"https:\/\/api.w.org\/{rel}","templated":true}]}}