{"id":17268,"date":"2024-03-08T15:43:58","date_gmt":"2024-03-08T15:43:58","guid":{"rendered":"https:\/\/myfitmenu.es\/?post_type=product&#038;p=17268"},"modified":"2026-04-24T12:55:16","modified_gmt":"2026-04-24T12:55:16","slug":"applied-nutrition-abe-pre-workout-315g","status":"publish","type":"product","link":"https:\/\/myfitmenu.es\/en\/suplementacion-online\/applied-nutrition-abe-pre-workout-315g\/","title":{"rendered":"Applied Nutrition ABE pre workout 315g"},"content":{"rendered":"<h2>Applied Nutrition ABE pre workout 315g<\/h2>\n<p>ABE offers a unique blend of the most vital and researched active ingredients known to help increase physical performance, reduce tiredness and fatigue and provide continuous focus throughout your workout, maximising your body's potential. Prepare and consume ABE powder 15 minutes before training for an optimal session in the gym. This can improve your endurance and focus to help you maintain good form and get the most out of your workout.<\/p>\n<p>Applied Nutrition has formulated this pre-workout supplement in a very comprehensive way, both in terms of ingredients and the added amounts of each ingredient.<\/p>\n<h2>\u2705 <strong>Key benefits of Applied Nutrition Abe pre-workout:<\/strong><\/h2>\n<ol>\n<li>\n<p><strong>Energy and focus:<\/strong><\/p>\n<ul>\n<li>Contains 200 mg caffeine and 100 mg TeaCrine\u00ae to boost mental and physical energy.<\/li>\n<\/ul>\n<\/li>\n<li>\n<p><strong>Improved muscle performance:<\/strong><\/p>\n<ul>\n<li><strong>Beta-alanine (2 g):<\/strong> Helps reduce lactic acid build-up, improving endurance.<\/li>\n<li><strong>Citrulline malate (4 g):<\/strong> Increases blood flow, improving the supply of oxygen and nutrients to the muscles.<\/li>\n<li><strong>Creatine monohydrate (3 g):<\/strong> Increases muscle strength and power.<\/li>\n<\/ul>\n<\/li>\n<li>\n<p><strong>Reduction of fatigue:<\/strong><\/p>\n<ul>\n<li>Vitamins B3 (niacin) and B12 support cellular energy and reduce fatigue.<\/li>\n<\/ul>\n<\/li>\n<li>\n<p><strong>Rapid onset of action:<\/strong><\/p>\n<ul>\n<li>Its formulation starts to take effect within minutes, providing a noticeable initial stimulus (tingling due to beta-alanine).<\/li>\n<\/ul>\n<\/li>\n<\/ol>\n<p><b>How to take this supplement:<\/b><\/p>\n<p><b>&#65279;&#65279;<\/b>Mix one scoop (10.5 grams) in 250 millilitres of water. You can take it half an hour before your workout.<\/p>\n<h2>ABE pre-workout ingredients<\/h2>\n<p>Energy, Fat, of which saturated, Carbohydrates, of which sugars, Fibre, Protein as such, Protein on dry basis, Salt, Beta-alanine 2 g, Citrulline malate 2:1 4 g, TeaCrine 100 mg, Caffeine 200 mg, Taurine 200 mg, Vitamin B3 ( niacinamide) 80 mg, Vitamin B12 (cyanocobalamin) 100 mcg, Citrulline malate, Tricreatine blend (creatine monohydrate (3 g per serving), creatine ethyl ester, creatine HCL), sodium bicarbonate, citric acid, taurine, caffeine, TeaCrine, beetroot red colour, Sucralose, Niacinamide, Vitamin B12.<\/p>\n<p><span>Main effects of Applied Nutrition ABE Pre-Workout 315 g<\/span><\/p>\n<p>This supplement starts to work within 5 minutes. Your face may start tingling, then your whole body and before you know it you will be full of energy (the tingling also stops as soon as you start sweating during your workout).<\/p>\n<p>BE SURE NOT TO EXCEED THE RECOMMENDED DOSE as it contains 200 millilitres of caffeine, the equivalent of two and a half coffees. If you are going to train in the afternoon, bear this in mind so that you don't have trouble sleeping afterwards.<\/p>\n<p>This pre-workout has a very good balance of value for money. ABE is a complete package with adequate beta alanine, theacrine and creatine and is potent enough in terms of caffeine.<\/p>","protected":false},"excerpt":{"rendered":"<\/p>\n<p>ABE offers a unique blend of the most vital and researched active ingredients known to help increase physical performance, reduce tiredness and fatigue and provide continuous focus throughout your workout, maximising your body's potential. Prepare and consume ABE 15 minutes before your workout for an optimal gym session.<\/p><\/p>","protected":false},"featured_media":18948,"comment_status":"open","ping_status":"closed","template":"","meta":{"inline_featured_image":false},"product_brand":[],"product_cat":[194,357,98],"product_tag":[],"class_list":{"0":"post-17268","1":"product","2":"type-product","3":"status-publish","4":"has-post-thumbnail","6":"product_cat-pre-entreno-2","7":"product_cat-pre-entrenos-con-cafeina","8":"product_cat-suplementacion-online","9":"pa_sa_talla_unica-talla-unica","11":"first","12":"instock","13":"purchasable","14":"product-type-variable"},"acf":[],"yoast_head":"<!-- This site is optimized with the Yoast SEO plugin v27.1.1 - https:\/\/yoast.com\/product\/yoast-seo-wordpress\/ -->\n<title>Applied Nutrition ABE pre workout 315g - My Fit Menu<\/title>\n<meta name=\"robots\" content=\"index, follow, max-snippet:-1, max-image-preview:large, max-video-preview:-1\" \/>\n<link rel=\"canonical\" href=\"https:\/\/myfitmenu.es\/en\/pre-entrenos-con-cafeina\/applied-nutrition-abe-pre-workout-315g\/\" \/>\n<meta property=\"og:locale\" content=\"en_GB\" \/>\n<meta property=\"og:type\" content=\"article\" \/>\n<meta property=\"og:title\" content=\"Applied Nutrition ABE pre workout 315g - My Fit Menu\" \/>\n<meta property=\"og:description\" content=\"ABE ofrece una mezcla \u00fanica de los ingredientes activos m\u00e1s vitales e investigados conocidos por ayudar a aumentar el rendimiento f\u00edsico, reducir el cansancio y la fatiga y proporcionar un enfoque continuo durante todo tu entrenamiento, maximizando el potencial de tu cuerpo. Prepara y consume ABE 15 minutos antes del entrenamiento para una sesi\u00f3n \u00f3ptima en el gimnasio.\" \/>\n<meta property=\"og:url\" content=\"https:\/\/myfitmenu.es\/en\/pre-entrenos-con-cafeina\/applied-nutrition-abe-pre-workout-315g\/\" \/>\n<meta property=\"og:site_name\" content=\"My Fit Menu\" \/>\n<meta property=\"article:modified_time\" content=\"2026-04-24T12:55:16+00:00\" \/>\n<meta property=\"og:image\" content=\"https:\/\/myfitmenu.es\/wp-content\/uploads\/2024\/08\/27082024183517.ABE-Ultimate-Pre-Workout-375g-Sour-Apple-v2_600x600.jpg-thumbnail-2000x2000-1.webp\" \/>\n\t<meta property=\"og:image:width\" content=\"600\" \/>\n\t<meta property=\"og:image:height\" content=\"600\" \/>\n\t<meta property=\"og:image:type\" content=\"image\/webp\" \/>\n<meta name=\"twitter:card\" content=\"summary_large_image\" \/>\n<meta name=\"twitter:label1\" content=\"Estimated reading time\" \/>\n\t<meta name=\"twitter:data1\" content=\"3 minutes\" \/>\n<script type=\"application\/ld+json\" class=\"yoast-schema-graph\">{\"@context\":\"https:\/\/schema.org\",\"@graph\":[{\"@type\":\"WebPage\",\"@id\":\"https:\/\/myfitmenu.es\/pre-entrenos-con-cafeina\/applied-nutrition-abe-pre-workout-315g\/\",\"url\":\"https:\/\/myfitmenu.es\/pre-entrenos-con-cafeina\/applied-nutrition-abe-pre-workout-315g\/\",\"name\":\"Applied Nutrition ABE pre workout 315g - My Fit Menu\",\"isPartOf\":{\"@id\":\"https:\/\/myfitmenu.es\/#website\"},\"primaryImageOfPage\":{\"@id\":\"https:\/\/myfitmenu.es\/pre-entrenos-con-cafeina\/applied-nutrition-abe-pre-workout-315g\/#primaryimage\"},\"image\":{\"@id\":\"https:\/\/myfitmenu.es\/pre-entrenos-con-cafeina\/applied-nutrition-abe-pre-workout-315g\/#primaryimage\"},\"thumbnailUrl\":\"https:\/\/myfitmenu.es\/wp-content\/uploads\/2024\/08\/27082024183517.ABE-Ultimate-Pre-Workout-375g-Sour-Apple-v2_600x600.jpg-thumbnail-2000x2000-1.webp\",\"datePublished\":\"2024-03-08T15:43:58+00:00\",\"dateModified\":\"2026-04-24T12:55:16+00:00\",\"breadcrumb\":{\"@id\":\"https:\/\/myfitmenu.es\/pre-entrenos-con-cafeina\/applied-nutrition-abe-pre-workout-315g\/#breadcrumb\"},\"inLanguage\":\"en-GB\",\"potentialAction\":[{\"@type\":\"ReadAction\",\"target\":[\"https:\/\/myfitmenu.es\/pre-entrenos-con-cafeina\/applied-nutrition-abe-pre-workout-315g\/\"]}]},{\"@type\":\"ImageObject\",\"inLanguage\":\"en-GB\",\"@id\":\"https:\/\/myfitmenu.es\/pre-entrenos-con-cafeina\/applied-nutrition-abe-pre-workout-315g\/#primaryimage\",\"url\":\"https:\/\/myfitmenu.es\/wp-content\/uploads\/2024\/08\/27082024183517.ABE-Ultimate-Pre-Workout-375g-Sour-Apple-v2_600x600.jpg-thumbnail-2000x2000-1.webp\",\"contentUrl\":\"https:\/\/myfitmenu.es\/wp-content\/uploads\/2024\/08\/27082024183517.ABE-Ultimate-Pre-Workout-375g-Sour-Apple-v2_600x600.jpg-thumbnail-2000x2000-1.webp\",\"width\":600,\"height\":600},{\"@type\":\"BreadcrumbList\",\"@id\":\"https:\/\/myfitmenu.es\/pre-entrenos-con-cafeina\/applied-nutrition-abe-pre-workout-315g\/#breadcrumb\",\"itemListElement\":[{\"@type\":\"ListItem\",\"position\":1,\"name\":\"Portada\",\"item\":\"https:\/\/myfitmenu.es\/\"},{\"@type\":\"ListItem\",\"position\":2,\"name\":\"Shop\",\"item\":\"http:\/\/myfitmenu.es\/en\/shop\/\"},{\"@type\":\"ListItem\",\"position\":3,\"name\":\"Applied Nutrition ABE pre workout 315g\"}]},{\"@type\":\"WebSite\",\"@id\":\"https:\/\/myfitmenu.es\/#website\",\"url\":\"https:\/\/myfitmenu.es\/\",\"name\":\"My Fit Menu\",\"description\":\"\",\"potentialAction\":[{\"@type\":\"SearchAction\",\"target\":{\"@type\":\"EntryPoint\",\"urlTemplate\":\"https:\/\/myfitmenu.es\/?s={search_term_string}\"},\"query-input\":{\"@type\":\"PropertyValueSpecification\",\"valueRequired\":true,\"valueName\":\"search_term_string\"}}],\"inLanguage\":\"en-GB\"}]}<\/script>\n<!-- \/ Yoast SEO plugin. -->","yoast_head_json":{"title":"Applied Nutrition ABE pre workout 315g - My Fit Menu","robots":{"index":"index","follow":"follow","max-snippet":"max-snippet:-1","max-image-preview":"max-image-preview:large","max-video-preview":"max-video-preview:-1"},"canonical":"https:\/\/myfitmenu.es\/en\/pre-entrenos-con-cafeina\/applied-nutrition-abe-pre-workout-315g\/","og_locale":"en_GB","og_type":"article","og_title":"Applied Nutrition ABE pre workout 315g - My Fit Menu","og_description":"ABE ofrece una mezcla \u00fanica de los ingredientes activos m\u00e1s vitales e investigados conocidos por ayudar a aumentar el rendimiento f\u00edsico, reducir el cansancio y la fatiga y proporcionar un enfoque continuo durante todo tu entrenamiento, maximizando el potencial de tu cuerpo. Prepara y consume ABE 15 minutos antes del entrenamiento para una sesi\u00f3n \u00f3ptima en el gimnasio.","og_url":"https:\/\/myfitmenu.es\/en\/pre-entrenos-con-cafeina\/applied-nutrition-abe-pre-workout-315g\/","og_site_name":"My Fit Menu","article_modified_time":"2026-04-24T12:55:16+00:00","og_image":[{"width":600,"height":600,"url":"https:\/\/myfitmenu.es\/wp-content\/uploads\/2024\/08\/27082024183517.ABE-Ultimate-Pre-Workout-375g-Sour-Apple-v2_600x600.jpg-thumbnail-2000x2000-1.webp","type":"image\/webp"}],"twitter_card":"summary_large_image","twitter_misc":{"Estimated reading time":"3 minutes"},"schema":{"@context":"https:\/\/schema.org","@graph":[{"@type":"WebPage","@id":"https:\/\/myfitmenu.es\/pre-entrenos-con-cafeina\/applied-nutrition-abe-pre-workout-315g\/","url":"https:\/\/myfitmenu.es\/pre-entrenos-con-cafeina\/applied-nutrition-abe-pre-workout-315g\/","name":"Applied Nutrition ABE pre workout 315g - My Fit Menu","isPartOf":{"@id":"https:\/\/myfitmenu.es\/#website"},"primaryImageOfPage":{"@id":"https:\/\/myfitmenu.es\/pre-entrenos-con-cafeina\/applied-nutrition-abe-pre-workout-315g\/#primaryimage"},"image":{"@id":"https:\/\/myfitmenu.es\/pre-entrenos-con-cafeina\/applied-nutrition-abe-pre-workout-315g\/#primaryimage"},"thumbnailUrl":"https:\/\/myfitmenu.es\/wp-content\/uploads\/2024\/08\/27082024183517.ABE-Ultimate-Pre-Workout-375g-Sour-Apple-v2_600x600.jpg-thumbnail-2000x2000-1.webp","datePublished":"2024-03-08T15:43:58+00:00","dateModified":"2026-04-24T12:55:16+00:00","breadcrumb":{"@id":"https:\/\/myfitmenu.es\/pre-entrenos-con-cafeina\/applied-nutrition-abe-pre-workout-315g\/#breadcrumb"},"inLanguage":"en-GB","potentialAction":[{"@type":"ReadAction","target":["https:\/\/myfitmenu.es\/pre-entrenos-con-cafeina\/applied-nutrition-abe-pre-workout-315g\/"]}]},{"@type":"ImageObject","inLanguage":"en-GB","@id":"https:\/\/myfitmenu.es\/pre-entrenos-con-cafeina\/applied-nutrition-abe-pre-workout-315g\/#primaryimage","url":"https:\/\/myfitmenu.es\/wp-content\/uploads\/2024\/08\/27082024183517.ABE-Ultimate-Pre-Workout-375g-Sour-Apple-v2_600x600.jpg-thumbnail-2000x2000-1.webp","contentUrl":"https:\/\/myfitmenu.es\/wp-content\/uploads\/2024\/08\/27082024183517.ABE-Ultimate-Pre-Workout-375g-Sour-Apple-v2_600x600.jpg-thumbnail-2000x2000-1.webp","width":600,"height":600},{"@type":"BreadcrumbList","@id":"https:\/\/myfitmenu.es\/pre-entrenos-con-cafeina\/applied-nutrition-abe-pre-workout-315g\/#breadcrumb","itemListElement":[{"@type":"ListItem","position":1,"name":"Portada","item":"https:\/\/myfitmenu.es\/"},{"@type":"ListItem","position":2,"name":"Shop","item":"http:\/\/myfitmenu.es\/en\/shop\/"},{"@type":"ListItem","position":3,"name":"Applied Nutrition ABE pre workout 315g"}]},{"@type":"WebSite","@id":"https:\/\/myfitmenu.es\/#website","url":"https:\/\/myfitmenu.es\/","name":"My Fit Menu","description":"","potentialAction":[{"@type":"SearchAction","target":{"@type":"EntryPoint","urlTemplate":"https:\/\/myfitmenu.es\/?s={search_term_string}"},"query-input":{"@type":"PropertyValueSpecification","valueRequired":true,"valueName":"search_term_string"}}],"inLanguage":"en-GB"}]}},"_links":{"self":[{"href":"https:\/\/myfitmenu.es\/en\/wp-json\/wp\/v2\/product\/17268","targetHints":{"allow":["GET"]}}],"collection":[{"href":"https:\/\/myfitmenu.es\/en\/wp-json\/wp\/v2\/product"}],"about":[{"href":"https:\/\/myfitmenu.es\/en\/wp-json\/wp\/v2\/types\/product"}],"replies":[{"embeddable":true,"href":"https:\/\/myfitmenu.es\/en\/wp-json\/wp\/v2\/comments?post=17268"}],"version-history":[{"count":9,"href":"https:\/\/myfitmenu.es\/en\/wp-json\/wp\/v2\/product\/17268\/revisions"}],"predecessor-version":[{"id":19505,"href":"https:\/\/myfitmenu.es\/en\/wp-json\/wp\/v2\/product\/17268\/revisions\/19505"}],"wp:featuredmedia":[{"embeddable":true,"href":"https:\/\/myfitmenu.es\/en\/wp-json\/wp\/v2\/media\/18948"}],"wp:attachment":[{"href":"https:\/\/myfitmenu.es\/en\/wp-json\/wp\/v2\/media?parent=17268"}],"wp:term":[{"taxonomy":"product_brand","embeddable":true,"href":"https:\/\/myfitmenu.es\/en\/wp-json\/wp\/v2\/product_brand?post=17268"},{"taxonomy":"product_cat","embeddable":true,"href":"https:\/\/myfitmenu.es\/en\/wp-json\/wp\/v2\/product_cat?post=17268"},{"taxonomy":"product_tag","embeddable":true,"href":"https:\/\/myfitmenu.es\/en\/wp-json\/wp\/v2\/product_tag?post=17268"}],"curies":[{"name":"wp","href":"https:\/\/api.w.org\/{rel}","templated":true}]}}