{"id":17093,"date":"2024-02-02T18:51:14","date_gmt":"2024-02-02T18:51:14","guid":{"rendered":"https:\/\/myfitmenu.es\/producto\/life-pro-arginina-300-caps\/"},"modified":"2025-05-22T19:05:18","modified_gmt":"2025-05-22T19:05:18","slug":"life-pro-arginina-300-caps","status":"publish","type":"product","link":"https:\/\/myfitmenu.es\/en\/suplementacion-online\/life-pro-arginina-300-caps\/","title":{"rendered":"Life Pro Arginine 300 caps"},"content":{"rendered":"<\/p>\n<h2>What is Life Pro Arginine?<\/h2>\n<p>Arginine is an amino acid that has a number of characteristics and properties for sport and athletic performance. It is a precursor of nitric oxide, helps regulate blood flow and the supply of oxygen to the different cells of the body, among many other things. It also has a stimulating effect.<\/p>\n<p>In order to get the most out of your training, there are a number of supplements, including arginine, that contribute to better performance, pump and recovery.\u00a0<\/p>\n<p>Life Pro Argnine provides 3000 mg of arginine per serving. It is ideal for pre-workout, alone or with other supplements to maximise its benefits.<\/p>\n<h2>What are the properties of Life Pro Arginine?<\/h2>\n<p><strong>Precursor of nitric oxide:<\/strong><\/p>\n<p>Arginine is a precursor of nitric oxide. Nitric oxide has vasodilator properties, promoting blood flow to the various muscles. As a result, what is known as pump occurs during training, making the muscles look more swollen and voluminous.\u00a0<\/p>\n<p><strong>Muscle growth and tissue recovery;<\/strong><\/p>\n<p>By increasing blood flow, it also increases the supply of nutrients to the muscles, so it can promote the absorption of other amino acids among other nutrients, thereby increasing performance and recovery after physical activity.<\/p>\n<p>It also stimulates the production of growth hormone, which is necessary for muscle mass gain.<\/p>\n<p><strong>Improvement of the immune system:<\/strong><\/p>\n<p>Nitric oxide, of which arginine is a precursor, has an antibacterial effect. It also promotes the production of lymphocytes.<\/p>\n<h2>How to take Life Pro Arginine?<\/h2>\n<p>Take 3 capsules before training or at bedtime. One of the most optimal times is before training, due to increased pump sensation and greater supply of nutrients and oxygen to muscles.<\/p><\/p>","protected":false},"excerpt":{"rendered":"<p><b>Life Pro Arginine<\/b> is an arginine supplement that promotes vasodilation, post-workout recovery and increased energy.<\/p>","protected":false},"featured_media":18461,"comment_status":"open","ping_status":"closed","template":"","meta":{"inline_featured_image":false},"product_brand":[],"product_cat":[175,98],"product_tag":[],"class_list":{"0":"post-17093","1":"product","2":"type-product","3":"status-publish","4":"has-post-thumbnail","6":"product_cat-aminoacidos-2","7":"product_cat-suplementacion-online","8":"pa_sa_color_unico-color-unico","9":"pa_sa_talla_unica-talla-unica","11":"first","12":"outofstock","13":"purchasable","14":"product-type-simple"},"acf":[],"yoast_head":"<!-- This site is optimized with the Yoast SEO plugin v27.1.1 - https:\/\/yoast.com\/product\/yoast-seo-wordpress\/ -->\n<title>Life Pro Arginina 300 caps - My Fit Menu<\/title>\n<meta name=\"robots\" content=\"index, follow, max-snippet:-1, max-image-preview:large, max-video-preview:-1\" \/>\n<link rel=\"canonical\" href=\"https:\/\/myfitmenu.es\/en\/aminoacidos-2\/life-pro-arginina-300-caps\/\" \/>\n<meta property=\"og:locale\" content=\"en_GB\" \/>\n<meta property=\"og:type\" content=\"article\" \/>\n<meta property=\"og:title\" content=\"Life Pro Arginina 300 caps - My Fit Menu\" \/>\n<meta property=\"og:description\" content=\"Life Pro Arginine es un suplemento compuesto por arginina que favorece la vasodilataci\u00f3n, la recuperaci\u00f3n tras los entrenamientos y el aumento de energ\u00eda.\" \/>\n<meta property=\"og:url\" content=\"https:\/\/myfitmenu.es\/en\/aminoacidos-2\/life-pro-arginina-300-caps\/\" \/>\n<meta property=\"og:site_name\" content=\"My Fit Menu\" \/>\n<meta property=\"article:modified_time\" content=\"2025-05-22T19:05:18+00:00\" \/>\n<meta property=\"og:image\" content=\"https:\/\/myfitmenu.es\/wp-content\/uploads\/2024\/07\/life-pro-arginine-300-caps_6be2ab95db626e2131e791ca8370d4b9-thumbnail-2000x2000-80.jpg\" \/>\n\t<meta property=\"og:image:width\" content=\"600\" \/>\n\t<meta property=\"og:image:height\" content=\"600\" \/>\n\t<meta property=\"og:image:type\" content=\"image\/jpeg\" \/>\n<meta name=\"twitter:card\" content=\"summary_large_image\" \/>\n<meta name=\"twitter:label1\" content=\"Estimated reading time\" \/>\n\t<meta name=\"twitter:data1\" content=\"2 minutes\" \/>\n<script type=\"application\/ld+json\" class=\"yoast-schema-graph\">{\"@context\":\"https:\/\/schema.org\",\"@graph\":[{\"@type\":\"WebPage\",\"@id\":\"https:\/\/myfitmenu.es\/aminoacidos-2\/life-pro-arginina-300-caps\/\",\"url\":\"https:\/\/myfitmenu.es\/aminoacidos-2\/life-pro-arginina-300-caps\/\",\"name\":\"Life Pro Arginina 300 caps - My Fit Menu\",\"isPartOf\":{\"@id\":\"https:\/\/myfitmenu.es\/#website\"},\"primaryImageOfPage\":{\"@id\":\"https:\/\/myfitmenu.es\/aminoacidos-2\/life-pro-arginina-300-caps\/#primaryimage\"},\"image\":{\"@id\":\"https:\/\/myfitmenu.es\/aminoacidos-2\/life-pro-arginina-300-caps\/#primaryimage\"},\"thumbnailUrl\":\"https:\/\/myfitmenu.es\/wp-content\/uploads\/2024\/07\/life-pro-arginine-300-caps_6be2ab95db626e2131e791ca8370d4b9-thumbnail-2000x2000-80.jpg\",\"datePublished\":\"2024-02-02T18:51:14+00:00\",\"dateModified\":\"2025-05-22T19:05:18+00:00\",\"breadcrumb\":{\"@id\":\"https:\/\/myfitmenu.es\/aminoacidos-2\/life-pro-arginina-300-caps\/#breadcrumb\"},\"inLanguage\":\"en-GB\",\"potentialAction\":[{\"@type\":\"ReadAction\",\"target\":[\"https:\/\/myfitmenu.es\/aminoacidos-2\/life-pro-arginina-300-caps\/\"]}]},{\"@type\":\"ImageObject\",\"inLanguage\":\"en-GB\",\"@id\":\"https:\/\/myfitmenu.es\/aminoacidos-2\/life-pro-arginina-300-caps\/#primaryimage\",\"url\":\"https:\/\/myfitmenu.es\/wp-content\/uploads\/2024\/07\/life-pro-arginine-300-caps_6be2ab95db626e2131e791ca8370d4b9-thumbnail-2000x2000-80.jpg\",\"contentUrl\":\"https:\/\/myfitmenu.es\/wp-content\/uploads\/2024\/07\/life-pro-arginine-300-caps_6be2ab95db626e2131e791ca8370d4b9-thumbnail-2000x2000-80.jpg\",\"width\":600,\"height\":600},{\"@type\":\"BreadcrumbList\",\"@id\":\"https:\/\/myfitmenu.es\/aminoacidos-2\/life-pro-arginina-300-caps\/#breadcrumb\",\"itemListElement\":[{\"@type\":\"ListItem\",\"position\":1,\"name\":\"Portada\",\"item\":\"https:\/\/myfitmenu.es\/\"},{\"@type\":\"ListItem\",\"position\":2,\"name\":\"Shop\",\"item\":\"http:\/\/myfitmenu.es\/en\/shop\/\"},{\"@type\":\"ListItem\",\"position\":3,\"name\":\"Life Pro Arginina 300 caps\"}]},{\"@type\":\"WebSite\",\"@id\":\"https:\/\/myfitmenu.es\/#website\",\"url\":\"https:\/\/myfitmenu.es\/\",\"name\":\"My Fit Menu\",\"description\":\"\",\"potentialAction\":[{\"@type\":\"SearchAction\",\"target\":{\"@type\":\"EntryPoint\",\"urlTemplate\":\"https:\/\/myfitmenu.es\/?s={search_term_string}\"},\"query-input\":{\"@type\":\"PropertyValueSpecification\",\"valueRequired\":true,\"valueName\":\"search_term_string\"}}],\"inLanguage\":\"en-GB\"}]}<\/script>\n<!-- \/ Yoast SEO plugin. -->","yoast_head_json":{"title":"Life Pro Arginina 300 caps - My Fit Menu","robots":{"index":"index","follow":"follow","max-snippet":"max-snippet:-1","max-image-preview":"max-image-preview:large","max-video-preview":"max-video-preview:-1"},"canonical":"https:\/\/myfitmenu.es\/en\/aminoacidos-2\/life-pro-arginina-300-caps\/","og_locale":"en_GB","og_type":"article","og_title":"Life Pro Arginina 300 caps - My Fit Menu","og_description":"Life Pro Arginine es un suplemento compuesto por arginina que favorece la vasodilataci\u00f3n, la recuperaci\u00f3n tras los entrenamientos y el aumento de energ\u00eda.","og_url":"https:\/\/myfitmenu.es\/en\/aminoacidos-2\/life-pro-arginina-300-caps\/","og_site_name":"My Fit Menu","article_modified_time":"2025-05-22T19:05:18+00:00","og_image":[{"width":600,"height":600,"url":"https:\/\/myfitmenu.es\/wp-content\/uploads\/2024\/07\/life-pro-arginine-300-caps_6be2ab95db626e2131e791ca8370d4b9-thumbnail-2000x2000-80.jpg","type":"image\/jpeg"}],"twitter_card":"summary_large_image","twitter_misc":{"Estimated reading time":"2 minutes"},"schema":{"@context":"https:\/\/schema.org","@graph":[{"@type":"WebPage","@id":"https:\/\/myfitmenu.es\/aminoacidos-2\/life-pro-arginina-300-caps\/","url":"https:\/\/myfitmenu.es\/aminoacidos-2\/life-pro-arginina-300-caps\/","name":"Life Pro Arginina 300 caps - My Fit Menu","isPartOf":{"@id":"https:\/\/myfitmenu.es\/#website"},"primaryImageOfPage":{"@id":"https:\/\/myfitmenu.es\/aminoacidos-2\/life-pro-arginina-300-caps\/#primaryimage"},"image":{"@id":"https:\/\/myfitmenu.es\/aminoacidos-2\/life-pro-arginina-300-caps\/#primaryimage"},"thumbnailUrl":"https:\/\/myfitmenu.es\/wp-content\/uploads\/2024\/07\/life-pro-arginine-300-caps_6be2ab95db626e2131e791ca8370d4b9-thumbnail-2000x2000-80.jpg","datePublished":"2024-02-02T18:51:14+00:00","dateModified":"2025-05-22T19:05:18+00:00","breadcrumb":{"@id":"https:\/\/myfitmenu.es\/aminoacidos-2\/life-pro-arginina-300-caps\/#breadcrumb"},"inLanguage":"en-GB","potentialAction":[{"@type":"ReadAction","target":["https:\/\/myfitmenu.es\/aminoacidos-2\/life-pro-arginina-300-caps\/"]}]},{"@type":"ImageObject","inLanguage":"en-GB","@id":"https:\/\/myfitmenu.es\/aminoacidos-2\/life-pro-arginina-300-caps\/#primaryimage","url":"https:\/\/myfitmenu.es\/wp-content\/uploads\/2024\/07\/life-pro-arginine-300-caps_6be2ab95db626e2131e791ca8370d4b9-thumbnail-2000x2000-80.jpg","contentUrl":"https:\/\/myfitmenu.es\/wp-content\/uploads\/2024\/07\/life-pro-arginine-300-caps_6be2ab95db626e2131e791ca8370d4b9-thumbnail-2000x2000-80.jpg","width":600,"height":600},{"@type":"BreadcrumbList","@id":"https:\/\/myfitmenu.es\/aminoacidos-2\/life-pro-arginina-300-caps\/#breadcrumb","itemListElement":[{"@type":"ListItem","position":1,"name":"Portada","item":"https:\/\/myfitmenu.es\/"},{"@type":"ListItem","position":2,"name":"Shop","item":"http:\/\/myfitmenu.es\/en\/shop\/"},{"@type":"ListItem","position":3,"name":"Life Pro Arginina 300 caps"}]},{"@type":"WebSite","@id":"https:\/\/myfitmenu.es\/#website","url":"https:\/\/myfitmenu.es\/","name":"My Fit Menu","description":"","potentialAction":[{"@type":"SearchAction","target":{"@type":"EntryPoint","urlTemplate":"https:\/\/myfitmenu.es\/?s={search_term_string}"},"query-input":{"@type":"PropertyValueSpecification","valueRequired":true,"valueName":"search_term_string"}}],"inLanguage":"en-GB"}]}},"_links":{"self":[{"href":"https:\/\/myfitmenu.es\/en\/wp-json\/wp\/v2\/product\/17093","targetHints":{"allow":["GET"]}}],"collection":[{"href":"https:\/\/myfitmenu.es\/en\/wp-json\/wp\/v2\/product"}],"about":[{"href":"https:\/\/myfitmenu.es\/en\/wp-json\/wp\/v2\/types\/product"}],"replies":[{"embeddable":true,"href":"https:\/\/myfitmenu.es\/en\/wp-json\/wp\/v2\/comments?post=17093"}],"version-history":[{"count":4,"href":"https:\/\/myfitmenu.es\/en\/wp-json\/wp\/v2\/product\/17093\/revisions"}],"predecessor-version":[{"id":18460,"href":"https:\/\/myfitmenu.es\/en\/wp-json\/wp\/v2\/product\/17093\/revisions\/18460"}],"wp:featuredmedia":[{"embeddable":true,"href":"https:\/\/myfitmenu.es\/en\/wp-json\/wp\/v2\/media\/18461"}],"wp:attachment":[{"href":"https:\/\/myfitmenu.es\/en\/wp-json\/wp\/v2\/media?parent=17093"}],"wp:term":[{"taxonomy":"product_brand","embeddable":true,"href":"https:\/\/myfitmenu.es\/en\/wp-json\/wp\/v2\/product_brand?post=17093"},{"taxonomy":"product_cat","embeddable":true,"href":"https:\/\/myfitmenu.es\/en\/wp-json\/wp\/v2\/product_cat?post=17093"},{"taxonomy":"product_tag","embeddable":true,"href":"https:\/\/myfitmenu.es\/en\/wp-json\/wp\/v2\/product_tag?post=17093"}],"curies":[{"name":"wp","href":"https:\/\/api.w.org\/{rel}","templated":true}]}}