{"id":16901,"date":"2024-01-29T18:48:19","date_gmt":"2024-01-29T18:48:19","guid":{"rendered":"https:\/\/myfitmenu.es\/?post_type=product&#038;p=16901"},"modified":"2026-02-20T11:52:15","modified_gmt":"2026-02-20T11:52:15","slug":"vitamina-d3-400-ui-100-softgels","status":"publish","type":"product","link":"https:\/\/myfitmenu.es\/en\/suplementacion-online\/vitamina-d3-400-ui-100-softgels\/","title":{"rendered":"Vitamin D3 400 IU 100 Softgels"},"content":{"rendered":"<h2><strong><strong>Vitamin D3 from Haya Labs<\/strong><\/p>\n<p><\/strong><\/h2>\n<p><strong>Vitamin D3 from Haya Labs<\/strong> is derived from cholecalciferol and keeps your bones healthy!<\/p>\n<h2><strong>Benefits of\u00a0<strong>vitamin D3 from Haya Labs<\/strong>:<\/strong><\/h2>\n<p><b><br \/><\/b>An important nutrient for healthy bones<br \/>Supports good joint function<br \/>Important for the immune system<br \/>Maintains good skin condition<br \/>Vitamin D can be found in small amounts in some foods, including fatty fish such as herring, mackerel, sardines and tuna. To make vitamin D more available, it is added to dairy products, juices and cereals that are then said to be \"vitamin D fortified\". But most vitamin D - 80 to 90% of what the body gets - is obtained through exposure to sunlight. Vitamin D can also be made in the laboratory as a medicine.<\/p>\n<p>Vitamin D is used to prevent and treat rickets, a disease that is caused by not having enough vitamin D (vitamin D deficiency). Vitamin D is also used to treat weak bones (osteoporosis), bone pain (osteomalacia), bone loss in people with a condition called hyperparathyroidism, and an inherited disease (osteogenesis imperfecta) in which bones are especially fragile and easily broken. It is also used to prevent falls and fractures in people at risk of osteoporosis, and to prevent low calcium and bone loss (renal osteodystrophy) in people with kidney failure.<\/p>\n<p>It is also used to boost the immune system, prevent autoimmune diseases and prevent cancer.<br \/>Because vitamin D is involved in regulating the levels of minerals such as phosphorus and calcium, it is used for conditions caused by low phosphorus levels (familial hypophosphatemia and Fanconi syndrome) and low calcium levels (hypoparathyroidism and pseudohypoparathyroidism).<br \/>Vitamin D in forms known as calcitriol or calcipotriene is applied directly to the skin for a particular type of psoriasis.<\/p>\n<p>One dose: 1 capsule<br \/><strong>Recommended use:<\/strong> 1 capsule per day with food<br \/>Pack size: 100 softgels<br \/>Recommendation: Do not exceed the recommended daily dose.<\/p><\/p>","protected":false},"excerpt":{"rendered":"<p><span>100% vitamin D-3 400 IU 100 softgels, may help support bone health, may help boost the immune system, may influence skin health.<\/span><\/p>","protected":false},"featured_media":19116,"comment_status":"open","ping_status":"closed","template":"","meta":{"inline_featured_image":false},"product_brand":[],"product_cat":[206,98],"product_tag":[],"class_list":{"0":"post-16901","1":"product","2":"type-product","3":"status-publish","4":"has-post-thumbnail","6":"product_cat-salud-2","7":"product_cat-suplementacion-online","8":"pa_sa_color_unico-color-unico","9":"pa_sa_talla_unica-talla-unica","11":"first","12":"instock","13":"purchasable","14":"product-type-simple"},"acf":[],"yoast_head":"<!-- This site is optimized with the Yoast SEO plugin v27.1.1 - https:\/\/yoast.com\/product\/yoast-seo-wordpress\/ -->\n<title>Vitamina D3 400 UI 100 Softgels - My Fit Menu<\/title>\n<meta name=\"robots\" content=\"index, follow, max-snippet:-1, max-image-preview:large, max-video-preview:-1\" \/>\n<link rel=\"canonical\" href=\"https:\/\/myfitmenu.es\/en\/salud-2\/vitamina-d3-400-ui-100-softgels\/\" \/>\n<meta property=\"og:locale\" content=\"en_GB\" \/>\n<meta property=\"og:type\" content=\"article\" \/>\n<meta property=\"og:title\" content=\"Vitamina D3 400 UI 100 Softgels - My Fit Menu\" \/>\n<meta property=\"og:description\" content=\"100% vitamina D-3 400 UI 100 c\u00e1psulas blandas, puede ayudar a apoyar la salud \u00f3sea, puede ayudar a estimular el sistema inmunol\u00f3gico, puede influir en la salud de la piel.\" \/>\n<meta property=\"og:url\" content=\"https:\/\/myfitmenu.es\/en\/salud-2\/vitamina-d3-400-ui-100-softgels\/\" \/>\n<meta property=\"og:site_name\" content=\"My Fit Menu\" \/>\n<meta property=\"article:modified_time\" content=\"2026-02-20T11:52:15+00:00\" \/>\n<meta property=\"og:image\" content=\"https:\/\/myfitmenu.es\/wp-content\/uploads\/2024\/09\/vitamin-d-3-400-iu-100-softgels-thumbnail-2000x2000-80.jpg\" \/>\n\t<meta property=\"og:image:width\" content=\"800\" \/>\n\t<meta property=\"og:image:height\" content=\"800\" \/>\n\t<meta property=\"og:image:type\" content=\"image\/jpeg\" \/>\n<meta name=\"twitter:card\" content=\"summary_large_image\" \/>\n<meta name=\"twitter:label1\" content=\"Estimated reading time\" \/>\n\t<meta name=\"twitter:data1\" content=\"2 minutes\" \/>\n<script type=\"application\/ld+json\" class=\"yoast-schema-graph\">{\"@context\":\"https:\/\/schema.org\",\"@graph\":[{\"@type\":\"WebPage\",\"@id\":\"https:\/\/myfitmenu.es\/salud-2\/vitamina-d3-400-ui-100-softgels\/\",\"url\":\"https:\/\/myfitmenu.es\/salud-2\/vitamina-d3-400-ui-100-softgels\/\",\"name\":\"Vitamina D3 400 UI 100 Softgels - My Fit Menu\",\"isPartOf\":{\"@id\":\"https:\/\/myfitmenu.es\/#website\"},\"primaryImageOfPage\":{\"@id\":\"https:\/\/myfitmenu.es\/salud-2\/vitamina-d3-400-ui-100-softgels\/#primaryimage\"},\"image\":{\"@id\":\"https:\/\/myfitmenu.es\/salud-2\/vitamina-d3-400-ui-100-softgels\/#primaryimage\"},\"thumbnailUrl\":\"https:\/\/myfitmenu.es\/wp-content\/uploads\/2024\/09\/vitamin-d-3-400-iu-100-softgels-thumbnail-2000x2000-80.jpg\",\"datePublished\":\"2024-01-29T18:48:19+00:00\",\"dateModified\":\"2026-02-20T11:52:15+00:00\",\"breadcrumb\":{\"@id\":\"https:\/\/myfitmenu.es\/salud-2\/vitamina-d3-400-ui-100-softgels\/#breadcrumb\"},\"inLanguage\":\"en-GB\",\"potentialAction\":[{\"@type\":\"ReadAction\",\"target\":[\"https:\/\/myfitmenu.es\/salud-2\/vitamina-d3-400-ui-100-softgels\/\"]}]},{\"@type\":\"ImageObject\",\"inLanguage\":\"en-GB\",\"@id\":\"https:\/\/myfitmenu.es\/salud-2\/vitamina-d3-400-ui-100-softgels\/#primaryimage\",\"url\":\"https:\/\/myfitmenu.es\/wp-content\/uploads\/2024\/09\/vitamin-d-3-400-iu-100-softgels-thumbnail-2000x2000-80.jpg\",\"contentUrl\":\"https:\/\/myfitmenu.es\/wp-content\/uploads\/2024\/09\/vitamin-d-3-400-iu-100-softgels-thumbnail-2000x2000-80.jpg\",\"width\":800,\"height\":800},{\"@type\":\"BreadcrumbList\",\"@id\":\"https:\/\/myfitmenu.es\/salud-2\/vitamina-d3-400-ui-100-softgels\/#breadcrumb\",\"itemListElement\":[{\"@type\":\"ListItem\",\"position\":1,\"name\":\"Portada\",\"item\":\"https:\/\/myfitmenu.es\/\"},{\"@type\":\"ListItem\",\"position\":2,\"name\":\"Shop\",\"item\":\"http:\/\/myfitmenu.es\/en\/shop\/\"},{\"@type\":\"ListItem\",\"position\":3,\"name\":\"Vitamina D3 400 UI 100 Softgels\"}]},{\"@type\":\"WebSite\",\"@id\":\"https:\/\/myfitmenu.es\/#website\",\"url\":\"https:\/\/myfitmenu.es\/\",\"name\":\"My Fit Menu\",\"description\":\"\",\"potentialAction\":[{\"@type\":\"SearchAction\",\"target\":{\"@type\":\"EntryPoint\",\"urlTemplate\":\"https:\/\/myfitmenu.es\/?s={search_term_string}\"},\"query-input\":{\"@type\":\"PropertyValueSpecification\",\"valueRequired\":true,\"valueName\":\"search_term_string\"}}],\"inLanguage\":\"en-GB\"}]}<\/script>\n<!-- \/ Yoast SEO plugin. -->","yoast_head_json":{"title":"Vitamina D3 400 UI 100 Softgels - My Fit Menu","robots":{"index":"index","follow":"follow","max-snippet":"max-snippet:-1","max-image-preview":"max-image-preview:large","max-video-preview":"max-video-preview:-1"},"canonical":"https:\/\/myfitmenu.es\/en\/salud-2\/vitamina-d3-400-ui-100-softgels\/","og_locale":"en_GB","og_type":"article","og_title":"Vitamina D3 400 UI 100 Softgels - My Fit Menu","og_description":"100% vitamina D-3 400 UI 100 c\u00e1psulas blandas, puede ayudar a apoyar la salud \u00f3sea, puede ayudar a estimular el sistema inmunol\u00f3gico, puede influir en la salud de la piel.","og_url":"https:\/\/myfitmenu.es\/en\/salud-2\/vitamina-d3-400-ui-100-softgels\/","og_site_name":"My Fit Menu","article_modified_time":"2026-02-20T11:52:15+00:00","og_image":[{"width":800,"height":800,"url":"https:\/\/myfitmenu.es\/wp-content\/uploads\/2024\/09\/vitamin-d-3-400-iu-100-softgels-thumbnail-2000x2000-80.jpg","type":"image\/jpeg"}],"twitter_card":"summary_large_image","twitter_misc":{"Estimated reading time":"2 minutes"},"schema":{"@context":"https:\/\/schema.org","@graph":[{"@type":"WebPage","@id":"https:\/\/myfitmenu.es\/salud-2\/vitamina-d3-400-ui-100-softgels\/","url":"https:\/\/myfitmenu.es\/salud-2\/vitamina-d3-400-ui-100-softgels\/","name":"Vitamina D3 400 UI 100 Softgels - My Fit Menu","isPartOf":{"@id":"https:\/\/myfitmenu.es\/#website"},"primaryImageOfPage":{"@id":"https:\/\/myfitmenu.es\/salud-2\/vitamina-d3-400-ui-100-softgels\/#primaryimage"},"image":{"@id":"https:\/\/myfitmenu.es\/salud-2\/vitamina-d3-400-ui-100-softgels\/#primaryimage"},"thumbnailUrl":"https:\/\/myfitmenu.es\/wp-content\/uploads\/2024\/09\/vitamin-d-3-400-iu-100-softgels-thumbnail-2000x2000-80.jpg","datePublished":"2024-01-29T18:48:19+00:00","dateModified":"2026-02-20T11:52:15+00:00","breadcrumb":{"@id":"https:\/\/myfitmenu.es\/salud-2\/vitamina-d3-400-ui-100-softgels\/#breadcrumb"},"inLanguage":"en-GB","potentialAction":[{"@type":"ReadAction","target":["https:\/\/myfitmenu.es\/salud-2\/vitamina-d3-400-ui-100-softgels\/"]}]},{"@type":"ImageObject","inLanguage":"en-GB","@id":"https:\/\/myfitmenu.es\/salud-2\/vitamina-d3-400-ui-100-softgels\/#primaryimage","url":"https:\/\/myfitmenu.es\/wp-content\/uploads\/2024\/09\/vitamin-d-3-400-iu-100-softgels-thumbnail-2000x2000-80.jpg","contentUrl":"https:\/\/myfitmenu.es\/wp-content\/uploads\/2024\/09\/vitamin-d-3-400-iu-100-softgels-thumbnail-2000x2000-80.jpg","width":800,"height":800},{"@type":"BreadcrumbList","@id":"https:\/\/myfitmenu.es\/salud-2\/vitamina-d3-400-ui-100-softgels\/#breadcrumb","itemListElement":[{"@type":"ListItem","position":1,"name":"Portada","item":"https:\/\/myfitmenu.es\/"},{"@type":"ListItem","position":2,"name":"Shop","item":"http:\/\/myfitmenu.es\/en\/shop\/"},{"@type":"ListItem","position":3,"name":"Vitamina D3 400 UI 100 Softgels"}]},{"@type":"WebSite","@id":"https:\/\/myfitmenu.es\/#website","url":"https:\/\/myfitmenu.es\/","name":"My Fit Menu","description":"","potentialAction":[{"@type":"SearchAction","target":{"@type":"EntryPoint","urlTemplate":"https:\/\/myfitmenu.es\/?s={search_term_string}"},"query-input":{"@type":"PropertyValueSpecification","valueRequired":true,"valueName":"search_term_string"}}],"inLanguage":"en-GB"}]}},"_links":{"self":[{"href":"https:\/\/myfitmenu.es\/en\/wp-json\/wp\/v2\/product\/16901","targetHints":{"allow":["GET"]}}],"collection":[{"href":"https:\/\/myfitmenu.es\/en\/wp-json\/wp\/v2\/product"}],"about":[{"href":"https:\/\/myfitmenu.es\/en\/wp-json\/wp\/v2\/types\/product"}],"replies":[{"embeddable":true,"href":"https:\/\/myfitmenu.es\/en\/wp-json\/wp\/v2\/comments?post=16901"}],"version-history":[{"count":7,"href":"https:\/\/myfitmenu.es\/en\/wp-json\/wp\/v2\/product\/16901\/revisions"}],"predecessor-version":[{"id":19115,"href":"https:\/\/myfitmenu.es\/en\/wp-json\/wp\/v2\/product\/16901\/revisions\/19115"}],"wp:featuredmedia":[{"embeddable":true,"href":"https:\/\/myfitmenu.es\/en\/wp-json\/wp\/v2\/media\/19116"}],"wp:attachment":[{"href":"https:\/\/myfitmenu.es\/en\/wp-json\/wp\/v2\/media?parent=16901"}],"wp:term":[{"taxonomy":"product_brand","embeddable":true,"href":"https:\/\/myfitmenu.es\/en\/wp-json\/wp\/v2\/product_brand?post=16901"},{"taxonomy":"product_cat","embeddable":true,"href":"https:\/\/myfitmenu.es\/en\/wp-json\/wp\/v2\/product_cat?post=16901"},{"taxonomy":"product_tag","embeddable":true,"href":"https:\/\/myfitmenu.es\/en\/wp-json\/wp\/v2\/product_tag?post=16901"}],"curies":[{"name":"wp","href":"https:\/\/api.w.org\/{rel}","templated":true}]}}