{"id":16900,"date":"2024-01-29T18:48:19","date_gmt":"2024-01-29T18:48:19","guid":{"rendered":"https:\/\/myfitmenu.es\/?post_type=product&#038;p=16900"},"modified":"2026-04-13T10:38:56","modified_gmt":"2026-04-13T10:38:56","slug":"hair-skin-nails-60-caps","status":"publish","type":"product","link":"https:\/\/myfitmenu.es\/en\/suplementacion-online\/hair-skin-nails-60-caps\/","title":{"rendered":"Hair, skin &amp; nails 60 caps"},"content":{"rendered":"<\/p>\n<h2>What is Haya Labs Hair, Skin, and Nails?<\/h2>\n<p>Haya Labs Hair, Skin &amp; Nails is an advanced nutritional supplement that combines a range of essential vitamins, minerals and nutrients to support healthy hair and nail growth and skin appearance.<\/p>\n<p>Ideal for both men and women, this formula works to nourish and protect hair, skin and nails from the inside out to improve growth and strength and healthy appearance.<\/p>\n<p>Includes free radical scavenging vitamins that offer skin protection, helping to maintain a youthful appearance and radiance.<br \/>Supplies a unique combination of nutrients to support optimal hair, skin and nail health.<br \/>Formula provides optimal amounts of high quality nutrients that have been standardised to ensure consistent doses in each serving.<\/p>\n<p>A better value compared to other brands.Get shiny hair, glowing skin and healthy nails with HAYA LABS hair, skin and nails!+<\/p>\n<p><strong>Recommended dosage<\/strong>Take 2 tablets daily with food.<\/p><\/p>","protected":false},"excerpt":{"rendered":"<p>Helps promote healthier hair, skin and nails! Combines 20 nutrients that promote the growth and maintenance of hair and nails as well as the appearance of healthy skin.<\/p>","protected":false},"featured_media":18496,"comment_status":"open","ping_status":"closed","template":"","meta":{"inline_featured_image":false},"product_brand":[],"product_cat":[206,98],"product_tag":[],"class_list":{"0":"post-16900","1":"product","2":"type-product","3":"status-publish","4":"has-post-thumbnail","6":"product_cat-salud-2","7":"product_cat-suplementacion-online","8":"pa_sa_color_unico-color-unico","9":"pa_sa_talla_unica-talla-unica","11":"first","12":"instock","13":"purchasable","14":"product-type-simple"},"acf":[],"yoast_head":"<!-- This site is optimized with the Yoast SEO plugin v27.1.1 - https:\/\/yoast.com\/product\/yoast-seo-wordpress\/ -->\n<title>Hair, skin &amp; nails 60 caps - My Fit Menu<\/title>\n<meta name=\"robots\" content=\"index, follow, max-snippet:-1, max-image-preview:large, max-video-preview:-1\" \/>\n<link rel=\"canonical\" href=\"https:\/\/myfitmenu.es\/en\/salud-2\/hair-skin-nails-60-caps\/\" \/>\n<meta property=\"og:locale\" content=\"en_GB\" \/>\n<meta property=\"og:type\" content=\"article\" \/>\n<meta property=\"og:title\" content=\"Hair, skin &amp; nails 60 caps - My Fit Menu\" \/>\n<meta property=\"og:description\" content=\"Ayuda a tener un pelo, piel y u\u00f1as m\u00e1s sanos! Combina 20 nutrientes que promueven el crecimiento y el mantenimiento de cabello y las u\u00f1as as\u00ed como la apariencia de la piel saludable.\" \/>\n<meta property=\"og:url\" content=\"https:\/\/myfitmenu.es\/en\/salud-2\/hair-skin-nails-60-caps\/\" \/>\n<meta property=\"og:site_name\" content=\"My Fit Menu\" \/>\n<meta property=\"article:modified_time\" content=\"2026-04-13T10:38:56+00:00\" \/>\n<meta property=\"og:image\" content=\"https:\/\/myfitmenu.es\/wp-content\/uploads\/2024\/07\/hair-skin-and-nails-60-caps_b665c4cdbdd527036aeb3068f264e55e-thumbnail-2000x2000-80.jpg\" \/>\n\t<meta property=\"og:image:width\" content=\"800\" \/>\n\t<meta property=\"og:image:height\" content=\"800\" \/>\n\t<meta property=\"og:image:type\" content=\"image\/jpeg\" \/>\n<meta name=\"twitter:card\" content=\"summary_large_image\" \/>\n<meta name=\"twitter:label1\" content=\"Estimated reading time\" \/>\n\t<meta name=\"twitter:data1\" content=\"2 minutes\" \/>\n<script type=\"application\/ld+json\" class=\"yoast-schema-graph\">{\"@context\":\"https:\/\/schema.org\",\"@graph\":[{\"@type\":\"WebPage\",\"@id\":\"https:\/\/myfitmenu.es\/salud-2\/hair-skin-nails-60-caps\/\",\"url\":\"https:\/\/myfitmenu.es\/salud-2\/hair-skin-nails-60-caps\/\",\"name\":\"Hair, skin &amp; nails 60 caps - My Fit Menu\",\"isPartOf\":{\"@id\":\"https:\/\/myfitmenu.es\/#website\"},\"primaryImageOfPage\":{\"@id\":\"https:\/\/myfitmenu.es\/salud-2\/hair-skin-nails-60-caps\/#primaryimage\"},\"image\":{\"@id\":\"https:\/\/myfitmenu.es\/salud-2\/hair-skin-nails-60-caps\/#primaryimage\"},\"thumbnailUrl\":\"https:\/\/myfitmenu.es\/wp-content\/uploads\/2024\/07\/hair-skin-and-nails-60-caps_b665c4cdbdd527036aeb3068f264e55e-thumbnail-2000x2000-80.jpg\",\"datePublished\":\"2024-01-29T18:48:19+00:00\",\"dateModified\":\"2026-04-13T10:38:56+00:00\",\"breadcrumb\":{\"@id\":\"https:\/\/myfitmenu.es\/salud-2\/hair-skin-nails-60-caps\/#breadcrumb\"},\"inLanguage\":\"en-GB\",\"potentialAction\":[{\"@type\":\"ReadAction\",\"target\":[\"https:\/\/myfitmenu.es\/salud-2\/hair-skin-nails-60-caps\/\"]}]},{\"@type\":\"ImageObject\",\"inLanguage\":\"en-GB\",\"@id\":\"https:\/\/myfitmenu.es\/salud-2\/hair-skin-nails-60-caps\/#primaryimage\",\"url\":\"https:\/\/myfitmenu.es\/wp-content\/uploads\/2024\/07\/hair-skin-and-nails-60-caps_b665c4cdbdd527036aeb3068f264e55e-thumbnail-2000x2000-80.jpg\",\"contentUrl\":\"https:\/\/myfitmenu.es\/wp-content\/uploads\/2024\/07\/hair-skin-and-nails-60-caps_b665c4cdbdd527036aeb3068f264e55e-thumbnail-2000x2000-80.jpg\",\"width\":800,\"height\":800},{\"@type\":\"BreadcrumbList\",\"@id\":\"https:\/\/myfitmenu.es\/salud-2\/hair-skin-nails-60-caps\/#breadcrumb\",\"itemListElement\":[{\"@type\":\"ListItem\",\"position\":1,\"name\":\"Portada\",\"item\":\"https:\/\/myfitmenu.es\/\"},{\"@type\":\"ListItem\",\"position\":2,\"name\":\"Shop\",\"item\":\"http:\/\/myfitmenu.es\/en\/shop\/\"},{\"@type\":\"ListItem\",\"position\":3,\"name\":\"Hair, skin &amp; nails 60 caps\"}]},{\"@type\":\"WebSite\",\"@id\":\"https:\/\/myfitmenu.es\/#website\",\"url\":\"https:\/\/myfitmenu.es\/\",\"name\":\"My Fit Menu\",\"description\":\"\",\"potentialAction\":[{\"@type\":\"SearchAction\",\"target\":{\"@type\":\"EntryPoint\",\"urlTemplate\":\"https:\/\/myfitmenu.es\/?s={search_term_string}\"},\"query-input\":{\"@type\":\"PropertyValueSpecification\",\"valueRequired\":true,\"valueName\":\"search_term_string\"}}],\"inLanguage\":\"en-GB\"}]}<\/script>\n<!-- \/ Yoast SEO plugin. -->","yoast_head_json":{"title":"Hair, skin &amp; nails 60 caps - My Fit Menu","robots":{"index":"index","follow":"follow","max-snippet":"max-snippet:-1","max-image-preview":"max-image-preview:large","max-video-preview":"max-video-preview:-1"},"canonical":"https:\/\/myfitmenu.es\/en\/salud-2\/hair-skin-nails-60-caps\/","og_locale":"en_GB","og_type":"article","og_title":"Hair, skin &amp; nails 60 caps - My Fit Menu","og_description":"Ayuda a tener un pelo, piel y u\u00f1as m\u00e1s sanos! Combina 20 nutrientes que promueven el crecimiento y el mantenimiento de cabello y las u\u00f1as as\u00ed como la apariencia de la piel saludable.","og_url":"https:\/\/myfitmenu.es\/en\/salud-2\/hair-skin-nails-60-caps\/","og_site_name":"My Fit Menu","article_modified_time":"2026-04-13T10:38:56+00:00","og_image":[{"width":800,"height":800,"url":"https:\/\/myfitmenu.es\/wp-content\/uploads\/2024\/07\/hair-skin-and-nails-60-caps_b665c4cdbdd527036aeb3068f264e55e-thumbnail-2000x2000-80.jpg","type":"image\/jpeg"}],"twitter_card":"summary_large_image","twitter_misc":{"Estimated reading time":"2 minutes"},"schema":{"@context":"https:\/\/schema.org","@graph":[{"@type":"WebPage","@id":"https:\/\/myfitmenu.es\/salud-2\/hair-skin-nails-60-caps\/","url":"https:\/\/myfitmenu.es\/salud-2\/hair-skin-nails-60-caps\/","name":"Hair, skin &amp; nails 60 caps - My Fit Menu","isPartOf":{"@id":"https:\/\/myfitmenu.es\/#website"},"primaryImageOfPage":{"@id":"https:\/\/myfitmenu.es\/salud-2\/hair-skin-nails-60-caps\/#primaryimage"},"image":{"@id":"https:\/\/myfitmenu.es\/salud-2\/hair-skin-nails-60-caps\/#primaryimage"},"thumbnailUrl":"https:\/\/myfitmenu.es\/wp-content\/uploads\/2024\/07\/hair-skin-and-nails-60-caps_b665c4cdbdd527036aeb3068f264e55e-thumbnail-2000x2000-80.jpg","datePublished":"2024-01-29T18:48:19+00:00","dateModified":"2026-04-13T10:38:56+00:00","breadcrumb":{"@id":"https:\/\/myfitmenu.es\/salud-2\/hair-skin-nails-60-caps\/#breadcrumb"},"inLanguage":"en-GB","potentialAction":[{"@type":"ReadAction","target":["https:\/\/myfitmenu.es\/salud-2\/hair-skin-nails-60-caps\/"]}]},{"@type":"ImageObject","inLanguage":"en-GB","@id":"https:\/\/myfitmenu.es\/salud-2\/hair-skin-nails-60-caps\/#primaryimage","url":"https:\/\/myfitmenu.es\/wp-content\/uploads\/2024\/07\/hair-skin-and-nails-60-caps_b665c4cdbdd527036aeb3068f264e55e-thumbnail-2000x2000-80.jpg","contentUrl":"https:\/\/myfitmenu.es\/wp-content\/uploads\/2024\/07\/hair-skin-and-nails-60-caps_b665c4cdbdd527036aeb3068f264e55e-thumbnail-2000x2000-80.jpg","width":800,"height":800},{"@type":"BreadcrumbList","@id":"https:\/\/myfitmenu.es\/salud-2\/hair-skin-nails-60-caps\/#breadcrumb","itemListElement":[{"@type":"ListItem","position":1,"name":"Portada","item":"https:\/\/myfitmenu.es\/"},{"@type":"ListItem","position":2,"name":"Shop","item":"http:\/\/myfitmenu.es\/en\/shop\/"},{"@type":"ListItem","position":3,"name":"Hair, skin &amp; nails 60 caps"}]},{"@type":"WebSite","@id":"https:\/\/myfitmenu.es\/#website","url":"https:\/\/myfitmenu.es\/","name":"My Fit Menu","description":"","potentialAction":[{"@type":"SearchAction","target":{"@type":"EntryPoint","urlTemplate":"https:\/\/myfitmenu.es\/?s={search_term_string}"},"query-input":{"@type":"PropertyValueSpecification","valueRequired":true,"valueName":"search_term_string"}}],"inLanguage":"en-GB"}]}},"_links":{"self":[{"href":"https:\/\/myfitmenu.es\/en\/wp-json\/wp\/v2\/product\/16900","targetHints":{"allow":["GET"]}}],"collection":[{"href":"https:\/\/myfitmenu.es\/en\/wp-json\/wp\/v2\/product"}],"about":[{"href":"https:\/\/myfitmenu.es\/en\/wp-json\/wp\/v2\/types\/product"}],"replies":[{"embeddable":true,"href":"https:\/\/myfitmenu.es\/en\/wp-json\/wp\/v2\/comments?post=16900"}],"version-history":[{"count":9,"href":"https:\/\/myfitmenu.es\/en\/wp-json\/wp\/v2\/product\/16900\/revisions"}],"predecessor-version":[{"id":20064,"href":"https:\/\/myfitmenu.es\/en\/wp-json\/wp\/v2\/product\/16900\/revisions\/20064"}],"wp:featuredmedia":[{"embeddable":true,"href":"https:\/\/myfitmenu.es\/en\/wp-json\/wp\/v2\/media\/18496"}],"wp:attachment":[{"href":"https:\/\/myfitmenu.es\/en\/wp-json\/wp\/v2\/media?parent=16900"}],"wp:term":[{"taxonomy":"product_brand","embeddable":true,"href":"https:\/\/myfitmenu.es\/en\/wp-json\/wp\/v2\/product_brand?post=16900"},{"taxonomy":"product_cat","embeddable":true,"href":"https:\/\/myfitmenu.es\/en\/wp-json\/wp\/v2\/product_cat?post=16900"},{"taxonomy":"product_tag","embeddable":true,"href":"https:\/\/myfitmenu.es\/en\/wp-json\/wp\/v2\/product_tag?post=16900"}],"curies":[{"name":"wp","href":"https:\/\/api.w.org\/{rel}","templated":true}]}}