{"id":20887,"date":"2026-03-24T16:44:47","date_gmt":"2026-03-24T16:44:47","guid":{"rendered":"https:\/\/myfitmenu.es\/sin categor\u00eda\/probiotic-advanced-multi-strain-60-caps-applied-nutrition\/"},"modified":"2026-04-23T11:05:11","modified_gmt":"2026-04-23T11:05:11","slug":"probiotic-advanced-multi-strain-60-caps-applied-nutrition","status":"publish","type":"product","link":"http:\/\/myfitmenu.es\/en\/suplementacion-online\/probiotic-advanced-multi-strain-60-caps-applied-nutrition\/","title":{"rendered":"Probiotic Advanced Multi Strain 60 caps Applied nutrition"},"content":{"rendered":"<p><strong>Probiotic Advanced<\/strong> es una f\u00f3rmula avanzada que contiene <strong>10 mil millones de UFC (Unidades Formadoras de Colonias)<\/strong> por dosis, dise\u00f1ada para promover una digesti\u00f3n \u00f3ptima, proteger tu sistema inmunol\u00f3gico y ayudar a mantener el equilibrio saludable de tu cuerpo. Con una mezcla \u00fanica de probi\u00f3ticos, esta f\u00f3rmula apoya la salud gastrointestinal y puede contribuir a la gesti\u00f3n saludable del peso.<strong><\/strong><\/p>\n<p><strong>Fabricado bajo Buenas Pr\u00e1cticas de Fabricaci\u00f3n (GMP)<\/strong>:<br \/>Este producto se fabrica en instalaciones que siguen estrictos controles de calidad para asegurar que cumpla con los est\u00e1ndares m\u00e1s altos y las especificaciones del producto.<strong><\/strong><\/p>\n<p>\u00a1Tu aliado perfecto para mantener un equilibrio digestivo y fortalecer tu sistema inmunol\u00f3gico! Aporta los probi\u00f3ticos necesarios para mejorar tu bienestar general y proteger tu salud.<\/p>\n<p><\/p>\n<ul>\n<li><strong>10 mil millones de UFC<\/strong> por dosis para un apoyo probi\u00f3tico potente.<\/li>\n<li><strong>Bacterias vivas amigables<\/strong> para promover una digesti\u00f3n saludable.<\/li>\n<li>It helps to <strong>mantener la salud gastrointestinal<\/strong>.<\/li>\n<li><strong>Refuerza la salud inmune<\/strong>, protegiendo el organismo de posibles agresiones externas.<\/li>\n<li><strong>Promueve un manejo de peso saludable<\/strong>.<\/li>\n<li><strong>Certificaci\u00f3n 100% Vegana y Halal<\/strong>, ideal para todos los estilos de vida.<\/li>\n<\/ul>\n<p><\/p>\n<p>Take <strong>2 capsules per day<\/strong>.<\/p>\n<\/p>\n<ul>\n<li>Cepas bacterianas: Saccharomyces Boulardii, Lactobacillus Acidophilus, Bifidobacterium Longum, Bifidobacterium Infantis, Lactobacillus Casei, Lactobacillus Rhamnosus, Streptococcus Thermophilus, Lactobacillus Plantarum, Bifidobacterium Breve, Bifidobacterium Bifidum.<\/li>\n<li>Fructo-oligosac\u00e1ridos.<\/li>\n<li>Arroz en polvo (agente de carga).<\/li>\n<li>HPMC (c\u00e1psula vegetariana).<\/li>\n<li>S\u00edlice.<\/li>\n<li>Estearato de magnesio (antiaglomerante).<\/li>\n<li><\/li>\n<li><span>Cada lote de este producto se somete a pruebas de sustancias prohibidas bajo un programa de monitoreo. Los productos pasan por rigurosas pruebas en un laboratorio acreditado <\/span><strong>ISO 17025<\/strong><span> para garantizar el m\u00e1s alto nivel de seguridad para los atletas.<\/span><\/li>\n<\/ul>","protected":false},"excerpt":{"rendered":"<p><strong style=\"font-size: 16px\">Probiotic Advanced &#8211; F\u00f3rmula Multi-Cepa para la Salud Digestiva y Inmunol\u00f3gica<\/strong><br style=\"font-size: 16px\" \/><strong style=\"font-size: 16px\">60 C\u00e1psulas | 57g | 30 Dosis<\/strong><\/p>","protected":false},"featured_media":20888,"comment_status":"open","ping_status":"closed","template":"","meta":{"inline_featured_image":false},"product_brand":[],"product_cat":[206,98],"product_tag":[],"class_list":{"0":"post-20887","1":"product","2":"type-product","3":"status-publish","4":"has-post-thumbnail","6":"product_cat-salud-2","7":"product_cat-suplementacion-online","8":"pa_sa_color_unico-color-unico","9":"pa_sa_talla_unica-talla-unica","11":"first","12":"instock","13":"taxable","14":"shipping-taxable","15":"purchasable","16":"product-type-simple"},"acf":[],"yoast_head":"<!-- This site is optimized with the Yoast SEO plugin v27.1.1 - https:\/\/yoast.com\/product\/yoast-seo-wordpress\/ -->\n<title>Probiotic Advanced Multi Strain 60 caps Applied nutrition - My Fit Menu<\/title>\n<meta name=\"robots\" content=\"index, follow, max-snippet:-1, max-image-preview:large, max-video-preview:-1\" \/>\n<link rel=\"canonical\" href=\"https:\/\/myfitmenu.es\/en\/sin%20categor\u00eda\/probiotic-advanced-multi-strain-60-caps-applied-nutrition\/\" \/>\n<meta property=\"og:locale\" content=\"en_GB\" \/>\n<meta property=\"og:type\" content=\"article\" \/>\n<meta property=\"og:title\" content=\"Probiotic Advanced Multi Strain 60 caps Applied nutrition - My Fit Menu\" \/>\n<meta property=\"og:description\" content=\"Probiotic Advanced - F\u00f3rmula Multi-Cepa para la Salud Digestiva y Inmunol\u00f3gica60 C\u00e1psulas | 57g | 30 Dosis\" \/>\n<meta property=\"og:url\" content=\"https:\/\/myfitmenu.es\/en\/sin categor\u00eda\/probiotic-advanced-multi-strain-60-caps-applied-nutrition\/\" \/>\n<meta property=\"og:site_name\" content=\"My Fit Menu\" \/>\n<meta property=\"article:modified_time\" content=\"2026-04-23T11:05:11+00:00\" \/>\n<meta name=\"twitter:card\" content=\"summary_large_image\" \/>\n<meta name=\"twitter:label1\" content=\"Estimated reading time\" \/>\n\t<meta name=\"twitter:data1\" content=\"1 minute\" \/>\n<script type=\"application\/ld+json\" class=\"yoast-schema-graph\">{\"@context\":\"https:\/\/schema.org\",\"@graph\":[{\"@type\":\"WebPage\",\"@id\":\"https:\/\/myfitmenu.es\/sin categor\u00eda\/probiotic-advanced-multi-strain-60-caps-applied-nutrition\/\",\"url\":\"https:\/\/myfitmenu.es\/sin categor\u00eda\/probiotic-advanced-multi-strain-60-caps-applied-nutrition\/\",\"name\":\"Probiotic Advanced Multi Strain 60 caps Applied nutrition - My Fit Menu\",\"isPartOf\":{\"@id\":\"https:\/\/myfitmenu.es\/#website\"},\"primaryImageOfPage\":{\"@id\":\"https:\/\/myfitmenu.es\/sin categor\u00eda\/probiotic-advanced-multi-strain-60-caps-applied-nutrition\/#primaryimage\"},\"image\":{\"@id\":\"https:\/\/myfitmenu.es\/sin categor\u00eda\/probiotic-advanced-multi-strain-60-caps-applied-nutrition\/#primaryimage\"},\"thumbnailUrl\":\"https:\/\/myfitmenu.es\/wp-content\/uploads\/2026\/03\/EUR-Probiotic-Capsules_4abd37f3-a9e5-4df2-8aeb-86fcbf9021f5.jpg-thumbnail-2000x2000-1.webp\",\"datePublished\":\"2026-03-24T16:44:47+00:00\",\"dateModified\":\"2026-04-23T11:05:11+00:00\",\"breadcrumb\":{\"@id\":\"https:\/\/myfitmenu.es\/sin categor\u00eda\/probiotic-advanced-multi-strain-60-caps-applied-nutrition\/#breadcrumb\"},\"inLanguage\":\"en-GB\",\"potentialAction\":[{\"@type\":\"ReadAction\",\"target\":[\"https:\/\/myfitmenu.es\/sin categor\u00eda\/probiotic-advanced-multi-strain-60-caps-applied-nutrition\/\"]}]},{\"@type\":\"ImageObject\",\"inLanguage\":\"en-GB\",\"@id\":\"https:\/\/myfitmenu.es\/sin categor\u00eda\/probiotic-advanced-multi-strain-60-caps-applied-nutrition\/#primaryimage\",\"url\":\"https:\/\/myfitmenu.es\/wp-content\/uploads\/2026\/03\/EUR-Probiotic-Capsules_4abd37f3-a9e5-4df2-8aeb-86fcbf9021f5.jpg-thumbnail-2000x2000-1.webp\",\"contentUrl\":\"https:\/\/myfitmenu.es\/wp-content\/uploads\/2026\/03\/EUR-Probiotic-Capsules_4abd37f3-a9e5-4df2-8aeb-86fcbf9021f5.jpg-thumbnail-2000x2000-1.webp\",\"width\":1100,\"height\":1100},{\"@type\":\"BreadcrumbList\",\"@id\":\"https:\/\/myfitmenu.es\/sin categor\u00eda\/probiotic-advanced-multi-strain-60-caps-applied-nutrition\/#breadcrumb\",\"itemListElement\":[{\"@type\":\"ListItem\",\"position\":1,\"name\":\"Portada\",\"item\":\"https:\/\/myfitmenu.es\/\"},{\"@type\":\"ListItem\",\"position\":2,\"name\":\"Shop\",\"item\":\"http:\/\/myfitmenu.es\/en\/shop\/\"},{\"@type\":\"ListItem\",\"position\":3,\"name\":\"Probiotic Advanced Multi Strain 60 caps Applied nutrition\"}]},{\"@type\":\"WebSite\",\"@id\":\"https:\/\/myfitmenu.es\/#website\",\"url\":\"https:\/\/myfitmenu.es\/\",\"name\":\"My Fit Menu\",\"description\":\"\",\"potentialAction\":[{\"@type\":\"SearchAction\",\"target\":{\"@type\":\"EntryPoint\",\"urlTemplate\":\"https:\/\/myfitmenu.es\/?s={search_term_string}\"},\"query-input\":{\"@type\":\"PropertyValueSpecification\",\"valueRequired\":true,\"valueName\":\"search_term_string\"}}],\"inLanguage\":\"en-GB\"}]}<\/script>\n<!-- \/ Yoast SEO plugin. -->","yoast_head_json":{"title":"Probiotic Advanced Multi Strain 60 caps Applied nutrition - My Fit Menu","robots":{"index":"index","follow":"follow","max-snippet":"max-snippet:-1","max-image-preview":"max-image-preview:large","max-video-preview":"max-video-preview:-1"},"canonical":"https:\/\/myfitmenu.es\/en\/sin categor\u00eda\/probiotic-advanced-multi-strain-60-caps-applied-nutrition\/","og_locale":"en_GB","og_type":"article","og_title":"Probiotic Advanced Multi Strain 60 caps Applied nutrition - My Fit Menu","og_description":"Probiotic Advanced - F\u00f3rmula Multi-Cepa para la Salud Digestiva y Inmunol\u00f3gica60 C\u00e1psulas | 57g | 30 Dosis","og_url":"https:\/\/myfitmenu.es\/en\/sin categor\u00eda\/probiotic-advanced-multi-strain-60-caps-applied-nutrition\/","og_site_name":"My Fit Menu","article_modified_time":"2026-04-23T11:05:11+00:00","twitter_card":"summary_large_image","twitter_misc":{"Estimated reading time":"1 minute"},"schema":{"@context":"https:\/\/schema.org","@graph":[{"@type":"WebPage","@id":"https:\/\/myfitmenu.es\/sin categor\u00eda\/probiotic-advanced-multi-strain-60-caps-applied-nutrition\/","url":"https:\/\/myfitmenu.es\/sin categor\u00eda\/probiotic-advanced-multi-strain-60-caps-applied-nutrition\/","name":"Probiotic Advanced Multi Strain 60 caps Applied nutrition - My Fit Menu","isPartOf":{"@id":"https:\/\/myfitmenu.es\/#website"},"primaryImageOfPage":{"@id":"https:\/\/myfitmenu.es\/sin categor\u00eda\/probiotic-advanced-multi-strain-60-caps-applied-nutrition\/#primaryimage"},"image":{"@id":"https:\/\/myfitmenu.es\/sin categor\u00eda\/probiotic-advanced-multi-strain-60-caps-applied-nutrition\/#primaryimage"},"thumbnailUrl":"https:\/\/myfitmenu.es\/wp-content\/uploads\/2026\/03\/EUR-Probiotic-Capsules_4abd37f3-a9e5-4df2-8aeb-86fcbf9021f5.jpg-thumbnail-2000x2000-1.webp","datePublished":"2026-03-24T16:44:47+00:00","dateModified":"2026-04-23T11:05:11+00:00","breadcrumb":{"@id":"https:\/\/myfitmenu.es\/sin categor\u00eda\/probiotic-advanced-multi-strain-60-caps-applied-nutrition\/#breadcrumb"},"inLanguage":"en-GB","potentialAction":[{"@type":"ReadAction","target":["https:\/\/myfitmenu.es\/sin categor\u00eda\/probiotic-advanced-multi-strain-60-caps-applied-nutrition\/"]}]},{"@type":"ImageObject","inLanguage":"en-GB","@id":"https:\/\/myfitmenu.es\/sin categor\u00eda\/probiotic-advanced-multi-strain-60-caps-applied-nutrition\/#primaryimage","url":"https:\/\/myfitmenu.es\/wp-content\/uploads\/2026\/03\/EUR-Probiotic-Capsules_4abd37f3-a9e5-4df2-8aeb-86fcbf9021f5.jpg-thumbnail-2000x2000-1.webp","contentUrl":"https:\/\/myfitmenu.es\/wp-content\/uploads\/2026\/03\/EUR-Probiotic-Capsules_4abd37f3-a9e5-4df2-8aeb-86fcbf9021f5.jpg-thumbnail-2000x2000-1.webp","width":1100,"height":1100},{"@type":"BreadcrumbList","@id":"https:\/\/myfitmenu.es\/sin categor\u00eda\/probiotic-advanced-multi-strain-60-caps-applied-nutrition\/#breadcrumb","itemListElement":[{"@type":"ListItem","position":1,"name":"Portada","item":"https:\/\/myfitmenu.es\/"},{"@type":"ListItem","position":2,"name":"Shop","item":"http:\/\/myfitmenu.es\/en\/shop\/"},{"@type":"ListItem","position":3,"name":"Probiotic Advanced Multi Strain 60 caps Applied nutrition"}]},{"@type":"WebSite","@id":"https:\/\/myfitmenu.es\/#website","url":"https:\/\/myfitmenu.es\/","name":"My Fit Menu","description":"","potentialAction":[{"@type":"SearchAction","target":{"@type":"EntryPoint","urlTemplate":"https:\/\/myfitmenu.es\/?s={search_term_string}"},"query-input":{"@type":"PropertyValueSpecification","valueRequired":true,"valueName":"search_term_string"}}],"inLanguage":"en-GB"}]}},"_links":{"self":[{"href":"http:\/\/myfitmenu.es\/en\/wp-json\/wp\/v2\/product\/20887","targetHints":{"allow":["GET"]}}],"collection":[{"href":"http:\/\/myfitmenu.es\/en\/wp-json\/wp\/v2\/product"}],"about":[{"href":"http:\/\/myfitmenu.es\/en\/wp-json\/wp\/v2\/types\/product"}],"replies":[{"embeddable":true,"href":"http:\/\/myfitmenu.es\/en\/wp-json\/wp\/v2\/comments?post=20887"}],"version-history":[{"count":0,"href":"http:\/\/myfitmenu.es\/en\/wp-json\/wp\/v2\/product\/20887\/revisions"}],"wp:featuredmedia":[{"embeddable":true,"href":"http:\/\/myfitmenu.es\/en\/wp-json\/wp\/v2\/media\/20888"}],"wp:attachment":[{"href":"http:\/\/myfitmenu.es\/en\/wp-json\/wp\/v2\/media?parent=20887"}],"wp:term":[{"taxonomy":"product_brand","embeddable":true,"href":"http:\/\/myfitmenu.es\/en\/wp-json\/wp\/v2\/product_brand?post=20887"},{"taxonomy":"product_cat","embeddable":true,"href":"http:\/\/myfitmenu.es\/en\/wp-json\/wp\/v2\/product_cat?post=20887"},{"taxonomy":"product_tag","embeddable":true,"href":"http:\/\/myfitmenu.es\/en\/wp-json\/wp\/v2\/product_tag?post=20887"}],"curies":[{"name":"wp","href":"https:\/\/api.w.org\/{rel}","templated":true}]}}