{"id":20882,"date":"2026-03-18T15:45:16","date_gmt":"2026-03-18T15:45:16","guid":{"rendered":"https:\/\/myfitmenu.es\/sin categor\u00eda\/ginseng-siberiano-vege-120-comprimidos-ostrovit\/"},"modified":"2026-03-18T15:45:28","modified_gmt":"2026-03-18T15:45:28","slug":"ginseng-siberiano-vege-120-comprimidos-ostrovit","status":"publish","type":"product","link":"http:\/\/myfitmenu.es\/en\/suplementacion-online\/ginseng-siberiano-vege-120-comprimidos-ostrovit\/","title":{"rendered":"Ginseng Siberiano VEGE 120 comprimidos OstroVit"},"content":{"rendered":"<ul>\n<li><strong>Contiene ginseng siberiano<\/strong>\u00a0&#8211; una porci\u00f3n del complemento alimenticio aporta al organismo 300 mg de ginseng siberiano estandarizado al 1,2% de eleuter\u00f3sidos.<\/li>\n<li><strong>Suitable for vegetarians and vegans<\/strong>\u00a0- the product contains no ingredients of animal origin.<\/li>\n<li><strong>1 serving = 1 tablet<\/strong>.<\/li>\n<li><strong>Performance<\/strong>\u00a0&#8211; el envase del producto contiene 120 comprimidos, suficientes para cuatro meses de suplementaci\u00f3n regular.<\/li>\n<li><strong>Practical<\/strong>\u00a0- the preparation is available in easy-to-swallow tablets for trouble-free delivery of the dietary supplement.<\/li>\n<\/ul>\n<h2>OstroVit Ginseng Siberiano VEGE &#8211; un valioso suplemento diet\u00e9tico<\/h2>\n<p><strong>Ginseng siberiano<\/strong>, tambi\u00e9n conocida como eleutherococcus spinosus, es una planta del g\u00e9nero eleutherococcus que se da de forma natural en Siberia y el noreste de China. Es una materia prima que contiene muchos compuestos bioactivos valiosos: en la planta se pueden encontrar fitoesteroles, cumarinas o aceites esenciales, pero la principal sustancia activa presente en el ginseng siberiano son los eleuter\u00f3sidos, es decir, las sustancias org\u00e1nicas responsables de la mayor\u00eda de las propiedades de la planta.<\/p>\n<p>Curiosamente, la ra\u00edz de ginseng siberiano puede utilizarse m.en. como ingrediente de suplementos diet\u00e9ticos tras s\u00f3lo un a\u00f1o de cultivo, en contraste con el ginseng propiamente dicho, que necesita de 5 a 9 a\u00f1os.<\/p>\n<p>El ginseng siberiano utilizado en OstroVit est\u00e1 estandarizado al 1,2% de eleuter\u00f3sidos, lo que tiene un efecto positivo en la calidad del suplemento diet\u00e9tico y significa que cada porci\u00f3n del producto se distingue por su alto contenido del valioso compuesto.<\/p>\n<p>Laboratory-confirmed quality<\/p>\n<p>Concerned about the health of our customers and to guarantee and maintain the highest quality, all our products are regularly tested in an independent accredited laboratory.<\/p>\n<p>Tomar 1 dosis (1 comprimido) al d\u00eda.<\/p>\n<p>No superar la dosis diaria recomendada. El complemento alimenticio no debe utilizarse como sustituto (reemplazo) de una dieta variada. Se recomienda una dieta equilibrada y un estilo de vida saludable. No consumir en caso de alergia a alguno de los ingredientes del producto. El producto no debe ser utilizado por ni\u00f1os, mujeres embarazadas y madres lactantes. Mantener fuera del alcance de los ni\u00f1os peque\u00f1os.<\/p>\n<h3><strong>Ingredients<\/strong><\/h3>\n<p>Extracto de ra\u00edz de ginseng siberiano (Eleutherococcus senticosus (Rupr. et Maxim.) Maxim) estandarizado al 1,2% de eleuter\u00f3sidos, agente de carga: celulosa microcristalina; almid\u00f3n, antiaglomerantes: di\u00f3xido de silicio.<\/p>\n<p>Fabricado en una planta que utiliza ingredientes derivados de la leche (incluida la lactosa), la soja, los cacahuetes, otros frutos secos, cereales que contienen gluten, huevos, mariscos y pescado.<\/p>\n<h3><strong>Nutritional value<\/strong><\/h3>\n<p>Peso neto del producto: 63 gN\u00famero de raciones por envase: 120Tama\u00f1o de la porci\u00f3n: 1 comprimido<\/p>\n<table>\n<tbody>\n<tr>\n<th>Active ingredients<\/th>\n<th>Per portion<\/th>\n<\/tr>\n<tr>\n<td>Extracto de ra\u00edz de ginseng siberiano<\/td>\n<td>300 mg<\/td>\n<\/tr>\n<tr>\n<td>&#8211; de los cuales eleuter\u00f3sidos\u00a0(1.2%)<\/td>\n<td>3.6 mg<\/td>\n<\/tr>\n<\/tbody>\n<\/table>","protected":false},"excerpt":{"rendered":"<p>OstroVit Ginseng Siberiano VEGE es un complemento alimenticio que contiene extracto de ginseng siberiano estandarizado al 1,2% de eleuter\u00f3sidos. Se trata de un preparado vegano disponible en forma de c\u00e1psulas f\u00e1ciles de tragar, dise\u00f1ado para consumidores conscientes que desean un valioso complemento para su dieta diaria.<\/p>","protected":false},"featured_media":20883,"comment_status":"open","ping_status":"closed","template":"","meta":{"inline_featured_image":false},"product_brand":[],"product_cat":[206,325,98],"product_tag":[],"class_list":{"0":"post-20882","1":"product","2":"type-product","3":"status-publish","4":"has-post-thumbnail","6":"product_cat-salud-2","7":"product_cat-vitaminas-y-minerales-2","8":"product_cat-suplementacion-online","9":"pa_sa_color_unico-color-unico","10":"pa_sa_talla_unica-talla-unica","12":"first","13":"instock","14":"taxable","15":"shipping-taxable","16":"purchasable","17":"product-type-simple"},"acf":[],"yoast_head":"<!-- This site is optimized with the Yoast SEO plugin v27.1.1 - https:\/\/yoast.com\/product\/yoast-seo-wordpress\/ -->\n<title>Ginseng Siberiano VEGE 120 comprimidos OstroVit - My Fit Menu<\/title>\n<meta name=\"robots\" content=\"index, follow, max-snippet:-1, max-image-preview:large, max-video-preview:-1\" \/>\n<link rel=\"canonical\" href=\"https:\/\/myfitmenu.es\/en\/sin%20categor\u00eda\/ginseng-siberiano-vege-120-comprimidos-ostrovit\/\" \/>\n<meta property=\"og:locale\" content=\"en_GB\" \/>\n<meta property=\"og:type\" content=\"article\" \/>\n<meta property=\"og:title\" content=\"Ginseng Siberiano VEGE 120 comprimidos OstroVit - My Fit Menu\" \/>\n<meta property=\"og:description\" content=\"OstroVit Ginseng Siberiano VEGE es un complemento alimenticio que contiene extracto de ginseng siberiano estandarizado al 1,2% de eleuter\u00f3sidos. Se trata de un preparado vegano disponible en forma de c\u00e1psulas f\u00e1ciles de tragar, dise\u00f1ado para consumidores conscientes que desean un valioso complemento para su dieta diaria.\" \/>\n<meta property=\"og:url\" content=\"https:\/\/myfitmenu.es\/en\/sin categor\u00eda\/ginseng-siberiano-vege-120-comprimidos-ostrovit\/\" \/>\n<meta property=\"og:site_name\" content=\"My Fit Menu\" \/>\n<meta property=\"article:modified_time\" content=\"2026-03-18T15:45:28+00:00\" \/>\n<meta name=\"twitter:card\" content=\"summary_large_image\" \/>\n<meta name=\"twitter:label1\" content=\"Estimated reading time\" \/>\n\t<meta name=\"twitter:data1\" content=\"2 minutes\" \/>\n<script type=\"application\/ld+json\" class=\"yoast-schema-graph\">{\"@context\":\"https:\/\/schema.org\",\"@graph\":[{\"@type\":\"WebPage\",\"@id\":\"https:\/\/myfitmenu.es\/sin categor\u00eda\/ginseng-siberiano-vege-120-comprimidos-ostrovit\/\",\"url\":\"https:\/\/myfitmenu.es\/sin categor\u00eda\/ginseng-siberiano-vege-120-comprimidos-ostrovit\/\",\"name\":\"Ginseng Siberiano VEGE 120 comprimidos OstroVit - My Fit Menu\",\"isPartOf\":{\"@id\":\"https:\/\/myfitmenu.es\/#website\"},\"primaryImageOfPage\":{\"@id\":\"https:\/\/myfitmenu.es\/sin categor\u00eda\/ginseng-siberiano-vege-120-comprimidos-ostrovit\/#primaryimage\"},\"image\":{\"@id\":\"https:\/\/myfitmenu.es\/sin categor\u00eda\/ginseng-siberiano-vege-120-comprimidos-ostrovit\/#primaryimage\"},\"thumbnailUrl\":\"https:\/\/myfitmenu.es\/wp-content\/uploads\/2026\/03\/spa_pm_OstroVit-Ginseng-Siberiano-VEGE-120-comprimidos-25609_1-thumbnail-2000x2000-1.png\",\"datePublished\":\"2026-03-18T15:45:16+00:00\",\"dateModified\":\"2026-03-18T15:45:28+00:00\",\"breadcrumb\":{\"@id\":\"https:\/\/myfitmenu.es\/sin categor\u00eda\/ginseng-siberiano-vege-120-comprimidos-ostrovit\/#breadcrumb\"},\"inLanguage\":\"en-GB\",\"potentialAction\":[{\"@type\":\"ReadAction\",\"target\":[\"https:\/\/myfitmenu.es\/sin categor\u00eda\/ginseng-siberiano-vege-120-comprimidos-ostrovit\/\"]}]},{\"@type\":\"ImageObject\",\"inLanguage\":\"en-GB\",\"@id\":\"https:\/\/myfitmenu.es\/sin categor\u00eda\/ginseng-siberiano-vege-120-comprimidos-ostrovit\/#primaryimage\",\"url\":\"https:\/\/myfitmenu.es\/wp-content\/uploads\/2026\/03\/spa_pm_OstroVit-Ginseng-Siberiano-VEGE-120-comprimidos-25609_1-thumbnail-2000x2000-1.png\",\"contentUrl\":\"https:\/\/myfitmenu.es\/wp-content\/uploads\/2026\/03\/spa_pm_OstroVit-Ginseng-Siberiano-VEGE-120-comprimidos-25609_1-thumbnail-2000x2000-1.png\",\"width\":450,\"height\":450},{\"@type\":\"BreadcrumbList\",\"@id\":\"https:\/\/myfitmenu.es\/sin categor\u00eda\/ginseng-siberiano-vege-120-comprimidos-ostrovit\/#breadcrumb\",\"itemListElement\":[{\"@type\":\"ListItem\",\"position\":1,\"name\":\"Portada\",\"item\":\"https:\/\/myfitmenu.es\/\"},{\"@type\":\"ListItem\",\"position\":2,\"name\":\"Shop\",\"item\":\"http:\/\/myfitmenu.es\/en\/shop\/\"},{\"@type\":\"ListItem\",\"position\":3,\"name\":\"Ginseng Siberiano VEGE 120 comprimidos OstroVit\"}]},{\"@type\":\"WebSite\",\"@id\":\"https:\/\/myfitmenu.es\/#website\",\"url\":\"https:\/\/myfitmenu.es\/\",\"name\":\"My Fit Menu\",\"description\":\"\",\"potentialAction\":[{\"@type\":\"SearchAction\",\"target\":{\"@type\":\"EntryPoint\",\"urlTemplate\":\"https:\/\/myfitmenu.es\/?s={search_term_string}\"},\"query-input\":{\"@type\":\"PropertyValueSpecification\",\"valueRequired\":true,\"valueName\":\"search_term_string\"}}],\"inLanguage\":\"en-GB\"}]}<\/script>\n<!-- \/ Yoast SEO plugin. -->","yoast_head_json":{"title":"Ginseng Siberiano VEGE 120 comprimidos OstroVit - My Fit Menu","robots":{"index":"index","follow":"follow","max-snippet":"max-snippet:-1","max-image-preview":"max-image-preview:large","max-video-preview":"max-video-preview:-1"},"canonical":"https:\/\/myfitmenu.es\/en\/sin categor\u00eda\/ginseng-siberiano-vege-120-comprimidos-ostrovit\/","og_locale":"en_GB","og_type":"article","og_title":"Ginseng Siberiano VEGE 120 comprimidos OstroVit - My Fit Menu","og_description":"OstroVit Ginseng Siberiano VEGE es un complemento alimenticio que contiene extracto de ginseng siberiano estandarizado al 1,2% de eleuter\u00f3sidos. Se trata de un preparado vegano disponible en forma de c\u00e1psulas f\u00e1ciles de tragar, dise\u00f1ado para consumidores conscientes que desean un valioso complemento para su dieta diaria.","og_url":"https:\/\/myfitmenu.es\/en\/sin categor\u00eda\/ginseng-siberiano-vege-120-comprimidos-ostrovit\/","og_site_name":"My Fit Menu","article_modified_time":"2026-03-18T15:45:28+00:00","twitter_card":"summary_large_image","twitter_misc":{"Estimated reading time":"2 minutes"},"schema":{"@context":"https:\/\/schema.org","@graph":[{"@type":"WebPage","@id":"https:\/\/myfitmenu.es\/sin categor\u00eda\/ginseng-siberiano-vege-120-comprimidos-ostrovit\/","url":"https:\/\/myfitmenu.es\/sin categor\u00eda\/ginseng-siberiano-vege-120-comprimidos-ostrovit\/","name":"Ginseng Siberiano VEGE 120 comprimidos OstroVit - My Fit Menu","isPartOf":{"@id":"https:\/\/myfitmenu.es\/#website"},"primaryImageOfPage":{"@id":"https:\/\/myfitmenu.es\/sin categor\u00eda\/ginseng-siberiano-vege-120-comprimidos-ostrovit\/#primaryimage"},"image":{"@id":"https:\/\/myfitmenu.es\/sin categor\u00eda\/ginseng-siberiano-vege-120-comprimidos-ostrovit\/#primaryimage"},"thumbnailUrl":"https:\/\/myfitmenu.es\/wp-content\/uploads\/2026\/03\/spa_pm_OstroVit-Ginseng-Siberiano-VEGE-120-comprimidos-25609_1-thumbnail-2000x2000-1.png","datePublished":"2026-03-18T15:45:16+00:00","dateModified":"2026-03-18T15:45:28+00:00","breadcrumb":{"@id":"https:\/\/myfitmenu.es\/sin categor\u00eda\/ginseng-siberiano-vege-120-comprimidos-ostrovit\/#breadcrumb"},"inLanguage":"en-GB","potentialAction":[{"@type":"ReadAction","target":["https:\/\/myfitmenu.es\/sin categor\u00eda\/ginseng-siberiano-vege-120-comprimidos-ostrovit\/"]}]},{"@type":"ImageObject","inLanguage":"en-GB","@id":"https:\/\/myfitmenu.es\/sin categor\u00eda\/ginseng-siberiano-vege-120-comprimidos-ostrovit\/#primaryimage","url":"https:\/\/myfitmenu.es\/wp-content\/uploads\/2026\/03\/spa_pm_OstroVit-Ginseng-Siberiano-VEGE-120-comprimidos-25609_1-thumbnail-2000x2000-1.png","contentUrl":"https:\/\/myfitmenu.es\/wp-content\/uploads\/2026\/03\/spa_pm_OstroVit-Ginseng-Siberiano-VEGE-120-comprimidos-25609_1-thumbnail-2000x2000-1.png","width":450,"height":450},{"@type":"BreadcrumbList","@id":"https:\/\/myfitmenu.es\/sin categor\u00eda\/ginseng-siberiano-vege-120-comprimidos-ostrovit\/#breadcrumb","itemListElement":[{"@type":"ListItem","position":1,"name":"Portada","item":"https:\/\/myfitmenu.es\/"},{"@type":"ListItem","position":2,"name":"Shop","item":"http:\/\/myfitmenu.es\/en\/shop\/"},{"@type":"ListItem","position":3,"name":"Ginseng Siberiano VEGE 120 comprimidos OstroVit"}]},{"@type":"WebSite","@id":"https:\/\/myfitmenu.es\/#website","url":"https:\/\/myfitmenu.es\/","name":"My Fit Menu","description":"","potentialAction":[{"@type":"SearchAction","target":{"@type":"EntryPoint","urlTemplate":"https:\/\/myfitmenu.es\/?s={search_term_string}"},"query-input":{"@type":"PropertyValueSpecification","valueRequired":true,"valueName":"search_term_string"}}],"inLanguage":"en-GB"}]}},"_links":{"self":[{"href":"http:\/\/myfitmenu.es\/en\/wp-json\/wp\/v2\/product\/20882","targetHints":{"allow":["GET"]}}],"collection":[{"href":"http:\/\/myfitmenu.es\/en\/wp-json\/wp\/v2\/product"}],"about":[{"href":"http:\/\/myfitmenu.es\/en\/wp-json\/wp\/v2\/types\/product"}],"replies":[{"embeddable":true,"href":"http:\/\/myfitmenu.es\/en\/wp-json\/wp\/v2\/comments?post=20882"}],"version-history":[{"count":0,"href":"http:\/\/myfitmenu.es\/en\/wp-json\/wp\/v2\/product\/20882\/revisions"}],"wp:featuredmedia":[{"embeddable":true,"href":"http:\/\/myfitmenu.es\/en\/wp-json\/wp\/v2\/media\/20883"}],"wp:attachment":[{"href":"http:\/\/myfitmenu.es\/en\/wp-json\/wp\/v2\/media?parent=20882"}],"wp:term":[{"taxonomy":"product_brand","embeddable":true,"href":"http:\/\/myfitmenu.es\/en\/wp-json\/wp\/v2\/product_brand?post=20882"},{"taxonomy":"product_cat","embeddable":true,"href":"http:\/\/myfitmenu.es\/en\/wp-json\/wp\/v2\/product_cat?post=20882"},{"taxonomy":"product_tag","embeddable":true,"href":"http:\/\/myfitmenu.es\/en\/wp-json\/wp\/v2\/product_tag?post=20882"}],"curies":[{"name":"wp","href":"https:\/\/api.w.org\/{rel}","templated":true}]}}