{"id":20774,"date":"2026-01-26T15:53:35","date_gmt":"2026-01-26T15:53:35","guid":{"rendered":"https:\/\/myfitmenu.es\/sin categor\u00eda\/ashwagandha-ksm-66-90-caps-haya-labs\/"},"modified":"2026-02-27T13:17:06","modified_gmt":"2026-02-27T13:17:06","slug":"ashwagandha-ksm-66-90-caps-haya-labs","status":"publish","type":"product","link":"http:\/\/myfitmenu.es\/en\/suplementacion-online\/ashwagandha-ksm-66-90-caps-haya-labs\/","title":{"rendered":"Ashwagandha KSM-66 90 caps Haya Labs"},"content":{"rendered":"<p><strong style=\"font-size: 13px;vertical-align: baseline\"><b>Benefits:<\/b><\/strong><br style=\"font-size: 13px\" \/><br style=\"font-size: 13px\" \/><span style=\"font-size: 13px;float: none\">Supports the immune system<\/span><br style=\"font-size: 13px\" \/><span style=\"font-size: 13px;float: none\">Increases energy levels.<\/span><br style=\"font-size: 13px\" \/><span style=\"font-size: 13px;float: none\">Improves sleep quality.<\/span><br style=\"font-size: 13px\" \/><span style=\"font-size: 13px;float: none\">Improves memory and concentration.<\/span><br style=\"font-size: 13px\" \/><span style=\"font-size: 13px;float: none\">Improves physical endurance.<\/span><br style=\"font-size: 13px\" \/><span style=\"font-size: 13px;float: none\">Promotes hormonal balance.<\/span><br style=\"font-size: 13px\" \/><span style=\"font-size: 13px;float: none\">Reduces stress and anxiety.<\/span><br style=\"font-size: 13px\" \/><span style=\"font-size: 13px;float: none\">It reduces inflammation in the body.<\/span><br style=\"font-size: 13px\" \/><br style=\"font-size: 13px\" \/><span style=\"font-size: 13px;float: none\">The extract <\/span><strong style=\"font-size: 13px;vertical-align: baseline\"><b>KSM-66<\/b><\/strong><span style=\"font-size: 13px;float: none\"> is recognised as the most potent and purest form available, ensuring you get the maximum benefits of ashwagandha with every dose. It has the ability to support immune function, promote hormonal balance and improve sleep quality.<\/span><br style=\"font-size: 13px\" \/><br style=\"font-size: 13px\" \/><br style=\"font-size: 13px\" \/><strong style=\"font-size: 13px;vertical-align: baseline\"><b>Ashwagandha KSM-66<\/b><\/strong><span style=\"font-size: 13px;float: none\"> is a premium supplement designed to bring balance and harmony to your body and mind. Ashwagandha is an ancient medicinal herb known for its adaptogenic properties, meaning it helps the body adapt to stress and maintain homeostasis.<\/span><br style=\"font-size: 13px\" \/><br style=\"font-size: 13px\" \/><br style=\"font-size: 13px\" \/><span style=\"font-size: 13px;float: none\">Take <\/span><strong style=\"font-size: 13px;vertical-align: baseline\"><b>Ashwagandha KSM-66<\/b><\/strong><span style=\"font-size: 13px;float: none\"> is like giving your body a relaxing and energising hug. This dietary supplement works by regulating your body's response to stress, reducing cortisol levels and promoting a sense of calm and relaxation. This adaptogen also supports brain health by improving memory, concentration and cognitive function. Not only will your mind benefit, but this powerful herb also improves physical endurance and energy levels, making it a favourite for anyone in today's fast-paced world.<\/span><br style=\"font-size: 13px\" \/><br style=\"font-size: 13px\" \/><br style=\"font-size: 13px\" \/><strong style=\"font-size: 13px;vertical-align: baseline\"><b>Dosage:<\/b><\/strong><span style=\"font-size: 13px;float: none\"> 1 capsule<\/span><br style=\"font-size: 13px\" \/><strong style=\"font-size: 13px;vertical-align: baseline\"><b>Dosage per container:<\/b><\/strong><span style=\"font-size: 13px;float: none\"> 90<\/span><br style=\"font-size: 13px\" \/><strong style=\"font-size: 13px;vertical-align: baseline\"><b>Recommended intake:<\/b><\/strong><span style=\"font-size: 13px;float: none\"> 1 dose per day<\/span><\/p>","protected":false},"excerpt":{"rendered":"<p><strong style=\"font-size: 13px;vertical-align: baseline\"><b>Ashwagandha KSM-66<\/b><\/strong><span style=\"font-size: 13px;float: none\"> is a dietary supplement that harnesses the power of the most highly concentrated ashwagandha root extract, known as <\/span><strong style=\"font-size: 13px;vertical-align: baseline\"><b>KSM-66<\/b><\/strong><span style=\"font-size: 13px;float: none\">. If you're looking for a natural way to increase vitality, reduce stress and improve metabolism, consider taking <\/span><strong style=\"font-size: 13px;vertical-align: baseline\"><b>Ashwagandha KSM-66.<\/b><\/strong><br style=\"font-size: 13px\" \/><\/p>","protected":false},"featured_media":20775,"comment_status":"open","ping_status":"closed","template":"","meta":{"inline_featured_image":false},"product_brand":[],"product_cat":[386,206,98],"product_tag":[],"class_list":{"0":"post-20774","1":"product","2":"type-product","3":"status-publish","4":"has-post-thumbnail","6":"product_cat-mejora-del-sueno-2","7":"product_cat-salud-2","8":"product_cat-suplementacion-online","9":"pa_sa_color_unico-color-unico","10":"pa_sa_talla_unica-talla-unica","12":"first","13":"outofstock","14":"taxable","15":"shipping-taxable","16":"purchasable","17":"product-type-simple"},"acf":[],"yoast_head":"<!-- This site is optimized with the Yoast SEO plugin v27.1.1 - https:\/\/yoast.com\/product\/yoast-seo-wordpress\/ -->\n<title>Ashwagandha KSM-66 90 caps Haya Labs - My Fit Menu<\/title>\n<meta name=\"robots\" content=\"index, follow, max-snippet:-1, max-image-preview:large, max-video-preview:-1\" \/>\n<link rel=\"canonical\" href=\"https:\/\/myfitmenu.es\/en\/sin%20categor\u00eda\/ashwagandha-ksm-66-90-caps-haya-labs\/\" \/>\n<meta property=\"og:locale\" content=\"en_GB\" \/>\n<meta property=\"og:type\" content=\"article\" \/>\n<meta property=\"og:title\" content=\"Ashwagandha KSM-66 90 caps Haya Labs - My Fit Menu\" \/>\n<meta property=\"og:description\" content=\"Ashwagandha KSM-66 es un suplemento diet\u00e9tico que aprovecha el poder del extracto de ra\u00edz de ashwagandha de mayor concentraci\u00f3n, conocido como KSM-66. Si est\u00e1 buscando una forma natural de aumentar la vitalidad, reducir el estr\u00e9s y mejorar el metabolismo, considere tomar Ashwagandha KSM-66.\" \/>\n<meta property=\"og:url\" content=\"https:\/\/myfitmenu.es\/en\/sin categor\u00eda\/ashwagandha-ksm-66-90-caps-haya-labs\/\" \/>\n<meta property=\"og:site_name\" content=\"My Fit Menu\" \/>\n<meta property=\"article:modified_time\" content=\"2026-02-27T13:17:06+00:00\" \/>\n<meta name=\"twitter:card\" content=\"summary_large_image\" \/>\n<meta name=\"twitter:label1\" content=\"Estimated reading time\" \/>\n\t<meta name=\"twitter:data1\" content=\"1 minute\" \/>\n<script type=\"application\/ld+json\" class=\"yoast-schema-graph\">{\"@context\":\"https:\/\/schema.org\",\"@graph\":[{\"@type\":\"WebPage\",\"@id\":\"https:\/\/myfitmenu.es\/sin categor\u00eda\/ashwagandha-ksm-66-90-caps-haya-labs\/\",\"url\":\"https:\/\/myfitmenu.es\/sin categor\u00eda\/ashwagandha-ksm-66-90-caps-haya-labs\/\",\"name\":\"Ashwagandha KSM-66 90 caps Haya Labs - My Fit Menu\",\"isPartOf\":{\"@id\":\"https:\/\/myfitmenu.es\/#website\"},\"primaryImageOfPage\":{\"@id\":\"https:\/\/myfitmenu.es\/sin categor\u00eda\/ashwagandha-ksm-66-90-caps-haya-labs\/#primaryimage\"},\"image\":{\"@id\":\"https:\/\/myfitmenu.es\/sin categor\u00eda\/ashwagandha-ksm-66-90-caps-haya-labs\/#primaryimage\"},\"thumbnailUrl\":\"https:\/\/myfitmenu.es\/wp-content\/uploads\/2026\/01\/ashwagandha-ksm-66-90-caps-thumbnail-2000x2000-80.jpg\",\"datePublished\":\"2026-01-26T15:53:35+00:00\",\"dateModified\":\"2026-02-27T13:17:06+00:00\",\"breadcrumb\":{\"@id\":\"https:\/\/myfitmenu.es\/sin categor\u00eda\/ashwagandha-ksm-66-90-caps-haya-labs\/#breadcrumb\"},\"inLanguage\":\"en-GB\",\"potentialAction\":[{\"@type\":\"ReadAction\",\"target\":[\"https:\/\/myfitmenu.es\/sin categor\u00eda\/ashwagandha-ksm-66-90-caps-haya-labs\/\"]}]},{\"@type\":\"ImageObject\",\"inLanguage\":\"en-GB\",\"@id\":\"https:\/\/myfitmenu.es\/sin categor\u00eda\/ashwagandha-ksm-66-90-caps-haya-labs\/#primaryimage\",\"url\":\"https:\/\/myfitmenu.es\/wp-content\/uploads\/2026\/01\/ashwagandha-ksm-66-90-caps-thumbnail-2000x2000-80.jpg\",\"contentUrl\":\"https:\/\/myfitmenu.es\/wp-content\/uploads\/2026\/01\/ashwagandha-ksm-66-90-caps-thumbnail-2000x2000-80.jpg\",\"width\":458,\"height\":458},{\"@type\":\"BreadcrumbList\",\"@id\":\"https:\/\/myfitmenu.es\/sin categor\u00eda\/ashwagandha-ksm-66-90-caps-haya-labs\/#breadcrumb\",\"itemListElement\":[{\"@type\":\"ListItem\",\"position\":1,\"name\":\"Portada\",\"item\":\"https:\/\/myfitmenu.es\/\"},{\"@type\":\"ListItem\",\"position\":2,\"name\":\"Shop\",\"item\":\"http:\/\/myfitmenu.es\/en\/shop\/\"},{\"@type\":\"ListItem\",\"position\":3,\"name\":\"Ashwagandha KSM-66 90 caps Haya Labs\"}]},{\"@type\":\"WebSite\",\"@id\":\"https:\/\/myfitmenu.es\/#website\",\"url\":\"https:\/\/myfitmenu.es\/\",\"name\":\"My Fit Menu\",\"description\":\"\",\"potentialAction\":[{\"@type\":\"SearchAction\",\"target\":{\"@type\":\"EntryPoint\",\"urlTemplate\":\"https:\/\/myfitmenu.es\/?s={search_term_string}\"},\"query-input\":{\"@type\":\"PropertyValueSpecification\",\"valueRequired\":true,\"valueName\":\"search_term_string\"}}],\"inLanguage\":\"en-GB\"}]}<\/script>\n<!-- \/ Yoast SEO plugin. -->","yoast_head_json":{"title":"Ashwagandha KSM-66 90 caps Haya Labs - My Fit Menu","robots":{"index":"index","follow":"follow","max-snippet":"max-snippet:-1","max-image-preview":"max-image-preview:large","max-video-preview":"max-video-preview:-1"},"canonical":"https:\/\/myfitmenu.es\/en\/sin categor\u00eda\/ashwagandha-ksm-66-90-caps-haya-labs\/","og_locale":"en_GB","og_type":"article","og_title":"Ashwagandha KSM-66 90 caps Haya Labs - My Fit Menu","og_description":"Ashwagandha KSM-66 es un suplemento diet\u00e9tico que aprovecha el poder del extracto de ra\u00edz de ashwagandha de mayor concentraci\u00f3n, conocido como KSM-66. Si est\u00e1 buscando una forma natural de aumentar la vitalidad, reducir el estr\u00e9s y mejorar el metabolismo, considere tomar Ashwagandha KSM-66.","og_url":"https:\/\/myfitmenu.es\/en\/sin categor\u00eda\/ashwagandha-ksm-66-90-caps-haya-labs\/","og_site_name":"My Fit Menu","article_modified_time":"2026-02-27T13:17:06+00:00","twitter_card":"summary_large_image","twitter_misc":{"Estimated reading time":"1 minute"},"schema":{"@context":"https:\/\/schema.org","@graph":[{"@type":"WebPage","@id":"https:\/\/myfitmenu.es\/sin categor\u00eda\/ashwagandha-ksm-66-90-caps-haya-labs\/","url":"https:\/\/myfitmenu.es\/sin categor\u00eda\/ashwagandha-ksm-66-90-caps-haya-labs\/","name":"Ashwagandha KSM-66 90 caps Haya Labs - My Fit Menu","isPartOf":{"@id":"https:\/\/myfitmenu.es\/#website"},"primaryImageOfPage":{"@id":"https:\/\/myfitmenu.es\/sin categor\u00eda\/ashwagandha-ksm-66-90-caps-haya-labs\/#primaryimage"},"image":{"@id":"https:\/\/myfitmenu.es\/sin categor\u00eda\/ashwagandha-ksm-66-90-caps-haya-labs\/#primaryimage"},"thumbnailUrl":"https:\/\/myfitmenu.es\/wp-content\/uploads\/2026\/01\/ashwagandha-ksm-66-90-caps-thumbnail-2000x2000-80.jpg","datePublished":"2026-01-26T15:53:35+00:00","dateModified":"2026-02-27T13:17:06+00:00","breadcrumb":{"@id":"https:\/\/myfitmenu.es\/sin categor\u00eda\/ashwagandha-ksm-66-90-caps-haya-labs\/#breadcrumb"},"inLanguage":"en-GB","potentialAction":[{"@type":"ReadAction","target":["https:\/\/myfitmenu.es\/sin categor\u00eda\/ashwagandha-ksm-66-90-caps-haya-labs\/"]}]},{"@type":"ImageObject","inLanguage":"en-GB","@id":"https:\/\/myfitmenu.es\/sin categor\u00eda\/ashwagandha-ksm-66-90-caps-haya-labs\/#primaryimage","url":"https:\/\/myfitmenu.es\/wp-content\/uploads\/2026\/01\/ashwagandha-ksm-66-90-caps-thumbnail-2000x2000-80.jpg","contentUrl":"https:\/\/myfitmenu.es\/wp-content\/uploads\/2026\/01\/ashwagandha-ksm-66-90-caps-thumbnail-2000x2000-80.jpg","width":458,"height":458},{"@type":"BreadcrumbList","@id":"https:\/\/myfitmenu.es\/sin categor\u00eda\/ashwagandha-ksm-66-90-caps-haya-labs\/#breadcrumb","itemListElement":[{"@type":"ListItem","position":1,"name":"Portada","item":"https:\/\/myfitmenu.es\/"},{"@type":"ListItem","position":2,"name":"Shop","item":"http:\/\/myfitmenu.es\/en\/shop\/"},{"@type":"ListItem","position":3,"name":"Ashwagandha KSM-66 90 caps Haya Labs"}]},{"@type":"WebSite","@id":"https:\/\/myfitmenu.es\/#website","url":"https:\/\/myfitmenu.es\/","name":"My Fit Menu","description":"","potentialAction":[{"@type":"SearchAction","target":{"@type":"EntryPoint","urlTemplate":"https:\/\/myfitmenu.es\/?s={search_term_string}"},"query-input":{"@type":"PropertyValueSpecification","valueRequired":true,"valueName":"search_term_string"}}],"inLanguage":"en-GB"}]}},"_links":{"self":[{"href":"http:\/\/myfitmenu.es\/en\/wp-json\/wp\/v2\/product\/20774","targetHints":{"allow":["GET"]}}],"collection":[{"href":"http:\/\/myfitmenu.es\/en\/wp-json\/wp\/v2\/product"}],"about":[{"href":"http:\/\/myfitmenu.es\/en\/wp-json\/wp\/v2\/types\/product"}],"replies":[{"embeddable":true,"href":"http:\/\/myfitmenu.es\/en\/wp-json\/wp\/v2\/comments?post=20774"}],"version-history":[{"count":0,"href":"http:\/\/myfitmenu.es\/en\/wp-json\/wp\/v2\/product\/20774\/revisions"}],"wp:featuredmedia":[{"embeddable":true,"href":"http:\/\/myfitmenu.es\/en\/wp-json\/wp\/v2\/media\/20775"}],"wp:attachment":[{"href":"http:\/\/myfitmenu.es\/en\/wp-json\/wp\/v2\/media?parent=20774"}],"wp:term":[{"taxonomy":"product_brand","embeddable":true,"href":"http:\/\/myfitmenu.es\/en\/wp-json\/wp\/v2\/product_brand?post=20774"},{"taxonomy":"product_cat","embeddable":true,"href":"http:\/\/myfitmenu.es\/en\/wp-json\/wp\/v2\/product_cat?post=20774"},{"taxonomy":"product_tag","embeddable":true,"href":"http:\/\/myfitmenu.es\/en\/wp-json\/wp\/v2\/product_tag?post=20774"}],"curies":[{"name":"wp","href":"https:\/\/api.w.org\/{rel}","templated":true}]}}