{"id":20732,"date":"2025-12-11T12:03:10","date_gmt":"2025-12-11T12:03:10","guid":{"rendered":"https:\/\/myfitmenu.es\/sin categor\u00eda\/creatina-fiesta-kojak-250gr-big-supps\/"},"modified":"2026-04-17T16:33:15","modified_gmt":"2026-04-17T16:33:15","slug":"creatina-fiesta-kojak-250gr-big-supps","status":"publish","type":"product","link":"http:\/\/myfitmenu.es\/en\/suplementacion-online\/creatina-fiesta-kojak-250gr-big-supps\/","title":{"rendered":"Creatine Fiesta Kojak 250g Big Supps"},"content":{"rendered":"<h5>Creapure is the patented market leader in creatine monohydrate, offering a pure 100% product, especially suitable for high intensity athletes as its novel formulation ensures fast and complete absorption. Creapure\u00ae creatine is produced in Germany from the best raw materials and meets the highest quality standards. Suitable for vegetarian and vegan diets.<\/h5>\n<h5>Get to know the new flavour in detail <strong>CREABIG FIESTA\u00ae caramel KOJAK\u00ae flavour<\/strong><\/h5>\n<p><i><\/i><\/p>\n<h5>Is it safe to take CREABIG FIESTA\u00ae creatine in KOJAK\u00ae caramel flavour?<\/h5>\n<p><strong>YES.<\/strong> Creatine is one of the most studied supplements on the market and its beneficial effect has been widely demonstrated. The recommended daily dose of CREABIG is safe for healthy athletes.<\/p>\n<p><i><\/i><\/p>\n<h5>Can I take CREABIG FIESTA\u00ae KOJAK\u00ae caramel flavour sublingually?<\/h5>\n<p><strong>NO.<\/strong> The sour cherry flavour of traditional KOJAK\u00ae candy is very sharp, so it is not recommended to be taken sublingually. We recommend taking the recommended daily dose diluted in 125ml of water, with the possibility of adding a couple of ice cubes to make the intake even more refreshing.<\/p>\n<p><i><\/i><\/p>\n<h5>Is CREABIG FIESTA\u00ae KOJAK\u00ae caramel flavour suitable for women?<\/h5>\n<p><strong>YES.<\/strong> CREABIG FIESTA\u00ae caramel flavour KOJAK\u00ae does not contain hormonal substances and therefore has no side effects related to the sex of the athlete. Not only is there no contraindication, but there is also some evidence of therapeutic benefits that creatine supplementation has on women in terms of mental health, bone and muscle health later in life.<\/p>\n<p><i><\/i><\/p>\n<h5>BIG\u00ae TIP<\/h5>\n<p>Creatine supplementation has a cumulative effect until a saturation point is reached. Although you can use the formula of ingesting 0.1g of product per kilo of body weight, the recommended daily intake of 4g of CREABIG FIESTA\u00ae KOJAK\u00ae candy flavour per day will help you reach saturation point in approximately 3-4 weeks. Do not hesitate to consult the information published in our blog section to learn more about the positive effects that CREABIG FIESTA\u00ae caramel flavour KOJAK\u00ae has on your workouts.<\/p>\n<table class=\"nutri_info table is-striped is-hoverable\">NUTRITIONAL INFORMATION<\/p>\n<tbody>\n<tr>\n<td><\/td>\n<td>100g<\/td>\n<td>4g<\/td>\n<\/tr>\n<tr>\n<td>Energy value<\/td>\n<td>201.82kJ \/ 48.3kcal<\/td>\n<td>8.07kJ \/ 1.93kcal<\/td>\n<\/tr>\n<tr>\n<td>Fats<\/td>\n<td>0g<\/td>\n<td>0g<\/td>\n<\/tr>\n<tr>\n<td>of which saturated<\/td>\n<td>0g<\/td>\n<td>0g<\/td>\n<\/tr>\n<tr>\n<td>Carbohydrates<\/td>\n<td>12g<\/td>\n<td>0.48g<\/td>\n<\/tr>\n<tr>\n<td>of which sugars<\/td>\n<td>0.2g<\/td>\n<td>0.003g<\/td>\n<\/tr>\n<tr>\n<td>Dietary fibre<\/td>\n<td>0.2g<\/td>\n<td>0.006g<\/td>\n<\/tr>\n<tr>\n<td>Proteins<\/td>\n<td>0g<\/td>\n<td>0.g<\/td>\n<\/tr>\n<tr>\n<td>Salt<\/td>\n<td>0g<\/td>\n<td>0.g<\/td>\n<\/tr>\n<\/tbody>\n<\/table>\n<table class=\"nutri_info table is-striped is-hoverable\">AMOUNT OF NUTRIENTS PER RECOMMENDED DAILY ALLOWANCE<\/p>\n<tbody>\n<tr>\n<td>Ingredients<\/td>\n<td>4g<\/td>\n<\/tr>\n<tr>\n<td>Creatine monohydrate<\/td>\n<td>3g<\/td>\n<\/tr>\n<\/tbody>\n<\/table>","protected":false},"excerpt":{"rendered":"<p><span>We present in collaboration with Fiesta the new CREABIG FIESTA creatine KOJAK candy flavour, a combination of the best creatine monohydrate available on the market with the Creapure patent, the most genuine taste of your childhood with Fiesta's Kojak candy and the experience of your trusted sports supplementation brand Big.<\/span><\/p>","protected":false},"featured_media":20733,"comment_status":"open","ping_status":"closed","template":"","meta":{"inline_featured_image":false},"product_brand":[],"product_cat":[205,98],"product_tag":[],"class_list":{"0":"post-20732","1":"product","2":"type-product","3":"status-publish","4":"has-post-thumbnail","6":"product_cat-creatina-2","7":"product_cat-suplementacion-online","8":"pa_sa_color_unico-color-unico","9":"pa_sa_talla_unica-talla-unica","11":"first","12":"outofstock","13":"taxable","14":"shipping-taxable","15":"purchasable","16":"product-type-simple"},"acf":[],"yoast_head":"<!-- This site is optimized with the Yoast SEO plugin v27.1.1 - https:\/\/yoast.com\/product\/yoast-seo-wordpress\/ -->\n<title>Creatina Fiesta Kojak 250gr Big Supps - My Fit Menu<\/title>\n<meta name=\"robots\" content=\"index, follow, max-snippet:-1, max-image-preview:large, max-video-preview:-1\" \/>\n<link rel=\"canonical\" href=\"https:\/\/myfitmenu.es\/en\/sin%20categor\u00eda\/creatina-fiesta-kojak-250gr-big-supps\/\" \/>\n<meta property=\"og:locale\" content=\"en_GB\" \/>\n<meta property=\"og:type\" content=\"article\" \/>\n<meta property=\"og:title\" content=\"Creatina Fiesta Kojak 250gr Big Supps - My Fit Menu\" \/>\n<meta property=\"og:description\" content=\"Presentamos en colaboraci\u00f3n con Fiesta la nueva creatina CREABIG FIESTA sabor caramelo KOJAK, una combinaci\u00f3n de la mejor creatina monohidrato disponible en el mercado con la patente Creapure, el sabor m\u00e1s genu\u00edno de tu infancia con el caramelo Kojak de Fiesta y la experiencia de tu marca de suplementaci\u00f3n deportiva de confianza Big.\" \/>\n<meta property=\"og:url\" content=\"https:\/\/myfitmenu.es\/en\/sin categor\u00eda\/creatina-fiesta-kojak-250gr-big-supps\/\" \/>\n<meta property=\"og:site_name\" content=\"My Fit Menu\" \/>\n<meta property=\"article:modified_time\" content=\"2026-04-17T16:33:15+00:00\" \/>\n<meta name=\"twitter:card\" content=\"summary_large_image\" \/>\n<meta name=\"twitter:label1\" content=\"Estimated reading time\" \/>\n\t<meta name=\"twitter:data1\" content=\"2 minutes\" \/>\n<script type=\"application\/ld+json\" class=\"yoast-schema-graph\">{\"@context\":\"https:\/\/schema.org\",\"@graph\":[{\"@type\":\"WebPage\",\"@id\":\"https:\/\/myfitmenu.es\/sin categor\u00eda\/creatina-fiesta-kojak-250gr-big-supps\/\",\"url\":\"https:\/\/myfitmenu.es\/sin categor\u00eda\/creatina-fiesta-kojak-250gr-big-supps\/\",\"name\":\"Creatina Fiesta Kojak 250gr Big Supps - My Fit Menu\",\"isPartOf\":{\"@id\":\"https:\/\/myfitmenu.es\/#website\"},\"primaryImageOfPage\":{\"@id\":\"https:\/\/myfitmenu.es\/sin categor\u00eda\/creatina-fiesta-kojak-250gr-big-supps\/#primaryimage\"},\"image\":{\"@id\":\"https:\/\/myfitmenu.es\/sin categor\u00eda\/creatina-fiesta-kojak-250gr-big-supps\/#primaryimage\"},\"thumbnailUrl\":\"https:\/\/myfitmenu.es\/wp-content\/uploads\/2025\/12\/CREABIG250KOJAKweb_02_460x.jpg-thumbnail-2000x2000-1.webp\",\"datePublished\":\"2025-12-11T12:03:10+00:00\",\"dateModified\":\"2026-04-17T16:33:15+00:00\",\"breadcrumb\":{\"@id\":\"https:\/\/myfitmenu.es\/sin categor\u00eda\/creatina-fiesta-kojak-250gr-big-supps\/#breadcrumb\"},\"inLanguage\":\"en-GB\",\"potentialAction\":[{\"@type\":\"ReadAction\",\"target\":[\"https:\/\/myfitmenu.es\/sin categor\u00eda\/creatina-fiesta-kojak-250gr-big-supps\/\"]}]},{\"@type\":\"ImageObject\",\"inLanguage\":\"en-GB\",\"@id\":\"https:\/\/myfitmenu.es\/sin categor\u00eda\/creatina-fiesta-kojak-250gr-big-supps\/#primaryimage\",\"url\":\"https:\/\/myfitmenu.es\/wp-content\/uploads\/2025\/12\/CREABIG250KOJAKweb_02_460x.jpg-thumbnail-2000x2000-1.webp\",\"contentUrl\":\"https:\/\/myfitmenu.es\/wp-content\/uploads\/2025\/12\/CREABIG250KOJAKweb_02_460x.jpg-thumbnail-2000x2000-1.webp\",\"width\":460,\"height\":552},{\"@type\":\"BreadcrumbList\",\"@id\":\"https:\/\/myfitmenu.es\/sin categor\u00eda\/creatina-fiesta-kojak-250gr-big-supps\/#breadcrumb\",\"itemListElement\":[{\"@type\":\"ListItem\",\"position\":1,\"name\":\"Portada\",\"item\":\"https:\/\/myfitmenu.es\/\"},{\"@type\":\"ListItem\",\"position\":2,\"name\":\"Shop\",\"item\":\"http:\/\/myfitmenu.es\/en\/shop\/\"},{\"@type\":\"ListItem\",\"position\":3,\"name\":\"Creatina Fiesta Kojak 250gr Big Supps\"}]},{\"@type\":\"WebSite\",\"@id\":\"https:\/\/myfitmenu.es\/#website\",\"url\":\"https:\/\/myfitmenu.es\/\",\"name\":\"My Fit Menu\",\"description\":\"\",\"potentialAction\":[{\"@type\":\"SearchAction\",\"target\":{\"@type\":\"EntryPoint\",\"urlTemplate\":\"https:\/\/myfitmenu.es\/?s={search_term_string}\"},\"query-input\":{\"@type\":\"PropertyValueSpecification\",\"valueRequired\":true,\"valueName\":\"search_term_string\"}}],\"inLanguage\":\"en-GB\"}]}<\/script>\n<!-- \/ Yoast SEO plugin. -->","yoast_head_json":{"title":"Creatina Fiesta Kojak 250gr Big Supps - My Fit Menu","robots":{"index":"index","follow":"follow","max-snippet":"max-snippet:-1","max-image-preview":"max-image-preview:large","max-video-preview":"max-video-preview:-1"},"canonical":"https:\/\/myfitmenu.es\/en\/sin categor\u00eda\/creatina-fiesta-kojak-250gr-big-supps\/","og_locale":"en_GB","og_type":"article","og_title":"Creatina Fiesta Kojak 250gr Big Supps - My Fit Menu","og_description":"Presentamos en colaboraci\u00f3n con Fiesta la nueva creatina CREABIG FIESTA sabor caramelo KOJAK, una combinaci\u00f3n de la mejor creatina monohidrato disponible en el mercado con la patente Creapure, el sabor m\u00e1s genu\u00edno de tu infancia con el caramelo Kojak de Fiesta y la experiencia de tu marca de suplementaci\u00f3n deportiva de confianza Big.","og_url":"https:\/\/myfitmenu.es\/en\/sin categor\u00eda\/creatina-fiesta-kojak-250gr-big-supps\/","og_site_name":"My Fit Menu","article_modified_time":"2026-04-17T16:33:15+00:00","twitter_card":"summary_large_image","twitter_misc":{"Estimated reading time":"2 minutes"},"schema":{"@context":"https:\/\/schema.org","@graph":[{"@type":"WebPage","@id":"https:\/\/myfitmenu.es\/sin categor\u00eda\/creatina-fiesta-kojak-250gr-big-supps\/","url":"https:\/\/myfitmenu.es\/sin categor\u00eda\/creatina-fiesta-kojak-250gr-big-supps\/","name":"Creatina Fiesta Kojak 250gr Big Supps - My Fit Menu","isPartOf":{"@id":"https:\/\/myfitmenu.es\/#website"},"primaryImageOfPage":{"@id":"https:\/\/myfitmenu.es\/sin categor\u00eda\/creatina-fiesta-kojak-250gr-big-supps\/#primaryimage"},"image":{"@id":"https:\/\/myfitmenu.es\/sin categor\u00eda\/creatina-fiesta-kojak-250gr-big-supps\/#primaryimage"},"thumbnailUrl":"https:\/\/myfitmenu.es\/wp-content\/uploads\/2025\/12\/CREABIG250KOJAKweb_02_460x.jpg-thumbnail-2000x2000-1.webp","datePublished":"2025-12-11T12:03:10+00:00","dateModified":"2026-04-17T16:33:15+00:00","breadcrumb":{"@id":"https:\/\/myfitmenu.es\/sin categor\u00eda\/creatina-fiesta-kojak-250gr-big-supps\/#breadcrumb"},"inLanguage":"en-GB","potentialAction":[{"@type":"ReadAction","target":["https:\/\/myfitmenu.es\/sin categor\u00eda\/creatina-fiesta-kojak-250gr-big-supps\/"]}]},{"@type":"ImageObject","inLanguage":"en-GB","@id":"https:\/\/myfitmenu.es\/sin categor\u00eda\/creatina-fiesta-kojak-250gr-big-supps\/#primaryimage","url":"https:\/\/myfitmenu.es\/wp-content\/uploads\/2025\/12\/CREABIG250KOJAKweb_02_460x.jpg-thumbnail-2000x2000-1.webp","contentUrl":"https:\/\/myfitmenu.es\/wp-content\/uploads\/2025\/12\/CREABIG250KOJAKweb_02_460x.jpg-thumbnail-2000x2000-1.webp","width":460,"height":552},{"@type":"BreadcrumbList","@id":"https:\/\/myfitmenu.es\/sin categor\u00eda\/creatina-fiesta-kojak-250gr-big-supps\/#breadcrumb","itemListElement":[{"@type":"ListItem","position":1,"name":"Portada","item":"https:\/\/myfitmenu.es\/"},{"@type":"ListItem","position":2,"name":"Shop","item":"http:\/\/myfitmenu.es\/en\/shop\/"},{"@type":"ListItem","position":3,"name":"Creatina Fiesta Kojak 250gr Big Supps"}]},{"@type":"WebSite","@id":"https:\/\/myfitmenu.es\/#website","url":"https:\/\/myfitmenu.es\/","name":"My Fit Menu","description":"","potentialAction":[{"@type":"SearchAction","target":{"@type":"EntryPoint","urlTemplate":"https:\/\/myfitmenu.es\/?s={search_term_string}"},"query-input":{"@type":"PropertyValueSpecification","valueRequired":true,"valueName":"search_term_string"}}],"inLanguage":"en-GB"}]}},"_links":{"self":[{"href":"http:\/\/myfitmenu.es\/en\/wp-json\/wp\/v2\/product\/20732","targetHints":{"allow":["GET"]}}],"collection":[{"href":"http:\/\/myfitmenu.es\/en\/wp-json\/wp\/v2\/product"}],"about":[{"href":"http:\/\/myfitmenu.es\/en\/wp-json\/wp\/v2\/types\/product"}],"replies":[{"embeddable":true,"href":"http:\/\/myfitmenu.es\/en\/wp-json\/wp\/v2\/comments?post=20732"}],"version-history":[{"count":0,"href":"http:\/\/myfitmenu.es\/en\/wp-json\/wp\/v2\/product\/20732\/revisions"}],"wp:featuredmedia":[{"embeddable":true,"href":"http:\/\/myfitmenu.es\/en\/wp-json\/wp\/v2\/media\/20733"}],"wp:attachment":[{"href":"http:\/\/myfitmenu.es\/en\/wp-json\/wp\/v2\/media?parent=20732"}],"wp:term":[{"taxonomy":"product_brand","embeddable":true,"href":"http:\/\/myfitmenu.es\/en\/wp-json\/wp\/v2\/product_brand?post=20732"},{"taxonomy":"product_cat","embeddable":true,"href":"http:\/\/myfitmenu.es\/en\/wp-json\/wp\/v2\/product_cat?post=20732"},{"taxonomy":"product_tag","embeddable":true,"href":"http:\/\/myfitmenu.es\/en\/wp-json\/wp\/v2\/product_tag?post=20732"}],"curies":[{"name":"wp","href":"https:\/\/api.w.org\/{rel}","templated":true}]}}