{"id":20688,"date":"2025-11-19T19:05:40","date_gmt":"2025-11-19T19:05:40","guid":{"rendered":"https:\/\/myfitmenu.es\/sin categor\u00eda\/vitamina-b12-120-tabs-ostrovit\/"},"modified":"2026-05-02T13:28:49","modified_gmt":"2026-05-02T13:28:49","slug":"vitamina-b12-120-tabs-ostrovit","status":"publish","type":"product","link":"http:\/\/myfitmenu.es\/en\/suplementacion-online\/vitamina-b12-120-tabs-ostrovit\/","title":{"rendered":"Vitamin B12 120 tabs Ostrovit"},"content":{"rendered":"<ul>\n<li><strong>Source of vitamin B12 in its best form<\/strong> - one serving of the dietary supplement contains 100 \u00b5g of methylcobalamin, a compound that is absorbed much more quickly and remains in the body for longer, compared to other forms of vitamin B12.<\/li>\n<li><strong>1 serving = 1 tablet<\/strong>.<\/li>\n<li><strong>Performance<\/strong> - the product package contains up to 120 portions.<\/li>\n<li><strong>Practical<\/strong> - available in easy-to-swallow tablets. <\/li>\n<li><strong>Suitable for vegetarians and vegans<\/strong> - the food supplement contains no ingredients of animal origin.<\/li>\n<\/ul>\n<h2>OstroVit Vitamin B12 Methylcobalamin 100 \u00b5g - well absorbed source of vitamin B12<\/h2>\n<p><strong>Vitamin B12<\/strong>cobalamin, also known as cobalamin or red vitamin, is an organic chemical compound, classified as a water-soluble B vitamin. It is an organometallic substance in which there are bonds between metal ions (in this case cobalt) and various molecules and anions. <\/p>\n<p><strong>Vitamin B12<\/strong> is found naturally in animal products. The compound is found in meat, milk and dairy products, as well as fish and seafood. Some vegan products, such as plant-based drinks and breakfast cereals, are also fortified with the substance to ensure an adequate supply of the compound for people who limit or eliminate animal products, which are a natural source of the valuable micronutrient, from their daily diet.<\/p>\n<p><strong>Vitamin B12<\/strong> is available in different forms that differ in their degree of absorption and assimilation. OstroVit uses methylcobalamin in its preparation, a compound that is highly bioavailable and easily absorbed by the body. It is an active form which also supplies the body with methyl groups, and is therefore particularly recommended for people with disorders related to methylation processes. Methylcobalamin is rapidly absorbed and remains longer in the tissues, and does not contain the harmful cyanide. The OstroVit dietary supplement is therefore a valuable addition to the daily diet, ensuring the supply of a micronutrient of the highest quality. <\/p>\n<h2>Properties of the ingredients contained in OstroVit Vitamin B12 Methylcobalamin 100 \u00b5g<\/h2>\n<p>Vitamin B12 present in the preparation:<\/p>\n<ul>\n<li>Contributes to the maintenance of normal energy metabolism,<\/li>\n<li>Helps the nervous and immune systems to function properly,<\/li>\n<li>Supports the maintenance of optimal homocysteine metabolism,<\/li>\n<li>Helps maintain normal psychological functions,<\/li>\n<li>Helps to reduce the feeling of fatigue and tiredness,<\/li>\n<li>Promotes adequate production of red blood cells,<\/li>\n<li>It is involved in the process of cell division.<\/li>\n<\/ul>\n<p>Take 1 dose (1 tablet) per day. This product is intended for adults.<\/p>\n<p>Do not exceed the recommended daily dose. The food supplement should not be used as a substitute (replacement) for a varied diet. A balanced diet and a healthy lifestyle are recommended. Do not use if allergic to any of the ingredients of the product. The product should not be used by children and nursing mothers. Keep out of the reach of young children.<\/p>\n<p>Store at 15-25\u00b0C, in closed container, in a dry place. Protect from direct sunlight.<\/p>\n<h3><strong>Ingredients<\/strong><\/h3>\n<p>Bulking agent: microcrystalline cellulose; starch; anti-caking agents: magnesium salts of fatty acids, silicon dioxide; methylcobalamin (vitamin B12).<\/p>\n<p>Manufactured in a facility that uses ingredients derived from milk (including lactose), soya, peanuts, other nuts, sesame seeds, cereals containing gluten, eggs, shellfish, fish.<\/p>\n<h3><strong>Nutritional value<\/strong><\/h3>\n<p>Net product weight: 11 gNumber of servings per container: 120Serving size: 1 tablet<\/p>\n<table>\n<tbody>\n<tr>\n<th>Active ingredients<\/th>\n<th>Per portion<\/th>\n<th>% IDR* % IDR* % IDR* % IDR<\/th>\n<\/tr>\n<tr>\n<td>Vitamin B12<\/td>\n<td>100 \u00b5g<\/td>\n<td>4000%<\/td>\n<\/tr>\n<\/tbody>\n<\/table>\n<p>*Dietary Reference Intakes (DRIs)<\/p>","protected":false},"excerpt":{"rendered":"<p><span style=\"font-size: 14px;text-align: left;float: none\">OstroVit Vitamin B12 Methylcobalamin 100 \u00b5g is a high quality dietary supplement that provides a source of vitamin B in its best form: methylcobalamin. Available in easy-to-swallow tablet form, it is designed for people who need to supplement their daily diet with the valuable micronutrient.<\/span><\/p>","protected":false},"featured_media":20689,"comment_status":"open","ping_status":"closed","template":"","meta":{"inline_featured_image":false},"product_brand":[],"product_cat":[206,325,98],"product_tag":[],"class_list":{"0":"post-20688","1":"product","2":"type-product","3":"status-publish","4":"has-post-thumbnail","6":"product_cat-salud-2","7":"product_cat-vitaminas-y-minerales-2","8":"product_cat-suplementacion-online","9":"pa_sa_color_unico-color-unico","10":"pa_sa_talla_unica-talla-unica","12":"first","13":"outofstock","14":"taxable","15":"shipping-taxable","16":"purchasable","17":"product-type-simple"},"acf":[],"yoast_head":"<!-- This site is optimized with the Yoast SEO plugin v27.1.1 - https:\/\/yoast.com\/product\/yoast-seo-wordpress\/ -->\n<title>Vitamina B12 120 tabs Ostrovit - My Fit Menu<\/title>\n<meta name=\"robots\" content=\"index, follow, max-snippet:-1, max-image-preview:large, max-video-preview:-1\" \/>\n<link rel=\"canonical\" href=\"https:\/\/myfitmenu.es\/en\/sin%20categor\u00eda\/vitamina-b12-120-tabs-ostrovit\/\" \/>\n<meta property=\"og:locale\" content=\"en_GB\" \/>\n<meta property=\"og:type\" content=\"article\" \/>\n<meta property=\"og:title\" content=\"Vitamina B12 120 tabs Ostrovit - My Fit Menu\" \/>\n<meta property=\"og:description\" content=\"OstroVit Vitamina B12 Metilcobalamina 100 \u00b5g es un suplemento diet\u00e9tico de alta calidad que proporciona una fuente de vitamina B en su mejor forma: metilcobalamina. Disponible en forma de comprimidos f\u00e1ciles de tragar, est\u00e1 dise\u00f1ado para personas que necesitan complementar su dieta diaria con el valioso micronutriente.\" \/>\n<meta property=\"og:url\" content=\"https:\/\/myfitmenu.es\/en\/sin categor\u00eda\/vitamina-b12-120-tabs-ostrovit\/\" \/>\n<meta property=\"og:site_name\" content=\"My Fit Menu\" \/>\n<meta property=\"article:modified_time\" content=\"2026-05-02T13:28:49+00:00\" \/>\n<meta name=\"twitter:card\" content=\"summary_large_image\" \/>\n<meta name=\"twitter:label1\" content=\"Estimated reading time\" \/>\n\t<meta name=\"twitter:data1\" content=\"3 minutes\" \/>\n<script type=\"application\/ld+json\" class=\"yoast-schema-graph\">{\"@context\":\"https:\/\/schema.org\",\"@graph\":[{\"@type\":\"WebPage\",\"@id\":\"https:\/\/myfitmenu.es\/sin categor\u00eda\/vitamina-b12-120-tabs-ostrovit\/\",\"url\":\"https:\/\/myfitmenu.es\/sin categor\u00eda\/vitamina-b12-120-tabs-ostrovit\/\",\"name\":\"Vitamina B12 120 tabs Ostrovit - My Fit Menu\",\"isPartOf\":{\"@id\":\"https:\/\/myfitmenu.es\/#website\"},\"primaryImageOfPage\":{\"@id\":\"https:\/\/myfitmenu.es\/sin categor\u00eda\/vitamina-b12-120-tabs-ostrovit\/#primaryimage\"},\"image\":{\"@id\":\"https:\/\/myfitmenu.es\/sin categor\u00eda\/vitamina-b12-120-tabs-ostrovit\/#primaryimage\"},\"thumbnailUrl\":\"https:\/\/myfitmenu.es\/wp-content\/uploads\/2025\/11\/spa_pm_OstroVit-Vitamina-B12-Metilcobalamina-100-ug-120-comprimidos-27114_1-thumbnail-2000x2000-1.png\",\"datePublished\":\"2025-11-19T19:05:40+00:00\",\"dateModified\":\"2026-05-02T13:28:49+00:00\",\"breadcrumb\":{\"@id\":\"https:\/\/myfitmenu.es\/sin categor\u00eda\/vitamina-b12-120-tabs-ostrovit\/#breadcrumb\"},\"inLanguage\":\"en-GB\",\"potentialAction\":[{\"@type\":\"ReadAction\",\"target\":[\"https:\/\/myfitmenu.es\/sin categor\u00eda\/vitamina-b12-120-tabs-ostrovit\/\"]}]},{\"@type\":\"ImageObject\",\"inLanguage\":\"en-GB\",\"@id\":\"https:\/\/myfitmenu.es\/sin categor\u00eda\/vitamina-b12-120-tabs-ostrovit\/#primaryimage\",\"url\":\"https:\/\/myfitmenu.es\/wp-content\/uploads\/2025\/11\/spa_pm_OstroVit-Vitamina-B12-Metilcobalamina-100-ug-120-comprimidos-27114_1-thumbnail-2000x2000-1.png\",\"contentUrl\":\"https:\/\/myfitmenu.es\/wp-content\/uploads\/2025\/11\/spa_pm_OstroVit-Vitamina-B12-Metilcobalamina-100-ug-120-comprimidos-27114_1-thumbnail-2000x2000-1.png\",\"width\":450,\"height\":450},{\"@type\":\"BreadcrumbList\",\"@id\":\"https:\/\/myfitmenu.es\/sin categor\u00eda\/vitamina-b12-120-tabs-ostrovit\/#breadcrumb\",\"itemListElement\":[{\"@type\":\"ListItem\",\"position\":1,\"name\":\"Portada\",\"item\":\"https:\/\/myfitmenu.es\/\"},{\"@type\":\"ListItem\",\"position\":2,\"name\":\"Shop\",\"item\":\"http:\/\/myfitmenu.es\/en\/shop\/\"},{\"@type\":\"ListItem\",\"position\":3,\"name\":\"Vitamina B12 120 tabs Ostrovit\"}]},{\"@type\":\"WebSite\",\"@id\":\"https:\/\/myfitmenu.es\/#website\",\"url\":\"https:\/\/myfitmenu.es\/\",\"name\":\"My Fit Menu\",\"description\":\"\",\"potentialAction\":[{\"@type\":\"SearchAction\",\"target\":{\"@type\":\"EntryPoint\",\"urlTemplate\":\"https:\/\/myfitmenu.es\/?s={search_term_string}\"},\"query-input\":{\"@type\":\"PropertyValueSpecification\",\"valueRequired\":true,\"valueName\":\"search_term_string\"}}],\"inLanguage\":\"en-GB\"}]}<\/script>\n<!-- \/ Yoast SEO plugin. -->","yoast_head_json":{"title":"Vitamina B12 120 tabs Ostrovit - My Fit Menu","robots":{"index":"index","follow":"follow","max-snippet":"max-snippet:-1","max-image-preview":"max-image-preview:large","max-video-preview":"max-video-preview:-1"},"canonical":"https:\/\/myfitmenu.es\/en\/sin categor\u00eda\/vitamina-b12-120-tabs-ostrovit\/","og_locale":"en_GB","og_type":"article","og_title":"Vitamina B12 120 tabs Ostrovit - My Fit Menu","og_description":"OstroVit Vitamina B12 Metilcobalamina 100 \u00b5g es un suplemento diet\u00e9tico de alta calidad que proporciona una fuente de vitamina B en su mejor forma: metilcobalamina. Disponible en forma de comprimidos f\u00e1ciles de tragar, est\u00e1 dise\u00f1ado para personas que necesitan complementar su dieta diaria con el valioso micronutriente.","og_url":"https:\/\/myfitmenu.es\/en\/sin categor\u00eda\/vitamina-b12-120-tabs-ostrovit\/","og_site_name":"My Fit Menu","article_modified_time":"2026-05-02T13:28:49+00:00","twitter_card":"summary_large_image","twitter_misc":{"Estimated reading time":"3 minutes"},"schema":{"@context":"https:\/\/schema.org","@graph":[{"@type":"WebPage","@id":"https:\/\/myfitmenu.es\/sin categor\u00eda\/vitamina-b12-120-tabs-ostrovit\/","url":"https:\/\/myfitmenu.es\/sin categor\u00eda\/vitamina-b12-120-tabs-ostrovit\/","name":"Vitamina B12 120 tabs Ostrovit - My Fit Menu","isPartOf":{"@id":"https:\/\/myfitmenu.es\/#website"},"primaryImageOfPage":{"@id":"https:\/\/myfitmenu.es\/sin categor\u00eda\/vitamina-b12-120-tabs-ostrovit\/#primaryimage"},"image":{"@id":"https:\/\/myfitmenu.es\/sin categor\u00eda\/vitamina-b12-120-tabs-ostrovit\/#primaryimage"},"thumbnailUrl":"https:\/\/myfitmenu.es\/wp-content\/uploads\/2025\/11\/spa_pm_OstroVit-Vitamina-B12-Metilcobalamina-100-ug-120-comprimidos-27114_1-thumbnail-2000x2000-1.png","datePublished":"2025-11-19T19:05:40+00:00","dateModified":"2026-05-02T13:28:49+00:00","breadcrumb":{"@id":"https:\/\/myfitmenu.es\/sin categor\u00eda\/vitamina-b12-120-tabs-ostrovit\/#breadcrumb"},"inLanguage":"en-GB","potentialAction":[{"@type":"ReadAction","target":["https:\/\/myfitmenu.es\/sin categor\u00eda\/vitamina-b12-120-tabs-ostrovit\/"]}]},{"@type":"ImageObject","inLanguage":"en-GB","@id":"https:\/\/myfitmenu.es\/sin categor\u00eda\/vitamina-b12-120-tabs-ostrovit\/#primaryimage","url":"https:\/\/myfitmenu.es\/wp-content\/uploads\/2025\/11\/spa_pm_OstroVit-Vitamina-B12-Metilcobalamina-100-ug-120-comprimidos-27114_1-thumbnail-2000x2000-1.png","contentUrl":"https:\/\/myfitmenu.es\/wp-content\/uploads\/2025\/11\/spa_pm_OstroVit-Vitamina-B12-Metilcobalamina-100-ug-120-comprimidos-27114_1-thumbnail-2000x2000-1.png","width":450,"height":450},{"@type":"BreadcrumbList","@id":"https:\/\/myfitmenu.es\/sin categor\u00eda\/vitamina-b12-120-tabs-ostrovit\/#breadcrumb","itemListElement":[{"@type":"ListItem","position":1,"name":"Portada","item":"https:\/\/myfitmenu.es\/"},{"@type":"ListItem","position":2,"name":"Shop","item":"http:\/\/myfitmenu.es\/en\/shop\/"},{"@type":"ListItem","position":3,"name":"Vitamina B12 120 tabs Ostrovit"}]},{"@type":"WebSite","@id":"https:\/\/myfitmenu.es\/#website","url":"https:\/\/myfitmenu.es\/","name":"My Fit Menu","description":"","potentialAction":[{"@type":"SearchAction","target":{"@type":"EntryPoint","urlTemplate":"https:\/\/myfitmenu.es\/?s={search_term_string}"},"query-input":{"@type":"PropertyValueSpecification","valueRequired":true,"valueName":"search_term_string"}}],"inLanguage":"en-GB"}]}},"_links":{"self":[{"href":"http:\/\/myfitmenu.es\/en\/wp-json\/wp\/v2\/product\/20688","targetHints":{"allow":["GET"]}}],"collection":[{"href":"http:\/\/myfitmenu.es\/en\/wp-json\/wp\/v2\/product"}],"about":[{"href":"http:\/\/myfitmenu.es\/en\/wp-json\/wp\/v2\/types\/product"}],"replies":[{"embeddable":true,"href":"http:\/\/myfitmenu.es\/en\/wp-json\/wp\/v2\/comments?post=20688"}],"version-history":[{"count":0,"href":"http:\/\/myfitmenu.es\/en\/wp-json\/wp\/v2\/product\/20688\/revisions"}],"wp:featuredmedia":[{"embeddable":true,"href":"http:\/\/myfitmenu.es\/en\/wp-json\/wp\/v2\/media\/20689"}],"wp:attachment":[{"href":"http:\/\/myfitmenu.es\/en\/wp-json\/wp\/v2\/media?parent=20688"}],"wp:term":[{"taxonomy":"product_brand","embeddable":true,"href":"http:\/\/myfitmenu.es\/en\/wp-json\/wp\/v2\/product_brand?post=20688"},{"taxonomy":"product_cat","embeddable":true,"href":"http:\/\/myfitmenu.es\/en\/wp-json\/wp\/v2\/product_cat?post=20688"},{"taxonomy":"product_tag","embeddable":true,"href":"http:\/\/myfitmenu.es\/en\/wp-json\/wp\/v2\/product_tag?post=20688"}],"curies":[{"name":"wp","href":"https:\/\/api.w.org\/{rel}","templated":true}]}}