{"id":20605,"date":"2025-10-20T17:41:04","date_gmt":"2025-10-20T17:41:04","guid":{"rendered":"https:\/\/myfitmenu.es\/sin categor\u00eda\/silimarina-cardo-mariano-100-mg-60-caps-haya-labs\/"},"modified":"2026-03-26T11:10:47","modified_gmt":"2026-03-26T11:10:47","slug":"silimarina-cardo-mariano-100-mg-60-caps-haya-labs","status":"publish","type":"product","link":"http:\/\/myfitmenu.es\/en\/suplementacion-online\/silimarina-cardo-mariano-100-mg-60-caps-haya-labs\/","title":{"rendered":"Silymarin Milk Thistle 100 mg 60 Caps Haya Labs"},"content":{"rendered":"<p style=\"font-size: 15px\">There is a recent study, based on the use of 420 milligrams of silymarin in patients with liver problems. Twenty subjects were monitored for a period of 6 to 36 months, 50% of them showing a marked improvement.<\/p>\n<p style=\"font-size: 15px\">The standardised Milk Thistle extract is extracted from the seed of the plant. It is composed of compounds called silymarin, which have anti-toxic (liver-protective) action. Silymarin is composed of many flavonolignans including silybinin, isosilybinin, silyristin, silydianin and others. Silymarin and silybin serve as antioxidants, protecting cell membranes from oxidative destruction caused by free radicals. In addition, these ingredients preserve red blood cell membranes against lipid peroxidation and haemolysis (destruction of red blood cells) caused by certain poisons.<\/p>\n<p style=\"font-size: 15px\">Many studies on silymarin indicate that it not only protects liver cells from toxic substances, but also stimulates protein synthesis to accelerate regeneration and production of liver cells. Furthermore, milk thistle can increase the effectiveness of glutathione, an important antioxidant in the body.<\/p>\n<p style=\"font-size: 15px\">Advantages:<\/p>\n<p style=\"font-size: 15px\">Supports healthy liver function<\/p>\n<p style=\"font-size: 15px\">Supports gallbladder health<\/p>\n<p style=\"font-size: 15px\">Supports healthy and clean skin condition<\/p>\n<p style=\"font-size: 15px\">HAYA LABS Milk Thistle is standardised to contain 80% silymarin (80 mg) and is available in a pack of 60 vegetarian capsules.<\/p>\n<p style=\"font-size: 15px\">Recommended dosage:<\/p>\n<p style=\"font-size: 15px\">Typical daily dose ranges from 200-600 mgs:<\/p>\n<p style=\"font-size: 15px\">Take 2 capsules, 2-3 times daily.<\/p>","protected":false},"excerpt":{"rendered":"<p><span style=\"font-size: 15px;float: none\">Milk Thistle has been used by herbalists for over 2000 years. It belongs to the Brassicaceae family, which is among the oldest known medicinal herbs. Ancient healers discovered that it stimulates bile production by the liver, promotes good digestion and helps maintain liver health. Recent studies confirm that milk thistle extract protects against toxins in the liver - especially alcohol.<\/span><\/p>","protected":false},"featured_media":20606,"comment_status":"open","ping_status":"closed","template":"","meta":{"inline_featured_image":false},"product_brand":[],"product_cat":[206,98],"product_tag":[],"class_list":{"0":"post-20605","1":"product","2":"type-product","3":"status-publish","4":"has-post-thumbnail","6":"product_cat-salud-2","7":"product_cat-suplementacion-online","8":"pa_sa_color_unico-color-unico","9":"pa_sa_talla_unica-talla-unica","11":"first","12":"instock","13":"taxable","14":"shipping-taxable","15":"purchasable","16":"product-type-simple"},"acf":[],"yoast_head":"<!-- This site is optimized with the Yoast SEO plugin v27.1.1 - https:\/\/yoast.com\/product\/yoast-seo-wordpress\/ -->\n<title>Silimarina Cardo Mariano 100 mg 60 Caps Haya Labs - My Fit Menu<\/title>\n<meta name=\"robots\" content=\"index, follow, max-snippet:-1, max-image-preview:large, max-video-preview:-1\" \/>\n<link rel=\"canonical\" href=\"https:\/\/myfitmenu.es\/en\/sin%20categor\u00eda\/silimarina-cardo-mariano-100-mg-60-caps-haya-labs\/\" \/>\n<meta property=\"og:locale\" content=\"en_GB\" \/>\n<meta property=\"og:type\" content=\"article\" \/>\n<meta property=\"og:title\" content=\"Silimarina Cardo Mariano 100 mg 60 Caps Haya Labs - My Fit Menu\" \/>\n<meta property=\"og:description\" content=\"Milk Thistle (Cardo Mariano) es utilizado por los especialistas de hierbas por m\u00e1s de 2000 a\u00f1os. Pertenece a la familia Brassicaceae, que se encuentra entre las m\u00e1s antiguas hierbas medicinales conocidas. Curanderos de anta\u00f1o descubrieron que estimula la producci\u00f3n de bilis por el h\u00edgado, promueve la buena digesti\u00f3n y ayuda a mantener la salud del h\u00edgado. Estudios recientes confirman que el extracto de cardo de leche protege contra las toxinas en el h\u00edgado - especialmente el alcohol.\" \/>\n<meta property=\"og:url\" content=\"https:\/\/myfitmenu.es\/en\/sin categor\u00eda\/silimarina-cardo-mariano-100-mg-60-caps-haya-labs\/\" \/>\n<meta property=\"og:site_name\" content=\"My Fit Menu\" \/>\n<meta property=\"article:modified_time\" content=\"2026-03-26T11:10:47+00:00\" \/>\n<meta name=\"twitter:card\" content=\"summary_large_image\" \/>\n<meta name=\"twitter:label1\" content=\"Estimated reading time\" \/>\n\t<meta name=\"twitter:data1\" content=\"1 minute\" \/>\n<script type=\"application\/ld+json\" class=\"yoast-schema-graph\">{\"@context\":\"https:\/\/schema.org\",\"@graph\":[{\"@type\":\"WebPage\",\"@id\":\"https:\/\/myfitmenu.es\/sin categor\u00eda\/silimarina-cardo-mariano-100-mg-60-caps-haya-labs\/\",\"url\":\"https:\/\/myfitmenu.es\/sin categor\u00eda\/silimarina-cardo-mariano-100-mg-60-caps-haya-labs\/\",\"name\":\"Silimarina Cardo Mariano 100 mg 60 Caps Haya Labs - My Fit Menu\",\"isPartOf\":{\"@id\":\"https:\/\/myfitmenu.es\/#website\"},\"primaryImageOfPage\":{\"@id\":\"https:\/\/myfitmenu.es\/sin categor\u00eda\/silimarina-cardo-mariano-100-mg-60-caps-haya-labs\/#primaryimage\"},\"image\":{\"@id\":\"https:\/\/myfitmenu.es\/sin categor\u00eda\/silimarina-cardo-mariano-100-mg-60-caps-haya-labs\/#primaryimage\"},\"thumbnailUrl\":\"https:\/\/myfitmenu.es\/wp-content\/uploads\/2025\/10\/milk-thistle-100-mg-60-caps-thumbnail-2000x2000-80.jpg\",\"datePublished\":\"2025-10-20T17:41:04+00:00\",\"dateModified\":\"2026-03-26T11:10:47+00:00\",\"breadcrumb\":{\"@id\":\"https:\/\/myfitmenu.es\/sin categor\u00eda\/silimarina-cardo-mariano-100-mg-60-caps-haya-labs\/#breadcrumb\"},\"inLanguage\":\"en-GB\",\"potentialAction\":[{\"@type\":\"ReadAction\",\"target\":[\"https:\/\/myfitmenu.es\/sin categor\u00eda\/silimarina-cardo-mariano-100-mg-60-caps-haya-labs\/\"]}]},{\"@type\":\"ImageObject\",\"inLanguage\":\"en-GB\",\"@id\":\"https:\/\/myfitmenu.es\/sin categor\u00eda\/silimarina-cardo-mariano-100-mg-60-caps-haya-labs\/#primaryimage\",\"url\":\"https:\/\/myfitmenu.es\/wp-content\/uploads\/2025\/10\/milk-thistle-100-mg-60-caps-thumbnail-2000x2000-80.jpg\",\"contentUrl\":\"https:\/\/myfitmenu.es\/wp-content\/uploads\/2025\/10\/milk-thistle-100-mg-60-caps-thumbnail-2000x2000-80.jpg\",\"width\":800,\"height\":800},{\"@type\":\"BreadcrumbList\",\"@id\":\"https:\/\/myfitmenu.es\/sin categor\u00eda\/silimarina-cardo-mariano-100-mg-60-caps-haya-labs\/#breadcrumb\",\"itemListElement\":[{\"@type\":\"ListItem\",\"position\":1,\"name\":\"Portada\",\"item\":\"https:\/\/myfitmenu.es\/\"},{\"@type\":\"ListItem\",\"position\":2,\"name\":\"Shop\",\"item\":\"http:\/\/myfitmenu.es\/en\/shop\/\"},{\"@type\":\"ListItem\",\"position\":3,\"name\":\"Silimarina Cardo Mariano 100 mg 60 Caps Haya Labs\"}]},{\"@type\":\"WebSite\",\"@id\":\"https:\/\/myfitmenu.es\/#website\",\"url\":\"https:\/\/myfitmenu.es\/\",\"name\":\"My Fit Menu\",\"description\":\"\",\"potentialAction\":[{\"@type\":\"SearchAction\",\"target\":{\"@type\":\"EntryPoint\",\"urlTemplate\":\"https:\/\/myfitmenu.es\/?s={search_term_string}\"},\"query-input\":{\"@type\":\"PropertyValueSpecification\",\"valueRequired\":true,\"valueName\":\"search_term_string\"}}],\"inLanguage\":\"en-GB\"}]}<\/script>\n<!-- \/ Yoast SEO plugin. -->","yoast_head_json":{"title":"Silimarina Cardo Mariano 100 mg 60 Caps Haya Labs - My Fit Menu","robots":{"index":"index","follow":"follow","max-snippet":"max-snippet:-1","max-image-preview":"max-image-preview:large","max-video-preview":"max-video-preview:-1"},"canonical":"https:\/\/myfitmenu.es\/en\/sin categor\u00eda\/silimarina-cardo-mariano-100-mg-60-caps-haya-labs\/","og_locale":"en_GB","og_type":"article","og_title":"Silimarina Cardo Mariano 100 mg 60 Caps Haya Labs - My Fit Menu","og_description":"Milk Thistle (Cardo Mariano) es utilizado por los especialistas de hierbas por m\u00e1s de 2000 a\u00f1os. Pertenece a la familia Brassicaceae, que se encuentra entre las m\u00e1s antiguas hierbas medicinales conocidas. Curanderos de anta\u00f1o descubrieron que estimula la producci\u00f3n de bilis por el h\u00edgado, promueve la buena digesti\u00f3n y ayuda a mantener la salud del h\u00edgado. Estudios recientes confirman que el extracto de cardo de leche protege contra las toxinas en el h\u00edgado - especialmente el alcohol.","og_url":"https:\/\/myfitmenu.es\/en\/sin categor\u00eda\/silimarina-cardo-mariano-100-mg-60-caps-haya-labs\/","og_site_name":"My Fit Menu","article_modified_time":"2026-03-26T11:10:47+00:00","twitter_card":"summary_large_image","twitter_misc":{"Estimated reading time":"1 minute"},"schema":{"@context":"https:\/\/schema.org","@graph":[{"@type":"WebPage","@id":"https:\/\/myfitmenu.es\/sin categor\u00eda\/silimarina-cardo-mariano-100-mg-60-caps-haya-labs\/","url":"https:\/\/myfitmenu.es\/sin categor\u00eda\/silimarina-cardo-mariano-100-mg-60-caps-haya-labs\/","name":"Silimarina Cardo Mariano 100 mg 60 Caps Haya Labs - My Fit Menu","isPartOf":{"@id":"https:\/\/myfitmenu.es\/#website"},"primaryImageOfPage":{"@id":"https:\/\/myfitmenu.es\/sin categor\u00eda\/silimarina-cardo-mariano-100-mg-60-caps-haya-labs\/#primaryimage"},"image":{"@id":"https:\/\/myfitmenu.es\/sin categor\u00eda\/silimarina-cardo-mariano-100-mg-60-caps-haya-labs\/#primaryimage"},"thumbnailUrl":"https:\/\/myfitmenu.es\/wp-content\/uploads\/2025\/10\/milk-thistle-100-mg-60-caps-thumbnail-2000x2000-80.jpg","datePublished":"2025-10-20T17:41:04+00:00","dateModified":"2026-03-26T11:10:47+00:00","breadcrumb":{"@id":"https:\/\/myfitmenu.es\/sin categor\u00eda\/silimarina-cardo-mariano-100-mg-60-caps-haya-labs\/#breadcrumb"},"inLanguage":"en-GB","potentialAction":[{"@type":"ReadAction","target":["https:\/\/myfitmenu.es\/sin categor\u00eda\/silimarina-cardo-mariano-100-mg-60-caps-haya-labs\/"]}]},{"@type":"ImageObject","inLanguage":"en-GB","@id":"https:\/\/myfitmenu.es\/sin categor\u00eda\/silimarina-cardo-mariano-100-mg-60-caps-haya-labs\/#primaryimage","url":"https:\/\/myfitmenu.es\/wp-content\/uploads\/2025\/10\/milk-thistle-100-mg-60-caps-thumbnail-2000x2000-80.jpg","contentUrl":"https:\/\/myfitmenu.es\/wp-content\/uploads\/2025\/10\/milk-thistle-100-mg-60-caps-thumbnail-2000x2000-80.jpg","width":800,"height":800},{"@type":"BreadcrumbList","@id":"https:\/\/myfitmenu.es\/sin categor\u00eda\/silimarina-cardo-mariano-100-mg-60-caps-haya-labs\/#breadcrumb","itemListElement":[{"@type":"ListItem","position":1,"name":"Portada","item":"https:\/\/myfitmenu.es\/"},{"@type":"ListItem","position":2,"name":"Shop","item":"http:\/\/myfitmenu.es\/en\/shop\/"},{"@type":"ListItem","position":3,"name":"Silimarina Cardo Mariano 100 mg 60 Caps Haya Labs"}]},{"@type":"WebSite","@id":"https:\/\/myfitmenu.es\/#website","url":"https:\/\/myfitmenu.es\/","name":"My Fit Menu","description":"","potentialAction":[{"@type":"SearchAction","target":{"@type":"EntryPoint","urlTemplate":"https:\/\/myfitmenu.es\/?s={search_term_string}"},"query-input":{"@type":"PropertyValueSpecification","valueRequired":true,"valueName":"search_term_string"}}],"inLanguage":"en-GB"}]}},"_links":{"self":[{"href":"http:\/\/myfitmenu.es\/en\/wp-json\/wp\/v2\/product\/20605","targetHints":{"allow":["GET"]}}],"collection":[{"href":"http:\/\/myfitmenu.es\/en\/wp-json\/wp\/v2\/product"}],"about":[{"href":"http:\/\/myfitmenu.es\/en\/wp-json\/wp\/v2\/types\/product"}],"replies":[{"embeddable":true,"href":"http:\/\/myfitmenu.es\/en\/wp-json\/wp\/v2\/comments?post=20605"}],"version-history":[{"count":0,"href":"http:\/\/myfitmenu.es\/en\/wp-json\/wp\/v2\/product\/20605\/revisions"}],"wp:featuredmedia":[{"embeddable":true,"href":"http:\/\/myfitmenu.es\/en\/wp-json\/wp\/v2\/media\/20606"}],"wp:attachment":[{"href":"http:\/\/myfitmenu.es\/en\/wp-json\/wp\/v2\/media?parent=20605"}],"wp:term":[{"taxonomy":"product_brand","embeddable":true,"href":"http:\/\/myfitmenu.es\/en\/wp-json\/wp\/v2\/product_brand?post=20605"},{"taxonomy":"product_cat","embeddable":true,"href":"http:\/\/myfitmenu.es\/en\/wp-json\/wp\/v2\/product_cat?post=20605"},{"taxonomy":"product_tag","embeddable":true,"href":"http:\/\/myfitmenu.es\/en\/wp-json\/wp\/v2\/product_tag?post=20605"}],"curies":[{"name":"wp","href":"https:\/\/api.w.org\/{rel}","templated":true}]}}