{"id":20603,"date":"2025-10-20T17:35:28","date_gmt":"2025-10-20T17:35:28","guid":{"rendered":"https:\/\/myfitmenu.es\/sin categor\u00eda\/l-glutamine-powder-250g-applied-nutrition\/"},"modified":"2026-01-09T16:19:16","modified_gmt":"2026-01-09T16:19:16","slug":"l-glutamine-powder-250g-applied-nutrition","status":"publish","type":"product","link":"http:\/\/myfitmenu.es\/en\/suplementacion-online\/l-glutamine-powder-250g-applied-nutrition\/","title":{"rendered":"L-Glutamine Powder 250g Applied Nutrition"},"content":{"rendered":"<ul>\n<li><strong>Pure pharmaceutical grade Glutamine powder<\/strong>Guarantees high purity and efficacy.<\/li>\n<li><strong>The most abundant amino acid in muscle tissue<\/strong>Helps restore glutamine levels and promotes muscle regeneration after intense exercise.<\/li>\n<li><strong>Conditionally essential amino acid<\/strong>Glutamine: Although the body produces glutamine, it becomes essential in situations of physical stress such as intense exercise.<\/li>\n<li><strong>Halal certified product<\/strong>Meets halal dietary requirements.<\/li>\n<\/ul>\n<ul>\n<li><strong>Dose<\/strong>Take 1 dose (5 g) 1 to 3 times daily, preferably with meals.<\/li>\n<li>For best results, it is recommended to consume 1 serving immediately after training, mixed with water or juice.<\/li>\n<li><strong>Glutamine L-Micronized 100%<\/strong><span>Single ingredient, micronised to improve absorption.<\/span><\/li>\n<li>\n<p>100% Micronized L-Glutamine<\/p>\n<\/li>\n<p>This supplement is ideal for athletes or people who perform intense workouts, as it helps reduce muscle breakdown and promotes post-exercise muscle recovery.<\/p>\n<p><span>Consult a healthcare professional before using this product if you are under 18 years of age, pregnant, nursing, have a known or suspected medical condition, or if you are taking medication (prescription or over-the-counter).<\/span><\/p>\n<p><span>Do not exceed the recommended dose.<\/span><\/p>\n<p><span>Store in a cool, dry place, out of the reach of children.<\/span><\/p>\n<\/ul>","protected":false},"excerpt":{"rendered":"<p><span>Glutamine is the most abundant amino acid within muscle tissue. However, during training, especially in bodybuilding style routines, glutamine levels can be significantly reduced due to the breakdown of muscle tissue. Supplementing with glutamine, especially after training, can help restore glutamine levels that are depleted during physical activity.<\/span><\/p>","protected":false},"featured_media":20604,"comment_status":"open","ping_status":"closed","template":"","meta":{"inline_featured_image":false},"product_brand":[],"product_cat":[175,362,98],"product_tag":[],"class_list":{"0":"post-20603","1":"product","2":"type-product","3":"status-publish","4":"has-post-thumbnail","6":"product_cat-aminoacidos-2","7":"product_cat-glutamina","8":"product_cat-suplementacion-online","9":"pa_sa_color_unico-color-unico","10":"pa_sa_talla_unica-talla-unica","12":"first","13":"outofstock","14":"taxable","15":"shipping-taxable","16":"purchasable","17":"product-type-simple"},"acf":[],"yoast_head":"<!-- This site is optimized with the Yoast SEO plugin v27.1.1 - https:\/\/yoast.com\/product\/yoast-seo-wordpress\/ -->\n<title>L-Glutamine Powder 250g Applied Nutrition - My Fit Menu<\/title>\n<meta name=\"robots\" content=\"index, follow, max-snippet:-1, max-image-preview:large, max-video-preview:-1\" \/>\n<link rel=\"canonical\" href=\"https:\/\/myfitmenu.es\/en\/sin%20categor\u00eda\/l-glutamine-powder-250g-applied-nutrition\/\" \/>\n<meta property=\"og:locale\" content=\"en_GB\" \/>\n<meta property=\"og:type\" content=\"article\" \/>\n<meta property=\"og:title\" content=\"L-Glutamine Powder 250g Applied Nutrition - My Fit Menu\" \/>\n<meta property=\"og:description\" content=\"La glutamina es el amino\u00e1cido m\u00e1s abundante dentro del tejido muscular. Sin embargo, durante el entrenamiento, especialmente en rutinas de estilo bodybuilding, los niveles de glutamina pueden reducirse significativamente debido a la descomposici\u00f3n del tejido muscular. Suplementar con glutamina, especialmente despu\u00e9s del entrenamiento, puede ayudar a restaurar los niveles de glutamina que se agotan durante la actividad f\u00edsica.\" \/>\n<meta property=\"og:url\" content=\"https:\/\/myfitmenu.es\/en\/sin categor\u00eda\/l-glutamine-powder-250g-applied-nutrition\/\" \/>\n<meta property=\"og:site_name\" content=\"My Fit Menu\" \/>\n<meta property=\"article:modified_time\" content=\"2026-01-09T16:19:16+00:00\" \/>\n<meta name=\"twitter:card\" content=\"summary_large_image\" \/>\n<meta name=\"twitter:label1\" content=\"Estimated reading time\" \/>\n\t<meta name=\"twitter:data1\" content=\"1 minute\" \/>\n<script type=\"application\/ld+json\" class=\"yoast-schema-graph\">{\"@context\":\"https:\/\/schema.org\",\"@graph\":[{\"@type\":\"WebPage\",\"@id\":\"https:\/\/myfitmenu.es\/sin categor\u00eda\/l-glutamine-powder-250g-applied-nutrition\/\",\"url\":\"https:\/\/myfitmenu.es\/sin categor\u00eda\/l-glutamine-powder-250g-applied-nutrition\/\",\"name\":\"L-Glutamine Powder 250g Applied Nutrition - My Fit Menu\",\"isPartOf\":{\"@id\":\"https:\/\/myfitmenu.es\/#website\"},\"primaryImageOfPage\":{\"@id\":\"https:\/\/myfitmenu.es\/sin categor\u00eda\/l-glutamine-powder-250g-applied-nutrition\/#primaryimage\"},\"image\":{\"@id\":\"https:\/\/myfitmenu.es\/sin categor\u00eda\/l-glutamine-powder-250g-applied-nutrition\/#primaryimage\"},\"thumbnailUrl\":\"https:\/\/myfitmenu.es\/wp-content\/uploads\/2025\/10\/L-Glutamine-Powder-250g_c8e52abb-8b22-47bf-b5a3-571616811158-thumbnail-2000x2000-1.webp\",\"datePublished\":\"2025-10-20T17:35:28+00:00\",\"dateModified\":\"2026-01-09T16:19:16+00:00\",\"breadcrumb\":{\"@id\":\"https:\/\/myfitmenu.es\/sin categor\u00eda\/l-glutamine-powder-250g-applied-nutrition\/#breadcrumb\"},\"inLanguage\":\"en-GB\",\"potentialAction\":[{\"@type\":\"ReadAction\",\"target\":[\"https:\/\/myfitmenu.es\/sin categor\u00eda\/l-glutamine-powder-250g-applied-nutrition\/\"]}]},{\"@type\":\"ImageObject\",\"inLanguage\":\"en-GB\",\"@id\":\"https:\/\/myfitmenu.es\/sin categor\u00eda\/l-glutamine-powder-250g-applied-nutrition\/#primaryimage\",\"url\":\"https:\/\/myfitmenu.es\/wp-content\/uploads\/2025\/10\/L-Glutamine-Powder-250g_c8e52abb-8b22-47bf-b5a3-571616811158-thumbnail-2000x2000-1.webp\",\"contentUrl\":\"https:\/\/myfitmenu.es\/wp-content\/uploads\/2025\/10\/L-Glutamine-Powder-250g_c8e52abb-8b22-47bf-b5a3-571616811158-thumbnail-2000x2000-1.webp\",\"width\":1100,\"height\":1100},{\"@type\":\"BreadcrumbList\",\"@id\":\"https:\/\/myfitmenu.es\/sin categor\u00eda\/l-glutamine-powder-250g-applied-nutrition\/#breadcrumb\",\"itemListElement\":[{\"@type\":\"ListItem\",\"position\":1,\"name\":\"Portada\",\"item\":\"https:\/\/myfitmenu.es\/\"},{\"@type\":\"ListItem\",\"position\":2,\"name\":\"Shop\",\"item\":\"http:\/\/myfitmenu.es\/en\/shop\/\"},{\"@type\":\"ListItem\",\"position\":3,\"name\":\"L-Glutamine Powder 250g Applied Nutrition\"}]},{\"@type\":\"WebSite\",\"@id\":\"https:\/\/myfitmenu.es\/#website\",\"url\":\"https:\/\/myfitmenu.es\/\",\"name\":\"My Fit Menu\",\"description\":\"\",\"potentialAction\":[{\"@type\":\"SearchAction\",\"target\":{\"@type\":\"EntryPoint\",\"urlTemplate\":\"https:\/\/myfitmenu.es\/?s={search_term_string}\"},\"query-input\":{\"@type\":\"PropertyValueSpecification\",\"valueRequired\":true,\"valueName\":\"search_term_string\"}}],\"inLanguage\":\"en-GB\"}]}<\/script>\n<!-- \/ Yoast SEO plugin. -->","yoast_head_json":{"title":"L-Glutamine Powder 250g Applied Nutrition - My Fit Menu","robots":{"index":"index","follow":"follow","max-snippet":"max-snippet:-1","max-image-preview":"max-image-preview:large","max-video-preview":"max-video-preview:-1"},"canonical":"https:\/\/myfitmenu.es\/en\/sin categor\u00eda\/l-glutamine-powder-250g-applied-nutrition\/","og_locale":"en_GB","og_type":"article","og_title":"L-Glutamine Powder 250g Applied Nutrition - My Fit Menu","og_description":"La glutamina es el amino\u00e1cido m\u00e1s abundante dentro del tejido muscular. Sin embargo, durante el entrenamiento, especialmente en rutinas de estilo bodybuilding, los niveles de glutamina pueden reducirse significativamente debido a la descomposici\u00f3n del tejido muscular. Suplementar con glutamina, especialmente despu\u00e9s del entrenamiento, puede ayudar a restaurar los niveles de glutamina que se agotan durante la actividad f\u00edsica.","og_url":"https:\/\/myfitmenu.es\/en\/sin categor\u00eda\/l-glutamine-powder-250g-applied-nutrition\/","og_site_name":"My Fit Menu","article_modified_time":"2026-01-09T16:19:16+00:00","twitter_card":"summary_large_image","twitter_misc":{"Estimated reading time":"1 minute"},"schema":{"@context":"https:\/\/schema.org","@graph":[{"@type":"WebPage","@id":"https:\/\/myfitmenu.es\/sin categor\u00eda\/l-glutamine-powder-250g-applied-nutrition\/","url":"https:\/\/myfitmenu.es\/sin categor\u00eda\/l-glutamine-powder-250g-applied-nutrition\/","name":"L-Glutamine Powder 250g Applied Nutrition - My Fit Menu","isPartOf":{"@id":"https:\/\/myfitmenu.es\/#website"},"primaryImageOfPage":{"@id":"https:\/\/myfitmenu.es\/sin categor\u00eda\/l-glutamine-powder-250g-applied-nutrition\/#primaryimage"},"image":{"@id":"https:\/\/myfitmenu.es\/sin categor\u00eda\/l-glutamine-powder-250g-applied-nutrition\/#primaryimage"},"thumbnailUrl":"https:\/\/myfitmenu.es\/wp-content\/uploads\/2025\/10\/L-Glutamine-Powder-250g_c8e52abb-8b22-47bf-b5a3-571616811158-thumbnail-2000x2000-1.webp","datePublished":"2025-10-20T17:35:28+00:00","dateModified":"2026-01-09T16:19:16+00:00","breadcrumb":{"@id":"https:\/\/myfitmenu.es\/sin categor\u00eda\/l-glutamine-powder-250g-applied-nutrition\/#breadcrumb"},"inLanguage":"en-GB","potentialAction":[{"@type":"ReadAction","target":["https:\/\/myfitmenu.es\/sin categor\u00eda\/l-glutamine-powder-250g-applied-nutrition\/"]}]},{"@type":"ImageObject","inLanguage":"en-GB","@id":"https:\/\/myfitmenu.es\/sin categor\u00eda\/l-glutamine-powder-250g-applied-nutrition\/#primaryimage","url":"https:\/\/myfitmenu.es\/wp-content\/uploads\/2025\/10\/L-Glutamine-Powder-250g_c8e52abb-8b22-47bf-b5a3-571616811158-thumbnail-2000x2000-1.webp","contentUrl":"https:\/\/myfitmenu.es\/wp-content\/uploads\/2025\/10\/L-Glutamine-Powder-250g_c8e52abb-8b22-47bf-b5a3-571616811158-thumbnail-2000x2000-1.webp","width":1100,"height":1100},{"@type":"BreadcrumbList","@id":"https:\/\/myfitmenu.es\/sin categor\u00eda\/l-glutamine-powder-250g-applied-nutrition\/#breadcrumb","itemListElement":[{"@type":"ListItem","position":1,"name":"Portada","item":"https:\/\/myfitmenu.es\/"},{"@type":"ListItem","position":2,"name":"Shop","item":"http:\/\/myfitmenu.es\/en\/shop\/"},{"@type":"ListItem","position":3,"name":"L-Glutamine Powder 250g Applied Nutrition"}]},{"@type":"WebSite","@id":"https:\/\/myfitmenu.es\/#website","url":"https:\/\/myfitmenu.es\/","name":"My Fit Menu","description":"","potentialAction":[{"@type":"SearchAction","target":{"@type":"EntryPoint","urlTemplate":"https:\/\/myfitmenu.es\/?s={search_term_string}"},"query-input":{"@type":"PropertyValueSpecification","valueRequired":true,"valueName":"search_term_string"}}],"inLanguage":"en-GB"}]}},"_links":{"self":[{"href":"http:\/\/myfitmenu.es\/en\/wp-json\/wp\/v2\/product\/20603","targetHints":{"allow":["GET"]}}],"collection":[{"href":"http:\/\/myfitmenu.es\/en\/wp-json\/wp\/v2\/product"}],"about":[{"href":"http:\/\/myfitmenu.es\/en\/wp-json\/wp\/v2\/types\/product"}],"replies":[{"embeddable":true,"href":"http:\/\/myfitmenu.es\/en\/wp-json\/wp\/v2\/comments?post=20603"}],"version-history":[{"count":0,"href":"http:\/\/myfitmenu.es\/en\/wp-json\/wp\/v2\/product\/20603\/revisions"}],"wp:featuredmedia":[{"embeddable":true,"href":"http:\/\/myfitmenu.es\/en\/wp-json\/wp\/v2\/media\/20604"}],"wp:attachment":[{"href":"http:\/\/myfitmenu.es\/en\/wp-json\/wp\/v2\/media?parent=20603"}],"wp:term":[{"taxonomy":"product_brand","embeddable":true,"href":"http:\/\/myfitmenu.es\/en\/wp-json\/wp\/v2\/product_brand?post=20603"},{"taxonomy":"product_cat","embeddable":true,"href":"http:\/\/myfitmenu.es\/en\/wp-json\/wp\/v2\/product_cat?post=20603"},{"taxonomy":"product_tag","embeddable":true,"href":"http:\/\/myfitmenu.es\/en\/wp-json\/wp\/v2\/product_tag?post=20603"}],"curies":[{"name":"wp","href":"https:\/\/api.w.org\/{rel}","templated":true}]}}