{"id":20599,"date":"2025-10-18T09:29:14","date_gmt":"2025-10-18T09:29:14","guid":{"rendered":"https:\/\/myfitmenu.es\/sin categor\u00eda\/tirosina-120-caps-amix\/"},"modified":"2025-10-18T09:29:17","modified_gmt":"2025-10-18T09:29:17","slug":"tirosina-120-caps-amix","status":"publish","type":"product","link":"http:\/\/myfitmenu.es\/en\/suplementacion-online\/tirosina-120-caps-amix\/","title":{"rendered":"Tyrosine 120 caps Amix"},"content":{"rendered":"<p>The<b>\u00a0L-Tyrosine\u00a0<\/b>is one of the 20 amino acids that make up proteins, it is classified as a non-essential amino acid so the body is capable of producing it by itself.<\/p>\n<p>This amino acid has become an increasingly popular product in the sports world due to its effects.\u00a0<\/p>\n<p>Tyrosine supplementation is recommended for sportsmen and women because it helps to combat fatigue and recover the energy that may be lost during training.<\/p>\n<p>Amino acids are essential in the creation of protein. The synthesis of<span>\u00a0<strong>L-Tyrosine<\/strong>\u00a0is produced through the\u00a0<\/span>hydroxylation of phenylalanine, another type of amino acid.<\/p>\n<p><span>It is a precursor of the neurotransmitter dopamine, as well as a precursor of the adrenal hormones norepinephrine and epinephrine.<\/span><\/p>\n<p><strong><span>Recommended daily dose:<\/span><\/strong><span><span>\u00a0<\/span><span>1-<\/span><span>3 capsules<\/span><span>\u00a0<\/span><\/span><span>\u00a0<\/span><\/p>\n<p><span><strong>Instructions for use:<\/strong>\u00a0<\/span><span><span>Take\u00a0<\/span><span>1-<\/span><span>3 capsules<\/span><span>\u00a0<\/span><span>with 250 ml of water\u00a0<\/span><\/span><span><span>before the midday meal<\/span><span>.<\/span><\/span><\/p>\n<\/p>\n<p>\u00a0<\/p>\n<table>\n<tbody>\n<tr>\n<td><strong><span>Information<\/span><\/strong><\/td>\n<td><\/td>\n<\/tr>\n<tr>\n<td><span>Dose<\/span><span>: 1 c<\/span><span>\u00e1<\/span><span>psul<\/span><span>a<\/span><span>\u00a0\u00a0<\/span><\/td>\n<td><span>Servings per pack: 120<\/span><\/td>\n<\/tr>\n<tr>\n<td>Average values<\/td>\n<td><\/td>\n<\/tr>\n<tr>\n<td><strong><span><span>L-Tyrosine\u00a0<\/span><span>Pur<\/span><span>a<\/span><\/span><span>\u00a0<\/span><\/strong><\/td>\n<td>500 mg<\/td>\n<\/tr>\n<\/tbody>\n<\/table>\n<p><span><span><\/span><\/span><span>\u00a0<\/span><\/p>\n<\/p>\n<p><span>Food supplement. Net weight: 100 g<\/span><\/p>\n<\/p>\n<p><strong>Ingredients:<\/strong>\u00a0\u00a0<span>L-Tyrosine<span>,<\/span><span>\u00a0<\/span><span><span>gelatine capsule (based on pure gelatine, water),\u00a0<\/span><span>anti-caking agents:\u00a0<\/span><span>magnesium stearate and silicon dioxide.<\/span><\/span><\/span><\/p>\n<p><strong>Allergen warning:<\/strong>\u00a0<span>May contain traces of<span>\u00a0<\/span><strong><span>milk, egg, soya, gluten, crustaceans, shellfish, nuts<\/span><span>\u00a0y<\/span><span>\u00a0peanuts.<\/span><span>\u00a0<\/span><\/strong><\/span><\/p>\n<p><strong>Warning:<\/strong><span>\u00a0<\/span><span><span>Do not use<\/span><span>\u00a0<\/span><span>this product if you are pregnant or breast-feeding.<\/span><span>\u00a0<\/span><span>The product is not suitable for children of any age.<\/span><span>\u00a0<\/span><span>Keep away from young children. Supplements<\/span><span>\u00a0<\/span><span>foodstuffs should not be used as a substitute for a healthy diet.<\/span><span>\u00a0<\/span><span>balanced. Do not exceed the recommended daily dose. Follow<\/span><span>\u00a0<\/span><span>the recommendations of professionals before taking this<\/span><span>\u00a0<\/span><span>food supplement. The producer is not responsible for<\/span><span>\u00a0<\/span><span>any damage caused by improper use or storage.<\/span><span>\u00a0<\/span><span>Store at a temperature not exceeding 25\u00b0C in a cool and dry place.<\/span><span>\u00a0<\/span><span>dry, away from sunlight. Batch and Consume preferably before<\/span><span>\u00a0<\/span><span>of the end of: See top of pack.<\/span><\/span><span>\u00a0<\/span><\/p>\n<p><span><span>Store at a temperature not exceeding\u00a0<\/span><span>25\u00baC<\/span><span>\u00a0in a cool, dry place, away from sunlight.<\/span><\/span><span>\u00a0<\/span><\/p>\n<\/p>\n<\/p>\n<p>Batch and Consume preferably before the end of: See top of pack.<\/p>\n<p>Distributed in Spain and Portugal by: Amix Levante SL, C \/ Holanda n \u00ba 23, Almorad\u00ed 03160 \/Alicante\/ Manufactured in the EU.<\/p>\n<p>Formulated and Manufactured Exclusively for: LargeLife Ltd, Enterprise House, 2 Pass Street, Oldham, Manchester, OL9 6HZ, United Kingdom.<\/p>","protected":false},"excerpt":{"rendered":"<p style=\"font-size: 16px\"><strong>Tyrosine from Amix\u00a0<\/strong><span class=\"ContextualSpellingAndGrammarError BCX0 SCXW178608625\">is<\/span><span class=\"NormalTextRun BCX0 SCXW178608625\">\u00a0a\u00a0<\/span><span class=\"NormalTextRun BCX0 SCXW178608625\">food supplement based on\u00a0<\/span><span class=\"NormalTextRun BCX0 SCXW178608625\">non-essential amino acid\u00a0<\/span><span class=\"NormalTextRun BCX0 SCXW178608625\">L-Tyrosine to help combat fatigue and restore energy\u00a0<\/span><\/p>\n<p style=\"font-size: 16px\"><span class=\"NormalTextRun BCX0 SCXW178608625\"><strong>L-Tyrosine<\/strong>\u00a0is one of the 20 amino acids that make up proteins, is involved in the synthesis of thyroid hormones, catecholamines and melanin.<\/span><\/p>\n<ul style=\"font-size: 16px\">\n<li><span class=\"NormalTextRun BCX0 SCXW178608625\">Supports concentration<\/span><\/li>\n<li><span class=\"NormalTextRun BCX0 SCXW178608625\">Helps combat stress<\/span><\/li>\n<li><span class=\"NormalTextRun BCX0 SCXW178608625\">Helps combat fatigue<\/span><\/li>\n<\/ul>","protected":false},"featured_media":20600,"comment_status":"open","ping_status":"closed","template":"","meta":{"inline_featured_image":false},"product_brand":[],"product_cat":[175,210,98],"product_tag":[],"class_list":{"0":"post-20599","1":"product","2":"type-product","3":"status-publish","4":"has-post-thumbnail","6":"product_cat-aminoacidos-2","7":"product_cat-perdida-de-grasa-2","8":"product_cat-suplementacion-online","9":"pa_sa_color_unico-color-unico","10":"pa_sa_talla_unica-talla-unica","12":"first","13":"instock","14":"taxable","15":"shipping-taxable","16":"purchasable","17":"product-type-simple"},"acf":[],"yoast_head":"<!-- This site is optimized with the Yoast SEO plugin v27.1.1 - https:\/\/yoast.com\/product\/yoast-seo-wordpress\/ -->\n<title>Tirosina 120 caps Amix - My Fit Menu<\/title>\n<meta name=\"robots\" content=\"index, follow, max-snippet:-1, max-image-preview:large, max-video-preview:-1\" \/>\n<link rel=\"canonical\" href=\"https:\/\/myfitmenu.es\/en\/sin%20categor\u00eda\/tirosina-120-caps-amix\/\" \/>\n<meta property=\"og:locale\" content=\"en_GB\" \/>\n<meta property=\"og:type\" content=\"article\" \/>\n<meta property=\"og:title\" content=\"Tirosina 120 caps Amix - My Fit Menu\" \/>\n<meta property=\"og:description\" content=\"Tyrosine de Amix\u00a0es\u00a0un\u00a0complemento alimenticio a base del\u00a0amino\u00e1cido no esencial\u00a0L-Tirosina que ayuda a combatir la fatiga y a recuperar la energ\u00eda\u00a0La L-Tirosina\u00a0es uno de los 20 amino\u00e1cidos que forman parte de las prote\u00ednas, interviene en la s\u00edntesis de hormonas tiroideas, catecolaminas, y de la melaninaApoya la concentraci\u00f3nAyuda a combatir el estr\u00e9sAyuda a combatir la fatiga\" \/>\n<meta property=\"og:url\" content=\"https:\/\/myfitmenu.es\/en\/sin categor\u00eda\/tirosina-120-caps-amix\/\" \/>\n<meta property=\"og:site_name\" content=\"My Fit Menu\" \/>\n<meta property=\"article:modified_time\" content=\"2025-10-18T09:29:17+00:00\" \/>\n<meta name=\"twitter:card\" content=\"summary_large_image\" \/>\n<meta name=\"twitter:label1\" content=\"Estimated reading time\" \/>\n\t<meta name=\"twitter:data1\" content=\"2 minutes\" \/>\n<script type=\"application\/ld+json\" class=\"yoast-schema-graph\">{\"@context\":\"https:\/\/schema.org\",\"@graph\":[{\"@type\":\"WebPage\",\"@id\":\"https:\/\/myfitmenu.es\/sin categor\u00eda\/tirosina-120-caps-amix\/\",\"url\":\"https:\/\/myfitmenu.es\/sin categor\u00eda\/tirosina-120-caps-amix\/\",\"name\":\"Tirosina 120 caps Amix - My Fit Menu\",\"isPartOf\":{\"@id\":\"https:\/\/myfitmenu.es\/#website\"},\"primaryImageOfPage\":{\"@id\":\"https:\/\/myfitmenu.es\/sin categor\u00eda\/tirosina-120-caps-amix\/#primaryimage\"},\"image\":{\"@id\":\"https:\/\/myfitmenu.es\/sin categor\u00eda\/tirosina-120-caps-amix\/#primaryimage\"},\"thumbnailUrl\":\"https:\/\/myfitmenu.es\/wp-content\/uploads\/2025\/10\/tyrosine-thumbnail-2000x2000-1.webp\",\"datePublished\":\"2025-10-18T09:29:14+00:00\",\"dateModified\":\"2025-10-18T09:29:17+00:00\",\"breadcrumb\":{\"@id\":\"https:\/\/myfitmenu.es\/sin categor\u00eda\/tirosina-120-caps-amix\/#breadcrumb\"},\"inLanguage\":\"en-GB\",\"potentialAction\":[{\"@type\":\"ReadAction\",\"target\":[\"https:\/\/myfitmenu.es\/sin categor\u00eda\/tirosina-120-caps-amix\/\"]}]},{\"@type\":\"ImageObject\",\"inLanguage\":\"en-GB\",\"@id\":\"https:\/\/myfitmenu.es\/sin categor\u00eda\/tirosina-120-caps-amix\/#primaryimage\",\"url\":\"https:\/\/myfitmenu.es\/wp-content\/uploads\/2025\/10\/tyrosine-thumbnail-2000x2000-1.webp\",\"contentUrl\":\"https:\/\/myfitmenu.es\/wp-content\/uploads\/2025\/10\/tyrosine-thumbnail-2000x2000-1.webp\",\"width\":1100,\"height\":1422},{\"@type\":\"BreadcrumbList\",\"@id\":\"https:\/\/myfitmenu.es\/sin categor\u00eda\/tirosina-120-caps-amix\/#breadcrumb\",\"itemListElement\":[{\"@type\":\"ListItem\",\"position\":1,\"name\":\"Portada\",\"item\":\"https:\/\/myfitmenu.es\/\"},{\"@type\":\"ListItem\",\"position\":2,\"name\":\"Shop\",\"item\":\"http:\/\/myfitmenu.es\/en\/shop\/\"},{\"@type\":\"ListItem\",\"position\":3,\"name\":\"Tirosina 120 caps Amix\"}]},{\"@type\":\"WebSite\",\"@id\":\"https:\/\/myfitmenu.es\/#website\",\"url\":\"https:\/\/myfitmenu.es\/\",\"name\":\"My Fit Menu\",\"description\":\"\",\"potentialAction\":[{\"@type\":\"SearchAction\",\"target\":{\"@type\":\"EntryPoint\",\"urlTemplate\":\"https:\/\/myfitmenu.es\/?s={search_term_string}\"},\"query-input\":{\"@type\":\"PropertyValueSpecification\",\"valueRequired\":true,\"valueName\":\"search_term_string\"}}],\"inLanguage\":\"en-GB\"}]}<\/script>\n<!-- \/ Yoast SEO plugin. -->","yoast_head_json":{"title":"Tirosina 120 caps Amix - My Fit Menu","robots":{"index":"index","follow":"follow","max-snippet":"max-snippet:-1","max-image-preview":"max-image-preview:large","max-video-preview":"max-video-preview:-1"},"canonical":"https:\/\/myfitmenu.es\/en\/sin categor\u00eda\/tirosina-120-caps-amix\/","og_locale":"en_GB","og_type":"article","og_title":"Tirosina 120 caps Amix - My Fit Menu","og_description":"Tyrosine de Amix\u00a0es\u00a0un\u00a0complemento alimenticio a base del\u00a0amino\u00e1cido no esencial\u00a0L-Tirosina que ayuda a combatir la fatiga y a recuperar la energ\u00eda\u00a0La L-Tirosina\u00a0es uno de los 20 amino\u00e1cidos que forman parte de las prote\u00ednas, interviene en la s\u00edntesis de hormonas tiroideas, catecolaminas, y de la melaninaApoya la concentraci\u00f3nAyuda a combatir el estr\u00e9sAyuda a combatir la fatiga","og_url":"https:\/\/myfitmenu.es\/en\/sin categor\u00eda\/tirosina-120-caps-amix\/","og_site_name":"My Fit Menu","article_modified_time":"2025-10-18T09:29:17+00:00","twitter_card":"summary_large_image","twitter_misc":{"Estimated reading time":"2 minutes"},"schema":{"@context":"https:\/\/schema.org","@graph":[{"@type":"WebPage","@id":"https:\/\/myfitmenu.es\/sin categor\u00eda\/tirosina-120-caps-amix\/","url":"https:\/\/myfitmenu.es\/sin categor\u00eda\/tirosina-120-caps-amix\/","name":"Tirosina 120 caps Amix - My Fit Menu","isPartOf":{"@id":"https:\/\/myfitmenu.es\/#website"},"primaryImageOfPage":{"@id":"https:\/\/myfitmenu.es\/sin categor\u00eda\/tirosina-120-caps-amix\/#primaryimage"},"image":{"@id":"https:\/\/myfitmenu.es\/sin categor\u00eda\/tirosina-120-caps-amix\/#primaryimage"},"thumbnailUrl":"https:\/\/myfitmenu.es\/wp-content\/uploads\/2025\/10\/tyrosine-thumbnail-2000x2000-1.webp","datePublished":"2025-10-18T09:29:14+00:00","dateModified":"2025-10-18T09:29:17+00:00","breadcrumb":{"@id":"https:\/\/myfitmenu.es\/sin categor\u00eda\/tirosina-120-caps-amix\/#breadcrumb"},"inLanguage":"en-GB","potentialAction":[{"@type":"ReadAction","target":["https:\/\/myfitmenu.es\/sin categor\u00eda\/tirosina-120-caps-amix\/"]}]},{"@type":"ImageObject","inLanguage":"en-GB","@id":"https:\/\/myfitmenu.es\/sin categor\u00eda\/tirosina-120-caps-amix\/#primaryimage","url":"https:\/\/myfitmenu.es\/wp-content\/uploads\/2025\/10\/tyrosine-thumbnail-2000x2000-1.webp","contentUrl":"https:\/\/myfitmenu.es\/wp-content\/uploads\/2025\/10\/tyrosine-thumbnail-2000x2000-1.webp","width":1100,"height":1422},{"@type":"BreadcrumbList","@id":"https:\/\/myfitmenu.es\/sin categor\u00eda\/tirosina-120-caps-amix\/#breadcrumb","itemListElement":[{"@type":"ListItem","position":1,"name":"Portada","item":"https:\/\/myfitmenu.es\/"},{"@type":"ListItem","position":2,"name":"Shop","item":"http:\/\/myfitmenu.es\/en\/shop\/"},{"@type":"ListItem","position":3,"name":"Tirosina 120 caps Amix"}]},{"@type":"WebSite","@id":"https:\/\/myfitmenu.es\/#website","url":"https:\/\/myfitmenu.es\/","name":"My Fit Menu","description":"","potentialAction":[{"@type":"SearchAction","target":{"@type":"EntryPoint","urlTemplate":"https:\/\/myfitmenu.es\/?s={search_term_string}"},"query-input":{"@type":"PropertyValueSpecification","valueRequired":true,"valueName":"search_term_string"}}],"inLanguage":"en-GB"}]}},"_links":{"self":[{"href":"http:\/\/myfitmenu.es\/en\/wp-json\/wp\/v2\/product\/20599","targetHints":{"allow":["GET"]}}],"collection":[{"href":"http:\/\/myfitmenu.es\/en\/wp-json\/wp\/v2\/product"}],"about":[{"href":"http:\/\/myfitmenu.es\/en\/wp-json\/wp\/v2\/types\/product"}],"replies":[{"embeddable":true,"href":"http:\/\/myfitmenu.es\/en\/wp-json\/wp\/v2\/comments?post=20599"}],"version-history":[{"count":0,"href":"http:\/\/myfitmenu.es\/en\/wp-json\/wp\/v2\/product\/20599\/revisions"}],"wp:featuredmedia":[{"embeddable":true,"href":"http:\/\/myfitmenu.es\/en\/wp-json\/wp\/v2\/media\/20600"}],"wp:attachment":[{"href":"http:\/\/myfitmenu.es\/en\/wp-json\/wp\/v2\/media?parent=20599"}],"wp:term":[{"taxonomy":"product_brand","embeddable":true,"href":"http:\/\/myfitmenu.es\/en\/wp-json\/wp\/v2\/product_brand?post=20599"},{"taxonomy":"product_cat","embeddable":true,"href":"http:\/\/myfitmenu.es\/en\/wp-json\/wp\/v2\/product_cat?post=20599"},{"taxonomy":"product_tag","embeddable":true,"href":"http:\/\/myfitmenu.es\/en\/wp-json\/wp\/v2\/product_tag?post=20599"}],"curies":[{"name":"wp","href":"https:\/\/api.w.org\/{rel}","templated":true}]}}