{"id":20078,"date":"2025-04-14T15:41:57","date_gmt":"2025-04-14T15:41:57","guid":{"rendered":"https:\/\/myfitmenu.es\/sin%20categor\u00eda\/citrulina-210-gr-ostrovit\/"},"modified":"2025-08-18T11:22:28","modified_gmt":"2025-08-18T11:22:28","slug":"citrulina-210-gr-ostrovit","status":"publish","type":"product","link":"http:\/\/myfitmenu.es\/en\/suplementacion-online\/citrulina-210-gr-ostrovit\/","title":{"rendered":"Citrulline 210 g Ostrovit"},"content":{"rendered":"<p>Source of citrulline: one serving of the dietary supplement provides the body with 2790 mg of citrulline malate.<br \/>Delicious flavour variant: this orange dietary supplement delights the palate.<br \/>No added sugars: the product contains low-energy sweeteners, which helps to reduce the calorie content of the diet.<\/p>\n<p>1 portion = \u00bd tablespoon = 3 g.<\/p>\n<p>Efficacy: the pack contains 70 portions.<\/p>\n<p>Practical presentation: the dietary supplement, available in powder form, ensures uncomplicated delivery and is perfect for people who have difficulty swallowing tablets.<\/p>\n<p>Citrulline is an organic chemical compound classified as a non-protein amino acid, derived from ornithine. It is a substance which, together with L-arginine and L-ornithine, is involved in the urea cycle, also known as the Krebs cycle. Citrulline is considered an endogenous amino acid which is formed in the human body by natural synthesis. Its name comes from the Latin citrullus, meaning watermelon, because the first food from which this amino acid was isolated was watermelon, the main source of this compound in the human diet. Citrulline is also found in melons, pumpkins and cucumbers.<\/p>\n<p>OstroVit uses citrulline malate, a compound distinguished by its excellent bioavailability and ergogenicity, which has a positive impact on the quality of the preparation and the effectiveness of supplementation.<\/p>\n<p>The product possesses strong hygroscopic properties (absorbs moisture considerably). The formation of lumps or a uniform (compact) consistency does not indicate a loss of product properties. In this case, regrinding is necessary.<\/p>","protected":false},"excerpt":{"rendered":"<p>OstroVit Citrulline is a high-quality dietary supplement containing citrulline malate. It is a preparation with a refreshing orange flavour, available in a convenient powder form with no added sugar. It is a product created for athletes and physically active people who wish to supplement their diet with valuable compounds.<\/p>","protected":false},"featured_media":20079,"comment_status":"open","ping_status":"closed","template":"","meta":{"inline_featured_image":false},"product_brand":[],"product_cat":[194,98],"product_tag":[],"class_list":{"0":"post-20078","1":"product","2":"type-product","3":"status-publish","4":"has-post-thumbnail","6":"product_cat-pre-entreno-2","7":"product_cat-suplementacion-online","8":"pa_sa_color_unico-arandanos","9":"pa_sa_color_unico-strawberry","10":"pa_sa_talla_unica-talla-unica","12":"first","13":"outofstock","14":"purchasable","15":"product-type-variable"},"acf":[],"yoast_head":"<!-- This site is optimized with the Yoast SEO plugin v27.1.1 - https:\/\/yoast.com\/product\/yoast-seo-wordpress\/ -->\n<title>Citrulina 210 gr Ostrovit - My Fit Menu<\/title>\n<meta name=\"robots\" content=\"index, follow, max-snippet:-1, max-image-preview:large, max-video-preview:-1\" \/>\n<link rel=\"canonical\" href=\"https:\/\/myfitmenu.es\/en\/pre-entreno-2\/citrulina-210-gr-ostrovit\/\" \/>\n<meta property=\"og:locale\" content=\"en_GB\" \/>\n<meta property=\"og:type\" content=\"article\" \/>\n<meta property=\"og:title\" content=\"Citrulina 210 gr Ostrovit - My Fit Menu\" \/>\n<meta property=\"og:description\" content=\"OstroVit Citrulina es un suplemento diet\u00e9tico de alta calidad que contiene malato de citrulina. Es una preparaci\u00f3n con un refrescante sabor a naranja, disponible en un pr\u00e1ctico formato en polvo sin az\u00facar a\u00f1adido. Es un producto creado para deportistas y personas f\u00edsicamente activas que desean complementar su dieta con compuestos valiosos.\" \/>\n<meta property=\"og:url\" content=\"https:\/\/myfitmenu.es\/en\/pre-entreno-2\/citrulina-210-gr-ostrovit\/\" \/>\n<meta property=\"og:site_name\" content=\"My Fit Menu\" \/>\n<meta property=\"article:modified_time\" content=\"2025-08-18T11:22:28+00:00\" \/>\n<meta property=\"og:image\" content=\"https:\/\/myfitmenu.es\/wp-content\/uploads\/2025\/04\/eng_pl_OstroVit-Citrulline-210-g-7396_1-thumbnail-2000x2000-1.png\" \/>\n\t<meta property=\"og:image:width\" content=\"1000\" \/>\n\t<meta property=\"og:image:height\" content=\"1000\" \/>\n\t<meta property=\"og:image:type\" content=\"image\/png\" \/>\n<meta name=\"twitter:card\" content=\"summary_large_image\" \/>\n<meta name=\"twitter:label1\" content=\"Estimated reading time\" \/>\n\t<meta name=\"twitter:data1\" content=\"1 minute\" \/>\n<script type=\"application\/ld+json\" class=\"yoast-schema-graph\">{\"@context\":\"https:\/\/schema.org\",\"@graph\":[{\"@type\":\"WebPage\",\"@id\":\"https:\/\/myfitmenu.es\/pre-entreno-2\/citrulina-210-gr-ostrovit\/\",\"url\":\"https:\/\/myfitmenu.es\/pre-entreno-2\/citrulina-210-gr-ostrovit\/\",\"name\":\"Citrulina 210 gr Ostrovit - My Fit Menu\",\"isPartOf\":{\"@id\":\"https:\/\/myfitmenu.es\/#website\"},\"primaryImageOfPage\":{\"@id\":\"https:\/\/myfitmenu.es\/pre-entreno-2\/citrulina-210-gr-ostrovit\/#primaryimage\"},\"image\":{\"@id\":\"https:\/\/myfitmenu.es\/pre-entreno-2\/citrulina-210-gr-ostrovit\/#primaryimage\"},\"thumbnailUrl\":\"https:\/\/myfitmenu.es\/wp-content\/uploads\/2025\/04\/eng_pl_OstroVit-Citrulline-210-g-7396_1-thumbnail-2000x2000-1.png\",\"datePublished\":\"2025-04-14T15:41:57+00:00\",\"dateModified\":\"2025-08-18T11:22:28+00:00\",\"breadcrumb\":{\"@id\":\"https:\/\/myfitmenu.es\/pre-entreno-2\/citrulina-210-gr-ostrovit\/#breadcrumb\"},\"inLanguage\":\"en-GB\",\"potentialAction\":[{\"@type\":\"ReadAction\",\"target\":[\"https:\/\/myfitmenu.es\/pre-entreno-2\/citrulina-210-gr-ostrovit\/\"]}]},{\"@type\":\"ImageObject\",\"inLanguage\":\"en-GB\",\"@id\":\"https:\/\/myfitmenu.es\/pre-entreno-2\/citrulina-210-gr-ostrovit\/#primaryimage\",\"url\":\"https:\/\/myfitmenu.es\/wp-content\/uploads\/2025\/04\/eng_pl_OstroVit-Citrulline-210-g-7396_1-thumbnail-2000x2000-1.png\",\"contentUrl\":\"https:\/\/myfitmenu.es\/wp-content\/uploads\/2025\/04\/eng_pl_OstroVit-Citrulline-210-g-7396_1-thumbnail-2000x2000-1.png\",\"width\":1000,\"height\":1000},{\"@type\":\"BreadcrumbList\",\"@id\":\"https:\/\/myfitmenu.es\/pre-entreno-2\/citrulina-210-gr-ostrovit\/#breadcrumb\",\"itemListElement\":[{\"@type\":\"ListItem\",\"position\":1,\"name\":\"Portada\",\"item\":\"https:\/\/myfitmenu.es\/\"},{\"@type\":\"ListItem\",\"position\":2,\"name\":\"Shop\",\"item\":\"http:\/\/myfitmenu.es\/en\/shop\/\"},{\"@type\":\"ListItem\",\"position\":3,\"name\":\"Citrulina 210 gr Ostrovit\"}]},{\"@type\":\"WebSite\",\"@id\":\"https:\/\/myfitmenu.es\/#website\",\"url\":\"https:\/\/myfitmenu.es\/\",\"name\":\"My Fit Menu\",\"description\":\"\",\"potentialAction\":[{\"@type\":\"SearchAction\",\"target\":{\"@type\":\"EntryPoint\",\"urlTemplate\":\"https:\/\/myfitmenu.es\/?s={search_term_string}\"},\"query-input\":{\"@type\":\"PropertyValueSpecification\",\"valueRequired\":true,\"valueName\":\"search_term_string\"}}],\"inLanguage\":\"en-GB\"}]}<\/script>\n<!-- \/ Yoast SEO plugin. -->","yoast_head_json":{"title":"Citrulina 210 gr Ostrovit - My Fit Menu","robots":{"index":"index","follow":"follow","max-snippet":"max-snippet:-1","max-image-preview":"max-image-preview:large","max-video-preview":"max-video-preview:-1"},"canonical":"https:\/\/myfitmenu.es\/en\/pre-entreno-2\/citrulina-210-gr-ostrovit\/","og_locale":"en_GB","og_type":"article","og_title":"Citrulina 210 gr Ostrovit - My Fit Menu","og_description":"OstroVit Citrulina es un suplemento diet\u00e9tico de alta calidad que contiene malato de citrulina. Es una preparaci\u00f3n con un refrescante sabor a naranja, disponible en un pr\u00e1ctico formato en polvo sin az\u00facar a\u00f1adido. Es un producto creado para deportistas y personas f\u00edsicamente activas que desean complementar su dieta con compuestos valiosos.","og_url":"https:\/\/myfitmenu.es\/en\/pre-entreno-2\/citrulina-210-gr-ostrovit\/","og_site_name":"My Fit Menu","article_modified_time":"2025-08-18T11:22:28+00:00","og_image":[{"width":1000,"height":1000,"url":"https:\/\/myfitmenu.es\/wp-content\/uploads\/2025\/04\/eng_pl_OstroVit-Citrulline-210-g-7396_1-thumbnail-2000x2000-1.png","type":"image\/png"}],"twitter_card":"summary_large_image","twitter_misc":{"Estimated reading time":"1 minute"},"schema":{"@context":"https:\/\/schema.org","@graph":[{"@type":"WebPage","@id":"https:\/\/myfitmenu.es\/pre-entreno-2\/citrulina-210-gr-ostrovit\/","url":"https:\/\/myfitmenu.es\/pre-entreno-2\/citrulina-210-gr-ostrovit\/","name":"Citrulina 210 gr Ostrovit - My Fit Menu","isPartOf":{"@id":"https:\/\/myfitmenu.es\/#website"},"primaryImageOfPage":{"@id":"https:\/\/myfitmenu.es\/pre-entreno-2\/citrulina-210-gr-ostrovit\/#primaryimage"},"image":{"@id":"https:\/\/myfitmenu.es\/pre-entreno-2\/citrulina-210-gr-ostrovit\/#primaryimage"},"thumbnailUrl":"https:\/\/myfitmenu.es\/wp-content\/uploads\/2025\/04\/eng_pl_OstroVit-Citrulline-210-g-7396_1-thumbnail-2000x2000-1.png","datePublished":"2025-04-14T15:41:57+00:00","dateModified":"2025-08-18T11:22:28+00:00","breadcrumb":{"@id":"https:\/\/myfitmenu.es\/pre-entreno-2\/citrulina-210-gr-ostrovit\/#breadcrumb"},"inLanguage":"en-GB","potentialAction":[{"@type":"ReadAction","target":["https:\/\/myfitmenu.es\/pre-entreno-2\/citrulina-210-gr-ostrovit\/"]}]},{"@type":"ImageObject","inLanguage":"en-GB","@id":"https:\/\/myfitmenu.es\/pre-entreno-2\/citrulina-210-gr-ostrovit\/#primaryimage","url":"https:\/\/myfitmenu.es\/wp-content\/uploads\/2025\/04\/eng_pl_OstroVit-Citrulline-210-g-7396_1-thumbnail-2000x2000-1.png","contentUrl":"https:\/\/myfitmenu.es\/wp-content\/uploads\/2025\/04\/eng_pl_OstroVit-Citrulline-210-g-7396_1-thumbnail-2000x2000-1.png","width":1000,"height":1000},{"@type":"BreadcrumbList","@id":"https:\/\/myfitmenu.es\/pre-entreno-2\/citrulina-210-gr-ostrovit\/#breadcrumb","itemListElement":[{"@type":"ListItem","position":1,"name":"Portada","item":"https:\/\/myfitmenu.es\/"},{"@type":"ListItem","position":2,"name":"Shop","item":"http:\/\/myfitmenu.es\/en\/shop\/"},{"@type":"ListItem","position":3,"name":"Citrulina 210 gr Ostrovit"}]},{"@type":"WebSite","@id":"https:\/\/myfitmenu.es\/#website","url":"https:\/\/myfitmenu.es\/","name":"My Fit Menu","description":"","potentialAction":[{"@type":"SearchAction","target":{"@type":"EntryPoint","urlTemplate":"https:\/\/myfitmenu.es\/?s={search_term_string}"},"query-input":{"@type":"PropertyValueSpecification","valueRequired":true,"valueName":"search_term_string"}}],"inLanguage":"en-GB"}]}},"_links":{"self":[{"href":"http:\/\/myfitmenu.es\/en\/wp-json\/wp\/v2\/product\/20078","targetHints":{"allow":["GET"]}}],"collection":[{"href":"http:\/\/myfitmenu.es\/en\/wp-json\/wp\/v2\/product"}],"about":[{"href":"http:\/\/myfitmenu.es\/en\/wp-json\/wp\/v2\/types\/product"}],"replies":[{"embeddable":true,"href":"http:\/\/myfitmenu.es\/en\/wp-json\/wp\/v2\/comments?post=20078"}],"version-history":[{"count":1,"href":"http:\/\/myfitmenu.es\/en\/wp-json\/wp\/v2\/product\/20078\/revisions"}],"predecessor-version":[{"id":20207,"href":"http:\/\/myfitmenu.es\/en\/wp-json\/wp\/v2\/product\/20078\/revisions\/20207"}],"wp:featuredmedia":[{"embeddable":true,"href":"http:\/\/myfitmenu.es\/en\/wp-json\/wp\/v2\/media\/20079"}],"wp:attachment":[{"href":"http:\/\/myfitmenu.es\/en\/wp-json\/wp\/v2\/media?parent=20078"}],"wp:term":[{"taxonomy":"product_brand","embeddable":true,"href":"http:\/\/myfitmenu.es\/en\/wp-json\/wp\/v2\/product_brand?post=20078"},{"taxonomy":"product_cat","embeddable":true,"href":"http:\/\/myfitmenu.es\/en\/wp-json\/wp\/v2\/product_cat?post=20078"},{"taxonomy":"product_tag","embeddable":true,"href":"http:\/\/myfitmenu.es\/en\/wp-json\/wp\/v2\/product_tag?post=20078"}],"curies":[{"name":"wp","href":"https:\/\/api.w.org\/{rel}","templated":true}]}}