{"id":20034,"date":"2025-04-10T16:07:35","date_gmt":"2025-04-10T16:07:35","guid":{"rendered":"https:\/\/myfitmenu.es\/sin%20categor\u00eda\/omega-3-extreme-90-caps-ostrovit\/"},"modified":"2026-01-10T13:14:52","modified_gmt":"2026-01-10T13:14:52","slug":"omega-3-extreme-90-caps-ostrovit","status":"publish","type":"product","link":"http:\/\/myfitmenu.es\/en\/suplementacion-online\/omega-3-extreme-90-caps-ostrovit\/","title":{"rendered":"Omega 3 Extreme 90 caps Ostrovit"},"content":{"rendered":"<p><span>Exceptional amount of 1000 mg of fish oil in each serving of the product.<\/span><\/p>\n<p><span>High in essential fatty acids: up to 500 mg of eicosapentaenoic acid (EPA) and 250 mg of docosahexaenoic acid (DHA) per serving of supplement.<\/span><\/p>\n<p><span>1 serving = 1 capsule.<\/span><\/p>\n<p><span>Easy-to-swallow soft capsules.<\/span><\/p>\n<p><span>Omega-3 fatty acids - essential fatty acids (EFAs)<\/span><\/p>\n<p><span>Omega-3 fatty acids are essential polyunsaturated fatty acids, including eicosapentaenoic acid (EPA) and docosahexaenoic acid (DHA). They occur naturally in foods such as oily fish, shellfish and caviar.<\/span><\/p>\n<p><\/p>\n<p><\/p>\n<p><\/p>","protected":false},"excerpt":{"rendered":"<p><span>OstroVit Omega 3 Extreme 90 capsules is a dietary supplement that provides the body with up to 1000 mg of fish oil per serving. It is also an important source of valuable unsaturated fatty acids such as eicosapentaenoic acid (EPA) and docosahexaenoic acid (DHA). OstroVit Omega 3 Extreme 90 capsules come in easy-to-swallow softgels, which last for up to 3 months of regular supplementation.<\/span><\/p>\n<p><\/p>\n<p><\/p>\n<p><\/p>","protected":false},"featured_media":20035,"comment_status":"open","ping_status":"closed","template":"","meta":{"inline_featured_image":false},"product_brand":[],"product_cat":[370,368,98],"product_tag":[],"class_list":{"0":"post-20034","1":"product","2":"type-product","3":"status-publish","4":"has-post-thumbnail","6":"product_cat-acidos-grasos","7":"product_cat-omega-3","8":"product_cat-suplementacion-online","9":"pa_sa_color_unico-180-caps","10":"pa_sa_color_unico-90-caps","11":"pa_sa_talla_unica-talla-unica","13":"first","14":"outofstock","15":"purchasable","16":"product-type-variable"},"acf":[],"yoast_head":"<!-- This site is optimized with the Yoast SEO plugin v27.1.1 - https:\/\/yoast.com\/product\/yoast-seo-wordpress\/ -->\n<title>Omega 3 Extreme 90 caps Ostrovit - My Fit Menu<\/title>\n<meta name=\"robots\" content=\"index, follow, max-snippet:-1, max-image-preview:large, max-video-preview:-1\" \/>\n<link rel=\"canonical\" href=\"https:\/\/myfitmenu.es\/en\/acidos-grasos\/omega-3-extreme-90-caps-ostrovit\/\" \/>\n<meta property=\"og:locale\" content=\"en_GB\" \/>\n<meta property=\"og:type\" content=\"article\" \/>\n<meta property=\"og:title\" content=\"Omega 3 Extreme 90 caps Ostrovit - My Fit Menu\" \/>\n<meta property=\"og:description\" content=\"OstroVit Omega 3 Extreme 90 c\u00e1psulas es un suplemento diet\u00e9tico que aporta al organismo hasta 1000 mg de aceite de pescado por raci\u00f3n. Adem\u00e1s, es una fuente importante de \u00e1cidos grasos insaturados valiosos, como el \u00e1cido eicosapentaenoico (EPA) y el \u00e1cido docosahexaenoico (DHA). OstroVit Omega 3 Extreme 90 c\u00e1psulas se presenta en c\u00e1psulas blandas f\u00e1ciles de tragar, con una duraci\u00f3n de hasta 3 meses de suplementaci\u00f3n regular.\" \/>\n<meta property=\"og:url\" content=\"https:\/\/myfitmenu.es\/en\/acidos-grasos\/omega-3-extreme-90-caps-ostrovit\/\" \/>\n<meta property=\"og:site_name\" content=\"My Fit Menu\" \/>\n<meta property=\"article:modified_time\" content=\"2026-01-10T13:14:52+00:00\" \/>\n<meta property=\"og:image\" content=\"https:\/\/myfitmenu.es\/wp-content\/uploads\/2025\/04\/10042025160814.omega3extreme-thumbnail-2000x2000-80.jpg\" \/>\n\t<meta property=\"og:image:width\" content=\"600\" \/>\n\t<meta property=\"og:image:height\" content=\"600\" \/>\n\t<meta property=\"og:image:type\" content=\"image\/jpeg\" \/>\n<meta name=\"twitter:card\" content=\"summary_large_image\" \/>\n<script type=\"application\/ld+json\" class=\"yoast-schema-graph\">{\"@context\":\"https:\/\/schema.org\",\"@graph\":[{\"@type\":\"WebPage\",\"@id\":\"https:\/\/myfitmenu.es\/acidos-grasos\/omega-3-extreme-90-caps-ostrovit\/\",\"url\":\"https:\/\/myfitmenu.es\/acidos-grasos\/omega-3-extreme-90-caps-ostrovit\/\",\"name\":\"Omega 3 Extreme 90 caps Ostrovit - My Fit Menu\",\"isPartOf\":{\"@id\":\"https:\/\/myfitmenu.es\/#website\"},\"primaryImageOfPage\":{\"@id\":\"https:\/\/myfitmenu.es\/acidos-grasos\/omega-3-extreme-90-caps-ostrovit\/#primaryimage\"},\"image\":{\"@id\":\"https:\/\/myfitmenu.es\/acidos-grasos\/omega-3-extreme-90-caps-ostrovit\/#primaryimage\"},\"thumbnailUrl\":\"https:\/\/myfitmenu.es\/wp-content\/uploads\/2025\/04\/10042025160814.omega3extreme-thumbnail-2000x2000-80.jpg\",\"datePublished\":\"2025-04-10T16:07:35+00:00\",\"dateModified\":\"2026-01-10T13:14:52+00:00\",\"breadcrumb\":{\"@id\":\"https:\/\/myfitmenu.es\/acidos-grasos\/omega-3-extreme-90-caps-ostrovit\/#breadcrumb\"},\"inLanguage\":\"en-GB\",\"potentialAction\":[{\"@type\":\"ReadAction\",\"target\":[\"https:\/\/myfitmenu.es\/acidos-grasos\/omega-3-extreme-90-caps-ostrovit\/\"]}]},{\"@type\":\"ImageObject\",\"inLanguage\":\"en-GB\",\"@id\":\"https:\/\/myfitmenu.es\/acidos-grasos\/omega-3-extreme-90-caps-ostrovit\/#primaryimage\",\"url\":\"https:\/\/myfitmenu.es\/wp-content\/uploads\/2025\/04\/10042025160814.omega3extreme-thumbnail-2000x2000-80.jpg\",\"contentUrl\":\"https:\/\/myfitmenu.es\/wp-content\/uploads\/2025\/04\/10042025160814.omega3extreme-thumbnail-2000x2000-80.jpg\",\"width\":600,\"height\":600},{\"@type\":\"BreadcrumbList\",\"@id\":\"https:\/\/myfitmenu.es\/acidos-grasos\/omega-3-extreme-90-caps-ostrovit\/#breadcrumb\",\"itemListElement\":[{\"@type\":\"ListItem\",\"position\":1,\"name\":\"Portada\",\"item\":\"https:\/\/myfitmenu.es\/\"},{\"@type\":\"ListItem\",\"position\":2,\"name\":\"Shop\",\"item\":\"http:\/\/myfitmenu.es\/en\/shop\/\"},{\"@type\":\"ListItem\",\"position\":3,\"name\":\"Omega 3 Extreme 90 caps Ostrovit\"}]},{\"@type\":\"WebSite\",\"@id\":\"https:\/\/myfitmenu.es\/#website\",\"url\":\"https:\/\/myfitmenu.es\/\",\"name\":\"My Fit Menu\",\"description\":\"\",\"potentialAction\":[{\"@type\":\"SearchAction\",\"target\":{\"@type\":\"EntryPoint\",\"urlTemplate\":\"https:\/\/myfitmenu.es\/?s={search_term_string}\"},\"query-input\":{\"@type\":\"PropertyValueSpecification\",\"valueRequired\":true,\"valueName\":\"search_term_string\"}}],\"inLanguage\":\"en-GB\"}]}<\/script>\n<!-- \/ Yoast SEO plugin. -->","yoast_head_json":{"title":"Omega 3 Extreme 90 caps Ostrovit - My Fit Menu","robots":{"index":"index","follow":"follow","max-snippet":"max-snippet:-1","max-image-preview":"max-image-preview:large","max-video-preview":"max-video-preview:-1"},"canonical":"https:\/\/myfitmenu.es\/en\/acidos-grasos\/omega-3-extreme-90-caps-ostrovit\/","og_locale":"en_GB","og_type":"article","og_title":"Omega 3 Extreme 90 caps Ostrovit - My Fit Menu","og_description":"OstroVit Omega 3 Extreme 90 c\u00e1psulas es un suplemento diet\u00e9tico que aporta al organismo hasta 1000 mg de aceite de pescado por raci\u00f3n. Adem\u00e1s, es una fuente importante de \u00e1cidos grasos insaturados valiosos, como el \u00e1cido eicosapentaenoico (EPA) y el \u00e1cido docosahexaenoico (DHA). OstroVit Omega 3 Extreme 90 c\u00e1psulas se presenta en c\u00e1psulas blandas f\u00e1ciles de tragar, con una duraci\u00f3n de hasta 3 meses de suplementaci\u00f3n regular.","og_url":"https:\/\/myfitmenu.es\/en\/acidos-grasos\/omega-3-extreme-90-caps-ostrovit\/","og_site_name":"My Fit Menu","article_modified_time":"2026-01-10T13:14:52+00:00","og_image":[{"width":600,"height":600,"url":"https:\/\/myfitmenu.es\/wp-content\/uploads\/2025\/04\/10042025160814.omega3extreme-thumbnail-2000x2000-80.jpg","type":"image\/jpeg"}],"twitter_card":"summary_large_image","schema":{"@context":"https:\/\/schema.org","@graph":[{"@type":"WebPage","@id":"https:\/\/myfitmenu.es\/acidos-grasos\/omega-3-extreme-90-caps-ostrovit\/","url":"https:\/\/myfitmenu.es\/acidos-grasos\/omega-3-extreme-90-caps-ostrovit\/","name":"Omega 3 Extreme 90 caps Ostrovit - My Fit Menu","isPartOf":{"@id":"https:\/\/myfitmenu.es\/#website"},"primaryImageOfPage":{"@id":"https:\/\/myfitmenu.es\/acidos-grasos\/omega-3-extreme-90-caps-ostrovit\/#primaryimage"},"image":{"@id":"https:\/\/myfitmenu.es\/acidos-grasos\/omega-3-extreme-90-caps-ostrovit\/#primaryimage"},"thumbnailUrl":"https:\/\/myfitmenu.es\/wp-content\/uploads\/2025\/04\/10042025160814.omega3extreme-thumbnail-2000x2000-80.jpg","datePublished":"2025-04-10T16:07:35+00:00","dateModified":"2026-01-10T13:14:52+00:00","breadcrumb":{"@id":"https:\/\/myfitmenu.es\/acidos-grasos\/omega-3-extreme-90-caps-ostrovit\/#breadcrumb"},"inLanguage":"en-GB","potentialAction":[{"@type":"ReadAction","target":["https:\/\/myfitmenu.es\/acidos-grasos\/omega-3-extreme-90-caps-ostrovit\/"]}]},{"@type":"ImageObject","inLanguage":"en-GB","@id":"https:\/\/myfitmenu.es\/acidos-grasos\/omega-3-extreme-90-caps-ostrovit\/#primaryimage","url":"https:\/\/myfitmenu.es\/wp-content\/uploads\/2025\/04\/10042025160814.omega3extreme-thumbnail-2000x2000-80.jpg","contentUrl":"https:\/\/myfitmenu.es\/wp-content\/uploads\/2025\/04\/10042025160814.omega3extreme-thumbnail-2000x2000-80.jpg","width":600,"height":600},{"@type":"BreadcrumbList","@id":"https:\/\/myfitmenu.es\/acidos-grasos\/omega-3-extreme-90-caps-ostrovit\/#breadcrumb","itemListElement":[{"@type":"ListItem","position":1,"name":"Portada","item":"https:\/\/myfitmenu.es\/"},{"@type":"ListItem","position":2,"name":"Shop","item":"http:\/\/myfitmenu.es\/en\/shop\/"},{"@type":"ListItem","position":3,"name":"Omega 3 Extreme 90 caps Ostrovit"}]},{"@type":"WebSite","@id":"https:\/\/myfitmenu.es\/#website","url":"https:\/\/myfitmenu.es\/","name":"My Fit Menu","description":"","potentialAction":[{"@type":"SearchAction","target":{"@type":"EntryPoint","urlTemplate":"https:\/\/myfitmenu.es\/?s={search_term_string}"},"query-input":{"@type":"PropertyValueSpecification","valueRequired":true,"valueName":"search_term_string"}}],"inLanguage":"en-GB"}]}},"_links":{"self":[{"href":"http:\/\/myfitmenu.es\/en\/wp-json\/wp\/v2\/product\/20034","targetHints":{"allow":["GET"]}}],"collection":[{"href":"http:\/\/myfitmenu.es\/en\/wp-json\/wp\/v2\/product"}],"about":[{"href":"http:\/\/myfitmenu.es\/en\/wp-json\/wp\/v2\/types\/product"}],"replies":[{"embeddable":true,"href":"http:\/\/myfitmenu.es\/en\/wp-json\/wp\/v2\/comments?post=20034"}],"version-history":[{"count":1,"href":"http:\/\/myfitmenu.es\/en\/wp-json\/wp\/v2\/product\/20034\/revisions"}],"predecessor-version":[{"id":20216,"href":"http:\/\/myfitmenu.es\/en\/wp-json\/wp\/v2\/product\/20034\/revisions\/20216"}],"wp:featuredmedia":[{"embeddable":true,"href":"http:\/\/myfitmenu.es\/en\/wp-json\/wp\/v2\/media\/20035"}],"wp:attachment":[{"href":"http:\/\/myfitmenu.es\/en\/wp-json\/wp\/v2\/media?parent=20034"}],"wp:term":[{"taxonomy":"product_brand","embeddable":true,"href":"http:\/\/myfitmenu.es\/en\/wp-json\/wp\/v2\/product_brand?post=20034"},{"taxonomy":"product_cat","embeddable":true,"href":"http:\/\/myfitmenu.es\/en\/wp-json\/wp\/v2\/product_cat?post=20034"},{"taxonomy":"product_tag","embeddable":true,"href":"http:\/\/myfitmenu.es\/en\/wp-json\/wp\/v2\/product_tag?post=20034"}],"curies":[{"name":"wp","href":"https:\/\/api.w.org\/{rel}","templated":true}]}}